{"id":196,"date":"2020-12-23T13:45:30","date_gmt":"2020-12-23T12:45:30","guid":{"rendered":"https:\/\/demistrecords.nl\/?page_id=196"},"modified":"2021-03-15T12:26:07","modified_gmt":"2021-03-15T11:26:07","slug":"algemene-voorwaarden","status":"publish","type":"page","link":"https:\/\/demistrecords.nl\/de\/algemene-voorwaarden\/","title":{"rendered":"Gesch\u00e4ftsbedingungen"},"content":{"rendered":"<p>Der Versand innerhalb der Niederlande und Deutschlands (nach Abrechnung mit Rabattgutscheinen) ist ab einem Bestellwert von 75,00 \u20ac versandkostenfrei. Wir berechnen Versandkosten f\u00fcr Bestellungen mit einem niedrigeren Bestellwert.<\/p>\r\n\r\n\r\n\r\n<p>Alle Bestellungen werden mit gr\u00f6\u00dfter Sorgfalt verpackt, um Transportsch\u00e4den so weit wie m\u00f6glich zu vermeiden. Der Transport birgt jedoch das Risiko einer Besch\u00e4digung. In dem unwahrscheinlichen Fall, dass w\u00e4hrend des Transports etwas mit der Sendung schief gehen sollte, k\u00f6nnen wir leider keine Verantwortung daf\u00fcr \u00fcbernehmen und k\u00f6nnen leider auch keine Ersatzsendung liefern.<\/p>\r\n\r\n\r\n\r\n<p>Wir k\u00f6nnen Bestellungen, die Vorbestellungen oder nicht vorr\u00e4tige Artikel enthalten, nicht in mehrere Sendungen aufteilen. In diesem Fall wird Ihre gesamte Bestellung erst nach Abschluss versendet. Wenn Sie bestimmte Artikel dennoch fr\u00fcher erhalten m\u00f6chten, empfehlen wir Ihnen, separate Bestellungen f\u00fcr sie aufzugeben. Beachten Sie jedoch, dass die Versandkosten pro Bestellung berechnet werden. Sollten wir noch ausstehende Bestellungen zusammen mit sp\u00e4teren Bestellungen versenden k\u00f6nnen, werden die \u00fcberbezahlten Versandkosten selbstverst\u00e4ndlich erstattet.<\/p>\r\n\r\n\r\n\r\n<p>Es k\u00f6nnen nur versiegelte und unge\u00f6ffnete Artikel zur\u00fcckgegeben werden. Die R\u00fccksendekosten gehen zu Ihren Lasten. Nur die Kosten des Artikels (einschlie\u00dflich der erhaltenen Rabatte) werden von uns erstattet, sofern der Artikel unbesch\u00e4digt an uns zur\u00fcckgesandt wird. Versandkosten werden von uns niemals erstattet.<\/p>\r\n\r\n\r\n\r\n<p>Bei Fragen k\u00f6nnen Sie uns am besten per E-mail kontaktieren: <a href=\"mailto:shop@demistrecords.nl\" rel=\"nofollow\">shop@demistrecords.nl<\/a>.<\/p>\r\n\r\n\r\n\r\n<p>De Mist Records<br \/>t.a.v. Niels de Roo<br \/>De Kroon 194<br \/>7904 KZ Hoogeveen<br \/>Niederlanden<\/p>\r\n<p>+31-628-403463<\/p>","protected":false},"excerpt":{"rendered":"<p>Verzending is gratis binnen Nederland en Duitsland (na verrekening met kortingscoupons) voor bestellingen vanaf \u20ac 75,00. Voor bestellingen met een lagere orderwaarde, berekenen we verzendkosten. Alle bestellingen worden met de grootste zorg ingepakt om beschadigingen tijdens het transport zo veel als mogelijk te voorkomen. Het transport neemt echter risico\u2019s op beschadigingen met zich mee.\u00a0 Mocht [&#8230;]\n","protected":false},"author":1,"featured_media":0,"parent":0,"menu_order":0,"comment_status":"closed","ping_status":"closed","template":"page-blank-title-center.php","meta":{"footnotes":""},"class_list":["post-196","page","type-page","status-publish","hentry"],"yoast_head":"<!-- This site is optimized with the Yoast SEO plugin v27.3 - https:\/\/yoast.com\/product\/yoast-seo-wordpress\/ -->\n<title>Algemene voorwaarden - De Mist Records<\/title>\n<meta name=\"robots\" content=\"index, follow, max-snippet:-1, max-image-preview:large, max-video-preview:-1\" \/>\n<link rel=\"canonical\" href=\"https:\/\/demistrecords.nl\/de\/algemene-voorwaarden\/\" \/>\n<meta property=\"og:locale\" content=\"de_DE\" \/>\n<meta property=\"og:type\" content=\"article\" \/>\n<meta property=\"og:title\" content=\"Algemene voorwaarden - De Mist Records\" \/>\n<meta property=\"og:description\" content=\"Verzending is gratis binnen Nederland en Duitsland (na verrekening met kortingscoupons) voor bestellingen vanaf \u20ac 75,00. Voor bestellingen met een lagere orderwaarde, berekenen we verzendkosten. Alle bestellingen worden met de grootste zorg ingepakt om beschadigingen tijdens het transport zo veel als mogelijk te voorkomen. Het transport neemt echter risico\u2019s op beschadigingen met zich mee.\u00a0 Mocht [...]\" \/>\n<meta property=\"og:url\" content=\"https:\/\/demistrecords.nl\/de\/algemene-voorwaarden\/\" \/>\n<meta property=\"og:site_name\" content=\"De Mist Records\" \/>\n<meta property=\"article:publisher\" content=\"https:\/\/www.facebook.com\/demistrecordsnl\" \/>\n<meta property=\"article:modified_time\" content=\"2021-03-15T11:26:07+00:00\" \/>\n<meta name=\"twitter:card\" content=\"summary_large_image\" \/>\n<meta name=\"twitter:site\" content=\"@deathroo1\" \/>\n<meta name=\"twitter:label1\" content=\"Gesch\u00e4tzte Lesezeit\" \/>\n\t<meta name=\"twitter:data1\" content=\"2\u00a0Minuten\" \/>\n<script type=\"application\/ld+json\" class=\"yoast-schema-graph\">{\"@context\":\"https:\\\/\\\/schema.org\",\"@graph\":[{\"@type\":\"WebPage\",\"@id\":\"https:\\\/\\\/demistrecords.nl\\\/algemene-voorwaarden\\\/\",\"url\":\"https:\\\/\\\/demistrecords.nl\\\/algemene-voorwaarden\\\/\",\"name\":\"Algemene voorwaarden - De Mist Records\",\"isPartOf\":{\"@id\":\"https:\\\/\\\/demistrecords.nl\\\/#website\"},\"datePublished\":\"2020-12-23T12:45:30+00:00\",\"dateModified\":\"2021-03-15T11:26:07+00:00\",\"breadcrumb\":{\"@id\":\"https:\\\/\\\/demistrecords.nl\\\/algemene-voorwaarden\\\/#breadcrumb\"},\"inLanguage\":\"de\",\"potentialAction\":[{\"@type\":\"ReadAction\",\"target\":[\"https:\\\/\\\/demistrecords.nl\\\/algemene-voorwaarden\\\/\"]}]},{\"@type\":\"BreadcrumbList\",\"@id\":\"https:\\\/\\\/demistrecords.nl\\\/algemene-voorwaarden\\\/#breadcrumb\",\"itemListElement\":[{\"@type\":\"ListItem\",\"position\":1,\"name\":\"Home\",\"item\":\"https:\\\/\\\/demistrecords.nl\\\/\"},{\"@type\":\"ListItem\",\"position\":2,\"name\":\"Algemene voorwaarden\"}]},{\"@type\":\"WebSite\",\"@id\":\"https:\\\/\\\/demistrecords.nl\\\/#website\",\"url\":\"https:\\\/\\\/demistrecords.nl\\\/\",\"name\":\"De Mist Records\",\"description\":\"Post-rock and related music\",\"publisher\":{\"@id\":\"https:\\\/\\\/demistrecords.nl\\\/#organization\"},\"potentialAction\":[{\"@type\":\"SearchAction\",\"target\":{\"@type\":\"EntryPoint\",\"urlTemplate\":\"https:\\\/\\\/demistrecords.nl\\\/?s={search_term_string}\"},\"query-input\":{\"@type\":\"PropertyValueSpecification\",\"valueRequired\":true,\"valueName\":\"search_term_string\"}}],\"inLanguage\":\"de\"},{\"@type\":\"Organization\",\"@id\":\"https:\\\/\\\/demistrecords.nl\\\/#organization\",\"name\":\"De Mist Records\",\"url\":\"https:\\\/\\\/demistrecords.nl\\\/\",\"logo\":{\"@type\":\"ImageObject\",\"inLanguage\":\"de\",\"@id\":\"https:\\\/\\\/demistrecords.nl\\\/#\\\/schema\\\/logo\\\/image\\\/\",\"url\":\"https:\\\/\\\/demistrecords.nl\\\/wp-content\\\/uploads\\\/2020\\\/12\\\/logo-de-mist-records-rond.png\",\"contentUrl\":\"https:\\\/\\\/demistrecords.nl\\\/wp-content\\\/uploads\\\/2020\\\/12\\\/logo-de-mist-records-rond.png\",\"width\":500,\"height\":500,\"caption\":\"De Mist Records\"},\"image\":{\"@id\":\"https:\\\/\\\/demistrecords.nl\\\/#\\\/schema\\\/logo\\\/image\\\/\"},\"sameAs\":[\"https:\\\/\\\/www.facebook.com\\\/demistrecordsnl\",\"https:\\\/\\\/x.com\\\/deathroo1\",\"https:\\\/\\\/www.instagram.com\\\/demist_records\\\/\"]}]}<\/script>\n<!-- \/ Yoast SEO plugin. -->","yoast_head_json":{"title":"Algemene voorwaarden - De Mist Records","robots":{"index":"index","follow":"follow","max-snippet":"max-snippet:-1","max-image-preview":"max-image-preview:large","max-video-preview":"max-video-preview:-1"},"canonical":"https:\/\/demistrecords.nl\/de\/algemene-voorwaarden\/","og_locale":"de_DE","og_type":"article","og_title":"Algemene voorwaarden - De Mist Records","og_description":"Verzending is gratis binnen Nederland en Duitsland (na verrekening met kortingscoupons) voor bestellingen vanaf \u20ac 75,00. Voor bestellingen met een lagere orderwaarde, berekenen we verzendkosten. Alle bestellingen worden met de grootste zorg ingepakt om beschadigingen tijdens het transport zo veel als mogelijk te voorkomen. Het transport neemt echter risico\u2019s op beschadigingen met zich mee.\u00a0 Mocht [...]","og_url":"https:\/\/demistrecords.nl\/de\/algemene-voorwaarden\/","og_site_name":"De Mist Records","article_publisher":"https:\/\/www.facebook.com\/demistrecordsnl","article_modified_time":"2021-03-15T11:26:07+00:00","twitter_card":"summary_large_image","twitter_site":"@deathroo1","twitter_misc":{"Gesch\u00e4tzte Lesezeit":"2\u00a0Minuten"},"schema":{"@context":"https:\/\/schema.org","@graph":[{"@type":"WebPage","@id":"https:\/\/demistrecords.nl\/algemene-voorwaarden\/","url":"https:\/\/demistrecords.nl\/algemene-voorwaarden\/","name":"Algemene voorwaarden - De Mist Records","isPartOf":{"@id":"https:\/\/demistrecords.nl\/#website"},"datePublished":"2020-12-23T12:45:30+00:00","dateModified":"2021-03-15T11:26:07+00:00","breadcrumb":{"@id":"https:\/\/demistrecords.nl\/algemene-voorwaarden\/#breadcrumb"},"inLanguage":"de","potentialAction":[{"@type":"ReadAction","target":["https:\/\/demistrecords.nl\/algemene-voorwaarden\/"]}]},{"@type":"BreadcrumbList","@id":"https:\/\/demistrecords.nl\/algemene-voorwaarden\/#breadcrumb","itemListElement":[{"@type":"ListItem","position":1,"name":"Home","item":"https:\/\/demistrecords.nl\/"},{"@type":"ListItem","position":2,"name":"Algemene voorwaarden"}]},{"@type":"WebSite","@id":"https:\/\/demistrecords.nl\/#website","url":"https:\/\/demistrecords.nl\/","name":"De Mist Records","description":"Post-rock and related music","publisher":{"@id":"https:\/\/demistrecords.nl\/#organization"},"potentialAction":[{"@type":"SearchAction","target":{"@type":"EntryPoint","urlTemplate":"https:\/\/demistrecords.nl\/?s={search_term_string}"},"query-input":{"@type":"PropertyValueSpecification","valueRequired":true,"valueName":"search_term_string"}}],"inLanguage":"de"},{"@type":"Organization","@id":"https:\/\/demistrecords.nl\/#organization","name":"De Mist Records","url":"https:\/\/demistrecords.nl\/","logo":{"@type":"ImageObject","inLanguage":"de","@id":"https:\/\/demistrecords.nl\/#\/schema\/logo\/image\/","url":"https:\/\/demistrecords.nl\/wp-content\/uploads\/2020\/12\/logo-de-mist-records-rond.png","contentUrl":"https:\/\/demistrecords.nl\/wp-content\/uploads\/2020\/12\/logo-de-mist-records-rond.png","width":500,"height":500,"caption":"De Mist Records"},"image":{"@id":"https:\/\/demistrecords.nl\/#\/schema\/logo\/image\/"},"sameAs":["https:\/\/www.facebook.com\/demistrecordsnl","https:\/\/x.com\/deathroo1","https:\/\/www.instagram.com\/demist_records\/"]}]}},"_links":{"self":[{"href":"https:\/\/demistrecords.nl\/de\/wp-json\/wp\/v2\/pages\/196","targetHints":{"allow":["GET"]}}],"collection":[{"href":"https:\/\/demistrecords.nl\/de\/wp-json\/wp\/v2\/pages"}],"about":[{"href":"https:\/\/demistrecords.nl\/de\/wp-json\/wp\/v2\/types\/page"}],"author":[{"embeddable":true,"href":"https:\/\/demistrecords.nl\/de\/wp-json\/wp\/v2\/users\/1"}],"replies":[{"embeddable":true,"href":"https:\/\/demistrecords.nl\/de\/wp-json\/wp\/v2\/comments?post=196"}],"version-history":[{"count":5,"href":"https:\/\/demistrecords.nl\/de\/wp-json\/wp\/v2\/pages\/196\/revisions"}],"predecessor-version":[{"id":480,"href":"https:\/\/demistrecords.nl\/de\/wp-json\/wp\/v2\/pages\/196\/revisions\/480"}],"wp:attachment":[{"href":"https:\/\/demistrecords.nl\/de\/wp-json\/wp\/v2\/media?parent=196"}],"curies":[{"name":"wp","href":"https:\/\/api.w.org\/{rel}","templated":true}]}}