{"id":105,"date":"2020-12-16T13:45:15","date_gmt":"2020-12-16T12:45:15","guid":{"rendered":"https:\/\/demistrecords.nl\/?post_type=product&#038;p=105"},"modified":"2021-11-22T18:47:51","modified_gmt":"2021-11-22T17:47:51","slug":"the-sun-burns-bright-in-death-we-rest","status":"publish","type":"product","link":"https:\/\/demistrecords.nl\/de\/produkt\/the-sun-burns-bright-in-death-we-rest\/","title":{"rendered":"The Sun Burns Bright &#8211; In Death We Rest"},"content":{"rendered":"<p><iframe style=\"border: 0; width: 600px; height: 42px;\" src=\"https:\/\/bandcamp.com\/EmbeddedPlayer\/album=2541799070\/size=small\/bgcol=333333\/linkcol=0f91ff\/transparent=true\/\" seamless=\"\"><a href=\"https:\/\/thesunburnsbright.bandcamp.com\/album\/in-death-we-rest\">In Death We Rest by The Sun Burns Bright<\/a><\/iframe><\/p>","protected":false},"excerpt":{"rendered":"<p>Exklusiv f\u00fcr Europa, nur \u00fcber De Mist Records erh\u00e4ltlich.<\/p>\n<p>Auf 100 St\u00fcck limitiert weltweit!<\/p>\n<p>Gewicht \u2013 140g<br \/>\nVinyl Farbe - Eco Mix (zuf\u00e4llige Farben)<br \/>\nInnenh\u00fclle - Standard Wei\u00df<br \/>\nAu\u00dfenh\u00fclle - Voll bedruckte Au\u00dfenh\u00fclle<br \/>\nEinf\u00fcgen - eitiger, farbigDoppels gedruckter Einsatz<br \/>\nVerpackung - Schrumpffolie<\/p>","protected":false},"featured_media":491,"comment_status":"closed","ping_status":"closed","template":"","meta":[],"product_brand":[],"product_cat":[23,15],"product_tag":[28],"class_list":{"0":"post-105","1":"product","2":"type-product","3":"status-publish","4":"has-post-thumbnail","6":"product_cat-exclusief","7":"product_cat-vinyl-12-lp","8":"product_tag-post-rock","10":"first","11":"outofstock","12":"sold-individually","13":"taxable","14":"shipping-taxable","15":"purchasable","16":"product-type-simple"},"yoast_head":"<!-- This site is optimized with the Yoast SEO plugin v27.3 - https:\/\/yoast.com\/product\/yoast-seo-wordpress\/ -->\n<title>The Sun Burns Bright - In Death We Rest<\/title>\n<meta name=\"description\" content=\"Exclusief voor Europa, alleen verkrijgbaar via De Mist Records.  100 stuks gelimiteerd wereldwijd!  Record Weight - 140g Vinyl Color - Eco Mix (Random Colors) Inner Sleeve - Standard White Outer Sleeve - Full Printed Outer Sleeve Insert - Double Sided Full Color Printed Insert Finishing - Poly Bag\" \/>\n<meta name=\"robots\" content=\"index, follow, max-snippet:-1, max-image-preview:large, max-video-preview:-1\" \/>\n<link rel=\"canonical\" href=\"https:\/\/demistrecords.nl\/de\/produkt\/the-sun-burns-bright-in-death-we-rest\/\" \/>\n<meta property=\"og:locale\" content=\"de_DE\" \/>\n<meta property=\"og:type\" content=\"article\" \/>\n<meta property=\"og:title\" content=\"The Sun Burns Bright - In Death We Rest\" \/>\n<meta property=\"og:description\" content=\"Exclusief voor Europa, alleen verkrijgbaar via De Mist Records.  100 stuks gelimiteerd wereldwijd!  Record Weight - 140g Vinyl Color - Eco Mix (Random Colors) Inner Sleeve - Standard White Outer Sleeve - Full Printed Outer Sleeve Insert - Double Sided Full Color Printed Insert Finishing - Poly Bag\" \/>\n<meta property=\"og:url\" content=\"https:\/\/demistrecords.nl\/de\/produkt\/the-sun-burns-bright-in-death-we-rest\/\" \/>\n<meta property=\"og:site_name\" content=\"De Mist Records\" \/>\n<meta property=\"article:publisher\" content=\"https:\/\/www.facebook.com\/demistrecordsnl\" \/>\n<meta property=\"article:modified_time\" content=\"2021-11-22T17:47:51+00:00\" \/>\n<meta property=\"og:image\" content=\"https:\/\/demistrecords.nl\/wp-content\/uploads\/2020\/12\/The-Sun-Burns-Bright-In-Death-We-Rest-2.jpg\" \/>\n\t<meta property=\"og:image:width\" content=\"2120\" \/>\n\t<meta property=\"og:image:height\" content=\"2120\" \/>\n\t<meta property=\"og:image:type\" content=\"image\/jpeg\" \/>\n<meta name=\"twitter:card\" content=\"summary_large_image\" \/>\n<meta name=\"twitter:site\" content=\"@deathroo1\" \/>\n<script type=\"application\/ld+json\" class=\"yoast-schema-graph\">{\"@context\":\"https:\\\/\\\/schema.org\",\"@graph\":[{\"@type\":[\"WebPage\",\"ItemPage\"],\"@id\":\"https:\\\/\\\/demistrecords.nl\\\/en\\\/product\\\/the-sun-burns-bright-in-death-we-rest\\\/\",\"url\":\"https:\\\/\\\/demistrecords.nl\\\/en\\\/product\\\/the-sun-burns-bright-in-death-we-rest\\\/\",\"name\":\"The Sun Burns Bright - In Death We Rest\",\"isPartOf\":{\"@id\":\"https:\\\/\\\/demistrecords.nl\\\/#website\"},\"primaryImageOfPage\":{\"@id\":\"https:\\\/\\\/demistrecords.nl\\\/en\\\/product\\\/the-sun-burns-bright-in-death-we-rest\\\/#primaryimage\"},\"image\":{\"@id\":\"https:\\\/\\\/demistrecords.nl\\\/en\\\/product\\\/the-sun-burns-bright-in-death-we-rest\\\/#primaryimage\"},\"thumbnailUrl\":\"https:\\\/\\\/demistrecords.nl\\\/wp-content\\\/uploads\\\/2020\\\/12\\\/The-Sun-Burns-Bright-In-Death-We-Rest-2.jpg\",\"datePublished\":\"2020-12-16T12:45:15+00:00\",\"dateModified\":\"2021-11-22T17:47:51+00:00\",\"description\":\"Exclusief voor Europa, alleen verkrijgbaar via De Mist Records. 100 stuks gelimiteerd wereldwijd! Record Weight - 140g Vinyl Color - Eco Mix (Random Colors) Inner Sleeve - Standard White Outer Sleeve - Full Printed Outer Sleeve Insert - Double Sided Full Color Printed Insert Finishing - Poly Bag\",\"breadcrumb\":{\"@id\":\"https:\\\/\\\/demistrecords.nl\\\/en\\\/product\\\/the-sun-burns-bright-in-death-we-rest\\\/#breadcrumb\"},\"inLanguage\":\"de\",\"potentialAction\":[{\"@type\":\"ReadAction\",\"target\":[\"https:\\\/\\\/demistrecords.nl\\\/en\\\/product\\\/the-sun-burns-bright-in-death-we-rest\\\/\"]}]},{\"@type\":\"ImageObject\",\"inLanguage\":\"de\",\"@id\":\"https:\\\/\\\/demistrecords.nl\\\/en\\\/product\\\/the-sun-burns-bright-in-death-we-rest\\\/#primaryimage\",\"url\":\"https:\\\/\\\/demistrecords.nl\\\/wp-content\\\/uploads\\\/2020\\\/12\\\/The-Sun-Burns-Bright-In-Death-We-Rest-2.jpg\",\"contentUrl\":\"https:\\\/\\\/demistrecords.nl\\\/wp-content\\\/uploads\\\/2020\\\/12\\\/The-Sun-Burns-Bright-In-Death-We-Rest-2.jpg\",\"width\":2120,\"height\":2120},{\"@type\":\"BreadcrumbList\",\"@id\":\"https:\\\/\\\/demistrecords.nl\\\/en\\\/product\\\/the-sun-burns-bright-in-death-we-rest\\\/#breadcrumb\",\"itemListElement\":[{\"@type\":\"ListItem\",\"position\":1,\"name\":\"Home\",\"item\":\"https:\\\/\\\/demistrecords.nl\\\/\"},{\"@type\":\"ListItem\",\"position\":2,\"name\":\"Shop\",\"item\":\"https:\\\/\\\/demistrecords.nl\\\/shop\\\/\"},{\"@type\":\"ListItem\",\"position\":3,\"name\":\"The Sun Burns Bright &#8211; In Death We Rest\"}]},{\"@type\":\"WebSite\",\"@id\":\"https:\\\/\\\/demistrecords.nl\\\/#website\",\"url\":\"https:\\\/\\\/demistrecords.nl\\\/\",\"name\":\"De Mist Records\",\"description\":\"Post-rock and related music\",\"publisher\":{\"@id\":\"https:\\\/\\\/demistrecords.nl\\\/#organization\"},\"potentialAction\":[{\"@type\":\"SearchAction\",\"target\":{\"@type\":\"EntryPoint\",\"urlTemplate\":\"https:\\\/\\\/demistrecords.nl\\\/?s={search_term_string}\"},\"query-input\":{\"@type\":\"PropertyValueSpecification\",\"valueRequired\":true,\"valueName\":\"search_term_string\"}}],\"inLanguage\":\"de\"},{\"@type\":\"Organization\",\"@id\":\"https:\\\/\\\/demistrecords.nl\\\/#organization\",\"name\":\"De Mist Records\",\"url\":\"https:\\\/\\\/demistrecords.nl\\\/\",\"logo\":{\"@type\":\"ImageObject\",\"inLanguage\":\"de\",\"@id\":\"https:\\\/\\\/demistrecords.nl\\\/#\\\/schema\\\/logo\\\/image\\\/\",\"url\":\"https:\\\/\\\/demistrecords.nl\\\/wp-content\\\/uploads\\\/2020\\\/12\\\/logo-de-mist-records-rond.png\",\"contentUrl\":\"https:\\\/\\\/demistrecords.nl\\\/wp-content\\\/uploads\\\/2020\\\/12\\\/logo-de-mist-records-rond.png\",\"width\":500,\"height\":500,\"caption\":\"De Mist Records\"},\"image\":{\"@id\":\"https:\\\/\\\/demistrecords.nl\\\/#\\\/schema\\\/logo\\\/image\\\/\"},\"sameAs\":[\"https:\\\/\\\/www.facebook.com\\\/demistrecordsnl\",\"https:\\\/\\\/x.com\\\/deathroo1\",\"https:\\\/\\\/www.instagram.com\\\/demist_records\\\/\"]}]}<\/script>\n<!-- \/ Yoast SEO plugin. -->","yoast_head_json":{"title":"The Sun Burns Bright - In Death We Rest","description":"Exclusief voor Europa, alleen verkrijgbaar via De Mist Records.  100 stuks gelimiteerd wereldwijd!  Record Weight - 140g Vinyl Color - Eco Mix (Random Colors) Inner Sleeve - Standard White Outer Sleeve - Full Printed Outer Sleeve Insert - Double Sided Full Color Printed Insert Finishing - Poly Bag","robots":{"index":"index","follow":"follow","max-snippet":"max-snippet:-1","max-image-preview":"max-image-preview:large","max-video-preview":"max-video-preview:-1"},"canonical":"https:\/\/demistrecords.nl\/de\/produkt\/the-sun-burns-bright-in-death-we-rest\/","og_locale":"de_DE","og_type":"article","og_title":"The Sun Burns Bright - In Death We Rest","og_description":"Exclusief voor Europa, alleen verkrijgbaar via De Mist Records.  100 stuks gelimiteerd wereldwijd!  Record Weight - 140g Vinyl Color - Eco Mix (Random Colors) Inner Sleeve - Standard White Outer Sleeve - Full Printed Outer Sleeve Insert - Double Sided Full Color Printed Insert Finishing - Poly Bag","og_url":"https:\/\/demistrecords.nl\/de\/produkt\/the-sun-burns-bright-in-death-we-rest\/","og_site_name":"De Mist Records","article_publisher":"https:\/\/www.facebook.com\/demistrecordsnl","article_modified_time":"2021-11-22T17:47:51+00:00","og_image":[{"width":2120,"height":2120,"url":"https:\/\/demistrecords.nl\/wp-content\/uploads\/2020\/12\/The-Sun-Burns-Bright-In-Death-We-Rest-2.jpg","type":"image\/jpeg"}],"twitter_card":"summary_large_image","twitter_site":"@deathroo1","schema":{"@context":"https:\/\/schema.org","@graph":[{"@type":["WebPage","ItemPage"],"@id":"https:\/\/demistrecords.nl\/en\/product\/the-sun-burns-bright-in-death-we-rest\/","url":"https:\/\/demistrecords.nl\/en\/product\/the-sun-burns-bright-in-death-we-rest\/","name":"The Sun Burns Bright - In Death We Rest","isPartOf":{"@id":"https:\/\/demistrecords.nl\/#website"},"primaryImageOfPage":{"@id":"https:\/\/demistrecords.nl\/en\/product\/the-sun-burns-bright-in-death-we-rest\/#primaryimage"},"image":{"@id":"https:\/\/demistrecords.nl\/en\/product\/the-sun-burns-bright-in-death-we-rest\/#primaryimage"},"thumbnailUrl":"https:\/\/demistrecords.nl\/wp-content\/uploads\/2020\/12\/The-Sun-Burns-Bright-In-Death-We-Rest-2.jpg","datePublished":"2020-12-16T12:45:15+00:00","dateModified":"2021-11-22T17:47:51+00:00","description":"Exclusief voor Europa, alleen verkrijgbaar via De Mist Records. 100 stuks gelimiteerd wereldwijd! Record Weight - 140g Vinyl Color - Eco Mix (Random Colors) Inner Sleeve - Standard White Outer Sleeve - Full Printed Outer Sleeve Insert - Double Sided Full Color Printed Insert Finishing - Poly Bag","breadcrumb":{"@id":"https:\/\/demistrecords.nl\/en\/product\/the-sun-burns-bright-in-death-we-rest\/#breadcrumb"},"inLanguage":"de","potentialAction":[{"@type":"ReadAction","target":["https:\/\/demistrecords.nl\/en\/product\/the-sun-burns-bright-in-death-we-rest\/"]}]},{"@type":"ImageObject","inLanguage":"de","@id":"https:\/\/demistrecords.nl\/en\/product\/the-sun-burns-bright-in-death-we-rest\/#primaryimage","url":"https:\/\/demistrecords.nl\/wp-content\/uploads\/2020\/12\/The-Sun-Burns-Bright-In-Death-We-Rest-2.jpg","contentUrl":"https:\/\/demistrecords.nl\/wp-content\/uploads\/2020\/12\/The-Sun-Burns-Bright-In-Death-We-Rest-2.jpg","width":2120,"height":2120},{"@type":"BreadcrumbList","@id":"https:\/\/demistrecords.nl\/en\/product\/the-sun-burns-bright-in-death-we-rest\/#breadcrumb","itemListElement":[{"@type":"ListItem","position":1,"name":"Home","item":"https:\/\/demistrecords.nl\/"},{"@type":"ListItem","position":2,"name":"Shop","item":"https:\/\/demistrecords.nl\/shop\/"},{"@type":"ListItem","position":3,"name":"The Sun Burns Bright &#8211; In Death We Rest"}]},{"@type":"WebSite","@id":"https:\/\/demistrecords.nl\/#website","url":"https:\/\/demistrecords.nl\/","name":"De Mist Records","description":"Post-rock and related music","publisher":{"@id":"https:\/\/demistrecords.nl\/#organization"},"potentialAction":[{"@type":"SearchAction","target":{"@type":"EntryPoint","urlTemplate":"https:\/\/demistrecords.nl\/?s={search_term_string}"},"query-input":{"@type":"PropertyValueSpecification","valueRequired":true,"valueName":"search_term_string"}}],"inLanguage":"de"},{"@type":"Organization","@id":"https:\/\/demistrecords.nl\/#organization","name":"De Mist Records","url":"https:\/\/demistrecords.nl\/","logo":{"@type":"ImageObject","inLanguage":"de","@id":"https:\/\/demistrecords.nl\/#\/schema\/logo\/image\/","url":"https:\/\/demistrecords.nl\/wp-content\/uploads\/2020\/12\/logo-de-mist-records-rond.png","contentUrl":"https:\/\/demistrecords.nl\/wp-content\/uploads\/2020\/12\/logo-de-mist-records-rond.png","width":500,"height":500,"caption":"De Mist Records"},"image":{"@id":"https:\/\/demistrecords.nl\/#\/schema\/logo\/image\/"},"sameAs":["https:\/\/www.facebook.com\/demistrecordsnl","https:\/\/x.com\/deathroo1","https:\/\/www.instagram.com\/demist_records\/"]}]}},"_links":{"self":[{"href":"https:\/\/demistrecords.nl\/de\/wp-json\/wp\/v2\/product\/105","targetHints":{"allow":["GET"]}}],"collection":[{"href":"https:\/\/demistrecords.nl\/de\/wp-json\/wp\/v2\/product"}],"about":[{"href":"https:\/\/demistrecords.nl\/de\/wp-json\/wp\/v2\/types\/product"}],"replies":[{"embeddable":true,"href":"https:\/\/demistrecords.nl\/de\/wp-json\/wp\/v2\/comments?post=105"}],"wp:featuredmedia":[{"embeddable":true,"href":"https:\/\/demistrecords.nl\/de\/wp-json\/wp\/v2\/media\/491"}],"wp:attachment":[{"href":"https:\/\/demistrecords.nl\/de\/wp-json\/wp\/v2\/media?parent=105"}],"wp:term":[{"taxonomy":"product_brand","embeddable":true,"href":"https:\/\/demistrecords.nl\/de\/wp-json\/wp\/v2\/product_brand?post=105"},{"taxonomy":"product_cat","embeddable":true,"href":"https:\/\/demistrecords.nl\/de\/wp-json\/wp\/v2\/product_cat?post=105"},{"taxonomy":"product_tag","embeddable":true,"href":"https:\/\/demistrecords.nl\/de\/wp-json\/wp\/v2\/product_tag?post=105"}],"curies":[{"name":"wp","href":"https:\/\/api.w.org\/{rel}","templated":true}]}}