{"id":1104,"date":"2021-12-28T14:21:20","date_gmt":"2021-12-28T13:21:20","guid":{"rendered":"https:\/\/demistrecords.nl\/?post_type=product&#038;p=1104"},"modified":"2025-02-01T18:04:41","modified_gmt":"2025-02-01T17:04:41","slug":"the-chasing-monster-errant","status":"publish","type":"product","link":"https:\/\/demistrecords.nl\/de\/produkt\/the-chasing-monster-errant\/","title":{"rendered":"The Chasing Monster \u2013 Errant"},"content":{"rendered":"<p>Errant wurde im Mai 2019 ver\u00f6ffentlicht und ist das zweite Album der italienischen Band The Chasing Monster. Das Album beginnt mit dem markantem Song Oceano, bei dem ich immer dachte, ich h\u00e4tte Pufferprobleme, aber der Song offenbart sich in einem weitreichenden Sound. Wie ein Segelboot, das M\u00fche hat, die Segel zu hissen, aber schlie\u00dflich auf das offene Meer zusteuert. Auffallend ist, dass die Band zwar mehrere Schichten in ihrer Musik verwendet, diese jedoch nicht Schritt f\u00fcr Schritt stapelt, um einen H\u00f6hepunkt zu erreichen. Stattdessen werden die verschiedenen Schichten vertauscht und das h\u00e4lt die Aufmerksamkeit des H\u00f6rers viel besser. Getragen wird das Album von den Gitarrenparts und dem mehr als exzellenten Schlagzeug. Die Synths kommen nur sporadisch zum Einsatz und dienen daher rein als Support. Der klassische Post-Rock geht nahtlos in progressivere Parts \u00fcber und baut sich oft zu h\u00e4rteren Gitarrenparts auf. Es passiert auch genug in den Songs, was es zu einem unberechenbaren Album macht. Die Kritik am Deb\u00fctalbum hat sich die Band sicherlich zu Herzen genommen. Die Entwicklung, die The Chasing Monster auf Errant zeigt, bedeutet, dass wir diese Band in den kommenden Jahren genau im Auge behalten m\u00fcssen. Fans von <a href=\"https:\/\/demistrecords.nl\/de\/shop\/?filter_artist=god-is-an-astronaut\">God Is An Astronaut<\/a>, <a href=\"https:\/\/demistrecords.nl\/de\/shop\/?filter_artist=we-lost-the-sea\">We Lost The Sea<\/a>, aber auch von <a href=\"https:\/\/demistrecords.nl\/de\/shop\/?filter_artist=pg-lost\">PG.Lost<\/a> w\u00fcrden diese Band zweifellos zu sch\u00e4tzen wissen.<\/p>\n<p>&nbsp;<\/p>\n<p><iframe style=\"border: 0; width: 100%; height: 42px;\" src=\"https:\/\/bandcamp.com\/EmbeddedPlayer\/album=3731302124\/size=small\/bgcol=333333\/linkcol=0f91ff\/transparent=true\/\" seamless=\"\"><a href=\"https:\/\/antigonyrecords.bandcamp.com\/album\/errant\">Errant by The Chasing Monster<\/a><\/iframe><\/p>","protected":false},"excerpt":{"rendered":"<p>Errant ist in zwei Varianten erh\u00e4ltlich: White + Heavy Centered Black Splatter (limitiert auf nur 100 St\u00fcck) und die Standardversion in Milky Clear + White\/Black Smoke.<\/p>","protected":false},"featured_media":1112,"comment_status":"closed","ping_status":"closed","template":"","meta":[],"product_brand":[],"product_cat":[15],"product_tag":[28,35],"class_list":{"0":"post-1104","1":"product","2":"type-product","3":"status-publish","4":"has-post-thumbnail","6":"product_cat-vinyl-12-lp","7":"product_tag-post-rock","8":"product_tag-progrock","10":"first","11":"outofstock","12":"sale","13":"taxable","14":"shipping-taxable","15":"purchasable","16":"product-type-variable","17":"has-default-attributes"},"bundled_by":[],"bundle_stock_status":"outofstock","bundle_stock_quantity":null,"bundle_virtual":false,"bundle_layout":"","bundle_add_to_cart_form_location":"","bundle_editable_in_cart":false,"bundle_sold_individually_context":"","bundle_item_grouping":"","bundle_min_size":"","bundle_max_size":"","bundle_price":[],"bundled_items":[],"bundle_sell_ids":[],"yoast_head":"<!-- This site is optimized with the Yoast SEO plugin v27.3 - https:\/\/yoast.com\/product\/yoast-seo-wordpress\/ -->\n<title>The Chasing Monster \u2013 Errant<\/title>\n<meta name=\"description\" content=\"Errant is verkrijgbaar in twee varianten: white + heavy centered black splatter (gelimiteerd tot slechts 100 stuks) en de standaard versie in milky clear + white\/black smoke.\" \/>\n<meta name=\"robots\" content=\"index, follow, max-snippet:-1, max-image-preview:large, max-video-preview:-1\" \/>\n<link rel=\"canonical\" href=\"https:\/\/demistrecords.nl\/de\/produkt\/the-chasing-monster-errant\/\" \/>\n<meta property=\"og:locale\" content=\"de_DE\" \/>\n<meta property=\"og:type\" content=\"article\" \/>\n<meta property=\"og:title\" content=\"The Chasing Monster \u2013 Errant\" \/>\n<meta property=\"og:description\" content=\"Errant is verkrijgbaar in twee varianten: white + heavy centered black splatter (gelimiteerd tot slechts 100 stuks) en de standaard versie in milky clear + white\/black smoke.\" \/>\n<meta property=\"og:url\" content=\"https:\/\/demistrecords.nl\/de\/produkt\/the-chasing-monster-errant\/\" \/>\n<meta property=\"og:site_name\" content=\"De Mist Records\" \/>\n<meta property=\"article:publisher\" content=\"https:\/\/www.facebook.com\/demistrecordsnl\" \/>\n<meta property=\"article:modified_time\" content=\"2025-02-01T17:04:41+00:00\" \/>\n<meta property=\"og:image\" content=\"https:\/\/demistrecords.nl\/wp-content\/uploads\/2021\/12\/The-Chasing-Monster-Errant-White-with-black-splatter.jpg\" \/>\n\t<meta property=\"og:image:width\" content=\"2120\" \/>\n\t<meta property=\"og:image:height\" content=\"2120\" \/>\n\t<meta property=\"og:image:type\" content=\"image\/jpeg\" \/>\n<meta name=\"twitter:card\" content=\"summary_large_image\" \/>\n<meta name=\"twitter:site\" content=\"@deathroo1\" \/>\n<meta name=\"twitter:label1\" content=\"Gesch\u00e4tzte Lesezeit\" \/>\n\t<meta name=\"twitter:data1\" content=\"2\u00a0Minuten\" \/>\n<script type=\"application\/ld+json\" class=\"yoast-schema-graph\">{\"@context\":\"https:\\\/\\\/schema.org\",\"@graph\":[{\"@type\":[\"WebPage\",\"ItemPage\"],\"@id\":\"https:\\\/\\\/demistrecords.nl\\\/product\\\/the-chasing-monster-errant\\\/\",\"url\":\"https:\\\/\\\/demistrecords.nl\\\/product\\\/the-chasing-monster-errant\\\/\",\"name\":\"The Chasing Monster \u2013 Errant\",\"isPartOf\":{\"@id\":\"https:\\\/\\\/demistrecords.nl\\\/#website\"},\"primaryImageOfPage\":{\"@id\":\"https:\\\/\\\/demistrecords.nl\\\/product\\\/the-chasing-monster-errant\\\/#primaryimage\"},\"image\":{\"@id\":\"https:\\\/\\\/demistrecords.nl\\\/product\\\/the-chasing-monster-errant\\\/#primaryimage\"},\"thumbnailUrl\":\"https:\\\/\\\/demistrecords.nl\\\/wp-content\\\/uploads\\\/2021\\\/12\\\/The-Chasing-Monster-Errant-White-with-black-splatter.jpg\",\"datePublished\":\"2021-12-28T13:21:20+00:00\",\"dateModified\":\"2025-02-01T17:04:41+00:00\",\"description\":\"Errant is verkrijgbaar in twee varianten: white + heavy centered black splatter (gelimiteerd tot slechts 100 stuks) en de standaard versie in milky clear + white\\\/black smoke.\",\"breadcrumb\":{\"@id\":\"https:\\\/\\\/demistrecords.nl\\\/product\\\/the-chasing-monster-errant\\\/#breadcrumb\"},\"inLanguage\":\"de\",\"potentialAction\":[{\"@type\":\"ReadAction\",\"target\":[\"https:\\\/\\\/demistrecords.nl\\\/product\\\/the-chasing-monster-errant\\\/\"]}]},{\"@type\":\"ImageObject\",\"inLanguage\":\"de\",\"@id\":\"https:\\\/\\\/demistrecords.nl\\\/product\\\/the-chasing-monster-errant\\\/#primaryimage\",\"url\":\"https:\\\/\\\/demistrecords.nl\\\/wp-content\\\/uploads\\\/2021\\\/12\\\/The-Chasing-Monster-Errant-White-with-black-splatter.jpg\",\"contentUrl\":\"https:\\\/\\\/demistrecords.nl\\\/wp-content\\\/uploads\\\/2021\\\/12\\\/The-Chasing-Monster-Errant-White-with-black-splatter.jpg\",\"width\":2120,\"height\":2120},{\"@type\":\"BreadcrumbList\",\"@id\":\"https:\\\/\\\/demistrecords.nl\\\/product\\\/the-chasing-monster-errant\\\/#breadcrumb\",\"itemListElement\":[{\"@type\":\"ListItem\",\"position\":1,\"name\":\"Home\",\"item\":\"https:\\\/\\\/demistrecords.nl\\\/\"},{\"@type\":\"ListItem\",\"position\":2,\"name\":\"Shop\",\"item\":\"https:\\\/\\\/demistrecords.nl\\\/shop\\\/\"},{\"@type\":\"ListItem\",\"position\":3,\"name\":\"The Chasing Monster \u2013 Errant\"}]},{\"@type\":\"WebSite\",\"@id\":\"https:\\\/\\\/demistrecords.nl\\\/#website\",\"url\":\"https:\\\/\\\/demistrecords.nl\\\/\",\"name\":\"De Mist Records\",\"description\":\"Post-rock and related music\",\"publisher\":{\"@id\":\"https:\\\/\\\/demistrecords.nl\\\/#organization\"},\"potentialAction\":[{\"@type\":\"SearchAction\",\"target\":{\"@type\":\"EntryPoint\",\"urlTemplate\":\"https:\\\/\\\/demistrecords.nl\\\/?s={search_term_string}\"},\"query-input\":{\"@type\":\"PropertyValueSpecification\",\"valueRequired\":true,\"valueName\":\"search_term_string\"}}],\"inLanguage\":\"de\"},{\"@type\":\"Organization\",\"@id\":\"https:\\\/\\\/demistrecords.nl\\\/#organization\",\"name\":\"De Mist Records\",\"url\":\"https:\\\/\\\/demistrecords.nl\\\/\",\"logo\":{\"@type\":\"ImageObject\",\"inLanguage\":\"de\",\"@id\":\"https:\\\/\\\/demistrecords.nl\\\/#\\\/schema\\\/logo\\\/image\\\/\",\"url\":\"https:\\\/\\\/demistrecords.nl\\\/wp-content\\\/uploads\\\/2020\\\/12\\\/logo-de-mist-records-rond.png\",\"contentUrl\":\"https:\\\/\\\/demistrecords.nl\\\/wp-content\\\/uploads\\\/2020\\\/12\\\/logo-de-mist-records-rond.png\",\"width\":500,\"height\":500,\"caption\":\"De Mist Records\"},\"image\":{\"@id\":\"https:\\\/\\\/demistrecords.nl\\\/#\\\/schema\\\/logo\\\/image\\\/\"},\"sameAs\":[\"https:\\\/\\\/www.facebook.com\\\/demistrecordsnl\",\"https:\\\/\\\/x.com\\\/deathroo1\",\"https:\\\/\\\/www.instagram.com\\\/demist_records\\\/\"]}]}<\/script>\n<!-- \/ Yoast SEO plugin. -->","yoast_head_json":{"title":"The Chasing Monster \u2013 Errant","description":"Errant ist in zwei Varianten erh\u00e4ltlich: White + Heavy Centered Black Splatter (limitiert auf nur 100 St\u00fcck) und die Standardversion in Milky Clear + White\/Black Smoke.","robots":{"index":"index","follow":"follow","max-snippet":"max-snippet:-1","max-image-preview":"max-image-preview:large","max-video-preview":"max-video-preview:-1"},"canonical":"https:\/\/demistrecords.nl\/de\/produkt\/the-chasing-monster-errant\/","og_locale":"de_DE","og_type":"article","og_title":"The Chasing Monster \u2013 Errant","og_description":"Errant is verkrijgbaar in twee varianten: white + heavy centered black splatter (gelimiteerd tot slechts 100 stuks) en de standaard versie in milky clear + white\/black smoke.","og_url":"https:\/\/demistrecords.nl\/de\/produkt\/the-chasing-monster-errant\/","og_site_name":"De Mist Records","article_publisher":"https:\/\/www.facebook.com\/demistrecordsnl","article_modified_time":"2025-02-01T17:04:41+00:00","og_image":[{"width":2120,"height":2120,"url":"https:\/\/demistrecords.nl\/wp-content\/uploads\/2021\/12\/The-Chasing-Monster-Errant-White-with-black-splatter.jpg","type":"image\/jpeg"}],"twitter_card":"summary_large_image","twitter_site":"@deathroo1","twitter_misc":{"Gesch\u00e4tzte Lesezeit":"2\u00a0Minuten"},"schema":{"@context":"https:\/\/schema.org","@graph":[{"@type":["WebPage","ItemPage"],"@id":"https:\/\/demistrecords.nl\/product\/the-chasing-monster-errant\/","url":"https:\/\/demistrecords.nl\/product\/the-chasing-monster-errant\/","name":"The Chasing Monster \u2013 Errant","isPartOf":{"@id":"https:\/\/demistrecords.nl\/#website"},"primaryImageOfPage":{"@id":"https:\/\/demistrecords.nl\/product\/the-chasing-monster-errant\/#primaryimage"},"image":{"@id":"https:\/\/demistrecords.nl\/product\/the-chasing-monster-errant\/#primaryimage"},"thumbnailUrl":"https:\/\/demistrecords.nl\/wp-content\/uploads\/2021\/12\/The-Chasing-Monster-Errant-White-with-black-splatter.jpg","datePublished":"2021-12-28T13:21:20+00:00","dateModified":"2025-02-01T17:04:41+00:00","description":"Errant ist in zwei Varianten erh\u00e4ltlich: White + Heavy Centered Black Splatter (limitiert auf nur 100 St\u00fcck) und die Standardversion in Milky Clear + White\/Black Smoke.","breadcrumb":{"@id":"https:\/\/demistrecords.nl\/product\/the-chasing-monster-errant\/#breadcrumb"},"inLanguage":"de","potentialAction":[{"@type":"ReadAction","target":["https:\/\/demistrecords.nl\/product\/the-chasing-monster-errant\/"]}]},{"@type":"ImageObject","inLanguage":"de","@id":"https:\/\/demistrecords.nl\/product\/the-chasing-monster-errant\/#primaryimage","url":"https:\/\/demistrecords.nl\/wp-content\/uploads\/2021\/12\/The-Chasing-Monster-Errant-White-with-black-splatter.jpg","contentUrl":"https:\/\/demistrecords.nl\/wp-content\/uploads\/2021\/12\/The-Chasing-Monster-Errant-White-with-black-splatter.jpg","width":2120,"height":2120},{"@type":"BreadcrumbList","@id":"https:\/\/demistrecords.nl\/product\/the-chasing-monster-errant\/#breadcrumb","itemListElement":[{"@type":"ListItem","position":1,"name":"Home","item":"https:\/\/demistrecords.nl\/"},{"@type":"ListItem","position":2,"name":"Shop","item":"https:\/\/demistrecords.nl\/shop\/"},{"@type":"ListItem","position":3,"name":"The Chasing Monster \u2013 Errant"}]},{"@type":"WebSite","@id":"https:\/\/demistrecords.nl\/#website","url":"https:\/\/demistrecords.nl\/","name":"De Mist Records","description":"Post-rock and related music","publisher":{"@id":"https:\/\/demistrecords.nl\/#organization"},"potentialAction":[{"@type":"SearchAction","target":{"@type":"EntryPoint","urlTemplate":"https:\/\/demistrecords.nl\/?s={search_term_string}"},"query-input":{"@type":"PropertyValueSpecification","valueRequired":true,"valueName":"search_term_string"}}],"inLanguage":"de"},{"@type":"Organization","@id":"https:\/\/demistrecords.nl\/#organization","name":"De Mist Records","url":"https:\/\/demistrecords.nl\/","logo":{"@type":"ImageObject","inLanguage":"de","@id":"https:\/\/demistrecords.nl\/#\/schema\/logo\/image\/","url":"https:\/\/demistrecords.nl\/wp-content\/uploads\/2020\/12\/logo-de-mist-records-rond.png","contentUrl":"https:\/\/demistrecords.nl\/wp-content\/uploads\/2020\/12\/logo-de-mist-records-rond.png","width":500,"height":500,"caption":"De Mist Records"},"image":{"@id":"https:\/\/demistrecords.nl\/#\/schema\/logo\/image\/"},"sameAs":["https:\/\/www.facebook.com\/demistrecordsnl","https:\/\/x.com\/deathroo1","https:\/\/www.instagram.com\/demist_records\/"]}]}},"_links":{"self":[{"href":"https:\/\/demistrecords.nl\/de\/wp-json\/wp\/v2\/product\/1104","targetHints":{"allow":["GET"]}}],"collection":[{"href":"https:\/\/demistrecords.nl\/de\/wp-json\/wp\/v2\/product"}],"about":[{"href":"https:\/\/demistrecords.nl\/de\/wp-json\/wp\/v2\/types\/product"}],"replies":[{"embeddable":true,"href":"https:\/\/demistrecords.nl\/de\/wp-json\/wp\/v2\/comments?post=1104"}],"wp:featuredmedia":[{"embeddable":true,"href":"https:\/\/demistrecords.nl\/de\/wp-json\/wp\/v2\/media\/1112"}],"wp:attachment":[{"href":"https:\/\/demistrecords.nl\/de\/wp-json\/wp\/v2\/media?parent=1104"}],"wp:term":[{"taxonomy":"product_brand","embeddable":true,"href":"https:\/\/demistrecords.nl\/de\/wp-json\/wp\/v2\/product_brand?post=1104"},{"taxonomy":"product_cat","embeddable":true,"href":"https:\/\/demistrecords.nl\/de\/wp-json\/wp\/v2\/product_cat?post=1104"},{"taxonomy":"product_tag","embeddable":true,"href":"https:\/\/demistrecords.nl\/de\/wp-json\/wp\/v2\/product_tag?post=1104"}],"curies":[{"name":"wp","href":"https:\/\/api.w.org\/{rel}","templated":true}]}}