{"id":1116,"date":"2021-12-28T15:01:44","date_gmt":"2021-12-28T14:01:44","guid":{"rendered":"https:\/\/demistrecords.nl\/?post_type=product&#038;p=1116"},"modified":"2024-03-18T13:23:18","modified_gmt":"2024-03-18T12:23:18","slug":"threestepstotheocean-del-fuoco","status":"publish","type":"product","link":"https:\/\/demistrecords.nl\/de\/produkt\/threestepstotheocean-del-fuoco\/","title":{"rendered":"threestepstotheocean \u2013 Del Fuoco"},"content":{"rendered":"<p>Fans von filmischem Post-Rock\/Metal k\u00f6nnen sich mit der italienischen Formation threestopstotheocean verw\u00f6hnen lassen. Im September 2020 ver\u00f6ffentlichte diese dunkle Instrumentalband das gro\u00dfartige Album Del Fuoco. Erwartet euch von diesen Herren aber keine Standardmusik! Diese rohe Platte enth\u00e4lt einige Einfl\u00fcsse aus dem psychedelischen Rock, und sie kombinieren dies auch m\u00fchelos mit <a href=\"https:\/\/demistrecords.nl\/de\/produkt-schlagwort\/sludge\/\">sludge<\/a>. Eigentlich hat diese Platte nichts Standardm\u00e4\u00dfiges und damit konkurriert dieses Album um den Originalit\u00e4tspreis. Der Keyboarder zaubert weiterhin gro\u00dfe Kontraste aus seinem Keyboard, w\u00e4hrend die Gitarristen einen Duelltanz auff\u00fchren, werden sie von dr\u00f6hnendem Bass und stampfendem Schlagzeug aufgepeitscht. Die Parallelen zu Bands wie Cult Of Luna, Neurosis und Isis sind keine Seltenheit, aber das wird dieser Band vielleicht nicht gerecht, denn das Ganze bietet so viel mehr.<\/p>\n<p><iframe style=\"border: 0; width: 100%; height: 42px;\" src=\"https:\/\/bandcamp.com\/EmbeddedPlayer\/album=1224712591\/size=small\/bgcol=333333\/linkcol=0f91ff\/transparent=true\/\" seamless><a href=\"https:\/\/antigonyrecords.bandcamp.com\/album\/del-fuoco\">Del Fuoco by threestepstotheocean<\/a><\/iframe><\/p>","protected":false},"excerpt":{"rendered":"<p>Del Fuoco ist in zwei limitierten Versionen erh\u00e4ltlich, beide in einer Auflage von nur 150 St\u00fcck, auf 180gr Vinyl: Crystal\/Pink Color-in-Color und Pink\/Black Splatter.<\/p>","protected":false},"featured_media":1110,"comment_status":"closed","ping_status":"closed","template":"","meta":[],"product_brand":[],"product_cat":[15],"product_tag":[28,36],"class_list":{"0":"post-1116","1":"product","2":"type-product","3":"status-publish","4":"has-post-thumbnail","6":"product_cat-vinyl-12-lp","7":"product_tag-post-rock","8":"product_tag-sludge","10":"first","11":"outofstock","12":"sale","13":"taxable","14":"shipping-taxable","15":"purchasable","16":"product-type-variable","17":"has-default-attributes"},"bundled_by":[],"bundle_stock_status":"outofstock","bundle_stock_quantity":null,"bundle_virtual":false,"bundle_layout":"","bundle_add_to_cart_form_location":"","bundle_editable_in_cart":false,"bundle_sold_individually_context":"","bundle_item_grouping":"","bundle_min_size":"","bundle_max_size":"","bundle_price":[],"bundled_items":[],"bundle_sell_ids":[],"yoast_head":"<!-- This site is optimized with the Yoast SEO plugin v27.4 - https:\/\/yoast.com\/product\/yoast-seo-wordpress\/ -->\n<title>threestepstotheocean \u2013 Del Fuoco<\/title>\n<meta name=\"description\" content=\"Del Fuoco is leverbaar in twee gelimiteerde varianten, beiden in een oplage van slechts 150 stuks, op 180gr vinyl: crystal\/pink color-in-color en pink\/black splatter.\" \/>\n<meta name=\"robots\" content=\"index, follow, max-snippet:-1, max-image-preview:large, max-video-preview:-1\" \/>\n<link rel=\"canonical\" href=\"https:\/\/demistrecords.nl\/de\/produkt\/threestepstotheocean-del-fuoco\/\" \/>\n<meta property=\"og:locale\" content=\"de_DE\" \/>\n<meta property=\"og:type\" content=\"article\" \/>\n<meta property=\"og:title\" content=\"threestepstotheocean \u2013 Del Fuoco\" \/>\n<meta property=\"og:description\" content=\"Del Fuoco is leverbaar in twee gelimiteerde varianten, beiden in een oplage van slechts 150 stuks, op 180gr vinyl: crystal\/pink color-in-color en pink\/black splatter.\" \/>\n<meta property=\"og:url\" content=\"https:\/\/demistrecords.nl\/de\/produkt\/threestepstotheocean-del-fuoco\/\" \/>\n<meta property=\"og:site_name\" content=\"De Mist Records\" \/>\n<meta property=\"article:publisher\" content=\"https:\/\/www.facebook.com\/demistrecordsnl\" \/>\n<meta property=\"article:modified_time\" content=\"2024-03-18T12:23:18+00:00\" \/>\n<meta property=\"og:image\" content=\"https:\/\/demistrecords.nl\/wp-content\/uploads\/2021\/12\/threestepstotheocean-Del-Fuoco-Pink-with-black-splatter.jpg\" \/>\n\t<meta property=\"og:image:width\" content=\"2120\" \/>\n\t<meta property=\"og:image:height\" content=\"2120\" \/>\n\t<meta property=\"og:image:type\" content=\"image\/jpeg\" \/>\n<meta name=\"twitter:card\" content=\"summary_large_image\" \/>\n<meta name=\"twitter:site\" content=\"@deathroo1\" \/>\n<meta name=\"twitter:label1\" content=\"Gesch\u00e4tzte Lesezeit\" \/>\n\t<meta name=\"twitter:data1\" content=\"1\u00a0Minute\" \/>\n<script type=\"application\/ld+json\" class=\"yoast-schema-graph\">{\"@context\":\"https:\\\/\\\/schema.org\",\"@graph\":[{\"@type\":[\"WebPage\",\"ItemPage\"],\"@id\":\"https:\\\/\\\/demistrecords.nl\\\/product\\\/threestepstotheocean-del-fuoco\\\/\",\"url\":\"https:\\\/\\\/demistrecords.nl\\\/product\\\/threestepstotheocean-del-fuoco\\\/\",\"name\":\"threestepstotheocean \u2013 Del Fuoco\",\"isPartOf\":{\"@id\":\"https:\\\/\\\/demistrecords.nl\\\/#website\"},\"primaryImageOfPage\":{\"@id\":\"https:\\\/\\\/demistrecords.nl\\\/product\\\/threestepstotheocean-del-fuoco\\\/#primaryimage\"},\"image\":{\"@id\":\"https:\\\/\\\/demistrecords.nl\\\/product\\\/threestepstotheocean-del-fuoco\\\/#primaryimage\"},\"thumbnailUrl\":\"https:\\\/\\\/demistrecords.nl\\\/wp-content\\\/uploads\\\/2021\\\/12\\\/threestepstotheocean-Del-Fuoco-Pink-with-black-splatter.jpg\",\"datePublished\":\"2021-12-28T14:01:44+00:00\",\"dateModified\":\"2024-03-18T12:23:18+00:00\",\"description\":\"Del Fuoco is leverbaar in twee gelimiteerde varianten, beiden in een oplage van slechts 150 stuks, op 180gr vinyl: crystal\\\/pink color-in-color en pink\\\/black splatter.\",\"breadcrumb\":{\"@id\":\"https:\\\/\\\/demistrecords.nl\\\/product\\\/threestepstotheocean-del-fuoco\\\/#breadcrumb\"},\"inLanguage\":\"de\",\"potentialAction\":[{\"@type\":\"ReadAction\",\"target\":[\"https:\\\/\\\/demistrecords.nl\\\/product\\\/threestepstotheocean-del-fuoco\\\/\"]}]},{\"@type\":\"ImageObject\",\"inLanguage\":\"de\",\"@id\":\"https:\\\/\\\/demistrecords.nl\\\/product\\\/threestepstotheocean-del-fuoco\\\/#primaryimage\",\"url\":\"https:\\\/\\\/demistrecords.nl\\\/wp-content\\\/uploads\\\/2021\\\/12\\\/threestepstotheocean-Del-Fuoco-Pink-with-black-splatter.jpg\",\"contentUrl\":\"https:\\\/\\\/demistrecords.nl\\\/wp-content\\\/uploads\\\/2021\\\/12\\\/threestepstotheocean-Del-Fuoco-Pink-with-black-splatter.jpg\",\"width\":2120,\"height\":2120},{\"@type\":\"BreadcrumbList\",\"@id\":\"https:\\\/\\\/demistrecords.nl\\\/product\\\/threestepstotheocean-del-fuoco\\\/#breadcrumb\",\"itemListElement\":[{\"@type\":\"ListItem\",\"position\":1,\"name\":\"Home\",\"item\":\"https:\\\/\\\/demistrecords.nl\\\/\"},{\"@type\":\"ListItem\",\"position\":2,\"name\":\"Shop\",\"item\":\"https:\\\/\\\/demistrecords.nl\\\/shop\\\/\"},{\"@type\":\"ListItem\",\"position\":3,\"name\":\"threestepstotheocean \u2013 Del Fuoco\"}]},{\"@type\":\"WebSite\",\"@id\":\"https:\\\/\\\/demistrecords.nl\\\/#website\",\"url\":\"https:\\\/\\\/demistrecords.nl\\\/\",\"name\":\"De Mist Records\",\"description\":\"Post-rock and related music\",\"publisher\":{\"@id\":\"https:\\\/\\\/demistrecords.nl\\\/#organization\"},\"potentialAction\":[{\"@type\":\"SearchAction\",\"target\":{\"@type\":\"EntryPoint\",\"urlTemplate\":\"https:\\\/\\\/demistrecords.nl\\\/?s={search_term_string}\"},\"query-input\":{\"@type\":\"PropertyValueSpecification\",\"valueRequired\":true,\"valueName\":\"search_term_string\"}}],\"inLanguage\":\"de\"},{\"@type\":\"Organization\",\"@id\":\"https:\\\/\\\/demistrecords.nl\\\/#organization\",\"name\":\"De Mist Records\",\"url\":\"https:\\\/\\\/demistrecords.nl\\\/\",\"logo\":{\"@type\":\"ImageObject\",\"inLanguage\":\"de\",\"@id\":\"https:\\\/\\\/demistrecords.nl\\\/#\\\/schema\\\/logo\\\/image\\\/\",\"url\":\"https:\\\/\\\/demistrecords.nl\\\/wp-content\\\/uploads\\\/2020\\\/12\\\/logo-de-mist-records-rond.png\",\"contentUrl\":\"https:\\\/\\\/demistrecords.nl\\\/wp-content\\\/uploads\\\/2020\\\/12\\\/logo-de-mist-records-rond.png\",\"width\":500,\"height\":500,\"caption\":\"De Mist Records\"},\"image\":{\"@id\":\"https:\\\/\\\/demistrecords.nl\\\/#\\\/schema\\\/logo\\\/image\\\/\"},\"sameAs\":[\"https:\\\/\\\/www.facebook.com\\\/demistrecordsnl\",\"https:\\\/\\\/x.com\\\/deathroo1\",\"https:\\\/\\\/www.instagram.com\\\/demist_records\\\/\"]}]}<\/script>\n<!-- \/ Yoast SEO plugin. -->","yoast_head_json":{"title":"threestepstotheocean \u2013 Del Fuoco","description":"Del Fuoco ist in zwei limitierten Versionen erh\u00e4ltlich, beide in einer Auflage von nur 150 St\u00fcck, auf 180gr Vinyl: Crystal\/Pink Color-in-Color und Pink\/Black Splatter.","robots":{"index":"index","follow":"follow","max-snippet":"max-snippet:-1","max-image-preview":"max-image-preview:large","max-video-preview":"max-video-preview:-1"},"canonical":"https:\/\/demistrecords.nl\/de\/produkt\/threestepstotheocean-del-fuoco\/","og_locale":"de_DE","og_type":"article","og_title":"threestepstotheocean \u2013 Del Fuoco","og_description":"Del Fuoco is leverbaar in twee gelimiteerde varianten, beiden in een oplage van slechts 150 stuks, op 180gr vinyl: crystal\/pink color-in-color en pink\/black splatter.","og_url":"https:\/\/demistrecords.nl\/de\/produkt\/threestepstotheocean-del-fuoco\/","og_site_name":"De Mist Records","article_publisher":"https:\/\/www.facebook.com\/demistrecordsnl","article_modified_time":"2024-03-18T12:23:18+00:00","og_image":[{"width":2120,"height":2120,"url":"https:\/\/demistrecords.nl\/wp-content\/uploads\/2021\/12\/threestepstotheocean-Del-Fuoco-Pink-with-black-splatter.jpg","type":"image\/jpeg"}],"twitter_card":"summary_large_image","twitter_site":"@deathroo1","twitter_misc":{"Gesch\u00e4tzte Lesezeit":"1\u00a0Minute"},"schema":{"@context":"https:\/\/schema.org","@graph":[{"@type":["WebPage","ItemPage"],"@id":"https:\/\/demistrecords.nl\/product\/threestepstotheocean-del-fuoco\/","url":"https:\/\/demistrecords.nl\/product\/threestepstotheocean-del-fuoco\/","name":"threestepstotheocean \u2013 Del Fuoco","isPartOf":{"@id":"https:\/\/demistrecords.nl\/#website"},"primaryImageOfPage":{"@id":"https:\/\/demistrecords.nl\/product\/threestepstotheocean-del-fuoco\/#primaryimage"},"image":{"@id":"https:\/\/demistrecords.nl\/product\/threestepstotheocean-del-fuoco\/#primaryimage"},"thumbnailUrl":"https:\/\/demistrecords.nl\/wp-content\/uploads\/2021\/12\/threestepstotheocean-Del-Fuoco-Pink-with-black-splatter.jpg","datePublished":"2021-12-28T14:01:44+00:00","dateModified":"2024-03-18T12:23:18+00:00","description":"Del Fuoco ist in zwei limitierten Versionen erh\u00e4ltlich, beide in einer Auflage von nur 150 St\u00fcck, auf 180gr Vinyl: Crystal\/Pink Color-in-Color und Pink\/Black Splatter.","breadcrumb":{"@id":"https:\/\/demistrecords.nl\/product\/threestepstotheocean-del-fuoco\/#breadcrumb"},"inLanguage":"de","potentialAction":[{"@type":"ReadAction","target":["https:\/\/demistrecords.nl\/product\/threestepstotheocean-del-fuoco\/"]}]},{"@type":"ImageObject","inLanguage":"de","@id":"https:\/\/demistrecords.nl\/product\/threestepstotheocean-del-fuoco\/#primaryimage","url":"https:\/\/demistrecords.nl\/wp-content\/uploads\/2021\/12\/threestepstotheocean-Del-Fuoco-Pink-with-black-splatter.jpg","contentUrl":"https:\/\/demistrecords.nl\/wp-content\/uploads\/2021\/12\/threestepstotheocean-Del-Fuoco-Pink-with-black-splatter.jpg","width":2120,"height":2120},{"@type":"BreadcrumbList","@id":"https:\/\/demistrecords.nl\/product\/threestepstotheocean-del-fuoco\/#breadcrumb","itemListElement":[{"@type":"ListItem","position":1,"name":"Home","item":"https:\/\/demistrecords.nl\/"},{"@type":"ListItem","position":2,"name":"Shop","item":"https:\/\/demistrecords.nl\/shop\/"},{"@type":"ListItem","position":3,"name":"threestepstotheocean \u2013 Del Fuoco"}]},{"@type":"WebSite","@id":"https:\/\/demistrecords.nl\/#website","url":"https:\/\/demistrecords.nl\/","name":"De Mist Records","description":"Post-rock and related music","publisher":{"@id":"https:\/\/demistrecords.nl\/#organization"},"potentialAction":[{"@type":"SearchAction","target":{"@type":"EntryPoint","urlTemplate":"https:\/\/demistrecords.nl\/?s={search_term_string}"},"query-input":{"@type":"PropertyValueSpecification","valueRequired":true,"valueName":"search_term_string"}}],"inLanguage":"de"},{"@type":"Organization","@id":"https:\/\/demistrecords.nl\/#organization","name":"De Mist Records","url":"https:\/\/demistrecords.nl\/","logo":{"@type":"ImageObject","inLanguage":"de","@id":"https:\/\/demistrecords.nl\/#\/schema\/logo\/image\/","url":"https:\/\/demistrecords.nl\/wp-content\/uploads\/2020\/12\/logo-de-mist-records-rond.png","contentUrl":"https:\/\/demistrecords.nl\/wp-content\/uploads\/2020\/12\/logo-de-mist-records-rond.png","width":500,"height":500,"caption":"De Mist Records"},"image":{"@id":"https:\/\/demistrecords.nl\/#\/schema\/logo\/image\/"},"sameAs":["https:\/\/www.facebook.com\/demistrecordsnl","https:\/\/x.com\/deathroo1","https:\/\/www.instagram.com\/demist_records\/"]}]}},"_links":{"self":[{"href":"https:\/\/demistrecords.nl\/de\/wp-json\/wp\/v2\/product\/1116","targetHints":{"allow":["GET"]}}],"collection":[{"href":"https:\/\/demistrecords.nl\/de\/wp-json\/wp\/v2\/product"}],"about":[{"href":"https:\/\/demistrecords.nl\/de\/wp-json\/wp\/v2\/types\/product"}],"replies":[{"embeddable":true,"href":"https:\/\/demistrecords.nl\/de\/wp-json\/wp\/v2\/comments?post=1116"}],"wp:featuredmedia":[{"embeddable":true,"href":"https:\/\/demistrecords.nl\/de\/wp-json\/wp\/v2\/media\/1110"}],"wp:attachment":[{"href":"https:\/\/demistrecords.nl\/de\/wp-json\/wp\/v2\/media?parent=1116"}],"wp:term":[{"taxonomy":"product_brand","embeddable":true,"href":"https:\/\/demistrecords.nl\/de\/wp-json\/wp\/v2\/product_brand?post=1116"},{"taxonomy":"product_cat","embeddable":true,"href":"https:\/\/demistrecords.nl\/de\/wp-json\/wp\/v2\/product_cat?post=1116"},{"taxonomy":"product_tag","embeddable":true,"href":"https:\/\/demistrecords.nl\/de\/wp-json\/wp\/v2\/product_tag?post=1116"}],"curies":[{"name":"wp","href":"https:\/\/api.w.org\/{rel}","templated":true}]}}