{"id":112,"date":"2020-12-16T14:36:07","date_gmt":"2020-12-16T13:36:07","guid":{"rendered":"https:\/\/demistrecords.nl\/?post_type=product&#038;p=112"},"modified":"2021-11-22T18:48:22","modified_gmt":"2021-11-22T17:48:22","slug":"coldbones-the-cataclysm","status":"publish","type":"product","link":"https:\/\/demistrecords.nl\/de\/produkt\/coldbones-the-cataclysm\/","title":{"rendered":"Coldbones &#8211; The Cataclysm"},"content":{"rendered":"<p><iframe style=\"border: 0; width: 100%; height: 42px;\" src=\"https:\/\/bandcamp.com\/EmbeddedPlayer\/album=671861709\/size=small\/bgcol=333333\/linkcol=0f91ff\/transparent=true\/\" seamless=\"\"><a href=\"https:\/\/coldbonesuk.bandcamp.com\/album\/the-cataclysm\">The Cataclysm by Coldbones<\/a><\/iframe><\/p>","protected":false},"excerpt":{"rendered":"<p>Exklusiv f\u00fcr De Mist records:<br \/>\nDie letzten Alben in dieser Farbe.<\/p>\n<p>Dieses Album wurde in einer strengen Ausgabe in 2 Farben ver\u00f6ffentlicht: T\u00fcrkisschwarzer Marmor und Dunkelroter schwarzer Marmor. Nur 150 von beiden waren weltweit verf\u00fcgbar.<\/p>\n<p>Beide Farben sind mittlerweile \u00fcberall ausverkauft, es handelt sich also um die allerletzten. Verpassen Sie nicht die Gelegenheit, etwas Einzigartiges zu kaufen!<\/p>","protected":false},"featured_media":114,"comment_status":"closed","ping_status":"closed","template":"","meta":[],"product_brand":[],"product_cat":[23,15],"product_tag":[28],"class_list":{"0":"post-112","1":"product","2":"type-product","3":"status-publish","4":"has-post-thumbnail","6":"product_cat-exclusief","7":"product_cat-vinyl-12-lp","8":"product_tag-post-rock","10":"first","11":"outofstock","12":"sold-individually","13":"taxable","14":"shipping-taxable","15":"purchasable","16":"product-type-simple"},"yoast_head":"<!-- This site is optimized with the Yoast SEO plugin v27.3 - https:\/\/yoast.com\/product\/yoast-seo-wordpress\/ -->\n<title>Coldbones - The Cataclysm<\/title>\n<meta name=\"description\" content=\"Exclusief bij De Mist Records: De laatste van The Cataclysm door Coldbones in deze kleur.  Dit album verscheen in strikte oplage in 2 kleuren: Turquoise black marble en DarkRed black marble. Van beiden zijn er wereldwijd maar 150 verkrijgbaar.  Beide kleuren zijn inmiddels overal uitverkocht, dit zijn dus de allerlaatsten. Laat de kans niet liggen om iets unieks in huis te halen!\" \/>\n<meta name=\"robots\" content=\"index, follow, max-snippet:-1, max-image-preview:large, max-video-preview:-1\" \/>\n<link rel=\"canonical\" href=\"https:\/\/demistrecords.nl\/de\/produkt\/coldbones-the-cataclysm\/\" \/>\n<meta property=\"og:locale\" content=\"de_DE\" \/>\n<meta property=\"og:type\" content=\"article\" \/>\n<meta property=\"og:title\" content=\"Coldbones - The Cataclysm\" \/>\n<meta property=\"og:description\" content=\"Exclusief bij De Mist Records: De laatste van The Cataclysm door Coldbones in deze kleur.  Dit album verscheen in strikte oplage in 2 kleuren: Turquoise black marble en DarkRed black marble. Van beiden zijn er wereldwijd maar 150 verkrijgbaar.  Beide kleuren zijn inmiddels overal uitverkocht, dit zijn dus de allerlaatsten. Laat de kans niet liggen om iets unieks in huis te halen!\" \/>\n<meta property=\"og:url\" content=\"https:\/\/demistrecords.nl\/de\/produkt\/coldbones-the-cataclysm\/\" \/>\n<meta property=\"og:site_name\" content=\"De Mist Records\" \/>\n<meta property=\"article:publisher\" content=\"https:\/\/www.facebook.com\/demistrecordsnl\" \/>\n<meta property=\"article:modified_time\" content=\"2021-11-22T17:48:22+00:00\" \/>\n<meta property=\"og:image\" content=\"https:\/\/demistrecords.nl\/wp-content\/uploads\/2020\/12\/Coldbones-Cataclysm-turquise-black-marble-exclusief.jpg\" \/>\n\t<meta property=\"og:image:width\" content=\"1591\" \/>\n\t<meta property=\"og:image:height\" content=\"1591\" \/>\n\t<meta property=\"og:image:type\" content=\"image\/jpeg\" \/>\n<meta name=\"twitter:card\" content=\"summary_large_image\" \/>\n<meta name=\"twitter:site\" content=\"@deathroo1\" \/>\n<script type=\"application\/ld+json\" class=\"yoast-schema-graph\">{\"@context\":\"https:\\\/\\\/schema.org\",\"@graph\":[{\"@type\":[\"WebPage\",\"ItemPage\"],\"@id\":\"https:\\\/\\\/demistrecords.nl\\\/en\\\/product\\\/coldbones-the-cataclysm\\\/\",\"url\":\"https:\\\/\\\/demistrecords.nl\\\/en\\\/product\\\/coldbones-the-cataclysm\\\/\",\"name\":\"Coldbones - The Cataclysm\",\"isPartOf\":{\"@id\":\"https:\\\/\\\/demistrecords.nl\\\/#website\"},\"primaryImageOfPage\":{\"@id\":\"https:\\\/\\\/demistrecords.nl\\\/en\\\/product\\\/coldbones-the-cataclysm\\\/#primaryimage\"},\"image\":{\"@id\":\"https:\\\/\\\/demistrecords.nl\\\/en\\\/product\\\/coldbones-the-cataclysm\\\/#primaryimage\"},\"thumbnailUrl\":\"https:\\\/\\\/demistrecords.nl\\\/wp-content\\\/uploads\\\/2020\\\/12\\\/Coldbones-Cataclysm-turquise-black-marble-exclusief.jpg\",\"datePublished\":\"2020-12-16T13:36:07+00:00\",\"dateModified\":\"2021-11-22T17:48:22+00:00\",\"description\":\"Exclusief bij De Mist Records: De laatste van The Cataclysm door Coldbones in deze kleur. Dit album verscheen in strikte oplage in 2 kleuren: Turquoise black marble en DarkRed black marble. Van beiden zijn er wereldwijd maar 150 verkrijgbaar. Beide kleuren zijn inmiddels overal uitverkocht, dit zijn dus de allerlaatsten. Laat de kans niet liggen om iets unieks in huis te halen!\",\"breadcrumb\":{\"@id\":\"https:\\\/\\\/demistrecords.nl\\\/en\\\/product\\\/coldbones-the-cataclysm\\\/#breadcrumb\"},\"inLanguage\":\"de\",\"potentialAction\":[{\"@type\":\"ReadAction\",\"target\":[\"https:\\\/\\\/demistrecords.nl\\\/en\\\/product\\\/coldbones-the-cataclysm\\\/\"]}]},{\"@type\":\"ImageObject\",\"inLanguage\":\"de\",\"@id\":\"https:\\\/\\\/demistrecords.nl\\\/en\\\/product\\\/coldbones-the-cataclysm\\\/#primaryimage\",\"url\":\"https:\\\/\\\/demistrecords.nl\\\/wp-content\\\/uploads\\\/2020\\\/12\\\/Coldbones-Cataclysm-turquise-black-marble-exclusief.jpg\",\"contentUrl\":\"https:\\\/\\\/demistrecords.nl\\\/wp-content\\\/uploads\\\/2020\\\/12\\\/Coldbones-Cataclysm-turquise-black-marble-exclusief.jpg\",\"width\":1591,\"height\":1591},{\"@type\":\"BreadcrumbList\",\"@id\":\"https:\\\/\\\/demistrecords.nl\\\/en\\\/product\\\/coldbones-the-cataclysm\\\/#breadcrumb\",\"itemListElement\":[{\"@type\":\"ListItem\",\"position\":1,\"name\":\"Home\",\"item\":\"https:\\\/\\\/demistrecords.nl\\\/\"},{\"@type\":\"ListItem\",\"position\":2,\"name\":\"Shop\",\"item\":\"https:\\\/\\\/demistrecords.nl\\\/shop\\\/\"},{\"@type\":\"ListItem\",\"position\":3,\"name\":\"Coldbones &#8211; The Cataclysm\"}]},{\"@type\":\"WebSite\",\"@id\":\"https:\\\/\\\/demistrecords.nl\\\/#website\",\"url\":\"https:\\\/\\\/demistrecords.nl\\\/\",\"name\":\"De Mist Records\",\"description\":\"Post-rock and related music\",\"publisher\":{\"@id\":\"https:\\\/\\\/demistrecords.nl\\\/#organization\"},\"potentialAction\":[{\"@type\":\"SearchAction\",\"target\":{\"@type\":\"EntryPoint\",\"urlTemplate\":\"https:\\\/\\\/demistrecords.nl\\\/?s={search_term_string}\"},\"query-input\":{\"@type\":\"PropertyValueSpecification\",\"valueRequired\":true,\"valueName\":\"search_term_string\"}}],\"inLanguage\":\"de\"},{\"@type\":\"Organization\",\"@id\":\"https:\\\/\\\/demistrecords.nl\\\/#organization\",\"name\":\"De Mist Records\",\"url\":\"https:\\\/\\\/demistrecords.nl\\\/\",\"logo\":{\"@type\":\"ImageObject\",\"inLanguage\":\"de\",\"@id\":\"https:\\\/\\\/demistrecords.nl\\\/#\\\/schema\\\/logo\\\/image\\\/\",\"url\":\"https:\\\/\\\/demistrecords.nl\\\/wp-content\\\/uploads\\\/2020\\\/12\\\/logo-de-mist-records-rond.png\",\"contentUrl\":\"https:\\\/\\\/demistrecords.nl\\\/wp-content\\\/uploads\\\/2020\\\/12\\\/logo-de-mist-records-rond.png\",\"width\":500,\"height\":500,\"caption\":\"De Mist Records\"},\"image\":{\"@id\":\"https:\\\/\\\/demistrecords.nl\\\/#\\\/schema\\\/logo\\\/image\\\/\"},\"sameAs\":[\"https:\\\/\\\/www.facebook.com\\\/demistrecordsnl\",\"https:\\\/\\\/x.com\\\/deathroo1\",\"https:\\\/\\\/www.instagram.com\\\/demist_records\\\/\"]}]}<\/script>\n<!-- \/ Yoast SEO plugin. -->","yoast_head_json":{"title":"Coldbones - The Cataclysm","description":"Exclusief bij De Mist Records: De laatste van The Cataclysm door Coldbones in deze kleur.  Dit album verscheen in strikte oplage in 2 kleuren: Turquoise black marble en DarkRed black marble. Van beiden zijn er wereldwijd maar 150 verkrijgbaar.  Beide kleuren zijn inmiddels overal uitverkocht, dit zijn dus de allerlaatsten. Laat de kans niet liggen om iets unieks in huis te halen!","robots":{"index":"index","follow":"follow","max-snippet":"max-snippet:-1","max-image-preview":"max-image-preview:large","max-video-preview":"max-video-preview:-1"},"canonical":"https:\/\/demistrecords.nl\/de\/produkt\/coldbones-the-cataclysm\/","og_locale":"de_DE","og_type":"article","og_title":"Coldbones - The Cataclysm","og_description":"Exclusief bij De Mist Records: De laatste van The Cataclysm door Coldbones in deze kleur.  Dit album verscheen in strikte oplage in 2 kleuren: Turquoise black marble en DarkRed black marble. Van beiden zijn er wereldwijd maar 150 verkrijgbaar.  Beide kleuren zijn inmiddels overal uitverkocht, dit zijn dus de allerlaatsten. Laat de kans niet liggen om iets unieks in huis te halen!","og_url":"https:\/\/demistrecords.nl\/de\/produkt\/coldbones-the-cataclysm\/","og_site_name":"De Mist Records","article_publisher":"https:\/\/www.facebook.com\/demistrecordsnl","article_modified_time":"2021-11-22T17:48:22+00:00","og_image":[{"width":1591,"height":1591,"url":"https:\/\/demistrecords.nl\/wp-content\/uploads\/2020\/12\/Coldbones-Cataclysm-turquise-black-marble-exclusief.jpg","type":"image\/jpeg"}],"twitter_card":"summary_large_image","twitter_site":"@deathroo1","schema":{"@context":"https:\/\/schema.org","@graph":[{"@type":["WebPage","ItemPage"],"@id":"https:\/\/demistrecords.nl\/en\/product\/coldbones-the-cataclysm\/","url":"https:\/\/demistrecords.nl\/en\/product\/coldbones-the-cataclysm\/","name":"Coldbones - The Cataclysm","isPartOf":{"@id":"https:\/\/demistrecords.nl\/#website"},"primaryImageOfPage":{"@id":"https:\/\/demistrecords.nl\/en\/product\/coldbones-the-cataclysm\/#primaryimage"},"image":{"@id":"https:\/\/demistrecords.nl\/en\/product\/coldbones-the-cataclysm\/#primaryimage"},"thumbnailUrl":"https:\/\/demistrecords.nl\/wp-content\/uploads\/2020\/12\/Coldbones-Cataclysm-turquise-black-marble-exclusief.jpg","datePublished":"2020-12-16T13:36:07+00:00","dateModified":"2021-11-22T17:48:22+00:00","description":"Exclusief bij De Mist Records: De laatste van The Cataclysm door Coldbones in deze kleur. Dit album verscheen in strikte oplage in 2 kleuren: Turquoise black marble en DarkRed black marble. Van beiden zijn er wereldwijd maar 150 verkrijgbaar. Beide kleuren zijn inmiddels overal uitverkocht, dit zijn dus de allerlaatsten. Laat de kans niet liggen om iets unieks in huis te halen!","breadcrumb":{"@id":"https:\/\/demistrecords.nl\/en\/product\/coldbones-the-cataclysm\/#breadcrumb"},"inLanguage":"de","potentialAction":[{"@type":"ReadAction","target":["https:\/\/demistrecords.nl\/en\/product\/coldbones-the-cataclysm\/"]}]},{"@type":"ImageObject","inLanguage":"de","@id":"https:\/\/demistrecords.nl\/en\/product\/coldbones-the-cataclysm\/#primaryimage","url":"https:\/\/demistrecords.nl\/wp-content\/uploads\/2020\/12\/Coldbones-Cataclysm-turquise-black-marble-exclusief.jpg","contentUrl":"https:\/\/demistrecords.nl\/wp-content\/uploads\/2020\/12\/Coldbones-Cataclysm-turquise-black-marble-exclusief.jpg","width":1591,"height":1591},{"@type":"BreadcrumbList","@id":"https:\/\/demistrecords.nl\/en\/product\/coldbones-the-cataclysm\/#breadcrumb","itemListElement":[{"@type":"ListItem","position":1,"name":"Home","item":"https:\/\/demistrecords.nl\/"},{"@type":"ListItem","position":2,"name":"Shop","item":"https:\/\/demistrecords.nl\/shop\/"},{"@type":"ListItem","position":3,"name":"Coldbones &#8211; The Cataclysm"}]},{"@type":"WebSite","@id":"https:\/\/demistrecords.nl\/#website","url":"https:\/\/demistrecords.nl\/","name":"De Mist Records","description":"Post-rock and related music","publisher":{"@id":"https:\/\/demistrecords.nl\/#organization"},"potentialAction":[{"@type":"SearchAction","target":{"@type":"EntryPoint","urlTemplate":"https:\/\/demistrecords.nl\/?s={search_term_string}"},"query-input":{"@type":"PropertyValueSpecification","valueRequired":true,"valueName":"search_term_string"}}],"inLanguage":"de"},{"@type":"Organization","@id":"https:\/\/demistrecords.nl\/#organization","name":"De Mist Records","url":"https:\/\/demistrecords.nl\/","logo":{"@type":"ImageObject","inLanguage":"de","@id":"https:\/\/demistrecords.nl\/#\/schema\/logo\/image\/","url":"https:\/\/demistrecords.nl\/wp-content\/uploads\/2020\/12\/logo-de-mist-records-rond.png","contentUrl":"https:\/\/demistrecords.nl\/wp-content\/uploads\/2020\/12\/logo-de-mist-records-rond.png","width":500,"height":500,"caption":"De Mist Records"},"image":{"@id":"https:\/\/demistrecords.nl\/#\/schema\/logo\/image\/"},"sameAs":["https:\/\/www.facebook.com\/demistrecordsnl","https:\/\/x.com\/deathroo1","https:\/\/www.instagram.com\/demist_records\/"]}]}},"_links":{"self":[{"href":"https:\/\/demistrecords.nl\/de\/wp-json\/wp\/v2\/product\/112","targetHints":{"allow":["GET"]}}],"collection":[{"href":"https:\/\/demistrecords.nl\/de\/wp-json\/wp\/v2\/product"}],"about":[{"href":"https:\/\/demistrecords.nl\/de\/wp-json\/wp\/v2\/types\/product"}],"replies":[{"embeddable":true,"href":"https:\/\/demistrecords.nl\/de\/wp-json\/wp\/v2\/comments?post=112"}],"wp:featuredmedia":[{"embeddable":true,"href":"https:\/\/demistrecords.nl\/de\/wp-json\/wp\/v2\/media\/114"}],"wp:attachment":[{"href":"https:\/\/demistrecords.nl\/de\/wp-json\/wp\/v2\/media?parent=112"}],"wp:term":[{"taxonomy":"product_brand","embeddable":true,"href":"https:\/\/demistrecords.nl\/de\/wp-json\/wp\/v2\/product_brand?post=112"},{"taxonomy":"product_cat","embeddable":true,"href":"https:\/\/demistrecords.nl\/de\/wp-json\/wp\/v2\/product_cat?post=112"},{"taxonomy":"product_tag","embeddable":true,"href":"https:\/\/demistrecords.nl\/de\/wp-json\/wp\/v2\/product_tag?post=112"}],"curies":[{"name":"wp","href":"https:\/\/api.w.org\/{rel}","templated":true}]}}