{"id":1120,"date":"2021-12-28T16:28:36","date_gmt":"2021-12-28T15:28:36","guid":{"rendered":"https:\/\/demistrecords.nl\/?post_type=product&#038;p=1120"},"modified":"2025-11-28T16:40:32","modified_gmt":"2025-11-28T15:40:32","slug":"a-river-crossing-forsaken","status":"publish","type":"product","link":"https:\/\/demistrecords.nl\/de\/produkt\/a-river-crossing-forsaken\/","title":{"rendered":"A River Crossing \u2013 Forsaken"},"content":{"rendered":"<p>W\u00e4hrend A River Crossing oft in das Post-Rock-Genre abgedr\u00e4ngt wird, wahrscheinlich weil ihre Musik haupts\u00e4chlich instrumental ist, liegt ihre wahre St\u00e4rke in den starken Vocals. Keine langweiligen Texte oder l\u00e4stigen Schreie, sondern gro\u00dfe, gewagte Refrains mit herausfordernden Melodien. Es ist gewagt, aber es passt gro\u00dfartig zum Gesamtklang der Songs. Die Songs sorgen f\u00fcr eine erhebende Atmosph\u00e4re oder auch f\u00fcr eine angenehme Melancholie. Musikalisch hat diese Band aus L\u00fczern einen Weg gefunden, Post-Elemente mit Alternative\/Indie-Rock zu kombinieren und alles zu einem erkennbaren Sound zusammenzuf\u00fcgen. Es ist im Grunde unm\u00f6glich, diese Band mit anderen Bands zu vergleichen, nur weil sie sich eine Nische geschaffen haben. Obwohl diese Nische irgendwo an der Kreuzung von Long Distance Calling, Coastlands, Russian Circles und Foo Fighters zu finden sein wird.<\/p>\n<p><iframe style=\"border: 0; width: 100%; height: 42px;\" src=\"https:\/\/bandcamp.com\/EmbeddedPlayer\/album=2873095768\/size=small\/bgcol=333333\/linkcol=0f91ff\/transparent=true\/\" seamless><a href=\"https:\/\/antigonyrecords.bandcamp.com\/album\/forsaken\">Forsaken by A River Crossing<\/a><\/iframe><\/p>","protected":false},"excerpt":{"rendered":"<p>Forsaken wird auf 180 g dunkelgr\u00fcn\/hellgrau marmoriertem Vinyl in einer Gatefold-H\u00fclle geliefert, die 6 einzelne Karten enth\u00e4lt, eine f\u00fcr jeden Track.<\/p>","protected":false},"featured_media":1109,"comment_status":"closed","ping_status":"closed","template":"","meta":[],"product_brand":[],"product_cat":[15],"product_tag":[26,28],"class_list":{"0":"post-1120","1":"product","2":"type-product","3":"status-publish","4":"has-post-thumbnail","6":"product_cat-vinyl-12-lp","7":"product_tag-post-metal","8":"product_tag-post-rock","10":"first","11":"instock","12":"taxable","13":"shipping-taxable","14":"purchasable","15":"product-type-simple"},"bundled_by":[],"bundle_stock_status":"instock","bundle_stock_quantity":2,"bundle_virtual":false,"bundle_layout":"","bundle_add_to_cart_form_location":"","bundle_editable_in_cart":false,"bundle_sold_individually_context":"","bundle_item_grouping":"","bundle_min_size":"","bundle_max_size":"","bundle_price":[],"bundled_items":[],"bundle_sell_ids":[],"yoast_head":"<!-- This site is optimized with the Yoast SEO plugin v27.4 - https:\/\/yoast.com\/product\/yoast-seo-wordpress\/ -->\n<title>A River Crossing \u2013 Forsaken<\/title>\n<meta name=\"description\" content=\"Forsaken wordt geleverd op 180gr dark green\/pale grey marbled gemarmerd vinyl in een gatefold-hoes met 6 afzonderlijke kaarten, \u00e9\u00e9n voor elk nummer.\" \/>\n<meta name=\"robots\" content=\"index, follow, max-snippet:-1, max-image-preview:large, max-video-preview:-1\" \/>\n<link rel=\"canonical\" href=\"https:\/\/demistrecords.nl\/de\/produkt\/a-river-crossing-forsaken\/\" \/>\n<meta property=\"og:locale\" content=\"de_DE\" \/>\n<meta property=\"og:type\" content=\"article\" \/>\n<meta property=\"og:title\" content=\"A River Crossing \u2013 Forsaken\" \/>\n<meta property=\"og:description\" content=\"Forsaken wordt geleverd op 180gr dark green\/pale grey marbled gemarmerd vinyl in een gatefold-hoes met 6 afzonderlijke kaarten, \u00e9\u00e9n voor elk nummer.\" \/>\n<meta property=\"og:url\" content=\"https:\/\/demistrecords.nl\/de\/produkt\/a-river-crossing-forsaken\/\" \/>\n<meta property=\"og:site_name\" content=\"De Mist Records\" \/>\n<meta property=\"article:publisher\" content=\"https:\/\/www.facebook.com\/demistrecordsnl\" \/>\n<meta property=\"article:modified_time\" content=\"2025-11-28T15:40:32+00:00\" \/>\n<meta property=\"og:image\" content=\"https:\/\/demistrecords.nl\/wp-content\/uploads\/2021\/12\/A-River-Crossing-Forsaken.jpg\" \/>\n\t<meta property=\"og:image:width\" content=\"2120\" \/>\n\t<meta property=\"og:image:height\" content=\"2120\" \/>\n\t<meta property=\"og:image:type\" content=\"image\/jpeg\" \/>\n<meta name=\"twitter:card\" content=\"summary_large_image\" \/>\n<meta name=\"twitter:site\" content=\"@deathroo1\" \/>\n<meta name=\"twitter:label1\" content=\"Gesch\u00e4tzte Lesezeit\" \/>\n\t<meta name=\"twitter:data1\" content=\"1\u00a0Minute\" \/>\n<script type=\"application\/ld+json\" class=\"yoast-schema-graph\">{\"@context\":\"https:\\\/\\\/schema.org\",\"@graph\":[{\"@type\":[\"WebPage\",\"ItemPage\"],\"@id\":\"https:\\\/\\\/demistrecords.nl\\\/product\\\/a-river-crossing-forsaken\\\/\",\"url\":\"https:\\\/\\\/demistrecords.nl\\\/product\\\/a-river-crossing-forsaken\\\/\",\"name\":\"A River Crossing \u2013 Forsaken\",\"isPartOf\":{\"@id\":\"https:\\\/\\\/demistrecords.nl\\\/#website\"},\"primaryImageOfPage\":{\"@id\":\"https:\\\/\\\/demistrecords.nl\\\/product\\\/a-river-crossing-forsaken\\\/#primaryimage\"},\"image\":{\"@id\":\"https:\\\/\\\/demistrecords.nl\\\/product\\\/a-river-crossing-forsaken\\\/#primaryimage\"},\"thumbnailUrl\":\"https:\\\/\\\/demistrecords.nl\\\/wp-content\\\/uploads\\\/2021\\\/12\\\/A-River-Crossing-Forsaken.jpg\",\"datePublished\":\"2021-12-28T15:28:36+00:00\",\"dateModified\":\"2025-11-28T15:40:32+00:00\",\"description\":\"Forsaken wordt geleverd op 180gr dark green\\\/pale grey marbled gemarmerd vinyl in een gatefold-hoes met 6 afzonderlijke kaarten, \u00e9\u00e9n voor elk nummer.\",\"breadcrumb\":{\"@id\":\"https:\\\/\\\/demistrecords.nl\\\/product\\\/a-river-crossing-forsaken\\\/#breadcrumb\"},\"inLanguage\":\"de\",\"potentialAction\":[{\"@type\":\"ReadAction\",\"target\":[\"https:\\\/\\\/demistrecords.nl\\\/product\\\/a-river-crossing-forsaken\\\/\"]}]},{\"@type\":\"ImageObject\",\"inLanguage\":\"de\",\"@id\":\"https:\\\/\\\/demistrecords.nl\\\/product\\\/a-river-crossing-forsaken\\\/#primaryimage\",\"url\":\"https:\\\/\\\/demistrecords.nl\\\/wp-content\\\/uploads\\\/2021\\\/12\\\/A-River-Crossing-Forsaken.jpg\",\"contentUrl\":\"https:\\\/\\\/demistrecords.nl\\\/wp-content\\\/uploads\\\/2021\\\/12\\\/A-River-Crossing-Forsaken.jpg\",\"width\":2120,\"height\":2120},{\"@type\":\"BreadcrumbList\",\"@id\":\"https:\\\/\\\/demistrecords.nl\\\/product\\\/a-river-crossing-forsaken\\\/#breadcrumb\",\"itemListElement\":[{\"@type\":\"ListItem\",\"position\":1,\"name\":\"Home\",\"item\":\"https:\\\/\\\/demistrecords.nl\\\/\"},{\"@type\":\"ListItem\",\"position\":2,\"name\":\"Shop\",\"item\":\"https:\\\/\\\/demistrecords.nl\\\/shop\\\/\"},{\"@type\":\"ListItem\",\"position\":3,\"name\":\"A River Crossing \u2013 Forsaken\"}]},{\"@type\":\"WebSite\",\"@id\":\"https:\\\/\\\/demistrecords.nl\\\/#website\",\"url\":\"https:\\\/\\\/demistrecords.nl\\\/\",\"name\":\"De Mist Records\",\"description\":\"Post-rock and related music\",\"publisher\":{\"@id\":\"https:\\\/\\\/demistrecords.nl\\\/#organization\"},\"potentialAction\":[{\"@type\":\"SearchAction\",\"target\":{\"@type\":\"EntryPoint\",\"urlTemplate\":\"https:\\\/\\\/demistrecords.nl\\\/?s={search_term_string}\"},\"query-input\":{\"@type\":\"PropertyValueSpecification\",\"valueRequired\":true,\"valueName\":\"search_term_string\"}}],\"inLanguage\":\"de\"},{\"@type\":\"Organization\",\"@id\":\"https:\\\/\\\/demistrecords.nl\\\/#organization\",\"name\":\"De Mist Records\",\"url\":\"https:\\\/\\\/demistrecords.nl\\\/\",\"logo\":{\"@type\":\"ImageObject\",\"inLanguage\":\"de\",\"@id\":\"https:\\\/\\\/demistrecords.nl\\\/#\\\/schema\\\/logo\\\/image\\\/\",\"url\":\"https:\\\/\\\/demistrecords.nl\\\/wp-content\\\/uploads\\\/2020\\\/12\\\/logo-de-mist-records-rond.png\",\"contentUrl\":\"https:\\\/\\\/demistrecords.nl\\\/wp-content\\\/uploads\\\/2020\\\/12\\\/logo-de-mist-records-rond.png\",\"width\":500,\"height\":500,\"caption\":\"De Mist Records\"},\"image\":{\"@id\":\"https:\\\/\\\/demistrecords.nl\\\/#\\\/schema\\\/logo\\\/image\\\/\"},\"sameAs\":[\"https:\\\/\\\/www.facebook.com\\\/demistrecordsnl\",\"https:\\\/\\\/x.com\\\/deathroo1\",\"https:\\\/\\\/www.instagram.com\\\/demist_records\\\/\"]}]}<\/script>\n<!-- \/ Yoast SEO plugin. -->","yoast_head_json":{"title":"A River Crossing \u2013 Forsaken","description":"Forsaken wird auf 180 g dunkelgr\u00fcn\/hellgrau marmoriertem Vinyl in einer Gatefold-H\u00fclle geliefert, die 6 einzelne Karten enth\u00e4lt, eine f\u00fcr jeden Track.","robots":{"index":"index","follow":"follow","max-snippet":"max-snippet:-1","max-image-preview":"max-image-preview:large","max-video-preview":"max-video-preview:-1"},"canonical":"https:\/\/demistrecords.nl\/de\/produkt\/a-river-crossing-forsaken\/","og_locale":"de_DE","og_type":"article","og_title":"A River Crossing \u2013 Forsaken","og_description":"Forsaken wordt geleverd op 180gr dark green\/pale grey marbled gemarmerd vinyl in een gatefold-hoes met 6 afzonderlijke kaarten, \u00e9\u00e9n voor elk nummer.","og_url":"https:\/\/demistrecords.nl\/de\/produkt\/a-river-crossing-forsaken\/","og_site_name":"De Mist Records","article_publisher":"https:\/\/www.facebook.com\/demistrecordsnl","article_modified_time":"2025-11-28T15:40:32+00:00","og_image":[{"width":2120,"height":2120,"url":"https:\/\/demistrecords.nl\/wp-content\/uploads\/2021\/12\/A-River-Crossing-Forsaken.jpg","type":"image\/jpeg"}],"twitter_card":"summary_large_image","twitter_site":"@deathroo1","twitter_misc":{"Gesch\u00e4tzte Lesezeit":"1\u00a0Minute"},"schema":{"@context":"https:\/\/schema.org","@graph":[{"@type":["WebPage","ItemPage"],"@id":"https:\/\/demistrecords.nl\/product\/a-river-crossing-forsaken\/","url":"https:\/\/demistrecords.nl\/product\/a-river-crossing-forsaken\/","name":"A River Crossing \u2013 Forsaken","isPartOf":{"@id":"https:\/\/demistrecords.nl\/#website"},"primaryImageOfPage":{"@id":"https:\/\/demistrecords.nl\/product\/a-river-crossing-forsaken\/#primaryimage"},"image":{"@id":"https:\/\/demistrecords.nl\/product\/a-river-crossing-forsaken\/#primaryimage"},"thumbnailUrl":"https:\/\/demistrecords.nl\/wp-content\/uploads\/2021\/12\/A-River-Crossing-Forsaken.jpg","datePublished":"2021-12-28T15:28:36+00:00","dateModified":"2025-11-28T15:40:32+00:00","description":"Forsaken wird auf 180 g dunkelgr\u00fcn\/hellgrau marmoriertem Vinyl in einer Gatefold-H\u00fclle geliefert, die 6 einzelne Karten enth\u00e4lt, eine f\u00fcr jeden Track.","breadcrumb":{"@id":"https:\/\/demistrecords.nl\/product\/a-river-crossing-forsaken\/#breadcrumb"},"inLanguage":"de","potentialAction":[{"@type":"ReadAction","target":["https:\/\/demistrecords.nl\/product\/a-river-crossing-forsaken\/"]}]},{"@type":"ImageObject","inLanguage":"de","@id":"https:\/\/demistrecords.nl\/product\/a-river-crossing-forsaken\/#primaryimage","url":"https:\/\/demistrecords.nl\/wp-content\/uploads\/2021\/12\/A-River-Crossing-Forsaken.jpg","contentUrl":"https:\/\/demistrecords.nl\/wp-content\/uploads\/2021\/12\/A-River-Crossing-Forsaken.jpg","width":2120,"height":2120},{"@type":"BreadcrumbList","@id":"https:\/\/demistrecords.nl\/product\/a-river-crossing-forsaken\/#breadcrumb","itemListElement":[{"@type":"ListItem","position":1,"name":"Home","item":"https:\/\/demistrecords.nl\/"},{"@type":"ListItem","position":2,"name":"Shop","item":"https:\/\/demistrecords.nl\/shop\/"},{"@type":"ListItem","position":3,"name":"A River Crossing \u2013 Forsaken"}]},{"@type":"WebSite","@id":"https:\/\/demistrecords.nl\/#website","url":"https:\/\/demistrecords.nl\/","name":"De Mist Records","description":"Post-rock and related music","publisher":{"@id":"https:\/\/demistrecords.nl\/#organization"},"potentialAction":[{"@type":"SearchAction","target":{"@type":"EntryPoint","urlTemplate":"https:\/\/demistrecords.nl\/?s={search_term_string}"},"query-input":{"@type":"PropertyValueSpecification","valueRequired":true,"valueName":"search_term_string"}}],"inLanguage":"de"},{"@type":"Organization","@id":"https:\/\/demistrecords.nl\/#organization","name":"De Mist Records","url":"https:\/\/demistrecords.nl\/","logo":{"@type":"ImageObject","inLanguage":"de","@id":"https:\/\/demistrecords.nl\/#\/schema\/logo\/image\/","url":"https:\/\/demistrecords.nl\/wp-content\/uploads\/2020\/12\/logo-de-mist-records-rond.png","contentUrl":"https:\/\/demistrecords.nl\/wp-content\/uploads\/2020\/12\/logo-de-mist-records-rond.png","width":500,"height":500,"caption":"De Mist Records"},"image":{"@id":"https:\/\/demistrecords.nl\/#\/schema\/logo\/image\/"},"sameAs":["https:\/\/www.facebook.com\/demistrecordsnl","https:\/\/x.com\/deathroo1","https:\/\/www.instagram.com\/demist_records\/"]}]}},"_links":{"self":[{"href":"https:\/\/demistrecords.nl\/de\/wp-json\/wp\/v2\/product\/1120","targetHints":{"allow":["GET"]}}],"collection":[{"href":"https:\/\/demistrecords.nl\/de\/wp-json\/wp\/v2\/product"}],"about":[{"href":"https:\/\/demistrecords.nl\/de\/wp-json\/wp\/v2\/types\/product"}],"replies":[{"embeddable":true,"href":"https:\/\/demistrecords.nl\/de\/wp-json\/wp\/v2\/comments?post=1120"}],"wp:featuredmedia":[{"embeddable":true,"href":"https:\/\/demistrecords.nl\/de\/wp-json\/wp\/v2\/media\/1109"}],"wp:attachment":[{"href":"https:\/\/demistrecords.nl\/de\/wp-json\/wp\/v2\/media?parent=1120"}],"wp:term":[{"taxonomy":"product_brand","embeddable":true,"href":"https:\/\/demistrecords.nl\/de\/wp-json\/wp\/v2\/product_brand?post=1120"},{"taxonomy":"product_cat","embeddable":true,"href":"https:\/\/demistrecords.nl\/de\/wp-json\/wp\/v2\/product_cat?post=1120"},{"taxonomy":"product_tag","embeddable":true,"href":"https:\/\/demistrecords.nl\/de\/wp-json\/wp\/v2\/product_tag?post=1120"}],"curies":[{"name":"wp","href":"https:\/\/api.w.org\/{rel}","templated":true}]}}