{"id":1167,"date":"2022-01-21T10:16:33","date_gmt":"2022-01-21T09:16:33","guid":{"rendered":"https:\/\/demistrecords.nl\/?post_type=product&#038;p=1167"},"modified":"2022-12-28T16:42:07","modified_gmt":"2022-12-28T15:42:07","slug":"coastlands-the-further-still","status":"publish","type":"product","link":"https:\/\/demistrecords.nl\/de\/produkt\/coastlands-the-further-still\/","title":{"rendered":"Coastlands &#8211; The Further Still"},"content":{"rendered":"<p>Diese Band aus Portland, Oregon, h\u00e4tte wahrscheinlich nie gedacht, dass sie mit The Further Still einen Standard setzen w\u00fcrden. Die Atmosph\u00e4ren in Kombination mit der Leise\/Laut-Dynamik sind erstaunlich. Die Art und Weise, wie sich die Band von leise zu laut entwickelt, ist wie in der Luft zu sein, obwohl Sie nie bemerkt haben, dass Sie vom Boden abgehoben wurden. Nahtlos m\u00e4andert die Band zwischen Post-Rock und Post-Metal, ohne das Terrain des Post-Metal zu betreten. F\u00fcr Fans von Bands wie <a href=\"https:\/\/demistrecords.nl\/de\/shop\/?filter_artist=sleepmakeswaves\">Sleepmakeswaves<\/a>, <a href=\"https:\/\/demistrecords.nl\/de\/shop\/?filter_artist=i-hear-sirens\">I Hear Sirens<\/a>, <a href=\"https:\/\/demistrecords.nl\/de\/shop\/?filter_artist=baulta\">Baulta<\/a>, Tides From Nebula oder <a href=\"https:\/\/demistrecords.nl\/de\/shop\/?filter_artist=leech\">Leech<\/a>.<\/p>","protected":false},"excerpt":{"rendered":"<p>Dies ist die zweite Pressung von The Further Still.<br \/>\nKommt auf milchig klarem 180-Gramm-Vinyl mit rot\/schwarzen Splatter, in wundersch\u00f6nem Gatefold-Cover und Schutzh\u00fclle.<br \/>\nWeltweit limitiert auf 250 St\u00fcck!<\/p>","protected":false},"featured_media":1168,"comment_status":"closed","ping_status":"closed","template":"","meta":[],"product_brand":[],"product_cat":[16],"product_tag":[26,28],"class_list":{"0":"post-1167","1":"product","2":"type-product","3":"status-publish","4":"has-post-thumbnail","6":"product_cat-vinyl-12-2xlp","7":"product_tag-post-metal","8":"product_tag-post-rock","10":"first","11":"outofstock","12":"taxable","13":"shipping-taxable","14":"purchasable","15":"product-type-simple"},"bundled_by":[],"bundle_stock_status":"outofstock","bundle_stock_quantity":0,"bundle_virtual":false,"bundle_layout":"","bundle_add_to_cart_form_location":"","bundle_editable_in_cart":false,"bundle_sold_individually_context":"","bundle_item_grouping":"","bundle_min_size":"","bundle_max_size":"","bundle_price":[],"bundled_items":[],"bundle_sell_ids":[],"yoast_head":"<!-- This site is optimized with the Yoast SEO plugin v27.4 - https:\/\/yoast.com\/product\/yoast-seo-wordpress\/ -->\n<title>Coastlands - The Further Still<\/title>\n<meta name=\"description\" content=\"Dit betreft de tweede persing van The Further Still. Wordt geleverd op 180gr milky clear vinyl met rood\/zwarte splatter in prachtige gatefold-cover en beschermhoes. Wereldwijd gelimiteerd tot slechts 250 stuks.\" \/>\n<meta name=\"robots\" content=\"index, follow, max-snippet:-1, max-image-preview:large, max-video-preview:-1\" \/>\n<link rel=\"canonical\" href=\"https:\/\/demistrecords.nl\/de\/produkt\/coastlands-the-further-still\/\" \/>\n<meta property=\"og:locale\" content=\"de_DE\" \/>\n<meta property=\"og:type\" content=\"article\" \/>\n<meta property=\"og:title\" content=\"Coastlands - The Further Still\" \/>\n<meta property=\"og:description\" content=\"Dit betreft de tweede persing van The Further Still. Wordt geleverd op 180gr milky clear vinyl met rood\/zwarte splatter in prachtige gatefold-cover en beschermhoes. Wereldwijd gelimiteerd tot slechts 250 stuks.\" \/>\n<meta property=\"og:url\" content=\"https:\/\/demistrecords.nl\/de\/produkt\/coastlands-the-further-still\/\" \/>\n<meta property=\"og:site_name\" content=\"De Mist Records\" \/>\n<meta property=\"article:publisher\" content=\"https:\/\/www.facebook.com\/demistrecordsnl\" \/>\n<meta property=\"article:modified_time\" content=\"2022-12-28T15:42:07+00:00\" \/>\n<meta property=\"og:image\" content=\"https:\/\/demistrecords.nl\/wp-content\/uploads\/2022\/01\/Coastlands-The-Further-Still.jpg\" \/>\n\t<meta property=\"og:image:width\" content=\"1800\" \/>\n\t<meta property=\"og:image:height\" content=\"1800\" \/>\n\t<meta property=\"og:image:type\" content=\"image\/jpeg\" \/>\n<meta name=\"twitter:card\" content=\"summary_large_image\" \/>\n<meta name=\"twitter:site\" content=\"@deathroo1\" \/>\n<script type=\"application\/ld+json\" class=\"yoast-schema-graph\">{\"@context\":\"https:\\\/\\\/schema.org\",\"@graph\":[{\"@type\":[\"WebPage\",\"ItemPage\"],\"@id\":\"https:\\\/\\\/demistrecords.nl\\\/product\\\/coastlands-the-further-still\\\/\",\"url\":\"https:\\\/\\\/demistrecords.nl\\\/product\\\/coastlands-the-further-still\\\/\",\"name\":\"Coastlands - The Further Still\",\"isPartOf\":{\"@id\":\"https:\\\/\\\/demistrecords.nl\\\/#website\"},\"primaryImageOfPage\":{\"@id\":\"https:\\\/\\\/demistrecords.nl\\\/product\\\/coastlands-the-further-still\\\/#primaryimage\"},\"image\":{\"@id\":\"https:\\\/\\\/demistrecords.nl\\\/product\\\/coastlands-the-further-still\\\/#primaryimage\"},\"thumbnailUrl\":\"https:\\\/\\\/demistrecords.nl\\\/wp-content\\\/uploads\\\/2022\\\/01\\\/Coastlands-The-Further-Still.jpg\",\"datePublished\":\"2022-01-21T09:16:33+00:00\",\"dateModified\":\"2022-12-28T15:42:07+00:00\",\"description\":\"Dit betreft de tweede persing van The Further Still. Wordt geleverd op 180gr milky clear vinyl met rood\\\/zwarte splatter in prachtige gatefold-cover en beschermhoes. Wereldwijd gelimiteerd tot slechts 250 stuks.\",\"breadcrumb\":{\"@id\":\"https:\\\/\\\/demistrecords.nl\\\/product\\\/coastlands-the-further-still\\\/#breadcrumb\"},\"inLanguage\":\"de\",\"potentialAction\":[{\"@type\":\"ReadAction\",\"target\":[\"https:\\\/\\\/demistrecords.nl\\\/product\\\/coastlands-the-further-still\\\/\"]}]},{\"@type\":\"ImageObject\",\"inLanguage\":\"de\",\"@id\":\"https:\\\/\\\/demistrecords.nl\\\/product\\\/coastlands-the-further-still\\\/#primaryimage\",\"url\":\"https:\\\/\\\/demistrecords.nl\\\/wp-content\\\/uploads\\\/2022\\\/01\\\/Coastlands-The-Further-Still.jpg\",\"contentUrl\":\"https:\\\/\\\/demistrecords.nl\\\/wp-content\\\/uploads\\\/2022\\\/01\\\/Coastlands-The-Further-Still.jpg\",\"width\":1800,\"height\":1800,\"caption\":\"Coastlands - The Further Still\"},{\"@type\":\"BreadcrumbList\",\"@id\":\"https:\\\/\\\/demistrecords.nl\\\/product\\\/coastlands-the-further-still\\\/#breadcrumb\",\"itemListElement\":[{\"@type\":\"ListItem\",\"position\":1,\"name\":\"Home\",\"item\":\"https:\\\/\\\/demistrecords.nl\\\/\"},{\"@type\":\"ListItem\",\"position\":2,\"name\":\"Shop\",\"item\":\"https:\\\/\\\/demistrecords.nl\\\/shop\\\/\"},{\"@type\":\"ListItem\",\"position\":3,\"name\":\"Coastlands &#8211; The Further Still\"}]},{\"@type\":\"WebSite\",\"@id\":\"https:\\\/\\\/demistrecords.nl\\\/#website\",\"url\":\"https:\\\/\\\/demistrecords.nl\\\/\",\"name\":\"De Mist Records\",\"description\":\"Post-rock and related music\",\"publisher\":{\"@id\":\"https:\\\/\\\/demistrecords.nl\\\/#organization\"},\"potentialAction\":[{\"@type\":\"SearchAction\",\"target\":{\"@type\":\"EntryPoint\",\"urlTemplate\":\"https:\\\/\\\/demistrecords.nl\\\/?s={search_term_string}\"},\"query-input\":{\"@type\":\"PropertyValueSpecification\",\"valueRequired\":true,\"valueName\":\"search_term_string\"}}],\"inLanguage\":\"de\"},{\"@type\":\"Organization\",\"@id\":\"https:\\\/\\\/demistrecords.nl\\\/#organization\",\"name\":\"De Mist Records\",\"url\":\"https:\\\/\\\/demistrecords.nl\\\/\",\"logo\":{\"@type\":\"ImageObject\",\"inLanguage\":\"de\",\"@id\":\"https:\\\/\\\/demistrecords.nl\\\/#\\\/schema\\\/logo\\\/image\\\/\",\"url\":\"https:\\\/\\\/demistrecords.nl\\\/wp-content\\\/uploads\\\/2020\\\/12\\\/logo-de-mist-records-rond.png\",\"contentUrl\":\"https:\\\/\\\/demistrecords.nl\\\/wp-content\\\/uploads\\\/2020\\\/12\\\/logo-de-mist-records-rond.png\",\"width\":500,\"height\":500,\"caption\":\"De Mist Records\"},\"image\":{\"@id\":\"https:\\\/\\\/demistrecords.nl\\\/#\\\/schema\\\/logo\\\/image\\\/\"},\"sameAs\":[\"https:\\\/\\\/www.facebook.com\\\/demistrecordsnl\",\"https:\\\/\\\/x.com\\\/deathroo1\",\"https:\\\/\\\/www.instagram.com\\\/demist_records\\\/\"]}]}<\/script>\n<!-- \/ Yoast SEO plugin. -->","yoast_head_json":{"title":"Coastlands - The Further Still","description":"Dit betreft de tweede persing van The Further Still. Wordt geleverd op 180gr milky clear vinyl met rood\/zwarte splatter in prachtige gatefold-cover en beschermhoes. Wereldwijd gelimiteerd tot slechts 250 stuks.","robots":{"index":"index","follow":"follow","max-snippet":"max-snippet:-1","max-image-preview":"max-image-preview:large","max-video-preview":"max-video-preview:-1"},"canonical":"https:\/\/demistrecords.nl\/de\/produkt\/coastlands-the-further-still\/","og_locale":"de_DE","og_type":"article","og_title":"Coastlands - The Further Still","og_description":"Dit betreft de tweede persing van The Further Still. Wordt geleverd op 180gr milky clear vinyl met rood\/zwarte splatter in prachtige gatefold-cover en beschermhoes. Wereldwijd gelimiteerd tot slechts 250 stuks.","og_url":"https:\/\/demistrecords.nl\/de\/produkt\/coastlands-the-further-still\/","og_site_name":"De Mist Records","article_publisher":"https:\/\/www.facebook.com\/demistrecordsnl","article_modified_time":"2022-12-28T15:42:07+00:00","og_image":[{"width":1800,"height":1800,"url":"https:\/\/demistrecords.nl\/wp-content\/uploads\/2022\/01\/Coastlands-The-Further-Still.jpg","type":"image\/jpeg"}],"twitter_card":"summary_large_image","twitter_site":"@deathroo1","schema":{"@context":"https:\/\/schema.org","@graph":[{"@type":["WebPage","ItemPage"],"@id":"https:\/\/demistrecords.nl\/product\/coastlands-the-further-still\/","url":"https:\/\/demistrecords.nl\/product\/coastlands-the-further-still\/","name":"Coastlands - The Further Still","isPartOf":{"@id":"https:\/\/demistrecords.nl\/#website"},"primaryImageOfPage":{"@id":"https:\/\/demistrecords.nl\/product\/coastlands-the-further-still\/#primaryimage"},"image":{"@id":"https:\/\/demistrecords.nl\/product\/coastlands-the-further-still\/#primaryimage"},"thumbnailUrl":"https:\/\/demistrecords.nl\/wp-content\/uploads\/2022\/01\/Coastlands-The-Further-Still.jpg","datePublished":"2022-01-21T09:16:33+00:00","dateModified":"2022-12-28T15:42:07+00:00","description":"Dit betreft de tweede persing van The Further Still. Wordt geleverd op 180gr milky clear vinyl met rood\/zwarte splatter in prachtige gatefold-cover en beschermhoes. Wereldwijd gelimiteerd tot slechts 250 stuks.","breadcrumb":{"@id":"https:\/\/demistrecords.nl\/product\/coastlands-the-further-still\/#breadcrumb"},"inLanguage":"de","potentialAction":[{"@type":"ReadAction","target":["https:\/\/demistrecords.nl\/product\/coastlands-the-further-still\/"]}]},{"@type":"ImageObject","inLanguage":"de","@id":"https:\/\/demistrecords.nl\/product\/coastlands-the-further-still\/#primaryimage","url":"https:\/\/demistrecords.nl\/wp-content\/uploads\/2022\/01\/Coastlands-The-Further-Still.jpg","contentUrl":"https:\/\/demistrecords.nl\/wp-content\/uploads\/2022\/01\/Coastlands-The-Further-Still.jpg","width":1800,"height":1800,"caption":"Coastlands - The Further Still"},{"@type":"BreadcrumbList","@id":"https:\/\/demistrecords.nl\/product\/coastlands-the-further-still\/#breadcrumb","itemListElement":[{"@type":"ListItem","position":1,"name":"Home","item":"https:\/\/demistrecords.nl\/"},{"@type":"ListItem","position":2,"name":"Shop","item":"https:\/\/demistrecords.nl\/shop\/"},{"@type":"ListItem","position":3,"name":"Coastlands &#8211; The Further Still"}]},{"@type":"WebSite","@id":"https:\/\/demistrecords.nl\/#website","url":"https:\/\/demistrecords.nl\/","name":"De Mist Records","description":"Post-rock and related music","publisher":{"@id":"https:\/\/demistrecords.nl\/#organization"},"potentialAction":[{"@type":"SearchAction","target":{"@type":"EntryPoint","urlTemplate":"https:\/\/demistrecords.nl\/?s={search_term_string}"},"query-input":{"@type":"PropertyValueSpecification","valueRequired":true,"valueName":"search_term_string"}}],"inLanguage":"de"},{"@type":"Organization","@id":"https:\/\/demistrecords.nl\/#organization","name":"De Mist Records","url":"https:\/\/demistrecords.nl\/","logo":{"@type":"ImageObject","inLanguage":"de","@id":"https:\/\/demistrecords.nl\/#\/schema\/logo\/image\/","url":"https:\/\/demistrecords.nl\/wp-content\/uploads\/2020\/12\/logo-de-mist-records-rond.png","contentUrl":"https:\/\/demistrecords.nl\/wp-content\/uploads\/2020\/12\/logo-de-mist-records-rond.png","width":500,"height":500,"caption":"De Mist Records"},"image":{"@id":"https:\/\/demistrecords.nl\/#\/schema\/logo\/image\/"},"sameAs":["https:\/\/www.facebook.com\/demistrecordsnl","https:\/\/x.com\/deathroo1","https:\/\/www.instagram.com\/demist_records\/"]}]}},"_links":{"self":[{"href":"https:\/\/demistrecords.nl\/de\/wp-json\/wp\/v2\/product\/1167","targetHints":{"allow":["GET"]}}],"collection":[{"href":"https:\/\/demistrecords.nl\/de\/wp-json\/wp\/v2\/product"}],"about":[{"href":"https:\/\/demistrecords.nl\/de\/wp-json\/wp\/v2\/types\/product"}],"replies":[{"embeddable":true,"href":"https:\/\/demistrecords.nl\/de\/wp-json\/wp\/v2\/comments?post=1167"}],"wp:featuredmedia":[{"embeddable":true,"href":"https:\/\/demistrecords.nl\/de\/wp-json\/wp\/v2\/media\/1168"}],"wp:attachment":[{"href":"https:\/\/demistrecords.nl\/de\/wp-json\/wp\/v2\/media?parent=1167"}],"wp:term":[{"taxonomy":"product_brand","embeddable":true,"href":"https:\/\/demistrecords.nl\/de\/wp-json\/wp\/v2\/product_brand?post=1167"},{"taxonomy":"product_cat","embeddable":true,"href":"https:\/\/demistrecords.nl\/de\/wp-json\/wp\/v2\/product_cat?post=1167"},{"taxonomy":"product_tag","embeddable":true,"href":"https:\/\/demistrecords.nl\/de\/wp-json\/wp\/v2\/product_tag?post=1167"}],"curies":[{"name":"wp","href":"https:\/\/api.w.org\/{rel}","templated":true}]}}