{"id":1170,"date":"2022-01-21T11:27:18","date_gmt":"2022-01-21T10:27:18","guid":{"rendered":"https:\/\/demistrecords.nl\/?post_type=product&#038;p=1170"},"modified":"2025-09-12T13:32:47","modified_gmt":"2025-09-12T11:32:47","slug":"playgrounded-the-death-of-death","status":"publish","type":"product","link":"https:\/\/demistrecords.nl\/de\/produkt\/playgrounded-the-death-of-death\/","title":{"rendered":"Playgrounded &#8211; The Death Of Death"},"content":{"rendered":"<p>Playgrounded ist eine griechische Progressive-Metal-Band, die haupts\u00e4chlich von den Niederlanden aus operiert. Drei der f\u00fcnf Bandmitglieder haben sogar ein Diplom von niederl\u00e4ndischen Konservatorien. Das Album The Death of Death enth\u00e4lt daher Musik, die aus Meisterschaft kommt. Die Band widmet dem Komponieren der Songs viel Aufmerksamkeit, und das erzeugt eher erkennbare und einpr\u00e4gsame Musik als eine Summe von Experimenten. Jedes Detail wurde im Vorfeld sorgf\u00e4ltig geplant und ausgearbeitet, mit dem obersten Ziel, eine Gesamtheit der Teile zu schaffen, die trotz aller Einzelteile dennoch zu einem zusammenh\u00e4ngenden Ganzen f\u00fchrt. Mit anderen Worten, es ist Zusammensetzung durch Zersetzung.<\/p>","protected":false},"excerpt":{"rendered":"<p>Limitierte Auflage von:<br \/>\nOur Fire edition \u2013 320 St\u00fcck<br \/>\nRituals edition \u2013 150 St\u00fcck<br \/>\n** Bitte beachten Sie, dass das Bild zu Illustrationszwecken ein Modell ist. Das gelieferte Album sieht etwas anders aus.<\/p>","protected":false},"featured_media":1174,"comment_status":"closed","ping_status":"closed","template":"","meta":[],"product_brand":[],"product_cat":[23,22,15],"product_tag":[28,35],"class_list":{"0":"post-1170","1":"product","2":"type-product","3":"status-publish","4":"has-post-thumbnail","6":"product_cat-exclusief","7":"product_cat-sale","8":"product_cat-vinyl-12-lp","9":"product_tag-post-rock","10":"product_tag-progrock","12":"first","13":"instock","14":"sale","15":"taxable","16":"shipping-taxable","17":"purchasable","18":"product-type-variable","19":"has-default-attributes"},"yoast_head":"<!-- This site is optimized with the Yoast SEO plugin v27.3 - https:\/\/yoast.com\/product\/yoast-seo-wordpress\/ -->\n<title>Playgrounded - The Death Of Death<\/title>\n<meta name=\"description\" content=\"Gelimiteerde oplage van: Our Fire edition - 320 stuks Rituals edition - 150 stuks ** Let op, de afbeelding is een mockup ter illustratie, het geleverde album zal er iets anders uit zien.\" \/>\n<meta name=\"robots\" content=\"index, follow, max-snippet:-1, max-image-preview:large, max-video-preview:-1\" \/>\n<link rel=\"canonical\" href=\"https:\/\/demistrecords.nl\/de\/produkt\/playgrounded-the-death-of-death\/\" \/>\n<meta property=\"og:locale\" content=\"de_DE\" \/>\n<meta property=\"og:type\" content=\"article\" \/>\n<meta property=\"og:title\" content=\"Playgrounded - The Death Of Death\" \/>\n<meta property=\"og:description\" content=\"Gelimiteerde oplage van: Our Fire edition - 320 stuks Rituals edition - 150 stuks ** Let op, de afbeelding is een mockup ter illustratie, het geleverde album zal er iets anders uit zien.\" \/>\n<meta property=\"og:url\" content=\"https:\/\/demistrecords.nl\/de\/produkt\/playgrounded-the-death-of-death\/\" \/>\n<meta property=\"og:site_name\" content=\"De Mist Records\" \/>\n<meta property=\"article:publisher\" content=\"https:\/\/www.facebook.com\/demistrecordsnl\" \/>\n<meta property=\"article:modified_time\" content=\"2025-09-12T11:32:47+00:00\" \/>\n<meta property=\"og:image\" content=\"https:\/\/demistrecords.nl\/wp-content\/uploads\/2022\/01\/Playgrounded-The-death-of-death-Our-fire-edition.jpg\" \/>\n\t<meta property=\"og:image:width\" content=\"2120\" \/>\n\t<meta property=\"og:image:height\" content=\"2120\" \/>\n\t<meta property=\"og:image:type\" content=\"image\/jpeg\" \/>\n<meta name=\"twitter:card\" content=\"summary_large_image\" \/>\n<meta name=\"twitter:site\" content=\"@deathroo1\" \/>\n<meta name=\"twitter:label1\" content=\"Gesch\u00e4tzte Lesezeit\" \/>\n\t<meta name=\"twitter:data1\" content=\"1\u00a0Minute\" \/>\n<script type=\"application\/ld+json\" class=\"yoast-schema-graph\">{\"@context\":\"https:\\\/\\\/schema.org\",\"@graph\":[{\"@type\":[\"WebPage\",\"ItemPage\"],\"@id\":\"https:\\\/\\\/demistrecords.nl\\\/product\\\/playgrounded-the-death-of-death\\\/\",\"url\":\"https:\\\/\\\/demistrecords.nl\\\/product\\\/playgrounded-the-death-of-death\\\/\",\"name\":\"Playgrounded - The Death Of Death\",\"isPartOf\":{\"@id\":\"https:\\\/\\\/demistrecords.nl\\\/#website\"},\"primaryImageOfPage\":{\"@id\":\"https:\\\/\\\/demistrecords.nl\\\/product\\\/playgrounded-the-death-of-death\\\/#primaryimage\"},\"image\":{\"@id\":\"https:\\\/\\\/demistrecords.nl\\\/product\\\/playgrounded-the-death-of-death\\\/#primaryimage\"},\"thumbnailUrl\":\"https:\\\/\\\/demistrecords.nl\\\/wp-content\\\/uploads\\\/2022\\\/01\\\/Playgrounded-The-death-of-death-Our-fire-edition.jpg\",\"datePublished\":\"2022-01-21T10:27:18+00:00\",\"dateModified\":\"2025-09-12T11:32:47+00:00\",\"description\":\"Gelimiteerde oplage van: Our Fire edition - 320 stuks Rituals edition - 150 stuks ** Let op, de afbeelding is een mockup ter illustratie, het geleverde album zal er iets anders uit zien.\",\"breadcrumb\":{\"@id\":\"https:\\\/\\\/demistrecords.nl\\\/product\\\/playgrounded-the-death-of-death\\\/#breadcrumb\"},\"inLanguage\":\"de\",\"potentialAction\":[{\"@type\":\"ReadAction\",\"target\":[\"https:\\\/\\\/demistrecords.nl\\\/product\\\/playgrounded-the-death-of-death\\\/\"]}]},{\"@type\":\"ImageObject\",\"inLanguage\":\"de\",\"@id\":\"https:\\\/\\\/demistrecords.nl\\\/product\\\/playgrounded-the-death-of-death\\\/#primaryimage\",\"url\":\"https:\\\/\\\/demistrecords.nl\\\/wp-content\\\/uploads\\\/2022\\\/01\\\/Playgrounded-The-death-of-death-Our-fire-edition.jpg\",\"contentUrl\":\"https:\\\/\\\/demistrecords.nl\\\/wp-content\\\/uploads\\\/2022\\\/01\\\/Playgrounded-The-death-of-death-Our-fire-edition.jpg\",\"width\":2120,\"height\":2120,\"caption\":\"Playgrounded - The death of death - Our fire edition\"},{\"@type\":\"BreadcrumbList\",\"@id\":\"https:\\\/\\\/demistrecords.nl\\\/product\\\/playgrounded-the-death-of-death\\\/#breadcrumb\",\"itemListElement\":[{\"@type\":\"ListItem\",\"position\":1,\"name\":\"Home\",\"item\":\"https:\\\/\\\/demistrecords.nl\\\/\"},{\"@type\":\"ListItem\",\"position\":2,\"name\":\"Shop\",\"item\":\"https:\\\/\\\/demistrecords.nl\\\/shop\\\/\"},{\"@type\":\"ListItem\",\"position\":3,\"name\":\"Playgrounded &#8211; The Death Of Death\"}]},{\"@type\":\"WebSite\",\"@id\":\"https:\\\/\\\/demistrecords.nl\\\/#website\",\"url\":\"https:\\\/\\\/demistrecords.nl\\\/\",\"name\":\"De Mist Records\",\"description\":\"Post-rock and related music\",\"publisher\":{\"@id\":\"https:\\\/\\\/demistrecords.nl\\\/#organization\"},\"potentialAction\":[{\"@type\":\"SearchAction\",\"target\":{\"@type\":\"EntryPoint\",\"urlTemplate\":\"https:\\\/\\\/demistrecords.nl\\\/?s={search_term_string}\"},\"query-input\":{\"@type\":\"PropertyValueSpecification\",\"valueRequired\":true,\"valueName\":\"search_term_string\"}}],\"inLanguage\":\"de\"},{\"@type\":\"Organization\",\"@id\":\"https:\\\/\\\/demistrecords.nl\\\/#organization\",\"name\":\"De Mist Records\",\"url\":\"https:\\\/\\\/demistrecords.nl\\\/\",\"logo\":{\"@type\":\"ImageObject\",\"inLanguage\":\"de\",\"@id\":\"https:\\\/\\\/demistrecords.nl\\\/#\\\/schema\\\/logo\\\/image\\\/\",\"url\":\"https:\\\/\\\/demistrecords.nl\\\/wp-content\\\/uploads\\\/2020\\\/12\\\/logo-de-mist-records-rond.png\",\"contentUrl\":\"https:\\\/\\\/demistrecords.nl\\\/wp-content\\\/uploads\\\/2020\\\/12\\\/logo-de-mist-records-rond.png\",\"width\":500,\"height\":500,\"caption\":\"De Mist Records\"},\"image\":{\"@id\":\"https:\\\/\\\/demistrecords.nl\\\/#\\\/schema\\\/logo\\\/image\\\/\"},\"sameAs\":[\"https:\\\/\\\/www.facebook.com\\\/demistrecordsnl\",\"https:\\\/\\\/x.com\\\/deathroo1\",\"https:\\\/\\\/www.instagram.com\\\/demist_records\\\/\"]}]}<\/script>\n<!-- \/ Yoast SEO plugin. -->","yoast_head_json":{"title":"Playgrounded - The Death Of Death","description":"Gelimiteerde oplage van: Our Fire edition - 320 stuks Rituals edition - 150 stuks ** Let op, de afbeelding is een mockup ter illustratie, het geleverde album zal er iets anders uit zien.","robots":{"index":"index","follow":"follow","max-snippet":"max-snippet:-1","max-image-preview":"max-image-preview:large","max-video-preview":"max-video-preview:-1"},"canonical":"https:\/\/demistrecords.nl\/de\/produkt\/playgrounded-the-death-of-death\/","og_locale":"de_DE","og_type":"article","og_title":"Playgrounded - The Death Of Death","og_description":"Gelimiteerde oplage van: Our Fire edition - 320 stuks Rituals edition - 150 stuks ** Let op, de afbeelding is een mockup ter illustratie, het geleverde album zal er iets anders uit zien.","og_url":"https:\/\/demistrecords.nl\/de\/produkt\/playgrounded-the-death-of-death\/","og_site_name":"De Mist Records","article_publisher":"https:\/\/www.facebook.com\/demistrecordsnl","article_modified_time":"2025-09-12T11:32:47+00:00","og_image":[{"width":2120,"height":2120,"url":"https:\/\/demistrecords.nl\/wp-content\/uploads\/2022\/01\/Playgrounded-The-death-of-death-Our-fire-edition.jpg","type":"image\/jpeg"}],"twitter_card":"summary_large_image","twitter_site":"@deathroo1","twitter_misc":{"Gesch\u00e4tzte Lesezeit":"1\u00a0Minute"},"schema":{"@context":"https:\/\/schema.org","@graph":[{"@type":["WebPage","ItemPage"],"@id":"https:\/\/demistrecords.nl\/product\/playgrounded-the-death-of-death\/","url":"https:\/\/demistrecords.nl\/product\/playgrounded-the-death-of-death\/","name":"Playgrounded - The Death Of Death","isPartOf":{"@id":"https:\/\/demistrecords.nl\/#website"},"primaryImageOfPage":{"@id":"https:\/\/demistrecords.nl\/product\/playgrounded-the-death-of-death\/#primaryimage"},"image":{"@id":"https:\/\/demistrecords.nl\/product\/playgrounded-the-death-of-death\/#primaryimage"},"thumbnailUrl":"https:\/\/demistrecords.nl\/wp-content\/uploads\/2022\/01\/Playgrounded-The-death-of-death-Our-fire-edition.jpg","datePublished":"2022-01-21T10:27:18+00:00","dateModified":"2025-09-12T11:32:47+00:00","description":"Gelimiteerde oplage van: Our Fire edition - 320 stuks Rituals edition - 150 stuks ** Let op, de afbeelding is een mockup ter illustratie, het geleverde album zal er iets anders uit zien.","breadcrumb":{"@id":"https:\/\/demistrecords.nl\/product\/playgrounded-the-death-of-death\/#breadcrumb"},"inLanguage":"de","potentialAction":[{"@type":"ReadAction","target":["https:\/\/demistrecords.nl\/product\/playgrounded-the-death-of-death\/"]}]},{"@type":"ImageObject","inLanguage":"de","@id":"https:\/\/demistrecords.nl\/product\/playgrounded-the-death-of-death\/#primaryimage","url":"https:\/\/demistrecords.nl\/wp-content\/uploads\/2022\/01\/Playgrounded-The-death-of-death-Our-fire-edition.jpg","contentUrl":"https:\/\/demistrecords.nl\/wp-content\/uploads\/2022\/01\/Playgrounded-The-death-of-death-Our-fire-edition.jpg","width":2120,"height":2120,"caption":"Playgrounded - The death of death - Our fire edition"},{"@type":"BreadcrumbList","@id":"https:\/\/demistrecords.nl\/product\/playgrounded-the-death-of-death\/#breadcrumb","itemListElement":[{"@type":"ListItem","position":1,"name":"Home","item":"https:\/\/demistrecords.nl\/"},{"@type":"ListItem","position":2,"name":"Shop","item":"https:\/\/demistrecords.nl\/shop\/"},{"@type":"ListItem","position":3,"name":"Playgrounded &#8211; The Death Of Death"}]},{"@type":"WebSite","@id":"https:\/\/demistrecords.nl\/#website","url":"https:\/\/demistrecords.nl\/","name":"De Mist Records","description":"Post-rock and related music","publisher":{"@id":"https:\/\/demistrecords.nl\/#organization"},"potentialAction":[{"@type":"SearchAction","target":{"@type":"EntryPoint","urlTemplate":"https:\/\/demistrecords.nl\/?s={search_term_string}"},"query-input":{"@type":"PropertyValueSpecification","valueRequired":true,"valueName":"search_term_string"}}],"inLanguage":"de"},{"@type":"Organization","@id":"https:\/\/demistrecords.nl\/#organization","name":"De Mist Records","url":"https:\/\/demistrecords.nl\/","logo":{"@type":"ImageObject","inLanguage":"de","@id":"https:\/\/demistrecords.nl\/#\/schema\/logo\/image\/","url":"https:\/\/demistrecords.nl\/wp-content\/uploads\/2020\/12\/logo-de-mist-records-rond.png","contentUrl":"https:\/\/demistrecords.nl\/wp-content\/uploads\/2020\/12\/logo-de-mist-records-rond.png","width":500,"height":500,"caption":"De Mist Records"},"image":{"@id":"https:\/\/demistrecords.nl\/#\/schema\/logo\/image\/"},"sameAs":["https:\/\/www.facebook.com\/demistrecordsnl","https:\/\/x.com\/deathroo1","https:\/\/www.instagram.com\/demist_records\/"]}]}},"_links":{"self":[{"href":"https:\/\/demistrecords.nl\/de\/wp-json\/wp\/v2\/product\/1170","targetHints":{"allow":["GET"]}}],"collection":[{"href":"https:\/\/demistrecords.nl\/de\/wp-json\/wp\/v2\/product"}],"about":[{"href":"https:\/\/demistrecords.nl\/de\/wp-json\/wp\/v2\/types\/product"}],"replies":[{"embeddable":true,"href":"https:\/\/demistrecords.nl\/de\/wp-json\/wp\/v2\/comments?post=1170"}],"wp:featuredmedia":[{"embeddable":true,"href":"https:\/\/demistrecords.nl\/de\/wp-json\/wp\/v2\/media\/1174"}],"wp:attachment":[{"href":"https:\/\/demistrecords.nl\/de\/wp-json\/wp\/v2\/media?parent=1170"}],"wp:term":[{"taxonomy":"product_brand","embeddable":true,"href":"https:\/\/demistrecords.nl\/de\/wp-json\/wp\/v2\/product_brand?post=1170"},{"taxonomy":"product_cat","embeddable":true,"href":"https:\/\/demistrecords.nl\/de\/wp-json\/wp\/v2\/product_cat?post=1170"},{"taxonomy":"product_tag","embeddable":true,"href":"https:\/\/demistrecords.nl\/de\/wp-json\/wp\/v2\/product_tag?post=1170"}],"curies":[{"name":"wp","href":"https:\/\/api.w.org\/{rel}","templated":true}]}}