{"id":119,"date":"2020-12-21T17:25:48","date_gmt":"2020-12-21T16:25:48","guid":{"rendered":"https:\/\/demistrecords.nl\/?post_type=product&#038;p=119"},"modified":"2021-11-22T18:48:47","modified_gmt":"2021-11-22T17:48:47","slug":"six-days-of-calm-the-oceans-lullaby","status":"publish","type":"product","link":"https:\/\/demistrecords.nl\/de\/produkt\/six-days-of-calm-the-oceans-lullaby\/","title":{"rendered":"Six Days Of Calm &#8211; The Ocean&#8217;s Lullaby"},"content":{"rendered":"<p><iframe loading=\"lazy\" title=\"SIX DAYS OF CALM - The Ocean&#039;s Lullaby [Album] (2020)\" width=\"1020\" height=\"574\" src=\"https:\/\/www.youtube.com\/embed\/z59enF65uSY?feature=oembed\" frameborder=\"0\" allow=\"accelerometer; autoplay; clipboard-write; encrypted-media; gyroscope; picture-in-picture\" allowfullscreen><\/iframe><\/p>\n<p>&nbsp;<\/p>\n","protected":false},"excerpt":{"rendered":"<p>Exklusiv f\u00fcr De Mist records:<br \/>\nWeltweit sind nur 100 St\u00fcck dieser Version in Blue Marbled Transparent erh\u00e4ltlich. Wir haben die letzten 4 St\u00fccke.<\/p>","protected":false},"featured_media":195,"comment_status":"closed","ping_status":"closed","template":"","meta":[],"product_brand":[],"product_cat":[23,16],"product_tag":[28],"class_list":{"0":"post-119","1":"product","2":"type-product","3":"status-publish","4":"has-post-thumbnail","6":"product_cat-exclusief","7":"product_cat-vinyl-12-2xlp","8":"product_tag-post-rock","10":"first","11":"outofstock","12":"sold-individually","13":"taxable","14":"shipping-taxable","15":"purchasable","16":"product-type-simple"},"yoast_head":"<!-- This site is optimized with the Yoast SEO plugin v27.3 - https:\/\/yoast.com\/product\/yoast-seo-wordpress\/ -->\n<title>Six Days Of Calm - The Ocean&#039;s Lullaby<\/title>\n<meta name=\"description\" content=\"Exclusief bij De Mist Records: Van deze versie in Blue Marbled Transparent zijn er slechts 100 stuks wereldwijd verkrijgbaar. Wij hebben de laatste 4 stuks.\" \/>\n<meta name=\"robots\" content=\"index, follow, max-snippet:-1, max-image-preview:large, max-video-preview:-1\" \/>\n<link rel=\"canonical\" href=\"https:\/\/demistrecords.nl\/de\/produkt\/six-days-of-calm-the-oceans-lullaby\/\" \/>\n<meta property=\"og:locale\" content=\"de_DE\" \/>\n<meta property=\"og:type\" content=\"article\" \/>\n<meta property=\"og:title\" content=\"Six Days Of Calm - The Ocean&#039;s Lullaby\" \/>\n<meta property=\"og:description\" content=\"Exclusief bij De Mist Records: Van deze versie in Blue Marbled Transparent zijn er slechts 100 stuks wereldwijd verkrijgbaar. Wij hebben de laatste 4 stuks.\" \/>\n<meta property=\"og:url\" content=\"https:\/\/demistrecords.nl\/de\/produkt\/six-days-of-calm-the-oceans-lullaby\/\" \/>\n<meta property=\"og:site_name\" content=\"De Mist Records\" \/>\n<meta property=\"article:publisher\" content=\"https:\/\/www.facebook.com\/demistrecordsnl\" \/>\n<meta property=\"article:modified_time\" content=\"2021-11-22T17:48:47+00:00\" \/>\n<meta property=\"og:image\" content=\"https:\/\/demistrecords.nl\/wp-content\/uploads\/2020\/12\/Six_Days_of_Calm_Oceans_Lullaby-1.jpeg\" \/>\n\t<meta property=\"og:image:width\" content=\"1944\" \/>\n\t<meta property=\"og:image:height\" content=\"1944\" \/>\n\t<meta property=\"og:image:type\" content=\"image\/jpeg\" \/>\n<meta name=\"twitter:card\" content=\"summary_large_image\" \/>\n<meta name=\"twitter:site\" content=\"@deathroo1\" \/>\n<script type=\"application\/ld+json\" class=\"yoast-schema-graph\">{\"@context\":\"https:\\\/\\\/schema.org\",\"@graph\":[{\"@type\":[\"WebPage\",\"ItemPage\"],\"@id\":\"https:\\\/\\\/demistrecords.nl\\\/product\\\/six-days-of-calm-the-oceans-lullaby\\\/\",\"url\":\"https:\\\/\\\/demistrecords.nl\\\/product\\\/six-days-of-calm-the-oceans-lullaby\\\/\",\"name\":\"Six Days Of Calm - The Ocean's Lullaby\",\"isPartOf\":{\"@id\":\"https:\\\/\\\/demistrecords.nl\\\/#website\"},\"primaryImageOfPage\":{\"@id\":\"https:\\\/\\\/demistrecords.nl\\\/product\\\/six-days-of-calm-the-oceans-lullaby\\\/#primaryimage\"},\"image\":{\"@id\":\"https:\\\/\\\/demistrecords.nl\\\/product\\\/six-days-of-calm-the-oceans-lullaby\\\/#primaryimage\"},\"thumbnailUrl\":\"https:\\\/\\\/demistrecords.nl\\\/wp-content\\\/uploads\\\/2020\\\/12\\\/Six_Days_of_Calm_Oceans_Lullaby-1.jpeg\",\"datePublished\":\"2020-12-21T16:25:48+00:00\",\"dateModified\":\"2021-11-22T17:48:47+00:00\",\"description\":\"Exclusief bij De Mist Records: Van deze versie in Blue Marbled Transparent zijn er slechts 100 stuks wereldwijd verkrijgbaar. Wij hebben de laatste 4 stuks.\",\"breadcrumb\":{\"@id\":\"https:\\\/\\\/demistrecords.nl\\\/product\\\/six-days-of-calm-the-oceans-lullaby\\\/#breadcrumb\"},\"inLanguage\":\"de\",\"potentialAction\":[{\"@type\":\"ReadAction\",\"target\":[\"https:\\\/\\\/demistrecords.nl\\\/product\\\/six-days-of-calm-the-oceans-lullaby\\\/\"]}]},{\"@type\":\"ImageObject\",\"inLanguage\":\"de\",\"@id\":\"https:\\\/\\\/demistrecords.nl\\\/product\\\/six-days-of-calm-the-oceans-lullaby\\\/#primaryimage\",\"url\":\"https:\\\/\\\/demistrecords.nl\\\/wp-content\\\/uploads\\\/2020\\\/12\\\/Six_Days_of_Calm_Oceans_Lullaby-1.jpeg\",\"contentUrl\":\"https:\\\/\\\/demistrecords.nl\\\/wp-content\\\/uploads\\\/2020\\\/12\\\/Six_Days_of_Calm_Oceans_Lullaby-1.jpeg\",\"width\":1944,\"height\":1944},{\"@type\":\"BreadcrumbList\",\"@id\":\"https:\\\/\\\/demistrecords.nl\\\/product\\\/six-days-of-calm-the-oceans-lullaby\\\/#breadcrumb\",\"itemListElement\":[{\"@type\":\"ListItem\",\"position\":1,\"name\":\"Home\",\"item\":\"https:\\\/\\\/demistrecords.nl\\\/\"},{\"@type\":\"ListItem\",\"position\":2,\"name\":\"Shop\",\"item\":\"https:\\\/\\\/demistrecords.nl\\\/shop\\\/\"},{\"@type\":\"ListItem\",\"position\":3,\"name\":\"Six Days Of Calm &#8211; The Ocean&#8217;s Lullaby\"}]},{\"@type\":\"WebSite\",\"@id\":\"https:\\\/\\\/demistrecords.nl\\\/#website\",\"url\":\"https:\\\/\\\/demistrecords.nl\\\/\",\"name\":\"De Mist Records\",\"description\":\"Post-rock and related music\",\"publisher\":{\"@id\":\"https:\\\/\\\/demistrecords.nl\\\/#organization\"},\"potentialAction\":[{\"@type\":\"SearchAction\",\"target\":{\"@type\":\"EntryPoint\",\"urlTemplate\":\"https:\\\/\\\/demistrecords.nl\\\/?s={search_term_string}\"},\"query-input\":{\"@type\":\"PropertyValueSpecification\",\"valueRequired\":true,\"valueName\":\"search_term_string\"}}],\"inLanguage\":\"de\"},{\"@type\":\"Organization\",\"@id\":\"https:\\\/\\\/demistrecords.nl\\\/#organization\",\"name\":\"De Mist Records\",\"url\":\"https:\\\/\\\/demistrecords.nl\\\/\",\"logo\":{\"@type\":\"ImageObject\",\"inLanguage\":\"de\",\"@id\":\"https:\\\/\\\/demistrecords.nl\\\/#\\\/schema\\\/logo\\\/image\\\/\",\"url\":\"https:\\\/\\\/demistrecords.nl\\\/wp-content\\\/uploads\\\/2020\\\/12\\\/logo-de-mist-records-rond.png\",\"contentUrl\":\"https:\\\/\\\/demistrecords.nl\\\/wp-content\\\/uploads\\\/2020\\\/12\\\/logo-de-mist-records-rond.png\",\"width\":500,\"height\":500,\"caption\":\"De Mist Records\"},\"image\":{\"@id\":\"https:\\\/\\\/demistrecords.nl\\\/#\\\/schema\\\/logo\\\/image\\\/\"},\"sameAs\":[\"https:\\\/\\\/www.facebook.com\\\/demistrecordsnl\",\"https:\\\/\\\/x.com\\\/deathroo1\",\"https:\\\/\\\/www.instagram.com\\\/demist_records\\\/\"]}]}<\/script>\n<!-- \/ Yoast SEO plugin. -->","yoast_head_json":{"title":"Six Days Of Calm - The Ocean's Lullaby","description":"Exclusief bij De Mist Records: Van deze versie in Blue Marbled Transparent zijn er slechts 100 stuks wereldwijd verkrijgbaar. Wij hebben de laatste 4 stuks.","robots":{"index":"index","follow":"follow","max-snippet":"max-snippet:-1","max-image-preview":"max-image-preview:large","max-video-preview":"max-video-preview:-1"},"canonical":"https:\/\/demistrecords.nl\/de\/produkt\/six-days-of-calm-the-oceans-lullaby\/","og_locale":"de_DE","og_type":"article","og_title":"Six Days Of Calm - The Ocean's Lullaby","og_description":"Exclusief bij De Mist Records: Van deze versie in Blue Marbled Transparent zijn er slechts 100 stuks wereldwijd verkrijgbaar. Wij hebben de laatste 4 stuks.","og_url":"https:\/\/demistrecords.nl\/de\/produkt\/six-days-of-calm-the-oceans-lullaby\/","og_site_name":"De Mist Records","article_publisher":"https:\/\/www.facebook.com\/demistrecordsnl","article_modified_time":"2021-11-22T17:48:47+00:00","og_image":[{"width":1944,"height":1944,"url":"https:\/\/demistrecords.nl\/wp-content\/uploads\/2020\/12\/Six_Days_of_Calm_Oceans_Lullaby-1.jpeg","type":"image\/jpeg"}],"twitter_card":"summary_large_image","twitter_site":"@deathroo1","schema":{"@context":"https:\/\/schema.org","@graph":[{"@type":["WebPage","ItemPage"],"@id":"https:\/\/demistrecords.nl\/product\/six-days-of-calm-the-oceans-lullaby\/","url":"https:\/\/demistrecords.nl\/product\/six-days-of-calm-the-oceans-lullaby\/","name":"Six Days Of Calm - The Ocean's Lullaby","isPartOf":{"@id":"https:\/\/demistrecords.nl\/#website"},"primaryImageOfPage":{"@id":"https:\/\/demistrecords.nl\/product\/six-days-of-calm-the-oceans-lullaby\/#primaryimage"},"image":{"@id":"https:\/\/demistrecords.nl\/product\/six-days-of-calm-the-oceans-lullaby\/#primaryimage"},"thumbnailUrl":"https:\/\/demistrecords.nl\/wp-content\/uploads\/2020\/12\/Six_Days_of_Calm_Oceans_Lullaby-1.jpeg","datePublished":"2020-12-21T16:25:48+00:00","dateModified":"2021-11-22T17:48:47+00:00","description":"Exclusief bij De Mist Records: Van deze versie in Blue Marbled Transparent zijn er slechts 100 stuks wereldwijd verkrijgbaar. Wij hebben de laatste 4 stuks.","breadcrumb":{"@id":"https:\/\/demistrecords.nl\/product\/six-days-of-calm-the-oceans-lullaby\/#breadcrumb"},"inLanguage":"de","potentialAction":[{"@type":"ReadAction","target":["https:\/\/demistrecords.nl\/product\/six-days-of-calm-the-oceans-lullaby\/"]}]},{"@type":"ImageObject","inLanguage":"de","@id":"https:\/\/demistrecords.nl\/product\/six-days-of-calm-the-oceans-lullaby\/#primaryimage","url":"https:\/\/demistrecords.nl\/wp-content\/uploads\/2020\/12\/Six_Days_of_Calm_Oceans_Lullaby-1.jpeg","contentUrl":"https:\/\/demistrecords.nl\/wp-content\/uploads\/2020\/12\/Six_Days_of_Calm_Oceans_Lullaby-1.jpeg","width":1944,"height":1944},{"@type":"BreadcrumbList","@id":"https:\/\/demistrecords.nl\/product\/six-days-of-calm-the-oceans-lullaby\/#breadcrumb","itemListElement":[{"@type":"ListItem","position":1,"name":"Home","item":"https:\/\/demistrecords.nl\/"},{"@type":"ListItem","position":2,"name":"Shop","item":"https:\/\/demistrecords.nl\/shop\/"},{"@type":"ListItem","position":3,"name":"Six Days Of Calm &#8211; The Ocean&#8217;s Lullaby"}]},{"@type":"WebSite","@id":"https:\/\/demistrecords.nl\/#website","url":"https:\/\/demistrecords.nl\/","name":"De Mist Records","description":"Post-rock and related music","publisher":{"@id":"https:\/\/demistrecords.nl\/#organization"},"potentialAction":[{"@type":"SearchAction","target":{"@type":"EntryPoint","urlTemplate":"https:\/\/demistrecords.nl\/?s={search_term_string}"},"query-input":{"@type":"PropertyValueSpecification","valueRequired":true,"valueName":"search_term_string"}}],"inLanguage":"de"},{"@type":"Organization","@id":"https:\/\/demistrecords.nl\/#organization","name":"De Mist Records","url":"https:\/\/demistrecords.nl\/","logo":{"@type":"ImageObject","inLanguage":"de","@id":"https:\/\/demistrecords.nl\/#\/schema\/logo\/image\/","url":"https:\/\/demistrecords.nl\/wp-content\/uploads\/2020\/12\/logo-de-mist-records-rond.png","contentUrl":"https:\/\/demistrecords.nl\/wp-content\/uploads\/2020\/12\/logo-de-mist-records-rond.png","width":500,"height":500,"caption":"De Mist Records"},"image":{"@id":"https:\/\/demistrecords.nl\/#\/schema\/logo\/image\/"},"sameAs":["https:\/\/www.facebook.com\/demistrecordsnl","https:\/\/x.com\/deathroo1","https:\/\/www.instagram.com\/demist_records\/"]}]}},"_links":{"self":[{"href":"https:\/\/demistrecords.nl\/de\/wp-json\/wp\/v2\/product\/119","targetHints":{"allow":["GET"]}}],"collection":[{"href":"https:\/\/demistrecords.nl\/de\/wp-json\/wp\/v2\/product"}],"about":[{"href":"https:\/\/demistrecords.nl\/de\/wp-json\/wp\/v2\/types\/product"}],"replies":[{"embeddable":true,"href":"https:\/\/demistrecords.nl\/de\/wp-json\/wp\/v2\/comments?post=119"}],"wp:featuredmedia":[{"embeddable":true,"href":"https:\/\/demistrecords.nl\/de\/wp-json\/wp\/v2\/media\/195"}],"wp:attachment":[{"href":"https:\/\/demistrecords.nl\/de\/wp-json\/wp\/v2\/media?parent=119"}],"wp:term":[{"taxonomy":"product_brand","embeddable":true,"href":"https:\/\/demistrecords.nl\/de\/wp-json\/wp\/v2\/product_brand?post=119"},{"taxonomy":"product_cat","embeddable":true,"href":"https:\/\/demistrecords.nl\/de\/wp-json\/wp\/v2\/product_cat?post=119"},{"taxonomy":"product_tag","embeddable":true,"href":"https:\/\/demistrecords.nl\/de\/wp-json\/wp\/v2\/product_tag?post=119"}],"curies":[{"name":"wp","href":"https:\/\/api.w.org\/{rel}","templated":true}]}}