{"id":1276,"date":"2022-02-25T15:00:30","date_gmt":"2022-02-25T14:00:30","guid":{"rendered":"https:\/\/demistrecords.nl\/?post_type=product&#038;p=1276"},"modified":"2026-03-28T18:11:55","modified_gmt":"2026-03-28T17:11:55","slug":"wanheda-desert-of-real","status":"publish","type":"product","link":"https:\/\/demistrecords.nl\/de\/produkt\/wanheda-desert-of-real\/","title":{"rendered":"Wanheda &#8211; Desert Of Real"},"content":{"rendered":"<p>Das belgische Post-Rock-Kollektiv Wanheda ver\u00f6ffentlichte mit Desert Of Real sein erstes Deb\u00fctalbum in voller L\u00e4nge und De Mist Records arbeitet nun mit der Band an der physischen Ver\u00f6ffentlichung auf Vinyl zusammen. Das Album kommt in zwei Versionen, in limitierten Auflagen von 100 und 200 Exemplaren. Dieses Doppelalbum konzentriert sich auf das Thema Technologie- und Social-Media-Sucht und verwendet die Geschichte des Pariser Urteils als Allegorie des Zugriffs auf Technologie und der damit verbundenen Selbstbesessenheit. 11 lebhafte Kompositionen, die besonders Fans von Bands wie Mono, Wang Wen, This Will Destroy You und Caspian ansprechen werden.<\/p>\n<p><iframe style=\"border: 0; width: 100%; height: 42px;\" src=\"https:\/\/bandcamp.com\/EmbeddedPlayer\/album=2243310274\/size=small\/bgcol=333333\/linkcol=0f91ff\/transparent=true\/\" seamless=\"\"><a href=\"https:\/\/wanhedaband.bandcamp.com\/album\/desert-of-real\">Desert of Real by WANHEDA<\/a><\/iframe><\/p>","protected":false},"excerpt":{"rendered":"<p>Desert Of Real kommt in diesen Versionen in einem wundersch\u00f6n gestalteten Gatefold-Cover aus reversed cardboard:<br \/>\n&#8211; <em>Akathisia<\/em> Edition, limitierte Auflage von 100 St\u00fcck<br \/>\n&#8211; <em>Noumenon<\/em> Edition, limitierte Auflage von 200 St\u00fcck<\/p>","protected":false},"featured_media":1632,"comment_status":"closed","ping_status":"closed","template":"","meta":[],"product_brand":[],"product_cat":[23,22,16],"product_tag":[26,28],"class_list":{"0":"post-1276","1":"product","2":"type-product","3":"status-publish","4":"has-post-thumbnail","6":"product_cat-exclusief","7":"product_cat-sale","8":"product_cat-vinyl-12-2xlp","9":"product_tag-post-metal","10":"product_tag-post-rock","12":"first","13":"instock","14":"sale","15":"taxable","16":"shipping-taxable","17":"purchasable","18":"product-type-variable","19":"has-default-attributes"},"bundled_by":[],"bundle_stock_status":"instock","bundle_stock_quantity":null,"bundle_virtual":false,"bundle_layout":"","bundle_add_to_cart_form_location":"","bundle_editable_in_cart":false,"bundle_sold_individually_context":"","bundle_item_grouping":"","bundle_min_size":"","bundle_max_size":"","bundle_price":[],"bundled_items":[],"bundle_sell_ids":[],"yoast_head":"<!-- This site is optimized with the Yoast SEO plugin v27.4 - https:\/\/yoast.com\/product\/yoast-seo-wordpress\/ -->\n<title>Wanheda - Desert Of Real<\/title>\n<meta name=\"description\" content=\"Desert Of Real komt in een prachtig uitgevoerde gatefold cover van reversered cardboard in deze uitvoeringen: - Akathisia Edition, gelimiteerd oplage van 100 stuks - Noumenon Edition, gelimiteerd oplage van 200 stuks\" \/>\n<meta name=\"robots\" content=\"index, follow, max-snippet:-1, max-image-preview:large, max-video-preview:-1\" \/>\n<link rel=\"canonical\" href=\"https:\/\/demistrecords.nl\/de\/produkt\/wanheda-desert-of-real\/\" \/>\n<meta property=\"og:locale\" content=\"de_DE\" \/>\n<meta property=\"og:type\" content=\"article\" \/>\n<meta property=\"og:title\" content=\"Wanheda - Desert Of Real\" \/>\n<meta property=\"og:description\" content=\"Desert Of Real komt in een prachtig uitgevoerde gatefold cover van reversered cardboard in deze uitvoeringen: - Akathisia Edition, gelimiteerd oplage van 100 stuks - Noumenon Edition, gelimiteerd oplage van 200 stuks\" \/>\n<meta property=\"og:url\" content=\"https:\/\/demistrecords.nl\/de\/produkt\/wanheda-desert-of-real\/\" \/>\n<meta property=\"og:site_name\" content=\"De Mist Records\" \/>\n<meta property=\"article:publisher\" content=\"https:\/\/www.facebook.com\/demistrecordsnl\" \/>\n<meta property=\"article:modified_time\" content=\"2026-03-28T17:11:55+00:00\" \/>\n<meta property=\"og:image\" content=\"https:\/\/demistrecords.nl\/wp-content\/uploads\/2022\/02\/vinyl-Akathisia-Edition.png\" \/>\n\t<meta property=\"og:image:width\" content=\"2000\" \/>\n\t<meta property=\"og:image:height\" content=\"2000\" \/>\n\t<meta property=\"og:image:type\" content=\"image\/png\" \/>\n<meta name=\"twitter:card\" content=\"summary_large_image\" \/>\n<meta name=\"twitter:site\" content=\"@deathroo1\" \/>\n<meta name=\"twitter:label1\" content=\"Gesch\u00e4tzte Lesezeit\" \/>\n\t<meta name=\"twitter:data1\" content=\"1\u00a0Minute\" \/>\n<script type=\"application\/ld+json\" class=\"yoast-schema-graph\">{\"@context\":\"https:\\\/\\\/schema.org\",\"@graph\":[{\"@type\":[\"WebPage\",\"ItemPage\"],\"@id\":\"https:\\\/\\\/demistrecords.nl\\\/product\\\/wanheda-desert-of-real\\\/\",\"url\":\"https:\\\/\\\/demistrecords.nl\\\/product\\\/wanheda-desert-of-real\\\/\",\"name\":\"Wanheda - Desert Of Real\",\"isPartOf\":{\"@id\":\"https:\\\/\\\/demistrecords.nl\\\/#website\"},\"primaryImageOfPage\":{\"@id\":\"https:\\\/\\\/demistrecords.nl\\\/product\\\/wanheda-desert-of-real\\\/#primaryimage\"},\"image\":{\"@id\":\"https:\\\/\\\/demistrecords.nl\\\/product\\\/wanheda-desert-of-real\\\/#primaryimage\"},\"thumbnailUrl\":\"https:\\\/\\\/demistrecords.nl\\\/wp-content\\\/uploads\\\/2022\\\/02\\\/vinyl-Akathisia-Edition.png\",\"datePublished\":\"2022-02-25T14:00:30+00:00\",\"dateModified\":\"2026-03-28T17:11:55+00:00\",\"description\":\"Desert Of Real komt in een prachtig uitgevoerde gatefold cover van reversered cardboard in deze uitvoeringen: - Akathisia Edition, gelimiteerd oplage van 100 stuks - Noumenon Edition, gelimiteerd oplage van 200 stuks\",\"breadcrumb\":{\"@id\":\"https:\\\/\\\/demistrecords.nl\\\/product\\\/wanheda-desert-of-real\\\/#breadcrumb\"},\"inLanguage\":\"de\",\"potentialAction\":[{\"@type\":\"ReadAction\",\"target\":[\"https:\\\/\\\/demistrecords.nl\\\/product\\\/wanheda-desert-of-real\\\/\"]}]},{\"@type\":\"ImageObject\",\"inLanguage\":\"de\",\"@id\":\"https:\\\/\\\/demistrecords.nl\\\/product\\\/wanheda-desert-of-real\\\/#primaryimage\",\"url\":\"https:\\\/\\\/demistrecords.nl\\\/wp-content\\\/uploads\\\/2022\\\/02\\\/vinyl-Akathisia-Edition.png\",\"contentUrl\":\"https:\\\/\\\/demistrecords.nl\\\/wp-content\\\/uploads\\\/2022\\\/02\\\/vinyl-Akathisia-Edition.png\",\"width\":2000,\"height\":2000},{\"@type\":\"BreadcrumbList\",\"@id\":\"https:\\\/\\\/demistrecords.nl\\\/product\\\/wanheda-desert-of-real\\\/#breadcrumb\",\"itemListElement\":[{\"@type\":\"ListItem\",\"position\":1,\"name\":\"Home\",\"item\":\"https:\\\/\\\/demistrecords.nl\\\/\"},{\"@type\":\"ListItem\",\"position\":2,\"name\":\"Shop\",\"item\":\"https:\\\/\\\/demistrecords.nl\\\/shop\\\/\"},{\"@type\":\"ListItem\",\"position\":3,\"name\":\"Wanheda &#8211; Desert Of Real\"}]},{\"@type\":\"WebSite\",\"@id\":\"https:\\\/\\\/demistrecords.nl\\\/#website\",\"url\":\"https:\\\/\\\/demistrecords.nl\\\/\",\"name\":\"De Mist Records\",\"description\":\"Post-rock and related music\",\"publisher\":{\"@id\":\"https:\\\/\\\/demistrecords.nl\\\/#organization\"},\"potentialAction\":[{\"@type\":\"SearchAction\",\"target\":{\"@type\":\"EntryPoint\",\"urlTemplate\":\"https:\\\/\\\/demistrecords.nl\\\/?s={search_term_string}\"},\"query-input\":{\"@type\":\"PropertyValueSpecification\",\"valueRequired\":true,\"valueName\":\"search_term_string\"}}],\"inLanguage\":\"de\"},{\"@type\":\"Organization\",\"@id\":\"https:\\\/\\\/demistrecords.nl\\\/#organization\",\"name\":\"De Mist Records\",\"url\":\"https:\\\/\\\/demistrecords.nl\\\/\",\"logo\":{\"@type\":\"ImageObject\",\"inLanguage\":\"de\",\"@id\":\"https:\\\/\\\/demistrecords.nl\\\/#\\\/schema\\\/logo\\\/image\\\/\",\"url\":\"https:\\\/\\\/demistrecords.nl\\\/wp-content\\\/uploads\\\/2020\\\/12\\\/logo-de-mist-records-rond.png\",\"contentUrl\":\"https:\\\/\\\/demistrecords.nl\\\/wp-content\\\/uploads\\\/2020\\\/12\\\/logo-de-mist-records-rond.png\",\"width\":500,\"height\":500,\"caption\":\"De Mist Records\"},\"image\":{\"@id\":\"https:\\\/\\\/demistrecords.nl\\\/#\\\/schema\\\/logo\\\/image\\\/\"},\"sameAs\":[\"https:\\\/\\\/www.facebook.com\\\/demistrecordsnl\",\"https:\\\/\\\/x.com\\\/deathroo1\",\"https:\\\/\\\/www.instagram.com\\\/demist_records\\\/\"]}]}<\/script>\n<!-- \/ Yoast SEO plugin. -->","yoast_head_json":{"title":"Wanheda - Desert Of Real","description":"Desert Of Real komt in een prachtig uitgevoerde gatefold cover van reversered cardboard in deze uitvoeringen: - Akathisia Edition, gelimiteerd oplage van 100 stuks - Noumenon Edition, gelimiteerd oplage van 200 stuks","robots":{"index":"index","follow":"follow","max-snippet":"max-snippet:-1","max-image-preview":"max-image-preview:large","max-video-preview":"max-video-preview:-1"},"canonical":"https:\/\/demistrecords.nl\/de\/produkt\/wanheda-desert-of-real\/","og_locale":"de_DE","og_type":"article","og_title":"Wanheda - Desert Of Real","og_description":"Desert Of Real komt in een prachtig uitgevoerde gatefold cover van reversered cardboard in deze uitvoeringen: - Akathisia Edition, gelimiteerd oplage van 100 stuks - Noumenon Edition, gelimiteerd oplage van 200 stuks","og_url":"https:\/\/demistrecords.nl\/de\/produkt\/wanheda-desert-of-real\/","og_site_name":"De Mist Records","article_publisher":"https:\/\/www.facebook.com\/demistrecordsnl","article_modified_time":"2026-03-28T17:11:55+00:00","og_image":[{"width":2000,"height":2000,"url":"https:\/\/demistrecords.nl\/wp-content\/uploads\/2022\/02\/vinyl-Akathisia-Edition.png","type":"image\/png"}],"twitter_card":"summary_large_image","twitter_site":"@deathroo1","twitter_misc":{"Gesch\u00e4tzte Lesezeit":"1\u00a0Minute"},"schema":{"@context":"https:\/\/schema.org","@graph":[{"@type":["WebPage","ItemPage"],"@id":"https:\/\/demistrecords.nl\/product\/wanheda-desert-of-real\/","url":"https:\/\/demistrecords.nl\/product\/wanheda-desert-of-real\/","name":"Wanheda - Desert Of Real","isPartOf":{"@id":"https:\/\/demistrecords.nl\/#website"},"primaryImageOfPage":{"@id":"https:\/\/demistrecords.nl\/product\/wanheda-desert-of-real\/#primaryimage"},"image":{"@id":"https:\/\/demistrecords.nl\/product\/wanheda-desert-of-real\/#primaryimage"},"thumbnailUrl":"https:\/\/demistrecords.nl\/wp-content\/uploads\/2022\/02\/vinyl-Akathisia-Edition.png","datePublished":"2022-02-25T14:00:30+00:00","dateModified":"2026-03-28T17:11:55+00:00","description":"Desert Of Real komt in een prachtig uitgevoerde gatefold cover van reversered cardboard in deze uitvoeringen: - Akathisia Edition, gelimiteerd oplage van 100 stuks - Noumenon Edition, gelimiteerd oplage van 200 stuks","breadcrumb":{"@id":"https:\/\/demistrecords.nl\/product\/wanheda-desert-of-real\/#breadcrumb"},"inLanguage":"de","potentialAction":[{"@type":"ReadAction","target":["https:\/\/demistrecords.nl\/product\/wanheda-desert-of-real\/"]}]},{"@type":"ImageObject","inLanguage":"de","@id":"https:\/\/demistrecords.nl\/product\/wanheda-desert-of-real\/#primaryimage","url":"https:\/\/demistrecords.nl\/wp-content\/uploads\/2022\/02\/vinyl-Akathisia-Edition.png","contentUrl":"https:\/\/demistrecords.nl\/wp-content\/uploads\/2022\/02\/vinyl-Akathisia-Edition.png","width":2000,"height":2000},{"@type":"BreadcrumbList","@id":"https:\/\/demistrecords.nl\/product\/wanheda-desert-of-real\/#breadcrumb","itemListElement":[{"@type":"ListItem","position":1,"name":"Home","item":"https:\/\/demistrecords.nl\/"},{"@type":"ListItem","position":2,"name":"Shop","item":"https:\/\/demistrecords.nl\/shop\/"},{"@type":"ListItem","position":3,"name":"Wanheda &#8211; Desert Of Real"}]},{"@type":"WebSite","@id":"https:\/\/demistrecords.nl\/#website","url":"https:\/\/demistrecords.nl\/","name":"De Mist Records","description":"Post-rock and related music","publisher":{"@id":"https:\/\/demistrecords.nl\/#organization"},"potentialAction":[{"@type":"SearchAction","target":{"@type":"EntryPoint","urlTemplate":"https:\/\/demistrecords.nl\/?s={search_term_string}"},"query-input":{"@type":"PropertyValueSpecification","valueRequired":true,"valueName":"search_term_string"}}],"inLanguage":"de"},{"@type":"Organization","@id":"https:\/\/demistrecords.nl\/#organization","name":"De Mist Records","url":"https:\/\/demistrecords.nl\/","logo":{"@type":"ImageObject","inLanguage":"de","@id":"https:\/\/demistrecords.nl\/#\/schema\/logo\/image\/","url":"https:\/\/demistrecords.nl\/wp-content\/uploads\/2020\/12\/logo-de-mist-records-rond.png","contentUrl":"https:\/\/demistrecords.nl\/wp-content\/uploads\/2020\/12\/logo-de-mist-records-rond.png","width":500,"height":500,"caption":"De Mist Records"},"image":{"@id":"https:\/\/demistrecords.nl\/#\/schema\/logo\/image\/"},"sameAs":["https:\/\/www.facebook.com\/demistrecordsnl","https:\/\/x.com\/deathroo1","https:\/\/www.instagram.com\/demist_records\/"]}]}},"_links":{"self":[{"href":"https:\/\/demistrecords.nl\/de\/wp-json\/wp\/v2\/product\/1276","targetHints":{"allow":["GET"]}}],"collection":[{"href":"https:\/\/demistrecords.nl\/de\/wp-json\/wp\/v2\/product"}],"about":[{"href":"https:\/\/demistrecords.nl\/de\/wp-json\/wp\/v2\/types\/product"}],"replies":[{"embeddable":true,"href":"https:\/\/demistrecords.nl\/de\/wp-json\/wp\/v2\/comments?post=1276"}],"wp:featuredmedia":[{"embeddable":true,"href":"https:\/\/demistrecords.nl\/de\/wp-json\/wp\/v2\/media\/1632"}],"wp:attachment":[{"href":"https:\/\/demistrecords.nl\/de\/wp-json\/wp\/v2\/media?parent=1276"}],"wp:term":[{"taxonomy":"product_brand","embeddable":true,"href":"https:\/\/demistrecords.nl\/de\/wp-json\/wp\/v2\/product_brand?post=1276"},{"taxonomy":"product_cat","embeddable":true,"href":"https:\/\/demistrecords.nl\/de\/wp-json\/wp\/v2\/product_cat?post=1276"},{"taxonomy":"product_tag","embeddable":true,"href":"https:\/\/demistrecords.nl\/de\/wp-json\/wp\/v2\/product_tag?post=1276"}],"curies":[{"name":"wp","href":"https:\/\/api.w.org\/{rel}","templated":true}]}}