{"id":1376,"date":"2022-04-15T21:00:48","date_gmt":"2022-04-15T19:00:48","guid":{"rendered":"https:\/\/demistrecords.nl\/?post_type=product&#038;p=1376"},"modified":"2026-03-20T21:31:04","modified_gmt":"2026-03-20T20:31:04","slug":"almost-silent-shape-of-words","status":"publish","type":"product","link":"https:\/\/demistrecords.nl\/de\/produkt\/almost-silent-shape-of-words\/","title":{"rendered":"Alm\u00f8st Silent &#8211; Shape Of Words"},"content":{"rendered":"<p>Shape Of Words handelt davon, wie wir uns heutzutage miteinander verbinden, aber auch wieder trennen. Es ist fast so, als w\u00fcrden wir uns im wirklichen Leben nicht mehr verbinden, Kontakte werden online sehr einfach gekn\u00fcpft, aber wir l\u00f6schen unsere Kontakte auch mit der gleichen Leichtigkeit aus unserem virtuellen Leben. Die Spannung zwischen unserer virtuellen Welt und unserer realen Welt, der Unterschied zwischen echter Konversation und Online-Smalltalk. Darum geht es bei Shape Of Words. Es ist \u00e4therisch, genau wie die Lead-Single Erased.<\/p>\n<p>Das Album wird am 12. Mai auf klaren 180gr Vinyl mit wei\u00dfen und gr\u00fcnen Splatter ver\u00f6ffentlicht.<\/p>\n<p><iframe loading=\"lazy\" style=\"border-radius:12px\" src=\"https:\/\/open.spotify.com\/embed\/album\/23L3JLZMWH2arFtE3U1x4j?utm_source=generator&#038;theme=0\" width=\"100%\" height=\"380\" frameborder=\"0\" allowfullscreen=\"\" allow=\"autoplay; clipboard-write; encrypted-media; fullscreen; picture-in-picture\"><\/iframe><\/p>","protected":false},"excerpt":{"rendered":"<p>Ver\u00f6ffentlichung: 12. Mai 2022. <\/p>\n<p>Shape Of Words ist jetzt auf Lager und wird um den 12. Mai versandt. Das Album kommt auf durchsichtigem 180-Gramm-Vinyl mit wei\u00dfen und gr\u00fcnen Splatter.<\/p>","protected":false},"featured_media":1411,"comment_status":"closed","ping_status":"closed","template":"","meta":[],"product_brand":[],"product_cat":[23,22,15],"product_tag":[31],"class_list":{"0":"post-1376","1":"product","2":"type-product","3":"status-publish","4":"has-post-thumbnail","6":"product_cat-exclusief","7":"product_cat-sale","8":"product_cat-vinyl-12-lp","9":"product_tag-ambient","11":"first","12":"instock","13":"sale","14":"taxable","15":"shipping-taxable","16":"purchasable","17":"product-type-simple"},"bundled_by":[],"bundle_stock_status":"instock","bundle_stock_quantity":18,"bundle_virtual":false,"bundle_layout":"","bundle_add_to_cart_form_location":"","bundle_editable_in_cart":false,"bundle_sold_individually_context":"","bundle_item_grouping":"","bundle_min_size":"","bundle_max_size":"","bundle_price":[],"bundled_items":[],"bundle_sell_ids":[],"yoast_head":"<!-- This site is optimized with the Yoast SEO plugin v27.4 - https:\/\/yoast.com\/product\/yoast-seo-wordpress\/ -->\n<title>Alm\u00f8st Silent - Shape Of Words<\/title>\n<meta name=\"description\" content=\"Releasedatum: 12 mei 2022.   Shape Of Words zal is inmiddels op voorraad en zal rond 12 mei worden verzonden. Het album wordt geleverd op helder 180gr vinyl met witte en groene splatter.\" \/>\n<meta name=\"robots\" content=\"index, follow, max-snippet:-1, max-image-preview:large, max-video-preview:-1\" \/>\n<link rel=\"canonical\" href=\"https:\/\/demistrecords.nl\/de\/produkt\/almost-silent-shape-of-words\/\" \/>\n<meta property=\"og:locale\" content=\"de_DE\" \/>\n<meta property=\"og:type\" content=\"article\" \/>\n<meta property=\"og:title\" content=\"Alm\u00f8st Silent - Shape Of Words\" \/>\n<meta property=\"og:description\" content=\"Releasedatum: 12 mei 2022.   Shape Of Words zal is inmiddels op voorraad en zal rond 12 mei worden verzonden. Het album wordt geleverd op helder 180gr vinyl met witte en groene splatter.\" \/>\n<meta property=\"og:url\" content=\"https:\/\/demistrecords.nl\/de\/produkt\/almost-silent-shape-of-words\/\" \/>\n<meta property=\"og:site_name\" content=\"De Mist Records\" \/>\n<meta property=\"article:publisher\" content=\"https:\/\/www.facebook.com\/demistrecordsnl\" \/>\n<meta property=\"article:modified_time\" content=\"2026-03-20T20:31:04+00:00\" \/>\n<meta property=\"og:image\" content=\"https:\/\/demistrecords.nl\/wp-content\/uploads\/2022\/04\/Almost-Silent-Shape-of-Words.jpg\" \/>\n\t<meta property=\"og:image:width\" content=\"2120\" \/>\n\t<meta property=\"og:image:height\" content=\"2120\" \/>\n\t<meta property=\"og:image:type\" content=\"image\/jpeg\" \/>\n<meta name=\"twitter:card\" content=\"summary_large_image\" \/>\n<meta name=\"twitter:site\" content=\"@deathroo1\" \/>\n<meta name=\"twitter:label1\" content=\"Gesch\u00e4tzte Lesezeit\" \/>\n\t<meta name=\"twitter:data1\" content=\"1\u00a0Minute\" \/>\n<script type=\"application\/ld+json\" class=\"yoast-schema-graph\">{\"@context\":\"https:\\\/\\\/schema.org\",\"@graph\":[{\"@type\":[\"WebPage\",\"ItemPage\"],\"@id\":\"https:\\\/\\\/demistrecords.nl\\\/product\\\/almost-silent-shape-of-words\\\/\",\"url\":\"https:\\\/\\\/demistrecords.nl\\\/product\\\/almost-silent-shape-of-words\\\/\",\"name\":\"Alm\u00f8st Silent - Shape Of Words\",\"isPartOf\":{\"@id\":\"https:\\\/\\\/demistrecords.nl\\\/#website\"},\"primaryImageOfPage\":{\"@id\":\"https:\\\/\\\/demistrecords.nl\\\/product\\\/almost-silent-shape-of-words\\\/#primaryimage\"},\"image\":{\"@id\":\"https:\\\/\\\/demistrecords.nl\\\/product\\\/almost-silent-shape-of-words\\\/#primaryimage\"},\"thumbnailUrl\":\"https:\\\/\\\/demistrecords.nl\\\/wp-content\\\/uploads\\\/2022\\\/04\\\/Almost-Silent-Shape-of-Words.jpg\",\"datePublished\":\"2022-04-15T19:00:48+00:00\",\"dateModified\":\"2026-03-20T20:31:04+00:00\",\"description\":\"Releasedatum: 12 mei 2022. Shape Of Words zal is inmiddels op voorraad en zal rond 12 mei worden verzonden. Het album wordt geleverd op helder 180gr vinyl met witte en groene splatter.\",\"breadcrumb\":{\"@id\":\"https:\\\/\\\/demistrecords.nl\\\/product\\\/almost-silent-shape-of-words\\\/#breadcrumb\"},\"inLanguage\":\"de\",\"potentialAction\":[{\"@type\":\"ReadAction\",\"target\":[\"https:\\\/\\\/demistrecords.nl\\\/product\\\/almost-silent-shape-of-words\\\/\"]}]},{\"@type\":\"ImageObject\",\"inLanguage\":\"de\",\"@id\":\"https:\\\/\\\/demistrecords.nl\\\/product\\\/almost-silent-shape-of-words\\\/#primaryimage\",\"url\":\"https:\\\/\\\/demistrecords.nl\\\/wp-content\\\/uploads\\\/2022\\\/04\\\/Almost-Silent-Shape-of-Words.jpg\",\"contentUrl\":\"https:\\\/\\\/demistrecords.nl\\\/wp-content\\\/uploads\\\/2022\\\/04\\\/Almost-Silent-Shape-of-Words.jpg\",\"width\":2120,\"height\":2120},{\"@type\":\"BreadcrumbList\",\"@id\":\"https:\\\/\\\/demistrecords.nl\\\/product\\\/almost-silent-shape-of-words\\\/#breadcrumb\",\"itemListElement\":[{\"@type\":\"ListItem\",\"position\":1,\"name\":\"Home\",\"item\":\"https:\\\/\\\/demistrecords.nl\\\/\"},{\"@type\":\"ListItem\",\"position\":2,\"name\":\"Shop\",\"item\":\"https:\\\/\\\/demistrecords.nl\\\/shop\\\/\"},{\"@type\":\"ListItem\",\"position\":3,\"name\":\"Alm\u00f8st Silent &#8211; Shape Of Words\"}]},{\"@type\":\"WebSite\",\"@id\":\"https:\\\/\\\/demistrecords.nl\\\/#website\",\"url\":\"https:\\\/\\\/demistrecords.nl\\\/\",\"name\":\"De Mist Records\",\"description\":\"Post-rock and related music\",\"publisher\":{\"@id\":\"https:\\\/\\\/demistrecords.nl\\\/#organization\"},\"potentialAction\":[{\"@type\":\"SearchAction\",\"target\":{\"@type\":\"EntryPoint\",\"urlTemplate\":\"https:\\\/\\\/demistrecords.nl\\\/?s={search_term_string}\"},\"query-input\":{\"@type\":\"PropertyValueSpecification\",\"valueRequired\":true,\"valueName\":\"search_term_string\"}}],\"inLanguage\":\"de\"},{\"@type\":\"Organization\",\"@id\":\"https:\\\/\\\/demistrecords.nl\\\/#organization\",\"name\":\"De Mist Records\",\"url\":\"https:\\\/\\\/demistrecords.nl\\\/\",\"logo\":{\"@type\":\"ImageObject\",\"inLanguage\":\"de\",\"@id\":\"https:\\\/\\\/demistrecords.nl\\\/#\\\/schema\\\/logo\\\/image\\\/\",\"url\":\"https:\\\/\\\/demistrecords.nl\\\/wp-content\\\/uploads\\\/2020\\\/12\\\/logo-de-mist-records-rond.png\",\"contentUrl\":\"https:\\\/\\\/demistrecords.nl\\\/wp-content\\\/uploads\\\/2020\\\/12\\\/logo-de-mist-records-rond.png\",\"width\":500,\"height\":500,\"caption\":\"De Mist Records\"},\"image\":{\"@id\":\"https:\\\/\\\/demistrecords.nl\\\/#\\\/schema\\\/logo\\\/image\\\/\"},\"sameAs\":[\"https:\\\/\\\/www.facebook.com\\\/demistrecordsnl\",\"https:\\\/\\\/x.com\\\/deathroo1\",\"https:\\\/\\\/www.instagram.com\\\/demist_records\\\/\"]}]}<\/script>\n<!-- \/ Yoast SEO plugin. -->","yoast_head_json":{"title":"Alm\u00f8st Silent - Shape Of Words","description":"Releasedatum: 12 mei 2022.   Shape Of Words zal is inmiddels op voorraad en zal rond 12 mei worden verzonden. Het album wordt geleverd op helder 180gr vinyl met witte en groene splatter.","robots":{"index":"index","follow":"follow","max-snippet":"max-snippet:-1","max-image-preview":"max-image-preview:large","max-video-preview":"max-video-preview:-1"},"canonical":"https:\/\/demistrecords.nl\/de\/produkt\/almost-silent-shape-of-words\/","og_locale":"de_DE","og_type":"article","og_title":"Alm\u00f8st Silent - Shape Of Words","og_description":"Releasedatum: 12 mei 2022.   Shape Of Words zal is inmiddels op voorraad en zal rond 12 mei worden verzonden. Het album wordt geleverd op helder 180gr vinyl met witte en groene splatter.","og_url":"https:\/\/demistrecords.nl\/de\/produkt\/almost-silent-shape-of-words\/","og_site_name":"De Mist Records","article_publisher":"https:\/\/www.facebook.com\/demistrecordsnl","article_modified_time":"2026-03-20T20:31:04+00:00","og_image":[{"width":2120,"height":2120,"url":"https:\/\/demistrecords.nl\/wp-content\/uploads\/2022\/04\/Almost-Silent-Shape-of-Words.jpg","type":"image\/jpeg"}],"twitter_card":"summary_large_image","twitter_site":"@deathroo1","twitter_misc":{"Gesch\u00e4tzte Lesezeit":"1\u00a0Minute"},"schema":{"@context":"https:\/\/schema.org","@graph":[{"@type":["WebPage","ItemPage"],"@id":"https:\/\/demistrecords.nl\/product\/almost-silent-shape-of-words\/","url":"https:\/\/demistrecords.nl\/product\/almost-silent-shape-of-words\/","name":"Alm\u00f8st Silent - Shape Of Words","isPartOf":{"@id":"https:\/\/demistrecords.nl\/#website"},"primaryImageOfPage":{"@id":"https:\/\/demistrecords.nl\/product\/almost-silent-shape-of-words\/#primaryimage"},"image":{"@id":"https:\/\/demistrecords.nl\/product\/almost-silent-shape-of-words\/#primaryimage"},"thumbnailUrl":"https:\/\/demistrecords.nl\/wp-content\/uploads\/2022\/04\/Almost-Silent-Shape-of-Words.jpg","datePublished":"2022-04-15T19:00:48+00:00","dateModified":"2026-03-20T20:31:04+00:00","description":"Releasedatum: 12 mei 2022. Shape Of Words zal is inmiddels op voorraad en zal rond 12 mei worden verzonden. Het album wordt geleverd op helder 180gr vinyl met witte en groene splatter.","breadcrumb":{"@id":"https:\/\/demistrecords.nl\/product\/almost-silent-shape-of-words\/#breadcrumb"},"inLanguage":"de","potentialAction":[{"@type":"ReadAction","target":["https:\/\/demistrecords.nl\/product\/almost-silent-shape-of-words\/"]}]},{"@type":"ImageObject","inLanguage":"de","@id":"https:\/\/demistrecords.nl\/product\/almost-silent-shape-of-words\/#primaryimage","url":"https:\/\/demistrecords.nl\/wp-content\/uploads\/2022\/04\/Almost-Silent-Shape-of-Words.jpg","contentUrl":"https:\/\/demistrecords.nl\/wp-content\/uploads\/2022\/04\/Almost-Silent-Shape-of-Words.jpg","width":2120,"height":2120},{"@type":"BreadcrumbList","@id":"https:\/\/demistrecords.nl\/product\/almost-silent-shape-of-words\/#breadcrumb","itemListElement":[{"@type":"ListItem","position":1,"name":"Home","item":"https:\/\/demistrecords.nl\/"},{"@type":"ListItem","position":2,"name":"Shop","item":"https:\/\/demistrecords.nl\/shop\/"},{"@type":"ListItem","position":3,"name":"Alm\u00f8st Silent &#8211; Shape Of Words"}]},{"@type":"WebSite","@id":"https:\/\/demistrecords.nl\/#website","url":"https:\/\/demistrecords.nl\/","name":"De Mist Records","description":"Post-rock and related music","publisher":{"@id":"https:\/\/demistrecords.nl\/#organization"},"potentialAction":[{"@type":"SearchAction","target":{"@type":"EntryPoint","urlTemplate":"https:\/\/demistrecords.nl\/?s={search_term_string}"},"query-input":{"@type":"PropertyValueSpecification","valueRequired":true,"valueName":"search_term_string"}}],"inLanguage":"de"},{"@type":"Organization","@id":"https:\/\/demistrecords.nl\/#organization","name":"De Mist Records","url":"https:\/\/demistrecords.nl\/","logo":{"@type":"ImageObject","inLanguage":"de","@id":"https:\/\/demistrecords.nl\/#\/schema\/logo\/image\/","url":"https:\/\/demistrecords.nl\/wp-content\/uploads\/2020\/12\/logo-de-mist-records-rond.png","contentUrl":"https:\/\/demistrecords.nl\/wp-content\/uploads\/2020\/12\/logo-de-mist-records-rond.png","width":500,"height":500,"caption":"De Mist Records"},"image":{"@id":"https:\/\/demistrecords.nl\/#\/schema\/logo\/image\/"},"sameAs":["https:\/\/www.facebook.com\/demistrecordsnl","https:\/\/x.com\/deathroo1","https:\/\/www.instagram.com\/demist_records\/"]}]}},"_links":{"self":[{"href":"https:\/\/demistrecords.nl\/de\/wp-json\/wp\/v2\/product\/1376","targetHints":{"allow":["GET"]}}],"collection":[{"href":"https:\/\/demistrecords.nl\/de\/wp-json\/wp\/v2\/product"}],"about":[{"href":"https:\/\/demistrecords.nl\/de\/wp-json\/wp\/v2\/types\/product"}],"replies":[{"embeddable":true,"href":"https:\/\/demistrecords.nl\/de\/wp-json\/wp\/v2\/comments?post=1376"}],"wp:featuredmedia":[{"embeddable":true,"href":"https:\/\/demistrecords.nl\/de\/wp-json\/wp\/v2\/media\/1411"}],"wp:attachment":[{"href":"https:\/\/demistrecords.nl\/de\/wp-json\/wp\/v2\/media?parent=1376"}],"wp:term":[{"taxonomy":"product_brand","embeddable":true,"href":"https:\/\/demistrecords.nl\/de\/wp-json\/wp\/v2\/product_brand?post=1376"},{"taxonomy":"product_cat","embeddable":true,"href":"https:\/\/demistrecords.nl\/de\/wp-json\/wp\/v2\/product_cat?post=1376"},{"taxonomy":"product_tag","embeddable":true,"href":"https:\/\/demistrecords.nl\/de\/wp-json\/wp\/v2\/product_tag?post=1376"}],"curies":[{"name":"wp","href":"https:\/\/api.w.org\/{rel}","templated":true}]}}