{"id":1443,"date":"2022-07-01T00:49:29","date_gmt":"2022-06-30T22:49:29","guid":{"rendered":"https:\/\/demistrecords.nl\/?post_type=product&#038;p=1443"},"modified":"2025-11-23T22:28:40","modified_gmt":"2025-11-23T21:28:40","slug":"still-motions-syn%e2%88%99the%e2%88%99sis","status":"publish","type":"product","link":"https:\/\/demistrecords.nl\/de\/produkt\/still-motions-syn%e2%88%99the%e2%88%99sis\/","title":{"rendered":"Still Motions &#8211; Syn\u2219the\u2219sis"},"content":{"rendered":"<p>Die Band Still Motions \u00fcberraschte 2020 mit ihrem gro\u00dfartigen Deb\u00fctalbum Mirrors. Nach der ersten Pressung war auch die zweite Pressung in k\u00fcrzester Zeit ausverkauft. Zum 24. Juni 2022 hat das Post-Rock-Quartett aus Phoenix, Arizona, ein zweites Album ver\u00f6ffentlicht, das Fans des Deb\u00fctalbums sicherlich nicht entt\u00e4uschen wird. W\u00e4hrend Mirrors gr\u00f6\u00dftenteils von den beiden Bandgr\u00fcndern Thomas Brenneman und Chris Julian geschrieben wurde, wurde Syn\u2219the\u2219sis eindeutig von der gesamten Band komponiert. Dadurch bekommt jedes Instrument mehr Platz in den Kompositionen und das kommt der Musik von Still Motions nur zugute. Ein gutes Beispiel daf\u00fcr sind die treibenden Basslinien von Bassist Gigi Zimmer im Song Agnosis. Zusammen mit dem Titeltrack sind das die Perlen dieses Albums. Mit Syn\u2219the\u2219sis zeigen Still Motions, dass sie als Band gewachsen sind und das ist durchaus beeindruckend, da das Deb\u00fctalbum bereits auf einem ziemlich hohen Niveau war.<\/p>","protected":false},"excerpt":{"rendered":"<p>Das zweite komplette Album von Still Motions aus Phoenix, Arizona kommt auf 180gr. milchwei\u00dfes Vinyl mit schwarzen Blob\/Splatter.<br \/>\nLimitierte Auflage von nur 300 St\u00fcck Weltweit<\/p>\n<p>** Bitte beachten Sie, dass das Bild zu Illustrationszwecken ein Modell ist. Das gelieferte Album sieht etwas anders aus.<\/p>","protected":false},"featured_media":1444,"comment_status":"closed","ping_status":"closed","template":"","meta":[],"product_brand":[],"product_cat":[22,15],"product_tag":[26,28],"class_list":{"0":"post-1443","1":"product","2":"type-product","3":"status-publish","4":"has-post-thumbnail","6":"product_cat-sale","7":"product_cat-vinyl-12-lp","8":"product_tag-post-metal","9":"product_tag-post-rock","11":"first","12":"instock","13":"sale","14":"taxable","15":"shipping-taxable","16":"purchasable","17":"product-type-simple"},"yoast_head":"<!-- This site is optimized with the Yoast SEO plugin v27.3 - https:\/\/yoast.com\/product\/yoast-seo-wordpress\/ -->\n<title>Still Motions - Syn\u2219the\u2219sis<\/title>\n<meta name=\"description\" content=\"Het tweede volledige album van Still Motions uit Phoenix, Arizona komt op 180gr. melkwit vinyl met zwarte blob\/splatter. Gelimiteerde oplage van slechts 300 stuks wereldwijd.  ** Let op, de afbeelding is een mockup ter illustratie, het geleverde album zal er iets anders uit zien.\" \/>\n<meta name=\"robots\" content=\"index, follow, max-snippet:-1, max-image-preview:large, max-video-preview:-1\" \/>\n<link rel=\"canonical\" href=\"https:\/\/demistrecords.nl\/de\/produkt\/still-motions-syn\u2219the\u2219sis\/\" \/>\n<meta property=\"og:locale\" content=\"de_DE\" \/>\n<meta property=\"og:type\" content=\"article\" \/>\n<meta property=\"og:title\" content=\"Still Motions - Syn\u2219the\u2219sis\" \/>\n<meta property=\"og:description\" content=\"Het tweede volledige album van Still Motions uit Phoenix, Arizona komt op 180gr. melkwit vinyl met zwarte blob\/splatter. Gelimiteerde oplage van slechts 300 stuks wereldwijd.  ** Let op, de afbeelding is een mockup ter illustratie, het geleverde album zal er iets anders uit zien.\" \/>\n<meta property=\"og:url\" content=\"https:\/\/demistrecords.nl\/de\/produkt\/still-motions-syn\u2219the\u2219sis\/\" \/>\n<meta property=\"og:site_name\" content=\"De Mist Records\" \/>\n<meta property=\"article:publisher\" content=\"https:\/\/www.facebook.com\/demistrecordsnl\" \/>\n<meta property=\"article:modified_time\" content=\"2025-11-23T21:28:40+00:00\" \/>\n<meta property=\"og:image\" content=\"https:\/\/demistrecords.nl\/wp-content\/uploads\/2022\/07\/Still-Motions-Synthesis.jpg\" \/>\n\t<meta property=\"og:image:width\" content=\"2120\" \/>\n\t<meta property=\"og:image:height\" content=\"2120\" \/>\n\t<meta property=\"og:image:type\" content=\"image\/jpeg\" \/>\n<meta name=\"twitter:card\" content=\"summary_large_image\" \/>\n<meta name=\"twitter:site\" content=\"@deathroo1\" \/>\n<meta name=\"twitter:label1\" content=\"Gesch\u00e4tzte Lesezeit\" \/>\n\t<meta name=\"twitter:data1\" content=\"1\u00a0Minute\" \/>\n<script type=\"application\/ld+json\" class=\"yoast-schema-graph\">{\"@context\":\"https:\\\/\\\/schema.org\",\"@graph\":[{\"@type\":[\"WebPage\",\"ItemPage\"],\"@id\":\"https:\\\/\\\/demistrecords.nl\\\/product\\\/still-motions-syn%e2%88%99the%e2%88%99sis\\\/\",\"url\":\"https:\\\/\\\/demistrecords.nl\\\/product\\\/still-motions-syn%e2%88%99the%e2%88%99sis\\\/\",\"name\":\"Still Motions - Syn\u2219the\u2219sis\",\"isPartOf\":{\"@id\":\"https:\\\/\\\/demistrecords.nl\\\/#website\"},\"primaryImageOfPage\":{\"@id\":\"https:\\\/\\\/demistrecords.nl\\\/product\\\/still-motions-syn%e2%88%99the%e2%88%99sis\\\/#primaryimage\"},\"image\":{\"@id\":\"https:\\\/\\\/demistrecords.nl\\\/product\\\/still-motions-syn%e2%88%99the%e2%88%99sis\\\/#primaryimage\"},\"thumbnailUrl\":\"https:\\\/\\\/demistrecords.nl\\\/wp-content\\\/uploads\\\/2022\\\/07\\\/Still-Motions-Synthesis.jpg\",\"datePublished\":\"2022-06-30T22:49:29+00:00\",\"dateModified\":\"2025-11-23T21:28:40+00:00\",\"description\":\"Het tweede volledige album van Still Motions uit Phoenix, Arizona komt op 180gr. melkwit vinyl met zwarte blob\\\/splatter. Gelimiteerde oplage van slechts 300 stuks wereldwijd. ** Let op, de afbeelding is een mockup ter illustratie, het geleverde album zal er iets anders uit zien.\",\"breadcrumb\":{\"@id\":\"https:\\\/\\\/demistrecords.nl\\\/product\\\/still-motions-syn%e2%88%99the%e2%88%99sis\\\/#breadcrumb\"},\"inLanguage\":\"de\",\"potentialAction\":[{\"@type\":\"ReadAction\",\"target\":[\"https:\\\/\\\/demistrecords.nl\\\/product\\\/still-motions-syn%e2%88%99the%e2%88%99sis\\\/\"]}]},{\"@type\":\"ImageObject\",\"inLanguage\":\"de\",\"@id\":\"https:\\\/\\\/demistrecords.nl\\\/product\\\/still-motions-syn%e2%88%99the%e2%88%99sis\\\/#primaryimage\",\"url\":\"https:\\\/\\\/demistrecords.nl\\\/wp-content\\\/uploads\\\/2022\\\/07\\\/Still-Motions-Synthesis.jpg\",\"contentUrl\":\"https:\\\/\\\/demistrecords.nl\\\/wp-content\\\/uploads\\\/2022\\\/07\\\/Still-Motions-Synthesis.jpg\",\"width\":2120,\"height\":2120},{\"@type\":\"BreadcrumbList\",\"@id\":\"https:\\\/\\\/demistrecords.nl\\\/product\\\/still-motions-syn%e2%88%99the%e2%88%99sis\\\/#breadcrumb\",\"itemListElement\":[{\"@type\":\"ListItem\",\"position\":1,\"name\":\"Home\",\"item\":\"https:\\\/\\\/demistrecords.nl\\\/\"},{\"@type\":\"ListItem\",\"position\":2,\"name\":\"Shop\",\"item\":\"https:\\\/\\\/demistrecords.nl\\\/shop\\\/\"},{\"@type\":\"ListItem\",\"position\":3,\"name\":\"Still Motions &#8211; Syn\u2219the\u2219sis\"}]},{\"@type\":\"WebSite\",\"@id\":\"https:\\\/\\\/demistrecords.nl\\\/#website\",\"url\":\"https:\\\/\\\/demistrecords.nl\\\/\",\"name\":\"De Mist Records\",\"description\":\"Post-rock and related music\",\"publisher\":{\"@id\":\"https:\\\/\\\/demistrecords.nl\\\/#organization\"},\"potentialAction\":[{\"@type\":\"SearchAction\",\"target\":{\"@type\":\"EntryPoint\",\"urlTemplate\":\"https:\\\/\\\/demistrecords.nl\\\/?s={search_term_string}\"},\"query-input\":{\"@type\":\"PropertyValueSpecification\",\"valueRequired\":true,\"valueName\":\"search_term_string\"}}],\"inLanguage\":\"de\"},{\"@type\":\"Organization\",\"@id\":\"https:\\\/\\\/demistrecords.nl\\\/#organization\",\"name\":\"De Mist Records\",\"url\":\"https:\\\/\\\/demistrecords.nl\\\/\",\"logo\":{\"@type\":\"ImageObject\",\"inLanguage\":\"de\",\"@id\":\"https:\\\/\\\/demistrecords.nl\\\/#\\\/schema\\\/logo\\\/image\\\/\",\"url\":\"https:\\\/\\\/demistrecords.nl\\\/wp-content\\\/uploads\\\/2020\\\/12\\\/logo-de-mist-records-rond.png\",\"contentUrl\":\"https:\\\/\\\/demistrecords.nl\\\/wp-content\\\/uploads\\\/2020\\\/12\\\/logo-de-mist-records-rond.png\",\"width\":500,\"height\":500,\"caption\":\"De Mist Records\"},\"image\":{\"@id\":\"https:\\\/\\\/demistrecords.nl\\\/#\\\/schema\\\/logo\\\/image\\\/\"},\"sameAs\":[\"https:\\\/\\\/www.facebook.com\\\/demistrecordsnl\",\"https:\\\/\\\/x.com\\\/deathroo1\",\"https:\\\/\\\/www.instagram.com\\\/demist_records\\\/\"]}]}<\/script>\n<!-- \/ Yoast SEO plugin. -->","yoast_head_json":{"title":"Still Motions - Syn\u2219the\u2219sis","description":"Het tweede volledige album van Still Motions uit Phoenix, Arizona komt op 180gr. melkwit vinyl met zwarte blob\/splatter. Gelimiteerde oplage van slechts 300 stuks wereldwijd.  ** Let op, de afbeelding is een mockup ter illustratie, het geleverde album zal er iets anders uit zien.","robots":{"index":"index","follow":"follow","max-snippet":"max-snippet:-1","max-image-preview":"max-image-preview:large","max-video-preview":"max-video-preview:-1"},"canonical":"https:\/\/demistrecords.nl\/de\/produkt\/still-motions-syn\u2219the\u2219sis\/","og_locale":"de_DE","og_type":"article","og_title":"Still Motions - Syn\u2219the\u2219sis","og_description":"Het tweede volledige album van Still Motions uit Phoenix, Arizona komt op 180gr. melkwit vinyl met zwarte blob\/splatter. Gelimiteerde oplage van slechts 300 stuks wereldwijd.  ** Let op, de afbeelding is een mockup ter illustratie, het geleverde album zal er iets anders uit zien.","og_url":"https:\/\/demistrecords.nl\/de\/produkt\/still-motions-syn\u2219the\u2219sis\/","og_site_name":"De Mist Records","article_publisher":"https:\/\/www.facebook.com\/demistrecordsnl","article_modified_time":"2025-11-23T21:28:40+00:00","og_image":[{"width":2120,"height":2120,"url":"https:\/\/demistrecords.nl\/wp-content\/uploads\/2022\/07\/Still-Motions-Synthesis.jpg","type":"image\/jpeg"}],"twitter_card":"summary_large_image","twitter_site":"@deathroo1","twitter_misc":{"Gesch\u00e4tzte Lesezeit":"1\u00a0Minute"},"schema":{"@context":"https:\/\/schema.org","@graph":[{"@type":["WebPage","ItemPage"],"@id":"https:\/\/demistrecords.nl\/product\/still-motions-syn%e2%88%99the%e2%88%99sis\/","url":"https:\/\/demistrecords.nl\/product\/still-motions-syn%e2%88%99the%e2%88%99sis\/","name":"Still Motions - Syn\u2219the\u2219sis","isPartOf":{"@id":"https:\/\/demistrecords.nl\/#website"},"primaryImageOfPage":{"@id":"https:\/\/demistrecords.nl\/product\/still-motions-syn%e2%88%99the%e2%88%99sis\/#primaryimage"},"image":{"@id":"https:\/\/demistrecords.nl\/product\/still-motions-syn%e2%88%99the%e2%88%99sis\/#primaryimage"},"thumbnailUrl":"https:\/\/demistrecords.nl\/wp-content\/uploads\/2022\/07\/Still-Motions-Synthesis.jpg","datePublished":"2022-06-30T22:49:29+00:00","dateModified":"2025-11-23T21:28:40+00:00","description":"Het tweede volledige album van Still Motions uit Phoenix, Arizona komt op 180gr. melkwit vinyl met zwarte blob\/splatter. Gelimiteerde oplage van slechts 300 stuks wereldwijd. ** Let op, de afbeelding is een mockup ter illustratie, het geleverde album zal er iets anders uit zien.","breadcrumb":{"@id":"https:\/\/demistrecords.nl\/product\/still-motions-syn%e2%88%99the%e2%88%99sis\/#breadcrumb"},"inLanguage":"de","potentialAction":[{"@type":"ReadAction","target":["https:\/\/demistrecords.nl\/product\/still-motions-syn%e2%88%99the%e2%88%99sis\/"]}]},{"@type":"ImageObject","inLanguage":"de","@id":"https:\/\/demistrecords.nl\/product\/still-motions-syn%e2%88%99the%e2%88%99sis\/#primaryimage","url":"https:\/\/demistrecords.nl\/wp-content\/uploads\/2022\/07\/Still-Motions-Synthesis.jpg","contentUrl":"https:\/\/demistrecords.nl\/wp-content\/uploads\/2022\/07\/Still-Motions-Synthesis.jpg","width":2120,"height":2120},{"@type":"BreadcrumbList","@id":"https:\/\/demistrecords.nl\/product\/still-motions-syn%e2%88%99the%e2%88%99sis\/#breadcrumb","itemListElement":[{"@type":"ListItem","position":1,"name":"Home","item":"https:\/\/demistrecords.nl\/"},{"@type":"ListItem","position":2,"name":"Shop","item":"https:\/\/demistrecords.nl\/shop\/"},{"@type":"ListItem","position":3,"name":"Still Motions &#8211; Syn\u2219the\u2219sis"}]},{"@type":"WebSite","@id":"https:\/\/demistrecords.nl\/#website","url":"https:\/\/demistrecords.nl\/","name":"De Mist Records","description":"Post-rock and related music","publisher":{"@id":"https:\/\/demistrecords.nl\/#organization"},"potentialAction":[{"@type":"SearchAction","target":{"@type":"EntryPoint","urlTemplate":"https:\/\/demistrecords.nl\/?s={search_term_string}"},"query-input":{"@type":"PropertyValueSpecification","valueRequired":true,"valueName":"search_term_string"}}],"inLanguage":"de"},{"@type":"Organization","@id":"https:\/\/demistrecords.nl\/#organization","name":"De Mist Records","url":"https:\/\/demistrecords.nl\/","logo":{"@type":"ImageObject","inLanguage":"de","@id":"https:\/\/demistrecords.nl\/#\/schema\/logo\/image\/","url":"https:\/\/demistrecords.nl\/wp-content\/uploads\/2020\/12\/logo-de-mist-records-rond.png","contentUrl":"https:\/\/demistrecords.nl\/wp-content\/uploads\/2020\/12\/logo-de-mist-records-rond.png","width":500,"height":500,"caption":"De Mist Records"},"image":{"@id":"https:\/\/demistrecords.nl\/#\/schema\/logo\/image\/"},"sameAs":["https:\/\/www.facebook.com\/demistrecordsnl","https:\/\/x.com\/deathroo1","https:\/\/www.instagram.com\/demist_records\/"]}]}},"_links":{"self":[{"href":"https:\/\/demistrecords.nl\/de\/wp-json\/wp\/v2\/product\/1443","targetHints":{"allow":["GET"]}}],"collection":[{"href":"https:\/\/demistrecords.nl\/de\/wp-json\/wp\/v2\/product"}],"about":[{"href":"https:\/\/demistrecords.nl\/de\/wp-json\/wp\/v2\/types\/product"}],"replies":[{"embeddable":true,"href":"https:\/\/demistrecords.nl\/de\/wp-json\/wp\/v2\/comments?post=1443"}],"wp:featuredmedia":[{"embeddable":true,"href":"https:\/\/demistrecords.nl\/de\/wp-json\/wp\/v2\/media\/1444"}],"wp:attachment":[{"href":"https:\/\/demistrecords.nl\/de\/wp-json\/wp\/v2\/media?parent=1443"}],"wp:term":[{"taxonomy":"product_brand","embeddable":true,"href":"https:\/\/demistrecords.nl\/de\/wp-json\/wp\/v2\/product_brand?post=1443"},{"taxonomy":"product_cat","embeddable":true,"href":"https:\/\/demistrecords.nl\/de\/wp-json\/wp\/v2\/product_cat?post=1443"},{"taxonomy":"product_tag","embeddable":true,"href":"https:\/\/demistrecords.nl\/de\/wp-json\/wp\/v2\/product_tag?post=1443"}],"curies":[{"name":"wp","href":"https:\/\/api.w.org\/{rel}","templated":true}]}}