{"id":1489,"date":"2022-07-20T21:21:38","date_gmt":"2022-07-20T19:21:38","guid":{"rendered":"https:\/\/demistrecords.nl\/?post_type=product&#038;p=1489"},"modified":"2026-03-27T21:09:13","modified_gmt":"2026-03-27T20:09:13","slug":"russian-circles-gnosis","status":"publish","type":"product","link":"https:\/\/demistrecords.nl\/de\/produkt\/russian-circles-gnosis\/","title":{"rendered":"Russian Circles &#8211; Gnosis"},"content":{"rendered":"<p>Auf ihren bisherigen sieben Studioalben durchquert das in Chicago ans\u00e4ssige Instrumental-Trio Russian Circles mit ihrem begrenzten Arsenal an Schlagzeug, Bass und Gitarre eine vielf\u00e4ltige Topographie von Kl\u00e4ngen, Stimmungen und Herangehensweisen. Es ist schwer, eine Entwicklung in ihrem Sound zu skizzieren, wenn sich ihre Platten immer wie gut kuratierte Playlists angef\u00fchlt haben. Es war nicht ungew\u00f6hnlich, dronelastige Meditationen, schillernde Prog-Drills, kn\u00f6chelzerrei\u00dfende Rifffeste, eindringliche Folk-Balladen und spannungssteigernden Noise Rock zu h\u00f6ren, alles innerhalb der Zeitspanne eines Albums. Dennoch ist es schwer, den \u00dcbergang von den nachdenklichen und komplizierten Melodien von Enter (2006) zu den vielschichtigen, verzerrten Klagen von Blood Year (2019) zu ignorieren. Aufgrund des rigorosen Tourplans der Band und einer Vorliebe daf\u00fcr, ihr charakteristischeres Material auf der B\u00fchne zu spielen, war es eine allm\u00e4hliche klangliche Ver\u00e4nderung. Aber mit ihrem neuesten Album Gnosis verlassen Russian Circles das abwechslungsreiche Terrain ihrer bisherigen Arbeit und bahnen sich einen Weg durch den turbulentesten und ersch\u00fctterndsten Bereich ihres Sounds.<\/p>\n<p>Wie bei so vielen K\u00fcnstlern in der \u00c4ra von COVID zwangen die Hindernisse der Geographie und Isolation die russischen Kreise, ihren Schreibprozess neu zu bewerten. Anstatt Songs aus fragmentierten Ideen im Proberaum zu erstellen, wurden vollst\u00e4ndige Songs separat geschrieben und aufgenommen, bevor sie mit anderen Mitgliedern geteilt wurden, um ihre urspr\u00fcngliche Vision zu bewahren. W\u00e4hrend diese Demos die gesamte Breite der verschiedenen Stile der Band abdeckten, wurden die filmischeren Kompositionen schlie\u00dflich zugunsten der k\u00f6rperlich reinigenden St\u00fccke herausgeschnitten.<\/p>\n<p>Gnosis wurde von Kurt Ballou entwickelt und gemischt. Schlagzeug und Bass wurden bei Electrical Audio in Chicago aufgenommen, um die nat\u00fcrlichen Raumkl\u00e4nge der Rhythmusgruppe zu maximieren. Gitarren- und Synthesizer-Overdubs wurden in God City in Salem, MA, aufgef\u00fchrt, um Ballous riesigen Bestand an Verst\u00e4rkern und Effektpedalen zu nutzen. Obwohl das gesamte Album aus der Ferne geschrieben wurde, wurden die Songs mit der gesamten Band aufgenommen, die zusammen spielte, um das Live-Feeling des Materials beizubehalten. Aufgrund des damaligen Klimas und einer neuen Schreibmethode schufen Russian Circles ihr bisher rauchigstes und konzentriertestes Werk \u2013 ein Album, das den Abbau von zwei Jahren Spannung der Melancholie und Zur\u00fcckhaltung vorzieht, die ihre fr\u00fcheren Bem\u00fchungen oft pr\u00e4gten.<\/p>","protected":false},"excerpt":{"rendered":"<p>Ver\u00f6ffentlichung: 19. August 2022.<\/p>\n<p>Transparent Orange Vinyl = limitierte Auflage von 1000 Exemplaren weltweit<\/p>\n<p>** Bitte beachten Sie, dass das Bild zu Illustrationszwecken ein Modell ist. Das gelieferte Album sieht etwas anders aus.<\/p>","protected":false},"featured_media":1490,"comment_status":"closed","ping_status":"closed","template":"","meta":[],"product_brand":[],"product_cat":[15],"product_tag":[26,36],"class_list":{"0":"post-1489","1":"product","2":"type-product","3":"status-publish","4":"has-post-thumbnail","6":"product_cat-vinyl-12-lp","7":"product_tag-post-metal","8":"product_tag-sludge","10":"first","11":"outofstock","12":"taxable","13":"shipping-taxable","14":"purchasable","15":"product-type-simple"},"bundled_by":[],"bundle_stock_status":"outofstock","bundle_stock_quantity":0,"bundle_virtual":false,"bundle_layout":"","bundle_add_to_cart_form_location":"","bundle_editable_in_cart":false,"bundle_sold_individually_context":"","bundle_item_grouping":"","bundle_min_size":"","bundle_max_size":"","bundle_price":[],"bundled_items":[],"bundle_sell_ids":[],"yoast_head":"<!-- This site is optimized with the Yoast SEO plugin v27.3 - https:\/\/yoast.com\/product\/yoast-seo-wordpress\/ -->\n<title>Russian Circles - Gnosis<\/title>\n<meta name=\"description\" content=\"Releasedatum: 19.08.2022  Transparant Oranje Vinyl = gelimiteerde oplage van 1000 exemplaren wereldwijd  ** Let op, de afbeelding is een mockup ter illustratie, het geleverde album zal er iets anders uit zien.\" \/>\n<meta name=\"robots\" content=\"index, follow, max-snippet:-1, max-image-preview:large, max-video-preview:-1\" \/>\n<link rel=\"canonical\" href=\"https:\/\/demistrecords.nl\/de\/produkt\/russian-circles-gnosis\/\" \/>\n<meta property=\"og:locale\" content=\"de_DE\" \/>\n<meta property=\"og:type\" content=\"article\" \/>\n<meta property=\"og:title\" content=\"Russian Circles - Gnosis\" \/>\n<meta property=\"og:description\" content=\"Releasedatum: 19.08.2022  Transparant Oranje Vinyl = gelimiteerde oplage van 1000 exemplaren wereldwijd  ** Let op, de afbeelding is een mockup ter illustratie, het geleverde album zal er iets anders uit zien.\" \/>\n<meta property=\"og:url\" content=\"https:\/\/demistrecords.nl\/de\/produkt\/russian-circles-gnosis\/\" \/>\n<meta property=\"og:site_name\" content=\"De Mist Records\" \/>\n<meta property=\"article:publisher\" content=\"https:\/\/www.facebook.com\/demistrecordsnl\" \/>\n<meta property=\"article:modified_time\" content=\"2026-03-27T20:09:13+00:00\" \/>\n<meta property=\"og:image\" content=\"https:\/\/demistrecords.nl\/wp-content\/uploads\/2022\/07\/Russian-Circles-Gnosis-Transparent-Orange.jpg\" \/>\n\t<meta property=\"og:image:width\" content=\"2120\" \/>\n\t<meta property=\"og:image:height\" content=\"2120\" \/>\n\t<meta property=\"og:image:type\" content=\"image\/jpeg\" \/>\n<meta name=\"twitter:card\" content=\"summary_large_image\" \/>\n<meta name=\"twitter:site\" content=\"@deathroo1\" \/>\n<meta name=\"twitter:label1\" content=\"Gesch\u00e4tzte Lesezeit\" \/>\n\t<meta name=\"twitter:data1\" content=\"3\u00a0Minuten\" \/>\n<script type=\"application\/ld+json\" class=\"yoast-schema-graph\">{\"@context\":\"https:\\\/\\\/schema.org\",\"@graph\":[{\"@type\":[\"WebPage\",\"ItemPage\"],\"@id\":\"https:\\\/\\\/demistrecords.nl\\\/product\\\/russian-circles-gnosis\\\/\",\"url\":\"https:\\\/\\\/demistrecords.nl\\\/product\\\/russian-circles-gnosis\\\/\",\"name\":\"Russian Circles - Gnosis\",\"isPartOf\":{\"@id\":\"https:\\\/\\\/demistrecords.nl\\\/#website\"},\"primaryImageOfPage\":{\"@id\":\"https:\\\/\\\/demistrecords.nl\\\/product\\\/russian-circles-gnosis\\\/#primaryimage\"},\"image\":{\"@id\":\"https:\\\/\\\/demistrecords.nl\\\/product\\\/russian-circles-gnosis\\\/#primaryimage\"},\"thumbnailUrl\":\"https:\\\/\\\/demistrecords.nl\\\/wp-content\\\/uploads\\\/2022\\\/07\\\/Russian-Circles-Gnosis-Transparent-Orange.jpg\",\"datePublished\":\"2022-07-20T19:21:38+00:00\",\"dateModified\":\"2026-03-27T20:09:13+00:00\",\"description\":\"Releasedatum: 19.08.2022 Transparant Oranje Vinyl = gelimiteerde oplage van 1000 exemplaren wereldwijd ** Let op, de afbeelding is een mockup ter illustratie, het geleverde album zal er iets anders uit zien.\",\"breadcrumb\":{\"@id\":\"https:\\\/\\\/demistrecords.nl\\\/product\\\/russian-circles-gnosis\\\/#breadcrumb\"},\"inLanguage\":\"de\",\"potentialAction\":[{\"@type\":\"ReadAction\",\"target\":[\"https:\\\/\\\/demistrecords.nl\\\/product\\\/russian-circles-gnosis\\\/\"]}]},{\"@type\":\"ImageObject\",\"inLanguage\":\"de\",\"@id\":\"https:\\\/\\\/demistrecords.nl\\\/product\\\/russian-circles-gnosis\\\/#primaryimage\",\"url\":\"https:\\\/\\\/demistrecords.nl\\\/wp-content\\\/uploads\\\/2022\\\/07\\\/Russian-Circles-Gnosis-Transparent-Orange.jpg\",\"contentUrl\":\"https:\\\/\\\/demistrecords.nl\\\/wp-content\\\/uploads\\\/2022\\\/07\\\/Russian-Circles-Gnosis-Transparent-Orange.jpg\",\"width\":2120,\"height\":2120},{\"@type\":\"BreadcrumbList\",\"@id\":\"https:\\\/\\\/demistrecords.nl\\\/product\\\/russian-circles-gnosis\\\/#breadcrumb\",\"itemListElement\":[{\"@type\":\"ListItem\",\"position\":1,\"name\":\"Home\",\"item\":\"https:\\\/\\\/demistrecords.nl\\\/\"},{\"@type\":\"ListItem\",\"position\":2,\"name\":\"Shop\",\"item\":\"https:\\\/\\\/demistrecords.nl\\\/shop\\\/\"},{\"@type\":\"ListItem\",\"position\":3,\"name\":\"Russian Circles &#8211; Gnosis\"}]},{\"@type\":\"WebSite\",\"@id\":\"https:\\\/\\\/demistrecords.nl\\\/#website\",\"url\":\"https:\\\/\\\/demistrecords.nl\\\/\",\"name\":\"De Mist Records\",\"description\":\"Post-rock and related music\",\"publisher\":{\"@id\":\"https:\\\/\\\/demistrecords.nl\\\/#organization\"},\"potentialAction\":[{\"@type\":\"SearchAction\",\"target\":{\"@type\":\"EntryPoint\",\"urlTemplate\":\"https:\\\/\\\/demistrecords.nl\\\/?s={search_term_string}\"},\"query-input\":{\"@type\":\"PropertyValueSpecification\",\"valueRequired\":true,\"valueName\":\"search_term_string\"}}],\"inLanguage\":\"de\"},{\"@type\":\"Organization\",\"@id\":\"https:\\\/\\\/demistrecords.nl\\\/#organization\",\"name\":\"De Mist Records\",\"url\":\"https:\\\/\\\/demistrecords.nl\\\/\",\"logo\":{\"@type\":\"ImageObject\",\"inLanguage\":\"de\",\"@id\":\"https:\\\/\\\/demistrecords.nl\\\/#\\\/schema\\\/logo\\\/image\\\/\",\"url\":\"https:\\\/\\\/demistrecords.nl\\\/wp-content\\\/uploads\\\/2020\\\/12\\\/logo-de-mist-records-rond.png\",\"contentUrl\":\"https:\\\/\\\/demistrecords.nl\\\/wp-content\\\/uploads\\\/2020\\\/12\\\/logo-de-mist-records-rond.png\",\"width\":500,\"height\":500,\"caption\":\"De Mist Records\"},\"image\":{\"@id\":\"https:\\\/\\\/demistrecords.nl\\\/#\\\/schema\\\/logo\\\/image\\\/\"},\"sameAs\":[\"https:\\\/\\\/www.facebook.com\\\/demistrecordsnl\",\"https:\\\/\\\/x.com\\\/deathroo1\",\"https:\\\/\\\/www.instagram.com\\\/demist_records\\\/\"]}]}<\/script>\n<!-- \/ Yoast SEO plugin. -->","yoast_head_json":{"title":"Russian Circles - Gnosis","description":"Releasedatum: 19.08.2022  Transparant Oranje Vinyl = gelimiteerde oplage van 1000 exemplaren wereldwijd  ** Let op, de afbeelding is een mockup ter illustratie, het geleverde album zal er iets anders uit zien.","robots":{"index":"index","follow":"follow","max-snippet":"max-snippet:-1","max-image-preview":"max-image-preview:large","max-video-preview":"max-video-preview:-1"},"canonical":"https:\/\/demistrecords.nl\/de\/produkt\/russian-circles-gnosis\/","og_locale":"de_DE","og_type":"article","og_title":"Russian Circles - Gnosis","og_description":"Releasedatum: 19.08.2022  Transparant Oranje Vinyl = gelimiteerde oplage van 1000 exemplaren wereldwijd  ** Let op, de afbeelding is een mockup ter illustratie, het geleverde album zal er iets anders uit zien.","og_url":"https:\/\/demistrecords.nl\/de\/produkt\/russian-circles-gnosis\/","og_site_name":"De Mist Records","article_publisher":"https:\/\/www.facebook.com\/demistrecordsnl","article_modified_time":"2026-03-27T20:09:13+00:00","og_image":[{"width":2120,"height":2120,"url":"https:\/\/demistrecords.nl\/wp-content\/uploads\/2022\/07\/Russian-Circles-Gnosis-Transparent-Orange.jpg","type":"image\/jpeg"}],"twitter_card":"summary_large_image","twitter_site":"@deathroo1","twitter_misc":{"Gesch\u00e4tzte Lesezeit":"3\u00a0Minuten"},"schema":{"@context":"https:\/\/schema.org","@graph":[{"@type":["WebPage","ItemPage"],"@id":"https:\/\/demistrecords.nl\/product\/russian-circles-gnosis\/","url":"https:\/\/demistrecords.nl\/product\/russian-circles-gnosis\/","name":"Russian Circles - Gnosis","isPartOf":{"@id":"https:\/\/demistrecords.nl\/#website"},"primaryImageOfPage":{"@id":"https:\/\/demistrecords.nl\/product\/russian-circles-gnosis\/#primaryimage"},"image":{"@id":"https:\/\/demistrecords.nl\/product\/russian-circles-gnosis\/#primaryimage"},"thumbnailUrl":"https:\/\/demistrecords.nl\/wp-content\/uploads\/2022\/07\/Russian-Circles-Gnosis-Transparent-Orange.jpg","datePublished":"2022-07-20T19:21:38+00:00","dateModified":"2026-03-27T20:09:13+00:00","description":"Releasedatum: 19.08.2022 Transparant Oranje Vinyl = gelimiteerde oplage van 1000 exemplaren wereldwijd ** Let op, de afbeelding is een mockup ter illustratie, het geleverde album zal er iets anders uit zien.","breadcrumb":{"@id":"https:\/\/demistrecords.nl\/product\/russian-circles-gnosis\/#breadcrumb"},"inLanguage":"de","potentialAction":[{"@type":"ReadAction","target":["https:\/\/demistrecords.nl\/product\/russian-circles-gnosis\/"]}]},{"@type":"ImageObject","inLanguage":"de","@id":"https:\/\/demistrecords.nl\/product\/russian-circles-gnosis\/#primaryimage","url":"https:\/\/demistrecords.nl\/wp-content\/uploads\/2022\/07\/Russian-Circles-Gnosis-Transparent-Orange.jpg","contentUrl":"https:\/\/demistrecords.nl\/wp-content\/uploads\/2022\/07\/Russian-Circles-Gnosis-Transparent-Orange.jpg","width":2120,"height":2120},{"@type":"BreadcrumbList","@id":"https:\/\/demistrecords.nl\/product\/russian-circles-gnosis\/#breadcrumb","itemListElement":[{"@type":"ListItem","position":1,"name":"Home","item":"https:\/\/demistrecords.nl\/"},{"@type":"ListItem","position":2,"name":"Shop","item":"https:\/\/demistrecords.nl\/shop\/"},{"@type":"ListItem","position":3,"name":"Russian Circles &#8211; Gnosis"}]},{"@type":"WebSite","@id":"https:\/\/demistrecords.nl\/#website","url":"https:\/\/demistrecords.nl\/","name":"De Mist Records","description":"Post-rock and related music","publisher":{"@id":"https:\/\/demistrecords.nl\/#organization"},"potentialAction":[{"@type":"SearchAction","target":{"@type":"EntryPoint","urlTemplate":"https:\/\/demistrecords.nl\/?s={search_term_string}"},"query-input":{"@type":"PropertyValueSpecification","valueRequired":true,"valueName":"search_term_string"}}],"inLanguage":"de"},{"@type":"Organization","@id":"https:\/\/demistrecords.nl\/#organization","name":"De Mist Records","url":"https:\/\/demistrecords.nl\/","logo":{"@type":"ImageObject","inLanguage":"de","@id":"https:\/\/demistrecords.nl\/#\/schema\/logo\/image\/","url":"https:\/\/demistrecords.nl\/wp-content\/uploads\/2020\/12\/logo-de-mist-records-rond.png","contentUrl":"https:\/\/demistrecords.nl\/wp-content\/uploads\/2020\/12\/logo-de-mist-records-rond.png","width":500,"height":500,"caption":"De Mist Records"},"image":{"@id":"https:\/\/demistrecords.nl\/#\/schema\/logo\/image\/"},"sameAs":["https:\/\/www.facebook.com\/demistrecordsnl","https:\/\/x.com\/deathroo1","https:\/\/www.instagram.com\/demist_records\/"]}]}},"_links":{"self":[{"href":"https:\/\/demistrecords.nl\/de\/wp-json\/wp\/v2\/product\/1489","targetHints":{"allow":["GET"]}}],"collection":[{"href":"https:\/\/demistrecords.nl\/de\/wp-json\/wp\/v2\/product"}],"about":[{"href":"https:\/\/demistrecords.nl\/de\/wp-json\/wp\/v2\/types\/product"}],"replies":[{"embeddable":true,"href":"https:\/\/demistrecords.nl\/de\/wp-json\/wp\/v2\/comments?post=1489"}],"wp:featuredmedia":[{"embeddable":true,"href":"https:\/\/demistrecords.nl\/de\/wp-json\/wp\/v2\/media\/1490"}],"wp:attachment":[{"href":"https:\/\/demistrecords.nl\/de\/wp-json\/wp\/v2\/media?parent=1489"}],"wp:term":[{"taxonomy":"product_brand","embeddable":true,"href":"https:\/\/demistrecords.nl\/de\/wp-json\/wp\/v2\/product_brand?post=1489"},{"taxonomy":"product_cat","embeddable":true,"href":"https:\/\/demistrecords.nl\/de\/wp-json\/wp\/v2\/product_cat?post=1489"},{"taxonomy":"product_tag","embeddable":true,"href":"https:\/\/demistrecords.nl\/de\/wp-json\/wp\/v2\/product_tag?post=1489"}],"curies":[{"name":"wp","href":"https:\/\/api.w.org\/{rel}","templated":true}]}}