{"id":1506,"date":"2022-08-01T15:19:31","date_gmt":"2022-08-01T13:19:31","guid":{"rendered":"https:\/\/demistrecords.nl\/?post_type=product&#038;p=1506"},"modified":"2025-02-01T18:04:25","modified_gmt":"2025-02-01T17:04:25","slug":"when-waves-collide-chasm","status":"publish","type":"product","link":"https:\/\/demistrecords.nl\/de\/produkt\/when-waves-collide-chasm\/","title":{"rendered":"When Waves Collide &#8211; Chasm"},"content":{"rendered":"<p>Eines der vielleicht bemerkenswertesten Alben des Jahres 2021 stammt vom Pariser Quartett <strong>When Waves Collide<\/strong>. Diese cineastische Post-Rock-Band ver\u00f6ffentlichte ihr erstes Album in voller L\u00e4nge namens <strong>Chasm <\/strong>und enth\u00e4lt 6 gro\u00dfartige Songs. <strong>Chasm <\/strong>ist ein Konzeptalbum \u00fcber eine Zivilisation am Rande des Untergangs. Musikalisch folgen wir dieser Zivilisation durch ihren Untergang, wie sie k\u00e4mpfen, beten, Katastrophen \u00fcberleben und schlie\u00dflich an ihrem unvermeidlichen Strandung. <strong>When Waves Collide<\/strong> verwenden ihren instrumental-cineastischen Ansatz in Kombination mit Shoegazing-Post-Rock-Arrangements, die an Big Bands erinnern wie <strong>Long Distance Calling<\/strong>, <strong>Moments Of Collapse<\/strong>, <strong>PG.Lost<\/strong> und <a href=\"https:\/\/demistrecords.nl\/de\/shop\/?filter_artist=we-lost-the-sea&#038;post_type=product\"><strong>We Lost The Sea<\/strong><\/a>. Wie diese Bands haben auch diese Franzosen die F\u00e4higkeit, mit ihren Instrumenten Geschichten zu erschaffen. Ohne Worte f\u00fchren Sie die \u00fcberraschenden Arrangements durch die Geschichte.<br \/>\n<strong>When Waves Collide<\/strong> ver\u00f6ffentlichten bereits 2019 die <strong>EP I<\/strong> und ihre Single <strong>Star Collapse<\/strong> , was uns eine Vorstellung davon gab, was von diesen franz\u00f6sischen Instrumentalisten zu erwarten ist. Mit <strong>Chasm<\/strong> sind sie noch weiter gegangen und man h\u00f6rt, dass sich die Band selbst weiterentwickelt hat. Die Musik ist vielf\u00e4ltiger geworden, indem Elemente aus Progressive Rock, Post-Metal, Shoegaze und Post-Rock eingef\u00fchrt wurden, w\u00e4hrend die umgebenden Ambient soundscpes beibehalten wurden. Das Endergebnis ist ein sehr gut durchdachtes Album mit einem wirklich einzigartigen Sound, der die Band mit der Ver\u00f6ffentlichung von <strong>Chasm<\/strong>nach oben trieb. Das Album ist fast \u00fcberall ausverkauft, aber wir haben es geschafft, ein paar Exemplare ihrer Erstauflage zu ergattern (limitiert auf nur 300 Exemplare weltweit auf goldenem 180-Gramm-Vinyl mit schwarzen Spritzern).<\/p>\n<p><iframe style=\"border: 0; width: 100%; height: 42px;\" src=\"https:\/\/bandcamp.com\/EmbeddedPlayer\/album=3616268018\/size=small\/bgcol=333333\/linkcol=0f91ff\/transparent=true\/\" seamless><a href=\"https:\/\/whenwavescollide.bandcamp.com\/album\/chasm\">Chasm by When Waves Collide<\/a><\/iframe><\/p>","protected":false},"excerpt":{"rendered":"<p>Limitierte Erstausgabe dieses begehrten Deb\u00fctalbums der franz\u00f6sischen Postrocker When Waves Collide in voller L\u00e4nge. Limitiert auf nur 300 Exemplare weltweit und fast \u00fcberall ausverkauft.<\/p>\n<p>Kommt auf perfekt passendem goldfarbenem 180gr. Vinyl mit schwarzen Splatter.<\/p>\n<p>** Bitte beachten Sie, dass das Bild zu Illustrationszwecken ein Modell ist. Das gelieferte Album sieht etwas anders aus.<\/p>","protected":false},"featured_media":1507,"comment_status":"closed","ping_status":"closed","template":"","meta":[],"product_brand":[],"product_cat":[15],"product_tag":[31,28,37],"class_list":{"0":"post-1506","1":"product","2":"type-product","3":"status-publish","4":"has-post-thumbnail","6":"product_cat-vinyl-12-lp","7":"product_tag-ambient","8":"product_tag-post-rock","9":"product_tag-shoegaze","11":"first","12":"outofstock","13":"sale","14":"taxable","15":"shipping-taxable","16":"purchasable","17":"product-type-simple"},"yoast_head":"<!-- This site is optimized with the Yoast SEO plugin v27.3 - https:\/\/yoast.com\/product\/yoast-seo-wordpress\/ -->\n<title>When Waves Collide - Chasm<\/title>\n<meta name=\"description\" content=\"Gelimiteerde eerste editie van dit gewilde full-length debuutalbum van Franse postrockers When Waves Collide. Gelimiteerd tot slechts 300 exemplaren wereldwijd en bijna overal uitverkocht.  Komt op perfect passende goudkleurige 180gr. vinyl met zwarte splatter.  ** Let op, de afbeelding is een mockup ter illustratie, het geleverde album zal er iets anders uitzien.\" \/>\n<meta name=\"robots\" content=\"index, follow, max-snippet:-1, max-image-preview:large, max-video-preview:-1\" \/>\n<link rel=\"canonical\" href=\"https:\/\/demistrecords.nl\/de\/produkt\/when-waves-collide-chasm\/\" \/>\n<meta property=\"og:locale\" content=\"de_DE\" \/>\n<meta property=\"og:type\" content=\"article\" \/>\n<meta property=\"og:title\" content=\"When Waves Collide - Chasm\" \/>\n<meta property=\"og:description\" content=\"Gelimiteerde eerste editie van dit gewilde full-length debuutalbum van Franse postrockers When Waves Collide. Gelimiteerd tot slechts 300 exemplaren wereldwijd en bijna overal uitverkocht.  Komt op perfect passende goudkleurige 180gr. vinyl met zwarte splatter.  ** Let op, de afbeelding is een mockup ter illustratie, het geleverde album zal er iets anders uitzien.\" \/>\n<meta property=\"og:url\" content=\"https:\/\/demistrecords.nl\/de\/produkt\/when-waves-collide-chasm\/\" \/>\n<meta property=\"og:site_name\" content=\"De Mist Records\" \/>\n<meta property=\"article:publisher\" content=\"https:\/\/www.facebook.com\/demistrecordsnl\" \/>\n<meta property=\"article:modified_time\" content=\"2025-02-01T17:04:25+00:00\" \/>\n<meta property=\"og:image\" content=\"https:\/\/demistrecords.nl\/wp-content\/uploads\/2022\/08\/When-Waves-Collide-Chasm.jpg\" \/>\n\t<meta property=\"og:image:width\" content=\"2120\" \/>\n\t<meta property=\"og:image:height\" content=\"2120\" \/>\n\t<meta property=\"og:image:type\" content=\"image\/jpeg\" \/>\n<meta name=\"twitter:card\" content=\"summary_large_image\" \/>\n<meta name=\"twitter:site\" content=\"@deathroo1\" \/>\n<meta name=\"twitter:label1\" content=\"Gesch\u00e4tzte Lesezeit\" \/>\n\t<meta name=\"twitter:data1\" content=\"2\u00a0Minuten\" \/>\n<script type=\"application\/ld+json\" class=\"yoast-schema-graph\">{\"@context\":\"https:\\\/\\\/schema.org\",\"@graph\":[{\"@type\":[\"WebPage\",\"ItemPage\"],\"@id\":\"https:\\\/\\\/demistrecords.nl\\\/product\\\/when-waves-collide-chasm\\\/\",\"url\":\"https:\\\/\\\/demistrecords.nl\\\/product\\\/when-waves-collide-chasm\\\/\",\"name\":\"When Waves Collide - Chasm\",\"isPartOf\":{\"@id\":\"https:\\\/\\\/demistrecords.nl\\\/#website\"},\"primaryImageOfPage\":{\"@id\":\"https:\\\/\\\/demistrecords.nl\\\/product\\\/when-waves-collide-chasm\\\/#primaryimage\"},\"image\":{\"@id\":\"https:\\\/\\\/demistrecords.nl\\\/product\\\/when-waves-collide-chasm\\\/#primaryimage\"},\"thumbnailUrl\":\"https:\\\/\\\/demistrecords.nl\\\/wp-content\\\/uploads\\\/2022\\\/08\\\/When-Waves-Collide-Chasm.jpg\",\"datePublished\":\"2022-08-01T13:19:31+00:00\",\"dateModified\":\"2025-02-01T17:04:25+00:00\",\"description\":\"Gelimiteerde eerste editie van dit gewilde full-length debuutalbum van Franse postrockers When Waves Collide. Gelimiteerd tot slechts 300 exemplaren wereldwijd en bijna overal uitverkocht. Komt op perfect passende goudkleurige 180gr. vinyl met zwarte splatter. ** Let op, de afbeelding is een mockup ter illustratie, het geleverde album zal er iets anders uitzien.\",\"breadcrumb\":{\"@id\":\"https:\\\/\\\/demistrecords.nl\\\/product\\\/when-waves-collide-chasm\\\/#breadcrumb\"},\"inLanguage\":\"de\",\"potentialAction\":[{\"@type\":\"ReadAction\",\"target\":[\"https:\\\/\\\/demistrecords.nl\\\/product\\\/when-waves-collide-chasm\\\/\"]}]},{\"@type\":\"ImageObject\",\"inLanguage\":\"de\",\"@id\":\"https:\\\/\\\/demistrecords.nl\\\/product\\\/when-waves-collide-chasm\\\/#primaryimage\",\"url\":\"https:\\\/\\\/demistrecords.nl\\\/wp-content\\\/uploads\\\/2022\\\/08\\\/When-Waves-Collide-Chasm.jpg\",\"contentUrl\":\"https:\\\/\\\/demistrecords.nl\\\/wp-content\\\/uploads\\\/2022\\\/08\\\/When-Waves-Collide-Chasm.jpg\",\"width\":2120,\"height\":2120},{\"@type\":\"BreadcrumbList\",\"@id\":\"https:\\\/\\\/demistrecords.nl\\\/product\\\/when-waves-collide-chasm\\\/#breadcrumb\",\"itemListElement\":[{\"@type\":\"ListItem\",\"position\":1,\"name\":\"Home\",\"item\":\"https:\\\/\\\/demistrecords.nl\\\/\"},{\"@type\":\"ListItem\",\"position\":2,\"name\":\"Shop\",\"item\":\"https:\\\/\\\/demistrecords.nl\\\/shop\\\/\"},{\"@type\":\"ListItem\",\"position\":3,\"name\":\"When Waves Collide &#8211; Chasm\"}]},{\"@type\":\"WebSite\",\"@id\":\"https:\\\/\\\/demistrecords.nl\\\/#website\",\"url\":\"https:\\\/\\\/demistrecords.nl\\\/\",\"name\":\"De Mist Records\",\"description\":\"Post-rock and related music\",\"publisher\":{\"@id\":\"https:\\\/\\\/demistrecords.nl\\\/#organization\"},\"potentialAction\":[{\"@type\":\"SearchAction\",\"target\":{\"@type\":\"EntryPoint\",\"urlTemplate\":\"https:\\\/\\\/demistrecords.nl\\\/?s={search_term_string}\"},\"query-input\":{\"@type\":\"PropertyValueSpecification\",\"valueRequired\":true,\"valueName\":\"search_term_string\"}}],\"inLanguage\":\"de\"},{\"@type\":\"Organization\",\"@id\":\"https:\\\/\\\/demistrecords.nl\\\/#organization\",\"name\":\"De Mist Records\",\"url\":\"https:\\\/\\\/demistrecords.nl\\\/\",\"logo\":{\"@type\":\"ImageObject\",\"inLanguage\":\"de\",\"@id\":\"https:\\\/\\\/demistrecords.nl\\\/#\\\/schema\\\/logo\\\/image\\\/\",\"url\":\"https:\\\/\\\/demistrecords.nl\\\/wp-content\\\/uploads\\\/2020\\\/12\\\/logo-de-mist-records-rond.png\",\"contentUrl\":\"https:\\\/\\\/demistrecords.nl\\\/wp-content\\\/uploads\\\/2020\\\/12\\\/logo-de-mist-records-rond.png\",\"width\":500,\"height\":500,\"caption\":\"De Mist Records\"},\"image\":{\"@id\":\"https:\\\/\\\/demistrecords.nl\\\/#\\\/schema\\\/logo\\\/image\\\/\"},\"sameAs\":[\"https:\\\/\\\/www.facebook.com\\\/demistrecordsnl\",\"https:\\\/\\\/x.com\\\/deathroo1\",\"https:\\\/\\\/www.instagram.com\\\/demist_records\\\/\"]}]}<\/script>\n<!-- \/ Yoast SEO plugin. -->","yoast_head_json":{"title":"When Waves Collide - Chasm","description":"Gelimiteerde eerste editie van dit gewilde full-length debuutalbum van Franse postrockers When Waves Collide. Gelimiteerd tot slechts 300 exemplaren wereldwijd en bijna overal uitverkocht.  Komt op perfect passende goudkleurige 180gr. vinyl met zwarte splatter.  ** Let op, de afbeelding is een mockup ter illustratie, het geleverde album zal er iets anders uitzien.","robots":{"index":"index","follow":"follow","max-snippet":"max-snippet:-1","max-image-preview":"max-image-preview:large","max-video-preview":"max-video-preview:-1"},"canonical":"https:\/\/demistrecords.nl\/de\/produkt\/when-waves-collide-chasm\/","og_locale":"de_DE","og_type":"article","og_title":"When Waves Collide - Chasm","og_description":"Gelimiteerde eerste editie van dit gewilde full-length debuutalbum van Franse postrockers When Waves Collide. Gelimiteerd tot slechts 300 exemplaren wereldwijd en bijna overal uitverkocht.  Komt op perfect passende goudkleurige 180gr. vinyl met zwarte splatter.  ** Let op, de afbeelding is een mockup ter illustratie, het geleverde album zal er iets anders uitzien.","og_url":"https:\/\/demistrecords.nl\/de\/produkt\/when-waves-collide-chasm\/","og_site_name":"De Mist Records","article_publisher":"https:\/\/www.facebook.com\/demistrecordsnl","article_modified_time":"2025-02-01T17:04:25+00:00","og_image":[{"width":2120,"height":2120,"url":"https:\/\/demistrecords.nl\/wp-content\/uploads\/2022\/08\/When-Waves-Collide-Chasm.jpg","type":"image\/jpeg"}],"twitter_card":"summary_large_image","twitter_site":"@deathroo1","twitter_misc":{"Gesch\u00e4tzte Lesezeit":"2\u00a0Minuten"},"schema":{"@context":"https:\/\/schema.org","@graph":[{"@type":["WebPage","ItemPage"],"@id":"https:\/\/demistrecords.nl\/product\/when-waves-collide-chasm\/","url":"https:\/\/demistrecords.nl\/product\/when-waves-collide-chasm\/","name":"When Waves Collide - Chasm","isPartOf":{"@id":"https:\/\/demistrecords.nl\/#website"},"primaryImageOfPage":{"@id":"https:\/\/demistrecords.nl\/product\/when-waves-collide-chasm\/#primaryimage"},"image":{"@id":"https:\/\/demistrecords.nl\/product\/when-waves-collide-chasm\/#primaryimage"},"thumbnailUrl":"https:\/\/demistrecords.nl\/wp-content\/uploads\/2022\/08\/When-Waves-Collide-Chasm.jpg","datePublished":"2022-08-01T13:19:31+00:00","dateModified":"2025-02-01T17:04:25+00:00","description":"Gelimiteerde eerste editie van dit gewilde full-length debuutalbum van Franse postrockers When Waves Collide. Gelimiteerd tot slechts 300 exemplaren wereldwijd en bijna overal uitverkocht. Komt op perfect passende goudkleurige 180gr. vinyl met zwarte splatter. ** Let op, de afbeelding is een mockup ter illustratie, het geleverde album zal er iets anders uitzien.","breadcrumb":{"@id":"https:\/\/demistrecords.nl\/product\/when-waves-collide-chasm\/#breadcrumb"},"inLanguage":"de","potentialAction":[{"@type":"ReadAction","target":["https:\/\/demistrecords.nl\/product\/when-waves-collide-chasm\/"]}]},{"@type":"ImageObject","inLanguage":"de","@id":"https:\/\/demistrecords.nl\/product\/when-waves-collide-chasm\/#primaryimage","url":"https:\/\/demistrecords.nl\/wp-content\/uploads\/2022\/08\/When-Waves-Collide-Chasm.jpg","contentUrl":"https:\/\/demistrecords.nl\/wp-content\/uploads\/2022\/08\/When-Waves-Collide-Chasm.jpg","width":2120,"height":2120},{"@type":"BreadcrumbList","@id":"https:\/\/demistrecords.nl\/product\/when-waves-collide-chasm\/#breadcrumb","itemListElement":[{"@type":"ListItem","position":1,"name":"Home","item":"https:\/\/demistrecords.nl\/"},{"@type":"ListItem","position":2,"name":"Shop","item":"https:\/\/demistrecords.nl\/shop\/"},{"@type":"ListItem","position":3,"name":"When Waves Collide &#8211; Chasm"}]},{"@type":"WebSite","@id":"https:\/\/demistrecords.nl\/#website","url":"https:\/\/demistrecords.nl\/","name":"De Mist Records","description":"Post-rock and related music","publisher":{"@id":"https:\/\/demistrecords.nl\/#organization"},"potentialAction":[{"@type":"SearchAction","target":{"@type":"EntryPoint","urlTemplate":"https:\/\/demistrecords.nl\/?s={search_term_string}"},"query-input":{"@type":"PropertyValueSpecification","valueRequired":true,"valueName":"search_term_string"}}],"inLanguage":"de"},{"@type":"Organization","@id":"https:\/\/demistrecords.nl\/#organization","name":"De Mist Records","url":"https:\/\/demistrecords.nl\/","logo":{"@type":"ImageObject","inLanguage":"de","@id":"https:\/\/demistrecords.nl\/#\/schema\/logo\/image\/","url":"https:\/\/demistrecords.nl\/wp-content\/uploads\/2020\/12\/logo-de-mist-records-rond.png","contentUrl":"https:\/\/demistrecords.nl\/wp-content\/uploads\/2020\/12\/logo-de-mist-records-rond.png","width":500,"height":500,"caption":"De Mist Records"},"image":{"@id":"https:\/\/demistrecords.nl\/#\/schema\/logo\/image\/"},"sameAs":["https:\/\/www.facebook.com\/demistrecordsnl","https:\/\/x.com\/deathroo1","https:\/\/www.instagram.com\/demist_records\/"]}]}},"_links":{"self":[{"href":"https:\/\/demistrecords.nl\/de\/wp-json\/wp\/v2\/product\/1506","targetHints":{"allow":["GET"]}}],"collection":[{"href":"https:\/\/demistrecords.nl\/de\/wp-json\/wp\/v2\/product"}],"about":[{"href":"https:\/\/demistrecords.nl\/de\/wp-json\/wp\/v2\/types\/product"}],"replies":[{"embeddable":true,"href":"https:\/\/demistrecords.nl\/de\/wp-json\/wp\/v2\/comments?post=1506"}],"wp:featuredmedia":[{"embeddable":true,"href":"https:\/\/demistrecords.nl\/de\/wp-json\/wp\/v2\/media\/1507"}],"wp:attachment":[{"href":"https:\/\/demistrecords.nl\/de\/wp-json\/wp\/v2\/media?parent=1506"}],"wp:term":[{"taxonomy":"product_brand","embeddable":true,"href":"https:\/\/demistrecords.nl\/de\/wp-json\/wp\/v2\/product_brand?post=1506"},{"taxonomy":"product_cat","embeddable":true,"href":"https:\/\/demistrecords.nl\/de\/wp-json\/wp\/v2\/product_cat?post=1506"},{"taxonomy":"product_tag","embeddable":true,"href":"https:\/\/demistrecords.nl\/de\/wp-json\/wp\/v2\/product_tag?post=1506"}],"curies":[{"name":"wp","href":"https:\/\/api.w.org\/{rel}","templated":true}]}}