{"id":1539,"date":"2022-08-31T21:12:25","date_gmt":"2022-08-31T19:12:25","guid":{"rendered":"https:\/\/demistrecords.nl\/?post_type=product&#038;p=1539"},"modified":"2025-04-20T09:49:25","modified_gmt":"2025-04-20T07:49:25","slug":"turpentine-valley-alder","status":"publish","type":"product","link":"https:\/\/demistrecords.nl\/de\/produkt\/turpentine-valley-alder\/","title":{"rendered":"Turpentine Valley &#8211; Alder"},"content":{"rendered":"<p>Das zweite Album der belgischen Band Turpentine Valley ist eine erneute Bekanntschaft mit dem muskul\u00f6sen Post-Metal des Dreiers aus Zulte. Aber es ist nicht nur eine brachiale Wucht, die auf uns einprasselt, wer genauer hinh\u00f6rt, entdeckt auch die feingliedrigen Schatten zwischen den brutalen Riffs. Gerade diese subtilen Erg\u00e4nzungen sorgen f\u00fcr den Kontrast und dienen manchmal als zus\u00e4tzliche Dimension in den Kompositionen.<br \/>\nOft sind es auch diese vertr\u00e4umten Gitarrenmelodien, die sich durch die brutal schlammartigen Basslinien schl\u00e4ngeln und f\u00fcr Lichtblicke sorgen. Zu anderen Zeiten l\u00e4sst sich die Musik von Turpentine Valley am besten als brutal und d\u00fcster beschreiben. Es d\u00fcrfte klar sein, dass Alder ein abwechslungsreiches Album geworden ist, auf dem es viel zu entdecken und vor allem zu genie\u00dfen gibt.<\/p>","protected":false},"excerpt":{"rendered":"<p>Alder kommt in einer regul\u00e4ren 12\u2033-H\u00fclle mit rotem Hei\u00dffoliendetail und Druck auf der Innenseite, in der EU-Version: 180 g\/m\u00b2 transparentes rotes Vinyl mit schwarzem Rauch (limitiert auf 350 Exemplare)<\/p>\n<p><iframe style=\"border: 0; width: 100%; height: 42px;\" src=\"https:\/\/bandcamp.com\/EmbeddedPlayer\/album=223671340\/size=small\/bgcol=333333\/linkcol=0f91ff\/transparent=true\/\" seamless><a href=\"https:\/\/turpentinevalley.bandcamp.com\/album\/alder\">Alder by Turpentine Valley<\/a><\/iframe><\/p>","protected":false},"featured_media":1550,"comment_status":"closed","ping_status":"closed","template":"","meta":[],"product_brand":[],"product_cat":[15],"product_tag":[26,36],"class_list":{"0":"post-1539","1":"product","2":"type-product","3":"status-publish","4":"has-post-thumbnail","6":"product_cat-vinyl-12-lp","7":"product_tag-post-metal","8":"product_tag-sludge","10":"first","11":"outofstock","12":"taxable","13":"shipping-taxable","14":"purchasable","15":"product-type-simple"},"bundled_by":[],"bundle_stock_status":"outofstock","bundle_stock_quantity":0,"bundle_virtual":false,"bundle_layout":"","bundle_add_to_cart_form_location":"","bundle_editable_in_cart":false,"bundle_sold_individually_context":"","bundle_item_grouping":"","bundle_min_size":"","bundle_max_size":"","bundle_price":[],"bundled_items":[],"bundle_sell_ids":[],"yoast_head":"<!-- This site is optimized with the Yoast SEO plugin v27.4 - https:\/\/yoast.com\/product\/yoast-seo-wordpress\/ -->\n<title>Turpentine Valley - Alder<\/title>\n<meta name=\"description\" content=\"Alder wordt geleverd in een normale 12&quot; hoes met rode hot foil detail en print aan de binnenkant, in de EU versie: 180gsm transparant rood vinyl met zwarte rook (beperkt tot 350 exemplaren)  Alder by Turpentine Valley\" \/>\n<meta name=\"robots\" content=\"index, follow, max-snippet:-1, max-image-preview:large, max-video-preview:-1\" \/>\n<link rel=\"canonical\" href=\"https:\/\/demistrecords.nl\/de\/produkt\/turpentine-valley-alder\/\" \/>\n<meta property=\"og:locale\" content=\"de_DE\" \/>\n<meta property=\"og:type\" content=\"article\" \/>\n<meta property=\"og:title\" content=\"Turpentine Valley - Alder\" \/>\n<meta property=\"og:description\" content=\"Alder wordt geleverd in een normale 12&quot; hoes met rode hot foil detail en print aan de binnenkant, in de EU versie: 180gsm transparant rood vinyl met zwarte rook (beperkt tot 350 exemplaren)  Alder by Turpentine Valley\" \/>\n<meta property=\"og:url\" content=\"https:\/\/demistrecords.nl\/de\/produkt\/turpentine-valley-alder\/\" \/>\n<meta property=\"og:site_name\" content=\"De Mist Records\" \/>\n<meta property=\"article:publisher\" content=\"https:\/\/www.facebook.com\/demistrecordsnl\" \/>\n<meta property=\"article:modified_time\" content=\"2025-04-20T07:49:25+00:00\" \/>\n<meta property=\"og:image\" content=\"https:\/\/demistrecords.nl\/wp-content\/uploads\/2022\/08\/Turpentine-Valley-Alder-1.jpg\" \/>\n\t<meta property=\"og:image:width\" content=\"2120\" \/>\n\t<meta property=\"og:image:height\" content=\"2120\" \/>\n\t<meta property=\"og:image:type\" content=\"image\/jpeg\" \/>\n<meta name=\"twitter:card\" content=\"summary_large_image\" \/>\n<meta name=\"twitter:site\" content=\"@deathroo1\" \/>\n<meta name=\"twitter:label1\" content=\"Gesch\u00e4tzte Lesezeit\" \/>\n\t<meta name=\"twitter:data1\" content=\"1\u00a0Minute\" \/>\n<script type=\"application\/ld+json\" class=\"yoast-schema-graph\">{\"@context\":\"https:\\\/\\\/schema.org\",\"@graph\":[{\"@type\":[\"WebPage\",\"ItemPage\"],\"@id\":\"https:\\\/\\\/demistrecords.nl\\\/product\\\/turpentine-valley-alder\\\/\",\"url\":\"https:\\\/\\\/demistrecords.nl\\\/product\\\/turpentine-valley-alder\\\/\",\"name\":\"Turpentine Valley - Alder\",\"isPartOf\":{\"@id\":\"https:\\\/\\\/demistrecords.nl\\\/#website\"},\"primaryImageOfPage\":{\"@id\":\"https:\\\/\\\/demistrecords.nl\\\/product\\\/turpentine-valley-alder\\\/#primaryimage\"},\"image\":{\"@id\":\"https:\\\/\\\/demistrecords.nl\\\/product\\\/turpentine-valley-alder\\\/#primaryimage\"},\"thumbnailUrl\":\"https:\\\/\\\/demistrecords.nl\\\/wp-content\\\/uploads\\\/2022\\\/08\\\/Turpentine-Valley-Alder-1.jpg\",\"datePublished\":\"2022-08-31T19:12:25+00:00\",\"dateModified\":\"2025-04-20T07:49:25+00:00\",\"description\":\"Alder wordt geleverd in een normale 12\\\" hoes met rode hot foil detail en print aan de binnenkant, in de EU versie: 180gsm transparant rood vinyl met zwarte rook (beperkt tot 350 exemplaren) Alder by Turpentine Valley\",\"breadcrumb\":{\"@id\":\"https:\\\/\\\/demistrecords.nl\\\/product\\\/turpentine-valley-alder\\\/#breadcrumb\"},\"inLanguage\":\"de\",\"potentialAction\":[{\"@type\":\"ReadAction\",\"target\":[\"https:\\\/\\\/demistrecords.nl\\\/product\\\/turpentine-valley-alder\\\/\"]}]},{\"@type\":\"ImageObject\",\"inLanguage\":\"de\",\"@id\":\"https:\\\/\\\/demistrecords.nl\\\/product\\\/turpentine-valley-alder\\\/#primaryimage\",\"url\":\"https:\\\/\\\/demistrecords.nl\\\/wp-content\\\/uploads\\\/2022\\\/08\\\/Turpentine-Valley-Alder-1.jpg\",\"contentUrl\":\"https:\\\/\\\/demistrecords.nl\\\/wp-content\\\/uploads\\\/2022\\\/08\\\/Turpentine-Valley-Alder-1.jpg\",\"width\":2120,\"height\":2120},{\"@type\":\"BreadcrumbList\",\"@id\":\"https:\\\/\\\/demistrecords.nl\\\/product\\\/turpentine-valley-alder\\\/#breadcrumb\",\"itemListElement\":[{\"@type\":\"ListItem\",\"position\":1,\"name\":\"Home\",\"item\":\"https:\\\/\\\/demistrecords.nl\\\/\"},{\"@type\":\"ListItem\",\"position\":2,\"name\":\"Shop\",\"item\":\"https:\\\/\\\/demistrecords.nl\\\/shop\\\/\"},{\"@type\":\"ListItem\",\"position\":3,\"name\":\"Turpentine Valley &#8211; Alder\"}]},{\"@type\":\"WebSite\",\"@id\":\"https:\\\/\\\/demistrecords.nl\\\/#website\",\"url\":\"https:\\\/\\\/demistrecords.nl\\\/\",\"name\":\"De Mist Records\",\"description\":\"Post-rock and related music\",\"publisher\":{\"@id\":\"https:\\\/\\\/demistrecords.nl\\\/#organization\"},\"potentialAction\":[{\"@type\":\"SearchAction\",\"target\":{\"@type\":\"EntryPoint\",\"urlTemplate\":\"https:\\\/\\\/demistrecords.nl\\\/?s={search_term_string}\"},\"query-input\":{\"@type\":\"PropertyValueSpecification\",\"valueRequired\":true,\"valueName\":\"search_term_string\"}}],\"inLanguage\":\"de\"},{\"@type\":\"Organization\",\"@id\":\"https:\\\/\\\/demistrecords.nl\\\/#organization\",\"name\":\"De Mist Records\",\"url\":\"https:\\\/\\\/demistrecords.nl\\\/\",\"logo\":{\"@type\":\"ImageObject\",\"inLanguage\":\"de\",\"@id\":\"https:\\\/\\\/demistrecords.nl\\\/#\\\/schema\\\/logo\\\/image\\\/\",\"url\":\"https:\\\/\\\/demistrecords.nl\\\/wp-content\\\/uploads\\\/2020\\\/12\\\/logo-de-mist-records-rond.png\",\"contentUrl\":\"https:\\\/\\\/demistrecords.nl\\\/wp-content\\\/uploads\\\/2020\\\/12\\\/logo-de-mist-records-rond.png\",\"width\":500,\"height\":500,\"caption\":\"De Mist Records\"},\"image\":{\"@id\":\"https:\\\/\\\/demistrecords.nl\\\/#\\\/schema\\\/logo\\\/image\\\/\"},\"sameAs\":[\"https:\\\/\\\/www.facebook.com\\\/demistrecordsnl\",\"https:\\\/\\\/x.com\\\/deathroo1\",\"https:\\\/\\\/www.instagram.com\\\/demist_records\\\/\"]}]}<\/script>\n<!-- \/ Yoast SEO plugin. -->","yoast_head_json":{"title":"Turpentine Valley - Alder","description":"Alder wordt geleverd in een normale 12\" hoes met rode hot foil detail en print aan de binnenkant, in de EU versie: 180gsm transparant rood vinyl met zwarte rook (beperkt tot 350 exemplaren)  Alder by Turpentine Valley","robots":{"index":"index","follow":"follow","max-snippet":"max-snippet:-1","max-image-preview":"max-image-preview:large","max-video-preview":"max-video-preview:-1"},"canonical":"https:\/\/demistrecords.nl\/de\/produkt\/turpentine-valley-alder\/","og_locale":"de_DE","og_type":"article","og_title":"Turpentine Valley - Alder","og_description":"Alder wordt geleverd in een normale 12\" hoes met rode hot foil detail en print aan de binnenkant, in de EU versie: 180gsm transparant rood vinyl met zwarte rook (beperkt tot 350 exemplaren)  Alder by Turpentine Valley","og_url":"https:\/\/demistrecords.nl\/de\/produkt\/turpentine-valley-alder\/","og_site_name":"De Mist Records","article_publisher":"https:\/\/www.facebook.com\/demistrecordsnl","article_modified_time":"2025-04-20T07:49:25+00:00","og_image":[{"width":2120,"height":2120,"url":"https:\/\/demistrecords.nl\/wp-content\/uploads\/2022\/08\/Turpentine-Valley-Alder-1.jpg","type":"image\/jpeg"}],"twitter_card":"summary_large_image","twitter_site":"@deathroo1","twitter_misc":{"Gesch\u00e4tzte Lesezeit":"1\u00a0Minute"},"schema":{"@context":"https:\/\/schema.org","@graph":[{"@type":["WebPage","ItemPage"],"@id":"https:\/\/demistrecords.nl\/product\/turpentine-valley-alder\/","url":"https:\/\/demistrecords.nl\/product\/turpentine-valley-alder\/","name":"Turpentine Valley - Alder","isPartOf":{"@id":"https:\/\/demistrecords.nl\/#website"},"primaryImageOfPage":{"@id":"https:\/\/demistrecords.nl\/product\/turpentine-valley-alder\/#primaryimage"},"image":{"@id":"https:\/\/demistrecords.nl\/product\/turpentine-valley-alder\/#primaryimage"},"thumbnailUrl":"https:\/\/demistrecords.nl\/wp-content\/uploads\/2022\/08\/Turpentine-Valley-Alder-1.jpg","datePublished":"2022-08-31T19:12:25+00:00","dateModified":"2025-04-20T07:49:25+00:00","description":"Alder wordt geleverd in een normale 12\" hoes met rode hot foil detail en print aan de binnenkant, in de EU versie: 180gsm transparant rood vinyl met zwarte rook (beperkt tot 350 exemplaren) Alder by Turpentine Valley","breadcrumb":{"@id":"https:\/\/demistrecords.nl\/product\/turpentine-valley-alder\/#breadcrumb"},"inLanguage":"de","potentialAction":[{"@type":"ReadAction","target":["https:\/\/demistrecords.nl\/product\/turpentine-valley-alder\/"]}]},{"@type":"ImageObject","inLanguage":"de","@id":"https:\/\/demistrecords.nl\/product\/turpentine-valley-alder\/#primaryimage","url":"https:\/\/demistrecords.nl\/wp-content\/uploads\/2022\/08\/Turpentine-Valley-Alder-1.jpg","contentUrl":"https:\/\/demistrecords.nl\/wp-content\/uploads\/2022\/08\/Turpentine-Valley-Alder-1.jpg","width":2120,"height":2120},{"@type":"BreadcrumbList","@id":"https:\/\/demistrecords.nl\/product\/turpentine-valley-alder\/#breadcrumb","itemListElement":[{"@type":"ListItem","position":1,"name":"Home","item":"https:\/\/demistrecords.nl\/"},{"@type":"ListItem","position":2,"name":"Shop","item":"https:\/\/demistrecords.nl\/shop\/"},{"@type":"ListItem","position":3,"name":"Turpentine Valley &#8211; Alder"}]},{"@type":"WebSite","@id":"https:\/\/demistrecords.nl\/#website","url":"https:\/\/demistrecords.nl\/","name":"De Mist Records","description":"Post-rock and related music","publisher":{"@id":"https:\/\/demistrecords.nl\/#organization"},"potentialAction":[{"@type":"SearchAction","target":{"@type":"EntryPoint","urlTemplate":"https:\/\/demistrecords.nl\/?s={search_term_string}"},"query-input":{"@type":"PropertyValueSpecification","valueRequired":true,"valueName":"search_term_string"}}],"inLanguage":"de"},{"@type":"Organization","@id":"https:\/\/demistrecords.nl\/#organization","name":"De Mist Records","url":"https:\/\/demistrecords.nl\/","logo":{"@type":"ImageObject","inLanguage":"de","@id":"https:\/\/demistrecords.nl\/#\/schema\/logo\/image\/","url":"https:\/\/demistrecords.nl\/wp-content\/uploads\/2020\/12\/logo-de-mist-records-rond.png","contentUrl":"https:\/\/demistrecords.nl\/wp-content\/uploads\/2020\/12\/logo-de-mist-records-rond.png","width":500,"height":500,"caption":"De Mist Records"},"image":{"@id":"https:\/\/demistrecords.nl\/#\/schema\/logo\/image\/"},"sameAs":["https:\/\/www.facebook.com\/demistrecordsnl","https:\/\/x.com\/deathroo1","https:\/\/www.instagram.com\/demist_records\/"]}]}},"_links":{"self":[{"href":"https:\/\/demistrecords.nl\/de\/wp-json\/wp\/v2\/product\/1539","targetHints":{"allow":["GET"]}}],"collection":[{"href":"https:\/\/demistrecords.nl\/de\/wp-json\/wp\/v2\/product"}],"about":[{"href":"https:\/\/demistrecords.nl\/de\/wp-json\/wp\/v2\/types\/product"}],"replies":[{"embeddable":true,"href":"https:\/\/demistrecords.nl\/de\/wp-json\/wp\/v2\/comments?post=1539"}],"wp:featuredmedia":[{"embeddable":true,"href":"https:\/\/demistrecords.nl\/de\/wp-json\/wp\/v2\/media\/1550"}],"wp:attachment":[{"href":"https:\/\/demistrecords.nl\/de\/wp-json\/wp\/v2\/media?parent=1539"}],"wp:term":[{"taxonomy":"product_brand","embeddable":true,"href":"https:\/\/demistrecords.nl\/de\/wp-json\/wp\/v2\/product_brand?post=1539"},{"taxonomy":"product_cat","embeddable":true,"href":"https:\/\/demistrecords.nl\/de\/wp-json\/wp\/v2\/product_cat?post=1539"},{"taxonomy":"product_tag","embeddable":true,"href":"https:\/\/demistrecords.nl\/de\/wp-json\/wp\/v2\/product_tag?post=1539"}],"curies":[{"name":"wp","href":"https:\/\/api.w.org\/{rel}","templated":true}]}}