{"id":1558,"date":"2022-09-12T22:16:58","date_gmt":"2022-09-12T20:16:58","guid":{"rendered":"https:\/\/demistrecords.nl\/?post_type=product&#038;p=1558"},"modified":"2025-09-27T18:16:33","modified_gmt":"2025-09-27T16:16:33","slug":"slint-spiderland-remastered","status":"publish","type":"product","link":"https:\/\/demistrecords.nl\/de\/produkt\/slint-spiderland-remastered\/","title":{"rendered":"Slint &#8211; Spiderland (remastered)"},"content":{"rendered":"<p>Spiderland ist das zweite und letzte Studioalbum der amerikanischen Post-Rock-Band Slint. Slint l\u00f6ste sich kurz vor der Ver\u00f6ffentlichung des Albums aufgrund von McMahans Depression auf. In den USA erregte Spiderland zun\u00e4chst wenig Kritik und verkaufte sich schlecht. Ein herzlicher Empfang durch britische Musikmagazine und allm\u00e4hlich steigende Verk\u00e4ufe in den folgenden Jahren halfen der Band jedoch, eine bedeutende Kult-Anh\u00e4ngerschaft aufzubauen. Spiderland gilt weithin als Grundlage der Post-Rock- und Math-Rock-Bewegungen der 1990er Jahre und wurde von Kritikern als Meilenstein des Indie- und Experimental-Rock bezeichnet, der unz\u00e4hlige sp\u00e4tere K\u00fcnstler inspirierte. Spiderland gilt als gro\u00dfer Einfluss auf die Post-Rock-Bands Mogwai, Godspeed You! Schwarzer Kaiser, Isis und Explosionen am Himmel. Das Album gilt als essentiell und \u201edie Quelle des Math-Rock-Genres\u201c.<\/p>","protected":false},"excerpt":{"rendered":"<p>Slints Album \u201eSpiderland\u201c von 1991, von Bob Weston von den originalen analogen Mastertapes remastered und auf 180 Gramm Vinyl gepresst. Das Booklet enth\u00e4lt ein Vorwort von Will Oldham. Beinhaltet den kostenlosen Download des remasterten Albums plus 14 Bonus-Outtakes und Demos.<\/p>","protected":false},"featured_media":1561,"comment_status":"closed","ping_status":"closed","template":"","meta":[],"product_brand":[],"product_cat":[15],"product_tag":[28,34,37],"class_list":{"0":"post-1558","1":"product","2":"type-product","3":"status-publish","4":"has-post-thumbnail","6":"product_cat-vinyl-12-lp","7":"product_tag-post-rock","8":"product_tag-posthardcore","9":"product_tag-shoegaze","11":"first","12":"outofstock","13":"sale","14":"taxable","15":"shipping-taxable","16":"purchasable","17":"product-type-simple"},"yoast_head":"<!-- This site is optimized with the Yoast SEO plugin v27.3 - https:\/\/yoast.com\/product\/yoast-seo-wordpress\/ -->\n<title>Slint - Spiderland (remastered)<\/title>\n<meta name=\"description\" content=\"Slint&#039;s album &quot;Spiderland&quot; uit 1991, geremasterd van de originele analoge mastertapes van Bob Weston en geperst op 180 gram vinyl. Boekje met voorwoord van Will Oldham. Inclusief gratis download van het geremasterde album plus 14 bonusouttakes en demo&#039;s.\" \/>\n<meta name=\"robots\" content=\"index, follow, max-snippet:-1, max-image-preview:large, max-video-preview:-1\" \/>\n<link rel=\"canonical\" href=\"https:\/\/demistrecords.nl\/de\/produkt\/slint-spiderland-remastered\/\" \/>\n<meta property=\"og:locale\" content=\"de_DE\" \/>\n<meta property=\"og:type\" content=\"article\" \/>\n<meta property=\"og:title\" content=\"Slint - Spiderland (remastered)\" \/>\n<meta property=\"og:description\" content=\"Slint&#039;s album &quot;Spiderland&quot; uit 1991, geremasterd van de originele analoge mastertapes van Bob Weston en geperst op 180 gram vinyl. Boekje met voorwoord van Will Oldham. Inclusief gratis download van het geremasterde album plus 14 bonusouttakes en demo&#039;s.\" \/>\n<meta property=\"og:url\" content=\"https:\/\/demistrecords.nl\/de\/produkt\/slint-spiderland-remastered\/\" \/>\n<meta property=\"og:site_name\" content=\"De Mist Records\" \/>\n<meta property=\"article:publisher\" content=\"https:\/\/www.facebook.com\/demistrecordsnl\" \/>\n<meta property=\"article:modified_time\" content=\"2025-09-27T16:16:33+00:00\" \/>\n<meta property=\"og:image\" content=\"https:\/\/demistrecords.nl\/wp-content\/uploads\/2022\/09\/Slint-Spiderland.jpg\" \/>\n\t<meta property=\"og:image:width\" content=\"2120\" \/>\n\t<meta property=\"og:image:height\" content=\"2120\" \/>\n\t<meta property=\"og:image:type\" content=\"image\/jpeg\" \/>\n<meta name=\"twitter:card\" content=\"summary_large_image\" \/>\n<meta name=\"twitter:site\" content=\"@deathroo1\" \/>\n<meta name=\"twitter:label1\" content=\"Gesch\u00e4tzte Lesezeit\" \/>\n\t<meta name=\"twitter:data1\" content=\"1\u00a0Minute\" \/>\n<script type=\"application\/ld+json\" class=\"yoast-schema-graph\">{\"@context\":\"https:\\\/\\\/schema.org\",\"@graph\":[{\"@type\":[\"WebPage\",\"ItemPage\"],\"@id\":\"https:\\\/\\\/demistrecords.nl\\\/product\\\/slint-spiderland-remastered\\\/\",\"url\":\"https:\\\/\\\/demistrecords.nl\\\/product\\\/slint-spiderland-remastered\\\/\",\"name\":\"Slint - Spiderland (remastered)\",\"isPartOf\":{\"@id\":\"https:\\\/\\\/demistrecords.nl\\\/#website\"},\"primaryImageOfPage\":{\"@id\":\"https:\\\/\\\/demistrecords.nl\\\/product\\\/slint-spiderland-remastered\\\/#primaryimage\"},\"image\":{\"@id\":\"https:\\\/\\\/demistrecords.nl\\\/product\\\/slint-spiderland-remastered\\\/#primaryimage\"},\"thumbnailUrl\":\"https:\\\/\\\/demistrecords.nl\\\/wp-content\\\/uploads\\\/2022\\\/09\\\/Slint-Spiderland.jpg\",\"datePublished\":\"2022-09-12T20:16:58+00:00\",\"dateModified\":\"2025-09-27T16:16:33+00:00\",\"description\":\"Slint's album \\\"Spiderland\\\" uit 1991, geremasterd van de originele analoge mastertapes van Bob Weston en geperst op 180 gram vinyl. Boekje met voorwoord van Will Oldham. Inclusief gratis download van het geremasterde album plus 14 bonusouttakes en demo's.\",\"breadcrumb\":{\"@id\":\"https:\\\/\\\/demistrecords.nl\\\/product\\\/slint-spiderland-remastered\\\/#breadcrumb\"},\"inLanguage\":\"de\",\"potentialAction\":[{\"@type\":\"ReadAction\",\"target\":[\"https:\\\/\\\/demistrecords.nl\\\/product\\\/slint-spiderland-remastered\\\/\"]}]},{\"@type\":\"ImageObject\",\"inLanguage\":\"de\",\"@id\":\"https:\\\/\\\/demistrecords.nl\\\/product\\\/slint-spiderland-remastered\\\/#primaryimage\",\"url\":\"https:\\\/\\\/demistrecords.nl\\\/wp-content\\\/uploads\\\/2022\\\/09\\\/Slint-Spiderland.jpg\",\"contentUrl\":\"https:\\\/\\\/demistrecords.nl\\\/wp-content\\\/uploads\\\/2022\\\/09\\\/Slint-Spiderland.jpg\",\"width\":2120,\"height\":2120},{\"@type\":\"BreadcrumbList\",\"@id\":\"https:\\\/\\\/demistrecords.nl\\\/product\\\/slint-spiderland-remastered\\\/#breadcrumb\",\"itemListElement\":[{\"@type\":\"ListItem\",\"position\":1,\"name\":\"Home\",\"item\":\"https:\\\/\\\/demistrecords.nl\\\/\"},{\"@type\":\"ListItem\",\"position\":2,\"name\":\"Shop\",\"item\":\"https:\\\/\\\/demistrecords.nl\\\/shop\\\/\"},{\"@type\":\"ListItem\",\"position\":3,\"name\":\"Slint &#8211; Spiderland (remastered)\"}]},{\"@type\":\"WebSite\",\"@id\":\"https:\\\/\\\/demistrecords.nl\\\/#website\",\"url\":\"https:\\\/\\\/demistrecords.nl\\\/\",\"name\":\"De Mist Records\",\"description\":\"Post-rock and related music\",\"publisher\":{\"@id\":\"https:\\\/\\\/demistrecords.nl\\\/#organization\"},\"potentialAction\":[{\"@type\":\"SearchAction\",\"target\":{\"@type\":\"EntryPoint\",\"urlTemplate\":\"https:\\\/\\\/demistrecords.nl\\\/?s={search_term_string}\"},\"query-input\":{\"@type\":\"PropertyValueSpecification\",\"valueRequired\":true,\"valueName\":\"search_term_string\"}}],\"inLanguage\":\"de\"},{\"@type\":\"Organization\",\"@id\":\"https:\\\/\\\/demistrecords.nl\\\/#organization\",\"name\":\"De Mist Records\",\"url\":\"https:\\\/\\\/demistrecords.nl\\\/\",\"logo\":{\"@type\":\"ImageObject\",\"inLanguage\":\"de\",\"@id\":\"https:\\\/\\\/demistrecords.nl\\\/#\\\/schema\\\/logo\\\/image\\\/\",\"url\":\"https:\\\/\\\/demistrecords.nl\\\/wp-content\\\/uploads\\\/2020\\\/12\\\/logo-de-mist-records-rond.png\",\"contentUrl\":\"https:\\\/\\\/demistrecords.nl\\\/wp-content\\\/uploads\\\/2020\\\/12\\\/logo-de-mist-records-rond.png\",\"width\":500,\"height\":500,\"caption\":\"De Mist Records\"},\"image\":{\"@id\":\"https:\\\/\\\/demistrecords.nl\\\/#\\\/schema\\\/logo\\\/image\\\/\"},\"sameAs\":[\"https:\\\/\\\/www.facebook.com\\\/demistrecordsnl\",\"https:\\\/\\\/x.com\\\/deathroo1\",\"https:\\\/\\\/www.instagram.com\\\/demist_records\\\/\"]}]}<\/script>\n<!-- \/ Yoast SEO plugin. -->","yoast_head_json":{"title":"Slint - Spiderland (remastered)","description":"Slint's album \"Spiderland\" uit 1991, geremasterd van de originele analoge mastertapes van Bob Weston en geperst op 180 gram vinyl. Boekje met voorwoord van Will Oldham. Inclusief gratis download van het geremasterde album plus 14 bonusouttakes en demo's.","robots":{"index":"index","follow":"follow","max-snippet":"max-snippet:-1","max-image-preview":"max-image-preview:large","max-video-preview":"max-video-preview:-1"},"canonical":"https:\/\/demistrecords.nl\/de\/produkt\/slint-spiderland-remastered\/","og_locale":"de_DE","og_type":"article","og_title":"Slint - Spiderland (remastered)","og_description":"Slint's album \"Spiderland\" uit 1991, geremasterd van de originele analoge mastertapes van Bob Weston en geperst op 180 gram vinyl. Boekje met voorwoord van Will Oldham. Inclusief gratis download van het geremasterde album plus 14 bonusouttakes en demo's.","og_url":"https:\/\/demistrecords.nl\/de\/produkt\/slint-spiderland-remastered\/","og_site_name":"De Mist Records","article_publisher":"https:\/\/www.facebook.com\/demistrecordsnl","article_modified_time":"2025-09-27T16:16:33+00:00","og_image":[{"width":2120,"height":2120,"url":"https:\/\/demistrecords.nl\/wp-content\/uploads\/2022\/09\/Slint-Spiderland.jpg","type":"image\/jpeg"}],"twitter_card":"summary_large_image","twitter_site":"@deathroo1","twitter_misc":{"Gesch\u00e4tzte Lesezeit":"1\u00a0Minute"},"schema":{"@context":"https:\/\/schema.org","@graph":[{"@type":["WebPage","ItemPage"],"@id":"https:\/\/demistrecords.nl\/product\/slint-spiderland-remastered\/","url":"https:\/\/demistrecords.nl\/product\/slint-spiderland-remastered\/","name":"Slint - Spiderland (remastered)","isPartOf":{"@id":"https:\/\/demistrecords.nl\/#website"},"primaryImageOfPage":{"@id":"https:\/\/demistrecords.nl\/product\/slint-spiderland-remastered\/#primaryimage"},"image":{"@id":"https:\/\/demistrecords.nl\/product\/slint-spiderland-remastered\/#primaryimage"},"thumbnailUrl":"https:\/\/demistrecords.nl\/wp-content\/uploads\/2022\/09\/Slint-Spiderland.jpg","datePublished":"2022-09-12T20:16:58+00:00","dateModified":"2025-09-27T16:16:33+00:00","description":"Slint's album \"Spiderland\" uit 1991, geremasterd van de originele analoge mastertapes van Bob Weston en geperst op 180 gram vinyl. Boekje met voorwoord van Will Oldham. Inclusief gratis download van het geremasterde album plus 14 bonusouttakes en demo's.","breadcrumb":{"@id":"https:\/\/demistrecords.nl\/product\/slint-spiderland-remastered\/#breadcrumb"},"inLanguage":"de","potentialAction":[{"@type":"ReadAction","target":["https:\/\/demistrecords.nl\/product\/slint-spiderland-remastered\/"]}]},{"@type":"ImageObject","inLanguage":"de","@id":"https:\/\/demistrecords.nl\/product\/slint-spiderland-remastered\/#primaryimage","url":"https:\/\/demistrecords.nl\/wp-content\/uploads\/2022\/09\/Slint-Spiderland.jpg","contentUrl":"https:\/\/demistrecords.nl\/wp-content\/uploads\/2022\/09\/Slint-Spiderland.jpg","width":2120,"height":2120},{"@type":"BreadcrumbList","@id":"https:\/\/demistrecords.nl\/product\/slint-spiderland-remastered\/#breadcrumb","itemListElement":[{"@type":"ListItem","position":1,"name":"Home","item":"https:\/\/demistrecords.nl\/"},{"@type":"ListItem","position":2,"name":"Shop","item":"https:\/\/demistrecords.nl\/shop\/"},{"@type":"ListItem","position":3,"name":"Slint &#8211; Spiderland (remastered)"}]},{"@type":"WebSite","@id":"https:\/\/demistrecords.nl\/#website","url":"https:\/\/demistrecords.nl\/","name":"De Mist Records","description":"Post-rock and related music","publisher":{"@id":"https:\/\/demistrecords.nl\/#organization"},"potentialAction":[{"@type":"SearchAction","target":{"@type":"EntryPoint","urlTemplate":"https:\/\/demistrecords.nl\/?s={search_term_string}"},"query-input":{"@type":"PropertyValueSpecification","valueRequired":true,"valueName":"search_term_string"}}],"inLanguage":"de"},{"@type":"Organization","@id":"https:\/\/demistrecords.nl\/#organization","name":"De Mist Records","url":"https:\/\/demistrecords.nl\/","logo":{"@type":"ImageObject","inLanguage":"de","@id":"https:\/\/demistrecords.nl\/#\/schema\/logo\/image\/","url":"https:\/\/demistrecords.nl\/wp-content\/uploads\/2020\/12\/logo-de-mist-records-rond.png","contentUrl":"https:\/\/demistrecords.nl\/wp-content\/uploads\/2020\/12\/logo-de-mist-records-rond.png","width":500,"height":500,"caption":"De Mist Records"},"image":{"@id":"https:\/\/demistrecords.nl\/#\/schema\/logo\/image\/"},"sameAs":["https:\/\/www.facebook.com\/demistrecordsnl","https:\/\/x.com\/deathroo1","https:\/\/www.instagram.com\/demist_records\/"]}]}},"_links":{"self":[{"href":"https:\/\/demistrecords.nl\/de\/wp-json\/wp\/v2\/product\/1558","targetHints":{"allow":["GET"]}}],"collection":[{"href":"https:\/\/demistrecords.nl\/de\/wp-json\/wp\/v2\/product"}],"about":[{"href":"https:\/\/demistrecords.nl\/de\/wp-json\/wp\/v2\/types\/product"}],"replies":[{"embeddable":true,"href":"https:\/\/demistrecords.nl\/de\/wp-json\/wp\/v2\/comments?post=1558"}],"wp:featuredmedia":[{"embeddable":true,"href":"https:\/\/demistrecords.nl\/de\/wp-json\/wp\/v2\/media\/1561"}],"wp:attachment":[{"href":"https:\/\/demistrecords.nl\/de\/wp-json\/wp\/v2\/media?parent=1558"}],"wp:term":[{"taxonomy":"product_brand","embeddable":true,"href":"https:\/\/demistrecords.nl\/de\/wp-json\/wp\/v2\/product_brand?post=1558"},{"taxonomy":"product_cat","embeddable":true,"href":"https:\/\/demistrecords.nl\/de\/wp-json\/wp\/v2\/product_cat?post=1558"},{"taxonomy":"product_tag","embeddable":true,"href":"https:\/\/demistrecords.nl\/de\/wp-json\/wp\/v2\/product_tag?post=1558"}],"curies":[{"name":"wp","href":"https:\/\/api.w.org\/{rel}","templated":true}]}}