{"id":1569,"date":"2022-09-18T19:13:32","date_gmt":"2022-09-18T17:13:32","guid":{"rendered":"https:\/\/demistrecords.nl\/?post_type=product&#038;p=1569"},"modified":"2026-01-22T14:41:02","modified_gmt":"2026-01-22T13:41:02","slug":"carved-into-the-sun-carved-into-the-sun","status":"publish","type":"product","link":"https:\/\/demistrecords.nl\/de\/produkt\/carved-into-the-sun-carved-into-the-sun\/","title":{"rendered":"Carved Into The Sun &#8211; Carved Into The Sun"},"content":{"rendered":"<p>Eines der bestgeh\u00fcteten Geheimnisse des Jahres 2020 ist zweifellos das selbstbetitelte Deb\u00fctalbum von Carved Into The Sun. Dieses Soloprojekt blieb lange Zeit unter dem Radar, wurde aber schlie\u00dflich von Kennern als Must-Have-Album anerkannt. Die vier Tracks auf diesem Album enthalten Elemente von Shoegaze und Post-Metal, kombiniert mit atmosph\u00e4rischen Klanglandschaften. All dies ist das Werk des Multiinstrumentalisten Eric Reifinger. Auf alles wurde \u00fcberdurchschnittlich geachtet, der Sound ist klar und subtil und diese Subtilit\u00e4t gilt auch f\u00fcr die Drums. Sie glauben vielleicht nicht, dass das Schlagzeug von einem Computer kommt, aber es ist so. Die Melodien \u00fcberzeugen und wechseln sich wunderbar mit den h\u00e4rteren Passagen ab.<\/p>\n<p><iframe style=\"border: 0; width: 100%; height: 42px;\" src=\"https:\/\/bandcamp.com\/EmbeddedPlayer\/album=1833394235\/size=small\/bgcol=333333\/linkcol=0f91ff\/transparent=true\/\" seamless=\"\"><a href=\"https:\/\/carvedintothesun.bandcamp.com\/album\/carved-into-the-sun\">Carved Into the Sun by Carved Into the Sun<\/a><\/iframe><\/p>","protected":false},"excerpt":{"rendered":"<p>Das Deb\u00fctalbum von Carved Into The Sun aus dem Jahr 2020 kommt auf klarem 180-Gramm-Vinyl mit schwarzen und goldenen Spritzern.<br \/>\nDiese Edition ist weltweit auf 300 St\u00fcck limitiert.<\/p>","protected":false},"featured_media":1570,"comment_status":"closed","ping_status":"closed","template":"","meta":[],"product_brand":[],"product_cat":[23,15],"product_tag":[31,26,28],"class_list":{"0":"post-1569","1":"product","2":"type-product","3":"status-publish","4":"has-post-thumbnail","6":"product_cat-exclusief","7":"product_cat-vinyl-12-lp","8":"product_tag-ambient","9":"product_tag-post-metal","10":"product_tag-post-rock","12":"first","13":"outofstock","14":"taxable","15":"shipping-taxable","16":"purchasable","17":"product-type-simple"},"bundled_by":[],"bundle_stock_status":"outofstock","bundle_stock_quantity":0,"bundle_virtual":false,"bundle_layout":"","bundle_add_to_cart_form_location":"","bundle_editable_in_cart":false,"bundle_sold_individually_context":"","bundle_item_grouping":"","bundle_min_size":"","bundle_max_size":"","bundle_price":[],"bundled_items":[],"bundle_sell_ids":[],"yoast_head":"<!-- This site is optimized with the Yoast SEO plugin v27.3 - https:\/\/yoast.com\/product\/yoast-seo-wordpress\/ -->\n<title>Carved Into The Sun - Carved Into The Sun<\/title>\n<meta name=\"description\" content=\"Het debuutalbum van Carved Into The Sun uit 2020 wordt geleverd op 180gr helder vinyl met zwart en goudkleurige splatter. Deze editie is gelimiteerd tot 300 stuks wereldwijd.\" \/>\n<meta name=\"robots\" content=\"index, follow, max-snippet:-1, max-image-preview:large, max-video-preview:-1\" \/>\n<link rel=\"canonical\" href=\"https:\/\/demistrecords.nl\/de\/produkt\/carved-into-the-sun-carved-into-the-sun\/\" \/>\n<meta property=\"og:locale\" content=\"de_DE\" \/>\n<meta property=\"og:type\" content=\"article\" \/>\n<meta property=\"og:title\" content=\"Carved Into The Sun - Carved Into The Sun\" \/>\n<meta property=\"og:description\" content=\"Het debuutalbum van Carved Into The Sun uit 2020 wordt geleverd op 180gr helder vinyl met zwart en goudkleurige splatter. Deze editie is gelimiteerd tot 300 stuks wereldwijd.\" \/>\n<meta property=\"og:url\" content=\"https:\/\/demistrecords.nl\/de\/produkt\/carved-into-the-sun-carved-into-the-sun\/\" \/>\n<meta property=\"og:site_name\" content=\"De Mist Records\" \/>\n<meta property=\"article:publisher\" content=\"https:\/\/www.facebook.com\/demistrecordsnl\" \/>\n<meta property=\"article:modified_time\" content=\"2026-01-22T13:41:02+00:00\" \/>\n<meta property=\"og:image\" content=\"https:\/\/demistrecords.nl\/wp-content\/uploads\/2022\/09\/Carved-Into-The-Sun-Carved-into-the-sun.jpg\" \/>\n\t<meta property=\"og:image:width\" content=\"2120\" \/>\n\t<meta property=\"og:image:height\" content=\"2120\" \/>\n\t<meta property=\"og:image:type\" content=\"image\/jpeg\" \/>\n<meta name=\"twitter:card\" content=\"summary_large_image\" \/>\n<meta name=\"twitter:site\" content=\"@deathroo1\" \/>\n<meta name=\"twitter:label1\" content=\"Gesch\u00e4tzte Lesezeit\" \/>\n\t<meta name=\"twitter:data1\" content=\"1\u00a0Minute\" \/>\n<script type=\"application\/ld+json\" class=\"yoast-schema-graph\">{\"@context\":\"https:\\\/\\\/schema.org\",\"@graph\":[{\"@type\":[\"WebPage\",\"ItemPage\"],\"@id\":\"https:\\\/\\\/demistrecords.nl\\\/product\\\/carved-into-the-sun-carved-into-the-sun\\\/\",\"url\":\"https:\\\/\\\/demistrecords.nl\\\/product\\\/carved-into-the-sun-carved-into-the-sun\\\/\",\"name\":\"Carved Into The Sun - Carved Into The Sun\",\"isPartOf\":{\"@id\":\"https:\\\/\\\/demistrecords.nl\\\/#website\"},\"primaryImageOfPage\":{\"@id\":\"https:\\\/\\\/demistrecords.nl\\\/product\\\/carved-into-the-sun-carved-into-the-sun\\\/#primaryimage\"},\"image\":{\"@id\":\"https:\\\/\\\/demistrecords.nl\\\/product\\\/carved-into-the-sun-carved-into-the-sun\\\/#primaryimage\"},\"thumbnailUrl\":\"https:\\\/\\\/demistrecords.nl\\\/wp-content\\\/uploads\\\/2022\\\/09\\\/Carved-Into-The-Sun-Carved-into-the-sun.jpg\",\"datePublished\":\"2022-09-18T17:13:32+00:00\",\"dateModified\":\"2026-01-22T13:41:02+00:00\",\"description\":\"Het debuutalbum van Carved Into The Sun uit 2020 wordt geleverd op 180gr helder vinyl met zwart en goudkleurige splatter. Deze editie is gelimiteerd tot 300 stuks wereldwijd.\",\"breadcrumb\":{\"@id\":\"https:\\\/\\\/demistrecords.nl\\\/product\\\/carved-into-the-sun-carved-into-the-sun\\\/#breadcrumb\"},\"inLanguage\":\"de\",\"potentialAction\":[{\"@type\":\"ReadAction\",\"target\":[\"https:\\\/\\\/demistrecords.nl\\\/product\\\/carved-into-the-sun-carved-into-the-sun\\\/\"]}]},{\"@type\":\"ImageObject\",\"inLanguage\":\"de\",\"@id\":\"https:\\\/\\\/demistrecords.nl\\\/product\\\/carved-into-the-sun-carved-into-the-sun\\\/#primaryimage\",\"url\":\"https:\\\/\\\/demistrecords.nl\\\/wp-content\\\/uploads\\\/2022\\\/09\\\/Carved-Into-The-Sun-Carved-into-the-sun.jpg\",\"contentUrl\":\"https:\\\/\\\/demistrecords.nl\\\/wp-content\\\/uploads\\\/2022\\\/09\\\/Carved-Into-The-Sun-Carved-into-the-sun.jpg\",\"width\":2120,\"height\":2120},{\"@type\":\"BreadcrumbList\",\"@id\":\"https:\\\/\\\/demistrecords.nl\\\/product\\\/carved-into-the-sun-carved-into-the-sun\\\/#breadcrumb\",\"itemListElement\":[{\"@type\":\"ListItem\",\"position\":1,\"name\":\"Home\",\"item\":\"https:\\\/\\\/demistrecords.nl\\\/\"},{\"@type\":\"ListItem\",\"position\":2,\"name\":\"Shop\",\"item\":\"https:\\\/\\\/demistrecords.nl\\\/shop\\\/\"},{\"@type\":\"ListItem\",\"position\":3,\"name\":\"Carved Into The Sun &#8211; Carved Into The Sun\"}]},{\"@type\":\"WebSite\",\"@id\":\"https:\\\/\\\/demistrecords.nl\\\/#website\",\"url\":\"https:\\\/\\\/demistrecords.nl\\\/\",\"name\":\"De Mist Records\",\"description\":\"Post-rock and related music\",\"publisher\":{\"@id\":\"https:\\\/\\\/demistrecords.nl\\\/#organization\"},\"potentialAction\":[{\"@type\":\"SearchAction\",\"target\":{\"@type\":\"EntryPoint\",\"urlTemplate\":\"https:\\\/\\\/demistrecords.nl\\\/?s={search_term_string}\"},\"query-input\":{\"@type\":\"PropertyValueSpecification\",\"valueRequired\":true,\"valueName\":\"search_term_string\"}}],\"inLanguage\":\"de\"},{\"@type\":\"Organization\",\"@id\":\"https:\\\/\\\/demistrecords.nl\\\/#organization\",\"name\":\"De Mist Records\",\"url\":\"https:\\\/\\\/demistrecords.nl\\\/\",\"logo\":{\"@type\":\"ImageObject\",\"inLanguage\":\"de\",\"@id\":\"https:\\\/\\\/demistrecords.nl\\\/#\\\/schema\\\/logo\\\/image\\\/\",\"url\":\"https:\\\/\\\/demistrecords.nl\\\/wp-content\\\/uploads\\\/2020\\\/12\\\/logo-de-mist-records-rond.png\",\"contentUrl\":\"https:\\\/\\\/demistrecords.nl\\\/wp-content\\\/uploads\\\/2020\\\/12\\\/logo-de-mist-records-rond.png\",\"width\":500,\"height\":500,\"caption\":\"De Mist Records\"},\"image\":{\"@id\":\"https:\\\/\\\/demistrecords.nl\\\/#\\\/schema\\\/logo\\\/image\\\/\"},\"sameAs\":[\"https:\\\/\\\/www.facebook.com\\\/demistrecordsnl\",\"https:\\\/\\\/x.com\\\/deathroo1\",\"https:\\\/\\\/www.instagram.com\\\/demist_records\\\/\"]}]}<\/script>\n<!-- \/ Yoast SEO plugin. -->","yoast_head_json":{"title":"Carved Into The Sun - Carved Into The Sun","description":"Het debuutalbum van Carved Into The Sun uit 2020 wordt geleverd op 180gr helder vinyl met zwart en goudkleurige splatter. Deze editie is gelimiteerd tot 300 stuks wereldwijd.","robots":{"index":"index","follow":"follow","max-snippet":"max-snippet:-1","max-image-preview":"max-image-preview:large","max-video-preview":"max-video-preview:-1"},"canonical":"https:\/\/demistrecords.nl\/de\/produkt\/carved-into-the-sun-carved-into-the-sun\/","og_locale":"de_DE","og_type":"article","og_title":"Carved Into The Sun - Carved Into The Sun","og_description":"Het debuutalbum van Carved Into The Sun uit 2020 wordt geleverd op 180gr helder vinyl met zwart en goudkleurige splatter. Deze editie is gelimiteerd tot 300 stuks wereldwijd.","og_url":"https:\/\/demistrecords.nl\/de\/produkt\/carved-into-the-sun-carved-into-the-sun\/","og_site_name":"De Mist Records","article_publisher":"https:\/\/www.facebook.com\/demistrecordsnl","article_modified_time":"2026-01-22T13:41:02+00:00","og_image":[{"width":2120,"height":2120,"url":"https:\/\/demistrecords.nl\/wp-content\/uploads\/2022\/09\/Carved-Into-The-Sun-Carved-into-the-sun.jpg","type":"image\/jpeg"}],"twitter_card":"summary_large_image","twitter_site":"@deathroo1","twitter_misc":{"Gesch\u00e4tzte Lesezeit":"1\u00a0Minute"},"schema":{"@context":"https:\/\/schema.org","@graph":[{"@type":["WebPage","ItemPage"],"@id":"https:\/\/demistrecords.nl\/product\/carved-into-the-sun-carved-into-the-sun\/","url":"https:\/\/demistrecords.nl\/product\/carved-into-the-sun-carved-into-the-sun\/","name":"Carved Into The Sun - Carved Into The Sun","isPartOf":{"@id":"https:\/\/demistrecords.nl\/#website"},"primaryImageOfPage":{"@id":"https:\/\/demistrecords.nl\/product\/carved-into-the-sun-carved-into-the-sun\/#primaryimage"},"image":{"@id":"https:\/\/demistrecords.nl\/product\/carved-into-the-sun-carved-into-the-sun\/#primaryimage"},"thumbnailUrl":"https:\/\/demistrecords.nl\/wp-content\/uploads\/2022\/09\/Carved-Into-The-Sun-Carved-into-the-sun.jpg","datePublished":"2022-09-18T17:13:32+00:00","dateModified":"2026-01-22T13:41:02+00:00","description":"Het debuutalbum van Carved Into The Sun uit 2020 wordt geleverd op 180gr helder vinyl met zwart en goudkleurige splatter. Deze editie is gelimiteerd tot 300 stuks wereldwijd.","breadcrumb":{"@id":"https:\/\/demistrecords.nl\/product\/carved-into-the-sun-carved-into-the-sun\/#breadcrumb"},"inLanguage":"de","potentialAction":[{"@type":"ReadAction","target":["https:\/\/demistrecords.nl\/product\/carved-into-the-sun-carved-into-the-sun\/"]}]},{"@type":"ImageObject","inLanguage":"de","@id":"https:\/\/demistrecords.nl\/product\/carved-into-the-sun-carved-into-the-sun\/#primaryimage","url":"https:\/\/demistrecords.nl\/wp-content\/uploads\/2022\/09\/Carved-Into-The-Sun-Carved-into-the-sun.jpg","contentUrl":"https:\/\/demistrecords.nl\/wp-content\/uploads\/2022\/09\/Carved-Into-The-Sun-Carved-into-the-sun.jpg","width":2120,"height":2120},{"@type":"BreadcrumbList","@id":"https:\/\/demistrecords.nl\/product\/carved-into-the-sun-carved-into-the-sun\/#breadcrumb","itemListElement":[{"@type":"ListItem","position":1,"name":"Home","item":"https:\/\/demistrecords.nl\/"},{"@type":"ListItem","position":2,"name":"Shop","item":"https:\/\/demistrecords.nl\/shop\/"},{"@type":"ListItem","position":3,"name":"Carved Into The Sun &#8211; Carved Into The Sun"}]},{"@type":"WebSite","@id":"https:\/\/demistrecords.nl\/#website","url":"https:\/\/demistrecords.nl\/","name":"De Mist Records","description":"Post-rock and related music","publisher":{"@id":"https:\/\/demistrecords.nl\/#organization"},"potentialAction":[{"@type":"SearchAction","target":{"@type":"EntryPoint","urlTemplate":"https:\/\/demistrecords.nl\/?s={search_term_string}"},"query-input":{"@type":"PropertyValueSpecification","valueRequired":true,"valueName":"search_term_string"}}],"inLanguage":"de"},{"@type":"Organization","@id":"https:\/\/demistrecords.nl\/#organization","name":"De Mist Records","url":"https:\/\/demistrecords.nl\/","logo":{"@type":"ImageObject","inLanguage":"de","@id":"https:\/\/demistrecords.nl\/#\/schema\/logo\/image\/","url":"https:\/\/demistrecords.nl\/wp-content\/uploads\/2020\/12\/logo-de-mist-records-rond.png","contentUrl":"https:\/\/demistrecords.nl\/wp-content\/uploads\/2020\/12\/logo-de-mist-records-rond.png","width":500,"height":500,"caption":"De Mist Records"},"image":{"@id":"https:\/\/demistrecords.nl\/#\/schema\/logo\/image\/"},"sameAs":["https:\/\/www.facebook.com\/demistrecordsnl","https:\/\/x.com\/deathroo1","https:\/\/www.instagram.com\/demist_records\/"]}]}},"_links":{"self":[{"href":"https:\/\/demistrecords.nl\/de\/wp-json\/wp\/v2\/product\/1569","targetHints":{"allow":["GET"]}}],"collection":[{"href":"https:\/\/demistrecords.nl\/de\/wp-json\/wp\/v2\/product"}],"about":[{"href":"https:\/\/demistrecords.nl\/de\/wp-json\/wp\/v2\/types\/product"}],"replies":[{"embeddable":true,"href":"https:\/\/demistrecords.nl\/de\/wp-json\/wp\/v2\/comments?post=1569"}],"wp:featuredmedia":[{"embeddable":true,"href":"https:\/\/demistrecords.nl\/de\/wp-json\/wp\/v2\/media\/1570"}],"wp:attachment":[{"href":"https:\/\/demistrecords.nl\/de\/wp-json\/wp\/v2\/media?parent=1569"}],"wp:term":[{"taxonomy":"product_brand","embeddable":true,"href":"https:\/\/demistrecords.nl\/de\/wp-json\/wp\/v2\/product_brand?post=1569"},{"taxonomy":"product_cat","embeddable":true,"href":"https:\/\/demistrecords.nl\/de\/wp-json\/wp\/v2\/product_cat?post=1569"},{"taxonomy":"product_tag","embeddable":true,"href":"https:\/\/demistrecords.nl\/de\/wp-json\/wp\/v2\/product_tag?post=1569"}],"curies":[{"name":"wp","href":"https:\/\/api.w.org\/{rel}","templated":true}]}}