{"id":1571,"date":"2022-09-18T20:26:59","date_gmt":"2022-09-18T18:26:59","guid":{"rendered":"https:\/\/demistrecords.nl\/?post_type=product&#038;p=1571"},"modified":"2025-04-20T09:49:07","modified_gmt":"2025-04-20T07:49:07","slug":"carved-into-the-sun-the-earth-fell-away","status":"publish","type":"product","link":"https:\/\/demistrecords.nl\/de\/produkt\/carved-into-the-sun-the-earth-fell-away\/","title":{"rendered":"Carved Into The Sun &#8211; The Earth Fell Away"},"content":{"rendered":"<p>Das zweite Full-Length-Album von Carved Into The Sun hei\u00dft The Earth Fell Away und zeigt einmal mehr, wozu Multiinstrumentalist Eric Reifinger f\u00e4hig ist. Au\u00dferdem lie\u00df er dieses Mal das Mastering von keinem Geringeren als Magnus Lindberg (u.a. Russian Circles, PG.Lost, Cult Of Luna, etc.) \u00fcbernehmen. F\u00fcr die Mischung sorgte wiederum Beau Burchell.<br \/>\nThe Earth Fell Away wird als Doppel-LP geliefert.<\/p>\n<p>Trackliste:<br \/>\n1. Hexis<br \/>\n2. 5-25-20<br \/>\n3. The Earth Fell Away On Every Side<br \/>\n4. Inverness<br \/>\n5. Even As A Dream<br \/>\n6. The Other Side of Despair<br \/>\n7. Through My Screams the Wind Still Whispers<br \/>\n8. Shoreless<br \/>\n9. Chasing the Rain<\/p>\n<p>V\u00f6: 21.10.2022<\/p>","protected":false},"excerpt":{"rendered":"<p>Das zweite Full-Length-Album von Carved Into The Sun kommt als 2xLP in zwei limitierten Auflagen, beide in limitierter Auflage von nur 150 Exemplaren:<br \/>\nHelder 180gr vinyl met black smoke<br \/>\nDunkel Graues 180gr Vinyl mit marble Effekt<\/p>\n<p>** Bitte beachten Sie, dass das Bild zu Illustrationszwecken ein Modell ist. Das gelieferte Album sieht etwas anders aus.<\/p>","protected":false},"featured_media":1575,"comment_status":"closed","ping_status":"closed","template":"","meta":[],"product_brand":[],"product_cat":[23,16],"product_tag":[31,26,28],"class_list":{"0":"post-1571","1":"product","2":"type-product","3":"status-publish","4":"has-post-thumbnail","6":"product_cat-exclusief","7":"product_cat-vinyl-12-2xlp","8":"product_tag-ambient","9":"product_tag-post-metal","10":"product_tag-post-rock","12":"first","13":"outofstock","14":"sale","15":"taxable","16":"shipping-taxable","17":"purchasable","18":"product-type-variable","19":"has-default-attributes"},"bundled_by":[],"bundle_stock_status":"outofstock","bundle_stock_quantity":null,"bundle_virtual":false,"bundle_layout":"","bundle_add_to_cart_form_location":"","bundle_editable_in_cart":false,"bundle_sold_individually_context":"","bundle_item_grouping":"","bundle_min_size":"","bundle_max_size":"","bundle_price":[],"bundled_items":[],"bundle_sell_ids":[],"yoast_head":"<!-- This site is optimized with the Yoast SEO plugin v27.3 - https:\/\/yoast.com\/product\/yoast-seo-wordpress\/ -->\n<title>Carved Into The Sun - The Earth Fell Away<\/title>\n<meta name=\"description\" content=\"Het tweede volledige album van Carved Into The Sun komt als 2xLP in twee gelimiteerde edities, beide in beperkte oplage van slecht 150 stuks: Helder 180gr vinyl met black smoke Dark grey 180gr viny met marble effect  ** Let op, de afbeelding is een mockup ter illustratie, het geleverde album zal er iets anders uit zien.\" \/>\n<meta name=\"robots\" content=\"index, follow, max-snippet:-1, max-image-preview:large, max-video-preview:-1\" \/>\n<link rel=\"canonical\" href=\"https:\/\/demistrecords.nl\/de\/produkt\/carved-into-the-sun-the-earth-fell-away\/\" \/>\n<meta property=\"og:locale\" content=\"de_DE\" \/>\n<meta property=\"og:type\" content=\"article\" \/>\n<meta property=\"og:title\" content=\"Carved Into The Sun - The Earth Fell Away\" \/>\n<meta property=\"og:description\" content=\"Het tweede volledige album van Carved Into The Sun komt als 2xLP in twee gelimiteerde edities, beide in beperkte oplage van slecht 150 stuks: Helder 180gr vinyl met black smoke Dark grey 180gr viny met marble effect  ** Let op, de afbeelding is een mockup ter illustratie, het geleverde album zal er iets anders uit zien.\" \/>\n<meta property=\"og:url\" content=\"https:\/\/demistrecords.nl\/de\/produkt\/carved-into-the-sun-the-earth-fell-away\/\" \/>\n<meta property=\"og:site_name\" content=\"De Mist Records\" \/>\n<meta property=\"article:publisher\" content=\"https:\/\/www.facebook.com\/demistrecordsnl\" \/>\n<meta property=\"article:modified_time\" content=\"2025-04-20T07:49:07+00:00\" \/>\n<meta property=\"og:image\" content=\"https:\/\/demistrecords.nl\/wp-content\/uploads\/2022\/09\/Carved-Into-The-Sun-The-earth-fell-away-clear-with-black-smoke.jpg\" \/>\n\t<meta property=\"og:image:width\" content=\"2120\" \/>\n\t<meta property=\"og:image:height\" content=\"2120\" \/>\n\t<meta property=\"og:image:type\" content=\"image\/jpeg\" \/>\n<meta name=\"twitter:card\" content=\"summary_large_image\" \/>\n<meta name=\"twitter:site\" content=\"@deathroo1\" \/>\n<meta name=\"twitter:label1\" content=\"Gesch\u00e4tzte Lesezeit\" \/>\n\t<meta name=\"twitter:data1\" content=\"1\u00a0Minute\" \/>\n<script type=\"application\/ld+json\" class=\"yoast-schema-graph\">{\"@context\":\"https:\\\/\\\/schema.org\",\"@graph\":[{\"@type\":[\"WebPage\",\"ItemPage\"],\"@id\":\"https:\\\/\\\/demistrecords.nl\\\/product\\\/carved-into-the-sun-the-earth-fell-away\\\/\",\"url\":\"https:\\\/\\\/demistrecords.nl\\\/product\\\/carved-into-the-sun-the-earth-fell-away\\\/\",\"name\":\"Carved Into The Sun - The Earth Fell Away\",\"isPartOf\":{\"@id\":\"https:\\\/\\\/demistrecords.nl\\\/#website\"},\"primaryImageOfPage\":{\"@id\":\"https:\\\/\\\/demistrecords.nl\\\/product\\\/carved-into-the-sun-the-earth-fell-away\\\/#primaryimage\"},\"image\":{\"@id\":\"https:\\\/\\\/demistrecords.nl\\\/product\\\/carved-into-the-sun-the-earth-fell-away\\\/#primaryimage\"},\"thumbnailUrl\":\"https:\\\/\\\/demistrecords.nl\\\/wp-content\\\/uploads\\\/2022\\\/09\\\/Carved-Into-The-Sun-The-earth-fell-away-clear-with-black-smoke.jpg\",\"datePublished\":\"2022-09-18T18:26:59+00:00\",\"dateModified\":\"2025-04-20T07:49:07+00:00\",\"description\":\"Het tweede volledige album van Carved Into The Sun komt als 2xLP in twee gelimiteerde edities, beide in beperkte oplage van slecht 150 stuks: Helder 180gr vinyl met black smoke Dark grey 180gr viny met marble effect ** Let op, de afbeelding is een mockup ter illustratie, het geleverde album zal er iets anders uit zien.\",\"breadcrumb\":{\"@id\":\"https:\\\/\\\/demistrecords.nl\\\/product\\\/carved-into-the-sun-the-earth-fell-away\\\/#breadcrumb\"},\"inLanguage\":\"de\",\"potentialAction\":[{\"@type\":\"ReadAction\",\"target\":[\"https:\\\/\\\/demistrecords.nl\\\/product\\\/carved-into-the-sun-the-earth-fell-away\\\/\"]}]},{\"@type\":\"ImageObject\",\"inLanguage\":\"de\",\"@id\":\"https:\\\/\\\/demistrecords.nl\\\/product\\\/carved-into-the-sun-the-earth-fell-away\\\/#primaryimage\",\"url\":\"https:\\\/\\\/demistrecords.nl\\\/wp-content\\\/uploads\\\/2022\\\/09\\\/Carved-Into-The-Sun-The-earth-fell-away-clear-with-black-smoke.jpg\",\"contentUrl\":\"https:\\\/\\\/demistrecords.nl\\\/wp-content\\\/uploads\\\/2022\\\/09\\\/Carved-Into-The-Sun-The-earth-fell-away-clear-with-black-smoke.jpg\",\"width\":2120,\"height\":2120,\"caption\":\"Carved Into The Sun - The earth fell away - clear with black smoke\"},{\"@type\":\"BreadcrumbList\",\"@id\":\"https:\\\/\\\/demistrecords.nl\\\/product\\\/carved-into-the-sun-the-earth-fell-away\\\/#breadcrumb\",\"itemListElement\":[{\"@type\":\"ListItem\",\"position\":1,\"name\":\"Home\",\"item\":\"https:\\\/\\\/demistrecords.nl\\\/\"},{\"@type\":\"ListItem\",\"position\":2,\"name\":\"Shop\",\"item\":\"https:\\\/\\\/demistrecords.nl\\\/shop\\\/\"},{\"@type\":\"ListItem\",\"position\":3,\"name\":\"Carved Into The Sun &#8211; The Earth Fell Away\"}]},{\"@type\":\"WebSite\",\"@id\":\"https:\\\/\\\/demistrecords.nl\\\/#website\",\"url\":\"https:\\\/\\\/demistrecords.nl\\\/\",\"name\":\"De Mist Records\",\"description\":\"Post-rock and related music\",\"publisher\":{\"@id\":\"https:\\\/\\\/demistrecords.nl\\\/#organization\"},\"potentialAction\":[{\"@type\":\"SearchAction\",\"target\":{\"@type\":\"EntryPoint\",\"urlTemplate\":\"https:\\\/\\\/demistrecords.nl\\\/?s={search_term_string}\"},\"query-input\":{\"@type\":\"PropertyValueSpecification\",\"valueRequired\":true,\"valueName\":\"search_term_string\"}}],\"inLanguage\":\"de\"},{\"@type\":\"Organization\",\"@id\":\"https:\\\/\\\/demistrecords.nl\\\/#organization\",\"name\":\"De Mist Records\",\"url\":\"https:\\\/\\\/demistrecords.nl\\\/\",\"logo\":{\"@type\":\"ImageObject\",\"inLanguage\":\"de\",\"@id\":\"https:\\\/\\\/demistrecords.nl\\\/#\\\/schema\\\/logo\\\/image\\\/\",\"url\":\"https:\\\/\\\/demistrecords.nl\\\/wp-content\\\/uploads\\\/2020\\\/12\\\/logo-de-mist-records-rond.png\",\"contentUrl\":\"https:\\\/\\\/demistrecords.nl\\\/wp-content\\\/uploads\\\/2020\\\/12\\\/logo-de-mist-records-rond.png\",\"width\":500,\"height\":500,\"caption\":\"De Mist Records\"},\"image\":{\"@id\":\"https:\\\/\\\/demistrecords.nl\\\/#\\\/schema\\\/logo\\\/image\\\/\"},\"sameAs\":[\"https:\\\/\\\/www.facebook.com\\\/demistrecordsnl\",\"https:\\\/\\\/x.com\\\/deathroo1\",\"https:\\\/\\\/www.instagram.com\\\/demist_records\\\/\"]}]}<\/script>\n<!-- \/ Yoast SEO plugin. -->","yoast_head_json":{"title":"Carved Into The Sun - The Earth Fell Away","description":"Het tweede volledige album van Carved Into The Sun komt als 2xLP in twee gelimiteerde edities, beide in beperkte oplage van slecht 150 stuks: Helder 180gr vinyl met black smoke Dark grey 180gr viny met marble effect  ** Let op, de afbeelding is een mockup ter illustratie, het geleverde album zal er iets anders uit zien.","robots":{"index":"index","follow":"follow","max-snippet":"max-snippet:-1","max-image-preview":"max-image-preview:large","max-video-preview":"max-video-preview:-1"},"canonical":"https:\/\/demistrecords.nl\/de\/produkt\/carved-into-the-sun-the-earth-fell-away\/","og_locale":"de_DE","og_type":"article","og_title":"Carved Into The Sun - The Earth Fell Away","og_description":"Het tweede volledige album van Carved Into The Sun komt als 2xLP in twee gelimiteerde edities, beide in beperkte oplage van slecht 150 stuks: Helder 180gr vinyl met black smoke Dark grey 180gr viny met marble effect  ** Let op, de afbeelding is een mockup ter illustratie, het geleverde album zal er iets anders uit zien.","og_url":"https:\/\/demistrecords.nl\/de\/produkt\/carved-into-the-sun-the-earth-fell-away\/","og_site_name":"De Mist Records","article_publisher":"https:\/\/www.facebook.com\/demistrecordsnl","article_modified_time":"2025-04-20T07:49:07+00:00","og_image":[{"width":2120,"height":2120,"url":"https:\/\/demistrecords.nl\/wp-content\/uploads\/2022\/09\/Carved-Into-The-Sun-The-earth-fell-away-clear-with-black-smoke.jpg","type":"image\/jpeg"}],"twitter_card":"summary_large_image","twitter_site":"@deathroo1","twitter_misc":{"Gesch\u00e4tzte Lesezeit":"1\u00a0Minute"},"schema":{"@context":"https:\/\/schema.org","@graph":[{"@type":["WebPage","ItemPage"],"@id":"https:\/\/demistrecords.nl\/product\/carved-into-the-sun-the-earth-fell-away\/","url":"https:\/\/demistrecords.nl\/product\/carved-into-the-sun-the-earth-fell-away\/","name":"Carved Into The Sun - The Earth Fell Away","isPartOf":{"@id":"https:\/\/demistrecords.nl\/#website"},"primaryImageOfPage":{"@id":"https:\/\/demistrecords.nl\/product\/carved-into-the-sun-the-earth-fell-away\/#primaryimage"},"image":{"@id":"https:\/\/demistrecords.nl\/product\/carved-into-the-sun-the-earth-fell-away\/#primaryimage"},"thumbnailUrl":"https:\/\/demistrecords.nl\/wp-content\/uploads\/2022\/09\/Carved-Into-The-Sun-The-earth-fell-away-clear-with-black-smoke.jpg","datePublished":"2022-09-18T18:26:59+00:00","dateModified":"2025-04-20T07:49:07+00:00","description":"Het tweede volledige album van Carved Into The Sun komt als 2xLP in twee gelimiteerde edities, beide in beperkte oplage van slecht 150 stuks: Helder 180gr vinyl met black smoke Dark grey 180gr viny met marble effect ** Let op, de afbeelding is een mockup ter illustratie, het geleverde album zal er iets anders uit zien.","breadcrumb":{"@id":"https:\/\/demistrecords.nl\/product\/carved-into-the-sun-the-earth-fell-away\/#breadcrumb"},"inLanguage":"de","potentialAction":[{"@type":"ReadAction","target":["https:\/\/demistrecords.nl\/product\/carved-into-the-sun-the-earth-fell-away\/"]}]},{"@type":"ImageObject","inLanguage":"de","@id":"https:\/\/demistrecords.nl\/product\/carved-into-the-sun-the-earth-fell-away\/#primaryimage","url":"https:\/\/demistrecords.nl\/wp-content\/uploads\/2022\/09\/Carved-Into-The-Sun-The-earth-fell-away-clear-with-black-smoke.jpg","contentUrl":"https:\/\/demistrecords.nl\/wp-content\/uploads\/2022\/09\/Carved-Into-The-Sun-The-earth-fell-away-clear-with-black-smoke.jpg","width":2120,"height":2120,"caption":"Carved Into The Sun - The earth fell away - clear with black smoke"},{"@type":"BreadcrumbList","@id":"https:\/\/demistrecords.nl\/product\/carved-into-the-sun-the-earth-fell-away\/#breadcrumb","itemListElement":[{"@type":"ListItem","position":1,"name":"Home","item":"https:\/\/demistrecords.nl\/"},{"@type":"ListItem","position":2,"name":"Shop","item":"https:\/\/demistrecords.nl\/shop\/"},{"@type":"ListItem","position":3,"name":"Carved Into The Sun &#8211; The Earth Fell Away"}]},{"@type":"WebSite","@id":"https:\/\/demistrecords.nl\/#website","url":"https:\/\/demistrecords.nl\/","name":"De Mist Records","description":"Post-rock and related music","publisher":{"@id":"https:\/\/demistrecords.nl\/#organization"},"potentialAction":[{"@type":"SearchAction","target":{"@type":"EntryPoint","urlTemplate":"https:\/\/demistrecords.nl\/?s={search_term_string}"},"query-input":{"@type":"PropertyValueSpecification","valueRequired":true,"valueName":"search_term_string"}}],"inLanguage":"de"},{"@type":"Organization","@id":"https:\/\/demistrecords.nl\/#organization","name":"De Mist Records","url":"https:\/\/demistrecords.nl\/","logo":{"@type":"ImageObject","inLanguage":"de","@id":"https:\/\/demistrecords.nl\/#\/schema\/logo\/image\/","url":"https:\/\/demistrecords.nl\/wp-content\/uploads\/2020\/12\/logo-de-mist-records-rond.png","contentUrl":"https:\/\/demistrecords.nl\/wp-content\/uploads\/2020\/12\/logo-de-mist-records-rond.png","width":500,"height":500,"caption":"De Mist Records"},"image":{"@id":"https:\/\/demistrecords.nl\/#\/schema\/logo\/image\/"},"sameAs":["https:\/\/www.facebook.com\/demistrecordsnl","https:\/\/x.com\/deathroo1","https:\/\/www.instagram.com\/demist_records\/"]}]}},"_links":{"self":[{"href":"https:\/\/demistrecords.nl\/de\/wp-json\/wp\/v2\/product\/1571","targetHints":{"allow":["GET"]}}],"collection":[{"href":"https:\/\/demistrecords.nl\/de\/wp-json\/wp\/v2\/product"}],"about":[{"href":"https:\/\/demistrecords.nl\/de\/wp-json\/wp\/v2\/types\/product"}],"replies":[{"embeddable":true,"href":"https:\/\/demistrecords.nl\/de\/wp-json\/wp\/v2\/comments?post=1571"}],"wp:featuredmedia":[{"embeddable":true,"href":"https:\/\/demistrecords.nl\/de\/wp-json\/wp\/v2\/media\/1575"}],"wp:attachment":[{"href":"https:\/\/demistrecords.nl\/de\/wp-json\/wp\/v2\/media?parent=1571"}],"wp:term":[{"taxonomy":"product_brand","embeddable":true,"href":"https:\/\/demistrecords.nl\/de\/wp-json\/wp\/v2\/product_brand?post=1571"},{"taxonomy":"product_cat","embeddable":true,"href":"https:\/\/demistrecords.nl\/de\/wp-json\/wp\/v2\/product_cat?post=1571"},{"taxonomy":"product_tag","embeddable":true,"href":"https:\/\/demistrecords.nl\/de\/wp-json\/wp\/v2\/product_tag?post=1571"}],"curies":[{"name":"wp","href":"https:\/\/api.w.org\/{rel}","templated":true}]}}