{"id":1673,"date":"2022-12-27T16:40:23","date_gmt":"2022-12-27T15:40:23","guid":{"rendered":"https:\/\/demistrecords.nl\/?post_type=product&#038;p=1673"},"modified":"2023-11-23T22:55:21","modified_gmt":"2023-11-23T21:55:21","slug":"hubris-the-one-above","status":"publish","type":"product","link":"https:\/\/demistrecords.nl\/de\/produkt\/hubris-the-one-above\/","title":{"rendered":"hubris. &#8211; The one above"},"content":{"rendered":"<p>The One Above ist das vierte Full-Length-Album dieser Schweizer Formation, die bei den Besuchern des Dunkfestivals 2022 einen unausl\u00f6schlichen Eindruck hinterlassen hat. Die Energie spritzte von der B\u00fchne und peitschte den Raum mit ihrem groovigen Mix aus Post-Rock und Metal. Musikalisch kann mann hubris. (Schreibweise beachten: ohne Gro\u00dfbuchstaben und mit Punkt!) vergleichen, ohne die Band zu gef\u00e4hrden, als einer Mischung aus Long Distance Calling, Sigur Ros, <a href=\"https:\/\/demistrecords.nl\/de\/produkt-schlagwort\/post-rock\/?filter_artist=this-will-destroy-you\">This Will Destroy You<\/a>, <a href=\"https:\/\/demistrecords.nl\/de\/produkt\/leech-if-we-get-there-one-day-would-you-open-the-gates-remaster\/\">Leech <\/a>und Jakob. Also instrumentaler atmosph\u00e4rischer Post-Rock mit Metal-Einfl\u00fcssen.<\/p>\n<p>Aber es gibt mehr als nur das, denn die Musik ist mit einer Geschichte im Hinterkopf geschrieben. Das Album erz\u00e4hlt in vier Teilen von den alten Griechen und ihrer Beziehung zu Platon. Die Freiburger k\u00f6nnen diese Geschichten in Musik umsetzen, wie sie bereits auf ihrem Vorg\u00e4ngeralbum Metempsychosis bewiesen haben. Daran wurden zum Beispiel die zw\u00f6lf Aufgaben des Herakles ausgearbeitet. Auf The One Above geht die Band noch einen Schritt weiter und pr\u00e4sentiert uns vier Meisterwerke, bei denen die Melodie und der charakteristische Groove erneut um die Aufmerksamkeit des H\u00f6rers buhlen. Fans von melodischer instrumentaler Rockmusik werden dieses Album sicherlich zu sch\u00e4tzen wissen.<\/p>\n<p>The One Above erscheint am 10. Februar 2023. Die physischen Alben werden ab <strong>M\u00e4rz 2023 <\/strong>erh\u00e4ltig sein.<\/p>\n<p><iframe style=\"border: 0; width: 100%; height: 120px;\" src=\"https:\/\/bandcamp.com\/EmbeddedPlayer\/track=4274830527\/size=large\/bgcol=333333\/linkcol=0f91ff\/tracklist=false\/artwork=small\/transparent=true\/\" seamless=\"\"><a href=\"https:\/\/hubrisband.bandcamp.com\/track\/of-light\">Of Light by hubris.<\/a><\/iframe><\/p>","protected":false},"excerpt":{"rendered":"<p>hubris. &#8211; The one above<br \/>\nKommt als 180gr 2xLP: smoke black met yellow splatter, full-colour label, black inner sleeve<br \/>\nLimitierte Auflage von 300 St\u00fcck weltweit.<br \/>\nVer\u00f6ffentlichung: 10.02.2023<\/p>\n<p>Dies ist eine Vorbestellung, Lieferung voraussichtlich\u00a0<strong>M\u00e4rz 2023<\/strong>.<\/p>\n<p>** Bitte beachten Sie, dass das Bild zu Illustrationszwecken ein Modell ist. Das gelieferte Album sieht etwas anders aus.<\/p>","protected":false},"featured_media":1674,"comment_status":"closed","ping_status":"closed","template":"","meta":[],"product_brand":[],"product_cat":[23,16],"product_tag":[28],"class_list":{"0":"post-1673","1":"product","2":"type-product","3":"status-publish","4":"has-post-thumbnail","6":"product_cat-exclusief","7":"product_cat-vinyl-12-2xlp","8":"product_tag-post-rock","10":"first","11":"outofstock","12":"taxable","13":"shipping-taxable","14":"purchasable","15":"product-type-simple"},"bundled_by":[],"bundle_stock_status":"outofstock","bundle_stock_quantity":0,"bundle_virtual":false,"bundle_layout":"","bundle_add_to_cart_form_location":"","bundle_editable_in_cart":false,"bundle_sold_individually_context":"","bundle_item_grouping":"","bundle_min_size":"","bundle_max_size":"","bundle_price":[],"bundled_items":[],"bundle_sell_ids":[],"yoast_head":"<!-- This site is optimized with the Yoast SEO plugin v27.4 - https:\/\/yoast.com\/product\/yoast-seo-wordpress\/ -->\n<title>hubris. - The one above<\/title>\n<meta name=\"description\" content=\"hubris. - The one above Komt op 180gr 2xLP: smoke black met yellow splatter, full-colour label, black inner sleeve Gelimiteerde oplage van 300 stuks Releasedatum: 10 februari 2023  Dit betreft een pre-order, levering wordt verwacht medio\u00a0maart 2023.  ** Let op, de afbeelding is een mockup ter illustratie, het geleverde album zal er iets anders uit zien.\" \/>\n<meta name=\"robots\" content=\"index, follow, max-snippet:-1, max-image-preview:large, max-video-preview:-1\" \/>\n<link rel=\"canonical\" href=\"https:\/\/demistrecords.nl\/de\/produkt\/hubris-the-one-above\/\" \/>\n<meta property=\"og:locale\" content=\"de_DE\" \/>\n<meta property=\"og:type\" content=\"article\" \/>\n<meta property=\"og:title\" content=\"hubris. - The one above\" \/>\n<meta property=\"og:description\" content=\"hubris. - The one above Komt op 180gr 2xLP: smoke black met yellow splatter, full-colour label, black inner sleeve Gelimiteerde oplage van 300 stuks Releasedatum: 10 februari 2023  Dit betreft een pre-order, levering wordt verwacht medio\u00a0maart 2023.  ** Let op, de afbeelding is een mockup ter illustratie, het geleverde album zal er iets anders uit zien.\" \/>\n<meta property=\"og:url\" content=\"https:\/\/demistrecords.nl\/de\/produkt\/hubris-the-one-above\/\" \/>\n<meta property=\"og:site_name\" content=\"De Mist Records\" \/>\n<meta property=\"article:publisher\" content=\"https:\/\/www.facebook.com\/demistrecordsnl\" \/>\n<meta property=\"article:modified_time\" content=\"2023-11-23T21:55:21+00:00\" \/>\n<meta property=\"og:image\" content=\"https:\/\/demistrecords.nl\/wp-content\/uploads\/2022\/12\/Hubris-The-one-above.jpg\" \/>\n\t<meta property=\"og:image:width\" content=\"2120\" \/>\n\t<meta property=\"og:image:height\" content=\"2120\" \/>\n\t<meta property=\"og:image:type\" content=\"image\/jpeg\" \/>\n<meta name=\"twitter:card\" content=\"summary_large_image\" \/>\n<meta name=\"twitter:site\" content=\"@deathroo1\" \/>\n<meta name=\"twitter:label1\" content=\"Gesch\u00e4tzte Lesezeit\" \/>\n\t<meta name=\"twitter:data1\" content=\"2\u00a0Minuten\" \/>\n<script type=\"application\/ld+json\" class=\"yoast-schema-graph\">{\"@context\":\"https:\\\/\\\/schema.org\",\"@graph\":[{\"@type\":[\"WebPage\",\"ItemPage\"],\"@id\":\"https:\\\/\\\/demistrecords.nl\\\/product\\\/hubris-the-one-above\\\/\",\"url\":\"https:\\\/\\\/demistrecords.nl\\\/product\\\/hubris-the-one-above\\\/\",\"name\":\"hubris. - The one above\",\"isPartOf\":{\"@id\":\"https:\\\/\\\/demistrecords.nl\\\/#website\"},\"primaryImageOfPage\":{\"@id\":\"https:\\\/\\\/demistrecords.nl\\\/product\\\/hubris-the-one-above\\\/#primaryimage\"},\"image\":{\"@id\":\"https:\\\/\\\/demistrecords.nl\\\/product\\\/hubris-the-one-above\\\/#primaryimage\"},\"thumbnailUrl\":\"https:\\\/\\\/demistrecords.nl\\\/wp-content\\\/uploads\\\/2022\\\/12\\\/Hubris-The-one-above.jpg\",\"datePublished\":\"2022-12-27T15:40:23+00:00\",\"dateModified\":\"2023-11-23T21:55:21+00:00\",\"description\":\"hubris. - The one above Komt op 180gr 2xLP: smoke black met yellow splatter, full-colour label, black inner sleeve Gelimiteerde oplage van 300 stuks Releasedatum: 10 februari 2023 Dit betreft een pre-order, levering wordt verwacht medio\u00a0maart 2023. ** Let op, de afbeelding is een mockup ter illustratie, het geleverde album zal er iets anders uit zien.\",\"breadcrumb\":{\"@id\":\"https:\\\/\\\/demistrecords.nl\\\/product\\\/hubris-the-one-above\\\/#breadcrumb\"},\"inLanguage\":\"de\",\"potentialAction\":[{\"@type\":\"ReadAction\",\"target\":[\"https:\\\/\\\/demistrecords.nl\\\/product\\\/hubris-the-one-above\\\/\"]}]},{\"@type\":\"ImageObject\",\"inLanguage\":\"de\",\"@id\":\"https:\\\/\\\/demistrecords.nl\\\/product\\\/hubris-the-one-above\\\/#primaryimage\",\"url\":\"https:\\\/\\\/demistrecords.nl\\\/wp-content\\\/uploads\\\/2022\\\/12\\\/Hubris-The-one-above.jpg\",\"contentUrl\":\"https:\\\/\\\/demistrecords.nl\\\/wp-content\\\/uploads\\\/2022\\\/12\\\/Hubris-The-one-above.jpg\",\"width\":2120,\"height\":2120},{\"@type\":\"BreadcrumbList\",\"@id\":\"https:\\\/\\\/demistrecords.nl\\\/product\\\/hubris-the-one-above\\\/#breadcrumb\",\"itemListElement\":[{\"@type\":\"ListItem\",\"position\":1,\"name\":\"Home\",\"item\":\"https:\\\/\\\/demistrecords.nl\\\/\"},{\"@type\":\"ListItem\",\"position\":2,\"name\":\"Shop\",\"item\":\"https:\\\/\\\/demistrecords.nl\\\/shop\\\/\"},{\"@type\":\"ListItem\",\"position\":3,\"name\":\"hubris. &#8211; The one above\"}]},{\"@type\":\"WebSite\",\"@id\":\"https:\\\/\\\/demistrecords.nl\\\/#website\",\"url\":\"https:\\\/\\\/demistrecords.nl\\\/\",\"name\":\"De Mist Records\",\"description\":\"Post-rock and related music\",\"publisher\":{\"@id\":\"https:\\\/\\\/demistrecords.nl\\\/#organization\"},\"potentialAction\":[{\"@type\":\"SearchAction\",\"target\":{\"@type\":\"EntryPoint\",\"urlTemplate\":\"https:\\\/\\\/demistrecords.nl\\\/?s={search_term_string}\"},\"query-input\":{\"@type\":\"PropertyValueSpecification\",\"valueRequired\":true,\"valueName\":\"search_term_string\"}}],\"inLanguage\":\"de\"},{\"@type\":\"Organization\",\"@id\":\"https:\\\/\\\/demistrecords.nl\\\/#organization\",\"name\":\"De Mist Records\",\"url\":\"https:\\\/\\\/demistrecords.nl\\\/\",\"logo\":{\"@type\":\"ImageObject\",\"inLanguage\":\"de\",\"@id\":\"https:\\\/\\\/demistrecords.nl\\\/#\\\/schema\\\/logo\\\/image\\\/\",\"url\":\"https:\\\/\\\/demistrecords.nl\\\/wp-content\\\/uploads\\\/2020\\\/12\\\/logo-de-mist-records-rond.png\",\"contentUrl\":\"https:\\\/\\\/demistrecords.nl\\\/wp-content\\\/uploads\\\/2020\\\/12\\\/logo-de-mist-records-rond.png\",\"width\":500,\"height\":500,\"caption\":\"De Mist Records\"},\"image\":{\"@id\":\"https:\\\/\\\/demistrecords.nl\\\/#\\\/schema\\\/logo\\\/image\\\/\"},\"sameAs\":[\"https:\\\/\\\/www.facebook.com\\\/demistrecordsnl\",\"https:\\\/\\\/x.com\\\/deathroo1\",\"https:\\\/\\\/www.instagram.com\\\/demist_records\\\/\"]}]}<\/script>\n<!-- \/ Yoast SEO plugin. -->","yoast_head_json":{"title":"hubris. - The one above","description":"hubris. - The one above Komt op 180gr 2xLP: smoke black met yellow splatter, full-colour label, black inner sleeve Gelimiteerde oplage van 300 stuks Releasedatum: 10 februari 2023  Dit betreft een pre-order, levering wordt verwacht medio\u00a0maart 2023.  ** Let op, de afbeelding is een mockup ter illustratie, het geleverde album zal er iets anders uit zien.","robots":{"index":"index","follow":"follow","max-snippet":"max-snippet:-1","max-image-preview":"max-image-preview:large","max-video-preview":"max-video-preview:-1"},"canonical":"https:\/\/demistrecords.nl\/de\/produkt\/hubris-the-one-above\/","og_locale":"de_DE","og_type":"article","og_title":"hubris. - The one above","og_description":"hubris. - The one above Komt op 180gr 2xLP: smoke black met yellow splatter, full-colour label, black inner sleeve Gelimiteerde oplage van 300 stuks Releasedatum: 10 februari 2023  Dit betreft een pre-order, levering wordt verwacht medio\u00a0maart 2023.  ** Let op, de afbeelding is een mockup ter illustratie, het geleverde album zal er iets anders uit zien.","og_url":"https:\/\/demistrecords.nl\/de\/produkt\/hubris-the-one-above\/","og_site_name":"De Mist Records","article_publisher":"https:\/\/www.facebook.com\/demistrecordsnl","article_modified_time":"2023-11-23T21:55:21+00:00","og_image":[{"width":2120,"height":2120,"url":"https:\/\/demistrecords.nl\/wp-content\/uploads\/2022\/12\/Hubris-The-one-above.jpg","type":"image\/jpeg"}],"twitter_card":"summary_large_image","twitter_site":"@deathroo1","twitter_misc":{"Gesch\u00e4tzte Lesezeit":"2\u00a0Minuten"},"schema":{"@context":"https:\/\/schema.org","@graph":[{"@type":["WebPage","ItemPage"],"@id":"https:\/\/demistrecords.nl\/product\/hubris-the-one-above\/","url":"https:\/\/demistrecords.nl\/product\/hubris-the-one-above\/","name":"hubris. - The one above","isPartOf":{"@id":"https:\/\/demistrecords.nl\/#website"},"primaryImageOfPage":{"@id":"https:\/\/demistrecords.nl\/product\/hubris-the-one-above\/#primaryimage"},"image":{"@id":"https:\/\/demistrecords.nl\/product\/hubris-the-one-above\/#primaryimage"},"thumbnailUrl":"https:\/\/demistrecords.nl\/wp-content\/uploads\/2022\/12\/Hubris-The-one-above.jpg","datePublished":"2022-12-27T15:40:23+00:00","dateModified":"2023-11-23T21:55:21+00:00","description":"hubris. - The one above Komt op 180gr 2xLP: smoke black met yellow splatter, full-colour label, black inner sleeve Gelimiteerde oplage van 300 stuks Releasedatum: 10 februari 2023 Dit betreft een pre-order, levering wordt verwacht medio\u00a0maart 2023. ** Let op, de afbeelding is een mockup ter illustratie, het geleverde album zal er iets anders uit zien.","breadcrumb":{"@id":"https:\/\/demistrecords.nl\/product\/hubris-the-one-above\/#breadcrumb"},"inLanguage":"de","potentialAction":[{"@type":"ReadAction","target":["https:\/\/demistrecords.nl\/product\/hubris-the-one-above\/"]}]},{"@type":"ImageObject","inLanguage":"de","@id":"https:\/\/demistrecords.nl\/product\/hubris-the-one-above\/#primaryimage","url":"https:\/\/demistrecords.nl\/wp-content\/uploads\/2022\/12\/Hubris-The-one-above.jpg","contentUrl":"https:\/\/demistrecords.nl\/wp-content\/uploads\/2022\/12\/Hubris-The-one-above.jpg","width":2120,"height":2120},{"@type":"BreadcrumbList","@id":"https:\/\/demistrecords.nl\/product\/hubris-the-one-above\/#breadcrumb","itemListElement":[{"@type":"ListItem","position":1,"name":"Home","item":"https:\/\/demistrecords.nl\/"},{"@type":"ListItem","position":2,"name":"Shop","item":"https:\/\/demistrecords.nl\/shop\/"},{"@type":"ListItem","position":3,"name":"hubris. &#8211; The one above"}]},{"@type":"WebSite","@id":"https:\/\/demistrecords.nl\/#website","url":"https:\/\/demistrecords.nl\/","name":"De Mist Records","description":"Post-rock and related music","publisher":{"@id":"https:\/\/demistrecords.nl\/#organization"},"potentialAction":[{"@type":"SearchAction","target":{"@type":"EntryPoint","urlTemplate":"https:\/\/demistrecords.nl\/?s={search_term_string}"},"query-input":{"@type":"PropertyValueSpecification","valueRequired":true,"valueName":"search_term_string"}}],"inLanguage":"de"},{"@type":"Organization","@id":"https:\/\/demistrecords.nl\/#organization","name":"De Mist Records","url":"https:\/\/demistrecords.nl\/","logo":{"@type":"ImageObject","inLanguage":"de","@id":"https:\/\/demistrecords.nl\/#\/schema\/logo\/image\/","url":"https:\/\/demistrecords.nl\/wp-content\/uploads\/2020\/12\/logo-de-mist-records-rond.png","contentUrl":"https:\/\/demistrecords.nl\/wp-content\/uploads\/2020\/12\/logo-de-mist-records-rond.png","width":500,"height":500,"caption":"De Mist Records"},"image":{"@id":"https:\/\/demistrecords.nl\/#\/schema\/logo\/image\/"},"sameAs":["https:\/\/www.facebook.com\/demistrecordsnl","https:\/\/x.com\/deathroo1","https:\/\/www.instagram.com\/demist_records\/"]}]}},"_links":{"self":[{"href":"https:\/\/demistrecords.nl\/de\/wp-json\/wp\/v2\/product\/1673","targetHints":{"allow":["GET"]}}],"collection":[{"href":"https:\/\/demistrecords.nl\/de\/wp-json\/wp\/v2\/product"}],"about":[{"href":"https:\/\/demistrecords.nl\/de\/wp-json\/wp\/v2\/types\/product"}],"replies":[{"embeddable":true,"href":"https:\/\/demistrecords.nl\/de\/wp-json\/wp\/v2\/comments?post=1673"}],"wp:featuredmedia":[{"embeddable":true,"href":"https:\/\/demistrecords.nl\/de\/wp-json\/wp\/v2\/media\/1674"}],"wp:attachment":[{"href":"https:\/\/demistrecords.nl\/de\/wp-json\/wp\/v2\/media?parent=1673"}],"wp:term":[{"taxonomy":"product_brand","embeddable":true,"href":"https:\/\/demistrecords.nl\/de\/wp-json\/wp\/v2\/product_brand?post=1673"},{"taxonomy":"product_cat","embeddable":true,"href":"https:\/\/demistrecords.nl\/de\/wp-json\/wp\/v2\/product_cat?post=1673"},{"taxonomy":"product_tag","embeddable":true,"href":"https:\/\/demistrecords.nl\/de\/wp-json\/wp\/v2\/product_tag?post=1673"}],"curies":[{"name":"wp","href":"https:\/\/api.w.org\/{rel}","templated":true}]}}