{"id":1676,"date":"2022-12-28T16:27:09","date_gmt":"2022-12-28T15:27:09","guid":{"rendered":"https:\/\/demistrecords.nl\/?post_type=product&#038;p=1676"},"modified":"2024-04-23T22:07:22","modified_gmt":"2024-04-23T20:07:22","slug":"the-depth-beneath-us-the-depth-beneath-us","status":"publish","type":"product","link":"https:\/\/demistrecords.nl\/de\/produkt\/the-depth-beneath-us-the-depth-beneath-us\/","title":{"rendered":"The Depth Beneath Us &#8211; The depth beneath us"},"content":{"rendered":"<p>The Depth Beneath Us ver\u00f6ffentlichten ihr selbstbetiteltes Deb\u00fctalbum am 2. Dezember 2022. Die Band aus Harrisburg, Pennsylvania, mischt Postrock mit Shoegaze, was eine wunderbare Mischung ergibt. Mal melancholisch, dann mitrei\u00dfend, aber vor allem ansteckend. Stillsitzen f\u00e4llt daher schwer, denn die Band nimmt dich mit in ihre Musik.<\/p>\n<p>Urspr\u00fcnglich war geplant, das Album 2018 aufzunehmen und ein Jahr sp\u00e4ter zu ver\u00f6ffentlichen, doch die bekannte Pandemie machte dem einen Strich durch die Rechnung. Es er\u00f6ffnete der Band jedoch M\u00f6glichkeiten, die sie zuvor nicht ausprobiert hatten. Online wurden die Songs weiter verfeinert, bis ein Ergebnis vorlag, mit dem die Band endlich ins Studio gehen konnte.<\/p>\n<p>Im April 2022 tauchte die Band wieder auf und stieg bei MDW Productions in Harrisburg, PA, ab, um von Michael Washkevich verfolgt und bearbeitet zu werden. Zus\u00e4tzliche Gitarrenaufnahmen und Bearbeitungen von Mike McCormick und Matt Rockman in ihren jeweiligen H\u00e4usern hielten das DIY-Ethos am Leben. Der Mix f\u00fcr das Album wurde von Steve Durose (Oceansize, Vennart, Amplifier) durchgef\u00fchrt, das Mastering \u00fcbernahm Frank Arkwright von Abbey Road.<\/p>\n<p><iframe style=\"border: 0; width: 100%; height: 120px;\" src=\"https:\/\/bandcamp.com\/EmbeddedPlayer\/album=1626928041\/size=large\/bgcol=333333\/linkcol=0f91ff\/tracklist=false\/artwork=small\/transparent=true\/\" seamless=\"\"><a href=\"https:\/\/thedepthbeneathus.bandcamp.com\/album\/the-depth-beneath-us\">The Depth Beneath Us by The Depth Beneath Us<\/a><\/iframe><\/p>","protected":false},"excerpt":{"rendered":"<p>Amerikanische Post-Rock\/Shoegaze-Band aus Harrisburg, PA.<br \/>\nVer\u00f6ffentlichung: 02.12.2022<br \/>\nKommt als 180 Gramm schwere schwarze Doppel-LP in einer limitierten Auflage von nur 200 St\u00fcck<\/p>\n<p>Dies ist eine Vorbestellung, Lieferung voraussichtlich <strong>Juli 2023<\/strong>.<\/p>\n<p>** Bitte beachten Sie, dass das Bild zu Illustrationszwecken ein Modell ist. Das gelieferte Album sieht etwas anders aus.<\/p>","protected":false},"featured_media":1677,"comment_status":"closed","ping_status":"closed","template":"","meta":[],"product_brand":[],"product_cat":[23,16],"product_tag":[26,28,37],"class_list":{"0":"post-1676","1":"product","2":"type-product","3":"status-publish","4":"has-post-thumbnail","6":"product_cat-exclusief","7":"product_cat-vinyl-12-2xlp","8":"product_tag-post-metal","9":"product_tag-post-rock","10":"product_tag-shoegaze","12":"first","13":"outofstock","14":"taxable","15":"shipping-taxable","16":"purchasable","17":"product-type-simple"},"bundled_by":[],"bundle_stock_status":"outofstock","bundle_stock_quantity":0,"bundle_virtual":false,"bundle_layout":"","bundle_add_to_cart_form_location":"","bundle_editable_in_cart":false,"bundle_sold_individually_context":"","bundle_item_grouping":"","bundle_min_size":"","bundle_max_size":"","bundle_price":[],"bundled_items":[],"bundle_sell_ids":[],"yoast_head":"<!-- This site is optimized with the Yoast SEO plugin v27.4 - https:\/\/yoast.com\/product\/yoast-seo-wordpress\/ -->\n<title>The Depth Beneath Us - The depth beneath us<\/title>\n<meta name=\"description\" content=\"Amerikaanse postrock\/shoegaze band uit Harrisburg, PA. Releasedatum: 2 december 2022 Komt als 180grams zwarte dubbel-LP in een gelimiteerde oplage van slechts 200 stuks  Dit betreft een pre-order, levering wordt verwacht medio juli 2023.  ** Let op, de afbeelding is een mockup ter illustratie, het geleverde album zal er iets anders uit zien.\" \/>\n<meta name=\"robots\" content=\"index, follow, max-snippet:-1, max-image-preview:large, max-video-preview:-1\" \/>\n<link rel=\"canonical\" href=\"https:\/\/demistrecords.nl\/de\/produkt\/the-depth-beneath-us-the-depth-beneath-us\/\" \/>\n<meta property=\"og:locale\" content=\"de_DE\" \/>\n<meta property=\"og:type\" content=\"article\" \/>\n<meta property=\"og:title\" content=\"The Depth Beneath Us - The depth beneath us\" \/>\n<meta property=\"og:description\" content=\"Amerikaanse postrock\/shoegaze band uit Harrisburg, PA. Releasedatum: 2 december 2022 Komt als 180grams zwarte dubbel-LP in een gelimiteerde oplage van slechts 200 stuks  Dit betreft een pre-order, levering wordt verwacht medio juli 2023.  ** Let op, de afbeelding is een mockup ter illustratie, het geleverde album zal er iets anders uit zien.\" \/>\n<meta property=\"og:url\" content=\"https:\/\/demistrecords.nl\/de\/produkt\/the-depth-beneath-us-the-depth-beneath-us\/\" \/>\n<meta property=\"og:site_name\" content=\"De Mist Records\" \/>\n<meta property=\"article:publisher\" content=\"https:\/\/www.facebook.com\/demistrecordsnl\" \/>\n<meta property=\"article:modified_time\" content=\"2024-04-23T20:07:22+00:00\" \/>\n<meta property=\"og:image\" content=\"https:\/\/demistrecords.nl\/wp-content\/uploads\/2022\/12\/The-Depth-Beneath-Us-The-depth-beneath-us.jpg\" \/>\n\t<meta property=\"og:image:width\" content=\"2120\" \/>\n\t<meta property=\"og:image:height\" content=\"2120\" \/>\n\t<meta property=\"og:image:type\" content=\"image\/jpeg\" \/>\n<meta name=\"twitter:card\" content=\"summary_large_image\" \/>\n<meta name=\"twitter:site\" content=\"@deathroo1\" \/>\n<meta name=\"twitter:label1\" content=\"Gesch\u00e4tzte Lesezeit\" \/>\n\t<meta name=\"twitter:data1\" content=\"1\u00a0Minute\" \/>\n<script type=\"application\/ld+json\" class=\"yoast-schema-graph\">{\"@context\":\"https:\\\/\\\/schema.org\",\"@graph\":[{\"@type\":[\"WebPage\",\"ItemPage\"],\"@id\":\"https:\\\/\\\/demistrecords.nl\\\/product\\\/the-depth-beneath-us-the-depth-beneath-us\\\/\",\"url\":\"https:\\\/\\\/demistrecords.nl\\\/product\\\/the-depth-beneath-us-the-depth-beneath-us\\\/\",\"name\":\"The Depth Beneath Us - The depth beneath us\",\"isPartOf\":{\"@id\":\"https:\\\/\\\/demistrecords.nl\\\/#website\"},\"primaryImageOfPage\":{\"@id\":\"https:\\\/\\\/demistrecords.nl\\\/product\\\/the-depth-beneath-us-the-depth-beneath-us\\\/#primaryimage\"},\"image\":{\"@id\":\"https:\\\/\\\/demistrecords.nl\\\/product\\\/the-depth-beneath-us-the-depth-beneath-us\\\/#primaryimage\"},\"thumbnailUrl\":\"https:\\\/\\\/demistrecords.nl\\\/wp-content\\\/uploads\\\/2022\\\/12\\\/The-Depth-Beneath-Us-The-depth-beneath-us.jpg\",\"datePublished\":\"2022-12-28T15:27:09+00:00\",\"dateModified\":\"2024-04-23T20:07:22+00:00\",\"description\":\"Amerikaanse postrock\\\/shoegaze band uit Harrisburg, PA. Releasedatum: 2 december 2022 Komt als 180grams zwarte dubbel-LP in een gelimiteerde oplage van slechts 200 stuks Dit betreft een pre-order, levering wordt verwacht medio juli 2023. ** Let op, de afbeelding is een mockup ter illustratie, het geleverde album zal er iets anders uit zien.\",\"breadcrumb\":{\"@id\":\"https:\\\/\\\/demistrecords.nl\\\/product\\\/the-depth-beneath-us-the-depth-beneath-us\\\/#breadcrumb\"},\"inLanguage\":\"de\",\"potentialAction\":[{\"@type\":\"ReadAction\",\"target\":[\"https:\\\/\\\/demistrecords.nl\\\/product\\\/the-depth-beneath-us-the-depth-beneath-us\\\/\"]}]},{\"@type\":\"ImageObject\",\"inLanguage\":\"de\",\"@id\":\"https:\\\/\\\/demistrecords.nl\\\/product\\\/the-depth-beneath-us-the-depth-beneath-us\\\/#primaryimage\",\"url\":\"https:\\\/\\\/demistrecords.nl\\\/wp-content\\\/uploads\\\/2022\\\/12\\\/The-Depth-Beneath-Us-The-depth-beneath-us.jpg\",\"contentUrl\":\"https:\\\/\\\/demistrecords.nl\\\/wp-content\\\/uploads\\\/2022\\\/12\\\/The-Depth-Beneath-Us-The-depth-beneath-us.jpg\",\"width\":2120,\"height\":2120},{\"@type\":\"BreadcrumbList\",\"@id\":\"https:\\\/\\\/demistrecords.nl\\\/product\\\/the-depth-beneath-us-the-depth-beneath-us\\\/#breadcrumb\",\"itemListElement\":[{\"@type\":\"ListItem\",\"position\":1,\"name\":\"Home\",\"item\":\"https:\\\/\\\/demistrecords.nl\\\/\"},{\"@type\":\"ListItem\",\"position\":2,\"name\":\"Shop\",\"item\":\"https:\\\/\\\/demistrecords.nl\\\/shop\\\/\"},{\"@type\":\"ListItem\",\"position\":3,\"name\":\"The Depth Beneath Us &#8211; The depth beneath us\"}]},{\"@type\":\"WebSite\",\"@id\":\"https:\\\/\\\/demistrecords.nl\\\/#website\",\"url\":\"https:\\\/\\\/demistrecords.nl\\\/\",\"name\":\"De Mist Records\",\"description\":\"Post-rock and related music\",\"publisher\":{\"@id\":\"https:\\\/\\\/demistrecords.nl\\\/#organization\"},\"potentialAction\":[{\"@type\":\"SearchAction\",\"target\":{\"@type\":\"EntryPoint\",\"urlTemplate\":\"https:\\\/\\\/demistrecords.nl\\\/?s={search_term_string}\"},\"query-input\":{\"@type\":\"PropertyValueSpecification\",\"valueRequired\":true,\"valueName\":\"search_term_string\"}}],\"inLanguage\":\"de\"},{\"@type\":\"Organization\",\"@id\":\"https:\\\/\\\/demistrecords.nl\\\/#organization\",\"name\":\"De Mist Records\",\"url\":\"https:\\\/\\\/demistrecords.nl\\\/\",\"logo\":{\"@type\":\"ImageObject\",\"inLanguage\":\"de\",\"@id\":\"https:\\\/\\\/demistrecords.nl\\\/#\\\/schema\\\/logo\\\/image\\\/\",\"url\":\"https:\\\/\\\/demistrecords.nl\\\/wp-content\\\/uploads\\\/2020\\\/12\\\/logo-de-mist-records-rond.png\",\"contentUrl\":\"https:\\\/\\\/demistrecords.nl\\\/wp-content\\\/uploads\\\/2020\\\/12\\\/logo-de-mist-records-rond.png\",\"width\":500,\"height\":500,\"caption\":\"De Mist Records\"},\"image\":{\"@id\":\"https:\\\/\\\/demistrecords.nl\\\/#\\\/schema\\\/logo\\\/image\\\/\"},\"sameAs\":[\"https:\\\/\\\/www.facebook.com\\\/demistrecordsnl\",\"https:\\\/\\\/x.com\\\/deathroo1\",\"https:\\\/\\\/www.instagram.com\\\/demist_records\\\/\"]}]}<\/script>\n<!-- \/ Yoast SEO plugin. -->","yoast_head_json":{"title":"The Depth Beneath Us - The depth beneath us","description":"Amerikaanse postrock\/shoegaze band uit Harrisburg, PA. Releasedatum: 2 december 2022 Komt als 180grams zwarte dubbel-LP in een gelimiteerde oplage van slechts 200 stuks  Dit betreft een pre-order, levering wordt verwacht medio juli 2023.  ** Let op, de afbeelding is een mockup ter illustratie, het geleverde album zal er iets anders uit zien.","robots":{"index":"index","follow":"follow","max-snippet":"max-snippet:-1","max-image-preview":"max-image-preview:large","max-video-preview":"max-video-preview:-1"},"canonical":"https:\/\/demistrecords.nl\/de\/produkt\/the-depth-beneath-us-the-depth-beneath-us\/","og_locale":"de_DE","og_type":"article","og_title":"The Depth Beneath Us - The depth beneath us","og_description":"Amerikaanse postrock\/shoegaze band uit Harrisburg, PA. Releasedatum: 2 december 2022 Komt als 180grams zwarte dubbel-LP in een gelimiteerde oplage van slechts 200 stuks  Dit betreft een pre-order, levering wordt verwacht medio juli 2023.  ** Let op, de afbeelding is een mockup ter illustratie, het geleverde album zal er iets anders uit zien.","og_url":"https:\/\/demistrecords.nl\/de\/produkt\/the-depth-beneath-us-the-depth-beneath-us\/","og_site_name":"De Mist Records","article_publisher":"https:\/\/www.facebook.com\/demistrecordsnl","article_modified_time":"2024-04-23T20:07:22+00:00","og_image":[{"width":2120,"height":2120,"url":"https:\/\/demistrecords.nl\/wp-content\/uploads\/2022\/12\/The-Depth-Beneath-Us-The-depth-beneath-us.jpg","type":"image\/jpeg"}],"twitter_card":"summary_large_image","twitter_site":"@deathroo1","twitter_misc":{"Gesch\u00e4tzte Lesezeit":"1\u00a0Minute"},"schema":{"@context":"https:\/\/schema.org","@graph":[{"@type":["WebPage","ItemPage"],"@id":"https:\/\/demistrecords.nl\/product\/the-depth-beneath-us-the-depth-beneath-us\/","url":"https:\/\/demistrecords.nl\/product\/the-depth-beneath-us-the-depth-beneath-us\/","name":"The Depth Beneath Us - The depth beneath us","isPartOf":{"@id":"https:\/\/demistrecords.nl\/#website"},"primaryImageOfPage":{"@id":"https:\/\/demistrecords.nl\/product\/the-depth-beneath-us-the-depth-beneath-us\/#primaryimage"},"image":{"@id":"https:\/\/demistrecords.nl\/product\/the-depth-beneath-us-the-depth-beneath-us\/#primaryimage"},"thumbnailUrl":"https:\/\/demistrecords.nl\/wp-content\/uploads\/2022\/12\/The-Depth-Beneath-Us-The-depth-beneath-us.jpg","datePublished":"2022-12-28T15:27:09+00:00","dateModified":"2024-04-23T20:07:22+00:00","description":"Amerikaanse postrock\/shoegaze band uit Harrisburg, PA. Releasedatum: 2 december 2022 Komt als 180grams zwarte dubbel-LP in een gelimiteerde oplage van slechts 200 stuks Dit betreft een pre-order, levering wordt verwacht medio juli 2023. ** Let op, de afbeelding is een mockup ter illustratie, het geleverde album zal er iets anders uit zien.","breadcrumb":{"@id":"https:\/\/demistrecords.nl\/product\/the-depth-beneath-us-the-depth-beneath-us\/#breadcrumb"},"inLanguage":"de","potentialAction":[{"@type":"ReadAction","target":["https:\/\/demistrecords.nl\/product\/the-depth-beneath-us-the-depth-beneath-us\/"]}]},{"@type":"ImageObject","inLanguage":"de","@id":"https:\/\/demistrecords.nl\/product\/the-depth-beneath-us-the-depth-beneath-us\/#primaryimage","url":"https:\/\/demistrecords.nl\/wp-content\/uploads\/2022\/12\/The-Depth-Beneath-Us-The-depth-beneath-us.jpg","contentUrl":"https:\/\/demistrecords.nl\/wp-content\/uploads\/2022\/12\/The-Depth-Beneath-Us-The-depth-beneath-us.jpg","width":2120,"height":2120},{"@type":"BreadcrumbList","@id":"https:\/\/demistrecords.nl\/product\/the-depth-beneath-us-the-depth-beneath-us\/#breadcrumb","itemListElement":[{"@type":"ListItem","position":1,"name":"Home","item":"https:\/\/demistrecords.nl\/"},{"@type":"ListItem","position":2,"name":"Shop","item":"https:\/\/demistrecords.nl\/shop\/"},{"@type":"ListItem","position":3,"name":"The Depth Beneath Us &#8211; The depth beneath us"}]},{"@type":"WebSite","@id":"https:\/\/demistrecords.nl\/#website","url":"https:\/\/demistrecords.nl\/","name":"De Mist Records","description":"Post-rock and related music","publisher":{"@id":"https:\/\/demistrecords.nl\/#organization"},"potentialAction":[{"@type":"SearchAction","target":{"@type":"EntryPoint","urlTemplate":"https:\/\/demistrecords.nl\/?s={search_term_string}"},"query-input":{"@type":"PropertyValueSpecification","valueRequired":true,"valueName":"search_term_string"}}],"inLanguage":"de"},{"@type":"Organization","@id":"https:\/\/demistrecords.nl\/#organization","name":"De Mist Records","url":"https:\/\/demistrecords.nl\/","logo":{"@type":"ImageObject","inLanguage":"de","@id":"https:\/\/demistrecords.nl\/#\/schema\/logo\/image\/","url":"https:\/\/demistrecords.nl\/wp-content\/uploads\/2020\/12\/logo-de-mist-records-rond.png","contentUrl":"https:\/\/demistrecords.nl\/wp-content\/uploads\/2020\/12\/logo-de-mist-records-rond.png","width":500,"height":500,"caption":"De Mist Records"},"image":{"@id":"https:\/\/demistrecords.nl\/#\/schema\/logo\/image\/"},"sameAs":["https:\/\/www.facebook.com\/demistrecordsnl","https:\/\/x.com\/deathroo1","https:\/\/www.instagram.com\/demist_records\/"]}]}},"_links":{"self":[{"href":"https:\/\/demistrecords.nl\/de\/wp-json\/wp\/v2\/product\/1676","targetHints":{"allow":["GET"]}}],"collection":[{"href":"https:\/\/demistrecords.nl\/de\/wp-json\/wp\/v2\/product"}],"about":[{"href":"https:\/\/demistrecords.nl\/de\/wp-json\/wp\/v2\/types\/product"}],"replies":[{"embeddable":true,"href":"https:\/\/demistrecords.nl\/de\/wp-json\/wp\/v2\/comments?post=1676"}],"wp:featuredmedia":[{"embeddable":true,"href":"https:\/\/demistrecords.nl\/de\/wp-json\/wp\/v2\/media\/1677"}],"wp:attachment":[{"href":"https:\/\/demistrecords.nl\/de\/wp-json\/wp\/v2\/media?parent=1676"}],"wp:term":[{"taxonomy":"product_brand","embeddable":true,"href":"https:\/\/demistrecords.nl\/de\/wp-json\/wp\/v2\/product_brand?post=1676"},{"taxonomy":"product_cat","embeddable":true,"href":"https:\/\/demistrecords.nl\/de\/wp-json\/wp\/v2\/product_cat?post=1676"},{"taxonomy":"product_tag","embeddable":true,"href":"https:\/\/demistrecords.nl\/de\/wp-json\/wp\/v2\/product_tag?post=1676"}],"curies":[{"name":"wp","href":"https:\/\/api.w.org\/{rel}","templated":true}]}}