{"id":168,"date":"2020-12-21T13:06:54","date_gmt":"2020-12-21T12:06:54","guid":{"rendered":"https:\/\/demistrecords.nl\/?post_type=product&#038;p=168"},"modified":"2022-02-21T18:04:43","modified_gmt":"2022-02-21T17:04:43","slug":"russian-circles-live-at-dunkfest-2016","status":"publish","type":"product","link":"https:\/\/demistrecords.nl\/de\/produkt\/russian-circles-live-at-dunkfest-2016\/","title":{"rendered":"Russian Circles &#8211; Live at Dunk!fest 2016"},"content":{"rendered":"<p><iframe style=\"border: 0; width: 100%; height: 42px;\" src=\"https:\/\/bandcamp.com\/EmbeddedPlayer\/album=625962710\/size=small\/bgcol=333333\/linkcol=0f91ff\/transparent=true\/\" seamless=\"\"><a href=\"https:\/\/russiancircles.bandcamp.com\/album\/live-at-dunk-fest\">Live at Dunk! Fest by Russian Circles<\/a><\/iframe><\/p>","protected":false},"excerpt":{"rendered":"<p>Live-Registrierung der Auff\u00fchrung von Russian Circles beim Dunk! Fest im Jahr 2016. Diese EU-Ausgabe wurde im April 2020 zum zweiten Mal ver\u00f6ffentlicht, nachdem die erste Ausgabe von 2017 vollst\u00e4ndig ausverkauft war. Diese Doppel-LP ist auf 180 g milchigem Klarlack mit orangefarbenem Vinyl gedruckt und wird in einem Gatefold-Cover geliefert. Die Fotos wurden w\u00e4hrend des denkw\u00fcrdigen Konzerts aufgenommen, das diese Chicagoer Band damals beim Dunk! Fest gab. Eine eindeutige Registrierung, die in Ihrem Archiv nicht fehlen sollte.<\/p>","protected":false},"featured_media":80,"comment_status":"closed","ping_status":"closed","template":"","meta":[],"product_brand":[],"product_cat":[16],"product_tag":[26,28],"class_list":{"0":"post-168","1":"product","2":"type-product","3":"status-publish","4":"has-post-thumbnail","6":"product_cat-vinyl-12-2xlp","7":"product_tag-post-metal","8":"product_tag-post-rock","10":"first","11":"outofstock","12":"taxable","13":"shipping-taxable","14":"purchasable","15":"product-type-simple"},"yoast_head":"<!-- This site is optimized with the Yoast SEO plugin v27.3 - https:\/\/yoast.com\/product\/yoast-seo-wordpress\/ -->\n<title>Russian Circles - Live at Dunk!fest 2016<\/title>\n<meta name=\"description\" content=\"Live registratie van het optreden van Russian Circles op Dunk!fest in 2016. Deze EU-editie is voor de tweede keer uitgebracht in april van 2020, nadat de eerste editie uit 2017 volledig was uitverkocht. Deze dubbel LP is gedrukt op 180gr. milky clear with orange touch vinyl en wordt geleverd in een gatefold cover. De foto&#039;s zijn gemaakt tijdens het memorabele concert dat deze band uit Chicago destijds op Dunk!fest gaf. Een unieke registratie die niet in je platenkast mag ontbreken.\" \/>\n<meta name=\"robots\" content=\"index, follow, max-snippet:-1, max-image-preview:large, max-video-preview:-1\" \/>\n<link rel=\"canonical\" href=\"https:\/\/demistrecords.nl\/de\/produkt\/russian-circles-live-at-dunkfest-2016\/\" \/>\n<meta property=\"og:locale\" content=\"de_DE\" \/>\n<meta property=\"og:type\" content=\"article\" \/>\n<meta property=\"og:title\" content=\"Russian Circles - Live at Dunk!fest 2016\" \/>\n<meta property=\"og:description\" content=\"Live registratie van het optreden van Russian Circles op Dunk!fest in 2016. Deze EU-editie is voor de tweede keer uitgebracht in april van 2020, nadat de eerste editie uit 2017 volledig was uitverkocht. Deze dubbel LP is gedrukt op 180gr. milky clear with orange touch vinyl en wordt geleverd in een gatefold cover. De foto&#039;s zijn gemaakt tijdens het memorabele concert dat deze band uit Chicago destijds op Dunk!fest gaf. Een unieke registratie die niet in je platenkast mag ontbreken.\" \/>\n<meta property=\"og:url\" content=\"https:\/\/demistrecords.nl\/de\/produkt\/russian-circles-live-at-dunkfest-2016\/\" \/>\n<meta property=\"og:site_name\" content=\"De Mist Records\" \/>\n<meta property=\"article:publisher\" content=\"https:\/\/www.facebook.com\/demistrecordsnl\" \/>\n<meta property=\"article:modified_time\" content=\"2022-02-21T17:04:43+00:00\" \/>\n<meta property=\"og:image\" content=\"https:\/\/demistrecords.nl\/wp-content\/uploads\/2020\/12\/russian-circles-live-at-dunk-fest-2016-Milky-clear-with-orange.jpg\" \/>\n\t<meta property=\"og:image:width\" content=\"1800\" \/>\n\t<meta property=\"og:image:height\" content=\"1800\" \/>\n\t<meta property=\"og:image:type\" content=\"image\/jpeg\" \/>\n<meta name=\"twitter:card\" content=\"summary_large_image\" \/>\n<meta name=\"twitter:site\" content=\"@deathroo1\" \/>\n<script type=\"application\/ld+json\" class=\"yoast-schema-graph\">{\"@context\":\"https:\\\/\\\/schema.org\",\"@graph\":[{\"@type\":[\"WebPage\",\"ItemPage\"],\"@id\":\"https:\\\/\\\/demistrecords.nl\\\/en\\\/product\\\/russian-circles-live-at-dunkfest-2016\\\/\",\"url\":\"https:\\\/\\\/demistrecords.nl\\\/en\\\/product\\\/russian-circles-live-at-dunkfest-2016\\\/\",\"name\":\"Russian Circles - Live at Dunk!fest 2016\",\"isPartOf\":{\"@id\":\"https:\\\/\\\/demistrecords.nl\\\/#website\"},\"primaryImageOfPage\":{\"@id\":\"https:\\\/\\\/demistrecords.nl\\\/en\\\/product\\\/russian-circles-live-at-dunkfest-2016\\\/#primaryimage\"},\"image\":{\"@id\":\"https:\\\/\\\/demistrecords.nl\\\/en\\\/product\\\/russian-circles-live-at-dunkfest-2016\\\/#primaryimage\"},\"thumbnailUrl\":\"https:\\\/\\\/demistrecords.nl\\\/wp-content\\\/uploads\\\/2020\\\/12\\\/russian-circles-live-at-dunk-fest-2016-Milky-clear-with-orange.jpg\",\"datePublished\":\"2020-12-21T12:06:54+00:00\",\"dateModified\":\"2022-02-21T17:04:43+00:00\",\"description\":\"Live registratie van het optreden van Russian Circles op Dunk!fest in 2016. Deze EU-editie is voor de tweede keer uitgebracht in april van 2020, nadat de eerste editie uit 2017 volledig was uitverkocht. Deze dubbel LP is gedrukt op 180gr. milky clear with orange touch vinyl en wordt geleverd in een gatefold cover. De foto's zijn gemaakt tijdens het memorabele concert dat deze band uit Chicago destijds op Dunk!fest gaf. Een unieke registratie die niet in je platenkast mag ontbreken.\",\"breadcrumb\":{\"@id\":\"https:\\\/\\\/demistrecords.nl\\\/en\\\/product\\\/russian-circles-live-at-dunkfest-2016\\\/#breadcrumb\"},\"inLanguage\":\"de\",\"potentialAction\":[{\"@type\":\"ReadAction\",\"target\":[\"https:\\\/\\\/demistrecords.nl\\\/en\\\/product\\\/russian-circles-live-at-dunkfest-2016\\\/\"]}]},{\"@type\":\"ImageObject\",\"inLanguage\":\"de\",\"@id\":\"https:\\\/\\\/demistrecords.nl\\\/en\\\/product\\\/russian-circles-live-at-dunkfest-2016\\\/#primaryimage\",\"url\":\"https:\\\/\\\/demistrecords.nl\\\/wp-content\\\/uploads\\\/2020\\\/12\\\/russian-circles-live-at-dunk-fest-2016-Milky-clear-with-orange.jpg\",\"contentUrl\":\"https:\\\/\\\/demistrecords.nl\\\/wp-content\\\/uploads\\\/2020\\\/12\\\/russian-circles-live-at-dunk-fest-2016-Milky-clear-with-orange.jpg\",\"width\":1800,\"height\":1800},{\"@type\":\"BreadcrumbList\",\"@id\":\"https:\\\/\\\/demistrecords.nl\\\/en\\\/product\\\/russian-circles-live-at-dunkfest-2016\\\/#breadcrumb\",\"itemListElement\":[{\"@type\":\"ListItem\",\"position\":1,\"name\":\"Home\",\"item\":\"https:\\\/\\\/demistrecords.nl\\\/\"},{\"@type\":\"ListItem\",\"position\":2,\"name\":\"Shop\",\"item\":\"https:\\\/\\\/demistrecords.nl\\\/shop\\\/\"},{\"@type\":\"ListItem\",\"position\":3,\"name\":\"Russian Circles &#8211; Live at Dunk!fest 2016\"}]},{\"@type\":\"WebSite\",\"@id\":\"https:\\\/\\\/demistrecords.nl\\\/#website\",\"url\":\"https:\\\/\\\/demistrecords.nl\\\/\",\"name\":\"De Mist Records\",\"description\":\"Post-rock and related music\",\"publisher\":{\"@id\":\"https:\\\/\\\/demistrecords.nl\\\/#organization\"},\"potentialAction\":[{\"@type\":\"SearchAction\",\"target\":{\"@type\":\"EntryPoint\",\"urlTemplate\":\"https:\\\/\\\/demistrecords.nl\\\/?s={search_term_string}\"},\"query-input\":{\"@type\":\"PropertyValueSpecification\",\"valueRequired\":true,\"valueName\":\"search_term_string\"}}],\"inLanguage\":\"de\"},{\"@type\":\"Organization\",\"@id\":\"https:\\\/\\\/demistrecords.nl\\\/#organization\",\"name\":\"De Mist Records\",\"url\":\"https:\\\/\\\/demistrecords.nl\\\/\",\"logo\":{\"@type\":\"ImageObject\",\"inLanguage\":\"de\",\"@id\":\"https:\\\/\\\/demistrecords.nl\\\/#\\\/schema\\\/logo\\\/image\\\/\",\"url\":\"https:\\\/\\\/demistrecords.nl\\\/wp-content\\\/uploads\\\/2020\\\/12\\\/logo-de-mist-records-rond.png\",\"contentUrl\":\"https:\\\/\\\/demistrecords.nl\\\/wp-content\\\/uploads\\\/2020\\\/12\\\/logo-de-mist-records-rond.png\",\"width\":500,\"height\":500,\"caption\":\"De Mist Records\"},\"image\":{\"@id\":\"https:\\\/\\\/demistrecords.nl\\\/#\\\/schema\\\/logo\\\/image\\\/\"},\"sameAs\":[\"https:\\\/\\\/www.facebook.com\\\/demistrecordsnl\",\"https:\\\/\\\/x.com\\\/deathroo1\",\"https:\\\/\\\/www.instagram.com\\\/demist_records\\\/\"]}]}<\/script>\n<!-- \/ Yoast SEO plugin. -->","yoast_head_json":{"title":"Russian Circles - Live at Dunk!fest 2016","description":"Live registratie van het optreden van Russian Circles op Dunk!fest in 2016. Deze EU-editie is voor de tweede keer uitgebracht in april van 2020, nadat de eerste editie uit 2017 volledig was uitverkocht. Deze dubbel LP is gedrukt op 180gr. milky clear with orange touch vinyl en wordt geleverd in een gatefold cover. De foto's zijn gemaakt tijdens het memorabele concert dat deze band uit Chicago destijds op Dunk!fest gaf. Een unieke registratie die niet in je platenkast mag ontbreken.","robots":{"index":"index","follow":"follow","max-snippet":"max-snippet:-1","max-image-preview":"max-image-preview:large","max-video-preview":"max-video-preview:-1"},"canonical":"https:\/\/demistrecords.nl\/de\/produkt\/russian-circles-live-at-dunkfest-2016\/","og_locale":"de_DE","og_type":"article","og_title":"Russian Circles - Live at Dunk!fest 2016","og_description":"Live registratie van het optreden van Russian Circles op Dunk!fest in 2016. Deze EU-editie is voor de tweede keer uitgebracht in april van 2020, nadat de eerste editie uit 2017 volledig was uitverkocht. Deze dubbel LP is gedrukt op 180gr. milky clear with orange touch vinyl en wordt geleverd in een gatefold cover. De foto's zijn gemaakt tijdens het memorabele concert dat deze band uit Chicago destijds op Dunk!fest gaf. Een unieke registratie die niet in je platenkast mag ontbreken.","og_url":"https:\/\/demistrecords.nl\/de\/produkt\/russian-circles-live-at-dunkfest-2016\/","og_site_name":"De Mist Records","article_publisher":"https:\/\/www.facebook.com\/demistrecordsnl","article_modified_time":"2022-02-21T17:04:43+00:00","og_image":[{"width":1800,"height":1800,"url":"https:\/\/demistrecords.nl\/wp-content\/uploads\/2020\/12\/russian-circles-live-at-dunk-fest-2016-Milky-clear-with-orange.jpg","type":"image\/jpeg"}],"twitter_card":"summary_large_image","twitter_site":"@deathroo1","schema":{"@context":"https:\/\/schema.org","@graph":[{"@type":["WebPage","ItemPage"],"@id":"https:\/\/demistrecords.nl\/en\/product\/russian-circles-live-at-dunkfest-2016\/","url":"https:\/\/demistrecords.nl\/en\/product\/russian-circles-live-at-dunkfest-2016\/","name":"Russian Circles - Live at Dunk!fest 2016","isPartOf":{"@id":"https:\/\/demistrecords.nl\/#website"},"primaryImageOfPage":{"@id":"https:\/\/demistrecords.nl\/en\/product\/russian-circles-live-at-dunkfest-2016\/#primaryimage"},"image":{"@id":"https:\/\/demistrecords.nl\/en\/product\/russian-circles-live-at-dunkfest-2016\/#primaryimage"},"thumbnailUrl":"https:\/\/demistrecords.nl\/wp-content\/uploads\/2020\/12\/russian-circles-live-at-dunk-fest-2016-Milky-clear-with-orange.jpg","datePublished":"2020-12-21T12:06:54+00:00","dateModified":"2022-02-21T17:04:43+00:00","description":"Live registratie van het optreden van Russian Circles op Dunk!fest in 2016. Deze EU-editie is voor de tweede keer uitgebracht in april van 2020, nadat de eerste editie uit 2017 volledig was uitverkocht. Deze dubbel LP is gedrukt op 180gr. milky clear with orange touch vinyl en wordt geleverd in een gatefold cover. De foto's zijn gemaakt tijdens het memorabele concert dat deze band uit Chicago destijds op Dunk!fest gaf. Een unieke registratie die niet in je platenkast mag ontbreken.","breadcrumb":{"@id":"https:\/\/demistrecords.nl\/en\/product\/russian-circles-live-at-dunkfest-2016\/#breadcrumb"},"inLanguage":"de","potentialAction":[{"@type":"ReadAction","target":["https:\/\/demistrecords.nl\/en\/product\/russian-circles-live-at-dunkfest-2016\/"]}]},{"@type":"ImageObject","inLanguage":"de","@id":"https:\/\/demistrecords.nl\/en\/product\/russian-circles-live-at-dunkfest-2016\/#primaryimage","url":"https:\/\/demistrecords.nl\/wp-content\/uploads\/2020\/12\/russian-circles-live-at-dunk-fest-2016-Milky-clear-with-orange.jpg","contentUrl":"https:\/\/demistrecords.nl\/wp-content\/uploads\/2020\/12\/russian-circles-live-at-dunk-fest-2016-Milky-clear-with-orange.jpg","width":1800,"height":1800},{"@type":"BreadcrumbList","@id":"https:\/\/demistrecords.nl\/en\/product\/russian-circles-live-at-dunkfest-2016\/#breadcrumb","itemListElement":[{"@type":"ListItem","position":1,"name":"Home","item":"https:\/\/demistrecords.nl\/"},{"@type":"ListItem","position":2,"name":"Shop","item":"https:\/\/demistrecords.nl\/shop\/"},{"@type":"ListItem","position":3,"name":"Russian Circles &#8211; Live at Dunk!fest 2016"}]},{"@type":"WebSite","@id":"https:\/\/demistrecords.nl\/#website","url":"https:\/\/demistrecords.nl\/","name":"De Mist Records","description":"Post-rock and related music","publisher":{"@id":"https:\/\/demistrecords.nl\/#organization"},"potentialAction":[{"@type":"SearchAction","target":{"@type":"EntryPoint","urlTemplate":"https:\/\/demistrecords.nl\/?s={search_term_string}"},"query-input":{"@type":"PropertyValueSpecification","valueRequired":true,"valueName":"search_term_string"}}],"inLanguage":"de"},{"@type":"Organization","@id":"https:\/\/demistrecords.nl\/#organization","name":"De Mist Records","url":"https:\/\/demistrecords.nl\/","logo":{"@type":"ImageObject","inLanguage":"de","@id":"https:\/\/demistrecords.nl\/#\/schema\/logo\/image\/","url":"https:\/\/demistrecords.nl\/wp-content\/uploads\/2020\/12\/logo-de-mist-records-rond.png","contentUrl":"https:\/\/demistrecords.nl\/wp-content\/uploads\/2020\/12\/logo-de-mist-records-rond.png","width":500,"height":500,"caption":"De Mist Records"},"image":{"@id":"https:\/\/demistrecords.nl\/#\/schema\/logo\/image\/"},"sameAs":["https:\/\/www.facebook.com\/demistrecordsnl","https:\/\/x.com\/deathroo1","https:\/\/www.instagram.com\/demist_records\/"]}]}},"_links":{"self":[{"href":"https:\/\/demistrecords.nl\/de\/wp-json\/wp\/v2\/product\/168","targetHints":{"allow":["GET"]}}],"collection":[{"href":"https:\/\/demistrecords.nl\/de\/wp-json\/wp\/v2\/product"}],"about":[{"href":"https:\/\/demistrecords.nl\/de\/wp-json\/wp\/v2\/types\/product"}],"replies":[{"embeddable":true,"href":"https:\/\/demistrecords.nl\/de\/wp-json\/wp\/v2\/comments?post=168"}],"wp:featuredmedia":[{"embeddable":true,"href":"https:\/\/demistrecords.nl\/de\/wp-json\/wp\/v2\/media\/80"}],"wp:attachment":[{"href":"https:\/\/demistrecords.nl\/de\/wp-json\/wp\/v2\/media?parent=168"}],"wp:term":[{"taxonomy":"product_brand","embeddable":true,"href":"https:\/\/demistrecords.nl\/de\/wp-json\/wp\/v2\/product_brand?post=168"},{"taxonomy":"product_cat","embeddable":true,"href":"https:\/\/demistrecords.nl\/de\/wp-json\/wp\/v2\/product_cat?post=168"},{"taxonomy":"product_tag","embeddable":true,"href":"https:\/\/demistrecords.nl\/de\/wp-json\/wp\/v2\/product_tag?post=168"}],"curies":[{"name":"wp","href":"https:\/\/api.w.org\/{rel}","templated":true}]}}