{"id":169,"date":"2020-12-21T13:35:11","date_gmt":"2020-12-21T12:35:11","guid":{"rendered":"https:\/\/demistrecords.nl\/?post_type=product&#038;p=169"},"modified":"2025-07-30T16:42:53","modified_gmt":"2025-07-30T14:42:53","slug":"we-lost-the-sea-triumph-disaster","status":"publish","type":"product","link":"https:\/\/demistrecords.nl\/de\/produkt\/we-lost-the-sea-triumph-disaster\/","title":{"rendered":"We Lost The Sea &#8211; Triumph &#038; Disaster"},"content":{"rendered":"<p><iframe style=\"border: 0; width: 100%; height: 42px;\" src=\"https:\/\/bandcamp.com\/EmbeddedPlayer\/album=843170072\/size=small\/bgcol=333333\/linkcol=0f91ff\/transparent=true\/\" seamless=\"\"><a href=\"https:\/\/welostthesea.bandcamp.com\/album\/triumph-disaster\">Triumph &amp; Disaster by We Lost The Sea<\/a><\/iframe><\/p>","protected":false},"excerpt":{"rendered":"<p>Dies ist der Nachfolger des gro\u00dfartigen Albums Departure Songs aus dem Jahr 2015. Triumph &amp; Disaster wurde im April 2019 ver\u00f6ffentlicht und befindet sich bereits in der zweiten Auflage. Dies kommt als 180gr Vinyl in Orange \/ Lila Splatter auf klarem Vinyl und enth\u00e4lt eine hochwertige Brosch\u00fcre mit Text und Bildern \u00fcber die Geschichte dieses Albums.<\/p>\n<p>Weltweit wurden nur 1000 Einheiten hergestellt und diese Version ist ebenfalls schnell ausverkauft. Seien Sie also schnell, bevor sie nicht mehr verf\u00fcgbar sind.<\/p>","protected":false},"featured_media":86,"comment_status":"closed","ping_status":"closed","template":"","meta":[],"product_brand":[],"product_cat":[16],"product_tag":[26,28],"class_list":{"0":"post-169","1":"product","2":"type-product","3":"status-publish","4":"has-post-thumbnail","6":"product_cat-vinyl-12-2xlp","7":"product_tag-post-metal","8":"product_tag-post-rock","10":"first","11":"outofstock","12":"taxable","13":"shipping-taxable","14":"purchasable","15":"product-type-simple"},"bundled_by":[],"bundle_stock_status":"outofstock","bundle_stock_quantity":0,"bundle_virtual":false,"bundle_layout":"","bundle_add_to_cart_form_location":"","bundle_editable_in_cart":false,"bundle_sold_individually_context":"","bundle_item_grouping":"","bundle_min_size":"","bundle_max_size":"","bundle_price":[],"bundled_items":[],"bundle_sell_ids":[],"yoast_head":"<!-- This site is optimized with the Yoast SEO plugin v27.4 - https:\/\/yoast.com\/product\/yoast-seo-wordpress\/ -->\n<title>We Lost The Sea - Triumph &amp; Disaster<\/title>\n<meta name=\"description\" content=\"Dit is de opvolger van het geweldige album Departure Songs uit 2015. Triumph &amp; Disaster verscheen in april van 2019 en is al bezig aan zijn tweede persing. Deze wordt geleverd op 180gr. vinyl in orange\/purple splatter op helder vinyl en bevat een hoog kwaliteit boekwerk met tekst en afbeeldingen over het verhaal van dit album.  Wereldwijd zijn er slecht 1000 stuks van gemaakt en ook deze versie raakt al snel uitverkocht. Wees er dus snel bij voordat hij niet meer leverbaar al zijn.\" \/>\n<meta name=\"robots\" content=\"index, follow, max-snippet:-1, max-image-preview:large, max-video-preview:-1\" \/>\n<link rel=\"canonical\" href=\"https:\/\/demistrecords.nl\/de\/produkt\/we-lost-the-sea-triumph-disaster\/\" \/>\n<meta property=\"og:locale\" content=\"de_DE\" \/>\n<meta property=\"og:type\" content=\"article\" \/>\n<meta property=\"og:title\" content=\"We Lost The Sea - Triumph &amp; Disaster\" \/>\n<meta property=\"og:description\" content=\"Dit is de opvolger van het geweldige album Departure Songs uit 2015. Triumph &amp; Disaster verscheen in april van 2019 en is al bezig aan zijn tweede persing. Deze wordt geleverd op 180gr. vinyl in orange\/purple splatter op helder vinyl en bevat een hoog kwaliteit boekwerk met tekst en afbeeldingen over het verhaal van dit album.  Wereldwijd zijn er slecht 1000 stuks van gemaakt en ook deze versie raakt al snel uitverkocht. Wees er dus snel bij voordat hij niet meer leverbaar al zijn.\" \/>\n<meta property=\"og:url\" content=\"https:\/\/demistrecords.nl\/de\/produkt\/we-lost-the-sea-triumph-disaster\/\" \/>\n<meta property=\"og:site_name\" content=\"De Mist Records\" \/>\n<meta property=\"article:publisher\" content=\"https:\/\/www.facebook.com\/demistrecordsnl\" \/>\n<meta property=\"article:modified_time\" content=\"2025-07-30T14:42:53+00:00\" \/>\n<meta property=\"og:image\" content=\"https:\/\/demistrecords.nl\/wp-content\/uploads\/2020\/12\/We-Lost-The-Sea-Triumph-Disaster.jpg\" \/>\n\t<meta property=\"og:image:width\" content=\"1471\" \/>\n\t<meta property=\"og:image:height\" content=\"1471\" \/>\n\t<meta property=\"og:image:type\" content=\"image\/jpeg\" \/>\n<meta name=\"twitter:card\" content=\"summary_large_image\" \/>\n<meta name=\"twitter:site\" content=\"@deathroo1\" \/>\n<meta name=\"twitter:label1\" content=\"Gesch\u00e4tzte Lesezeit\" \/>\n\t<meta name=\"twitter:data1\" content=\"1\u00a0Minute\" \/>\n<script type=\"application\/ld+json\" class=\"yoast-schema-graph\">{\"@context\":\"https:\\\/\\\/schema.org\",\"@graph\":[{\"@type\":[\"WebPage\",\"ItemPage\"],\"@id\":\"https:\\\/\\\/demistrecords.nl\\\/product\\\/we-lost-the-sea-triumph-disaster\\\/\",\"url\":\"https:\\\/\\\/demistrecords.nl\\\/product\\\/we-lost-the-sea-triumph-disaster\\\/\",\"name\":\"We Lost The Sea - Triumph & Disaster\",\"isPartOf\":{\"@id\":\"https:\\\/\\\/demistrecords.nl\\\/#website\"},\"primaryImageOfPage\":{\"@id\":\"https:\\\/\\\/demistrecords.nl\\\/product\\\/we-lost-the-sea-triumph-disaster\\\/#primaryimage\"},\"image\":{\"@id\":\"https:\\\/\\\/demistrecords.nl\\\/product\\\/we-lost-the-sea-triumph-disaster\\\/#primaryimage\"},\"thumbnailUrl\":\"https:\\\/\\\/demistrecords.nl\\\/wp-content\\\/uploads\\\/2020\\\/12\\\/We-Lost-The-Sea-Triumph-Disaster.jpg\",\"datePublished\":\"2020-12-21T12:35:11+00:00\",\"dateModified\":\"2025-07-30T14:42:53+00:00\",\"description\":\"Dit is de opvolger van het geweldige album Departure Songs uit 2015. Triumph &amp; Disaster verscheen in april van 2019 en is al bezig aan zijn tweede persing. Deze wordt geleverd op 180gr. vinyl in orange\\\/purple splatter op helder vinyl en bevat een hoog kwaliteit boekwerk met tekst en afbeeldingen over het verhaal van dit album. Wereldwijd zijn er slecht 1000 stuks van gemaakt en ook deze versie raakt al snel uitverkocht. Wees er dus snel bij voordat hij niet meer leverbaar al zijn.\",\"breadcrumb\":{\"@id\":\"https:\\\/\\\/demistrecords.nl\\\/product\\\/we-lost-the-sea-triumph-disaster\\\/#breadcrumb\"},\"inLanguage\":\"de\",\"potentialAction\":[{\"@type\":\"ReadAction\",\"target\":[\"https:\\\/\\\/demistrecords.nl\\\/product\\\/we-lost-the-sea-triumph-disaster\\\/\"]}]},{\"@type\":\"ImageObject\",\"inLanguage\":\"de\",\"@id\":\"https:\\\/\\\/demistrecords.nl\\\/product\\\/we-lost-the-sea-triumph-disaster\\\/#primaryimage\",\"url\":\"https:\\\/\\\/demistrecords.nl\\\/wp-content\\\/uploads\\\/2020\\\/12\\\/We-Lost-The-Sea-Triumph-Disaster.jpg\",\"contentUrl\":\"https:\\\/\\\/demistrecords.nl\\\/wp-content\\\/uploads\\\/2020\\\/12\\\/We-Lost-The-Sea-Triumph-Disaster.jpg\",\"width\":1471,\"height\":1471},{\"@type\":\"BreadcrumbList\",\"@id\":\"https:\\\/\\\/demistrecords.nl\\\/product\\\/we-lost-the-sea-triumph-disaster\\\/#breadcrumb\",\"itemListElement\":[{\"@type\":\"ListItem\",\"position\":1,\"name\":\"Home\",\"item\":\"https:\\\/\\\/demistrecords.nl\\\/\"},{\"@type\":\"ListItem\",\"position\":2,\"name\":\"Shop\",\"item\":\"https:\\\/\\\/demistrecords.nl\\\/shop\\\/\"},{\"@type\":\"ListItem\",\"position\":3,\"name\":\"We Lost The Sea &#8211; Triumph &#038; Disaster\"}]},{\"@type\":\"WebSite\",\"@id\":\"https:\\\/\\\/demistrecords.nl\\\/#website\",\"url\":\"https:\\\/\\\/demistrecords.nl\\\/\",\"name\":\"De Mist Records\",\"description\":\"Post-rock and related music\",\"publisher\":{\"@id\":\"https:\\\/\\\/demistrecords.nl\\\/#organization\"},\"potentialAction\":[{\"@type\":\"SearchAction\",\"target\":{\"@type\":\"EntryPoint\",\"urlTemplate\":\"https:\\\/\\\/demistrecords.nl\\\/?s={search_term_string}\"},\"query-input\":{\"@type\":\"PropertyValueSpecification\",\"valueRequired\":true,\"valueName\":\"search_term_string\"}}],\"inLanguage\":\"de\"},{\"@type\":\"Organization\",\"@id\":\"https:\\\/\\\/demistrecords.nl\\\/#organization\",\"name\":\"De Mist Records\",\"url\":\"https:\\\/\\\/demistrecords.nl\\\/\",\"logo\":{\"@type\":\"ImageObject\",\"inLanguage\":\"de\",\"@id\":\"https:\\\/\\\/demistrecords.nl\\\/#\\\/schema\\\/logo\\\/image\\\/\",\"url\":\"https:\\\/\\\/demistrecords.nl\\\/wp-content\\\/uploads\\\/2020\\\/12\\\/logo-de-mist-records-rond.png\",\"contentUrl\":\"https:\\\/\\\/demistrecords.nl\\\/wp-content\\\/uploads\\\/2020\\\/12\\\/logo-de-mist-records-rond.png\",\"width\":500,\"height\":500,\"caption\":\"De Mist Records\"},\"image\":{\"@id\":\"https:\\\/\\\/demistrecords.nl\\\/#\\\/schema\\\/logo\\\/image\\\/\"},\"sameAs\":[\"https:\\\/\\\/www.facebook.com\\\/demistrecordsnl\",\"https:\\\/\\\/x.com\\\/deathroo1\",\"https:\\\/\\\/www.instagram.com\\\/demist_records\\\/\"]}]}<\/script>\n<!-- \/ Yoast SEO plugin. -->","yoast_head_json":{"title":"We Lost The Sea - Triumph & Disaster","description":"Dit is de opvolger van het geweldige album Departure Songs uit 2015. Triumph &amp; Disaster verscheen in april van 2019 en is al bezig aan zijn tweede persing. Deze wordt geleverd op 180gr. vinyl in orange\/purple splatter op helder vinyl en bevat een hoog kwaliteit boekwerk met tekst en afbeeldingen over het verhaal van dit album.  Wereldwijd zijn er slecht 1000 stuks van gemaakt en ook deze versie raakt al snel uitverkocht. Wees er dus snel bij voordat hij niet meer leverbaar al zijn.","robots":{"index":"index","follow":"follow","max-snippet":"max-snippet:-1","max-image-preview":"max-image-preview:large","max-video-preview":"max-video-preview:-1"},"canonical":"https:\/\/demistrecords.nl\/de\/produkt\/we-lost-the-sea-triumph-disaster\/","og_locale":"de_DE","og_type":"article","og_title":"We Lost The Sea - Triumph & Disaster","og_description":"Dit is de opvolger van het geweldige album Departure Songs uit 2015. Triumph &amp; Disaster verscheen in april van 2019 en is al bezig aan zijn tweede persing. Deze wordt geleverd op 180gr. vinyl in orange\/purple splatter op helder vinyl en bevat een hoog kwaliteit boekwerk met tekst en afbeeldingen over het verhaal van dit album.  Wereldwijd zijn er slecht 1000 stuks van gemaakt en ook deze versie raakt al snel uitverkocht. Wees er dus snel bij voordat hij niet meer leverbaar al zijn.","og_url":"https:\/\/demistrecords.nl\/de\/produkt\/we-lost-the-sea-triumph-disaster\/","og_site_name":"De Mist Records","article_publisher":"https:\/\/www.facebook.com\/demistrecordsnl","article_modified_time":"2025-07-30T14:42:53+00:00","og_image":[{"width":1471,"height":1471,"url":"https:\/\/demistrecords.nl\/wp-content\/uploads\/2020\/12\/We-Lost-The-Sea-Triumph-Disaster.jpg","type":"image\/jpeg"}],"twitter_card":"summary_large_image","twitter_site":"@deathroo1","twitter_misc":{"Gesch\u00e4tzte Lesezeit":"1\u00a0Minute"},"schema":{"@context":"https:\/\/schema.org","@graph":[{"@type":["WebPage","ItemPage"],"@id":"https:\/\/demistrecords.nl\/product\/we-lost-the-sea-triumph-disaster\/","url":"https:\/\/demistrecords.nl\/product\/we-lost-the-sea-triumph-disaster\/","name":"We Lost The Sea - Triumph & Disaster","isPartOf":{"@id":"https:\/\/demistrecords.nl\/#website"},"primaryImageOfPage":{"@id":"https:\/\/demistrecords.nl\/product\/we-lost-the-sea-triumph-disaster\/#primaryimage"},"image":{"@id":"https:\/\/demistrecords.nl\/product\/we-lost-the-sea-triumph-disaster\/#primaryimage"},"thumbnailUrl":"https:\/\/demistrecords.nl\/wp-content\/uploads\/2020\/12\/We-Lost-The-Sea-Triumph-Disaster.jpg","datePublished":"2020-12-21T12:35:11+00:00","dateModified":"2025-07-30T14:42:53+00:00","description":"Dit is de opvolger van het geweldige album Departure Songs uit 2015. Triumph &amp; Disaster verscheen in april van 2019 en is al bezig aan zijn tweede persing. Deze wordt geleverd op 180gr. vinyl in orange\/purple splatter op helder vinyl en bevat een hoog kwaliteit boekwerk met tekst en afbeeldingen over het verhaal van dit album. Wereldwijd zijn er slecht 1000 stuks van gemaakt en ook deze versie raakt al snel uitverkocht. Wees er dus snel bij voordat hij niet meer leverbaar al zijn.","breadcrumb":{"@id":"https:\/\/demistrecords.nl\/product\/we-lost-the-sea-triumph-disaster\/#breadcrumb"},"inLanguage":"de","potentialAction":[{"@type":"ReadAction","target":["https:\/\/demistrecords.nl\/product\/we-lost-the-sea-triumph-disaster\/"]}]},{"@type":"ImageObject","inLanguage":"de","@id":"https:\/\/demistrecords.nl\/product\/we-lost-the-sea-triumph-disaster\/#primaryimage","url":"https:\/\/demistrecords.nl\/wp-content\/uploads\/2020\/12\/We-Lost-The-Sea-Triumph-Disaster.jpg","contentUrl":"https:\/\/demistrecords.nl\/wp-content\/uploads\/2020\/12\/We-Lost-The-Sea-Triumph-Disaster.jpg","width":1471,"height":1471},{"@type":"BreadcrumbList","@id":"https:\/\/demistrecords.nl\/product\/we-lost-the-sea-triumph-disaster\/#breadcrumb","itemListElement":[{"@type":"ListItem","position":1,"name":"Home","item":"https:\/\/demistrecords.nl\/"},{"@type":"ListItem","position":2,"name":"Shop","item":"https:\/\/demistrecords.nl\/shop\/"},{"@type":"ListItem","position":3,"name":"We Lost The Sea &#8211; Triumph &#038; Disaster"}]},{"@type":"WebSite","@id":"https:\/\/demistrecords.nl\/#website","url":"https:\/\/demistrecords.nl\/","name":"De Mist Records","description":"Post-rock and related music","publisher":{"@id":"https:\/\/demistrecords.nl\/#organization"},"potentialAction":[{"@type":"SearchAction","target":{"@type":"EntryPoint","urlTemplate":"https:\/\/demistrecords.nl\/?s={search_term_string}"},"query-input":{"@type":"PropertyValueSpecification","valueRequired":true,"valueName":"search_term_string"}}],"inLanguage":"de"},{"@type":"Organization","@id":"https:\/\/demistrecords.nl\/#organization","name":"De Mist Records","url":"https:\/\/demistrecords.nl\/","logo":{"@type":"ImageObject","inLanguage":"de","@id":"https:\/\/demistrecords.nl\/#\/schema\/logo\/image\/","url":"https:\/\/demistrecords.nl\/wp-content\/uploads\/2020\/12\/logo-de-mist-records-rond.png","contentUrl":"https:\/\/demistrecords.nl\/wp-content\/uploads\/2020\/12\/logo-de-mist-records-rond.png","width":500,"height":500,"caption":"De Mist Records"},"image":{"@id":"https:\/\/demistrecords.nl\/#\/schema\/logo\/image\/"},"sameAs":["https:\/\/www.facebook.com\/demistrecordsnl","https:\/\/x.com\/deathroo1","https:\/\/www.instagram.com\/demist_records\/"]}]}},"_links":{"self":[{"href":"https:\/\/demistrecords.nl\/de\/wp-json\/wp\/v2\/product\/169","targetHints":{"allow":["GET"]}}],"collection":[{"href":"https:\/\/demistrecords.nl\/de\/wp-json\/wp\/v2\/product"}],"about":[{"href":"https:\/\/demistrecords.nl\/de\/wp-json\/wp\/v2\/types\/product"}],"replies":[{"embeddable":true,"href":"https:\/\/demistrecords.nl\/de\/wp-json\/wp\/v2\/comments?post=169"}],"wp:featuredmedia":[{"embeddable":true,"href":"https:\/\/demistrecords.nl\/de\/wp-json\/wp\/v2\/media\/86"}],"wp:attachment":[{"href":"https:\/\/demistrecords.nl\/de\/wp-json\/wp\/v2\/media?parent=169"}],"wp:term":[{"taxonomy":"product_brand","embeddable":true,"href":"https:\/\/demistrecords.nl\/de\/wp-json\/wp\/v2\/product_brand?post=169"},{"taxonomy":"product_cat","embeddable":true,"href":"https:\/\/demistrecords.nl\/de\/wp-json\/wp\/v2\/product_cat?post=169"},{"taxonomy":"product_tag","embeddable":true,"href":"https:\/\/demistrecords.nl\/de\/wp-json\/wp\/v2\/product_tag?post=169"}],"curies":[{"name":"wp","href":"https:\/\/api.w.org\/{rel}","templated":true}]}}