{"id":172,"date":"2020-12-21T14:16:58","date_gmt":"2020-12-21T13:16:58","guid":{"rendered":"https:\/\/demistrecords.nl\/?post_type=product&#038;p=172"},"modified":"2024-03-18T13:26:01","modified_gmt":"2024-03-18T12:26:01","slug":"astodan-bathala","status":"publish","type":"product","link":"https:\/\/demistrecords.nl\/de\/produkt\/astodan-bathala\/","title":{"rendered":"Astodan &#8211; Bathala"},"content":{"rendered":"<p><iframe style=\"border: 0; width: 100%; height: 42px;\" src=\"https:\/\/bandcamp.com\/EmbeddedPlayer\/album=1587786768\/size=small\/bgcol=333333\/linkcol=0f91ff\/transparent=true\/\" seamless=\"\"><a href=\"https:\/\/astodan.bandcamp.com\/album\/bathala\">Bathala by Astodan<\/a><\/iframe><\/p>","protected":false},"excerpt":{"rendered":"<p>Dieses gro\u00dfartige Album der belgischen Formation Astodan ist bereits bereit f\u00fcr die zweite Pressung. Die erste Pressung wurde im April 2020 ver\u00f6ffentlicht, die zweite ist seit dem 13. November erh\u00e4ltlich und kommt auf dem beeindruckenden Black \/ White Pulsar 180gr. Vinyl mit einem sch\u00f6nen 14-seitigen Booklet. Diese zweite Auflage ist weltweit in einer limitierten Auflage von 300 St\u00fcck erschienen.<\/p>","protected":false},"featured_media":89,"comment_status":"closed","ping_status":"closed","template":"","meta":[],"product_brand":[],"product_cat":[16],"product_tag":[26,28],"class_list":{"0":"post-172","1":"product","2":"type-product","3":"status-publish","4":"has-post-thumbnail","6":"product_cat-vinyl-12-2xlp","7":"product_tag-post-metal","8":"product_tag-post-rock","10":"first","11":"outofstock","12":"sale","13":"taxable","14":"shipping-taxable","15":"purchasable","16":"product-type-simple"},"bundled_by":[],"bundle_stock_status":"outofstock","bundle_stock_quantity":0,"bundle_virtual":false,"bundle_layout":"","bundle_add_to_cart_form_location":"","bundle_editable_in_cart":false,"bundle_sold_individually_context":"","bundle_item_grouping":"","bundle_min_size":"","bundle_max_size":"","bundle_price":[],"bundled_items":[],"bundle_sell_ids":[],"yoast_head":"<!-- This site is optimized with the Yoast SEO plugin v27.4 - https:\/\/yoast.com\/product\/yoast-seo-wordpress\/ -->\n<title>Astodan - Bathala<\/title>\n<meta name=\"description\" content=\"Dit geweldige album van de Belgische formatie Astodan is al toe aan zijn tweede persing. De eerste persing verscheen in april van 2020, de tweede is uit sinds 13 november en wordt geleverd op indrukwekkend Zwart\/Wit Pulsar 180gr. vinyl met een prachtig 14 pagina tellend booklet. Deze tweede persing is wereldwijd verschenen in gelimiteerde oplage van 300 stuks.\" \/>\n<meta name=\"robots\" content=\"index, follow, max-snippet:-1, max-image-preview:large, max-video-preview:-1\" \/>\n<link rel=\"canonical\" href=\"https:\/\/demistrecords.nl\/de\/produkt\/astodan-bathala\/\" \/>\n<meta property=\"og:locale\" content=\"de_DE\" \/>\n<meta property=\"og:type\" content=\"article\" \/>\n<meta property=\"og:title\" content=\"Astodan - Bathala\" \/>\n<meta property=\"og:description\" content=\"Dit geweldige album van de Belgische formatie Astodan is al toe aan zijn tweede persing. De eerste persing verscheen in april van 2020, de tweede is uit sinds 13 november en wordt geleverd op indrukwekkend Zwart\/Wit Pulsar 180gr. vinyl met een prachtig 14 pagina tellend booklet. Deze tweede persing is wereldwijd verschenen in gelimiteerde oplage van 300 stuks.\" \/>\n<meta property=\"og:url\" content=\"https:\/\/demistrecords.nl\/de\/produkt\/astodan-bathala\/\" \/>\n<meta property=\"og:site_name\" content=\"De Mist Records\" \/>\n<meta property=\"article:publisher\" content=\"https:\/\/www.facebook.com\/demistrecordsnl\" \/>\n<meta property=\"article:modified_time\" content=\"2024-03-18T12:26:01+00:00\" \/>\n<meta property=\"og:image\" content=\"https:\/\/demistrecords.nl\/wp-content\/uploads\/2020\/12\/astodan-bathala-2xlp.jpg\" \/>\n\t<meta property=\"og:image:width\" content=\"1581\" \/>\n\t<meta property=\"og:image:height\" content=\"1581\" \/>\n\t<meta property=\"og:image:type\" content=\"image\/jpeg\" \/>\n<meta name=\"twitter:card\" content=\"summary_large_image\" \/>\n<meta name=\"twitter:site\" content=\"@deathroo1\" \/>\n<script type=\"application\/ld+json\" class=\"yoast-schema-graph\">{\"@context\":\"https:\\\/\\\/schema.org\",\"@graph\":[{\"@type\":[\"WebPage\",\"ItemPage\"],\"@id\":\"https:\\\/\\\/demistrecords.nl\\\/product\\\/astodan-bathala\\\/\",\"url\":\"https:\\\/\\\/demistrecords.nl\\\/product\\\/astodan-bathala\\\/\",\"name\":\"Astodan - Bathala\",\"isPartOf\":{\"@id\":\"https:\\\/\\\/demistrecords.nl\\\/#website\"},\"primaryImageOfPage\":{\"@id\":\"https:\\\/\\\/demistrecords.nl\\\/product\\\/astodan-bathala\\\/#primaryimage\"},\"image\":{\"@id\":\"https:\\\/\\\/demistrecords.nl\\\/product\\\/astodan-bathala\\\/#primaryimage\"},\"thumbnailUrl\":\"https:\\\/\\\/demistrecords.nl\\\/wp-content\\\/uploads\\\/2020\\\/12\\\/astodan-bathala-2xlp.jpg\",\"datePublished\":\"2020-12-21T13:16:58+00:00\",\"dateModified\":\"2024-03-18T12:26:01+00:00\",\"description\":\"Dit geweldige album van de Belgische formatie Astodan is al toe aan zijn tweede persing. De eerste persing verscheen in april van 2020, de tweede is uit sinds 13 november en wordt geleverd op indrukwekkend Zwart\\\/Wit Pulsar 180gr. vinyl met een prachtig 14 pagina tellend booklet. Deze tweede persing is wereldwijd verschenen in gelimiteerde oplage van 300 stuks.\",\"breadcrumb\":{\"@id\":\"https:\\\/\\\/demistrecords.nl\\\/product\\\/astodan-bathala\\\/#breadcrumb\"},\"inLanguage\":\"de\",\"potentialAction\":[{\"@type\":\"ReadAction\",\"target\":[\"https:\\\/\\\/demistrecords.nl\\\/product\\\/astodan-bathala\\\/\"]}]},{\"@type\":\"ImageObject\",\"inLanguage\":\"de\",\"@id\":\"https:\\\/\\\/demistrecords.nl\\\/product\\\/astodan-bathala\\\/#primaryimage\",\"url\":\"https:\\\/\\\/demistrecords.nl\\\/wp-content\\\/uploads\\\/2020\\\/12\\\/astodan-bathala-2xlp.jpg\",\"contentUrl\":\"https:\\\/\\\/demistrecords.nl\\\/wp-content\\\/uploads\\\/2020\\\/12\\\/astodan-bathala-2xlp.jpg\",\"width\":1581,\"height\":1581},{\"@type\":\"BreadcrumbList\",\"@id\":\"https:\\\/\\\/demistrecords.nl\\\/product\\\/astodan-bathala\\\/#breadcrumb\",\"itemListElement\":[{\"@type\":\"ListItem\",\"position\":1,\"name\":\"Home\",\"item\":\"https:\\\/\\\/demistrecords.nl\\\/\"},{\"@type\":\"ListItem\",\"position\":2,\"name\":\"Shop\",\"item\":\"https:\\\/\\\/demistrecords.nl\\\/shop\\\/\"},{\"@type\":\"ListItem\",\"position\":3,\"name\":\"Astodan &#8211; Bathala\"}]},{\"@type\":\"WebSite\",\"@id\":\"https:\\\/\\\/demistrecords.nl\\\/#website\",\"url\":\"https:\\\/\\\/demistrecords.nl\\\/\",\"name\":\"De Mist Records\",\"description\":\"Post-rock and related music\",\"publisher\":{\"@id\":\"https:\\\/\\\/demistrecords.nl\\\/#organization\"},\"potentialAction\":[{\"@type\":\"SearchAction\",\"target\":{\"@type\":\"EntryPoint\",\"urlTemplate\":\"https:\\\/\\\/demistrecords.nl\\\/?s={search_term_string}\"},\"query-input\":{\"@type\":\"PropertyValueSpecification\",\"valueRequired\":true,\"valueName\":\"search_term_string\"}}],\"inLanguage\":\"de\"},{\"@type\":\"Organization\",\"@id\":\"https:\\\/\\\/demistrecords.nl\\\/#organization\",\"name\":\"De Mist Records\",\"url\":\"https:\\\/\\\/demistrecords.nl\\\/\",\"logo\":{\"@type\":\"ImageObject\",\"inLanguage\":\"de\",\"@id\":\"https:\\\/\\\/demistrecords.nl\\\/#\\\/schema\\\/logo\\\/image\\\/\",\"url\":\"https:\\\/\\\/demistrecords.nl\\\/wp-content\\\/uploads\\\/2020\\\/12\\\/logo-de-mist-records-rond.png\",\"contentUrl\":\"https:\\\/\\\/demistrecords.nl\\\/wp-content\\\/uploads\\\/2020\\\/12\\\/logo-de-mist-records-rond.png\",\"width\":500,\"height\":500,\"caption\":\"De Mist Records\"},\"image\":{\"@id\":\"https:\\\/\\\/demistrecords.nl\\\/#\\\/schema\\\/logo\\\/image\\\/\"},\"sameAs\":[\"https:\\\/\\\/www.facebook.com\\\/demistrecordsnl\",\"https:\\\/\\\/x.com\\\/deathroo1\",\"https:\\\/\\\/www.instagram.com\\\/demist_records\\\/\"]}]}<\/script>\n<!-- \/ Yoast SEO plugin. -->","yoast_head_json":{"title":"Astodan - Bathala","description":"Dieses gro\u00dfartige Album der belgischen Formation Astodan ist bereits bereit f\u00fcr die zweite Pressung. Die erste Pressung wurde im April 2020 ver\u00f6ffentlicht, die zweite ist seit dem 13. November erh\u00e4ltlich und kommt auf dem beeindruckenden Black \/ White Pulsar 180gr. Vinyl mit einem sch\u00f6nen 14-seitigen Booklet. Diese zweite Auflage ist weltweit in einer limitierten Auflage von 300 St\u00fcck erschienen.","robots":{"index":"index","follow":"follow","max-snippet":"max-snippet:-1","max-image-preview":"max-image-preview:large","max-video-preview":"max-video-preview:-1"},"canonical":"https:\/\/demistrecords.nl\/de\/produkt\/astodan-bathala\/","og_locale":"de_DE","og_type":"article","og_title":"Astodan - Bathala","og_description":"Dit geweldige album van de Belgische formatie Astodan is al toe aan zijn tweede persing. De eerste persing verscheen in april van 2020, de tweede is uit sinds 13 november en wordt geleverd op indrukwekkend Zwart\/Wit Pulsar 180gr. vinyl met een prachtig 14 pagina tellend booklet. Deze tweede persing is wereldwijd verschenen in gelimiteerde oplage van 300 stuks.","og_url":"https:\/\/demistrecords.nl\/de\/produkt\/astodan-bathala\/","og_site_name":"De Mist Records","article_publisher":"https:\/\/www.facebook.com\/demistrecordsnl","article_modified_time":"2024-03-18T12:26:01+00:00","og_image":[{"width":1581,"height":1581,"url":"https:\/\/demistrecords.nl\/wp-content\/uploads\/2020\/12\/astodan-bathala-2xlp.jpg","type":"image\/jpeg"}],"twitter_card":"summary_large_image","twitter_site":"@deathroo1","schema":{"@context":"https:\/\/schema.org","@graph":[{"@type":["WebPage","ItemPage"],"@id":"https:\/\/demistrecords.nl\/product\/astodan-bathala\/","url":"https:\/\/demistrecords.nl\/product\/astodan-bathala\/","name":"Astodan - Bathala","isPartOf":{"@id":"https:\/\/demistrecords.nl\/#website"},"primaryImageOfPage":{"@id":"https:\/\/demistrecords.nl\/product\/astodan-bathala\/#primaryimage"},"image":{"@id":"https:\/\/demistrecords.nl\/product\/astodan-bathala\/#primaryimage"},"thumbnailUrl":"https:\/\/demistrecords.nl\/wp-content\/uploads\/2020\/12\/astodan-bathala-2xlp.jpg","datePublished":"2020-12-21T13:16:58+00:00","dateModified":"2024-03-18T12:26:01+00:00","description":"Dieses gro\u00dfartige Album der belgischen Formation Astodan ist bereits bereit f\u00fcr die zweite Pressung. Die erste Pressung wurde im April 2020 ver\u00f6ffentlicht, die zweite ist seit dem 13. November erh\u00e4ltlich und kommt auf dem beeindruckenden Black \/ White Pulsar 180gr. Vinyl mit einem sch\u00f6nen 14-seitigen Booklet. Diese zweite Auflage ist weltweit in einer limitierten Auflage von 300 St\u00fcck erschienen.","breadcrumb":{"@id":"https:\/\/demistrecords.nl\/product\/astodan-bathala\/#breadcrumb"},"inLanguage":"de","potentialAction":[{"@type":"ReadAction","target":["https:\/\/demistrecords.nl\/product\/astodan-bathala\/"]}]},{"@type":"ImageObject","inLanguage":"de","@id":"https:\/\/demistrecords.nl\/product\/astodan-bathala\/#primaryimage","url":"https:\/\/demistrecords.nl\/wp-content\/uploads\/2020\/12\/astodan-bathala-2xlp.jpg","contentUrl":"https:\/\/demistrecords.nl\/wp-content\/uploads\/2020\/12\/astodan-bathala-2xlp.jpg","width":1581,"height":1581},{"@type":"BreadcrumbList","@id":"https:\/\/demistrecords.nl\/product\/astodan-bathala\/#breadcrumb","itemListElement":[{"@type":"ListItem","position":1,"name":"Home","item":"https:\/\/demistrecords.nl\/"},{"@type":"ListItem","position":2,"name":"Shop","item":"https:\/\/demistrecords.nl\/shop\/"},{"@type":"ListItem","position":3,"name":"Astodan &#8211; Bathala"}]},{"@type":"WebSite","@id":"https:\/\/demistrecords.nl\/#website","url":"https:\/\/demistrecords.nl\/","name":"De Mist Records","description":"Post-rock and related music","publisher":{"@id":"https:\/\/demistrecords.nl\/#organization"},"potentialAction":[{"@type":"SearchAction","target":{"@type":"EntryPoint","urlTemplate":"https:\/\/demistrecords.nl\/?s={search_term_string}"},"query-input":{"@type":"PropertyValueSpecification","valueRequired":true,"valueName":"search_term_string"}}],"inLanguage":"de"},{"@type":"Organization","@id":"https:\/\/demistrecords.nl\/#organization","name":"De Mist Records","url":"https:\/\/demistrecords.nl\/","logo":{"@type":"ImageObject","inLanguage":"de","@id":"https:\/\/demistrecords.nl\/#\/schema\/logo\/image\/","url":"https:\/\/demistrecords.nl\/wp-content\/uploads\/2020\/12\/logo-de-mist-records-rond.png","contentUrl":"https:\/\/demistrecords.nl\/wp-content\/uploads\/2020\/12\/logo-de-mist-records-rond.png","width":500,"height":500,"caption":"De Mist Records"},"image":{"@id":"https:\/\/demistrecords.nl\/#\/schema\/logo\/image\/"},"sameAs":["https:\/\/www.facebook.com\/demistrecordsnl","https:\/\/x.com\/deathroo1","https:\/\/www.instagram.com\/demist_records\/"]}]}},"_links":{"self":[{"href":"https:\/\/demistrecords.nl\/de\/wp-json\/wp\/v2\/product\/172","targetHints":{"allow":["GET"]}}],"collection":[{"href":"https:\/\/demistrecords.nl\/de\/wp-json\/wp\/v2\/product"}],"about":[{"href":"https:\/\/demistrecords.nl\/de\/wp-json\/wp\/v2\/types\/product"}],"replies":[{"embeddable":true,"href":"https:\/\/demistrecords.nl\/de\/wp-json\/wp\/v2\/comments?post=172"}],"wp:featuredmedia":[{"embeddable":true,"href":"https:\/\/demistrecords.nl\/de\/wp-json\/wp\/v2\/media\/89"}],"wp:attachment":[{"href":"https:\/\/demistrecords.nl\/de\/wp-json\/wp\/v2\/media?parent=172"}],"wp:term":[{"taxonomy":"product_brand","embeddable":true,"href":"https:\/\/demistrecords.nl\/de\/wp-json\/wp\/v2\/product_brand?post=172"},{"taxonomy":"product_cat","embeddable":true,"href":"https:\/\/demistrecords.nl\/de\/wp-json\/wp\/v2\/product_cat?post=172"},{"taxonomy":"product_tag","embeddable":true,"href":"https:\/\/demistrecords.nl\/de\/wp-json\/wp\/v2\/product_tag?post=172"}],"curies":[{"name":"wp","href":"https:\/\/api.w.org\/{rel}","templated":true}]}}