{"id":1723,"date":"2023-02-17T15:08:53","date_gmt":"2023-02-17T14:08:53","guid":{"rendered":"https:\/\/demistrecords.nl\/?post_type=product&#038;p=1723"},"modified":"2025-09-24T16:18:33","modified_gmt":"2025-09-24T14:18:33","slug":"sagor-som-leder-mot-slutet-iii","status":"publish","type":"product","link":"https:\/\/demistrecords.nl\/de\/produkt\/sagor-som-leder-mot-slutet-iii\/","title":{"rendered":"Sagor Som Leder Mot Slutet &#8211; III"},"content":{"rendered":"<p>Die schwedische Post-Metal-Band Sagor Som Leder Mot Slutet (Geschichten, die zu einem Ende f\u00fchren) hat bereits mit ihrem Album II einen Ma\u00dfstab gesetzt, der kaum zu \u00fcberbieten schien. Mit dem Album III als Ergebnis kann man sagen, dass Sagor Som Leder Mot Slutet es geschafft hat, sich weiterzuentwickeln. Atmosph\u00e4rischer Post-Rock, der sich zu Post-Metal entwickelt, ist an sich nichts Neues, aber diese Band f\u00fcgt dem Genre wirklich etwas hinzu. Manchmal reicht ein Riff als Basis, von dem die Band abweicht und die Musik ihre Geschichte erz\u00e4hlen kann. <\/p>\n<p>Der Vierer erschafft so eine virtuelle Welt, in der man sich verlieren und seinen eigenen Fantasien freien Lauf lassen kann. Eine St\u00e4rke des Quartetts ist, dass die Dynamik des Songs nicht aus den Augen verloren wird. Dadurch wird sichergestellt, dass die Songs ihren eigenen, wiedererkennbaren Sound haben und eine gut aufeinander abgestimmte Band zeigen. <\/p>\n<p>Beim Dunkfest '22 bewies die Band ihre St\u00e4rke und wurde von vielen als einer der unerwarteten H\u00f6hepunkte des dreit\u00e4gigen Festivals angesehen. Kein Wunder also, dass das am 20. Mai 2022 erschienene dritte Album von Sagor Som Leder Mot Slutet auf etlichen Jahreslisten landete.<\/p>\n<p><iframe style=\"border: 0; width: 100%; height: 42px;\" src=\"https:\/\/bandcamp.com\/EmbeddedPlayer\/album=2317010292\/size=small\/bgcol=333333\/linkcol=0f91ff\/transparent=true\/\" seamless><a href=\"https:\/\/sagorsomledermotslutet.bandcamp.com\/album\/iii\">III by Sagor Som Leder Mot Slutet<\/a><\/iframe><\/p>","protected":false},"excerpt":{"rendered":"<p>Schwedischer atmosph\u00e4rischer Post Rock\/Post Metal<br \/>\nVer\u00f6ffentlichung: 20. Mai 2022.<br \/>\nKommt als 180 Gramm schwere LP in einer limitierten Auflage von nur 200 St\u00fcck<br \/>\nMix und Mastering von Magnus Lindberg (PG.Lost, Russian Circles, Cult Of Luna)<\/p>\n<p>** Bitte beachten Sie, dass das Bild zu Illustrationszwecken ein Modell ist. Das gelieferte Album sieht etwas anders aus.<\/p>","protected":false},"featured_media":1725,"comment_status":"closed","ping_status":"closed","template":"","meta":[],"product_brand":[],"product_cat":[23,15],"product_tag":[26,28],"class_list":{"0":"post-1723","1":"product","2":"type-product","3":"status-publish","4":"has-post-thumbnail","6":"product_cat-exclusief","7":"product_cat-vinyl-12-lp","8":"product_tag-post-metal","9":"product_tag-post-rock","11":"first","12":"outofstock","13":"sale","14":"taxable","15":"shipping-taxable","16":"purchasable","17":"product-type-simple"},"bundled_by":[],"bundle_stock_status":"outofstock","bundle_stock_quantity":0,"bundle_virtual":false,"bundle_layout":"","bundle_add_to_cart_form_location":"","bundle_editable_in_cart":false,"bundle_sold_individually_context":"","bundle_item_grouping":"","bundle_min_size":"","bundle_max_size":"","bundle_price":[],"bundled_items":[],"bundle_sell_ids":[],"yoast_head":"<!-- This site is optimized with the Yoast SEO plugin v27.3 - https:\/\/yoast.com\/product\/yoast-seo-wordpress\/ -->\n<title>Sagor Som Leder Mot Slutet - III<\/title>\n<meta name=\"description\" content=\"Zweedse atmosferische postrock\/postmetal  Releasedatum: 20 mei 2022 Komt als 180grams LP in een gelimiteerde oplage van slechts 200 stuks Mix en mastering door Magnus Lindberg (PG.Lost, Russian Circles, Cult Of Luna)  ** Let op, de afbeelding is een mockup ter illustratie, het geleverde album zal er iets anders uit zien.\" \/>\n<meta name=\"robots\" content=\"index, follow, max-snippet:-1, max-image-preview:large, max-video-preview:-1\" \/>\n<link rel=\"canonical\" href=\"https:\/\/demistrecords.nl\/de\/produkt\/sagor-som-leder-mot-slutet-iii\/\" \/>\n<meta property=\"og:locale\" content=\"de_DE\" \/>\n<meta property=\"og:type\" content=\"article\" \/>\n<meta property=\"og:title\" content=\"Sagor Som Leder Mot Slutet - III\" \/>\n<meta property=\"og:description\" content=\"Zweedse atmosferische postrock\/postmetal  Releasedatum: 20 mei 2022 Komt als 180grams LP in een gelimiteerde oplage van slechts 200 stuks Mix en mastering door Magnus Lindberg (PG.Lost, Russian Circles, Cult Of Luna)  ** Let op, de afbeelding is een mockup ter illustratie, het geleverde album zal er iets anders uit zien.\" \/>\n<meta property=\"og:url\" content=\"https:\/\/demistrecords.nl\/de\/produkt\/sagor-som-leder-mot-slutet-iii\/\" \/>\n<meta property=\"og:site_name\" content=\"De Mist Records\" \/>\n<meta property=\"article:publisher\" content=\"https:\/\/www.facebook.com\/demistrecordsnl\" \/>\n<meta property=\"article:modified_time\" content=\"2025-09-24T14:18:33+00:00\" \/>\n<meta property=\"og:image\" content=\"https:\/\/demistrecords.nl\/wp-content\/uploads\/2023\/02\/Sagor-Som-Leder-Mot-Slutet-III.jpg\" \/>\n\t<meta property=\"og:image:width\" content=\"2120\" \/>\n\t<meta property=\"og:image:height\" content=\"2120\" \/>\n\t<meta property=\"og:image:type\" content=\"image\/jpeg\" \/>\n<meta name=\"twitter:card\" content=\"summary_large_image\" \/>\n<meta name=\"twitter:site\" content=\"@deathroo1\" \/>\n<meta name=\"twitter:label1\" content=\"Gesch\u00e4tzte Lesezeit\" \/>\n\t<meta name=\"twitter:data1\" content=\"2\u00a0Minuten\" \/>\n<script type=\"application\/ld+json\" class=\"yoast-schema-graph\">{\"@context\":\"https:\\\/\\\/schema.org\",\"@graph\":[{\"@type\":[\"WebPage\",\"ItemPage\"],\"@id\":\"https:\\\/\\\/demistrecords.nl\\\/product\\\/sagor-som-leder-mot-slutet-iii\\\/\",\"url\":\"https:\\\/\\\/demistrecords.nl\\\/product\\\/sagor-som-leder-mot-slutet-iii\\\/\",\"name\":\"Sagor Som Leder Mot Slutet - III\",\"isPartOf\":{\"@id\":\"https:\\\/\\\/demistrecords.nl\\\/#website\"},\"primaryImageOfPage\":{\"@id\":\"https:\\\/\\\/demistrecords.nl\\\/product\\\/sagor-som-leder-mot-slutet-iii\\\/#primaryimage\"},\"image\":{\"@id\":\"https:\\\/\\\/demistrecords.nl\\\/product\\\/sagor-som-leder-mot-slutet-iii\\\/#primaryimage\"},\"thumbnailUrl\":\"https:\\\/\\\/demistrecords.nl\\\/wp-content\\\/uploads\\\/2023\\\/02\\\/Sagor-Som-Leder-Mot-Slutet-III.jpg\",\"datePublished\":\"2023-02-17T14:08:53+00:00\",\"dateModified\":\"2025-09-24T14:18:33+00:00\",\"description\":\"Zweedse atmosferische postrock\\\/postmetal Releasedatum: 20 mei 2022 Komt als 180grams LP in een gelimiteerde oplage van slechts 200 stuks Mix en mastering door Magnus Lindberg (PG.Lost, Russian Circles, Cult Of Luna) ** Let op, de afbeelding is een mockup ter illustratie, het geleverde album zal er iets anders uit zien.\",\"breadcrumb\":{\"@id\":\"https:\\\/\\\/demistrecords.nl\\\/product\\\/sagor-som-leder-mot-slutet-iii\\\/#breadcrumb\"},\"inLanguage\":\"de\",\"potentialAction\":[{\"@type\":\"ReadAction\",\"target\":[\"https:\\\/\\\/demistrecords.nl\\\/product\\\/sagor-som-leder-mot-slutet-iii\\\/\"]}]},{\"@type\":\"ImageObject\",\"inLanguage\":\"de\",\"@id\":\"https:\\\/\\\/demistrecords.nl\\\/product\\\/sagor-som-leder-mot-slutet-iii\\\/#primaryimage\",\"url\":\"https:\\\/\\\/demistrecords.nl\\\/wp-content\\\/uploads\\\/2023\\\/02\\\/Sagor-Som-Leder-Mot-Slutet-III.jpg\",\"contentUrl\":\"https:\\\/\\\/demistrecords.nl\\\/wp-content\\\/uploads\\\/2023\\\/02\\\/Sagor-Som-Leder-Mot-Slutet-III.jpg\",\"width\":2120,\"height\":2120},{\"@type\":\"BreadcrumbList\",\"@id\":\"https:\\\/\\\/demistrecords.nl\\\/product\\\/sagor-som-leder-mot-slutet-iii\\\/#breadcrumb\",\"itemListElement\":[{\"@type\":\"ListItem\",\"position\":1,\"name\":\"Home\",\"item\":\"https:\\\/\\\/demistrecords.nl\\\/\"},{\"@type\":\"ListItem\",\"position\":2,\"name\":\"Shop\",\"item\":\"https:\\\/\\\/demistrecords.nl\\\/shop\\\/\"},{\"@type\":\"ListItem\",\"position\":3,\"name\":\"Sagor Som Leder Mot Slutet &#8211; III\"}]},{\"@type\":\"WebSite\",\"@id\":\"https:\\\/\\\/demistrecords.nl\\\/#website\",\"url\":\"https:\\\/\\\/demistrecords.nl\\\/\",\"name\":\"De Mist Records\",\"description\":\"Post-rock and related music\",\"publisher\":{\"@id\":\"https:\\\/\\\/demistrecords.nl\\\/#organization\"},\"potentialAction\":[{\"@type\":\"SearchAction\",\"target\":{\"@type\":\"EntryPoint\",\"urlTemplate\":\"https:\\\/\\\/demistrecords.nl\\\/?s={search_term_string}\"},\"query-input\":{\"@type\":\"PropertyValueSpecification\",\"valueRequired\":true,\"valueName\":\"search_term_string\"}}],\"inLanguage\":\"de\"},{\"@type\":\"Organization\",\"@id\":\"https:\\\/\\\/demistrecords.nl\\\/#organization\",\"name\":\"De Mist Records\",\"url\":\"https:\\\/\\\/demistrecords.nl\\\/\",\"logo\":{\"@type\":\"ImageObject\",\"inLanguage\":\"de\",\"@id\":\"https:\\\/\\\/demistrecords.nl\\\/#\\\/schema\\\/logo\\\/image\\\/\",\"url\":\"https:\\\/\\\/demistrecords.nl\\\/wp-content\\\/uploads\\\/2020\\\/12\\\/logo-de-mist-records-rond.png\",\"contentUrl\":\"https:\\\/\\\/demistrecords.nl\\\/wp-content\\\/uploads\\\/2020\\\/12\\\/logo-de-mist-records-rond.png\",\"width\":500,\"height\":500,\"caption\":\"De Mist Records\"},\"image\":{\"@id\":\"https:\\\/\\\/demistrecords.nl\\\/#\\\/schema\\\/logo\\\/image\\\/\"},\"sameAs\":[\"https:\\\/\\\/www.facebook.com\\\/demistrecordsnl\",\"https:\\\/\\\/x.com\\\/deathroo1\",\"https:\\\/\\\/www.instagram.com\\\/demist_records\\\/\"]}]}<\/script>\n<!-- \/ Yoast SEO plugin. -->","yoast_head_json":{"title":"Sagor Som Leder Mot Slutet - III","description":"Zweedse atmosferische postrock\/postmetal  Releasedatum: 20 mei 2022 Komt als 180grams LP in een gelimiteerde oplage van slechts 200 stuks Mix en mastering door Magnus Lindberg (PG.Lost, Russian Circles, Cult Of Luna)  ** Let op, de afbeelding is een mockup ter illustratie, het geleverde album zal er iets anders uit zien.","robots":{"index":"index","follow":"follow","max-snippet":"max-snippet:-1","max-image-preview":"max-image-preview:large","max-video-preview":"max-video-preview:-1"},"canonical":"https:\/\/demistrecords.nl\/de\/produkt\/sagor-som-leder-mot-slutet-iii\/","og_locale":"de_DE","og_type":"article","og_title":"Sagor Som Leder Mot Slutet - III","og_description":"Zweedse atmosferische postrock\/postmetal  Releasedatum: 20 mei 2022 Komt als 180grams LP in een gelimiteerde oplage van slechts 200 stuks Mix en mastering door Magnus Lindberg (PG.Lost, Russian Circles, Cult Of Luna)  ** Let op, de afbeelding is een mockup ter illustratie, het geleverde album zal er iets anders uit zien.","og_url":"https:\/\/demistrecords.nl\/de\/produkt\/sagor-som-leder-mot-slutet-iii\/","og_site_name":"De Mist Records","article_publisher":"https:\/\/www.facebook.com\/demistrecordsnl","article_modified_time":"2025-09-24T14:18:33+00:00","og_image":[{"width":2120,"height":2120,"url":"https:\/\/demistrecords.nl\/wp-content\/uploads\/2023\/02\/Sagor-Som-Leder-Mot-Slutet-III.jpg","type":"image\/jpeg"}],"twitter_card":"summary_large_image","twitter_site":"@deathroo1","twitter_misc":{"Gesch\u00e4tzte Lesezeit":"2\u00a0Minuten"},"schema":{"@context":"https:\/\/schema.org","@graph":[{"@type":["WebPage","ItemPage"],"@id":"https:\/\/demistrecords.nl\/product\/sagor-som-leder-mot-slutet-iii\/","url":"https:\/\/demistrecords.nl\/product\/sagor-som-leder-mot-slutet-iii\/","name":"Sagor Som Leder Mot Slutet - III","isPartOf":{"@id":"https:\/\/demistrecords.nl\/#website"},"primaryImageOfPage":{"@id":"https:\/\/demistrecords.nl\/product\/sagor-som-leder-mot-slutet-iii\/#primaryimage"},"image":{"@id":"https:\/\/demistrecords.nl\/product\/sagor-som-leder-mot-slutet-iii\/#primaryimage"},"thumbnailUrl":"https:\/\/demistrecords.nl\/wp-content\/uploads\/2023\/02\/Sagor-Som-Leder-Mot-Slutet-III.jpg","datePublished":"2023-02-17T14:08:53+00:00","dateModified":"2025-09-24T14:18:33+00:00","description":"Zweedse atmosferische postrock\/postmetal Releasedatum: 20 mei 2022 Komt als 180grams LP in een gelimiteerde oplage van slechts 200 stuks Mix en mastering door Magnus Lindberg (PG.Lost, Russian Circles, Cult Of Luna) ** Let op, de afbeelding is een mockup ter illustratie, het geleverde album zal er iets anders uit zien.","breadcrumb":{"@id":"https:\/\/demistrecords.nl\/product\/sagor-som-leder-mot-slutet-iii\/#breadcrumb"},"inLanguage":"de","potentialAction":[{"@type":"ReadAction","target":["https:\/\/demistrecords.nl\/product\/sagor-som-leder-mot-slutet-iii\/"]}]},{"@type":"ImageObject","inLanguage":"de","@id":"https:\/\/demistrecords.nl\/product\/sagor-som-leder-mot-slutet-iii\/#primaryimage","url":"https:\/\/demistrecords.nl\/wp-content\/uploads\/2023\/02\/Sagor-Som-Leder-Mot-Slutet-III.jpg","contentUrl":"https:\/\/demistrecords.nl\/wp-content\/uploads\/2023\/02\/Sagor-Som-Leder-Mot-Slutet-III.jpg","width":2120,"height":2120},{"@type":"BreadcrumbList","@id":"https:\/\/demistrecords.nl\/product\/sagor-som-leder-mot-slutet-iii\/#breadcrumb","itemListElement":[{"@type":"ListItem","position":1,"name":"Home","item":"https:\/\/demistrecords.nl\/"},{"@type":"ListItem","position":2,"name":"Shop","item":"https:\/\/demistrecords.nl\/shop\/"},{"@type":"ListItem","position":3,"name":"Sagor Som Leder Mot Slutet &#8211; III"}]},{"@type":"WebSite","@id":"https:\/\/demistrecords.nl\/#website","url":"https:\/\/demistrecords.nl\/","name":"De Mist Records","description":"Post-rock and related music","publisher":{"@id":"https:\/\/demistrecords.nl\/#organization"},"potentialAction":[{"@type":"SearchAction","target":{"@type":"EntryPoint","urlTemplate":"https:\/\/demistrecords.nl\/?s={search_term_string}"},"query-input":{"@type":"PropertyValueSpecification","valueRequired":true,"valueName":"search_term_string"}}],"inLanguage":"de"},{"@type":"Organization","@id":"https:\/\/demistrecords.nl\/#organization","name":"De Mist Records","url":"https:\/\/demistrecords.nl\/","logo":{"@type":"ImageObject","inLanguage":"de","@id":"https:\/\/demistrecords.nl\/#\/schema\/logo\/image\/","url":"https:\/\/demistrecords.nl\/wp-content\/uploads\/2020\/12\/logo-de-mist-records-rond.png","contentUrl":"https:\/\/demistrecords.nl\/wp-content\/uploads\/2020\/12\/logo-de-mist-records-rond.png","width":500,"height":500,"caption":"De Mist Records"},"image":{"@id":"https:\/\/demistrecords.nl\/#\/schema\/logo\/image\/"},"sameAs":["https:\/\/www.facebook.com\/demistrecordsnl","https:\/\/x.com\/deathroo1","https:\/\/www.instagram.com\/demist_records\/"]}]}},"_links":{"self":[{"href":"https:\/\/demistrecords.nl\/de\/wp-json\/wp\/v2\/product\/1723","targetHints":{"allow":["GET"]}}],"collection":[{"href":"https:\/\/demistrecords.nl\/de\/wp-json\/wp\/v2\/product"}],"about":[{"href":"https:\/\/demistrecords.nl\/de\/wp-json\/wp\/v2\/types\/product"}],"replies":[{"embeddable":true,"href":"https:\/\/demistrecords.nl\/de\/wp-json\/wp\/v2\/comments?post=1723"}],"wp:featuredmedia":[{"embeddable":true,"href":"https:\/\/demistrecords.nl\/de\/wp-json\/wp\/v2\/media\/1725"}],"wp:attachment":[{"href":"https:\/\/demistrecords.nl\/de\/wp-json\/wp\/v2\/media?parent=1723"}],"wp:term":[{"taxonomy":"product_brand","embeddable":true,"href":"https:\/\/demistrecords.nl\/de\/wp-json\/wp\/v2\/product_brand?post=1723"},{"taxonomy":"product_cat","embeddable":true,"href":"https:\/\/demistrecords.nl\/de\/wp-json\/wp\/v2\/product_cat?post=1723"},{"taxonomy":"product_tag","embeddable":true,"href":"https:\/\/demistrecords.nl\/de\/wp-json\/wp\/v2\/product_tag?post=1723"}],"curies":[{"name":"wp","href":"https:\/\/api.w.org\/{rel}","templated":true}]}}