{"id":176,"date":"2020-12-21T18:44:31","date_gmt":"2020-12-21T17:44:31","guid":{"rendered":"https:\/\/demistrecords.nl\/?post_type=product&#038;p=176"},"modified":"2024-03-18T13:26:19","modified_gmt":"2024-03-18T12:26:19","slug":"mantis-glint","status":"publish","type":"product","link":"https:\/\/demistrecords.nl\/de\/produkt\/mantis-glint\/","title":{"rendered":"Mantis &#8211; Glint!"},"content":{"rendered":"<p><iframe style=\"border: 0; width: 100%; height: 42px;\" src=\"https:\/\/bandcamp.com\/EmbeddedPlayer\/album=1956018001\/size=small\/bgcol=333333\/linkcol=0f91ff\/transparent=true\/\" seamless=\"\"><a href=\"https:\/\/mantisbelgium.bandcamp.com\/album\/glint\">Glint by MANTIS<\/a><\/iframe><\/p>\n<p>Mantis ist<br \/>\nThomas Francot: Gitarre<br \/>\nFilip Tyskens: Bass, Gitarre, Falapsteel, Klavier<br \/>\nRuben Vandael: Schlagzeug, Percussion<br \/>\nRobin Todde: Synths<br \/>\nThomas Berger: Synths<\/p>","protected":false},"excerpt":{"rendered":"<p>Ver\u00f6ffentlichung: 27. November 2020<br \/>\nAuflage: 300 St\u00fcck weltweit<br \/>\nKommt als zweifarbiges Trans Blue mit mehrfarbigem Marmor-Vinyl mit spezieller screen printed D-Seite<\/p>\n<p>Mantis wurde von Bands wie Caspian und And So I Watch You From Afar beeinflusst, ist aber keineswegs ein Klon von ihnen. Diese Band f\u00e4ngt ihre Musik absolut nicht in einem Genre ein. Sie kombinieren Metal mit Post-Rock, Stoner und tanzbarem Alt-Rock, erg\u00e4nzt links und rechts mit einigen jazzigen Einfl\u00fcssen und feinen Harmonien. Mit diesem Stilmix sind sie eine der gro\u00dfen \u00dcberraschungen beim Dunk! Fest 2019. Grund genug f\u00fcr Dunk! Records, sie in ihr Label aufzunehmen.<\/p>","protected":false},"featured_media":96,"comment_status":"closed","ping_status":"closed","template":"","meta":[],"product_brand":[],"product_cat":[16],"product_tag":[26,28],"class_list":{"0":"post-176","1":"product","2":"type-product","3":"status-publish","4":"has-post-thumbnail","6":"product_cat-vinyl-12-2xlp","7":"product_tag-post-metal","8":"product_tag-post-rock","10":"first","11":"outofstock","12":"sale","13":"taxable","14":"shipping-taxable","15":"purchasable","16":"product-type-simple"},"bundled_by":[],"bundle_stock_status":"outofstock","bundle_stock_quantity":0,"bundle_virtual":false,"bundle_layout":"","bundle_add_to_cart_form_location":"","bundle_editable_in_cart":false,"bundle_sold_individually_context":"","bundle_item_grouping":"","bundle_min_size":"","bundle_max_size":"","bundle_price":[],"bundled_items":[],"bundle_sell_ids":[],"yoast_head":"<!-- This site is optimized with the Yoast SEO plugin v27.4 - https:\/\/yoast.com\/product\/yoast-seo-wordpress\/ -->\n<title>Mantis - Glint!<\/title>\n<meta name=\"description\" content=\"Release: 27 november 2020 Oplage: Wereldwijd 300 stuks Wordt geleverd als double coloured Trans Blue w\/ Multicolour Marble vinyl met special screen printed D side  Mantis is be\u00efnvloed door bands als Caspian en And So I Watch You From Afar, maar is daar absoluut geen kloon van. Deze band laat zijn muziek absoluut niet vangen in \u00e9\u00e9n genre. Ze combineren metal met post-rock, stoner en dansbare alt-rock, zo links en recht aangevuld met wat jazzy invloeden en fijne harmonie\u00ebn. Met deze mix van stijlen waar ze dan ook een van de grote verrassingen op Dunk!fest 2019. Reden genoeg voor Dunk!records om ze op te nemen bij hun label.\" \/>\n<meta name=\"robots\" content=\"index, follow, max-snippet:-1, max-image-preview:large, max-video-preview:-1\" \/>\n<link rel=\"canonical\" href=\"https:\/\/demistrecords.nl\/de\/produkt\/mantis-glint\/\" \/>\n<meta property=\"og:locale\" content=\"de_DE\" \/>\n<meta property=\"og:type\" content=\"article\" \/>\n<meta property=\"og:title\" content=\"Mantis - Glint!\" \/>\n<meta property=\"og:description\" content=\"Release: 27 november 2020 Oplage: Wereldwijd 300 stuks Wordt geleverd als double coloured Trans Blue w\/ Multicolour Marble vinyl met special screen printed D side  Mantis is be\u00efnvloed door bands als Caspian en And So I Watch You From Afar, maar is daar absoluut geen kloon van. Deze band laat zijn muziek absoluut niet vangen in \u00e9\u00e9n genre. Ze combineren metal met post-rock, stoner en dansbare alt-rock, zo links en recht aangevuld met wat jazzy invloeden en fijne harmonie\u00ebn. Met deze mix van stijlen waar ze dan ook een van de grote verrassingen op Dunk!fest 2019. Reden genoeg voor Dunk!records om ze op te nemen bij hun label.\" \/>\n<meta property=\"og:url\" content=\"https:\/\/demistrecords.nl\/de\/produkt\/mantis-glint\/\" \/>\n<meta property=\"og:site_name\" content=\"De Mist Records\" \/>\n<meta property=\"article:publisher\" content=\"https:\/\/www.facebook.com\/demistrecordsnl\" \/>\n<meta property=\"article:modified_time\" content=\"2024-03-18T12:26:19+00:00\" \/>\n<meta property=\"og:image\" content=\"https:\/\/demistrecords.nl\/wp-content\/uploads\/2020\/12\/mantis-glint-2xlp.jpg\" \/>\n\t<meta property=\"og:image:width\" content=\"1664\" \/>\n\t<meta property=\"og:image:height\" content=\"1664\" \/>\n\t<meta property=\"og:image:type\" content=\"image\/jpeg\" \/>\n<meta name=\"twitter:card\" content=\"summary_large_image\" \/>\n<meta name=\"twitter:site\" content=\"@deathroo1\" \/>\n<script type=\"application\/ld+json\" class=\"yoast-schema-graph\">{\"@context\":\"https:\\\/\\\/schema.org\",\"@graph\":[{\"@type\":[\"WebPage\",\"ItemPage\"],\"@id\":\"https:\\\/\\\/demistrecords.nl\\\/product\\\/mantis-glint\\\/\",\"url\":\"https:\\\/\\\/demistrecords.nl\\\/product\\\/mantis-glint\\\/\",\"name\":\"Mantis - Glint!\",\"isPartOf\":{\"@id\":\"https:\\\/\\\/demistrecords.nl\\\/#website\"},\"primaryImageOfPage\":{\"@id\":\"https:\\\/\\\/demistrecords.nl\\\/product\\\/mantis-glint\\\/#primaryimage\"},\"image\":{\"@id\":\"https:\\\/\\\/demistrecords.nl\\\/product\\\/mantis-glint\\\/#primaryimage\"},\"thumbnailUrl\":\"https:\\\/\\\/demistrecords.nl\\\/wp-content\\\/uploads\\\/2020\\\/12\\\/mantis-glint-2xlp.jpg\",\"datePublished\":\"2020-12-21T17:44:31+00:00\",\"dateModified\":\"2024-03-18T12:26:19+00:00\",\"description\":\"Release: 27 november 2020 Oplage: Wereldwijd 300 stuks Wordt geleverd als double coloured Trans Blue w\\\/ Multicolour Marble vinyl met special screen printed D side Mantis is be\u00efnvloed door bands als Caspian en And So I Watch You From Afar, maar is daar absoluut geen kloon van. Deze band laat zijn muziek absoluut niet vangen in \u00e9\u00e9n genre. Ze combineren metal met post-rock, stoner en dansbare alt-rock, zo links en recht aangevuld met wat jazzy invloeden en fijne harmonie\u00ebn. Met deze mix van stijlen waar ze dan ook een van de grote verrassingen op Dunk!fest 2019. Reden genoeg voor Dunk!records om ze op te nemen bij hun label.\",\"breadcrumb\":{\"@id\":\"https:\\\/\\\/demistrecords.nl\\\/product\\\/mantis-glint\\\/#breadcrumb\"},\"inLanguage\":\"de\",\"potentialAction\":[{\"@type\":\"ReadAction\",\"target\":[\"https:\\\/\\\/demistrecords.nl\\\/product\\\/mantis-glint\\\/\"]}]},{\"@type\":\"ImageObject\",\"inLanguage\":\"de\",\"@id\":\"https:\\\/\\\/demistrecords.nl\\\/product\\\/mantis-glint\\\/#primaryimage\",\"url\":\"https:\\\/\\\/demistrecords.nl\\\/wp-content\\\/uploads\\\/2020\\\/12\\\/mantis-glint-2xlp.jpg\",\"contentUrl\":\"https:\\\/\\\/demistrecords.nl\\\/wp-content\\\/uploads\\\/2020\\\/12\\\/mantis-glint-2xlp.jpg\",\"width\":1664,\"height\":1664},{\"@type\":\"BreadcrumbList\",\"@id\":\"https:\\\/\\\/demistrecords.nl\\\/product\\\/mantis-glint\\\/#breadcrumb\",\"itemListElement\":[{\"@type\":\"ListItem\",\"position\":1,\"name\":\"Home\",\"item\":\"https:\\\/\\\/demistrecords.nl\\\/\"},{\"@type\":\"ListItem\",\"position\":2,\"name\":\"Shop\",\"item\":\"https:\\\/\\\/demistrecords.nl\\\/shop\\\/\"},{\"@type\":\"ListItem\",\"position\":3,\"name\":\"Mantis &#8211; Glint!\"}]},{\"@type\":\"WebSite\",\"@id\":\"https:\\\/\\\/demistrecords.nl\\\/#website\",\"url\":\"https:\\\/\\\/demistrecords.nl\\\/\",\"name\":\"De Mist Records\",\"description\":\"Post-rock and related music\",\"publisher\":{\"@id\":\"https:\\\/\\\/demistrecords.nl\\\/#organization\"},\"potentialAction\":[{\"@type\":\"SearchAction\",\"target\":{\"@type\":\"EntryPoint\",\"urlTemplate\":\"https:\\\/\\\/demistrecords.nl\\\/?s={search_term_string}\"},\"query-input\":{\"@type\":\"PropertyValueSpecification\",\"valueRequired\":true,\"valueName\":\"search_term_string\"}}],\"inLanguage\":\"de\"},{\"@type\":\"Organization\",\"@id\":\"https:\\\/\\\/demistrecords.nl\\\/#organization\",\"name\":\"De Mist Records\",\"url\":\"https:\\\/\\\/demistrecords.nl\\\/\",\"logo\":{\"@type\":\"ImageObject\",\"inLanguage\":\"de\",\"@id\":\"https:\\\/\\\/demistrecords.nl\\\/#\\\/schema\\\/logo\\\/image\\\/\",\"url\":\"https:\\\/\\\/demistrecords.nl\\\/wp-content\\\/uploads\\\/2020\\\/12\\\/logo-de-mist-records-rond.png\",\"contentUrl\":\"https:\\\/\\\/demistrecords.nl\\\/wp-content\\\/uploads\\\/2020\\\/12\\\/logo-de-mist-records-rond.png\",\"width\":500,\"height\":500,\"caption\":\"De Mist Records\"},\"image\":{\"@id\":\"https:\\\/\\\/demistrecords.nl\\\/#\\\/schema\\\/logo\\\/image\\\/\"},\"sameAs\":[\"https:\\\/\\\/www.facebook.com\\\/demistrecordsnl\",\"https:\\\/\\\/x.com\\\/deathroo1\",\"https:\\\/\\\/www.instagram.com\\\/demist_records\\\/\"]}]}<\/script>\n<!-- \/ Yoast SEO plugin. -->","yoast_head_json":{"title":"Mantis - Glint!","description":"Release: 27 november 2020 Oplage: Wereldwijd 300 stuks Wordt geleverd als double coloured Trans Blue w\/ Multicolour Marble vinyl met special screen printed D side  Mantis is be\u00efnvloed door bands als Caspian en And So I Watch You From Afar, maar is daar absoluut geen kloon van. Deze band laat zijn muziek absoluut niet vangen in \u00e9\u00e9n genre. Ze combineren metal met post-rock, stoner en dansbare alt-rock, zo links en recht aangevuld met wat jazzy invloeden en fijne harmonie\u00ebn. Met deze mix van stijlen waar ze dan ook een van de grote verrassingen op Dunk!fest 2019. Reden genoeg voor Dunk!records om ze op te nemen bij hun label.","robots":{"index":"index","follow":"follow","max-snippet":"max-snippet:-1","max-image-preview":"max-image-preview:large","max-video-preview":"max-video-preview:-1"},"canonical":"https:\/\/demistrecords.nl\/de\/produkt\/mantis-glint\/","og_locale":"de_DE","og_type":"article","og_title":"Mantis - Glint!","og_description":"Release: 27 november 2020 Oplage: Wereldwijd 300 stuks Wordt geleverd als double coloured Trans Blue w\/ Multicolour Marble vinyl met special screen printed D side  Mantis is be\u00efnvloed door bands als Caspian en And So I Watch You From Afar, maar is daar absoluut geen kloon van. Deze band laat zijn muziek absoluut niet vangen in \u00e9\u00e9n genre. Ze combineren metal met post-rock, stoner en dansbare alt-rock, zo links en recht aangevuld met wat jazzy invloeden en fijne harmonie\u00ebn. Met deze mix van stijlen waar ze dan ook een van de grote verrassingen op Dunk!fest 2019. Reden genoeg voor Dunk!records om ze op te nemen bij hun label.","og_url":"https:\/\/demistrecords.nl\/de\/produkt\/mantis-glint\/","og_site_name":"De Mist Records","article_publisher":"https:\/\/www.facebook.com\/demistrecordsnl","article_modified_time":"2024-03-18T12:26:19+00:00","og_image":[{"width":1664,"height":1664,"url":"https:\/\/demistrecords.nl\/wp-content\/uploads\/2020\/12\/mantis-glint-2xlp.jpg","type":"image\/jpeg"}],"twitter_card":"summary_large_image","twitter_site":"@deathroo1","schema":{"@context":"https:\/\/schema.org","@graph":[{"@type":["WebPage","ItemPage"],"@id":"https:\/\/demistrecords.nl\/product\/mantis-glint\/","url":"https:\/\/demistrecords.nl\/product\/mantis-glint\/","name":"Mantis - Glint!","isPartOf":{"@id":"https:\/\/demistrecords.nl\/#website"},"primaryImageOfPage":{"@id":"https:\/\/demistrecords.nl\/product\/mantis-glint\/#primaryimage"},"image":{"@id":"https:\/\/demistrecords.nl\/product\/mantis-glint\/#primaryimage"},"thumbnailUrl":"https:\/\/demistrecords.nl\/wp-content\/uploads\/2020\/12\/mantis-glint-2xlp.jpg","datePublished":"2020-12-21T17:44:31+00:00","dateModified":"2024-03-18T12:26:19+00:00","description":"Release: 27 november 2020 Oplage: Wereldwijd 300 stuks Wordt geleverd als double coloured Trans Blue w\/ Multicolour Marble vinyl met special screen printed D side Mantis is be\u00efnvloed door bands als Caspian en And So I Watch You From Afar, maar is daar absoluut geen kloon van. Deze band laat zijn muziek absoluut niet vangen in \u00e9\u00e9n genre. Ze combineren metal met post-rock, stoner en dansbare alt-rock, zo links en recht aangevuld met wat jazzy invloeden en fijne harmonie\u00ebn. Met deze mix van stijlen waar ze dan ook een van de grote verrassingen op Dunk!fest 2019. Reden genoeg voor Dunk!records om ze op te nemen bij hun label.","breadcrumb":{"@id":"https:\/\/demistrecords.nl\/product\/mantis-glint\/#breadcrumb"},"inLanguage":"de","potentialAction":[{"@type":"ReadAction","target":["https:\/\/demistrecords.nl\/product\/mantis-glint\/"]}]},{"@type":"ImageObject","inLanguage":"de","@id":"https:\/\/demistrecords.nl\/product\/mantis-glint\/#primaryimage","url":"https:\/\/demistrecords.nl\/wp-content\/uploads\/2020\/12\/mantis-glint-2xlp.jpg","contentUrl":"https:\/\/demistrecords.nl\/wp-content\/uploads\/2020\/12\/mantis-glint-2xlp.jpg","width":1664,"height":1664},{"@type":"BreadcrumbList","@id":"https:\/\/demistrecords.nl\/product\/mantis-glint\/#breadcrumb","itemListElement":[{"@type":"ListItem","position":1,"name":"Home","item":"https:\/\/demistrecords.nl\/"},{"@type":"ListItem","position":2,"name":"Shop","item":"https:\/\/demistrecords.nl\/shop\/"},{"@type":"ListItem","position":3,"name":"Mantis &#8211; Glint!"}]},{"@type":"WebSite","@id":"https:\/\/demistrecords.nl\/#website","url":"https:\/\/demistrecords.nl\/","name":"De Mist Records","description":"Post-rock and related music","publisher":{"@id":"https:\/\/demistrecords.nl\/#organization"},"potentialAction":[{"@type":"SearchAction","target":{"@type":"EntryPoint","urlTemplate":"https:\/\/demistrecords.nl\/?s={search_term_string}"},"query-input":{"@type":"PropertyValueSpecification","valueRequired":true,"valueName":"search_term_string"}}],"inLanguage":"de"},{"@type":"Organization","@id":"https:\/\/demistrecords.nl\/#organization","name":"De Mist Records","url":"https:\/\/demistrecords.nl\/","logo":{"@type":"ImageObject","inLanguage":"de","@id":"https:\/\/demistrecords.nl\/#\/schema\/logo\/image\/","url":"https:\/\/demistrecords.nl\/wp-content\/uploads\/2020\/12\/logo-de-mist-records-rond.png","contentUrl":"https:\/\/demistrecords.nl\/wp-content\/uploads\/2020\/12\/logo-de-mist-records-rond.png","width":500,"height":500,"caption":"De Mist Records"},"image":{"@id":"https:\/\/demistrecords.nl\/#\/schema\/logo\/image\/"},"sameAs":["https:\/\/www.facebook.com\/demistrecordsnl","https:\/\/x.com\/deathroo1","https:\/\/www.instagram.com\/demist_records\/"]}]}},"_links":{"self":[{"href":"https:\/\/demistrecords.nl\/de\/wp-json\/wp\/v2\/product\/176","targetHints":{"allow":["GET"]}}],"collection":[{"href":"https:\/\/demistrecords.nl\/de\/wp-json\/wp\/v2\/product"}],"about":[{"href":"https:\/\/demistrecords.nl\/de\/wp-json\/wp\/v2\/types\/product"}],"replies":[{"embeddable":true,"href":"https:\/\/demistrecords.nl\/de\/wp-json\/wp\/v2\/comments?post=176"}],"wp:featuredmedia":[{"embeddable":true,"href":"https:\/\/demistrecords.nl\/de\/wp-json\/wp\/v2\/media\/96"}],"wp:attachment":[{"href":"https:\/\/demistrecords.nl\/de\/wp-json\/wp\/v2\/media?parent=176"}],"wp:term":[{"taxonomy":"product_brand","embeddable":true,"href":"https:\/\/demistrecords.nl\/de\/wp-json\/wp\/v2\/product_brand?post=176"},{"taxonomy":"product_cat","embeddable":true,"href":"https:\/\/demistrecords.nl\/de\/wp-json\/wp\/v2\/product_cat?post=176"},{"taxonomy":"product_tag","embeddable":true,"href":"https:\/\/demistrecords.nl\/de\/wp-json\/wp\/v2\/product_tag?post=176"}],"curies":[{"name":"wp","href":"https:\/\/api.w.org\/{rel}","templated":true}]}}