{"id":1804,"date":"2023-05-22T22:44:57","date_gmt":"2023-05-22T20:44:57","guid":{"rendered":"https:\/\/demistrecords.nl\/?post_type=product&#038;p=1804"},"modified":"2025-05-17T15:39:43","modified_gmt":"2025-05-17T13:39:43","slug":"mushroom-giant-in-a-forest","status":"publish","type":"product","link":"https:\/\/demistrecords.nl\/de\/produkt\/mushroom-giant-in-a-forest\/","title":{"rendered":"Mushroom Giant &#8211; In a forest"},"content":{"rendered":"<p>Mushroom Giant mag f\u00fcr viele ein unbekannter Name sein, aber diese australische Band gibt es schon seit \u00fcber 20 Jahren. Dieses Jahr spielten sie zum ersten Mal in Europa und waren beim Dunkfestival '23 zu sehen. Viele Besucher waren von den Qualit\u00e4ten des Mushroom Giant \u00fcberrascht. Die Band balanciert haupts\u00e4chlich zwischen Psychedelic Rock, Progressive (Hard) Rock und Post Rock. Das vierte Album In A Forest, das am 28. April 2023 erschien, zeigt eine eingespielte Gruppe von Freunden, die gut aufeinander eingespielt sind. Wie bereits live zu h\u00f6ren war, sind die Songs gut komponiert, lassen Raum f\u00fcr die eigene Fantasie, sind aber vor allem sehr eing\u00e4ngig.<br \/>\nWird in einer 12-Inch-H\u00fclle mit teilweiser UV-Beschichtung auf Vinyl in Trans Blue mit Black Smoke geliefert und ist auf 300 Einheiten weltweit limitiert.<\/p>","protected":false},"excerpt":{"rendered":"<p>Wird in einer 12-Inch-H\u00fclle mit teilweiser UV-Beschichtung auf Vinyl in Trans Blue mit Black Smoke geliefert und ist auf 300 Einheiten weltweit limitiert.<br \/>\nErscheinungsdatum: 28. April 2023<\/p>","protected":false},"featured_media":1805,"comment_status":"closed","ping_status":"closed","template":"","meta":[],"product_brand":[],"product_cat":[21,15],"product_tag":[28,35],"class_list":{"0":"post-1804","1":"product","2":"type-product","3":"status-publish","4":"has-post-thumbnail","6":"product_cat-nieuw","7":"product_cat-vinyl-12-lp","8":"product_tag-post-rock","9":"product_tag-progrock","11":"first","12":"instock","13":"taxable","14":"shipping-taxable","15":"purchasable","16":"product-type-simple"},"bundled_by":[],"bundle_stock_status":"instock","bundle_stock_quantity":2,"bundle_virtual":false,"bundle_layout":"","bundle_add_to_cart_form_location":"","bundle_editable_in_cart":false,"bundle_sold_individually_context":"","bundle_item_grouping":"","bundle_min_size":"","bundle_max_size":"","bundle_price":[],"bundled_items":[],"bundle_sell_ids":[],"yoast_head":"<!-- This site is optimized with the Yoast SEO plugin v27.4 - https:\/\/yoast.com\/product\/yoast-seo-wordpress\/ -->\n<title>Mushroom Giant - In a forest<\/title>\n<meta name=\"description\" content=\"Wordt geleverd in een 12-inch hoes met gedeeltelijke UV-afwerking op Trans Blue w\/ Black Smoke-gekleurd vinyl en is beperkt tot 300 exemplaren wereldwijd. Releasedatum: 28 april 2023\" \/>\n<meta name=\"robots\" content=\"index, follow, max-snippet:-1, max-image-preview:large, max-video-preview:-1\" \/>\n<link rel=\"canonical\" href=\"https:\/\/demistrecords.nl\/de\/produkt\/mushroom-giant-in-a-forest\/\" \/>\n<meta property=\"og:locale\" content=\"de_DE\" \/>\n<meta property=\"og:type\" content=\"article\" \/>\n<meta property=\"og:title\" content=\"Mushroom Giant - In a forest\" \/>\n<meta property=\"og:description\" content=\"Wordt geleverd in een 12-inch hoes met gedeeltelijke UV-afwerking op Trans Blue w\/ Black Smoke-gekleurd vinyl en is beperkt tot 300 exemplaren wereldwijd. Releasedatum: 28 april 2023\" \/>\n<meta property=\"og:url\" content=\"https:\/\/demistrecords.nl\/de\/produkt\/mushroom-giant-in-a-forest\/\" \/>\n<meta property=\"og:site_name\" content=\"De Mist Records\" \/>\n<meta property=\"article:publisher\" content=\"https:\/\/www.facebook.com\/demistrecordsnl\" \/>\n<meta property=\"article:modified_time\" content=\"2025-05-17T13:39:43+00:00\" \/>\n<meta property=\"og:image\" content=\"https:\/\/demistrecords.nl\/wp-content\/uploads\/2023\/05\/Mushroom-Giant-In-a-forest-cover.jpg\" \/>\n\t<meta property=\"og:image:width\" content=\"700\" \/>\n\t<meta property=\"og:image:height\" content=\"700\" \/>\n\t<meta property=\"og:image:type\" content=\"image\/jpeg\" \/>\n<meta name=\"twitter:card\" content=\"summary_large_image\" \/>\n<meta name=\"twitter:site\" content=\"@deathroo1\" \/>\n<meta name=\"twitter:label1\" content=\"Gesch\u00e4tzte Lesezeit\" \/>\n\t<meta name=\"twitter:data1\" content=\"1\u00a0Minute\" \/>\n<script type=\"application\/ld+json\" class=\"yoast-schema-graph\">{\"@context\":\"https:\\\/\\\/schema.org\",\"@graph\":[{\"@type\":[\"WebPage\",\"ItemPage\"],\"@id\":\"https:\\\/\\\/demistrecords.nl\\\/product\\\/mushroom-giant-in-a-forest\\\/\",\"url\":\"https:\\\/\\\/demistrecords.nl\\\/product\\\/mushroom-giant-in-a-forest\\\/\",\"name\":\"Mushroom Giant - In a forest\",\"isPartOf\":{\"@id\":\"https:\\\/\\\/demistrecords.nl\\\/#website\"},\"primaryImageOfPage\":{\"@id\":\"https:\\\/\\\/demistrecords.nl\\\/product\\\/mushroom-giant-in-a-forest\\\/#primaryimage\"},\"image\":{\"@id\":\"https:\\\/\\\/demistrecords.nl\\\/product\\\/mushroom-giant-in-a-forest\\\/#primaryimage\"},\"thumbnailUrl\":\"https:\\\/\\\/demistrecords.nl\\\/wp-content\\\/uploads\\\/2023\\\/05\\\/Mushroom-Giant-In-a-forest-cover.jpg\",\"datePublished\":\"2023-05-22T20:44:57+00:00\",\"dateModified\":\"2025-05-17T13:39:43+00:00\",\"description\":\"Wordt geleverd in een 12-inch hoes met gedeeltelijke UV-afwerking op Trans Blue w\\\/ Black Smoke-gekleurd vinyl en is beperkt tot 300 exemplaren wereldwijd. Releasedatum: 28 april 2023\",\"breadcrumb\":{\"@id\":\"https:\\\/\\\/demistrecords.nl\\\/product\\\/mushroom-giant-in-a-forest\\\/#breadcrumb\"},\"inLanguage\":\"de\",\"potentialAction\":[{\"@type\":\"ReadAction\",\"target\":[\"https:\\\/\\\/demistrecords.nl\\\/product\\\/mushroom-giant-in-a-forest\\\/\"]}]},{\"@type\":\"ImageObject\",\"inLanguage\":\"de\",\"@id\":\"https:\\\/\\\/demistrecords.nl\\\/product\\\/mushroom-giant-in-a-forest\\\/#primaryimage\",\"url\":\"https:\\\/\\\/demistrecords.nl\\\/wp-content\\\/uploads\\\/2023\\\/05\\\/Mushroom-Giant-In-a-forest-cover.jpg\",\"contentUrl\":\"https:\\\/\\\/demistrecords.nl\\\/wp-content\\\/uploads\\\/2023\\\/05\\\/Mushroom-Giant-In-a-forest-cover.jpg\",\"width\":700,\"height\":700},{\"@type\":\"BreadcrumbList\",\"@id\":\"https:\\\/\\\/demistrecords.nl\\\/product\\\/mushroom-giant-in-a-forest\\\/#breadcrumb\",\"itemListElement\":[{\"@type\":\"ListItem\",\"position\":1,\"name\":\"Home\",\"item\":\"https:\\\/\\\/demistrecords.nl\\\/\"},{\"@type\":\"ListItem\",\"position\":2,\"name\":\"Shop\",\"item\":\"https:\\\/\\\/demistrecords.nl\\\/shop\\\/\"},{\"@type\":\"ListItem\",\"position\":3,\"name\":\"Mushroom Giant &#8211; In a forest\"}]},{\"@type\":\"WebSite\",\"@id\":\"https:\\\/\\\/demistrecords.nl\\\/#website\",\"url\":\"https:\\\/\\\/demistrecords.nl\\\/\",\"name\":\"De Mist Records\",\"description\":\"Post-rock and related music\",\"publisher\":{\"@id\":\"https:\\\/\\\/demistrecords.nl\\\/#organization\"},\"potentialAction\":[{\"@type\":\"SearchAction\",\"target\":{\"@type\":\"EntryPoint\",\"urlTemplate\":\"https:\\\/\\\/demistrecords.nl\\\/?s={search_term_string}\"},\"query-input\":{\"@type\":\"PropertyValueSpecification\",\"valueRequired\":true,\"valueName\":\"search_term_string\"}}],\"inLanguage\":\"de\"},{\"@type\":\"Organization\",\"@id\":\"https:\\\/\\\/demistrecords.nl\\\/#organization\",\"name\":\"De Mist Records\",\"url\":\"https:\\\/\\\/demistrecords.nl\\\/\",\"logo\":{\"@type\":\"ImageObject\",\"inLanguage\":\"de\",\"@id\":\"https:\\\/\\\/demistrecords.nl\\\/#\\\/schema\\\/logo\\\/image\\\/\",\"url\":\"https:\\\/\\\/demistrecords.nl\\\/wp-content\\\/uploads\\\/2020\\\/12\\\/logo-de-mist-records-rond.png\",\"contentUrl\":\"https:\\\/\\\/demistrecords.nl\\\/wp-content\\\/uploads\\\/2020\\\/12\\\/logo-de-mist-records-rond.png\",\"width\":500,\"height\":500,\"caption\":\"De Mist Records\"},\"image\":{\"@id\":\"https:\\\/\\\/demistrecords.nl\\\/#\\\/schema\\\/logo\\\/image\\\/\"},\"sameAs\":[\"https:\\\/\\\/www.facebook.com\\\/demistrecordsnl\",\"https:\\\/\\\/x.com\\\/deathroo1\",\"https:\\\/\\\/www.instagram.com\\\/demist_records\\\/\"]}]}<\/script>\n<!-- \/ Yoast SEO plugin. -->","yoast_head_json":{"title":"Mushroom Giant - In a forest","description":"Wordt geleverd in een 12-inch hoes met gedeeltelijke UV-afwerking op Trans Blue w\/ Black Smoke-gekleurd vinyl en is beperkt tot 300 exemplaren wereldwijd. Releasedatum: 28 april 2023","robots":{"index":"index","follow":"follow","max-snippet":"max-snippet:-1","max-image-preview":"max-image-preview:large","max-video-preview":"max-video-preview:-1"},"canonical":"https:\/\/demistrecords.nl\/de\/produkt\/mushroom-giant-in-a-forest\/","og_locale":"de_DE","og_type":"article","og_title":"Mushroom Giant - In a forest","og_description":"Wordt geleverd in een 12-inch hoes met gedeeltelijke UV-afwerking op Trans Blue w\/ Black Smoke-gekleurd vinyl en is beperkt tot 300 exemplaren wereldwijd. Releasedatum: 28 april 2023","og_url":"https:\/\/demistrecords.nl\/de\/produkt\/mushroom-giant-in-a-forest\/","og_site_name":"De Mist Records","article_publisher":"https:\/\/www.facebook.com\/demistrecordsnl","article_modified_time":"2025-05-17T13:39:43+00:00","og_image":[{"width":700,"height":700,"url":"https:\/\/demistrecords.nl\/wp-content\/uploads\/2023\/05\/Mushroom-Giant-In-a-forest-cover.jpg","type":"image\/jpeg"}],"twitter_card":"summary_large_image","twitter_site":"@deathroo1","twitter_misc":{"Gesch\u00e4tzte Lesezeit":"1\u00a0Minute"},"schema":{"@context":"https:\/\/schema.org","@graph":[{"@type":["WebPage","ItemPage"],"@id":"https:\/\/demistrecords.nl\/product\/mushroom-giant-in-a-forest\/","url":"https:\/\/demistrecords.nl\/product\/mushroom-giant-in-a-forest\/","name":"Mushroom Giant - In a forest","isPartOf":{"@id":"https:\/\/demistrecords.nl\/#website"},"primaryImageOfPage":{"@id":"https:\/\/demistrecords.nl\/product\/mushroom-giant-in-a-forest\/#primaryimage"},"image":{"@id":"https:\/\/demistrecords.nl\/product\/mushroom-giant-in-a-forest\/#primaryimage"},"thumbnailUrl":"https:\/\/demistrecords.nl\/wp-content\/uploads\/2023\/05\/Mushroom-Giant-In-a-forest-cover.jpg","datePublished":"2023-05-22T20:44:57+00:00","dateModified":"2025-05-17T13:39:43+00:00","description":"Wordt geleverd in een 12-inch hoes met gedeeltelijke UV-afwerking op Trans Blue w\/ Black Smoke-gekleurd vinyl en is beperkt tot 300 exemplaren wereldwijd. Releasedatum: 28 april 2023","breadcrumb":{"@id":"https:\/\/demistrecords.nl\/product\/mushroom-giant-in-a-forest\/#breadcrumb"},"inLanguage":"de","potentialAction":[{"@type":"ReadAction","target":["https:\/\/demistrecords.nl\/product\/mushroom-giant-in-a-forest\/"]}]},{"@type":"ImageObject","inLanguage":"de","@id":"https:\/\/demistrecords.nl\/product\/mushroom-giant-in-a-forest\/#primaryimage","url":"https:\/\/demistrecords.nl\/wp-content\/uploads\/2023\/05\/Mushroom-Giant-In-a-forest-cover.jpg","contentUrl":"https:\/\/demistrecords.nl\/wp-content\/uploads\/2023\/05\/Mushroom-Giant-In-a-forest-cover.jpg","width":700,"height":700},{"@type":"BreadcrumbList","@id":"https:\/\/demistrecords.nl\/product\/mushroom-giant-in-a-forest\/#breadcrumb","itemListElement":[{"@type":"ListItem","position":1,"name":"Home","item":"https:\/\/demistrecords.nl\/"},{"@type":"ListItem","position":2,"name":"Shop","item":"https:\/\/demistrecords.nl\/shop\/"},{"@type":"ListItem","position":3,"name":"Mushroom Giant &#8211; In a forest"}]},{"@type":"WebSite","@id":"https:\/\/demistrecords.nl\/#website","url":"https:\/\/demistrecords.nl\/","name":"De Mist Records","description":"Post-rock and related music","publisher":{"@id":"https:\/\/demistrecords.nl\/#organization"},"potentialAction":[{"@type":"SearchAction","target":{"@type":"EntryPoint","urlTemplate":"https:\/\/demistrecords.nl\/?s={search_term_string}"},"query-input":{"@type":"PropertyValueSpecification","valueRequired":true,"valueName":"search_term_string"}}],"inLanguage":"de"},{"@type":"Organization","@id":"https:\/\/demistrecords.nl\/#organization","name":"De Mist Records","url":"https:\/\/demistrecords.nl\/","logo":{"@type":"ImageObject","inLanguage":"de","@id":"https:\/\/demistrecords.nl\/#\/schema\/logo\/image\/","url":"https:\/\/demistrecords.nl\/wp-content\/uploads\/2020\/12\/logo-de-mist-records-rond.png","contentUrl":"https:\/\/demistrecords.nl\/wp-content\/uploads\/2020\/12\/logo-de-mist-records-rond.png","width":500,"height":500,"caption":"De Mist Records"},"image":{"@id":"https:\/\/demistrecords.nl\/#\/schema\/logo\/image\/"},"sameAs":["https:\/\/www.facebook.com\/demistrecordsnl","https:\/\/x.com\/deathroo1","https:\/\/www.instagram.com\/demist_records\/"]}]}},"_links":{"self":[{"href":"https:\/\/demistrecords.nl\/de\/wp-json\/wp\/v2\/product\/1804","targetHints":{"allow":["GET"]}}],"collection":[{"href":"https:\/\/demistrecords.nl\/de\/wp-json\/wp\/v2\/product"}],"about":[{"href":"https:\/\/demistrecords.nl\/de\/wp-json\/wp\/v2\/types\/product"}],"replies":[{"embeddable":true,"href":"https:\/\/demistrecords.nl\/de\/wp-json\/wp\/v2\/comments?post=1804"}],"wp:featuredmedia":[{"embeddable":true,"href":"https:\/\/demistrecords.nl\/de\/wp-json\/wp\/v2\/media\/1805"}],"wp:attachment":[{"href":"https:\/\/demistrecords.nl\/de\/wp-json\/wp\/v2\/media?parent=1804"}],"wp:term":[{"taxonomy":"product_brand","embeddable":true,"href":"https:\/\/demistrecords.nl\/de\/wp-json\/wp\/v2\/product_brand?post=1804"},{"taxonomy":"product_cat","embeddable":true,"href":"https:\/\/demistrecords.nl\/de\/wp-json\/wp\/v2\/product_cat?post=1804"},{"taxonomy":"product_tag","embeddable":true,"href":"https:\/\/demistrecords.nl\/de\/wp-json\/wp\/v2\/product_tag?post=1804"}],"curies":[{"name":"wp","href":"https:\/\/api.w.org\/{rel}","templated":true}]}}