{"id":1810,"date":"2023-05-30T15:45:51","date_gmt":"2023-05-30T13:45:51","guid":{"rendered":"https:\/\/demistrecords.nl\/?post_type=product&#038;p=1810"},"modified":"2025-02-02T09:34:32","modified_gmt":"2025-02-02T08:34:32","slug":"transatlantic-alliance-transatlantic-alliance-remixes","status":"publish","type":"product","link":"https:\/\/demistrecords.nl\/de\/produkt\/transatlantic-alliance-transatlantic-alliance-remixes\/","title":{"rendered":"Transatlantic Alliance &#8211; Transatlantic Alliance (remixes)"},"content":{"rendered":"<p>Alle Songs des erfolgreichen Deb\u00fctalbums von <strong>Transatlantic Alliance<\/strong> wurden von renommierten K\u00fcnstlern des Genres exklusiv bearbeitet. We Lost The Sea, Mogwai, Brave Arrows, Adam Dodson, Lumastora, Holy Fawn, Christopher Royal King und Midas Fall haben den Songs ihren eigenen authentischen Stempel aufgedr\u00fcckt.<\/p>\n<p><strong>Transatlantic Alliance<\/strong> ist eine (transatlantische) Zusammenarbeit zwischen <strong>rhubiqs<\/strong> (Tom Squires, Londen\/UK) und <strong>Deer Park Ranger<\/strong> (Trevor Humphries, Los Angeles\/USA). Die beiden K\u00fcnstler teilen die Liebe zum filmischen Post-Rock und ver\u00f6ffentlichten 2021 ihr selbstbetiteltes Deb\u00fctalbum. Dieses Album wurde nun remixt und wird ver\u00f6ffentlicht am <strong>30.06.2023<\/strong> . De Mist Records k\u00fcmmert sich um den exklusiven Vertrieb in der EU. Weltweit werden nur 100 St\u00fcck verf\u00fcgbar sein.<\/p>","protected":false},"excerpt":{"rendered":"<p><strong>Exklusiv f\u00fcr die EU<\/strong><br \/>\nNur 100 St\u00fcck weltweit<br \/>\n180gr graues Vinyl<br \/>\nV\u00f6: 30.06.2023<\/p>","protected":false},"featured_media":1812,"comment_status":"closed","ping_status":"closed","template":"","meta":[],"product_brand":[],"product_cat":[23,22,15],"product_tag":[31,28],"class_list":{"0":"post-1810","1":"product","2":"type-product","3":"status-publish","4":"has-post-thumbnail","6":"product_cat-exclusief","7":"product_cat-sale","8":"product_cat-vinyl-12-lp","9":"product_tag-ambient","10":"product_tag-post-rock","12":"first","13":"instock","14":"sale","15":"taxable","16":"shipping-taxable","17":"purchasable","18":"product-type-simple"},"bundled_by":[],"bundle_stock_status":"instock","bundle_stock_quantity":1,"bundle_virtual":false,"bundle_layout":"","bundle_add_to_cart_form_location":"","bundle_editable_in_cart":false,"bundle_sold_individually_context":"","bundle_item_grouping":"","bundle_min_size":"","bundle_max_size":"","bundle_price":[],"bundled_items":[],"bundle_sell_ids":[],"yoast_head":"<!-- This site is optimized with the Yoast SEO plugin v27.4 - https:\/\/yoast.com\/product\/yoast-seo-wordpress\/ -->\n<title>Transatlantic Alliance - Transatlantic Alliance (remixes)<\/title>\n<meta name=\"description\" content=\"Exclusief voor de EU Slechts 100 stuks wereldwijd 180gr grijs vinyl Releasedatum 30 juni 2023\" \/>\n<meta name=\"robots\" content=\"index, follow, max-snippet:-1, max-image-preview:large, max-video-preview:-1\" \/>\n<link rel=\"canonical\" href=\"https:\/\/demistrecords.nl\/de\/produkt\/transatlantic-alliance-transatlantic-alliance-remixes\/\" \/>\n<meta property=\"og:locale\" content=\"de_DE\" \/>\n<meta property=\"og:type\" content=\"article\" \/>\n<meta property=\"og:title\" content=\"Transatlantic Alliance - Transatlantic Alliance (remixes)\" \/>\n<meta property=\"og:description\" content=\"Exclusief voor de EU Slechts 100 stuks wereldwijd 180gr grijs vinyl Releasedatum 30 juni 2023\" \/>\n<meta property=\"og:url\" content=\"https:\/\/demistrecords.nl\/de\/produkt\/transatlantic-alliance-transatlantic-alliance-remixes\/\" \/>\n<meta property=\"og:site_name\" content=\"De Mist Records\" \/>\n<meta property=\"article:publisher\" content=\"https:\/\/www.facebook.com\/demistrecordsnl\" \/>\n<meta property=\"article:modified_time\" content=\"2025-02-02T08:34:32+00:00\" \/>\n<meta property=\"og:image\" content=\"https:\/\/demistrecords.nl\/wp-content\/uploads\/2023\/05\/Transatlantic-Alliance-Transatlantic-Alliance-Remixes.jpg\" \/>\n\t<meta property=\"og:image:width\" content=\"2120\" \/>\n\t<meta property=\"og:image:height\" content=\"2120\" \/>\n\t<meta property=\"og:image:type\" content=\"image\/jpeg\" \/>\n<meta name=\"twitter:card\" content=\"summary_large_image\" \/>\n<meta name=\"twitter:site\" content=\"@deathroo1\" \/>\n<meta name=\"twitter:label1\" content=\"Gesch\u00e4tzte Lesezeit\" \/>\n\t<meta name=\"twitter:data1\" content=\"1\u00a0Minute\" \/>\n<script type=\"application\/ld+json\" class=\"yoast-schema-graph\">{\"@context\":\"https:\\\/\\\/schema.org\",\"@graph\":[{\"@type\":[\"WebPage\",\"ItemPage\"],\"@id\":\"https:\\\/\\\/demistrecords.nl\\\/product\\\/transatlantic-alliance-transatlantic-alliance-remixes\\\/\",\"url\":\"https:\\\/\\\/demistrecords.nl\\\/product\\\/transatlantic-alliance-transatlantic-alliance-remixes\\\/\",\"name\":\"Transatlantic Alliance - Transatlantic Alliance (remixes)\",\"isPartOf\":{\"@id\":\"https:\\\/\\\/demistrecords.nl\\\/#website\"},\"primaryImageOfPage\":{\"@id\":\"https:\\\/\\\/demistrecords.nl\\\/product\\\/transatlantic-alliance-transatlantic-alliance-remixes\\\/#primaryimage\"},\"image\":{\"@id\":\"https:\\\/\\\/demistrecords.nl\\\/product\\\/transatlantic-alliance-transatlantic-alliance-remixes\\\/#primaryimage\"},\"thumbnailUrl\":\"https:\\\/\\\/demistrecords.nl\\\/wp-content\\\/uploads\\\/2023\\\/05\\\/Transatlantic-Alliance-Transatlantic-Alliance-Remixes.jpg\",\"datePublished\":\"2023-05-30T13:45:51+00:00\",\"dateModified\":\"2025-02-02T08:34:32+00:00\",\"description\":\"Exclusief voor de EU Slechts 100 stuks wereldwijd 180gr grijs vinyl Releasedatum 30 juni 2023\",\"breadcrumb\":{\"@id\":\"https:\\\/\\\/demistrecords.nl\\\/product\\\/transatlantic-alliance-transatlantic-alliance-remixes\\\/#breadcrumb\"},\"inLanguage\":\"de\",\"potentialAction\":[{\"@type\":\"ReadAction\",\"target\":[\"https:\\\/\\\/demistrecords.nl\\\/product\\\/transatlantic-alliance-transatlantic-alliance-remixes\\\/\"]}]},{\"@type\":\"ImageObject\",\"inLanguage\":\"de\",\"@id\":\"https:\\\/\\\/demistrecords.nl\\\/product\\\/transatlantic-alliance-transatlantic-alliance-remixes\\\/#primaryimage\",\"url\":\"https:\\\/\\\/demistrecords.nl\\\/wp-content\\\/uploads\\\/2023\\\/05\\\/Transatlantic-Alliance-Transatlantic-Alliance-Remixes.jpg\",\"contentUrl\":\"https:\\\/\\\/demistrecords.nl\\\/wp-content\\\/uploads\\\/2023\\\/05\\\/Transatlantic-Alliance-Transatlantic-Alliance-Remixes.jpg\",\"width\":2120,\"height\":2120},{\"@type\":\"BreadcrumbList\",\"@id\":\"https:\\\/\\\/demistrecords.nl\\\/product\\\/transatlantic-alliance-transatlantic-alliance-remixes\\\/#breadcrumb\",\"itemListElement\":[{\"@type\":\"ListItem\",\"position\":1,\"name\":\"Home\",\"item\":\"https:\\\/\\\/demistrecords.nl\\\/\"},{\"@type\":\"ListItem\",\"position\":2,\"name\":\"Shop\",\"item\":\"https:\\\/\\\/demistrecords.nl\\\/shop\\\/\"},{\"@type\":\"ListItem\",\"position\":3,\"name\":\"Transatlantic Alliance &#8211; Transatlantic Alliance (remixes)\"}]},{\"@type\":\"WebSite\",\"@id\":\"https:\\\/\\\/demistrecords.nl\\\/#website\",\"url\":\"https:\\\/\\\/demistrecords.nl\\\/\",\"name\":\"De Mist Records\",\"description\":\"Post-rock and related music\",\"publisher\":{\"@id\":\"https:\\\/\\\/demistrecords.nl\\\/#organization\"},\"potentialAction\":[{\"@type\":\"SearchAction\",\"target\":{\"@type\":\"EntryPoint\",\"urlTemplate\":\"https:\\\/\\\/demistrecords.nl\\\/?s={search_term_string}\"},\"query-input\":{\"@type\":\"PropertyValueSpecification\",\"valueRequired\":true,\"valueName\":\"search_term_string\"}}],\"inLanguage\":\"de\"},{\"@type\":\"Organization\",\"@id\":\"https:\\\/\\\/demistrecords.nl\\\/#organization\",\"name\":\"De Mist Records\",\"url\":\"https:\\\/\\\/demistrecords.nl\\\/\",\"logo\":{\"@type\":\"ImageObject\",\"inLanguage\":\"de\",\"@id\":\"https:\\\/\\\/demistrecords.nl\\\/#\\\/schema\\\/logo\\\/image\\\/\",\"url\":\"https:\\\/\\\/demistrecords.nl\\\/wp-content\\\/uploads\\\/2020\\\/12\\\/logo-de-mist-records-rond.png\",\"contentUrl\":\"https:\\\/\\\/demistrecords.nl\\\/wp-content\\\/uploads\\\/2020\\\/12\\\/logo-de-mist-records-rond.png\",\"width\":500,\"height\":500,\"caption\":\"De Mist Records\"},\"image\":{\"@id\":\"https:\\\/\\\/demistrecords.nl\\\/#\\\/schema\\\/logo\\\/image\\\/\"},\"sameAs\":[\"https:\\\/\\\/www.facebook.com\\\/demistrecordsnl\",\"https:\\\/\\\/x.com\\\/deathroo1\",\"https:\\\/\\\/www.instagram.com\\\/demist_records\\\/\"]}]}<\/script>\n<!-- \/ Yoast SEO plugin. -->","yoast_head_json":{"title":"Transatlantic Alliance - Transatlantic Alliance (remixes)","description":"Exclusief voor de EU Slechts 100 stuks wereldwijd 180gr grijs vinyl Releasedatum 30 juni 2023","robots":{"index":"index","follow":"follow","max-snippet":"max-snippet:-1","max-image-preview":"max-image-preview:large","max-video-preview":"max-video-preview:-1"},"canonical":"https:\/\/demistrecords.nl\/de\/produkt\/transatlantic-alliance-transatlantic-alliance-remixes\/","og_locale":"de_DE","og_type":"article","og_title":"Transatlantic Alliance - Transatlantic Alliance (remixes)","og_description":"Exclusief voor de EU Slechts 100 stuks wereldwijd 180gr grijs vinyl Releasedatum 30 juni 2023","og_url":"https:\/\/demistrecords.nl\/de\/produkt\/transatlantic-alliance-transatlantic-alliance-remixes\/","og_site_name":"De Mist Records","article_publisher":"https:\/\/www.facebook.com\/demistrecordsnl","article_modified_time":"2025-02-02T08:34:32+00:00","og_image":[{"width":2120,"height":2120,"url":"https:\/\/demistrecords.nl\/wp-content\/uploads\/2023\/05\/Transatlantic-Alliance-Transatlantic-Alliance-Remixes.jpg","type":"image\/jpeg"}],"twitter_card":"summary_large_image","twitter_site":"@deathroo1","twitter_misc":{"Gesch\u00e4tzte Lesezeit":"1\u00a0Minute"},"schema":{"@context":"https:\/\/schema.org","@graph":[{"@type":["WebPage","ItemPage"],"@id":"https:\/\/demistrecords.nl\/product\/transatlantic-alliance-transatlantic-alliance-remixes\/","url":"https:\/\/demistrecords.nl\/product\/transatlantic-alliance-transatlantic-alliance-remixes\/","name":"Transatlantic Alliance - Transatlantic Alliance (remixes)","isPartOf":{"@id":"https:\/\/demistrecords.nl\/#website"},"primaryImageOfPage":{"@id":"https:\/\/demistrecords.nl\/product\/transatlantic-alliance-transatlantic-alliance-remixes\/#primaryimage"},"image":{"@id":"https:\/\/demistrecords.nl\/product\/transatlantic-alliance-transatlantic-alliance-remixes\/#primaryimage"},"thumbnailUrl":"https:\/\/demistrecords.nl\/wp-content\/uploads\/2023\/05\/Transatlantic-Alliance-Transatlantic-Alliance-Remixes.jpg","datePublished":"2023-05-30T13:45:51+00:00","dateModified":"2025-02-02T08:34:32+00:00","description":"Exclusief voor de EU Slechts 100 stuks wereldwijd 180gr grijs vinyl Releasedatum 30 juni 2023","breadcrumb":{"@id":"https:\/\/demistrecords.nl\/product\/transatlantic-alliance-transatlantic-alliance-remixes\/#breadcrumb"},"inLanguage":"de","potentialAction":[{"@type":"ReadAction","target":["https:\/\/demistrecords.nl\/product\/transatlantic-alliance-transatlantic-alliance-remixes\/"]}]},{"@type":"ImageObject","inLanguage":"de","@id":"https:\/\/demistrecords.nl\/product\/transatlantic-alliance-transatlantic-alliance-remixes\/#primaryimage","url":"https:\/\/demistrecords.nl\/wp-content\/uploads\/2023\/05\/Transatlantic-Alliance-Transatlantic-Alliance-Remixes.jpg","contentUrl":"https:\/\/demistrecords.nl\/wp-content\/uploads\/2023\/05\/Transatlantic-Alliance-Transatlantic-Alliance-Remixes.jpg","width":2120,"height":2120},{"@type":"BreadcrumbList","@id":"https:\/\/demistrecords.nl\/product\/transatlantic-alliance-transatlantic-alliance-remixes\/#breadcrumb","itemListElement":[{"@type":"ListItem","position":1,"name":"Home","item":"https:\/\/demistrecords.nl\/"},{"@type":"ListItem","position":2,"name":"Shop","item":"https:\/\/demistrecords.nl\/shop\/"},{"@type":"ListItem","position":3,"name":"Transatlantic Alliance &#8211; Transatlantic Alliance (remixes)"}]},{"@type":"WebSite","@id":"https:\/\/demistrecords.nl\/#website","url":"https:\/\/demistrecords.nl\/","name":"De Mist Records","description":"Post-rock and related music","publisher":{"@id":"https:\/\/demistrecords.nl\/#organization"},"potentialAction":[{"@type":"SearchAction","target":{"@type":"EntryPoint","urlTemplate":"https:\/\/demistrecords.nl\/?s={search_term_string}"},"query-input":{"@type":"PropertyValueSpecification","valueRequired":true,"valueName":"search_term_string"}}],"inLanguage":"de"},{"@type":"Organization","@id":"https:\/\/demistrecords.nl\/#organization","name":"De Mist Records","url":"https:\/\/demistrecords.nl\/","logo":{"@type":"ImageObject","inLanguage":"de","@id":"https:\/\/demistrecords.nl\/#\/schema\/logo\/image\/","url":"https:\/\/demistrecords.nl\/wp-content\/uploads\/2020\/12\/logo-de-mist-records-rond.png","contentUrl":"https:\/\/demistrecords.nl\/wp-content\/uploads\/2020\/12\/logo-de-mist-records-rond.png","width":500,"height":500,"caption":"De Mist Records"},"image":{"@id":"https:\/\/demistrecords.nl\/#\/schema\/logo\/image\/"},"sameAs":["https:\/\/www.facebook.com\/demistrecordsnl","https:\/\/x.com\/deathroo1","https:\/\/www.instagram.com\/demist_records\/"]}]}},"_links":{"self":[{"href":"https:\/\/demistrecords.nl\/de\/wp-json\/wp\/v2\/product\/1810","targetHints":{"allow":["GET"]}}],"collection":[{"href":"https:\/\/demistrecords.nl\/de\/wp-json\/wp\/v2\/product"}],"about":[{"href":"https:\/\/demistrecords.nl\/de\/wp-json\/wp\/v2\/types\/product"}],"replies":[{"embeddable":true,"href":"https:\/\/demistrecords.nl\/de\/wp-json\/wp\/v2\/comments?post=1810"}],"wp:featuredmedia":[{"embeddable":true,"href":"https:\/\/demistrecords.nl\/de\/wp-json\/wp\/v2\/media\/1812"}],"wp:attachment":[{"href":"https:\/\/demistrecords.nl\/de\/wp-json\/wp\/v2\/media?parent=1810"}],"wp:term":[{"taxonomy":"product_brand","embeddable":true,"href":"https:\/\/demistrecords.nl\/de\/wp-json\/wp\/v2\/product_brand?post=1810"},{"taxonomy":"product_cat","embeddable":true,"href":"https:\/\/demistrecords.nl\/de\/wp-json\/wp\/v2\/product_cat?post=1810"},{"taxonomy":"product_tag","embeddable":true,"href":"https:\/\/demistrecords.nl\/de\/wp-json\/wp\/v2\/product_tag?post=1810"}],"curies":[{"name":"wp","href":"https:\/\/api.w.org\/{rel}","templated":true}]}}