{"id":1857,"date":"2023-08-08T13:26:48","date_gmt":"2023-08-08T11:26:48","guid":{"rendered":"https:\/\/demistrecords.nl\/?post_type=product&#038;p=1857"},"modified":"2025-09-27T18:19:04","modified_gmt":"2025-09-27T16:19:04","slug":"at-the-grove-infinity","status":"publish","type":"product","link":"https:\/\/demistrecords.nl\/de\/produkt\/at-the-grove-infinity\/","title":{"rendered":"At The Grove &#8211; Infinity"},"content":{"rendered":"<p><strong>Infinity<\/strong> ist das dritte Album von <strong>At The Grove<\/strong> aus Munster (D) und dieses neue Album wird \u00fcber De Mist Records ver\u00f6ffentlicht. W\u00e4hrend das vorherige Album <strong>&#8230;and all the fear we left behind<\/strong> h\u00e4ufig Songs enthielt, die von seinen gro\u00dfartigen Vorbildern (Pink Floyd, Tool, GoGo Penguin usw.) inspiriert waren, ist <strong>Infinity<\/strong> ein Album mit eigenem Gesicht. <strong>At The Grove<\/strong> geht dieses Mal seinen eigenen Weg und nimmt uns mit auf diesen. <strong>Infinty<\/strong> l\u00e4sst sich am besten als Instrumental-Rock-Album beschreiben, in dem wir eine Mischung aus Progressive Rock, Post Metal und Post Rock finden. Auch jedes Lied erz\u00e4hlt seine eigene Geschichte, ist aber einzeln auch Teil eines gr\u00f6\u00dferen Ganzen. Das Album f\u00fchrt uns durch Erinnerungen an wichtige Momente oder Personen aus unserer eigenen Vergangenheit, weil wir sie nicht vergessen wollen. Denn diejenigen, die nicht vergessen werden, leben in 'Infinity' weiter.<\/p>\n<p>Das Album wird nur auf CD ver\u00f6ffentlicht und kommt in einer limitierte Auflage von nur 250 St\u00fcck.<\/p>\n<p>Ver\u00f6ffentlichung: <strong>22.09.2023<\/strong><\/p>","protected":false},"excerpt":{"rendered":"<p>Das Album von At The Grove wurde von De Mist Records ver\u00f6ffentlicht.<\/p>\n<p>Das Album wird nur auf CD ver\u00f6ffentlicht und kommt in einer limitierte Auflage von nur 250 St\u00fcck.<\/p>\n<p>Preis inklusive Versandkosten*<\/p>\n<p>Ver\u00f6ffentlichung: 22.09.2023<\/p>\n<p>&nbsp;<\/p>\n<p>* Dieses Album wird ohne zus\u00e4tzliche Versandkosten versendet. Sollte Ihre Bestellung neben diesem Album noch weitere Artikel enthalten, zahlen Sie die normalen Versandkosten.<\/p>","protected":false},"featured_media":1858,"comment_status":"closed","ping_status":"closed","template":"","meta":[],"product_brand":[],"product_cat":[173,23],"product_tag":[26,28,35],"class_list":{"0":"post-1857","1":"product","2":"type-product","3":"status-publish","4":"has-post-thumbnail","6":"product_cat-cd","7":"product_cat-exclusief","8":"product_tag-post-metal","9":"product_tag-post-rock","10":"product_tag-progrock","11":"product_shipping_class-gratis","13":"first","14":"instock","15":"sale","16":"taxable","17":"shipping-taxable","18":"purchasable","19":"product-type-simple"},"bundled_by":[],"bundle_stock_status":"instock","bundle_stock_quantity":147,"bundle_virtual":false,"bundle_layout":"","bundle_add_to_cart_form_location":"","bundle_editable_in_cart":false,"bundle_sold_individually_context":"","bundle_item_grouping":"","bundle_min_size":"","bundle_max_size":"","bundle_price":[],"bundled_items":[],"bundle_sell_ids":[],"yoast_head":"<!-- This site is optimized with the Yoast SEO plugin v27.4 - https:\/\/yoast.com\/product\/yoast-seo-wordpress\/ -->\n<title>At The Grove - Infinity<\/title>\n<meta name=\"description\" content=\"Het derde album van At The Grove heet Infinity en wordt uitgebracht door De Mist Records.  Het album komt alleen uit op CD in een gelimiteerde oplage van slechts 250 stuks.  Prijs is inclusief verzendkosten*  Releasedatum: 22 september 2023  &nbsp;  * Dit album wordt zonder extra verzendkosten verstuurd. Wanneer jouw bestelling naast dit album ook andere artikelen bevat, dan betaal je hiervoor wel de normale verzendkosten.\" \/>\n<meta name=\"robots\" content=\"index, follow, max-snippet:-1, max-image-preview:large, max-video-preview:-1\" \/>\n<link rel=\"canonical\" href=\"https:\/\/demistrecords.nl\/de\/produkt\/at-the-grove-infinity\/\" \/>\n<meta property=\"og:locale\" content=\"de_DE\" \/>\n<meta property=\"og:type\" content=\"article\" \/>\n<meta property=\"og:title\" content=\"At The Grove - Infinity\" \/>\n<meta property=\"og:description\" content=\"Het derde album van At The Grove heet Infinity en wordt uitgebracht door De Mist Records.  Het album komt alleen uit op CD in een gelimiteerde oplage van slechts 250 stuks.  Prijs is inclusief verzendkosten*  Releasedatum: 22 september 2023  &nbsp;  * Dit album wordt zonder extra verzendkosten verstuurd. Wanneer jouw bestelling naast dit album ook andere artikelen bevat, dan betaal je hiervoor wel de normale verzendkosten.\" \/>\n<meta property=\"og:url\" content=\"https:\/\/demistrecords.nl\/de\/produkt\/at-the-grove-infinity\/\" \/>\n<meta property=\"og:site_name\" content=\"De Mist Records\" \/>\n<meta property=\"article:publisher\" content=\"https:\/\/www.facebook.com\/demistrecordsnl\" \/>\n<meta property=\"article:modified_time\" content=\"2025-09-27T16:19:04+00:00\" \/>\n<meta property=\"og:image\" content=\"https:\/\/demistrecords.nl\/wp-content\/uploads\/2023\/08\/At-The-Grove-Infinity-frontcover.jpg\" \/>\n\t<meta property=\"og:image:width\" content=\"1000\" \/>\n\t<meta property=\"og:image:height\" content=\"1000\" \/>\n\t<meta property=\"og:image:type\" content=\"image\/jpeg\" \/>\n<meta name=\"twitter:card\" content=\"summary_large_image\" \/>\n<meta name=\"twitter:site\" content=\"@deathroo1\" \/>\n<meta name=\"twitter:label1\" content=\"Gesch\u00e4tzte Lesezeit\" \/>\n\t<meta name=\"twitter:data1\" content=\"1\u00a0Minute\" \/>\n<script type=\"application\/ld+json\" class=\"yoast-schema-graph\">{\"@context\":\"https:\\\/\\\/schema.org\",\"@graph\":[{\"@type\":[\"WebPage\",\"ItemPage\"],\"@id\":\"https:\\\/\\\/demistrecords.nl\\\/product\\\/at-the-grove-infinity\\\/\",\"url\":\"https:\\\/\\\/demistrecords.nl\\\/product\\\/at-the-grove-infinity\\\/\",\"name\":\"At The Grove - Infinity\",\"isPartOf\":{\"@id\":\"https:\\\/\\\/demistrecords.nl\\\/#website\"},\"primaryImageOfPage\":{\"@id\":\"https:\\\/\\\/demistrecords.nl\\\/product\\\/at-the-grove-infinity\\\/#primaryimage\"},\"image\":{\"@id\":\"https:\\\/\\\/demistrecords.nl\\\/product\\\/at-the-grove-infinity\\\/#primaryimage\"},\"thumbnailUrl\":\"https:\\\/\\\/demistrecords.nl\\\/wp-content\\\/uploads\\\/2023\\\/08\\\/At-The-Grove-Infinity-frontcover.jpg\",\"datePublished\":\"2023-08-08T11:26:48+00:00\",\"dateModified\":\"2025-09-27T16:19:04+00:00\",\"description\":\"Het derde album van At The Grove heet Infinity en wordt uitgebracht door De Mist Records. Het album komt alleen uit op CD in een gelimiteerde oplage van slechts 250 stuks. Prijs is inclusief verzendkosten* Releasedatum: 22 september 2023 &nbsp; * Dit album wordt zonder extra verzendkosten verstuurd. Wanneer jouw bestelling naast dit album ook andere artikelen bevat, dan betaal je hiervoor wel de normale verzendkosten.\",\"breadcrumb\":{\"@id\":\"https:\\\/\\\/demistrecords.nl\\\/product\\\/at-the-grove-infinity\\\/#breadcrumb\"},\"inLanguage\":\"de\",\"potentialAction\":[{\"@type\":\"ReadAction\",\"target\":[\"https:\\\/\\\/demistrecords.nl\\\/product\\\/at-the-grove-infinity\\\/\"]}]},{\"@type\":\"ImageObject\",\"inLanguage\":\"de\",\"@id\":\"https:\\\/\\\/demistrecords.nl\\\/product\\\/at-the-grove-infinity\\\/#primaryimage\",\"url\":\"https:\\\/\\\/demistrecords.nl\\\/wp-content\\\/uploads\\\/2023\\\/08\\\/At-The-Grove-Infinity-frontcover.jpg\",\"contentUrl\":\"https:\\\/\\\/demistrecords.nl\\\/wp-content\\\/uploads\\\/2023\\\/08\\\/At-The-Grove-Infinity-frontcover.jpg\",\"width\":1000,\"height\":1000},{\"@type\":\"BreadcrumbList\",\"@id\":\"https:\\\/\\\/demistrecords.nl\\\/product\\\/at-the-grove-infinity\\\/#breadcrumb\",\"itemListElement\":[{\"@type\":\"ListItem\",\"position\":1,\"name\":\"Home\",\"item\":\"https:\\\/\\\/demistrecords.nl\\\/\"},{\"@type\":\"ListItem\",\"position\":2,\"name\":\"Shop\",\"item\":\"https:\\\/\\\/demistrecords.nl\\\/shop\\\/\"},{\"@type\":\"ListItem\",\"position\":3,\"name\":\"At The Grove &#8211; Infinity\"}]},{\"@type\":\"WebSite\",\"@id\":\"https:\\\/\\\/demistrecords.nl\\\/#website\",\"url\":\"https:\\\/\\\/demistrecords.nl\\\/\",\"name\":\"De Mist Records\",\"description\":\"Post-rock and related music\",\"publisher\":{\"@id\":\"https:\\\/\\\/demistrecords.nl\\\/#organization\"},\"potentialAction\":[{\"@type\":\"SearchAction\",\"target\":{\"@type\":\"EntryPoint\",\"urlTemplate\":\"https:\\\/\\\/demistrecords.nl\\\/?s={search_term_string}\"},\"query-input\":{\"@type\":\"PropertyValueSpecification\",\"valueRequired\":true,\"valueName\":\"search_term_string\"}}],\"inLanguage\":\"de\"},{\"@type\":\"Organization\",\"@id\":\"https:\\\/\\\/demistrecords.nl\\\/#organization\",\"name\":\"De Mist Records\",\"url\":\"https:\\\/\\\/demistrecords.nl\\\/\",\"logo\":{\"@type\":\"ImageObject\",\"inLanguage\":\"de\",\"@id\":\"https:\\\/\\\/demistrecords.nl\\\/#\\\/schema\\\/logo\\\/image\\\/\",\"url\":\"https:\\\/\\\/demistrecords.nl\\\/wp-content\\\/uploads\\\/2020\\\/12\\\/logo-de-mist-records-rond.png\",\"contentUrl\":\"https:\\\/\\\/demistrecords.nl\\\/wp-content\\\/uploads\\\/2020\\\/12\\\/logo-de-mist-records-rond.png\",\"width\":500,\"height\":500,\"caption\":\"De Mist Records\"},\"image\":{\"@id\":\"https:\\\/\\\/demistrecords.nl\\\/#\\\/schema\\\/logo\\\/image\\\/\"},\"sameAs\":[\"https:\\\/\\\/www.facebook.com\\\/demistrecordsnl\",\"https:\\\/\\\/x.com\\\/deathroo1\",\"https:\\\/\\\/www.instagram.com\\\/demist_records\\\/\"]}]}<\/script>\n<!-- \/ Yoast SEO plugin. -->","yoast_head_json":{"title":"At The Grove - Infinity","description":"Het derde album van At The Grove heet Infinity en wordt uitgebracht door De Mist Records.  Het album komt alleen uit op CD in een gelimiteerde oplage van slechts 250 stuks.  Prijs is inclusief verzendkosten*  Releasedatum: 22 september 2023  &nbsp;  * Dit album wordt zonder extra verzendkosten verstuurd. Wanneer jouw bestelling naast dit album ook andere artikelen bevat, dan betaal je hiervoor wel de normale verzendkosten.","robots":{"index":"index","follow":"follow","max-snippet":"max-snippet:-1","max-image-preview":"max-image-preview:large","max-video-preview":"max-video-preview:-1"},"canonical":"https:\/\/demistrecords.nl\/de\/produkt\/at-the-grove-infinity\/","og_locale":"de_DE","og_type":"article","og_title":"At The Grove - Infinity","og_description":"Het derde album van At The Grove heet Infinity en wordt uitgebracht door De Mist Records.  Het album komt alleen uit op CD in een gelimiteerde oplage van slechts 250 stuks.  Prijs is inclusief verzendkosten*  Releasedatum: 22 september 2023  &nbsp;  * Dit album wordt zonder extra verzendkosten verstuurd. Wanneer jouw bestelling naast dit album ook andere artikelen bevat, dan betaal je hiervoor wel de normale verzendkosten.","og_url":"https:\/\/demistrecords.nl\/de\/produkt\/at-the-grove-infinity\/","og_site_name":"De Mist Records","article_publisher":"https:\/\/www.facebook.com\/demistrecordsnl","article_modified_time":"2025-09-27T16:19:04+00:00","og_image":[{"width":1000,"height":1000,"url":"https:\/\/demistrecords.nl\/wp-content\/uploads\/2023\/08\/At-The-Grove-Infinity-frontcover.jpg","type":"image\/jpeg"}],"twitter_card":"summary_large_image","twitter_site":"@deathroo1","twitter_misc":{"Gesch\u00e4tzte Lesezeit":"1\u00a0Minute"},"schema":{"@context":"https:\/\/schema.org","@graph":[{"@type":["WebPage","ItemPage"],"@id":"https:\/\/demistrecords.nl\/product\/at-the-grove-infinity\/","url":"https:\/\/demistrecords.nl\/product\/at-the-grove-infinity\/","name":"At The Grove - Infinity","isPartOf":{"@id":"https:\/\/demistrecords.nl\/#website"},"primaryImageOfPage":{"@id":"https:\/\/demistrecords.nl\/product\/at-the-grove-infinity\/#primaryimage"},"image":{"@id":"https:\/\/demistrecords.nl\/product\/at-the-grove-infinity\/#primaryimage"},"thumbnailUrl":"https:\/\/demistrecords.nl\/wp-content\/uploads\/2023\/08\/At-The-Grove-Infinity-frontcover.jpg","datePublished":"2023-08-08T11:26:48+00:00","dateModified":"2025-09-27T16:19:04+00:00","description":"Het derde album van At The Grove heet Infinity en wordt uitgebracht door De Mist Records. Het album komt alleen uit op CD in een gelimiteerde oplage van slechts 250 stuks. Prijs is inclusief verzendkosten* Releasedatum: 22 september 2023 &nbsp; * Dit album wordt zonder extra verzendkosten verstuurd. Wanneer jouw bestelling naast dit album ook andere artikelen bevat, dan betaal je hiervoor wel de normale verzendkosten.","breadcrumb":{"@id":"https:\/\/demistrecords.nl\/product\/at-the-grove-infinity\/#breadcrumb"},"inLanguage":"de","potentialAction":[{"@type":"ReadAction","target":["https:\/\/demistrecords.nl\/product\/at-the-grove-infinity\/"]}]},{"@type":"ImageObject","inLanguage":"de","@id":"https:\/\/demistrecords.nl\/product\/at-the-grove-infinity\/#primaryimage","url":"https:\/\/demistrecords.nl\/wp-content\/uploads\/2023\/08\/At-The-Grove-Infinity-frontcover.jpg","contentUrl":"https:\/\/demistrecords.nl\/wp-content\/uploads\/2023\/08\/At-The-Grove-Infinity-frontcover.jpg","width":1000,"height":1000},{"@type":"BreadcrumbList","@id":"https:\/\/demistrecords.nl\/product\/at-the-grove-infinity\/#breadcrumb","itemListElement":[{"@type":"ListItem","position":1,"name":"Home","item":"https:\/\/demistrecords.nl\/"},{"@type":"ListItem","position":2,"name":"Shop","item":"https:\/\/demistrecords.nl\/shop\/"},{"@type":"ListItem","position":3,"name":"At The Grove &#8211; Infinity"}]},{"@type":"WebSite","@id":"https:\/\/demistrecords.nl\/#website","url":"https:\/\/demistrecords.nl\/","name":"De Mist Records","description":"Post-rock and related music","publisher":{"@id":"https:\/\/demistrecords.nl\/#organization"},"potentialAction":[{"@type":"SearchAction","target":{"@type":"EntryPoint","urlTemplate":"https:\/\/demistrecords.nl\/?s={search_term_string}"},"query-input":{"@type":"PropertyValueSpecification","valueRequired":true,"valueName":"search_term_string"}}],"inLanguage":"de"},{"@type":"Organization","@id":"https:\/\/demistrecords.nl\/#organization","name":"De Mist Records","url":"https:\/\/demistrecords.nl\/","logo":{"@type":"ImageObject","inLanguage":"de","@id":"https:\/\/demistrecords.nl\/#\/schema\/logo\/image\/","url":"https:\/\/demistrecords.nl\/wp-content\/uploads\/2020\/12\/logo-de-mist-records-rond.png","contentUrl":"https:\/\/demistrecords.nl\/wp-content\/uploads\/2020\/12\/logo-de-mist-records-rond.png","width":500,"height":500,"caption":"De Mist Records"},"image":{"@id":"https:\/\/demistrecords.nl\/#\/schema\/logo\/image\/"},"sameAs":["https:\/\/www.facebook.com\/demistrecordsnl","https:\/\/x.com\/deathroo1","https:\/\/www.instagram.com\/demist_records\/"]}]}},"_links":{"self":[{"href":"https:\/\/demistrecords.nl\/de\/wp-json\/wp\/v2\/product\/1857","targetHints":{"allow":["GET"]}}],"collection":[{"href":"https:\/\/demistrecords.nl\/de\/wp-json\/wp\/v2\/product"}],"about":[{"href":"https:\/\/demistrecords.nl\/de\/wp-json\/wp\/v2\/types\/product"}],"replies":[{"embeddable":true,"href":"https:\/\/demistrecords.nl\/de\/wp-json\/wp\/v2\/comments?post=1857"}],"wp:featuredmedia":[{"embeddable":true,"href":"https:\/\/demistrecords.nl\/de\/wp-json\/wp\/v2\/media\/1858"}],"wp:attachment":[{"href":"https:\/\/demistrecords.nl\/de\/wp-json\/wp\/v2\/media?parent=1857"}],"wp:term":[{"taxonomy":"product_brand","embeddable":true,"href":"https:\/\/demistrecords.nl\/de\/wp-json\/wp\/v2\/product_brand?post=1857"},{"taxonomy":"product_cat","embeddable":true,"href":"https:\/\/demistrecords.nl\/de\/wp-json\/wp\/v2\/product_cat?post=1857"},{"taxonomy":"product_tag","embeddable":true,"href":"https:\/\/demistrecords.nl\/de\/wp-json\/wp\/v2\/product_tag?post=1857"}],"curies":[{"name":"wp","href":"https:\/\/api.w.org\/{rel}","templated":true}]}}