{"id":1896,"date":"2023-11-06T20:21:02","date_gmt":"2023-11-06T19:21:02","guid":{"rendered":"https:\/\/demistrecords.nl\/?post_type=product&#038;p=1896"},"modified":"2025-09-27T18:18:44","modified_gmt":"2025-09-27T16:18:44","slug":"mmth-paternoster","status":"publish","type":"product","link":"https:\/\/demistrecords.nl\/de\/produkt\/mmth-paternoster\/","title":{"rendered":"MMTH &#8211; Paternoster &#8211; CD"},"content":{"rendered":"<p>2017 erschien das Deb\u00fctalbum Peternoster der deutschen Band MMTH, auch bekannt als Mammoth, aus Aurich. MMTH zeigt hier sofort einen recht ausgereiften und einzigartigen Sound. Die Elemente stammen unverkennbar aus Post-Rock und Post-Metal, doch die Ostfriesen geben jedem Song ihre eigene Note. \u201ePaternoster\u201c ist daher kein durchschnittliches Instrumental-Post-Rock-Album geworden. Es brachte der Band gute Kritiken ein und die Musik wurde sogar mit Bands wie Russian Circles, Caspian, Neurosis und Explosions In The Sky verglichen. Sicherlich nicht der geringste in diesem Genre. Die Vergleiche sind nicht ohne Grund, denn in einem Moment steckt man knietief in einem undurchdringlichen Sumpf, w\u00e4hrend der n\u00e4chste Song \u00e4therisch und kristallklar in die Welt blickt. Das Tolle ist, dass Paternoster diese Widerspr\u00fcche m\u00fchelos zusammenbringt und die Summe der Teile den Hausstil von MMTH ergibt.<\/p>","protected":false},"excerpt":{"rendered":"<p>Von der Band selbst ver\u00f6ffentlichtes Deb\u00fctalbum aus dem Jahr 2017. Dieses Album erhielt seinerzeit sehr gute Kritiken. Musikalisch wurden sie mit den Genrekollegen Russian Circles, Caspian, Neurosis und Explosions In The Sky verglichen.<\/p>\n<p>Die Band aus Aurich macht einen instrumentalen Mix aus Post-Rock und Post-Metal, aber ohne Klischees.<\/p>","protected":false},"featured_media":1897,"comment_status":"closed","ping_status":"closed","template":"","meta":[],"product_brand":[],"product_cat":[173,21],"product_tag":[26,28],"class_list":{"0":"post-1896","1":"product","2":"type-product","3":"status-publish","4":"has-post-thumbnail","6":"product_cat-cd","7":"product_cat-nieuw","8":"product_tag-post-metal","9":"product_tag-post-rock","11":"first","12":"instock","13":"sale","14":"taxable","15":"shipping-taxable","16":"purchasable","17":"product-type-simple"},"bundled_by":[],"bundle_stock_status":"instock","bundle_stock_quantity":5,"bundle_virtual":false,"bundle_layout":"","bundle_add_to_cart_form_location":"","bundle_editable_in_cart":false,"bundle_sold_individually_context":"","bundle_item_grouping":"","bundle_min_size":"","bundle_max_size":"","bundle_price":[],"bundled_items":[],"bundle_sell_ids":[],"yoast_head":"<!-- This site is optimized with the Yoast SEO plugin v27.4 - https:\/\/yoast.com\/product\/yoast-seo-wordpress\/ -->\n<title>MMTH - Paternoster - CD<\/title>\n<meta name=\"description\" content=\"Door de band zelf uitgebrachte debuutalbum uit 2017. Dit album ontving destijds zeer goede kritieken. Ze werden muzikaal vergeleken met genre-genoten Russian Circles, Caspian, Neurosis en Explosions In The Sky.  De band uit het Duitse Aurich maakt een instrumentale mix van postrock en post-metal, maar dan zonder de clich\u00e9s.\" \/>\n<meta name=\"robots\" content=\"index, follow, max-snippet:-1, max-image-preview:large, max-video-preview:-1\" \/>\n<link rel=\"canonical\" href=\"https:\/\/demistrecords.nl\/de\/produkt\/mmth-paternoster\/\" \/>\n<meta property=\"og:locale\" content=\"de_DE\" \/>\n<meta property=\"og:type\" content=\"article\" \/>\n<meta property=\"og:title\" content=\"MMTH - Paternoster - CD\" \/>\n<meta property=\"og:description\" content=\"Door de band zelf uitgebrachte debuutalbum uit 2017. Dit album ontving destijds zeer goede kritieken. Ze werden muzikaal vergeleken met genre-genoten Russian Circles, Caspian, Neurosis en Explosions In The Sky.  De band uit het Duitse Aurich maakt een instrumentale mix van postrock en post-metal, maar dan zonder de clich\u00e9s.\" \/>\n<meta property=\"og:url\" content=\"https:\/\/demistrecords.nl\/de\/produkt\/mmth-paternoster\/\" \/>\n<meta property=\"og:site_name\" content=\"De Mist Records\" \/>\n<meta property=\"article:publisher\" content=\"https:\/\/www.facebook.com\/demistrecordsnl\" \/>\n<meta property=\"article:modified_time\" content=\"2025-09-27T16:18:44+00:00\" \/>\n<meta property=\"og:image\" content=\"https:\/\/demistrecords.nl\/wp-content\/uploads\/2023\/11\/MMTH-Paternoster-CD-Front.jpg\" \/>\n\t<meta property=\"og:image:width\" content=\"1200\" \/>\n\t<meta property=\"og:image:height\" content=\"801\" \/>\n\t<meta property=\"og:image:type\" content=\"image\/jpeg\" \/>\n<meta name=\"twitter:card\" content=\"summary_large_image\" \/>\n<meta name=\"twitter:site\" content=\"@deathroo1\" \/>\n<meta name=\"twitter:label1\" content=\"Gesch\u00e4tzte Lesezeit\" \/>\n\t<meta name=\"twitter:data1\" content=\"1\u00a0Minute\" \/>\n<script type=\"application\/ld+json\" class=\"yoast-schema-graph\">{\"@context\":\"https:\\\/\\\/schema.org\",\"@graph\":[{\"@type\":[\"WebPage\",\"ItemPage\"],\"@id\":\"https:\\\/\\\/demistrecords.nl\\\/product\\\/mmth-paternoster\\\/\",\"url\":\"https:\\\/\\\/demistrecords.nl\\\/product\\\/mmth-paternoster\\\/\",\"name\":\"MMTH - Paternoster - CD\",\"isPartOf\":{\"@id\":\"https:\\\/\\\/demistrecords.nl\\\/#website\"},\"primaryImageOfPage\":{\"@id\":\"https:\\\/\\\/demistrecords.nl\\\/product\\\/mmth-paternoster\\\/#primaryimage\"},\"image\":{\"@id\":\"https:\\\/\\\/demistrecords.nl\\\/product\\\/mmth-paternoster\\\/#primaryimage\"},\"thumbnailUrl\":\"https:\\\/\\\/demistrecords.nl\\\/wp-content\\\/uploads\\\/2023\\\/11\\\/MMTH-Paternoster-CD-Front.jpg\",\"datePublished\":\"2023-11-06T19:21:02+00:00\",\"dateModified\":\"2025-09-27T16:18:44+00:00\",\"description\":\"Door de band zelf uitgebrachte debuutalbum uit 2017. Dit album ontving destijds zeer goede kritieken. Ze werden muzikaal vergeleken met genre-genoten Russian Circles, Caspian, Neurosis en Explosions In The Sky. De band uit het Duitse Aurich maakt een instrumentale mix van postrock en post-metal, maar dan zonder de clich\u00e9s.\",\"breadcrumb\":{\"@id\":\"https:\\\/\\\/demistrecords.nl\\\/product\\\/mmth-paternoster\\\/#breadcrumb\"},\"inLanguage\":\"de\",\"potentialAction\":[{\"@type\":\"ReadAction\",\"target\":[\"https:\\\/\\\/demistrecords.nl\\\/product\\\/mmth-paternoster\\\/\"]}]},{\"@type\":\"ImageObject\",\"inLanguage\":\"de\",\"@id\":\"https:\\\/\\\/demistrecords.nl\\\/product\\\/mmth-paternoster\\\/#primaryimage\",\"url\":\"https:\\\/\\\/demistrecords.nl\\\/wp-content\\\/uploads\\\/2023\\\/11\\\/MMTH-Paternoster-CD-Front.jpg\",\"contentUrl\":\"https:\\\/\\\/demistrecords.nl\\\/wp-content\\\/uploads\\\/2023\\\/11\\\/MMTH-Paternoster-CD-Front.jpg\",\"width\":1200,\"height\":801},{\"@type\":\"BreadcrumbList\",\"@id\":\"https:\\\/\\\/demistrecords.nl\\\/product\\\/mmth-paternoster\\\/#breadcrumb\",\"itemListElement\":[{\"@type\":\"ListItem\",\"position\":1,\"name\":\"Home\",\"item\":\"https:\\\/\\\/demistrecords.nl\\\/\"},{\"@type\":\"ListItem\",\"position\":2,\"name\":\"Shop\",\"item\":\"https:\\\/\\\/demistrecords.nl\\\/shop\\\/\"},{\"@type\":\"ListItem\",\"position\":3,\"name\":\"MMTH &#8211; Paternoster &#8211; CD\"}]},{\"@type\":\"WebSite\",\"@id\":\"https:\\\/\\\/demistrecords.nl\\\/#website\",\"url\":\"https:\\\/\\\/demistrecords.nl\\\/\",\"name\":\"De Mist Records\",\"description\":\"Post-rock and related music\",\"publisher\":{\"@id\":\"https:\\\/\\\/demistrecords.nl\\\/#organization\"},\"potentialAction\":[{\"@type\":\"SearchAction\",\"target\":{\"@type\":\"EntryPoint\",\"urlTemplate\":\"https:\\\/\\\/demistrecords.nl\\\/?s={search_term_string}\"},\"query-input\":{\"@type\":\"PropertyValueSpecification\",\"valueRequired\":true,\"valueName\":\"search_term_string\"}}],\"inLanguage\":\"de\"},{\"@type\":\"Organization\",\"@id\":\"https:\\\/\\\/demistrecords.nl\\\/#organization\",\"name\":\"De Mist Records\",\"url\":\"https:\\\/\\\/demistrecords.nl\\\/\",\"logo\":{\"@type\":\"ImageObject\",\"inLanguage\":\"de\",\"@id\":\"https:\\\/\\\/demistrecords.nl\\\/#\\\/schema\\\/logo\\\/image\\\/\",\"url\":\"https:\\\/\\\/demistrecords.nl\\\/wp-content\\\/uploads\\\/2020\\\/12\\\/logo-de-mist-records-rond.png\",\"contentUrl\":\"https:\\\/\\\/demistrecords.nl\\\/wp-content\\\/uploads\\\/2020\\\/12\\\/logo-de-mist-records-rond.png\",\"width\":500,\"height\":500,\"caption\":\"De Mist Records\"},\"image\":{\"@id\":\"https:\\\/\\\/demistrecords.nl\\\/#\\\/schema\\\/logo\\\/image\\\/\"},\"sameAs\":[\"https:\\\/\\\/www.facebook.com\\\/demistrecordsnl\",\"https:\\\/\\\/x.com\\\/deathroo1\",\"https:\\\/\\\/www.instagram.com\\\/demist_records\\\/\"]}]}<\/script>\n<!-- \/ Yoast SEO plugin. -->","yoast_head_json":{"title":"MMTH - Paternoster - CD","description":"Door de band zelf uitgebrachte debuutalbum uit 2017. Dit album ontving destijds zeer goede kritieken. Ze werden muzikaal vergeleken met genre-genoten Russian Circles, Caspian, Neurosis en Explosions In The Sky.  De band uit het Duitse Aurich maakt een instrumentale mix van postrock en post-metal, maar dan zonder de clich\u00e9s.","robots":{"index":"index","follow":"follow","max-snippet":"max-snippet:-1","max-image-preview":"max-image-preview:large","max-video-preview":"max-video-preview:-1"},"canonical":"https:\/\/demistrecords.nl\/de\/produkt\/mmth-paternoster\/","og_locale":"de_DE","og_type":"article","og_title":"MMTH - Paternoster - CD","og_description":"Door de band zelf uitgebrachte debuutalbum uit 2017. Dit album ontving destijds zeer goede kritieken. Ze werden muzikaal vergeleken met genre-genoten Russian Circles, Caspian, Neurosis en Explosions In The Sky.  De band uit het Duitse Aurich maakt een instrumentale mix van postrock en post-metal, maar dan zonder de clich\u00e9s.","og_url":"https:\/\/demistrecords.nl\/de\/produkt\/mmth-paternoster\/","og_site_name":"De Mist Records","article_publisher":"https:\/\/www.facebook.com\/demistrecordsnl","article_modified_time":"2025-09-27T16:18:44+00:00","og_image":[{"width":1200,"height":801,"url":"https:\/\/demistrecords.nl\/wp-content\/uploads\/2023\/11\/MMTH-Paternoster-CD-Front.jpg","type":"image\/jpeg"}],"twitter_card":"summary_large_image","twitter_site":"@deathroo1","twitter_misc":{"Gesch\u00e4tzte Lesezeit":"1\u00a0Minute"},"schema":{"@context":"https:\/\/schema.org","@graph":[{"@type":["WebPage","ItemPage"],"@id":"https:\/\/demistrecords.nl\/product\/mmth-paternoster\/","url":"https:\/\/demistrecords.nl\/product\/mmth-paternoster\/","name":"MMTH - Paternoster - CD","isPartOf":{"@id":"https:\/\/demistrecords.nl\/#website"},"primaryImageOfPage":{"@id":"https:\/\/demistrecords.nl\/product\/mmth-paternoster\/#primaryimage"},"image":{"@id":"https:\/\/demistrecords.nl\/product\/mmth-paternoster\/#primaryimage"},"thumbnailUrl":"https:\/\/demistrecords.nl\/wp-content\/uploads\/2023\/11\/MMTH-Paternoster-CD-Front.jpg","datePublished":"2023-11-06T19:21:02+00:00","dateModified":"2025-09-27T16:18:44+00:00","description":"Door de band zelf uitgebrachte debuutalbum uit 2017. Dit album ontving destijds zeer goede kritieken. Ze werden muzikaal vergeleken met genre-genoten Russian Circles, Caspian, Neurosis en Explosions In The Sky. De band uit het Duitse Aurich maakt een instrumentale mix van postrock en post-metal, maar dan zonder de clich\u00e9s.","breadcrumb":{"@id":"https:\/\/demistrecords.nl\/product\/mmth-paternoster\/#breadcrumb"},"inLanguage":"de","potentialAction":[{"@type":"ReadAction","target":["https:\/\/demistrecords.nl\/product\/mmth-paternoster\/"]}]},{"@type":"ImageObject","inLanguage":"de","@id":"https:\/\/demistrecords.nl\/product\/mmth-paternoster\/#primaryimage","url":"https:\/\/demistrecords.nl\/wp-content\/uploads\/2023\/11\/MMTH-Paternoster-CD-Front.jpg","contentUrl":"https:\/\/demistrecords.nl\/wp-content\/uploads\/2023\/11\/MMTH-Paternoster-CD-Front.jpg","width":1200,"height":801},{"@type":"BreadcrumbList","@id":"https:\/\/demistrecords.nl\/product\/mmth-paternoster\/#breadcrumb","itemListElement":[{"@type":"ListItem","position":1,"name":"Home","item":"https:\/\/demistrecords.nl\/"},{"@type":"ListItem","position":2,"name":"Shop","item":"https:\/\/demistrecords.nl\/shop\/"},{"@type":"ListItem","position":3,"name":"MMTH &#8211; Paternoster &#8211; CD"}]},{"@type":"WebSite","@id":"https:\/\/demistrecords.nl\/#website","url":"https:\/\/demistrecords.nl\/","name":"De Mist Records","description":"Post-rock and related music","publisher":{"@id":"https:\/\/demistrecords.nl\/#organization"},"potentialAction":[{"@type":"SearchAction","target":{"@type":"EntryPoint","urlTemplate":"https:\/\/demistrecords.nl\/?s={search_term_string}"},"query-input":{"@type":"PropertyValueSpecification","valueRequired":true,"valueName":"search_term_string"}}],"inLanguage":"de"},{"@type":"Organization","@id":"https:\/\/demistrecords.nl\/#organization","name":"De Mist Records","url":"https:\/\/demistrecords.nl\/","logo":{"@type":"ImageObject","inLanguage":"de","@id":"https:\/\/demistrecords.nl\/#\/schema\/logo\/image\/","url":"https:\/\/demistrecords.nl\/wp-content\/uploads\/2020\/12\/logo-de-mist-records-rond.png","contentUrl":"https:\/\/demistrecords.nl\/wp-content\/uploads\/2020\/12\/logo-de-mist-records-rond.png","width":500,"height":500,"caption":"De Mist Records"},"image":{"@id":"https:\/\/demistrecords.nl\/#\/schema\/logo\/image\/"},"sameAs":["https:\/\/www.facebook.com\/demistrecordsnl","https:\/\/x.com\/deathroo1","https:\/\/www.instagram.com\/demist_records\/"]}]}},"_links":{"self":[{"href":"https:\/\/demistrecords.nl\/de\/wp-json\/wp\/v2\/product\/1896","targetHints":{"allow":["GET"]}}],"collection":[{"href":"https:\/\/demistrecords.nl\/de\/wp-json\/wp\/v2\/product"}],"about":[{"href":"https:\/\/demistrecords.nl\/de\/wp-json\/wp\/v2\/types\/product"}],"replies":[{"embeddable":true,"href":"https:\/\/demistrecords.nl\/de\/wp-json\/wp\/v2\/comments?post=1896"}],"wp:featuredmedia":[{"embeddable":true,"href":"https:\/\/demistrecords.nl\/de\/wp-json\/wp\/v2\/media\/1897"}],"wp:attachment":[{"href":"https:\/\/demistrecords.nl\/de\/wp-json\/wp\/v2\/media?parent=1896"}],"wp:term":[{"taxonomy":"product_brand","embeddable":true,"href":"https:\/\/demistrecords.nl\/de\/wp-json\/wp\/v2\/product_brand?post=1896"},{"taxonomy":"product_cat","embeddable":true,"href":"https:\/\/demistrecords.nl\/de\/wp-json\/wp\/v2\/product_cat?post=1896"},{"taxonomy":"product_tag","embeddable":true,"href":"https:\/\/demistrecords.nl\/de\/wp-json\/wp\/v2\/product_tag?post=1896"}],"curies":[{"name":"wp","href":"https:\/\/api.w.org\/{rel}","templated":true}]}}