{"id":1901,"date":"2023-11-06T20:38:30","date_gmt":"2023-11-06T19:38:30","guid":{"rendered":"https:\/\/demistrecords.nl\/?post_type=product&#038;p=1901"},"modified":"2025-09-27T18:18:28","modified_gmt":"2025-09-27T16:18:28","slug":"mmth-infinite-heights-cd","status":"publish","type":"product","link":"https:\/\/demistrecords.nl\/de\/produkt\/mmth-infinite-heights-cd\/","title":{"rendered":"MMTH &#8211; Infinite Heights &#8211; CD"},"content":{"rendered":"<p>Vielfalt steht auch auf dem zweiten Album der deutschen Band MMTH im Vordergrund. In einem Moment werden wir in ein schlammiges Treibsandbecken gesaugt, im n\u00e4chsten Moment scheinen wir fast schwerelos zu den zarten Gitarrenkl\u00e4ngen zu schwanken. Der Albumtitel \u201eInfinite Heights\u201c h\u00e4tte nicht markanter sein k\u00f6nnen. Die Band aus Aurich bewegt sich zwischen diesen Extremen, schafft es aber dennoch, ihren eigenen Stil zu bewahren. W\u00e4hrend auf Paternoster viele typische Elemente des Post-Rock zu h\u00f6ren waren, sind diese auf Infinite Heights weniger pr\u00e4sent. Sie brauchen sie nicht mehr, weil MMTH selbst dem Genre neue Elemente hinzuf\u00fcgt. Infinite Heights mag daher weniger vorhersehbar sein, aber es ist sicherlich nicht experimentell. MMTH zeigt, dass sie noch st\u00e4rker aufeinander eingestimmt sind und gemeinsam zunehmend an die Grenzen ihrer Reichweite sto\u00dfen. Der Himmel ist die Grenze? Gut, aber dann ist Infinite Heights der Soundtrack.<\/p>","protected":false},"excerpt":{"rendered":"<p>Zweites Album der Post-Rock-Band aus Aurich.<\/p>\n<p>MMTH spielt eine Mischung aus Post-Rock und Post-Metal, versucht jedoch die typischen Post-Rock-Elemente zu vermeiden. Dies bietet eine erfrischende Sicht auf das Genre und beweist, dass MMTH \u00fcber sich selbst hinauswachsen kann.<\/p>\n<p>Ver\u00f6ffentlichung: 17. November 2023<\/p>","protected":false},"featured_media":1902,"comment_status":"closed","ping_status":"closed","template":"","meta":[],"product_brand":[],"product_cat":[173,23,21],"product_tag":[26,28],"class_list":{"0":"post-1901","1":"product","2":"type-product","3":"status-publish","4":"has-post-thumbnail","6":"product_cat-cd","7":"product_cat-exclusief","8":"product_cat-nieuw","9":"product_tag-post-metal","10":"product_tag-post-rock","12":"first","13":"instock","14":"sale","15":"taxable","16":"shipping-taxable","17":"purchasable","18":"product-type-simple"},"bundled_by":[],"bundle_stock_status":"instock","bundle_stock_quantity":5,"bundle_virtual":false,"bundle_layout":"","bundle_add_to_cart_form_location":"","bundle_editable_in_cart":false,"bundle_sold_individually_context":"","bundle_item_grouping":"","bundle_min_size":"","bundle_max_size":"","bundle_price":[],"bundled_items":[],"bundle_sell_ids":[],"yoast_head":"<!-- This site is optimized with the Yoast SEO plugin v27.4 - https:\/\/yoast.com\/product\/yoast-seo-wordpress\/ -->\n<title>MMTH - Infinite Heights - CD<\/title>\n<meta name=\"description\" content=\"Tweede album van de postrockband uit Aurich.  MMTH speelt een mix van postrock en postmetal maar probeert de typische postrock elementen te vermijden. Dat zorgt voor een verfrissende bik op het genre en bewijst dat MMTH boven zichzelf uit kan stijgen.  Releasedatum: 17 november 2023\" \/>\n<meta name=\"robots\" content=\"index, follow, max-snippet:-1, max-image-preview:large, max-video-preview:-1\" \/>\n<link rel=\"canonical\" href=\"https:\/\/demistrecords.nl\/de\/produkt\/mmth-infinite-heights-cd\/\" \/>\n<meta property=\"og:locale\" content=\"de_DE\" \/>\n<meta property=\"og:type\" content=\"article\" \/>\n<meta property=\"og:title\" content=\"MMTH - Infinite Heights - CD\" \/>\n<meta property=\"og:description\" content=\"Tweede album van de postrockband uit Aurich.  MMTH speelt een mix van postrock en postmetal maar probeert de typische postrock elementen te vermijden. Dat zorgt voor een verfrissende bik op het genre en bewijst dat MMTH boven zichzelf uit kan stijgen.  Releasedatum: 17 november 2023\" \/>\n<meta property=\"og:url\" content=\"https:\/\/demistrecords.nl\/de\/produkt\/mmth-infinite-heights-cd\/\" \/>\n<meta property=\"og:site_name\" content=\"De Mist Records\" \/>\n<meta property=\"article:publisher\" content=\"https:\/\/www.facebook.com\/demistrecordsnl\" \/>\n<meta property=\"article:modified_time\" content=\"2025-09-27T16:18:28+00:00\" \/>\n<meta property=\"og:image\" content=\"https:\/\/demistrecords.nl\/wp-content\/uploads\/2023\/11\/MMTH-Infinite-Heights-CD-Front.jpg\" \/>\n\t<meta property=\"og:image:width\" content=\"817\" \/>\n\t<meta property=\"og:image:height\" content=\"729\" \/>\n\t<meta property=\"og:image:type\" content=\"image\/jpeg\" \/>\n<meta name=\"twitter:card\" content=\"summary_large_image\" \/>\n<meta name=\"twitter:site\" content=\"@deathroo1\" \/>\n<meta name=\"twitter:label1\" content=\"Gesch\u00e4tzte Lesezeit\" \/>\n\t<meta name=\"twitter:data1\" content=\"1\u00a0Minute\" \/>\n<script type=\"application\/ld+json\" class=\"yoast-schema-graph\">{\"@context\":\"https:\\\/\\\/schema.org\",\"@graph\":[{\"@type\":[\"WebPage\",\"ItemPage\"],\"@id\":\"https:\\\/\\\/demistrecords.nl\\\/product\\\/mmth-infinite-heights-cd\\\/\",\"url\":\"https:\\\/\\\/demistrecords.nl\\\/product\\\/mmth-infinite-heights-cd\\\/\",\"name\":\"MMTH - Infinite Heights - CD\",\"isPartOf\":{\"@id\":\"https:\\\/\\\/demistrecords.nl\\\/#website\"},\"primaryImageOfPage\":{\"@id\":\"https:\\\/\\\/demistrecords.nl\\\/product\\\/mmth-infinite-heights-cd\\\/#primaryimage\"},\"image\":{\"@id\":\"https:\\\/\\\/demistrecords.nl\\\/product\\\/mmth-infinite-heights-cd\\\/#primaryimage\"},\"thumbnailUrl\":\"https:\\\/\\\/demistrecords.nl\\\/wp-content\\\/uploads\\\/2023\\\/11\\\/MMTH-Infinite-Heights-CD-Front.jpg\",\"datePublished\":\"2023-11-06T19:38:30+00:00\",\"dateModified\":\"2025-09-27T16:18:28+00:00\",\"description\":\"Tweede album van de postrockband uit Aurich. MMTH speelt een mix van postrock en postmetal maar probeert de typische postrock elementen te vermijden. Dat zorgt voor een verfrissende bik op het genre en bewijst dat MMTH boven zichzelf uit kan stijgen. Releasedatum: 17 november 2023\",\"breadcrumb\":{\"@id\":\"https:\\\/\\\/demistrecords.nl\\\/product\\\/mmth-infinite-heights-cd\\\/#breadcrumb\"},\"inLanguage\":\"de\",\"potentialAction\":[{\"@type\":\"ReadAction\",\"target\":[\"https:\\\/\\\/demistrecords.nl\\\/product\\\/mmth-infinite-heights-cd\\\/\"]}]},{\"@type\":\"ImageObject\",\"inLanguage\":\"de\",\"@id\":\"https:\\\/\\\/demistrecords.nl\\\/product\\\/mmth-infinite-heights-cd\\\/#primaryimage\",\"url\":\"https:\\\/\\\/demistrecords.nl\\\/wp-content\\\/uploads\\\/2023\\\/11\\\/MMTH-Infinite-Heights-CD-Front.jpg\",\"contentUrl\":\"https:\\\/\\\/demistrecords.nl\\\/wp-content\\\/uploads\\\/2023\\\/11\\\/MMTH-Infinite-Heights-CD-Front.jpg\",\"width\":817,\"height\":729},{\"@type\":\"BreadcrumbList\",\"@id\":\"https:\\\/\\\/demistrecords.nl\\\/product\\\/mmth-infinite-heights-cd\\\/#breadcrumb\",\"itemListElement\":[{\"@type\":\"ListItem\",\"position\":1,\"name\":\"Home\",\"item\":\"https:\\\/\\\/demistrecords.nl\\\/\"},{\"@type\":\"ListItem\",\"position\":2,\"name\":\"Shop\",\"item\":\"https:\\\/\\\/demistrecords.nl\\\/shop\\\/\"},{\"@type\":\"ListItem\",\"position\":3,\"name\":\"MMTH &#8211; Infinite Heights &#8211; CD\"}]},{\"@type\":\"WebSite\",\"@id\":\"https:\\\/\\\/demistrecords.nl\\\/#website\",\"url\":\"https:\\\/\\\/demistrecords.nl\\\/\",\"name\":\"De Mist Records\",\"description\":\"Post-rock and related music\",\"publisher\":{\"@id\":\"https:\\\/\\\/demistrecords.nl\\\/#organization\"},\"potentialAction\":[{\"@type\":\"SearchAction\",\"target\":{\"@type\":\"EntryPoint\",\"urlTemplate\":\"https:\\\/\\\/demistrecords.nl\\\/?s={search_term_string}\"},\"query-input\":{\"@type\":\"PropertyValueSpecification\",\"valueRequired\":true,\"valueName\":\"search_term_string\"}}],\"inLanguage\":\"de\"},{\"@type\":\"Organization\",\"@id\":\"https:\\\/\\\/demistrecords.nl\\\/#organization\",\"name\":\"De Mist Records\",\"url\":\"https:\\\/\\\/demistrecords.nl\\\/\",\"logo\":{\"@type\":\"ImageObject\",\"inLanguage\":\"de\",\"@id\":\"https:\\\/\\\/demistrecords.nl\\\/#\\\/schema\\\/logo\\\/image\\\/\",\"url\":\"https:\\\/\\\/demistrecords.nl\\\/wp-content\\\/uploads\\\/2020\\\/12\\\/logo-de-mist-records-rond.png\",\"contentUrl\":\"https:\\\/\\\/demistrecords.nl\\\/wp-content\\\/uploads\\\/2020\\\/12\\\/logo-de-mist-records-rond.png\",\"width\":500,\"height\":500,\"caption\":\"De Mist Records\"},\"image\":{\"@id\":\"https:\\\/\\\/demistrecords.nl\\\/#\\\/schema\\\/logo\\\/image\\\/\"},\"sameAs\":[\"https:\\\/\\\/www.facebook.com\\\/demistrecordsnl\",\"https:\\\/\\\/x.com\\\/deathroo1\",\"https:\\\/\\\/www.instagram.com\\\/demist_records\\\/\"]}]}<\/script>\n<!-- \/ Yoast SEO plugin. -->","yoast_head_json":{"title":"MMTH - Infinite Heights - CD","description":"Tweede album van de postrockband uit Aurich.  MMTH speelt een mix van postrock en postmetal maar probeert de typische postrock elementen te vermijden. Dat zorgt voor een verfrissende bik op het genre en bewijst dat MMTH boven zichzelf uit kan stijgen.  Releasedatum: 17 november 2023","robots":{"index":"index","follow":"follow","max-snippet":"max-snippet:-1","max-image-preview":"max-image-preview:large","max-video-preview":"max-video-preview:-1"},"canonical":"https:\/\/demistrecords.nl\/de\/produkt\/mmth-infinite-heights-cd\/","og_locale":"de_DE","og_type":"article","og_title":"MMTH - Infinite Heights - CD","og_description":"Tweede album van de postrockband uit Aurich.  MMTH speelt een mix van postrock en postmetal maar probeert de typische postrock elementen te vermijden. Dat zorgt voor een verfrissende bik op het genre en bewijst dat MMTH boven zichzelf uit kan stijgen.  Releasedatum: 17 november 2023","og_url":"https:\/\/demistrecords.nl\/de\/produkt\/mmth-infinite-heights-cd\/","og_site_name":"De Mist Records","article_publisher":"https:\/\/www.facebook.com\/demistrecordsnl","article_modified_time":"2025-09-27T16:18:28+00:00","og_image":[{"width":817,"height":729,"url":"https:\/\/demistrecords.nl\/wp-content\/uploads\/2023\/11\/MMTH-Infinite-Heights-CD-Front.jpg","type":"image\/jpeg"}],"twitter_card":"summary_large_image","twitter_site":"@deathroo1","twitter_misc":{"Gesch\u00e4tzte Lesezeit":"1\u00a0Minute"},"schema":{"@context":"https:\/\/schema.org","@graph":[{"@type":["WebPage","ItemPage"],"@id":"https:\/\/demistrecords.nl\/product\/mmth-infinite-heights-cd\/","url":"https:\/\/demistrecords.nl\/product\/mmth-infinite-heights-cd\/","name":"MMTH - Infinite Heights - CD","isPartOf":{"@id":"https:\/\/demistrecords.nl\/#website"},"primaryImageOfPage":{"@id":"https:\/\/demistrecords.nl\/product\/mmth-infinite-heights-cd\/#primaryimage"},"image":{"@id":"https:\/\/demistrecords.nl\/product\/mmth-infinite-heights-cd\/#primaryimage"},"thumbnailUrl":"https:\/\/demistrecords.nl\/wp-content\/uploads\/2023\/11\/MMTH-Infinite-Heights-CD-Front.jpg","datePublished":"2023-11-06T19:38:30+00:00","dateModified":"2025-09-27T16:18:28+00:00","description":"Tweede album van de postrockband uit Aurich. MMTH speelt een mix van postrock en postmetal maar probeert de typische postrock elementen te vermijden. Dat zorgt voor een verfrissende bik op het genre en bewijst dat MMTH boven zichzelf uit kan stijgen. Releasedatum: 17 november 2023","breadcrumb":{"@id":"https:\/\/demistrecords.nl\/product\/mmth-infinite-heights-cd\/#breadcrumb"},"inLanguage":"de","potentialAction":[{"@type":"ReadAction","target":["https:\/\/demistrecords.nl\/product\/mmth-infinite-heights-cd\/"]}]},{"@type":"ImageObject","inLanguage":"de","@id":"https:\/\/demistrecords.nl\/product\/mmth-infinite-heights-cd\/#primaryimage","url":"https:\/\/demistrecords.nl\/wp-content\/uploads\/2023\/11\/MMTH-Infinite-Heights-CD-Front.jpg","contentUrl":"https:\/\/demistrecords.nl\/wp-content\/uploads\/2023\/11\/MMTH-Infinite-Heights-CD-Front.jpg","width":817,"height":729},{"@type":"BreadcrumbList","@id":"https:\/\/demistrecords.nl\/product\/mmth-infinite-heights-cd\/#breadcrumb","itemListElement":[{"@type":"ListItem","position":1,"name":"Home","item":"https:\/\/demistrecords.nl\/"},{"@type":"ListItem","position":2,"name":"Shop","item":"https:\/\/demistrecords.nl\/shop\/"},{"@type":"ListItem","position":3,"name":"MMTH &#8211; Infinite Heights &#8211; CD"}]},{"@type":"WebSite","@id":"https:\/\/demistrecords.nl\/#website","url":"https:\/\/demistrecords.nl\/","name":"De Mist Records","description":"Post-rock and related music","publisher":{"@id":"https:\/\/demistrecords.nl\/#organization"},"potentialAction":[{"@type":"SearchAction","target":{"@type":"EntryPoint","urlTemplate":"https:\/\/demistrecords.nl\/?s={search_term_string}"},"query-input":{"@type":"PropertyValueSpecification","valueRequired":true,"valueName":"search_term_string"}}],"inLanguage":"de"},{"@type":"Organization","@id":"https:\/\/demistrecords.nl\/#organization","name":"De Mist Records","url":"https:\/\/demistrecords.nl\/","logo":{"@type":"ImageObject","inLanguage":"de","@id":"https:\/\/demistrecords.nl\/#\/schema\/logo\/image\/","url":"https:\/\/demistrecords.nl\/wp-content\/uploads\/2020\/12\/logo-de-mist-records-rond.png","contentUrl":"https:\/\/demistrecords.nl\/wp-content\/uploads\/2020\/12\/logo-de-mist-records-rond.png","width":500,"height":500,"caption":"De Mist Records"},"image":{"@id":"https:\/\/demistrecords.nl\/#\/schema\/logo\/image\/"},"sameAs":["https:\/\/www.facebook.com\/demistrecordsnl","https:\/\/x.com\/deathroo1","https:\/\/www.instagram.com\/demist_records\/"]}]}},"_links":{"self":[{"href":"https:\/\/demistrecords.nl\/de\/wp-json\/wp\/v2\/product\/1901","targetHints":{"allow":["GET"]}}],"collection":[{"href":"https:\/\/demistrecords.nl\/de\/wp-json\/wp\/v2\/product"}],"about":[{"href":"https:\/\/demistrecords.nl\/de\/wp-json\/wp\/v2\/types\/product"}],"replies":[{"embeddable":true,"href":"https:\/\/demistrecords.nl\/de\/wp-json\/wp\/v2\/comments?post=1901"}],"wp:featuredmedia":[{"embeddable":true,"href":"https:\/\/demistrecords.nl\/de\/wp-json\/wp\/v2\/media\/1902"}],"wp:attachment":[{"href":"https:\/\/demistrecords.nl\/de\/wp-json\/wp\/v2\/media?parent=1901"}],"wp:term":[{"taxonomy":"product_brand","embeddable":true,"href":"https:\/\/demistrecords.nl\/de\/wp-json\/wp\/v2\/product_brand?post=1901"},{"taxonomy":"product_cat","embeddable":true,"href":"https:\/\/demistrecords.nl\/de\/wp-json\/wp\/v2\/product_cat?post=1901"},{"taxonomy":"product_tag","embeddable":true,"href":"https:\/\/demistrecords.nl\/de\/wp-json\/wp\/v2\/product_tag?post=1901"}],"curies":[{"name":"wp","href":"https:\/\/api.w.org\/{rel}","templated":true}]}}