{"id":1966,"date":"2024-02-09T17:57:00","date_gmt":"2024-02-09T16:57:00","guid":{"rendered":"https:\/\/demistrecords.nl\/?post_type=product&#038;p=1966"},"modified":"2025-12-22T00:35:38","modified_gmt":"2025-12-21T23:35:38","slug":"din-of-celestial-birds-the-night-is-for-dreamers","status":"publish","type":"product","link":"https:\/\/demistrecords.nl\/de\/produkt\/din-of-celestial-birds-the-night-is-for-dreamers\/","title":{"rendered":"Din Of Celestial Birds &#8211; The Night Is For Dreamers"},"content":{"rendered":"<p>Das Deb\u00fctalbum <strong>The Night Is For Dreamers<\/strong> der britischen Post-Rock-Band <strong>Din Of Celestial Birds<\/strong> erschien im August 2023 und bereits nach einem Jahr waren ihnen die Exemplare ausgegangen, sodass sie sie verdr\u00e4ngen mussten. Erwarten Sie ein vertr\u00e4umtes Deb\u00fct einer der aufregendsten neuen Bands der europ\u00e4ischen Post-Rock-Szene, denn es bietet sanfte Crescendos, eindrucksvolle H\u00f6hepunkte und ist das komplette Post-Rock-Paket. Aber ein Komplettpaket zu sein bedeutet nicht, dass man ein Klischee ist.<br \/>\nZun\u00e4chst einmal kreiert die Band aus Leeds ihre Musik nicht mit zwei, sondern mit drei Gitarristen, was ihnen mehr kreative Freiheit gibt. H\u00f6re zum Beispiel ihren Song Junebug an, in dem ihre vielschichtige Gitarrenwand \u00fcber Ihren Kopf rollt, aber damit kommt es auf die verborgenen Details an. W\u00e4hrend der Album-Opener \u201eUtopia\u201c eher fr\u00f6hlich beginnt, entwickelt sich das Album im Laufe der Zeit in immer d\u00fcsterere Atmosph\u00e4ren. Ja, <strong>Din Of Celestial Birds<\/strong> schaffen Cresendos und H\u00f6hepunkte, f\u00fcr die das Genre ber\u00fchmt ist, aber die Band bietet auch einen frischen Input dazu. Das ist es, womit der Band sich vom \u00fcberf\u00fcllten filmischen Post-Rock-Genre abheben. \nEinige Songs stechen aber wirklich heraus, wie zum Beispiel Laureate Of American Lowlife. Diese 8-min\u00fctige Hommage an Charles Bukowski baut auf, hebt dich hoch, streichelt dich z\u00e4rtlich, l\u00e4sst dich aber auch fallen, bricht zusammen und zerschmettert alles. Vor allem aber nimmt es dich mit auf eine unerbittliche Achterbahnfahrt der Gef\u00fchle, ohne dass Fragen gestellt werden. Dies ist wahrscheinlich der Grund, warum <strong>Din Of Celestial Birds<\/strong> die Band Ranges auf dem britischen Teil ihrer bevorstehenden Europatour begleiten wird.<br \/>\nAndere herausragende Songs sind MMEC und Downpour. Es hat diese besondere Atmosph\u00e4re und Details, die an die Band Long Distance Calling erinnern. <strong>The Night Is For Dreamers<\/strong> katapultiert die Band in die erste Liga des filmischen Post-Rocks, aber bedenken Sie, dass dies nur ihr Deb\u00fctalbum ist.<\/p>\n<p><strong>The Night Is For Dreamers<\/strong> ist f\u00fcr Fans von Maybeshewill, Ranges, PG. Lost, Long Distance Calling usw.<\/p>\n<p>Die zweite Auflage ist in zwei Versionen erh\u00e4ltlich, beide auf nur 200 Exemplare limitiert:<br \/>\nMarmor Pulsar \u2013 Wei\u00df mit schwarzem Marmor, mit schwarzem und wei\u00dfem Marmor-Pulsar<br \/>\nMarmor Splattered \u2013 transviolette Basis mit hellschwarzem Rauch + rosa, violetten und blauen Splatter<\/p>","protected":false},"excerpt":{"rendered":"<p>Din Of Celestial Birds spielt filmischen Post-Rock und kommt aus Leeds (UK). Dies ist die zweite Pressung des Deb\u00fctalbums The Night Is For Dreamers und ist in zwei Versionen erh\u00e4ltlich, beide auf nur 200 Exemplare limitiert:<br \/>\nMarmor Pulsar \u2013 Wei\u00df mit schwarzem Marmor, mit schwarzem und wei\u00dfem Marmor-Pulsar<br \/>\nMarmor Splattered \u2013 transviolette Basis mit hellschwarzem Rauch + rosa, violetten und blauen Splatter<\/p>","protected":false},"featured_media":1968,"comment_status":"closed","ping_status":"closed","template":"","meta":[],"product_brand":[],"product_cat":[23,15],"product_tag":[28],"class_list":{"0":"post-1966","1":"product","2":"type-product","3":"status-publish","4":"has-post-thumbnail","6":"product_cat-exclusief","7":"product_cat-vinyl-12-lp","8":"product_tag-post-rock","10":"first","11":"instock","12":"taxable","13":"shipping-taxable","14":"purchasable","15":"product-type-variable"},"bundled_by":[],"bundle_stock_status":"instock","bundle_stock_quantity":null,"bundle_virtual":false,"bundle_layout":"","bundle_add_to_cart_form_location":"","bundle_editable_in_cart":false,"bundle_sold_individually_context":"","bundle_item_grouping":"","bundle_min_size":"","bundle_max_size":"","bundle_price":[],"bundled_items":[],"bundle_sell_ids":[],"yoast_head":"<!-- This site is optimized with the Yoast SEO plugin v27.4 - https:\/\/yoast.com\/product\/yoast-seo-wordpress\/ -->\n<title>Din Of Celestial Birds - The Night Is For Dreamers<\/title>\n<meta name=\"description\" content=\"Din Of Celestial Birds speelt cinematic postrock en komt uit Leeds (UK). Dit is de tweede persing van het debuutalbum The Night Is For Dreamers en is beschikbaar in twee versies, beide beperkt tot slechts 200 exemplaren: Marbled pulsar - Wit met zwart marmeren basis met zwart met wit marmeren pulsar Marbled splatter - transviolette basis met lichtzwarte rook + roze, paarse en blauwe splatter\" \/>\n<meta name=\"robots\" content=\"index, follow, max-snippet:-1, max-image-preview:large, max-video-preview:-1\" \/>\n<link rel=\"canonical\" href=\"https:\/\/demistrecords.nl\/de\/produkt\/din-of-celestial-birds-the-night-is-for-dreamers\/\" \/>\n<meta property=\"og:locale\" content=\"de_DE\" \/>\n<meta property=\"og:type\" content=\"article\" \/>\n<meta property=\"og:title\" content=\"Din Of Celestial Birds - The Night Is For Dreamers\" \/>\n<meta property=\"og:description\" content=\"Din Of Celestial Birds speelt cinematic postrock en komt uit Leeds (UK). Dit is de tweede persing van het debuutalbum The Night Is For Dreamers en is beschikbaar in twee versies, beide beperkt tot slechts 200 exemplaren: Marbled pulsar - Wit met zwart marmeren basis met zwart met wit marmeren pulsar Marbled splatter - transviolette basis met lichtzwarte rook + roze, paarse en blauwe splatter\" \/>\n<meta property=\"og:url\" content=\"https:\/\/demistrecords.nl\/de\/produkt\/din-of-celestial-birds-the-night-is-for-dreamers\/\" \/>\n<meta property=\"og:site_name\" content=\"De Mist Records\" \/>\n<meta property=\"article:publisher\" content=\"https:\/\/www.facebook.com\/demistrecordsnl\" \/>\n<meta property=\"article:modified_time\" content=\"2025-12-21T23:35:38+00:00\" \/>\n<meta property=\"og:image\" content=\"https:\/\/demistrecords.nl\/wp-content\/uploads\/2024\/02\/Din-Of-Celestial-Birds-The-Night-Is-For-Dreamers-Frontcover.jpg\" \/>\n\t<meta property=\"og:image:width\" content=\"1200\" \/>\n\t<meta property=\"og:image:height\" content=\"1200\" \/>\n\t<meta property=\"og:image:type\" content=\"image\/jpeg\" \/>\n<meta name=\"twitter:card\" content=\"summary_large_image\" \/>\n<meta name=\"twitter:site\" content=\"@deathroo1\" \/>\n<meta name=\"twitter:label1\" content=\"Gesch\u00e4tzte Lesezeit\" \/>\n\t<meta name=\"twitter:data1\" content=\"2\u00a0Minuten\" \/>\n<script type=\"application\/ld+json\" class=\"yoast-schema-graph\">{\"@context\":\"https:\\\/\\\/schema.org\",\"@graph\":[{\"@type\":[\"WebPage\",\"ItemPage\"],\"@id\":\"https:\\\/\\\/demistrecords.nl\\\/product\\\/din-of-celestial-birds-the-night-is-for-dreamers\\\/\",\"url\":\"https:\\\/\\\/demistrecords.nl\\\/product\\\/din-of-celestial-birds-the-night-is-for-dreamers\\\/\",\"name\":\"Din Of Celestial Birds - The Night Is For Dreamers\",\"isPartOf\":{\"@id\":\"https:\\\/\\\/demistrecords.nl\\\/#website\"},\"primaryImageOfPage\":{\"@id\":\"https:\\\/\\\/demistrecords.nl\\\/product\\\/din-of-celestial-birds-the-night-is-for-dreamers\\\/#primaryimage\"},\"image\":{\"@id\":\"https:\\\/\\\/demistrecords.nl\\\/product\\\/din-of-celestial-birds-the-night-is-for-dreamers\\\/#primaryimage\"},\"thumbnailUrl\":\"https:\\\/\\\/demistrecords.nl\\\/wp-content\\\/uploads\\\/2024\\\/02\\\/Din-Of-Celestial-Birds-The-Night-Is-For-Dreamers-Frontcover.jpg\",\"datePublished\":\"2024-02-09T16:57:00+00:00\",\"dateModified\":\"2025-12-21T23:35:38+00:00\",\"description\":\"Din Of Celestial Birds speelt cinematic postrock en komt uit Leeds (UK). Dit is de tweede persing van het debuutalbum The Night Is For Dreamers en is beschikbaar in twee versies, beide beperkt tot slechts 200 exemplaren: Marbled pulsar - Wit met zwart marmeren basis met zwart met wit marmeren pulsar Marbled splatter - transviolette basis met lichtzwarte rook + roze, paarse en blauwe splatter\",\"breadcrumb\":{\"@id\":\"https:\\\/\\\/demistrecords.nl\\\/product\\\/din-of-celestial-birds-the-night-is-for-dreamers\\\/#breadcrumb\"},\"inLanguage\":\"de\",\"potentialAction\":[{\"@type\":\"ReadAction\",\"target\":[\"https:\\\/\\\/demistrecords.nl\\\/product\\\/din-of-celestial-birds-the-night-is-for-dreamers\\\/\"]}]},{\"@type\":\"ImageObject\",\"inLanguage\":\"de\",\"@id\":\"https:\\\/\\\/demistrecords.nl\\\/product\\\/din-of-celestial-birds-the-night-is-for-dreamers\\\/#primaryimage\",\"url\":\"https:\\\/\\\/demistrecords.nl\\\/wp-content\\\/uploads\\\/2024\\\/02\\\/Din-Of-Celestial-Birds-The-Night-Is-For-Dreamers-Frontcover.jpg\",\"contentUrl\":\"https:\\\/\\\/demistrecords.nl\\\/wp-content\\\/uploads\\\/2024\\\/02\\\/Din-Of-Celestial-Birds-The-Night-Is-For-Dreamers-Frontcover.jpg\",\"width\":1200,\"height\":1200},{\"@type\":\"BreadcrumbList\",\"@id\":\"https:\\\/\\\/demistrecords.nl\\\/product\\\/din-of-celestial-birds-the-night-is-for-dreamers\\\/#breadcrumb\",\"itemListElement\":[{\"@type\":\"ListItem\",\"position\":1,\"name\":\"Home\",\"item\":\"https:\\\/\\\/demistrecords.nl\\\/\"},{\"@type\":\"ListItem\",\"position\":2,\"name\":\"Shop\",\"item\":\"https:\\\/\\\/demistrecords.nl\\\/shop\\\/\"},{\"@type\":\"ListItem\",\"position\":3,\"name\":\"Din Of Celestial Birds &#8211; The Night Is For Dreamers\"}]},{\"@type\":\"WebSite\",\"@id\":\"https:\\\/\\\/demistrecords.nl\\\/#website\",\"url\":\"https:\\\/\\\/demistrecords.nl\\\/\",\"name\":\"De Mist Records\",\"description\":\"Post-rock and related music\",\"publisher\":{\"@id\":\"https:\\\/\\\/demistrecords.nl\\\/#organization\"},\"potentialAction\":[{\"@type\":\"SearchAction\",\"target\":{\"@type\":\"EntryPoint\",\"urlTemplate\":\"https:\\\/\\\/demistrecords.nl\\\/?s={search_term_string}\"},\"query-input\":{\"@type\":\"PropertyValueSpecification\",\"valueRequired\":true,\"valueName\":\"search_term_string\"}}],\"inLanguage\":\"de\"},{\"@type\":\"Organization\",\"@id\":\"https:\\\/\\\/demistrecords.nl\\\/#organization\",\"name\":\"De Mist Records\",\"url\":\"https:\\\/\\\/demistrecords.nl\\\/\",\"logo\":{\"@type\":\"ImageObject\",\"inLanguage\":\"de\",\"@id\":\"https:\\\/\\\/demistrecords.nl\\\/#\\\/schema\\\/logo\\\/image\\\/\",\"url\":\"https:\\\/\\\/demistrecords.nl\\\/wp-content\\\/uploads\\\/2020\\\/12\\\/logo-de-mist-records-rond.png\",\"contentUrl\":\"https:\\\/\\\/demistrecords.nl\\\/wp-content\\\/uploads\\\/2020\\\/12\\\/logo-de-mist-records-rond.png\",\"width\":500,\"height\":500,\"caption\":\"De Mist Records\"},\"image\":{\"@id\":\"https:\\\/\\\/demistrecords.nl\\\/#\\\/schema\\\/logo\\\/image\\\/\"},\"sameAs\":[\"https:\\\/\\\/www.facebook.com\\\/demistrecordsnl\",\"https:\\\/\\\/x.com\\\/deathroo1\",\"https:\\\/\\\/www.instagram.com\\\/demist_records\\\/\"]}]}<\/script>\n<!-- \/ Yoast SEO plugin. -->","yoast_head_json":{"title":"Din Of Celestial Birds - The Night Is For Dreamers","description":"Din Of Celestial Birds speelt cinematic postrock en komt uit Leeds (UK). Dit is de tweede persing van het debuutalbum The Night Is For Dreamers en is beschikbaar in twee versies, beide beperkt tot slechts 200 exemplaren: Marbled pulsar - Wit met zwart marmeren basis met zwart met wit marmeren pulsar Marbled splatter - transviolette basis met lichtzwarte rook + roze, paarse en blauwe splatter","robots":{"index":"index","follow":"follow","max-snippet":"max-snippet:-1","max-image-preview":"max-image-preview:large","max-video-preview":"max-video-preview:-1"},"canonical":"https:\/\/demistrecords.nl\/de\/produkt\/din-of-celestial-birds-the-night-is-for-dreamers\/","og_locale":"de_DE","og_type":"article","og_title":"Din Of Celestial Birds - The Night Is For Dreamers","og_description":"Din Of Celestial Birds speelt cinematic postrock en komt uit Leeds (UK). Dit is de tweede persing van het debuutalbum The Night Is For Dreamers en is beschikbaar in twee versies, beide beperkt tot slechts 200 exemplaren: Marbled pulsar - Wit met zwart marmeren basis met zwart met wit marmeren pulsar Marbled splatter - transviolette basis met lichtzwarte rook + roze, paarse en blauwe splatter","og_url":"https:\/\/demistrecords.nl\/de\/produkt\/din-of-celestial-birds-the-night-is-for-dreamers\/","og_site_name":"De Mist Records","article_publisher":"https:\/\/www.facebook.com\/demistrecordsnl","article_modified_time":"2025-12-21T23:35:38+00:00","og_image":[{"width":1200,"height":1200,"url":"https:\/\/demistrecords.nl\/wp-content\/uploads\/2024\/02\/Din-Of-Celestial-Birds-The-Night-Is-For-Dreamers-Frontcover.jpg","type":"image\/jpeg"}],"twitter_card":"summary_large_image","twitter_site":"@deathroo1","twitter_misc":{"Gesch\u00e4tzte Lesezeit":"2\u00a0Minuten"},"schema":{"@context":"https:\/\/schema.org","@graph":[{"@type":["WebPage","ItemPage"],"@id":"https:\/\/demistrecords.nl\/product\/din-of-celestial-birds-the-night-is-for-dreamers\/","url":"https:\/\/demistrecords.nl\/product\/din-of-celestial-birds-the-night-is-for-dreamers\/","name":"Din Of Celestial Birds - The Night Is For Dreamers","isPartOf":{"@id":"https:\/\/demistrecords.nl\/#website"},"primaryImageOfPage":{"@id":"https:\/\/demistrecords.nl\/product\/din-of-celestial-birds-the-night-is-for-dreamers\/#primaryimage"},"image":{"@id":"https:\/\/demistrecords.nl\/product\/din-of-celestial-birds-the-night-is-for-dreamers\/#primaryimage"},"thumbnailUrl":"https:\/\/demistrecords.nl\/wp-content\/uploads\/2024\/02\/Din-Of-Celestial-Birds-The-Night-Is-For-Dreamers-Frontcover.jpg","datePublished":"2024-02-09T16:57:00+00:00","dateModified":"2025-12-21T23:35:38+00:00","description":"Din Of Celestial Birds speelt cinematic postrock en komt uit Leeds (UK). Dit is de tweede persing van het debuutalbum The Night Is For Dreamers en is beschikbaar in twee versies, beide beperkt tot slechts 200 exemplaren: Marbled pulsar - Wit met zwart marmeren basis met zwart met wit marmeren pulsar Marbled splatter - transviolette basis met lichtzwarte rook + roze, paarse en blauwe splatter","breadcrumb":{"@id":"https:\/\/demistrecords.nl\/product\/din-of-celestial-birds-the-night-is-for-dreamers\/#breadcrumb"},"inLanguage":"de","potentialAction":[{"@type":"ReadAction","target":["https:\/\/demistrecords.nl\/product\/din-of-celestial-birds-the-night-is-for-dreamers\/"]}]},{"@type":"ImageObject","inLanguage":"de","@id":"https:\/\/demistrecords.nl\/product\/din-of-celestial-birds-the-night-is-for-dreamers\/#primaryimage","url":"https:\/\/demistrecords.nl\/wp-content\/uploads\/2024\/02\/Din-Of-Celestial-Birds-The-Night-Is-For-Dreamers-Frontcover.jpg","contentUrl":"https:\/\/demistrecords.nl\/wp-content\/uploads\/2024\/02\/Din-Of-Celestial-Birds-The-Night-Is-For-Dreamers-Frontcover.jpg","width":1200,"height":1200},{"@type":"BreadcrumbList","@id":"https:\/\/demistrecords.nl\/product\/din-of-celestial-birds-the-night-is-for-dreamers\/#breadcrumb","itemListElement":[{"@type":"ListItem","position":1,"name":"Home","item":"https:\/\/demistrecords.nl\/"},{"@type":"ListItem","position":2,"name":"Shop","item":"https:\/\/demistrecords.nl\/shop\/"},{"@type":"ListItem","position":3,"name":"Din Of Celestial Birds &#8211; The Night Is For Dreamers"}]},{"@type":"WebSite","@id":"https:\/\/demistrecords.nl\/#website","url":"https:\/\/demistrecords.nl\/","name":"De Mist Records","description":"Post-rock and related music","publisher":{"@id":"https:\/\/demistrecords.nl\/#organization"},"potentialAction":[{"@type":"SearchAction","target":{"@type":"EntryPoint","urlTemplate":"https:\/\/demistrecords.nl\/?s={search_term_string}"},"query-input":{"@type":"PropertyValueSpecification","valueRequired":true,"valueName":"search_term_string"}}],"inLanguage":"de"},{"@type":"Organization","@id":"https:\/\/demistrecords.nl\/#organization","name":"De Mist Records","url":"https:\/\/demistrecords.nl\/","logo":{"@type":"ImageObject","inLanguage":"de","@id":"https:\/\/demistrecords.nl\/#\/schema\/logo\/image\/","url":"https:\/\/demistrecords.nl\/wp-content\/uploads\/2020\/12\/logo-de-mist-records-rond.png","contentUrl":"https:\/\/demistrecords.nl\/wp-content\/uploads\/2020\/12\/logo-de-mist-records-rond.png","width":500,"height":500,"caption":"De Mist Records"},"image":{"@id":"https:\/\/demistrecords.nl\/#\/schema\/logo\/image\/"},"sameAs":["https:\/\/www.facebook.com\/demistrecordsnl","https:\/\/x.com\/deathroo1","https:\/\/www.instagram.com\/demist_records\/"]}]}},"_links":{"self":[{"href":"https:\/\/demistrecords.nl\/de\/wp-json\/wp\/v2\/product\/1966","targetHints":{"allow":["GET"]}}],"collection":[{"href":"https:\/\/demistrecords.nl\/de\/wp-json\/wp\/v2\/product"}],"about":[{"href":"https:\/\/demistrecords.nl\/de\/wp-json\/wp\/v2\/types\/product"}],"replies":[{"embeddable":true,"href":"https:\/\/demistrecords.nl\/de\/wp-json\/wp\/v2\/comments?post=1966"}],"wp:featuredmedia":[{"embeddable":true,"href":"https:\/\/demistrecords.nl\/de\/wp-json\/wp\/v2\/media\/1968"}],"wp:attachment":[{"href":"https:\/\/demistrecords.nl\/de\/wp-json\/wp\/v2\/media?parent=1966"}],"wp:term":[{"taxonomy":"product_brand","embeddable":true,"href":"https:\/\/demistrecords.nl\/de\/wp-json\/wp\/v2\/product_brand?post=1966"},{"taxonomy":"product_cat","embeddable":true,"href":"https:\/\/demistrecords.nl\/de\/wp-json\/wp\/v2\/product_cat?post=1966"},{"taxonomy":"product_tag","embeddable":true,"href":"https:\/\/demistrecords.nl\/de\/wp-json\/wp\/v2\/product_tag?post=1966"}],"curies":[{"name":"wp","href":"https:\/\/api.w.org\/{rel}","templated":true}]}}