{"id":1985,"date":"2024-02-23T14:10:23","date_gmt":"2024-02-23T13:10:23","guid":{"rendered":"https:\/\/demistrecords.nl\/?post_type=product&#038;p=1985"},"modified":"2026-03-03T17:04:04","modified_gmt":"2026-03-03T16:04:04","slug":"bruecken-schall-und-raum","status":"publish","type":"product","link":"https:\/\/demistrecords.nl\/de\/produkt\/bruecken-schall-und-raum\/","title":{"rendered":"BRUECKEN &#8211; Schall Und Raum"},"content":{"rendered":"<p>Die Oldenburger Bruecken geben ihrem Deb\u00fctalbum \u201eSchall Und Raum\u201c ein kurzes Intro, um dann die Abk\u00fcrzung zu nehmen und bis auf die Knochen zu schneiden (daher die Farbe des Vinyls?). Auf den ersten Blick klingen sie ziemlich geradlinig, man k\u00f6nnte meinen, es handele sich lediglich um ein weiteres instrumentales Post-Hardcore-Album mit Post-Rock-Elementen. Aber wenn man sich die Songs genauer anh\u00f6rt, werden man einige zus\u00e4tzliche Ebenen und Einfl\u00fcsse entdecken. Der Albumtitel bedeutet \u201eSound and Room\u201c, und das ist genau das, was diese Platte braucht. Es braucht Raum zum Atmen, und es braucht Volumen, viel Volumen.<\/p>\n<p>Diese Platte entstand in einer Zeit schwieriger Bedingungen, aber auch in tiefer Verbundenheit. Es ist ein Versuch, Gef\u00fchle durch Musik zu einem \u00fcberraschenden und \u00fcberw\u00e4ltigenden Gef\u00fchl der Ohnmacht auszudr\u00fccken, wenn jemand pl\u00f6tzlich fehlt und man pl\u00f6tzlich die Entscheidungen anderer Menschen akzeptieren muss, andere Wege einzuschlagen. Andererseits sp\u00fcrt man eine tiefe Freude und Dankbarkeit dar\u00fcber, dass neue Verbindungen entstehen und alte Werte sich bew\u00e4hren.<\/p>\n<p>Schall und Raum hat die starke Bindung als Gruppe gest\u00e4rkt, was dieses Album zu einer soliden Grundlage f\u00fcr das Entstehen und Bl\u00fchen von Hoffnung macht, wenn man ihnen die zus\u00e4tzliche Zeit gibt, sich auszudr\u00fccken. Auf diesem Album geht es darum, mit der Unf\u00e4higkeit zu k\u00e4mpfen, unerledigte Dinge zu Ende zu bringen. Anstatt frustriert dar\u00fcber zu sein, loslassen zu m\u00fcssen, geht es darum, sich auf die M\u00f6glichkeiten zu konzentrieren, die bleiben, wenn andere Optionen keine Option mehr sind. Es lehrt uns, darauf zu vertrauen, dass wir den notwendigen Schritt zur\u00fcck machen, bevor wir einen Sprung nach vorne machen k\u00f6nnen.<\/p>\n<p>Bruecken (korrekt als Br\u00fccken geschrieben) m\u00f6chte Menschen durch ihre Musik verbinden. Sich gegen den Hass und die Ungerechtigkeit zu wehren, die Rassismus, Antisemitismus, Sexismus, Fanatismus und Kapitalismus im Alltag unserer Mitmenschen verbreiten. Sich gegen die Monstrosit\u00e4t der Politik zu wehren, alle Mittel zur Rettung unseres Planeten in der Hand zu haben und dennoch kl\u00e4glich zu scheitern.<\/p>\n<p>Bruecken verbindet, sei ein Teil von Bruecken!<\/p>","protected":false},"excerpt":{"rendered":"<p>Die Erstausgabe von Schall Und Raum erschien 2019 in einer Auflage von 100 Exemplaren auf \u201esea-blue\u201c Vinyl.<br \/>\nDiese zweite Auflage erschien 2022 in einer Auflage von 250 St\u00fcck in der Farbe \u201eBone\u201c.<\/p>\n<p>Atmosph\u00e4rischer Post-Rock aus Oldenburg (Deutschland) mit deutlichen Spuren von Post-Hardcore und Shoegaze.<\/p>","protected":false},"featured_media":1986,"comment_status":"closed","ping_status":"closed","template":"","meta":[],"product_brand":[],"product_cat":[23,21,15],"product_tag":[28,34,37],"class_list":{"0":"post-1985","1":"product","2":"type-product","3":"status-publish","4":"has-post-thumbnail","6":"product_cat-exclusief","7":"product_cat-nieuw","8":"product_cat-vinyl-12-lp","9":"product_tag-post-rock","10":"product_tag-posthardcore","11":"product_tag-shoegaze","13":"first","14":"instock","15":"taxable","16":"shipping-taxable","17":"purchasable","18":"product-type-simple"},"bundled_by":[],"bundle_stock_status":"instock","bundle_stock_quantity":3,"bundle_virtual":false,"bundle_layout":"","bundle_add_to_cart_form_location":"","bundle_editable_in_cart":false,"bundle_sold_individually_context":"","bundle_item_grouping":"","bundle_min_size":"","bundle_max_size":"","bundle_price":[],"bundled_items":[],"bundle_sell_ids":[],"yoast_head":"<!-- This site is optimized with the Yoast SEO plugin v27.5 - https:\/\/yoast.com\/product\/yoast-seo-wordpress\/ -->\n<title>BRUECKEN - Schall Und Raum<\/title>\n<meta name=\"description\" content=\"De eerste druk van Schall Und Raum verscheen in oplage van 100 stuks in 2019 op &#039;sea-blue&#039; vinyl. Deze tweede druk verscheen in 2022 in een oplage van 250 stuks in de kleur &#039;bone&#039;.  Atmosferische post-rock uit Oldenburg (Duitsland) met duidelijke sporen uit Post-hardcore en shoegaze.\" \/>\n<meta name=\"robots\" content=\"index, follow, max-snippet:-1, max-image-preview:large, max-video-preview:-1\" \/>\n<link rel=\"canonical\" href=\"https:\/\/demistrecords.nl\/de\/produkt\/bruecken-schall-und-raum\/\" \/>\n<meta property=\"og:locale\" content=\"de_DE\" \/>\n<meta property=\"og:type\" content=\"article\" \/>\n<meta property=\"og:title\" content=\"BRUECKEN - Schall Und Raum\" \/>\n<meta property=\"og:description\" content=\"De eerste druk van Schall Und Raum verscheen in oplage van 100 stuks in 2019 op &#039;sea-blue&#039; vinyl. Deze tweede druk verscheen in 2022 in een oplage van 250 stuks in de kleur &#039;bone&#039;.  Atmosferische post-rock uit Oldenburg (Duitsland) met duidelijke sporen uit Post-hardcore en shoegaze.\" \/>\n<meta property=\"og:url\" content=\"https:\/\/demistrecords.nl\/de\/produkt\/bruecken-schall-und-raum\/\" \/>\n<meta property=\"og:site_name\" content=\"De Mist Records\" \/>\n<meta property=\"article:publisher\" content=\"https:\/\/www.facebook.com\/demistrecordsnl\" \/>\n<meta property=\"article:modified_time\" content=\"2026-03-03T16:04:04+00:00\" \/>\n<meta property=\"og:image\" content=\"https:\/\/demistrecords.nl\/wp-content\/uploads\/2024\/02\/Bruecken-Schall-und-Raum.jpg\" \/>\n\t<meta property=\"og:image:width\" content=\"2120\" \/>\n\t<meta property=\"og:image:height\" content=\"2120\" \/>\n\t<meta property=\"og:image:type\" content=\"image\/jpeg\" \/>\n<meta name=\"twitter:card\" content=\"summary_large_image\" \/>\n<meta name=\"twitter:site\" content=\"@deathroo1\" \/>\n<meta name=\"twitter:label1\" content=\"Gesch\u00e4tzte Lesezeit\" \/>\n\t<meta name=\"twitter:data1\" content=\"2\u00a0Minuten\" \/>\n<script type=\"application\/ld+json\" class=\"yoast-schema-graph\">{\"@context\":\"https:\\\/\\\/schema.org\",\"@graph\":[{\"@type\":[\"WebPage\",\"ItemPage\"],\"@id\":\"https:\\\/\\\/demistrecords.nl\\\/product\\\/bruecken-schall-und-raum\\\/\",\"url\":\"https:\\\/\\\/demistrecords.nl\\\/product\\\/bruecken-schall-und-raum\\\/\",\"name\":\"BRUECKEN - Schall Und Raum\",\"isPartOf\":{\"@id\":\"https:\\\/\\\/demistrecords.nl\\\/#website\"},\"primaryImageOfPage\":{\"@id\":\"https:\\\/\\\/demistrecords.nl\\\/product\\\/bruecken-schall-und-raum\\\/#primaryimage\"},\"image\":{\"@id\":\"https:\\\/\\\/demistrecords.nl\\\/product\\\/bruecken-schall-und-raum\\\/#primaryimage\"},\"thumbnailUrl\":\"https:\\\/\\\/demistrecords.nl\\\/wp-content\\\/uploads\\\/2024\\\/02\\\/Bruecken-Schall-und-Raum.jpg\",\"datePublished\":\"2024-02-23T13:10:23+00:00\",\"dateModified\":\"2026-03-03T16:04:04+00:00\",\"description\":\"De eerste druk van Schall Und Raum verscheen in oplage van 100 stuks in 2019 op 'sea-blue' vinyl. Deze tweede druk verscheen in 2022 in een oplage van 250 stuks in de kleur 'bone'. Atmosferische post-rock uit Oldenburg (Duitsland) met duidelijke sporen uit Post-hardcore en shoegaze.\",\"breadcrumb\":{\"@id\":\"https:\\\/\\\/demistrecords.nl\\\/product\\\/bruecken-schall-und-raum\\\/#breadcrumb\"},\"inLanguage\":\"de\",\"potentialAction\":[{\"@type\":\"ReadAction\",\"target\":[\"https:\\\/\\\/demistrecords.nl\\\/product\\\/bruecken-schall-und-raum\\\/\"]}]},{\"@type\":\"ImageObject\",\"inLanguage\":\"de\",\"@id\":\"https:\\\/\\\/demistrecords.nl\\\/product\\\/bruecken-schall-und-raum\\\/#primaryimage\",\"url\":\"https:\\\/\\\/demistrecords.nl\\\/wp-content\\\/uploads\\\/2024\\\/02\\\/Bruecken-Schall-und-Raum.jpg\",\"contentUrl\":\"https:\\\/\\\/demistrecords.nl\\\/wp-content\\\/uploads\\\/2024\\\/02\\\/Bruecken-Schall-und-Raum.jpg\",\"width\":2120,\"height\":2120},{\"@type\":\"BreadcrumbList\",\"@id\":\"https:\\\/\\\/demistrecords.nl\\\/product\\\/bruecken-schall-und-raum\\\/#breadcrumb\",\"itemListElement\":[{\"@type\":\"ListItem\",\"position\":1,\"name\":\"Home\",\"item\":\"https:\\\/\\\/demistrecords.nl\\\/\"},{\"@type\":\"ListItem\",\"position\":2,\"name\":\"Shop\",\"item\":\"https:\\\/\\\/demistrecords.nl\\\/shop\\\/\"},{\"@type\":\"ListItem\",\"position\":3,\"name\":\"BRUECKEN &#8211; Schall Und Raum\"}]},{\"@type\":\"WebSite\",\"@id\":\"https:\\\/\\\/demistrecords.nl\\\/#website\",\"url\":\"https:\\\/\\\/demistrecords.nl\\\/\",\"name\":\"De Mist Records\",\"description\":\"Post-rock and related music\",\"publisher\":{\"@id\":\"https:\\\/\\\/demistrecords.nl\\\/#organization\"},\"potentialAction\":[{\"@type\":\"SearchAction\",\"target\":{\"@type\":\"EntryPoint\",\"urlTemplate\":\"https:\\\/\\\/demistrecords.nl\\\/?s={search_term_string}\"},\"query-input\":{\"@type\":\"PropertyValueSpecification\",\"valueRequired\":true,\"valueName\":\"search_term_string\"}}],\"inLanguage\":\"de\"},{\"@type\":\"Organization\",\"@id\":\"https:\\\/\\\/demistrecords.nl\\\/#organization\",\"name\":\"De Mist Records\",\"url\":\"https:\\\/\\\/demistrecords.nl\\\/\",\"logo\":{\"@type\":\"ImageObject\",\"inLanguage\":\"de\",\"@id\":\"https:\\\/\\\/demistrecords.nl\\\/#\\\/schema\\\/logo\\\/image\\\/\",\"url\":\"https:\\\/\\\/demistrecords.nl\\\/wp-content\\\/uploads\\\/2020\\\/12\\\/logo-de-mist-records-rond.png\",\"contentUrl\":\"https:\\\/\\\/demistrecords.nl\\\/wp-content\\\/uploads\\\/2020\\\/12\\\/logo-de-mist-records-rond.png\",\"width\":500,\"height\":500,\"caption\":\"De Mist Records\"},\"image\":{\"@id\":\"https:\\\/\\\/demistrecords.nl\\\/#\\\/schema\\\/logo\\\/image\\\/\"},\"sameAs\":[\"https:\\\/\\\/www.facebook.com\\\/demistrecordsnl\",\"https:\\\/\\\/x.com\\\/deathroo1\",\"https:\\\/\\\/www.instagram.com\\\/demist_records\\\/\"]}]}<\/script>\n<!-- \/ Yoast SEO plugin. -->","yoast_head_json":{"title":"BRUECKEN - Schall Und Raum","description":"De eerste druk van Schall Und Raum verscheen in oplage van 100 stuks in 2019 op 'sea-blue' vinyl. Deze tweede druk verscheen in 2022 in een oplage van 250 stuks in de kleur 'bone'.  Atmosferische post-rock uit Oldenburg (Duitsland) met duidelijke sporen uit Post-hardcore en shoegaze.","robots":{"index":"index","follow":"follow","max-snippet":"max-snippet:-1","max-image-preview":"max-image-preview:large","max-video-preview":"max-video-preview:-1"},"canonical":"https:\/\/demistrecords.nl\/de\/produkt\/bruecken-schall-und-raum\/","og_locale":"de_DE","og_type":"article","og_title":"BRUECKEN - Schall Und Raum","og_description":"De eerste druk van Schall Und Raum verscheen in oplage van 100 stuks in 2019 op 'sea-blue' vinyl. Deze tweede druk verscheen in 2022 in een oplage van 250 stuks in de kleur 'bone'.  Atmosferische post-rock uit Oldenburg (Duitsland) met duidelijke sporen uit Post-hardcore en shoegaze.","og_url":"https:\/\/demistrecords.nl\/de\/produkt\/bruecken-schall-und-raum\/","og_site_name":"De Mist Records","article_publisher":"https:\/\/www.facebook.com\/demistrecordsnl","article_modified_time":"2026-03-03T16:04:04+00:00","og_image":[{"width":2120,"height":2120,"url":"https:\/\/demistrecords.nl\/wp-content\/uploads\/2024\/02\/Bruecken-Schall-und-Raum.jpg","type":"image\/jpeg"}],"twitter_card":"summary_large_image","twitter_site":"@deathroo1","twitter_misc":{"Gesch\u00e4tzte Lesezeit":"2\u00a0Minuten"},"schema":{"@context":"https:\/\/schema.org","@graph":[{"@type":["WebPage","ItemPage"],"@id":"https:\/\/demistrecords.nl\/product\/bruecken-schall-und-raum\/","url":"https:\/\/demistrecords.nl\/product\/bruecken-schall-und-raum\/","name":"BRUECKEN - Schall Und Raum","isPartOf":{"@id":"https:\/\/demistrecords.nl\/#website"},"primaryImageOfPage":{"@id":"https:\/\/demistrecords.nl\/product\/bruecken-schall-und-raum\/#primaryimage"},"image":{"@id":"https:\/\/demistrecords.nl\/product\/bruecken-schall-und-raum\/#primaryimage"},"thumbnailUrl":"https:\/\/demistrecords.nl\/wp-content\/uploads\/2024\/02\/Bruecken-Schall-und-Raum.jpg","datePublished":"2024-02-23T13:10:23+00:00","dateModified":"2026-03-03T16:04:04+00:00","description":"De eerste druk van Schall Und Raum verscheen in oplage van 100 stuks in 2019 op 'sea-blue' vinyl. Deze tweede druk verscheen in 2022 in een oplage van 250 stuks in de kleur 'bone'. Atmosferische post-rock uit Oldenburg (Duitsland) met duidelijke sporen uit Post-hardcore en shoegaze.","breadcrumb":{"@id":"https:\/\/demistrecords.nl\/product\/bruecken-schall-und-raum\/#breadcrumb"},"inLanguage":"de","potentialAction":[{"@type":"ReadAction","target":["https:\/\/demistrecords.nl\/product\/bruecken-schall-und-raum\/"]}]},{"@type":"ImageObject","inLanguage":"de","@id":"https:\/\/demistrecords.nl\/product\/bruecken-schall-und-raum\/#primaryimage","url":"https:\/\/demistrecords.nl\/wp-content\/uploads\/2024\/02\/Bruecken-Schall-und-Raum.jpg","contentUrl":"https:\/\/demistrecords.nl\/wp-content\/uploads\/2024\/02\/Bruecken-Schall-und-Raum.jpg","width":2120,"height":2120},{"@type":"BreadcrumbList","@id":"https:\/\/demistrecords.nl\/product\/bruecken-schall-und-raum\/#breadcrumb","itemListElement":[{"@type":"ListItem","position":1,"name":"Home","item":"https:\/\/demistrecords.nl\/"},{"@type":"ListItem","position":2,"name":"Shop","item":"https:\/\/demistrecords.nl\/shop\/"},{"@type":"ListItem","position":3,"name":"BRUECKEN &#8211; Schall Und Raum"}]},{"@type":"WebSite","@id":"https:\/\/demistrecords.nl\/#website","url":"https:\/\/demistrecords.nl\/","name":"De Mist Records","description":"Post-rock and related music","publisher":{"@id":"https:\/\/demistrecords.nl\/#organization"},"potentialAction":[{"@type":"SearchAction","target":{"@type":"EntryPoint","urlTemplate":"https:\/\/demistrecords.nl\/?s={search_term_string}"},"query-input":{"@type":"PropertyValueSpecification","valueRequired":true,"valueName":"search_term_string"}}],"inLanguage":"de"},{"@type":"Organization","@id":"https:\/\/demistrecords.nl\/#organization","name":"De Mist Records","url":"https:\/\/demistrecords.nl\/","logo":{"@type":"ImageObject","inLanguage":"de","@id":"https:\/\/demistrecords.nl\/#\/schema\/logo\/image\/","url":"https:\/\/demistrecords.nl\/wp-content\/uploads\/2020\/12\/logo-de-mist-records-rond.png","contentUrl":"https:\/\/demistrecords.nl\/wp-content\/uploads\/2020\/12\/logo-de-mist-records-rond.png","width":500,"height":500,"caption":"De Mist Records"},"image":{"@id":"https:\/\/demistrecords.nl\/#\/schema\/logo\/image\/"},"sameAs":["https:\/\/www.facebook.com\/demistrecordsnl","https:\/\/x.com\/deathroo1","https:\/\/www.instagram.com\/demist_records\/"]}]}},"_links":{"self":[{"href":"https:\/\/demistrecords.nl\/de\/wp-json\/wp\/v2\/product\/1985","targetHints":{"allow":["GET"]}}],"collection":[{"href":"https:\/\/demistrecords.nl\/de\/wp-json\/wp\/v2\/product"}],"about":[{"href":"https:\/\/demistrecords.nl\/de\/wp-json\/wp\/v2\/types\/product"}],"replies":[{"embeddable":true,"href":"https:\/\/demistrecords.nl\/de\/wp-json\/wp\/v2\/comments?post=1985"}],"wp:featuredmedia":[{"embeddable":true,"href":"https:\/\/demistrecords.nl\/de\/wp-json\/wp\/v2\/media\/1986"}],"wp:attachment":[{"href":"https:\/\/demistrecords.nl\/de\/wp-json\/wp\/v2\/media?parent=1985"}],"wp:term":[{"taxonomy":"product_brand","embeddable":true,"href":"https:\/\/demistrecords.nl\/de\/wp-json\/wp\/v2\/product_brand?post=1985"},{"taxonomy":"product_cat","embeddable":true,"href":"https:\/\/demistrecords.nl\/de\/wp-json\/wp\/v2\/product_cat?post=1985"},{"taxonomy":"product_tag","embeddable":true,"href":"https:\/\/demistrecords.nl\/de\/wp-json\/wp\/v2\/product_tag?post=1985"}],"curies":[{"name":"wp","href":"https:\/\/api.w.org\/{rel}","templated":true}]}}