{"id":1988,"date":"2024-02-23T15:19:56","date_gmt":"2024-02-23T14:19:56","guid":{"rendered":"https:\/\/demistrecords.nl\/?post_type=product&#038;p=1988"},"modified":"2026-03-03T17:03:50","modified_gmt":"2026-03-03T16:03:50","slug":"bruecken-innere-unruhen","status":"publish","type":"product","link":"https:\/\/demistrecords.nl\/de\/produkt\/bruecken-innere-unruhen\/","title":{"rendered":"BRUECKEN &#8211; Innere Unruhen"},"content":{"rendered":"<p>\u200b\n1.346 \/ 5.000\nVertaalresultaten\nVertaalresultaat\nInnere Unruhen ist ein deutscher Ausdruck, den wir als innere Unruhe kennen. Dies kann zwar zu Angst f\u00fchren, aber auch einen kreativen Prozess oder den Willen zur Ver\u00e4nderung leiten. Vielleicht um zu provozieren. Als Gegenteil von innerem Frieden ist es auch das Gegenteil von Best\u00fcrzung, Resignation, Kontemplation und Best\u00fcrzung.<\/p>\n<p>Innere Unruhen repr\u00e4sentiert das schwer fassbare Gef\u00fchl der Angst zwischen Ursache und Wirkung, dessen Beweise als Scherben auf dem Boden zur\u00fcckbleiben, die die Farbe eines sterbenden Riffs, eines Schachmatts oder Blut auf der Stra\u00dfe haben. Jeder Song auf Brueckens zweitem Album erz\u00e4hlt von einer solchen Geschichte, bzw. dem damit einhergehenden Gef\u00fchl. Wenn die Musik allein nicht ausreicht, sind auch die Titel perfekt gew\u00e4hlt, um unseren Gedanken das richtige Bild zu geben. Fluthoch, Abgrundtief und Zerrbild sprechen f\u00fcr sich, Ataxia (Neurologische Bewegungs- und Gleichgewichtsst\u00f6rung), Lichterloh (helle Lichter) und Immersion (Eintauchen) werden zweifellos auch eine gewisse Angst hervorrufen. Dieses Angstbild oder diese Unruhe kann auch als treibende Kraft genutzt werden, um etwas zu erreichen, sich weiterzuentwickeln oder anderen zu helfen. Es \u00fcberbr\u00fcckt somit die Kluft zwischen Menschen.<\/p>\n<p>Bruecken verbindet, sei ein Teil von Bruecken!<\/p>","protected":false},"excerpt":{"rendered":"<p>Erscheinungsdatum: 25. M\u00e4rz 2022<\/p>\n<p>Erste Auflage, limitiert auf 200 St\u00fcck auf schwarzem Vinyl<\/p>\n<p>F\u00fcr Fans von Bands wie If These Trees Could Talk, Red Sparowes, We Lost The Sea und Envy.<\/p>","protected":false},"featured_media":1989,"comment_status":"closed","ping_status":"closed","template":"","meta":[],"product_brand":[],"product_cat":[23,21,15],"product_tag":[28,34,37],"class_list":{"0":"post-1988","1":"product","2":"type-product","3":"status-publish","4":"has-post-thumbnail","6":"product_cat-exclusief","7":"product_cat-nieuw","8":"product_cat-vinyl-12-lp","9":"product_tag-post-rock","10":"product_tag-posthardcore","11":"product_tag-shoegaze","13":"first","14":"instock","15":"taxable","16":"shipping-taxable","17":"purchasable","18":"product-type-simple"},"yoast_head":"<!-- This site is optimized with the Yoast SEO plugin v27.3 - https:\/\/yoast.com\/product\/yoast-seo-wordpress\/ -->\n<title>BRUECKEN - Innere Unruhen<\/title>\n<meta name=\"description\" content=\"Releasedatum: 25 maart 2022  1e oplage, gelimiteerd tot 200 stuks op zwart vinyl  Voor fans van bands als If These Trees Could Talk, Red Sparowes, We Lost The Sea en Envy.\" \/>\n<meta name=\"robots\" content=\"index, follow, max-snippet:-1, max-image-preview:large, max-video-preview:-1\" \/>\n<link rel=\"canonical\" href=\"https:\/\/demistrecords.nl\/de\/produkt\/bruecken-innere-unruhen\/\" \/>\n<meta property=\"og:locale\" content=\"de_DE\" \/>\n<meta property=\"og:type\" content=\"article\" \/>\n<meta property=\"og:title\" content=\"BRUECKEN - Innere Unruhen\" \/>\n<meta property=\"og:description\" content=\"Releasedatum: 25 maart 2022  1e oplage, gelimiteerd tot 200 stuks op zwart vinyl  Voor fans van bands als If These Trees Could Talk, Red Sparowes, We Lost The Sea en Envy.\" \/>\n<meta property=\"og:url\" content=\"https:\/\/demistrecords.nl\/de\/produkt\/bruecken-innere-unruhen\/\" \/>\n<meta property=\"og:site_name\" content=\"De Mist Records\" \/>\n<meta property=\"article:publisher\" content=\"https:\/\/www.facebook.com\/demistrecordsnl\" \/>\n<meta property=\"article:modified_time\" content=\"2026-03-03T16:03:50+00:00\" \/>\n<meta property=\"og:image\" content=\"https:\/\/demistrecords.nl\/wp-content\/uploads\/2024\/02\/Bruecken-Innere-Unruhen.jpg\" \/>\n\t<meta property=\"og:image:width\" content=\"2120\" \/>\n\t<meta property=\"og:image:height\" content=\"2120\" \/>\n\t<meta property=\"og:image:type\" content=\"image\/jpeg\" \/>\n<meta name=\"twitter:card\" content=\"summary_large_image\" \/>\n<meta name=\"twitter:site\" content=\"@deathroo1\" \/>\n<meta name=\"twitter:label1\" content=\"Gesch\u00e4tzte Lesezeit\" \/>\n\t<meta name=\"twitter:data1\" content=\"2\u00a0Minuten\" \/>\n<script type=\"application\/ld+json\" class=\"yoast-schema-graph\">{\"@context\":\"https:\\\/\\\/schema.org\",\"@graph\":[{\"@type\":[\"WebPage\",\"ItemPage\"],\"@id\":\"https:\\\/\\\/demistrecords.nl\\\/product\\\/bruecken-innere-unruhen\\\/\",\"url\":\"https:\\\/\\\/demistrecords.nl\\\/product\\\/bruecken-innere-unruhen\\\/\",\"name\":\"BRUECKEN - Innere Unruhen\",\"isPartOf\":{\"@id\":\"https:\\\/\\\/demistrecords.nl\\\/#website\"},\"primaryImageOfPage\":{\"@id\":\"https:\\\/\\\/demistrecords.nl\\\/product\\\/bruecken-innere-unruhen\\\/#primaryimage\"},\"image\":{\"@id\":\"https:\\\/\\\/demistrecords.nl\\\/product\\\/bruecken-innere-unruhen\\\/#primaryimage\"},\"thumbnailUrl\":\"https:\\\/\\\/demistrecords.nl\\\/wp-content\\\/uploads\\\/2024\\\/02\\\/Bruecken-Innere-Unruhen.jpg\",\"datePublished\":\"2024-02-23T14:19:56+00:00\",\"dateModified\":\"2026-03-03T16:03:50+00:00\",\"description\":\"Releasedatum: 25 maart 2022 1e oplage, gelimiteerd tot 200 stuks op zwart vinyl Voor fans van bands als If These Trees Could Talk, Red Sparowes, We Lost The Sea en Envy.\",\"breadcrumb\":{\"@id\":\"https:\\\/\\\/demistrecords.nl\\\/product\\\/bruecken-innere-unruhen\\\/#breadcrumb\"},\"inLanguage\":\"de\",\"potentialAction\":[{\"@type\":\"ReadAction\",\"target\":[\"https:\\\/\\\/demistrecords.nl\\\/product\\\/bruecken-innere-unruhen\\\/\"]}]},{\"@type\":\"ImageObject\",\"inLanguage\":\"de\",\"@id\":\"https:\\\/\\\/demistrecords.nl\\\/product\\\/bruecken-innere-unruhen\\\/#primaryimage\",\"url\":\"https:\\\/\\\/demistrecords.nl\\\/wp-content\\\/uploads\\\/2024\\\/02\\\/Bruecken-Innere-Unruhen.jpg\",\"contentUrl\":\"https:\\\/\\\/demistrecords.nl\\\/wp-content\\\/uploads\\\/2024\\\/02\\\/Bruecken-Innere-Unruhen.jpg\",\"width\":2120,\"height\":2120},{\"@type\":\"BreadcrumbList\",\"@id\":\"https:\\\/\\\/demistrecords.nl\\\/product\\\/bruecken-innere-unruhen\\\/#breadcrumb\",\"itemListElement\":[{\"@type\":\"ListItem\",\"position\":1,\"name\":\"Home\",\"item\":\"https:\\\/\\\/demistrecords.nl\\\/\"},{\"@type\":\"ListItem\",\"position\":2,\"name\":\"Shop\",\"item\":\"https:\\\/\\\/demistrecords.nl\\\/shop\\\/\"},{\"@type\":\"ListItem\",\"position\":3,\"name\":\"BRUECKEN &#8211; Innere Unruhen\"}]},{\"@type\":\"WebSite\",\"@id\":\"https:\\\/\\\/demistrecords.nl\\\/#website\",\"url\":\"https:\\\/\\\/demistrecords.nl\\\/\",\"name\":\"De Mist Records\",\"description\":\"Post-rock and related music\",\"publisher\":{\"@id\":\"https:\\\/\\\/demistrecords.nl\\\/#organization\"},\"potentialAction\":[{\"@type\":\"SearchAction\",\"target\":{\"@type\":\"EntryPoint\",\"urlTemplate\":\"https:\\\/\\\/demistrecords.nl\\\/?s={search_term_string}\"},\"query-input\":{\"@type\":\"PropertyValueSpecification\",\"valueRequired\":true,\"valueName\":\"search_term_string\"}}],\"inLanguage\":\"de\"},{\"@type\":\"Organization\",\"@id\":\"https:\\\/\\\/demistrecords.nl\\\/#organization\",\"name\":\"De Mist Records\",\"url\":\"https:\\\/\\\/demistrecords.nl\\\/\",\"logo\":{\"@type\":\"ImageObject\",\"inLanguage\":\"de\",\"@id\":\"https:\\\/\\\/demistrecords.nl\\\/#\\\/schema\\\/logo\\\/image\\\/\",\"url\":\"https:\\\/\\\/demistrecords.nl\\\/wp-content\\\/uploads\\\/2020\\\/12\\\/logo-de-mist-records-rond.png\",\"contentUrl\":\"https:\\\/\\\/demistrecords.nl\\\/wp-content\\\/uploads\\\/2020\\\/12\\\/logo-de-mist-records-rond.png\",\"width\":500,\"height\":500,\"caption\":\"De Mist Records\"},\"image\":{\"@id\":\"https:\\\/\\\/demistrecords.nl\\\/#\\\/schema\\\/logo\\\/image\\\/\"},\"sameAs\":[\"https:\\\/\\\/www.facebook.com\\\/demistrecordsnl\",\"https:\\\/\\\/x.com\\\/deathroo1\",\"https:\\\/\\\/www.instagram.com\\\/demist_records\\\/\"]}]}<\/script>\n<!-- \/ Yoast SEO plugin. -->","yoast_head_json":{"title":"BRUECKEN - Innere Unruhen","description":"Releasedatum: 25 maart 2022  1e oplage, gelimiteerd tot 200 stuks op zwart vinyl  Voor fans van bands als If These Trees Could Talk, Red Sparowes, We Lost The Sea en Envy.","robots":{"index":"index","follow":"follow","max-snippet":"max-snippet:-1","max-image-preview":"max-image-preview:large","max-video-preview":"max-video-preview:-1"},"canonical":"https:\/\/demistrecords.nl\/de\/produkt\/bruecken-innere-unruhen\/","og_locale":"de_DE","og_type":"article","og_title":"BRUECKEN - Innere Unruhen","og_description":"Releasedatum: 25 maart 2022  1e oplage, gelimiteerd tot 200 stuks op zwart vinyl  Voor fans van bands als If These Trees Could Talk, Red Sparowes, We Lost The Sea en Envy.","og_url":"https:\/\/demistrecords.nl\/de\/produkt\/bruecken-innere-unruhen\/","og_site_name":"De Mist Records","article_publisher":"https:\/\/www.facebook.com\/demistrecordsnl","article_modified_time":"2026-03-03T16:03:50+00:00","og_image":[{"width":2120,"height":2120,"url":"https:\/\/demistrecords.nl\/wp-content\/uploads\/2024\/02\/Bruecken-Innere-Unruhen.jpg","type":"image\/jpeg"}],"twitter_card":"summary_large_image","twitter_site":"@deathroo1","twitter_misc":{"Gesch\u00e4tzte Lesezeit":"2\u00a0Minuten"},"schema":{"@context":"https:\/\/schema.org","@graph":[{"@type":["WebPage","ItemPage"],"@id":"https:\/\/demistrecords.nl\/product\/bruecken-innere-unruhen\/","url":"https:\/\/demistrecords.nl\/product\/bruecken-innere-unruhen\/","name":"BRUECKEN - Innere Unruhen","isPartOf":{"@id":"https:\/\/demistrecords.nl\/#website"},"primaryImageOfPage":{"@id":"https:\/\/demistrecords.nl\/product\/bruecken-innere-unruhen\/#primaryimage"},"image":{"@id":"https:\/\/demistrecords.nl\/product\/bruecken-innere-unruhen\/#primaryimage"},"thumbnailUrl":"https:\/\/demistrecords.nl\/wp-content\/uploads\/2024\/02\/Bruecken-Innere-Unruhen.jpg","datePublished":"2024-02-23T14:19:56+00:00","dateModified":"2026-03-03T16:03:50+00:00","description":"Releasedatum: 25 maart 2022 1e oplage, gelimiteerd tot 200 stuks op zwart vinyl Voor fans van bands als If These Trees Could Talk, Red Sparowes, We Lost The Sea en Envy.","breadcrumb":{"@id":"https:\/\/demistrecords.nl\/product\/bruecken-innere-unruhen\/#breadcrumb"},"inLanguage":"de","potentialAction":[{"@type":"ReadAction","target":["https:\/\/demistrecords.nl\/product\/bruecken-innere-unruhen\/"]}]},{"@type":"ImageObject","inLanguage":"de","@id":"https:\/\/demistrecords.nl\/product\/bruecken-innere-unruhen\/#primaryimage","url":"https:\/\/demistrecords.nl\/wp-content\/uploads\/2024\/02\/Bruecken-Innere-Unruhen.jpg","contentUrl":"https:\/\/demistrecords.nl\/wp-content\/uploads\/2024\/02\/Bruecken-Innere-Unruhen.jpg","width":2120,"height":2120},{"@type":"BreadcrumbList","@id":"https:\/\/demistrecords.nl\/product\/bruecken-innere-unruhen\/#breadcrumb","itemListElement":[{"@type":"ListItem","position":1,"name":"Home","item":"https:\/\/demistrecords.nl\/"},{"@type":"ListItem","position":2,"name":"Shop","item":"https:\/\/demistrecords.nl\/shop\/"},{"@type":"ListItem","position":3,"name":"BRUECKEN &#8211; Innere Unruhen"}]},{"@type":"WebSite","@id":"https:\/\/demistrecords.nl\/#website","url":"https:\/\/demistrecords.nl\/","name":"De Mist Records","description":"Post-rock and related music","publisher":{"@id":"https:\/\/demistrecords.nl\/#organization"},"potentialAction":[{"@type":"SearchAction","target":{"@type":"EntryPoint","urlTemplate":"https:\/\/demistrecords.nl\/?s={search_term_string}"},"query-input":{"@type":"PropertyValueSpecification","valueRequired":true,"valueName":"search_term_string"}}],"inLanguage":"de"},{"@type":"Organization","@id":"https:\/\/demistrecords.nl\/#organization","name":"De Mist Records","url":"https:\/\/demistrecords.nl\/","logo":{"@type":"ImageObject","inLanguage":"de","@id":"https:\/\/demistrecords.nl\/#\/schema\/logo\/image\/","url":"https:\/\/demistrecords.nl\/wp-content\/uploads\/2020\/12\/logo-de-mist-records-rond.png","contentUrl":"https:\/\/demistrecords.nl\/wp-content\/uploads\/2020\/12\/logo-de-mist-records-rond.png","width":500,"height":500,"caption":"De Mist Records"},"image":{"@id":"https:\/\/demistrecords.nl\/#\/schema\/logo\/image\/"},"sameAs":["https:\/\/www.facebook.com\/demistrecordsnl","https:\/\/x.com\/deathroo1","https:\/\/www.instagram.com\/demist_records\/"]}]}},"_links":{"self":[{"href":"https:\/\/demistrecords.nl\/de\/wp-json\/wp\/v2\/product\/1988","targetHints":{"allow":["GET"]}}],"collection":[{"href":"https:\/\/demistrecords.nl\/de\/wp-json\/wp\/v2\/product"}],"about":[{"href":"https:\/\/demistrecords.nl\/de\/wp-json\/wp\/v2\/types\/product"}],"replies":[{"embeddable":true,"href":"https:\/\/demistrecords.nl\/de\/wp-json\/wp\/v2\/comments?post=1988"}],"wp:featuredmedia":[{"embeddable":true,"href":"https:\/\/demistrecords.nl\/de\/wp-json\/wp\/v2\/media\/1989"}],"wp:attachment":[{"href":"https:\/\/demistrecords.nl\/de\/wp-json\/wp\/v2\/media?parent=1988"}],"wp:term":[{"taxonomy":"product_brand","embeddable":true,"href":"https:\/\/demistrecords.nl\/de\/wp-json\/wp\/v2\/product_brand?post=1988"},{"taxonomy":"product_cat","embeddable":true,"href":"https:\/\/demistrecords.nl\/de\/wp-json\/wp\/v2\/product_cat?post=1988"},{"taxonomy":"product_tag","embeddable":true,"href":"https:\/\/demistrecords.nl\/de\/wp-json\/wp\/v2\/product_tag?post=1988"}],"curies":[{"name":"wp","href":"https:\/\/api.w.org\/{rel}","templated":true}]}}