{"id":2099,"date":"2025-01-13T22:01:44","date_gmt":"2025-01-13T21:01:44","guid":{"rendered":"https:\/\/demistrecords.nl\/?post_type=product&#038;p=2099"},"modified":"2026-03-30T09:53:32","modified_gmt":"2026-03-30T07:53:32","slug":"fall-of-leviathan-in-waves","status":"publish","type":"product","link":"https:\/\/demistrecords.nl\/de\/produkt\/fall-of-leviathan-in-waves\/","title":{"rendered":"Fall Of Leviathan &#8211; In Waves"},"content":{"rendered":"<p>1.581 \/ 5.000\n\u201eIn Waves\u201c ist das erste Album der Schweizer Gruppe Fall Of Leviathan. Es ist die Zusammenfassung von f\u00fcnf Jahren Komposition, Adaption, Reflexion und Experimentieren. Es ist der H\u00f6hepunkt eines langen kreativen Prozesses und hat keinen anderen Anspruch, als Sie in die Geschichte hineinzuziehen, die Sie sich selbst erz\u00e4hlen m\u00f6chten. Die Gruppe stellt Ihnen lediglich eine Klangumgebung bzw. einen akustischen Kontext zur Verf\u00fcgung, in den Sie eintauchen, Ihre Vorstellungskraft entwickeln und Ihre Emotionen auf eine Reise mitnehmen k\u00f6nnen.<br \/>\nEine Umgebung, die nach Meer, Sturm und frischem Wind riecht. Eine Umgebung, die den unb\u00e4ndigen Wunsch verst\u00e4rkt, in die Tiefen dieses blauen und dunklen Abgrunds zu blicken, die einen dazu zwingt, sich zu fragen, was dort lebt, sich dort versteckt und was einem schaden k\u00f6nnte, die diese Angst vor einer Existenz verst\u00e4rkt, die viel zu leer ist und bedeutungslos im Gegensatz zu dieser Unermesslichkeit, die manchmal so friedlich und manchmal so gewaltt\u00e4tig ist, dass es einen schlicht das Leben kosten k\u00f6nnte.<\/p>\n<p>\u201eIn Waves\u201c beinhaltet sechs St\u00fccke f\u00fcr eine Stunde Musik. Wie die D\u00fcnung f\u00fchrt Sie dieses Album durch Phasen, die manchmal ruhig und wohltuend, manchmal intensiv und verst\u00f6rend sind. Es handelt sich um eine Arbeit, die eine gewisse Konzentration, besondere Aufmerksamkeit und aufmerksames Zuh\u00f6ren erfordert, um \u00fcber die Anregungen nachdenken zu k\u00f6nnen.<\/p>\n<p><iframe style=\"border: 0; width: 400px; height: 120px;\" src=\"https:\/\/bandcamp.com\/EmbeddedPlayer\/album=2021106497\/size=large\/bgcol=333333\/linkcol=0f91ff\/tracklist=false\/artwork=small\/transparent=true\/\" seamless=\"\"><a href=\"https:\/\/fallofleviathan.bandcamp.com\/album\/in-waves\">In Waves by Fall Of Leviathan<\/a><\/iframe><\/p>","protected":false},"excerpt":{"rendered":"<p>Deb\u00fctalbum der Schweizer Band Fall Of Leviathan.<br \/>\nLimitierte Auflage von 200 St\u00fcck. 2xLP in transparentem Vinyl mit blauem Marmor, in sch\u00f6ner Gatefold H\u00fclle.<br \/>\nMastering von Magnus Lindberg (PG.Lost, Russian Circles, Cult Of Luna)<\/p>\n<p><em>\u201eDefinitiv eine der denkw\u00fcrdigsten Albumver\u00f6ffentlichungen des Jahres 2024!\u201c<\/em><\/p>\n<p><em>\u201eEin Soundtrack, in dem man sich v\u00f6llig verlieren kann\u201c<\/em><\/p>","protected":false},"featured_media":2100,"comment_status":"closed","ping_status":"closed","template":"","meta":[],"product_brand":[],"product_cat":[21,16],"product_tag":[26,28],"class_list":{"0":"post-2099","1":"product","2":"type-product","3":"status-publish","4":"has-post-thumbnail","6":"product_cat-nieuw","7":"product_cat-vinyl-12-2xlp","8":"product_tag-post-metal","9":"product_tag-post-rock","11":"first","12":"instock","13":"taxable","14":"shipping-taxable","15":"purchasable","16":"product-type-simple"},"yoast_head":"<!-- This site is optimized with the Yoast SEO plugin v27.3 - https:\/\/yoast.com\/product\/yoast-seo-wordpress\/ -->\n<title>Fall Of Leviathan - In Waves<\/title>\n<meta name=\"description\" content=\"Debuutalbum van de Zwitserse band Fall Of Leviathan. Gelimiteerde oplage van 200 stuks. 2xLP in transparant vinyl met blauwe marble, in prachtige gatefold hoes. Mastering door Magnus Lindberg (PG.Lost, Cult Of Luna, The Ocean, e.v.a.)  &quot;Absoluut \u00e9\u00e9n van de meest memorabele albumreleases van 2024!&quot;  &quot;Een soundtrack om jezelf helemaal in te verliezen&quot;\" \/>\n<meta name=\"robots\" content=\"index, follow, max-snippet:-1, max-image-preview:large, max-video-preview:-1\" \/>\n<link rel=\"canonical\" href=\"https:\/\/demistrecords.nl\/de\/produkt\/fall-of-leviathan-in-waves\/\" \/>\n<meta property=\"og:locale\" content=\"de_DE\" \/>\n<meta property=\"og:type\" content=\"article\" \/>\n<meta property=\"og:title\" content=\"Fall Of Leviathan - In Waves\" \/>\n<meta property=\"og:description\" content=\"Debuutalbum van de Zwitserse band Fall Of Leviathan. Gelimiteerde oplage van 200 stuks. 2xLP in transparant vinyl met blauwe marble, in prachtige gatefold hoes. Mastering door Magnus Lindberg (PG.Lost, Cult Of Luna, The Ocean, e.v.a.)  &quot;Absoluut \u00e9\u00e9n van de meest memorabele albumreleases van 2024!&quot;  &quot;Een soundtrack om jezelf helemaal in te verliezen&quot;\" \/>\n<meta property=\"og:url\" content=\"https:\/\/demistrecords.nl\/de\/produkt\/fall-of-leviathan-in-waves\/\" \/>\n<meta property=\"og:site_name\" content=\"De Mist Records\" \/>\n<meta property=\"article:publisher\" content=\"https:\/\/www.facebook.com\/demistrecordsnl\" \/>\n<meta property=\"article:modified_time\" content=\"2026-03-30T07:53:32+00:00\" \/>\n<meta property=\"og:image\" content=\"https:\/\/demistrecords.nl\/wp-content\/uploads\/2025\/01\/Fall-Of-Leviathan-In-Waves.jpg\" \/>\n\t<meta property=\"og:image:width\" content=\"1546\" \/>\n\t<meta property=\"og:image:height\" content=\"1019\" \/>\n\t<meta property=\"og:image:type\" content=\"image\/jpeg\" \/>\n<meta name=\"twitter:card\" content=\"summary_large_image\" \/>\n<meta name=\"twitter:site\" content=\"@deathroo1\" \/>\n<meta name=\"twitter:label1\" content=\"Gesch\u00e4tzte Lesezeit\" \/>\n\t<meta name=\"twitter:data1\" content=\"2\u00a0Minuten\" \/>\n<script type=\"application\/ld+json\" class=\"yoast-schema-graph\">{\"@context\":\"https:\\\/\\\/schema.org\",\"@graph\":[{\"@type\":[\"WebPage\",\"ItemPage\"],\"@id\":\"https:\\\/\\\/demistrecords.nl\\\/product\\\/fall-of-leviathan-in-waves\\\/\",\"url\":\"https:\\\/\\\/demistrecords.nl\\\/product\\\/fall-of-leviathan-in-waves\\\/\",\"name\":\"Fall Of Leviathan - In Waves\",\"isPartOf\":{\"@id\":\"https:\\\/\\\/demistrecords.nl\\\/#website\"},\"primaryImageOfPage\":{\"@id\":\"https:\\\/\\\/demistrecords.nl\\\/product\\\/fall-of-leviathan-in-waves\\\/#primaryimage\"},\"image\":{\"@id\":\"https:\\\/\\\/demistrecords.nl\\\/product\\\/fall-of-leviathan-in-waves\\\/#primaryimage\"},\"thumbnailUrl\":\"https:\\\/\\\/demistrecords.nl\\\/wp-content\\\/uploads\\\/2025\\\/01\\\/Fall-Of-Leviathan-In-Waves.jpg\",\"datePublished\":\"2025-01-13T21:01:44+00:00\",\"dateModified\":\"2026-03-30T07:53:32+00:00\",\"description\":\"Debuutalbum van de Zwitserse band Fall Of Leviathan. Gelimiteerde oplage van 200 stuks. 2xLP in transparant vinyl met blauwe marble, in prachtige gatefold hoes. Mastering door Magnus Lindberg (PG.Lost, Cult Of Luna, The Ocean, e.v.a.) \\\"Absoluut \u00e9\u00e9n van de meest memorabele albumreleases van 2024!\\\" \\\"Een soundtrack om jezelf helemaal in te verliezen\\\"\",\"breadcrumb\":{\"@id\":\"https:\\\/\\\/demistrecords.nl\\\/product\\\/fall-of-leviathan-in-waves\\\/#breadcrumb\"},\"inLanguage\":\"de\",\"potentialAction\":[{\"@type\":\"ReadAction\",\"target\":[\"https:\\\/\\\/demistrecords.nl\\\/product\\\/fall-of-leviathan-in-waves\\\/\"]}]},{\"@type\":\"ImageObject\",\"inLanguage\":\"de\",\"@id\":\"https:\\\/\\\/demistrecords.nl\\\/product\\\/fall-of-leviathan-in-waves\\\/#primaryimage\",\"url\":\"https:\\\/\\\/demistrecords.nl\\\/wp-content\\\/uploads\\\/2025\\\/01\\\/Fall-Of-Leviathan-In-Waves.jpg\",\"contentUrl\":\"https:\\\/\\\/demistrecords.nl\\\/wp-content\\\/uploads\\\/2025\\\/01\\\/Fall-Of-Leviathan-In-Waves.jpg\",\"width\":1546,\"height\":1019,\"caption\":\"Fall Of Leviathan - In Waves\"},{\"@type\":\"BreadcrumbList\",\"@id\":\"https:\\\/\\\/demistrecords.nl\\\/product\\\/fall-of-leviathan-in-waves\\\/#breadcrumb\",\"itemListElement\":[{\"@type\":\"ListItem\",\"position\":1,\"name\":\"Home\",\"item\":\"https:\\\/\\\/demistrecords.nl\\\/\"},{\"@type\":\"ListItem\",\"position\":2,\"name\":\"Shop\",\"item\":\"https:\\\/\\\/demistrecords.nl\\\/shop\\\/\"},{\"@type\":\"ListItem\",\"position\":3,\"name\":\"Fall Of Leviathan &#8211; In Waves\"}]},{\"@type\":\"WebSite\",\"@id\":\"https:\\\/\\\/demistrecords.nl\\\/#website\",\"url\":\"https:\\\/\\\/demistrecords.nl\\\/\",\"name\":\"De Mist Records\",\"description\":\"Post-rock and related music\",\"publisher\":{\"@id\":\"https:\\\/\\\/demistrecords.nl\\\/#organization\"},\"potentialAction\":[{\"@type\":\"SearchAction\",\"target\":{\"@type\":\"EntryPoint\",\"urlTemplate\":\"https:\\\/\\\/demistrecords.nl\\\/?s={search_term_string}\"},\"query-input\":{\"@type\":\"PropertyValueSpecification\",\"valueRequired\":true,\"valueName\":\"search_term_string\"}}],\"inLanguage\":\"de\"},{\"@type\":\"Organization\",\"@id\":\"https:\\\/\\\/demistrecords.nl\\\/#organization\",\"name\":\"De Mist Records\",\"url\":\"https:\\\/\\\/demistrecords.nl\\\/\",\"logo\":{\"@type\":\"ImageObject\",\"inLanguage\":\"de\",\"@id\":\"https:\\\/\\\/demistrecords.nl\\\/#\\\/schema\\\/logo\\\/image\\\/\",\"url\":\"https:\\\/\\\/demistrecords.nl\\\/wp-content\\\/uploads\\\/2020\\\/12\\\/logo-de-mist-records-rond.png\",\"contentUrl\":\"https:\\\/\\\/demistrecords.nl\\\/wp-content\\\/uploads\\\/2020\\\/12\\\/logo-de-mist-records-rond.png\",\"width\":500,\"height\":500,\"caption\":\"De Mist Records\"},\"image\":{\"@id\":\"https:\\\/\\\/demistrecords.nl\\\/#\\\/schema\\\/logo\\\/image\\\/\"},\"sameAs\":[\"https:\\\/\\\/www.facebook.com\\\/demistrecordsnl\",\"https:\\\/\\\/x.com\\\/deathroo1\",\"https:\\\/\\\/www.instagram.com\\\/demist_records\\\/\"]}]}<\/script>\n<!-- \/ Yoast SEO plugin. -->","yoast_head_json":{"title":"Fall Of Leviathan - In Waves","description":"Debuutalbum van de Zwitserse band Fall Of Leviathan. Gelimiteerde oplage van 200 stuks. 2xLP in transparant vinyl met blauwe marble, in prachtige gatefold hoes. Mastering door Magnus Lindberg (PG.Lost, Cult Of Luna, The Ocean, e.v.a.)  \"Absoluut \u00e9\u00e9n van de meest memorabele albumreleases van 2024!\"  \"Een soundtrack om jezelf helemaal in te verliezen\"","robots":{"index":"index","follow":"follow","max-snippet":"max-snippet:-1","max-image-preview":"max-image-preview:large","max-video-preview":"max-video-preview:-1"},"canonical":"https:\/\/demistrecords.nl\/de\/produkt\/fall-of-leviathan-in-waves\/","og_locale":"de_DE","og_type":"article","og_title":"Fall Of Leviathan - In Waves","og_description":"Debuutalbum van de Zwitserse band Fall Of Leviathan. Gelimiteerde oplage van 200 stuks. 2xLP in transparant vinyl met blauwe marble, in prachtige gatefold hoes. Mastering door Magnus Lindberg (PG.Lost, Cult Of Luna, The Ocean, e.v.a.)  \"Absoluut \u00e9\u00e9n van de meest memorabele albumreleases van 2024!\"  \"Een soundtrack om jezelf helemaal in te verliezen\"","og_url":"https:\/\/demistrecords.nl\/de\/produkt\/fall-of-leviathan-in-waves\/","og_site_name":"De Mist Records","article_publisher":"https:\/\/www.facebook.com\/demistrecordsnl","article_modified_time":"2026-03-30T07:53:32+00:00","og_image":[{"width":1546,"height":1019,"url":"https:\/\/demistrecords.nl\/wp-content\/uploads\/2025\/01\/Fall-Of-Leviathan-In-Waves.jpg","type":"image\/jpeg"}],"twitter_card":"summary_large_image","twitter_site":"@deathroo1","twitter_misc":{"Gesch\u00e4tzte Lesezeit":"2\u00a0Minuten"},"schema":{"@context":"https:\/\/schema.org","@graph":[{"@type":["WebPage","ItemPage"],"@id":"https:\/\/demistrecords.nl\/product\/fall-of-leviathan-in-waves\/","url":"https:\/\/demistrecords.nl\/product\/fall-of-leviathan-in-waves\/","name":"Fall Of Leviathan - In Waves","isPartOf":{"@id":"https:\/\/demistrecords.nl\/#website"},"primaryImageOfPage":{"@id":"https:\/\/demistrecords.nl\/product\/fall-of-leviathan-in-waves\/#primaryimage"},"image":{"@id":"https:\/\/demistrecords.nl\/product\/fall-of-leviathan-in-waves\/#primaryimage"},"thumbnailUrl":"https:\/\/demistrecords.nl\/wp-content\/uploads\/2025\/01\/Fall-Of-Leviathan-In-Waves.jpg","datePublished":"2025-01-13T21:01:44+00:00","dateModified":"2026-03-30T07:53:32+00:00","description":"Debuutalbum van de Zwitserse band Fall Of Leviathan. Gelimiteerde oplage van 200 stuks. 2xLP in transparant vinyl met blauwe marble, in prachtige gatefold hoes. Mastering door Magnus Lindberg (PG.Lost, Cult Of Luna, The Ocean, e.v.a.) \"Absoluut \u00e9\u00e9n van de meest memorabele albumreleases van 2024!\" \"Een soundtrack om jezelf helemaal in te verliezen\"","breadcrumb":{"@id":"https:\/\/demistrecords.nl\/product\/fall-of-leviathan-in-waves\/#breadcrumb"},"inLanguage":"de","potentialAction":[{"@type":"ReadAction","target":["https:\/\/demistrecords.nl\/product\/fall-of-leviathan-in-waves\/"]}]},{"@type":"ImageObject","inLanguage":"de","@id":"https:\/\/demistrecords.nl\/product\/fall-of-leviathan-in-waves\/#primaryimage","url":"https:\/\/demistrecords.nl\/wp-content\/uploads\/2025\/01\/Fall-Of-Leviathan-In-Waves.jpg","contentUrl":"https:\/\/demistrecords.nl\/wp-content\/uploads\/2025\/01\/Fall-Of-Leviathan-In-Waves.jpg","width":1546,"height":1019,"caption":"Fall Of Leviathan - In Waves"},{"@type":"BreadcrumbList","@id":"https:\/\/demistrecords.nl\/product\/fall-of-leviathan-in-waves\/#breadcrumb","itemListElement":[{"@type":"ListItem","position":1,"name":"Home","item":"https:\/\/demistrecords.nl\/"},{"@type":"ListItem","position":2,"name":"Shop","item":"https:\/\/demistrecords.nl\/shop\/"},{"@type":"ListItem","position":3,"name":"Fall Of Leviathan &#8211; In Waves"}]},{"@type":"WebSite","@id":"https:\/\/demistrecords.nl\/#website","url":"https:\/\/demistrecords.nl\/","name":"De Mist Records","description":"Post-rock and related music","publisher":{"@id":"https:\/\/demistrecords.nl\/#organization"},"potentialAction":[{"@type":"SearchAction","target":{"@type":"EntryPoint","urlTemplate":"https:\/\/demistrecords.nl\/?s={search_term_string}"},"query-input":{"@type":"PropertyValueSpecification","valueRequired":true,"valueName":"search_term_string"}}],"inLanguage":"de"},{"@type":"Organization","@id":"https:\/\/demistrecords.nl\/#organization","name":"De Mist Records","url":"https:\/\/demistrecords.nl\/","logo":{"@type":"ImageObject","inLanguage":"de","@id":"https:\/\/demistrecords.nl\/#\/schema\/logo\/image\/","url":"https:\/\/demistrecords.nl\/wp-content\/uploads\/2020\/12\/logo-de-mist-records-rond.png","contentUrl":"https:\/\/demistrecords.nl\/wp-content\/uploads\/2020\/12\/logo-de-mist-records-rond.png","width":500,"height":500,"caption":"De Mist Records"},"image":{"@id":"https:\/\/demistrecords.nl\/#\/schema\/logo\/image\/"},"sameAs":["https:\/\/www.facebook.com\/demistrecordsnl","https:\/\/x.com\/deathroo1","https:\/\/www.instagram.com\/demist_records\/"]}]}},"_links":{"self":[{"href":"https:\/\/demistrecords.nl\/de\/wp-json\/wp\/v2\/product\/2099","targetHints":{"allow":["GET"]}}],"collection":[{"href":"https:\/\/demistrecords.nl\/de\/wp-json\/wp\/v2\/product"}],"about":[{"href":"https:\/\/demistrecords.nl\/de\/wp-json\/wp\/v2\/types\/product"}],"replies":[{"embeddable":true,"href":"https:\/\/demistrecords.nl\/de\/wp-json\/wp\/v2\/comments?post=2099"}],"wp:featuredmedia":[{"embeddable":true,"href":"https:\/\/demistrecords.nl\/de\/wp-json\/wp\/v2\/media\/2100"}],"wp:attachment":[{"href":"https:\/\/demistrecords.nl\/de\/wp-json\/wp\/v2\/media?parent=2099"}],"wp:term":[{"taxonomy":"product_brand","embeddable":true,"href":"https:\/\/demistrecords.nl\/de\/wp-json\/wp\/v2\/product_brand?post=2099"},{"taxonomy":"product_cat","embeddable":true,"href":"https:\/\/demistrecords.nl\/de\/wp-json\/wp\/v2\/product_cat?post=2099"},{"taxonomy":"product_tag","embeddable":true,"href":"https:\/\/demistrecords.nl\/de\/wp-json\/wp\/v2\/product_tag?post=2099"}],"curies":[{"name":"wp","href":"https:\/\/api.w.org\/{rel}","templated":true}]}}