{"id":2109,"date":"2025-01-28T22:55:46","date_gmt":"2025-01-28T21:55:46","guid":{"rendered":"https:\/\/demistrecords.nl\/?post_type=product&#038;p=2109"},"modified":"2025-01-28T23:36:47","modified_gmt":"2025-01-28T22:36:47","slug":"10x-witte-binnenhoezen-met-polyethyleen-binnenvoering","status":"publish","type":"product","link":"https:\/\/demistrecords.nl\/de\/produkt\/10x-witte-binnenhoezen-met-polyethyleen-binnenvoering\/","title":{"rendered":"10x wei\u00dfe Innenh\u00fcllen \u2013 Mit Polyethylen-Innenh\u00fclle"},"content":{"rendered":"<ul>\n<li>90 gr\/m\u00b2 Papier, daher hochwertige Innenh\u00fcllen<\/li>\n<li>Antistatisches Innenfutter aus Polyethylen<\/li>\n<li>Das Fenster h\u00e4lt Staub und Schmutz fern<\/li>\n<li>Durch die abgeschr\u00e4gten Ecken passen sie perfekt zu Standard-Albumcovern<\/li>\n<li>Die Innenh\u00fcllen sind schneewei\u00df (Bild dient nur zur Veranschaulichung)<\/li>\n<\/ul>\n<p>&nbsp;<\/p>","protected":false},"excerpt":{"rendered":"<p>Die Innenh\u00fcllen von Schallplatten m\u00fcssen beim Transport einiges aushalten, aber auch beim Gebrauch kann es vorkommen, dass die Schallplatten die Innenh\u00fcllen besch\u00e4digen. Die gepolsterten Innentaschen verringern die Gefahr von Kratzern beim Zur\u00fcckschieben in die H\u00fclle und sch\u00fctzen zudem vor Staub und Schimmel.<\/p>\n<p>Das Polyethylenfenster verhindert, dass Staub und Schmutz auf die Platte gelangen.<\/p>\n<p><strong>Prijs is per 10 stuks.<\/strong><\/p>\n<p>(Bild ist ein Mockup f\u00fcr Illustration)<\/p>","protected":false},"featured_media":2110,"comment_status":"closed","ping_status":"closed","template":"","meta":[],"product_brand":[],"product_cat":[39],"product_tag":[197,196],"class_list":{"0":"post-2109","1":"product","2":"type-product","3":"status-publish","4":"has-post-thumbnail","6":"product_cat-accesoires","7":"product_tag-accesoires","8":"product_tag-binnenhoezen","10":"first","11":"instock","12":"taxable","13":"shipping-taxable","14":"purchasable","15":"product-type-simple"},"bundled_by":[],"bundle_stock_status":"instock","bundle_stock_quantity":null,"bundle_virtual":false,"bundle_layout":"","bundle_add_to_cart_form_location":"","bundle_editable_in_cart":false,"bundle_sold_individually_context":"","bundle_item_grouping":"","bundle_min_size":"","bundle_max_size":"","bundle_price":[],"bundled_items":[],"bundle_sell_ids":[],"yoast_head":"<!-- This site is optimized with the Yoast SEO plugin v27.3 - https:\/\/yoast.com\/product\/yoast-seo-wordpress\/ -->\n<title>10x witte binnenhoezen - met polyethyleen binnenvoering<\/title>\n<meta name=\"description\" content=\"De binnenhoezen van LP&#039;s krijgen nogal wat te verduren tijdens het transport, maar ook tijdens het gebruik drukken de platen weleens de binnenhoezen stuk. De gevoerde binnenhoezen verminderen het risico op krassen bij het terugschuiven in de hoes en beschermen bovendien tegen stof en schimmels.  Het polyethyleen venster zorgt er voor dat stof en vuil de plaat niet kan bereiken.  Prijs is per 10 stuks.  (Afbeelding is een mockup ter illustratie)\" \/>\n<meta name=\"robots\" content=\"index, follow, max-snippet:-1, max-image-preview:large, max-video-preview:-1\" \/>\n<link rel=\"canonical\" href=\"https:\/\/demistrecords.nl\/de\/produkt\/10x-witte-binnenhoezen-met-polyethyleen-binnenvoering\/\" \/>\n<meta property=\"og:locale\" content=\"de_DE\" \/>\n<meta property=\"og:type\" content=\"article\" \/>\n<meta property=\"og:title\" content=\"10x witte binnenhoezen - met polyethyleen binnenvoering\" \/>\n<meta property=\"og:description\" content=\"De binnenhoezen van LP&#039;s krijgen nogal wat te verduren tijdens het transport, maar ook tijdens het gebruik drukken de platen weleens de binnenhoezen stuk. De gevoerde binnenhoezen verminderen het risico op krassen bij het terugschuiven in de hoes en beschermen bovendien tegen stof en schimmels.  Het polyethyleen venster zorgt er voor dat stof en vuil de plaat niet kan bereiken.  Prijs is per 10 stuks.  (Afbeelding is een mockup ter illustratie)\" \/>\n<meta property=\"og:url\" content=\"https:\/\/demistrecords.nl\/de\/produkt\/10x-witte-binnenhoezen-met-polyethyleen-binnenvoering\/\" \/>\n<meta property=\"og:site_name\" content=\"De Mist Records\" \/>\n<meta property=\"article:publisher\" content=\"https:\/\/www.facebook.com\/demistrecordsnl\" \/>\n<meta property=\"article:modified_time\" content=\"2025-01-28T22:36:47+00:00\" \/>\n<meta property=\"og:image\" content=\"https:\/\/demistrecords.nl\/wp-content\/uploads\/2025\/01\/Witte-binnenhoezen-met-polybag.jpg\" \/>\n\t<meta property=\"og:image:width\" content=\"1000\" \/>\n\t<meta property=\"og:image:height\" content=\"1000\" \/>\n\t<meta property=\"og:image:type\" content=\"image\/jpeg\" \/>\n<meta name=\"twitter:card\" content=\"summary_large_image\" \/>\n<meta name=\"twitter:site\" content=\"@deathroo1\" \/>\n<meta name=\"twitter:label1\" content=\"Gesch\u00e4tzte Lesezeit\" \/>\n\t<meta name=\"twitter:data1\" content=\"1\u00a0Minute\" \/>\n<script type=\"application\/ld+json\" class=\"yoast-schema-graph\">{\"@context\":\"https:\\\/\\\/schema.org\",\"@graph\":[{\"@type\":[\"WebPage\",\"ItemPage\"],\"@id\":\"https:\\\/\\\/demistrecords.nl\\\/product\\\/10x-witte-binnenhoezen-met-polyethyleen-binnenvoering\\\/\",\"url\":\"https:\\\/\\\/demistrecords.nl\\\/product\\\/10x-witte-binnenhoezen-met-polyethyleen-binnenvoering\\\/\",\"name\":\"10x witte binnenhoezen - met polyethyleen binnenvoering\",\"isPartOf\":{\"@id\":\"https:\\\/\\\/demistrecords.nl\\\/#website\"},\"primaryImageOfPage\":{\"@id\":\"https:\\\/\\\/demistrecords.nl\\\/product\\\/10x-witte-binnenhoezen-met-polyethyleen-binnenvoering\\\/#primaryimage\"},\"image\":{\"@id\":\"https:\\\/\\\/demistrecords.nl\\\/product\\\/10x-witte-binnenhoezen-met-polyethyleen-binnenvoering\\\/#primaryimage\"},\"thumbnailUrl\":\"https:\\\/\\\/demistrecords.nl\\\/wp-content\\\/uploads\\\/2025\\\/01\\\/Witte-binnenhoezen-met-polybag.jpg\",\"datePublished\":\"2025-01-28T21:55:46+00:00\",\"dateModified\":\"2025-01-28T22:36:47+00:00\",\"description\":\"De binnenhoezen van LP's krijgen nogal wat te verduren tijdens het transport, maar ook tijdens het gebruik drukken de platen weleens de binnenhoezen stuk. De gevoerde binnenhoezen verminderen het risico op krassen bij het terugschuiven in de hoes en beschermen bovendien tegen stof en schimmels. Het polyethyleen venster zorgt er voor dat stof en vuil de plaat niet kan bereiken. Prijs is per 10 stuks. (Afbeelding is een mockup ter illustratie)\",\"breadcrumb\":{\"@id\":\"https:\\\/\\\/demistrecords.nl\\\/product\\\/10x-witte-binnenhoezen-met-polyethyleen-binnenvoering\\\/#breadcrumb\"},\"inLanguage\":\"de\",\"potentialAction\":[{\"@type\":\"ReadAction\",\"target\":[\"https:\\\/\\\/demistrecords.nl\\\/product\\\/10x-witte-binnenhoezen-met-polyethyleen-binnenvoering\\\/\"]}]},{\"@type\":\"ImageObject\",\"inLanguage\":\"de\",\"@id\":\"https:\\\/\\\/demistrecords.nl\\\/product\\\/10x-witte-binnenhoezen-met-polyethyleen-binnenvoering\\\/#primaryimage\",\"url\":\"https:\\\/\\\/demistrecords.nl\\\/wp-content\\\/uploads\\\/2025\\\/01\\\/Witte-binnenhoezen-met-polybag.jpg\",\"contentUrl\":\"https:\\\/\\\/demistrecords.nl\\\/wp-content\\\/uploads\\\/2025\\\/01\\\/Witte-binnenhoezen-met-polybag.jpg\",\"width\":1000,\"height\":1000},{\"@type\":\"BreadcrumbList\",\"@id\":\"https:\\\/\\\/demistrecords.nl\\\/product\\\/10x-witte-binnenhoezen-met-polyethyleen-binnenvoering\\\/#breadcrumb\",\"itemListElement\":[{\"@type\":\"ListItem\",\"position\":1,\"name\":\"Home\",\"item\":\"https:\\\/\\\/demistrecords.nl\\\/\"},{\"@type\":\"ListItem\",\"position\":2,\"name\":\"Shop\",\"item\":\"https:\\\/\\\/demistrecords.nl\\\/shop\\\/\"},{\"@type\":\"ListItem\",\"position\":3,\"name\":\"10x witte binnenhoezen &#8211; met polyethyleen binnenvoering\"}]},{\"@type\":\"WebSite\",\"@id\":\"https:\\\/\\\/demistrecords.nl\\\/#website\",\"url\":\"https:\\\/\\\/demistrecords.nl\\\/\",\"name\":\"De Mist Records\",\"description\":\"Post-rock and related music\",\"publisher\":{\"@id\":\"https:\\\/\\\/demistrecords.nl\\\/#organization\"},\"potentialAction\":[{\"@type\":\"SearchAction\",\"target\":{\"@type\":\"EntryPoint\",\"urlTemplate\":\"https:\\\/\\\/demistrecords.nl\\\/?s={search_term_string}\"},\"query-input\":{\"@type\":\"PropertyValueSpecification\",\"valueRequired\":true,\"valueName\":\"search_term_string\"}}],\"inLanguage\":\"de\"},{\"@type\":\"Organization\",\"@id\":\"https:\\\/\\\/demistrecords.nl\\\/#organization\",\"name\":\"De Mist Records\",\"url\":\"https:\\\/\\\/demistrecords.nl\\\/\",\"logo\":{\"@type\":\"ImageObject\",\"inLanguage\":\"de\",\"@id\":\"https:\\\/\\\/demistrecords.nl\\\/#\\\/schema\\\/logo\\\/image\\\/\",\"url\":\"https:\\\/\\\/demistrecords.nl\\\/wp-content\\\/uploads\\\/2020\\\/12\\\/logo-de-mist-records-rond.png\",\"contentUrl\":\"https:\\\/\\\/demistrecords.nl\\\/wp-content\\\/uploads\\\/2020\\\/12\\\/logo-de-mist-records-rond.png\",\"width\":500,\"height\":500,\"caption\":\"De Mist Records\"},\"image\":{\"@id\":\"https:\\\/\\\/demistrecords.nl\\\/#\\\/schema\\\/logo\\\/image\\\/\"},\"sameAs\":[\"https:\\\/\\\/www.facebook.com\\\/demistrecordsnl\",\"https:\\\/\\\/x.com\\\/deathroo1\",\"https:\\\/\\\/www.instagram.com\\\/demist_records\\\/\"]}]}<\/script>\n<!-- \/ Yoast SEO plugin. -->","yoast_head_json":{"title":"10x witte binnenhoezen - met polyethyleen binnenvoering","description":"De binnenhoezen van LP's krijgen nogal wat te verduren tijdens het transport, maar ook tijdens het gebruik drukken de platen weleens de binnenhoezen stuk. De gevoerde binnenhoezen verminderen het risico op krassen bij het terugschuiven in de hoes en beschermen bovendien tegen stof en schimmels.  Het polyethyleen venster zorgt er voor dat stof en vuil de plaat niet kan bereiken.  Prijs is per 10 stuks.  (Afbeelding is een mockup ter illustratie)","robots":{"index":"index","follow":"follow","max-snippet":"max-snippet:-1","max-image-preview":"max-image-preview:large","max-video-preview":"max-video-preview:-1"},"canonical":"https:\/\/demistrecords.nl\/de\/produkt\/10x-witte-binnenhoezen-met-polyethyleen-binnenvoering\/","og_locale":"de_DE","og_type":"article","og_title":"10x witte binnenhoezen - met polyethyleen binnenvoering","og_description":"De binnenhoezen van LP's krijgen nogal wat te verduren tijdens het transport, maar ook tijdens het gebruik drukken de platen weleens de binnenhoezen stuk. De gevoerde binnenhoezen verminderen het risico op krassen bij het terugschuiven in de hoes en beschermen bovendien tegen stof en schimmels.  Het polyethyleen venster zorgt er voor dat stof en vuil de plaat niet kan bereiken.  Prijs is per 10 stuks.  (Afbeelding is een mockup ter illustratie)","og_url":"https:\/\/demistrecords.nl\/de\/produkt\/10x-witte-binnenhoezen-met-polyethyleen-binnenvoering\/","og_site_name":"De Mist Records","article_publisher":"https:\/\/www.facebook.com\/demistrecordsnl","article_modified_time":"2025-01-28T22:36:47+00:00","og_image":[{"width":1000,"height":1000,"url":"https:\/\/demistrecords.nl\/wp-content\/uploads\/2025\/01\/Witte-binnenhoezen-met-polybag.jpg","type":"image\/jpeg"}],"twitter_card":"summary_large_image","twitter_site":"@deathroo1","twitter_misc":{"Gesch\u00e4tzte Lesezeit":"1\u00a0Minute"},"schema":{"@context":"https:\/\/schema.org","@graph":[{"@type":["WebPage","ItemPage"],"@id":"https:\/\/demistrecords.nl\/product\/10x-witte-binnenhoezen-met-polyethyleen-binnenvoering\/","url":"https:\/\/demistrecords.nl\/product\/10x-witte-binnenhoezen-met-polyethyleen-binnenvoering\/","name":"10x witte binnenhoezen - met polyethyleen binnenvoering","isPartOf":{"@id":"https:\/\/demistrecords.nl\/#website"},"primaryImageOfPage":{"@id":"https:\/\/demistrecords.nl\/product\/10x-witte-binnenhoezen-met-polyethyleen-binnenvoering\/#primaryimage"},"image":{"@id":"https:\/\/demistrecords.nl\/product\/10x-witte-binnenhoezen-met-polyethyleen-binnenvoering\/#primaryimage"},"thumbnailUrl":"https:\/\/demistrecords.nl\/wp-content\/uploads\/2025\/01\/Witte-binnenhoezen-met-polybag.jpg","datePublished":"2025-01-28T21:55:46+00:00","dateModified":"2025-01-28T22:36:47+00:00","description":"De binnenhoezen van LP's krijgen nogal wat te verduren tijdens het transport, maar ook tijdens het gebruik drukken de platen weleens de binnenhoezen stuk. De gevoerde binnenhoezen verminderen het risico op krassen bij het terugschuiven in de hoes en beschermen bovendien tegen stof en schimmels. Het polyethyleen venster zorgt er voor dat stof en vuil de plaat niet kan bereiken. Prijs is per 10 stuks. (Afbeelding is een mockup ter illustratie)","breadcrumb":{"@id":"https:\/\/demistrecords.nl\/product\/10x-witte-binnenhoezen-met-polyethyleen-binnenvoering\/#breadcrumb"},"inLanguage":"de","potentialAction":[{"@type":"ReadAction","target":["https:\/\/demistrecords.nl\/product\/10x-witte-binnenhoezen-met-polyethyleen-binnenvoering\/"]}]},{"@type":"ImageObject","inLanguage":"de","@id":"https:\/\/demistrecords.nl\/product\/10x-witte-binnenhoezen-met-polyethyleen-binnenvoering\/#primaryimage","url":"https:\/\/demistrecords.nl\/wp-content\/uploads\/2025\/01\/Witte-binnenhoezen-met-polybag.jpg","contentUrl":"https:\/\/demistrecords.nl\/wp-content\/uploads\/2025\/01\/Witte-binnenhoezen-met-polybag.jpg","width":1000,"height":1000},{"@type":"BreadcrumbList","@id":"https:\/\/demistrecords.nl\/product\/10x-witte-binnenhoezen-met-polyethyleen-binnenvoering\/#breadcrumb","itemListElement":[{"@type":"ListItem","position":1,"name":"Home","item":"https:\/\/demistrecords.nl\/"},{"@type":"ListItem","position":2,"name":"Shop","item":"https:\/\/demistrecords.nl\/shop\/"},{"@type":"ListItem","position":3,"name":"10x witte binnenhoezen &#8211; met polyethyleen binnenvoering"}]},{"@type":"WebSite","@id":"https:\/\/demistrecords.nl\/#website","url":"https:\/\/demistrecords.nl\/","name":"De Mist Records","description":"Post-rock and related music","publisher":{"@id":"https:\/\/demistrecords.nl\/#organization"},"potentialAction":[{"@type":"SearchAction","target":{"@type":"EntryPoint","urlTemplate":"https:\/\/demistrecords.nl\/?s={search_term_string}"},"query-input":{"@type":"PropertyValueSpecification","valueRequired":true,"valueName":"search_term_string"}}],"inLanguage":"de"},{"@type":"Organization","@id":"https:\/\/demistrecords.nl\/#organization","name":"De Mist Records","url":"https:\/\/demistrecords.nl\/","logo":{"@type":"ImageObject","inLanguage":"de","@id":"https:\/\/demistrecords.nl\/#\/schema\/logo\/image\/","url":"https:\/\/demistrecords.nl\/wp-content\/uploads\/2020\/12\/logo-de-mist-records-rond.png","contentUrl":"https:\/\/demistrecords.nl\/wp-content\/uploads\/2020\/12\/logo-de-mist-records-rond.png","width":500,"height":500,"caption":"De Mist Records"},"image":{"@id":"https:\/\/demistrecords.nl\/#\/schema\/logo\/image\/"},"sameAs":["https:\/\/www.facebook.com\/demistrecordsnl","https:\/\/x.com\/deathroo1","https:\/\/www.instagram.com\/demist_records\/"]}]}},"_links":{"self":[{"href":"https:\/\/demistrecords.nl\/de\/wp-json\/wp\/v2\/product\/2109","targetHints":{"allow":["GET"]}}],"collection":[{"href":"https:\/\/demistrecords.nl\/de\/wp-json\/wp\/v2\/product"}],"about":[{"href":"https:\/\/demistrecords.nl\/de\/wp-json\/wp\/v2\/types\/product"}],"replies":[{"embeddable":true,"href":"https:\/\/demistrecords.nl\/de\/wp-json\/wp\/v2\/comments?post=2109"}],"wp:featuredmedia":[{"embeddable":true,"href":"https:\/\/demistrecords.nl\/de\/wp-json\/wp\/v2\/media\/2110"}],"wp:attachment":[{"href":"https:\/\/demistrecords.nl\/de\/wp-json\/wp\/v2\/media?parent=2109"}],"wp:term":[{"taxonomy":"product_brand","embeddable":true,"href":"https:\/\/demistrecords.nl\/de\/wp-json\/wp\/v2\/product_brand?post=2109"},{"taxonomy":"product_cat","embeddable":true,"href":"https:\/\/demistrecords.nl\/de\/wp-json\/wp\/v2\/product_cat?post=2109"},{"taxonomy":"product_tag","embeddable":true,"href":"https:\/\/demistrecords.nl\/de\/wp-json\/wp\/v2\/product_tag?post=2109"}],"curies":[{"name":"wp","href":"https:\/\/api.w.org\/{rel}","templated":true}]}}