{"id":2161,"date":"2025-04-20T09:16:04","date_gmt":"2025-04-20T07:16:04","guid":{"rendered":"https:\/\/demistrecords.nl\/?post_type=product&#038;p=2161"},"modified":"2026-03-27T19:55:03","modified_gmt":"2026-03-27T18:55:03","slug":"lost-in-a-detail-eyes-on-the-stars-feet-on-the-ground","status":"publish","type":"product","link":"https:\/\/demistrecords.nl\/de\/produkt\/lost-in-a-detail-eyes-on-the-stars-feet-on-the-ground\/","title":{"rendered":"Lost In A Detail &#8211; Eyes on the stars, feet on the ground"},"content":{"rendered":"<p>EYES ON THE STARS, FEET ON THE GROUND ist ein Konzeptalbum mit sieben Instrumentalkompositionen, die die Geschichte eines Jungen w\u00e4hrend seiner letzten Tage auf der Erde und seiner Suche nach einer neuen Heimat jenseits unseres Planeten erz\u00e4hlen. Das Album ist noch aufw\u00e4ndiger produziert als ihr Deb\u00fctalbum, mit besonderer Liebe zum Detail und einem einzigartigen Design, illustriert vom K\u00fcnstler Donat Tobler.<\/p>\n<p>Erscheinungsdatum: 11. April 2025<\/p>\n<p>&nbsp;<\/p>\n<p><iframe style=\"border: 0; width: 100%; height: 120px;\" src=\"https:\/\/bandcamp.com\/EmbeddedPlayer\/album=2311680947\/size=large\/bgcol=333333\/linkcol=0f91ff\/tracklist=false\/artwork=small\/transparent=true\/\" seamless=\"\"><a href=\"https:\/\/lostinadetail.com\/album\/eyes-on-the-stars-feet-on-the-ground\">Eyes On The Stars, Feet On The Ground by LOST IN A DETAIL<\/a><\/iframe><\/p>","protected":false},"excerpt":{"rendered":"<p>Das zweite Album der von Kritikern gefeierten Schweizer Band Lost In A Detail.<\/p>\n<p>Eyes On The Stars, Feet On The Ground auf 180g farbigem Vinyl von Intakt Vinyl Berlin, inkl. wundersch\u00f6n gedrucktes Bilderbuch.<\/p>\n<p>&nbsp;<\/p>","protected":false},"featured_media":2162,"comment_status":"closed","ping_status":"closed","template":"","meta":[],"product_brand":[],"product_cat":[21,15],"product_tag":[26,28,37],"class_list":{"0":"post-2161","1":"product","2":"type-product","3":"status-publish","4":"has-post-thumbnail","6":"product_cat-nieuw","7":"product_cat-vinyl-12-lp","8":"product_tag-post-metal","9":"product_tag-post-rock","10":"product_tag-shoegaze","12":"first","13":"outofstock","14":"taxable","15":"shipping-taxable","16":"purchasable","17":"product-type-simple"},"bundled_by":[],"bundle_stock_status":"outofstock","bundle_stock_quantity":0,"bundle_virtual":false,"bundle_layout":"","bundle_add_to_cart_form_location":"","bundle_editable_in_cart":false,"bundle_sold_individually_context":"","bundle_item_grouping":"","bundle_min_size":"","bundle_max_size":"","bundle_price":[],"bundled_items":[],"bundle_sell_ids":[],"yoast_head":"<!-- This site is optimized with the Yoast SEO plugin v27.4 - https:\/\/yoast.com\/product\/yoast-seo-wordpress\/ -->\n<title>Lost In A Detail - Eyes on the stars, feet on the ground<\/title>\n<meta name=\"description\" content=\"Het tweede album van de alom geprezen Zwitserse band Lost In A Detail.  Eyes On The Stars, Feet On The Ground op 180g gekleurd vinyl van Intakt Vinyl Berlin, incl. mooi gedrukt verhalenboekje.  &nbsp;\" \/>\n<meta name=\"robots\" content=\"index, follow, max-snippet:-1, max-image-preview:large, max-video-preview:-1\" \/>\n<link rel=\"canonical\" href=\"https:\/\/demistrecords.nl\/de\/produkt\/lost-in-a-detail-eyes-on-the-stars-feet-on-the-ground\/\" \/>\n<meta property=\"og:locale\" content=\"de_DE\" \/>\n<meta property=\"og:type\" content=\"article\" \/>\n<meta property=\"og:title\" content=\"Lost In A Detail - Eyes on the stars, feet on the ground\" \/>\n<meta property=\"og:description\" content=\"Het tweede album van de alom geprezen Zwitserse band Lost In A Detail.  Eyes On The Stars, Feet On The Ground op 180g gekleurd vinyl van Intakt Vinyl Berlin, incl. mooi gedrukt verhalenboekje.  &nbsp;\" \/>\n<meta property=\"og:url\" content=\"https:\/\/demistrecords.nl\/de\/produkt\/lost-in-a-detail-eyes-on-the-stars-feet-on-the-ground\/\" \/>\n<meta property=\"og:site_name\" content=\"De Mist Records\" \/>\n<meta property=\"article:publisher\" content=\"https:\/\/www.facebook.com\/demistrecordsnl\" \/>\n<meta property=\"article:modified_time\" content=\"2026-03-27T18:55:03+00:00\" \/>\n<meta property=\"og:image\" content=\"https:\/\/demistrecords.nl\/wp-content\/uploads\/2025\/04\/Lost-In-A-Detail-Eyes-on-the-stars-feet-on-the-ground.jpg\" \/>\n\t<meta property=\"og:image:width\" content=\"2120\" \/>\n\t<meta property=\"og:image:height\" content=\"2120\" \/>\n\t<meta property=\"og:image:type\" content=\"image\/jpeg\" \/>\n<meta name=\"twitter:card\" content=\"summary_large_image\" \/>\n<meta name=\"twitter:site\" content=\"@deathroo1\" \/>\n<meta name=\"twitter:label1\" content=\"Gesch\u00e4tzte Lesezeit\" \/>\n\t<meta name=\"twitter:data1\" content=\"1\u00a0Minute\" \/>\n<script type=\"application\/ld+json\" class=\"yoast-schema-graph\">{\"@context\":\"https:\\\/\\\/schema.org\",\"@graph\":[{\"@type\":[\"WebPage\",\"ItemPage\"],\"@id\":\"https:\\\/\\\/demistrecords.nl\\\/product\\\/lost-in-a-detail-eyes-on-the-stars-feet-on-the-ground\\\/\",\"url\":\"https:\\\/\\\/demistrecords.nl\\\/product\\\/lost-in-a-detail-eyes-on-the-stars-feet-on-the-ground\\\/\",\"name\":\"Lost In A Detail - Eyes on the stars, feet on the ground\",\"isPartOf\":{\"@id\":\"https:\\\/\\\/demistrecords.nl\\\/#website\"},\"primaryImageOfPage\":{\"@id\":\"https:\\\/\\\/demistrecords.nl\\\/product\\\/lost-in-a-detail-eyes-on-the-stars-feet-on-the-ground\\\/#primaryimage\"},\"image\":{\"@id\":\"https:\\\/\\\/demistrecords.nl\\\/product\\\/lost-in-a-detail-eyes-on-the-stars-feet-on-the-ground\\\/#primaryimage\"},\"thumbnailUrl\":\"https:\\\/\\\/demistrecords.nl\\\/wp-content\\\/uploads\\\/2025\\\/04\\\/Lost-In-A-Detail-Eyes-on-the-stars-feet-on-the-ground.jpg\",\"datePublished\":\"2025-04-20T07:16:04+00:00\",\"dateModified\":\"2026-03-27T18:55:03+00:00\",\"description\":\"Het tweede album van de alom geprezen Zwitserse band Lost In A Detail. Eyes On The Stars, Feet On The Ground op 180g gekleurd vinyl van Intakt Vinyl Berlin, incl. mooi gedrukt verhalenboekje. &nbsp;\",\"breadcrumb\":{\"@id\":\"https:\\\/\\\/demistrecords.nl\\\/product\\\/lost-in-a-detail-eyes-on-the-stars-feet-on-the-ground\\\/#breadcrumb\"},\"inLanguage\":\"de\",\"potentialAction\":[{\"@type\":\"ReadAction\",\"target\":[\"https:\\\/\\\/demistrecords.nl\\\/product\\\/lost-in-a-detail-eyes-on-the-stars-feet-on-the-ground\\\/\"]}]},{\"@type\":\"ImageObject\",\"inLanguage\":\"de\",\"@id\":\"https:\\\/\\\/demistrecords.nl\\\/product\\\/lost-in-a-detail-eyes-on-the-stars-feet-on-the-ground\\\/#primaryimage\",\"url\":\"https:\\\/\\\/demistrecords.nl\\\/wp-content\\\/uploads\\\/2025\\\/04\\\/Lost-In-A-Detail-Eyes-on-the-stars-feet-on-the-ground.jpg\",\"contentUrl\":\"https:\\\/\\\/demistrecords.nl\\\/wp-content\\\/uploads\\\/2025\\\/04\\\/Lost-In-A-Detail-Eyes-on-the-stars-feet-on-the-ground.jpg\",\"width\":2120,\"height\":2120},{\"@type\":\"BreadcrumbList\",\"@id\":\"https:\\\/\\\/demistrecords.nl\\\/product\\\/lost-in-a-detail-eyes-on-the-stars-feet-on-the-ground\\\/#breadcrumb\",\"itemListElement\":[{\"@type\":\"ListItem\",\"position\":1,\"name\":\"Home\",\"item\":\"https:\\\/\\\/demistrecords.nl\\\/\"},{\"@type\":\"ListItem\",\"position\":2,\"name\":\"Shop\",\"item\":\"https:\\\/\\\/demistrecords.nl\\\/shop\\\/\"},{\"@type\":\"ListItem\",\"position\":3,\"name\":\"Lost In A Detail &#8211; Eyes on the stars, feet on the ground\"}]},{\"@type\":\"WebSite\",\"@id\":\"https:\\\/\\\/demistrecords.nl\\\/#website\",\"url\":\"https:\\\/\\\/demistrecords.nl\\\/\",\"name\":\"De Mist Records\",\"description\":\"Post-rock and related music\",\"publisher\":{\"@id\":\"https:\\\/\\\/demistrecords.nl\\\/#organization\"},\"potentialAction\":[{\"@type\":\"SearchAction\",\"target\":{\"@type\":\"EntryPoint\",\"urlTemplate\":\"https:\\\/\\\/demistrecords.nl\\\/?s={search_term_string}\"},\"query-input\":{\"@type\":\"PropertyValueSpecification\",\"valueRequired\":true,\"valueName\":\"search_term_string\"}}],\"inLanguage\":\"de\"},{\"@type\":\"Organization\",\"@id\":\"https:\\\/\\\/demistrecords.nl\\\/#organization\",\"name\":\"De Mist Records\",\"url\":\"https:\\\/\\\/demistrecords.nl\\\/\",\"logo\":{\"@type\":\"ImageObject\",\"inLanguage\":\"de\",\"@id\":\"https:\\\/\\\/demistrecords.nl\\\/#\\\/schema\\\/logo\\\/image\\\/\",\"url\":\"https:\\\/\\\/demistrecords.nl\\\/wp-content\\\/uploads\\\/2020\\\/12\\\/logo-de-mist-records-rond.png\",\"contentUrl\":\"https:\\\/\\\/demistrecords.nl\\\/wp-content\\\/uploads\\\/2020\\\/12\\\/logo-de-mist-records-rond.png\",\"width\":500,\"height\":500,\"caption\":\"De Mist Records\"},\"image\":{\"@id\":\"https:\\\/\\\/demistrecords.nl\\\/#\\\/schema\\\/logo\\\/image\\\/\"},\"sameAs\":[\"https:\\\/\\\/www.facebook.com\\\/demistrecordsnl\",\"https:\\\/\\\/x.com\\\/deathroo1\",\"https:\\\/\\\/www.instagram.com\\\/demist_records\\\/\"]}]}<\/script>\n<!-- \/ Yoast SEO plugin. -->","yoast_head_json":{"title":"Lost In A Detail - Eyes on the stars, feet on the ground","description":"Het tweede album van de alom geprezen Zwitserse band Lost In A Detail.  Eyes On The Stars, Feet On The Ground op 180g gekleurd vinyl van Intakt Vinyl Berlin, incl. mooi gedrukt verhalenboekje.  &nbsp;","robots":{"index":"index","follow":"follow","max-snippet":"max-snippet:-1","max-image-preview":"max-image-preview:large","max-video-preview":"max-video-preview:-1"},"canonical":"https:\/\/demistrecords.nl\/de\/produkt\/lost-in-a-detail-eyes-on-the-stars-feet-on-the-ground\/","og_locale":"de_DE","og_type":"article","og_title":"Lost In A Detail - Eyes on the stars, feet on the ground","og_description":"Het tweede album van de alom geprezen Zwitserse band Lost In A Detail.  Eyes On The Stars, Feet On The Ground op 180g gekleurd vinyl van Intakt Vinyl Berlin, incl. mooi gedrukt verhalenboekje.  &nbsp;","og_url":"https:\/\/demistrecords.nl\/de\/produkt\/lost-in-a-detail-eyes-on-the-stars-feet-on-the-ground\/","og_site_name":"De Mist Records","article_publisher":"https:\/\/www.facebook.com\/demistrecordsnl","article_modified_time":"2026-03-27T18:55:03+00:00","og_image":[{"width":2120,"height":2120,"url":"https:\/\/demistrecords.nl\/wp-content\/uploads\/2025\/04\/Lost-In-A-Detail-Eyes-on-the-stars-feet-on-the-ground.jpg","type":"image\/jpeg"}],"twitter_card":"summary_large_image","twitter_site":"@deathroo1","twitter_misc":{"Gesch\u00e4tzte Lesezeit":"1\u00a0Minute"},"schema":{"@context":"https:\/\/schema.org","@graph":[{"@type":["WebPage","ItemPage"],"@id":"https:\/\/demistrecords.nl\/product\/lost-in-a-detail-eyes-on-the-stars-feet-on-the-ground\/","url":"https:\/\/demistrecords.nl\/product\/lost-in-a-detail-eyes-on-the-stars-feet-on-the-ground\/","name":"Lost In A Detail - Eyes on the stars, feet on the ground","isPartOf":{"@id":"https:\/\/demistrecords.nl\/#website"},"primaryImageOfPage":{"@id":"https:\/\/demistrecords.nl\/product\/lost-in-a-detail-eyes-on-the-stars-feet-on-the-ground\/#primaryimage"},"image":{"@id":"https:\/\/demistrecords.nl\/product\/lost-in-a-detail-eyes-on-the-stars-feet-on-the-ground\/#primaryimage"},"thumbnailUrl":"https:\/\/demistrecords.nl\/wp-content\/uploads\/2025\/04\/Lost-In-A-Detail-Eyes-on-the-stars-feet-on-the-ground.jpg","datePublished":"2025-04-20T07:16:04+00:00","dateModified":"2026-03-27T18:55:03+00:00","description":"Het tweede album van de alom geprezen Zwitserse band Lost In A Detail. Eyes On The Stars, Feet On The Ground op 180g gekleurd vinyl van Intakt Vinyl Berlin, incl. mooi gedrukt verhalenboekje. &nbsp;","breadcrumb":{"@id":"https:\/\/demistrecords.nl\/product\/lost-in-a-detail-eyes-on-the-stars-feet-on-the-ground\/#breadcrumb"},"inLanguage":"de","potentialAction":[{"@type":"ReadAction","target":["https:\/\/demistrecords.nl\/product\/lost-in-a-detail-eyes-on-the-stars-feet-on-the-ground\/"]}]},{"@type":"ImageObject","inLanguage":"de","@id":"https:\/\/demistrecords.nl\/product\/lost-in-a-detail-eyes-on-the-stars-feet-on-the-ground\/#primaryimage","url":"https:\/\/demistrecords.nl\/wp-content\/uploads\/2025\/04\/Lost-In-A-Detail-Eyes-on-the-stars-feet-on-the-ground.jpg","contentUrl":"https:\/\/demistrecords.nl\/wp-content\/uploads\/2025\/04\/Lost-In-A-Detail-Eyes-on-the-stars-feet-on-the-ground.jpg","width":2120,"height":2120},{"@type":"BreadcrumbList","@id":"https:\/\/demistrecords.nl\/product\/lost-in-a-detail-eyes-on-the-stars-feet-on-the-ground\/#breadcrumb","itemListElement":[{"@type":"ListItem","position":1,"name":"Home","item":"https:\/\/demistrecords.nl\/"},{"@type":"ListItem","position":2,"name":"Shop","item":"https:\/\/demistrecords.nl\/shop\/"},{"@type":"ListItem","position":3,"name":"Lost In A Detail &#8211; Eyes on the stars, feet on the ground"}]},{"@type":"WebSite","@id":"https:\/\/demistrecords.nl\/#website","url":"https:\/\/demistrecords.nl\/","name":"De Mist Records","description":"Post-rock and related music","publisher":{"@id":"https:\/\/demistrecords.nl\/#organization"},"potentialAction":[{"@type":"SearchAction","target":{"@type":"EntryPoint","urlTemplate":"https:\/\/demistrecords.nl\/?s={search_term_string}"},"query-input":{"@type":"PropertyValueSpecification","valueRequired":true,"valueName":"search_term_string"}}],"inLanguage":"de"},{"@type":"Organization","@id":"https:\/\/demistrecords.nl\/#organization","name":"De Mist Records","url":"https:\/\/demistrecords.nl\/","logo":{"@type":"ImageObject","inLanguage":"de","@id":"https:\/\/demistrecords.nl\/#\/schema\/logo\/image\/","url":"https:\/\/demistrecords.nl\/wp-content\/uploads\/2020\/12\/logo-de-mist-records-rond.png","contentUrl":"https:\/\/demistrecords.nl\/wp-content\/uploads\/2020\/12\/logo-de-mist-records-rond.png","width":500,"height":500,"caption":"De Mist Records"},"image":{"@id":"https:\/\/demistrecords.nl\/#\/schema\/logo\/image\/"},"sameAs":["https:\/\/www.facebook.com\/demistrecordsnl","https:\/\/x.com\/deathroo1","https:\/\/www.instagram.com\/demist_records\/"]}]}},"_links":{"self":[{"href":"https:\/\/demistrecords.nl\/de\/wp-json\/wp\/v2\/product\/2161","targetHints":{"allow":["GET"]}}],"collection":[{"href":"https:\/\/demistrecords.nl\/de\/wp-json\/wp\/v2\/product"}],"about":[{"href":"https:\/\/demistrecords.nl\/de\/wp-json\/wp\/v2\/types\/product"}],"replies":[{"embeddable":true,"href":"https:\/\/demistrecords.nl\/de\/wp-json\/wp\/v2\/comments?post=2161"}],"wp:featuredmedia":[{"embeddable":true,"href":"https:\/\/demistrecords.nl\/de\/wp-json\/wp\/v2\/media\/2162"}],"wp:attachment":[{"href":"https:\/\/demistrecords.nl\/de\/wp-json\/wp\/v2\/media?parent=2161"}],"wp:term":[{"taxonomy":"product_brand","embeddable":true,"href":"https:\/\/demistrecords.nl\/de\/wp-json\/wp\/v2\/product_brand?post=2161"},{"taxonomy":"product_cat","embeddable":true,"href":"https:\/\/demistrecords.nl\/de\/wp-json\/wp\/v2\/product_cat?post=2161"},{"taxonomy":"product_tag","embeddable":true,"href":"https:\/\/demistrecords.nl\/de\/wp-json\/wp\/v2\/product_tag?post=2161"}],"curies":[{"name":"wp","href":"https:\/\/api.w.org\/{rel}","templated":true}]}}