{"id":2179,"date":"2025-05-07T14:45:35","date_gmt":"2025-05-07T12:45:35","guid":{"rendered":"https:\/\/demistrecords.nl\/?post_type=product&#038;p=2179"},"modified":"2026-02-20T16:24:17","modified_gmt":"2026-02-20T15:24:17","slug":"capitan-facing-currents","status":"publish","type":"product","link":"https:\/\/demistrecords.nl\/de\/produkt\/capitan-facing-currents\/","title":{"rendered":"Capitan &#8211; Facing Currents"},"content":{"rendered":"<p>Das zweite Album der belgischen Band Capitan hei\u00dft FACING CURRENTS und ist ein tiefes Eintauchen in den emotionalen Kampf, durch anhaltende Einsamkeit seine wahre Identit\u00e4t zu entdecken und zu versuchen, sie nicht zu verlieren, wenn man versucht, wieder Kontakt zu anderen aufzunehmen. Ein Gleichgewicht zwischen Authentizit\u00e4t und Verbindung finden, ohne Kompromisse.<\/p>\n<p>Capitan sorgten mit ihrem Auftritt beim Dunkfestival 2024 f\u00fcr Aufsehen, als sie pl\u00f6tzlich als Ersatz f\u00fcr Pothamus in das riesige Line-up aufgenommen wurden. Die Band hatte gerade ihr Deb\u00fctalbum \u201eCascades\u201c ver\u00f6ffentlicht, aber sie hatte das Publikum v\u00f6llig umgehauen. Wir haben gespannt auf das zweite Album gewartet und die Band liefert wieder einmal ab. Melancholischer Gesang mit Wutausbr\u00fcchen, kombiniert mit klaren Melodien und harten Riffs. Musikalisch bewegt sich die Band zwischen Shoegaze, Post-Rock\/Metal und Progressive Rock.<\/p>\n<p><iframe style=\"border: 0; width: 100%; height: 120px;\" src=\"https:\/\/bandcamp.com\/EmbeddedPlayer\/album=1072585867\/size=large\/bgcol=333333\/linkcol=0f91ff\/tracklist=false\/artwork=small\/transparent=true\/\" seamless=\"\"><a href=\"https:\/\/capitanmusic.bandcamp.com\/album\/facing-currents\">Facing Currents by CAPITAN<\/a><\/iframe><\/p>","protected":false},"excerpt":{"rendered":"<p>Zweites Album der Band aus Mechelen, Nachfolger von Cascades aus dem Jahr 2020<\/p>\n<p>2 Varianten, beide in einer Auflage von 150 St\u00fcck:<br \/>\n\u2013 180 g transparentes Vinyl: Mintgr\u00fcn mit cremefarbenem Klecks<br \/>\n\u2013 180 g undurchsichtiges Vinyl: Skin Marble<\/p>\n<p>Pressing durch Dunk-Pressing.<\/p>","protected":false},"featured_media":2189,"comment_status":"closed","ping_status":"closed","template":"","meta":[],"product_brand":[],"product_cat":[21,15],"product_tag":[26,28,37],"class_list":{"0":"post-2179","1":"product","2":"type-product","3":"status-publish","4":"has-post-thumbnail","6":"product_cat-nieuw","7":"product_cat-vinyl-12-lp","8":"product_tag-post-metal","9":"product_tag-post-rock","10":"product_tag-shoegaze","12":"first","13":"instock","14":"taxable","15":"shipping-taxable","16":"purchasable","17":"product-type-variable"},"bundled_by":[],"bundle_stock_status":"instock","bundle_stock_quantity":null,"bundle_virtual":false,"bundle_layout":"","bundle_add_to_cart_form_location":"","bundle_editable_in_cart":false,"bundle_sold_individually_context":"","bundle_item_grouping":"","bundle_min_size":"","bundle_max_size":"","bundle_price":[],"bundled_items":[],"bundle_sell_ids":[],"yoast_head":"<!-- This site is optimized with the Yoast SEO plugin v27.4 - https:\/\/yoast.com\/product\/yoast-seo-wordpress\/ -->\n<title>Capitan - Facing Currents<\/title>\n<meta name=\"description\" content=\"Tweede album van de band uit Mechelen, opvolger van Cascades uit 2020  2 varianten, beiden in oplage van 150 stuks: - 180gr transparant vinyl: Mint Green met Cream Blob - 180gr niet transparant vinyl: Skin Marble  Persing door Dunk Pressing.\" \/>\n<meta name=\"robots\" content=\"index, follow, max-snippet:-1, max-image-preview:large, max-video-preview:-1\" \/>\n<link rel=\"canonical\" href=\"https:\/\/demistrecords.nl\/de\/produkt\/capitan-facing-currents\/\" \/>\n<meta property=\"og:locale\" content=\"de_DE\" \/>\n<meta property=\"og:type\" content=\"article\" \/>\n<meta property=\"og:title\" content=\"Capitan - Facing Currents\" \/>\n<meta property=\"og:description\" content=\"Tweede album van de band uit Mechelen, opvolger van Cascades uit 2020  2 varianten, beiden in oplage van 150 stuks: - 180gr transparant vinyl: Mint Green met Cream Blob - 180gr niet transparant vinyl: Skin Marble  Persing door Dunk Pressing.\" \/>\n<meta property=\"og:url\" content=\"https:\/\/demistrecords.nl\/de\/produkt\/capitan-facing-currents\/\" \/>\n<meta property=\"og:site_name\" content=\"De Mist Records\" \/>\n<meta property=\"article:publisher\" content=\"https:\/\/www.facebook.com\/demistrecordsnl\" \/>\n<meta property=\"article:modified_time\" content=\"2026-02-20T15:24:17+00:00\" \/>\n<meta property=\"og:image\" content=\"https:\/\/demistrecords.nl\/wp-content\/uploads\/2025\/05\/Capitan-Facing-Currents-Mint-green-Cream-blob-1.jpg\" \/>\n\t<meta property=\"og:image:width\" content=\"1000\" \/>\n\t<meta property=\"og:image:height\" content=\"1000\" \/>\n\t<meta property=\"og:image:type\" content=\"image\/jpeg\" \/>\n<meta name=\"twitter:card\" content=\"summary_large_image\" \/>\n<meta name=\"twitter:site\" content=\"@deathroo1\" \/>\n<meta name=\"twitter:label1\" content=\"Gesch\u00e4tzte Lesezeit\" \/>\n\t<meta name=\"twitter:data1\" content=\"1\u00a0Minute\" \/>\n<script type=\"application\/ld+json\" class=\"yoast-schema-graph\">{\"@context\":\"https:\\\/\\\/schema.org\",\"@graph\":[{\"@type\":[\"WebPage\",\"ItemPage\"],\"@id\":\"https:\\\/\\\/demistrecords.nl\\\/product\\\/capitan-facing-currents\\\/\",\"url\":\"https:\\\/\\\/demistrecords.nl\\\/product\\\/capitan-facing-currents\\\/\",\"name\":\"Capitan - Facing Currents\",\"isPartOf\":{\"@id\":\"https:\\\/\\\/demistrecords.nl\\\/#website\"},\"primaryImageOfPage\":{\"@id\":\"https:\\\/\\\/demistrecords.nl\\\/product\\\/capitan-facing-currents\\\/#primaryimage\"},\"image\":{\"@id\":\"https:\\\/\\\/demistrecords.nl\\\/product\\\/capitan-facing-currents\\\/#primaryimage\"},\"thumbnailUrl\":\"https:\\\/\\\/demistrecords.nl\\\/wp-content\\\/uploads\\\/2025\\\/05\\\/Capitan-Facing-Currents-Mint-green-Cream-blob-1.jpg\",\"datePublished\":\"2025-05-07T12:45:35+00:00\",\"dateModified\":\"2026-02-20T15:24:17+00:00\",\"description\":\"Tweede album van de band uit Mechelen, opvolger van Cascades uit 2020 2 varianten, beiden in oplage van 150 stuks: - 180gr transparant vinyl: Mint Green met Cream Blob - 180gr niet transparant vinyl: Skin Marble Persing door Dunk Pressing.\",\"breadcrumb\":{\"@id\":\"https:\\\/\\\/demistrecords.nl\\\/product\\\/capitan-facing-currents\\\/#breadcrumb\"},\"inLanguage\":\"de\",\"potentialAction\":[{\"@type\":\"ReadAction\",\"target\":[\"https:\\\/\\\/demistrecords.nl\\\/product\\\/capitan-facing-currents\\\/\"]}]},{\"@type\":\"ImageObject\",\"inLanguage\":\"de\",\"@id\":\"https:\\\/\\\/demistrecords.nl\\\/product\\\/capitan-facing-currents\\\/#primaryimage\",\"url\":\"https:\\\/\\\/demistrecords.nl\\\/wp-content\\\/uploads\\\/2025\\\/05\\\/Capitan-Facing-Currents-Mint-green-Cream-blob-1.jpg\",\"contentUrl\":\"https:\\\/\\\/demistrecords.nl\\\/wp-content\\\/uploads\\\/2025\\\/05\\\/Capitan-Facing-Currents-Mint-green-Cream-blob-1.jpg\",\"width\":1000,\"height\":1000},{\"@type\":\"BreadcrumbList\",\"@id\":\"https:\\\/\\\/demistrecords.nl\\\/product\\\/capitan-facing-currents\\\/#breadcrumb\",\"itemListElement\":[{\"@type\":\"ListItem\",\"position\":1,\"name\":\"Home\",\"item\":\"https:\\\/\\\/demistrecords.nl\\\/\"},{\"@type\":\"ListItem\",\"position\":2,\"name\":\"Shop\",\"item\":\"https:\\\/\\\/demistrecords.nl\\\/shop\\\/\"},{\"@type\":\"ListItem\",\"position\":3,\"name\":\"Capitan &#8211; Facing Currents\"}]},{\"@type\":\"WebSite\",\"@id\":\"https:\\\/\\\/demistrecords.nl\\\/#website\",\"url\":\"https:\\\/\\\/demistrecords.nl\\\/\",\"name\":\"De Mist Records\",\"description\":\"Post-rock and related music\",\"publisher\":{\"@id\":\"https:\\\/\\\/demistrecords.nl\\\/#organization\"},\"potentialAction\":[{\"@type\":\"SearchAction\",\"target\":{\"@type\":\"EntryPoint\",\"urlTemplate\":\"https:\\\/\\\/demistrecords.nl\\\/?s={search_term_string}\"},\"query-input\":{\"@type\":\"PropertyValueSpecification\",\"valueRequired\":true,\"valueName\":\"search_term_string\"}}],\"inLanguage\":\"de\"},{\"@type\":\"Organization\",\"@id\":\"https:\\\/\\\/demistrecords.nl\\\/#organization\",\"name\":\"De Mist Records\",\"url\":\"https:\\\/\\\/demistrecords.nl\\\/\",\"logo\":{\"@type\":\"ImageObject\",\"inLanguage\":\"de\",\"@id\":\"https:\\\/\\\/demistrecords.nl\\\/#\\\/schema\\\/logo\\\/image\\\/\",\"url\":\"https:\\\/\\\/demistrecords.nl\\\/wp-content\\\/uploads\\\/2020\\\/12\\\/logo-de-mist-records-rond.png\",\"contentUrl\":\"https:\\\/\\\/demistrecords.nl\\\/wp-content\\\/uploads\\\/2020\\\/12\\\/logo-de-mist-records-rond.png\",\"width\":500,\"height\":500,\"caption\":\"De Mist Records\"},\"image\":{\"@id\":\"https:\\\/\\\/demistrecords.nl\\\/#\\\/schema\\\/logo\\\/image\\\/\"},\"sameAs\":[\"https:\\\/\\\/www.facebook.com\\\/demistrecordsnl\",\"https:\\\/\\\/x.com\\\/deathroo1\",\"https:\\\/\\\/www.instagram.com\\\/demist_records\\\/\"]}]}<\/script>\n<!-- \/ Yoast SEO plugin. -->","yoast_head_json":{"title":"Capitan - Facing Currents","description":"Tweede album van de band uit Mechelen, opvolger van Cascades uit 2020  2 varianten, beiden in oplage van 150 stuks: - 180gr transparant vinyl: Mint Green met Cream Blob - 180gr niet transparant vinyl: Skin Marble  Persing door Dunk Pressing.","robots":{"index":"index","follow":"follow","max-snippet":"max-snippet:-1","max-image-preview":"max-image-preview:large","max-video-preview":"max-video-preview:-1"},"canonical":"https:\/\/demistrecords.nl\/de\/produkt\/capitan-facing-currents\/","og_locale":"de_DE","og_type":"article","og_title":"Capitan - Facing Currents","og_description":"Tweede album van de band uit Mechelen, opvolger van Cascades uit 2020  2 varianten, beiden in oplage van 150 stuks: - 180gr transparant vinyl: Mint Green met Cream Blob - 180gr niet transparant vinyl: Skin Marble  Persing door Dunk Pressing.","og_url":"https:\/\/demistrecords.nl\/de\/produkt\/capitan-facing-currents\/","og_site_name":"De Mist Records","article_publisher":"https:\/\/www.facebook.com\/demistrecordsnl","article_modified_time":"2026-02-20T15:24:17+00:00","og_image":[{"width":1000,"height":1000,"url":"https:\/\/demistrecords.nl\/wp-content\/uploads\/2025\/05\/Capitan-Facing-Currents-Mint-green-Cream-blob-1.jpg","type":"image\/jpeg"}],"twitter_card":"summary_large_image","twitter_site":"@deathroo1","twitter_misc":{"Gesch\u00e4tzte Lesezeit":"1\u00a0Minute"},"schema":{"@context":"https:\/\/schema.org","@graph":[{"@type":["WebPage","ItemPage"],"@id":"https:\/\/demistrecords.nl\/product\/capitan-facing-currents\/","url":"https:\/\/demistrecords.nl\/product\/capitan-facing-currents\/","name":"Capitan - Facing Currents","isPartOf":{"@id":"https:\/\/demistrecords.nl\/#website"},"primaryImageOfPage":{"@id":"https:\/\/demistrecords.nl\/product\/capitan-facing-currents\/#primaryimage"},"image":{"@id":"https:\/\/demistrecords.nl\/product\/capitan-facing-currents\/#primaryimage"},"thumbnailUrl":"https:\/\/demistrecords.nl\/wp-content\/uploads\/2025\/05\/Capitan-Facing-Currents-Mint-green-Cream-blob-1.jpg","datePublished":"2025-05-07T12:45:35+00:00","dateModified":"2026-02-20T15:24:17+00:00","description":"Tweede album van de band uit Mechelen, opvolger van Cascades uit 2020 2 varianten, beiden in oplage van 150 stuks: - 180gr transparant vinyl: Mint Green met Cream Blob - 180gr niet transparant vinyl: Skin Marble Persing door Dunk Pressing.","breadcrumb":{"@id":"https:\/\/demistrecords.nl\/product\/capitan-facing-currents\/#breadcrumb"},"inLanguage":"de","potentialAction":[{"@type":"ReadAction","target":["https:\/\/demistrecords.nl\/product\/capitan-facing-currents\/"]}]},{"@type":"ImageObject","inLanguage":"de","@id":"https:\/\/demistrecords.nl\/product\/capitan-facing-currents\/#primaryimage","url":"https:\/\/demistrecords.nl\/wp-content\/uploads\/2025\/05\/Capitan-Facing-Currents-Mint-green-Cream-blob-1.jpg","contentUrl":"https:\/\/demistrecords.nl\/wp-content\/uploads\/2025\/05\/Capitan-Facing-Currents-Mint-green-Cream-blob-1.jpg","width":1000,"height":1000},{"@type":"BreadcrumbList","@id":"https:\/\/demistrecords.nl\/product\/capitan-facing-currents\/#breadcrumb","itemListElement":[{"@type":"ListItem","position":1,"name":"Home","item":"https:\/\/demistrecords.nl\/"},{"@type":"ListItem","position":2,"name":"Shop","item":"https:\/\/demistrecords.nl\/shop\/"},{"@type":"ListItem","position":3,"name":"Capitan &#8211; Facing Currents"}]},{"@type":"WebSite","@id":"https:\/\/demistrecords.nl\/#website","url":"https:\/\/demistrecords.nl\/","name":"De Mist Records","description":"Post-rock and related music","publisher":{"@id":"https:\/\/demistrecords.nl\/#organization"},"potentialAction":[{"@type":"SearchAction","target":{"@type":"EntryPoint","urlTemplate":"https:\/\/demistrecords.nl\/?s={search_term_string}"},"query-input":{"@type":"PropertyValueSpecification","valueRequired":true,"valueName":"search_term_string"}}],"inLanguage":"de"},{"@type":"Organization","@id":"https:\/\/demistrecords.nl\/#organization","name":"De Mist Records","url":"https:\/\/demistrecords.nl\/","logo":{"@type":"ImageObject","inLanguage":"de","@id":"https:\/\/demistrecords.nl\/#\/schema\/logo\/image\/","url":"https:\/\/demistrecords.nl\/wp-content\/uploads\/2020\/12\/logo-de-mist-records-rond.png","contentUrl":"https:\/\/demistrecords.nl\/wp-content\/uploads\/2020\/12\/logo-de-mist-records-rond.png","width":500,"height":500,"caption":"De Mist Records"},"image":{"@id":"https:\/\/demistrecords.nl\/#\/schema\/logo\/image\/"},"sameAs":["https:\/\/www.facebook.com\/demistrecordsnl","https:\/\/x.com\/deathroo1","https:\/\/www.instagram.com\/demist_records\/"]}]}},"_links":{"self":[{"href":"https:\/\/demistrecords.nl\/de\/wp-json\/wp\/v2\/product\/2179","targetHints":{"allow":["GET"]}}],"collection":[{"href":"https:\/\/demistrecords.nl\/de\/wp-json\/wp\/v2\/product"}],"about":[{"href":"https:\/\/demistrecords.nl\/de\/wp-json\/wp\/v2\/types\/product"}],"replies":[{"embeddable":true,"href":"https:\/\/demistrecords.nl\/de\/wp-json\/wp\/v2\/comments?post=2179"}],"wp:featuredmedia":[{"embeddable":true,"href":"https:\/\/demistrecords.nl\/de\/wp-json\/wp\/v2\/media\/2189"}],"wp:attachment":[{"href":"https:\/\/demistrecords.nl\/de\/wp-json\/wp\/v2\/media?parent=2179"}],"wp:term":[{"taxonomy":"product_brand","embeddable":true,"href":"https:\/\/demistrecords.nl\/de\/wp-json\/wp\/v2\/product_brand?post=2179"},{"taxonomy":"product_cat","embeddable":true,"href":"https:\/\/demistrecords.nl\/de\/wp-json\/wp\/v2\/product_cat?post=2179"},{"taxonomy":"product_tag","embeddable":true,"href":"https:\/\/demistrecords.nl\/de\/wp-json\/wp\/v2\/product_tag?post=2179"}],"curies":[{"name":"wp","href":"https:\/\/api.w.org\/{rel}","templated":true}]}}