{"id":2360,"date":"2026-02-25T12:30:47","date_gmt":"2026-02-25T11:30:47","guid":{"rendered":"https:\/\/demistrecords.nl\/?post_type=product&#038;p=2360"},"modified":"2026-03-03T21:49:52","modified_gmt":"2026-03-03T20:49:52","slug":"alcest-ecailles-de-lune-multicolour-marble","status":"publish","type":"product","link":"https:\/\/demistrecords.nl\/de\/produkt\/alcest-ecailles-de-lune-multicolour-marble\/","title":{"rendered":"Alcest &#8211; \u00c9cailles De Lune (multicolour marble)"},"content":{"rendered":"<div class=\"otQkpb\" role=\"heading\" aria-level=\"3\" data-animation-nesting=\"\" data-sfc-cp=\"\" data-complete=\"true\" data-processed=\"true\" data-sae=\"\"><strong>Erlebe das Meisterwerk, das Blackgaze weltber\u00fchmt machte.<\/strong><br \/>\nMit ihrem zweiten Album \u201e\u00c9cailles de Lune\u201c (Mondwaagen) perfektionierte die franz\u00f6sische Band Alcest ihren unverkennbaren Sound: eine jenseitige Mischung aus vertr\u00e4umtem Shoegaze und der rohen Energie des Black Metal.<\/div>\n<div role=\"heading\" aria-level=\"3\" data-animation-nesting=\"\" data-sfc-cp=\"\" data-complete=\"true\" data-processed=\"true\" data-sae=\"\"><\/div>\n<div class=\"otQkpb\" role=\"heading\" aria-level=\"3\" data-animation-nesting=\"\" data-sfc-cp=\"\" data-complete=\"true\" data-processed=\"true\" data-sae=\"\">Auf <strong>\u00c9cailles De Lune<\/strong> nimmt Sie Mastermind Neige mit auf eine spirituelle Reise zum Ozean. Die Musik flie\u00dft wie die Gezeiten, von ruhigen Akustikpassagen bis hin zu explosiven Gef\u00fchlsausbr\u00fcchen. Es ist keine Dunkelheit um der Dunkelheit willen, sondern ein \u00dcbergang in eine andere Realit\u00e4t \u2013 sch\u00f6n, geheimnisvoll und manchmal furchterregend.<\/div>\n<p>&nbsp;<\/p>\n<div class=\"otQkpb\" role=\"heading\" aria-level=\"3\" data-animation-nesting=\"\" data-sfc-cp=\"\" data-complete=\"true\" data-processed=\"true\" data-sae=\"\"><strong>Warum diese Ver\u00f6ffentlichung?<\/strong><\/div>\n<ul>\n<li class=\"otQkpb\" role=\"heading\" aria-level=\"3\" data-complete=\"true\" data-processed=\"true\"><strong>Einzigartiger Sound:<\/strong> Die perfekte Balance aus Post-Rock, Shoegaze und atmosph\u00e4rischem Black Metal.<\/li>\n<li class=\"otQkpb\" role=\"heading\" aria-level=\"3\" data-complete=\"true\" data-processed=\"true\"><strong>Konzeptuell:<\/strong> Eine fesselnde Geschichte der Transformation und der Geheimnisse des n\u00e4chtlichen Meeres.<\/li>\n<li class=\"otQkpb\" role=\"heading\" aria-level=\"3\" data-complete=\"true\" data-processed=\"true\"><strong>Ein Muss f\u00fcr Sammler:<\/strong> Ein atemberaubendes visuelles und auditives Erlebnis.<\/li>\n<\/ul>\n<p><strong>Spezifikationen dieser Edition:<\/strong><\/p>\n<ul>\n<li><strong>Vinyl:<\/strong> Limitierte Auflage aus blau marmoriertem Vinyl.<\/li>\n<li><strong>Extras:<\/strong> Enth\u00e4lt ein exklusives Poster und eine bedruckte Innenh\u00fclle.<\/li>\n<li><strong>Schutz:<\/strong> Lieferung in einer hochwertigen Schutzh\u00fclle.<\/li>\n<\/ul>","protected":false},"excerpt":{"rendered":"<p>Die perfekte Balance aus Post-Rock, Shoegaze und atmosph\u00e4rischem Black Metal.<\/p>\n<ul>\n<li><strong>Vinyl:<\/strong> Limitierte Auflage aus blau marmoriertem Vinyl.<\/li>\n<li><strong>Extras:<\/strong> Enth\u00e4lt ein exklusives Poster und eine bedruckte Innenh\u00fclle.<\/li>\n<li><strong>Schutz:<\/strong> Lieferung in einer hochwertigen Schutzh\u00fclle.<\/li>\n<\/ul>\n<p><strong><span style=\"color: #ed1c24;\">Dies ist eine Vorbestellung: Erscheinungsdatum ist der 13. M\u00e4rz 2026.<\/span><\/strong><\/p>","protected":false},"featured_media":2361,"comment_status":"closed","ping_status":"closed","template":"","meta":[],"product_brand":[],"product_cat":[21,24,20,15],"product_tag":[27],"class_list":{"0":"post-2360","1":"product","2":"type-product","3":"status-publish","4":"has-post-thumbnail","6":"product_cat-nieuw","7":"product_cat-pre-order","8":"product_cat-verwacht","9":"product_cat-vinyl-12-lp","10":"product_tag-post-black-metal","12":"first","13":"instock","14":"taxable","15":"shipping-taxable","16":"purchasable","17":"product-type-simple"},"yoast_head":"<!-- This site is optimized with the Yoast SEO plugin v27.3 - https:\/\/yoast.com\/product\/yoast-seo-wordpress\/ -->\n<title>Alcest - \u00c9cailles De Lune (multicolour marble) limited edition multicolour marbled<\/title>\n<meta name=\"description\" content=\"Koop Alcest - \u00c9cailles de Lune op Limited Edition blauw gemarmerd vinyl. H\u00e9t blackgaze meesterwerk met poster en extra&#039;s. Bestel nu en ontdek deze dromerige LP!\" \/>\n<meta name=\"robots\" content=\"index, follow, max-snippet:-1, max-image-preview:large, max-video-preview:-1\" \/>\n<link rel=\"canonical\" href=\"https:\/\/demistrecords.nl\/de\/produkt\/alcest-ecailles-de-lune-multicolour-marble\/\" \/>\n<meta property=\"og:locale\" content=\"de_DE\" \/>\n<meta property=\"og:type\" content=\"article\" \/>\n<meta property=\"og:title\" content=\"Alcest - \u00c9cailles De Lune (multicolour marble) limited edition multicolour marbled\" \/>\n<meta property=\"og:description\" content=\"Koop Alcest - \u00c9cailles de Lune op Limited Edition blauw gemarmerd vinyl. H\u00e9t blackgaze meesterwerk met poster en extra&#039;s. Bestel nu en ontdek deze dromerige LP!\" \/>\n<meta property=\"og:url\" content=\"https:\/\/demistrecords.nl\/de\/produkt\/alcest-ecailles-de-lune-multicolour-marble\/\" \/>\n<meta property=\"og:site_name\" content=\"De Mist Records\" \/>\n<meta property=\"article:publisher\" content=\"https:\/\/www.facebook.com\/demistrecordsnl\" \/>\n<meta property=\"article:modified_time\" content=\"2026-03-03T20:49:52+00:00\" \/>\n<meta property=\"og:image\" content=\"https:\/\/demistrecords.nl\/wp-content\/uploads\/2026\/02\/alcest-ecailles-de-lune-multicolour-marble.jpg\" \/>\n\t<meta property=\"og:image:width\" content=\"800\" \/>\n\t<meta property=\"og:image:height\" content=\"800\" \/>\n\t<meta property=\"og:image:type\" content=\"image\/jpeg\" \/>\n<meta name=\"twitter:card\" content=\"summary_large_image\" \/>\n<meta name=\"twitter:site\" content=\"@deathroo1\" \/>\n<meta name=\"twitter:label1\" content=\"Gesch\u00e4tzte Lesezeit\" \/>\n\t<meta name=\"twitter:data1\" content=\"1\u00a0Minute\" \/>\n<script type=\"application\/ld+json\" class=\"yoast-schema-graph\">{\"@context\":\"https:\\\/\\\/schema.org\",\"@graph\":[{\"@type\":[\"WebPage\",\"ItemPage\"],\"@id\":\"https:\\\/\\\/demistrecords.nl\\\/product\\\/alcest-ecailles-de-lune-multicolour-marble\\\/\",\"url\":\"https:\\\/\\\/demistrecords.nl\\\/product\\\/alcest-ecailles-de-lune-multicolour-marble\\\/\",\"name\":\"Alcest - \u00c9cailles De Lune (multicolour marble) limited edition multicolour marbled\",\"isPartOf\":{\"@id\":\"https:\\\/\\\/demistrecords.nl\\\/#website\"},\"primaryImageOfPage\":{\"@id\":\"https:\\\/\\\/demistrecords.nl\\\/product\\\/alcest-ecailles-de-lune-multicolour-marble\\\/#primaryimage\"},\"image\":{\"@id\":\"https:\\\/\\\/demistrecords.nl\\\/product\\\/alcest-ecailles-de-lune-multicolour-marble\\\/#primaryimage\"},\"thumbnailUrl\":\"https:\\\/\\\/demistrecords.nl\\\/wp-content\\\/uploads\\\/2026\\\/02\\\/alcest-ecailles-de-lune-multicolour-marble.jpg\",\"datePublished\":\"2026-02-25T11:30:47+00:00\",\"dateModified\":\"2026-03-03T20:49:52+00:00\",\"description\":\"Koop Alcest - \u00c9cailles de Lune op Limited Edition blauw gemarmerd vinyl. H\u00e9t blackgaze meesterwerk met poster en extra's. Bestel nu en ontdek deze dromerige LP!\",\"breadcrumb\":{\"@id\":\"https:\\\/\\\/demistrecords.nl\\\/product\\\/alcest-ecailles-de-lune-multicolour-marble\\\/#breadcrumb\"},\"inLanguage\":\"de\",\"potentialAction\":[{\"@type\":\"ReadAction\",\"target\":[\"https:\\\/\\\/demistrecords.nl\\\/product\\\/alcest-ecailles-de-lune-multicolour-marble\\\/\"]}]},{\"@type\":\"ImageObject\",\"inLanguage\":\"de\",\"@id\":\"https:\\\/\\\/demistrecords.nl\\\/product\\\/alcest-ecailles-de-lune-multicolour-marble\\\/#primaryimage\",\"url\":\"https:\\\/\\\/demistrecords.nl\\\/wp-content\\\/uploads\\\/2026\\\/02\\\/alcest-ecailles-de-lune-multicolour-marble.jpg\",\"contentUrl\":\"https:\\\/\\\/demistrecords.nl\\\/wp-content\\\/uploads\\\/2026\\\/02\\\/alcest-ecailles-de-lune-multicolour-marble.jpg\",\"width\":800,\"height\":800},{\"@type\":\"BreadcrumbList\",\"@id\":\"https:\\\/\\\/demistrecords.nl\\\/product\\\/alcest-ecailles-de-lune-multicolour-marble\\\/#breadcrumb\",\"itemListElement\":[{\"@type\":\"ListItem\",\"position\":1,\"name\":\"Home\",\"item\":\"https:\\\/\\\/demistrecords.nl\\\/\"},{\"@type\":\"ListItem\",\"position\":2,\"name\":\"Shop\",\"item\":\"https:\\\/\\\/demistrecords.nl\\\/shop\\\/\"},{\"@type\":\"ListItem\",\"position\":3,\"name\":\"Alcest &#8211; \u00c9cailles De Lune (multicolour marble)\"}]},{\"@type\":\"WebSite\",\"@id\":\"https:\\\/\\\/demistrecords.nl\\\/#website\",\"url\":\"https:\\\/\\\/demistrecords.nl\\\/\",\"name\":\"De Mist Records\",\"description\":\"Post-rock and related music\",\"publisher\":{\"@id\":\"https:\\\/\\\/demistrecords.nl\\\/#organization\"},\"potentialAction\":[{\"@type\":\"SearchAction\",\"target\":{\"@type\":\"EntryPoint\",\"urlTemplate\":\"https:\\\/\\\/demistrecords.nl\\\/?s={search_term_string}\"},\"query-input\":{\"@type\":\"PropertyValueSpecification\",\"valueRequired\":true,\"valueName\":\"search_term_string\"}}],\"inLanguage\":\"de\"},{\"@type\":\"Organization\",\"@id\":\"https:\\\/\\\/demistrecords.nl\\\/#organization\",\"name\":\"De Mist Records\",\"url\":\"https:\\\/\\\/demistrecords.nl\\\/\",\"logo\":{\"@type\":\"ImageObject\",\"inLanguage\":\"de\",\"@id\":\"https:\\\/\\\/demistrecords.nl\\\/#\\\/schema\\\/logo\\\/image\\\/\",\"url\":\"https:\\\/\\\/demistrecords.nl\\\/wp-content\\\/uploads\\\/2020\\\/12\\\/logo-de-mist-records-rond.png\",\"contentUrl\":\"https:\\\/\\\/demistrecords.nl\\\/wp-content\\\/uploads\\\/2020\\\/12\\\/logo-de-mist-records-rond.png\",\"width\":500,\"height\":500,\"caption\":\"De Mist Records\"},\"image\":{\"@id\":\"https:\\\/\\\/demistrecords.nl\\\/#\\\/schema\\\/logo\\\/image\\\/\"},\"sameAs\":[\"https:\\\/\\\/www.facebook.com\\\/demistrecordsnl\",\"https:\\\/\\\/x.com\\\/deathroo1\",\"https:\\\/\\\/www.instagram.com\\\/demist_records\\\/\"]}]}<\/script>\n<!-- \/ Yoast SEO plugin. -->","yoast_head_json":{"title":"Alcest - \u00c9cailles De Lune (multicolour marble) limited edition multicolour marbled","description":"Koop Alcest - \u00c9cailles de Lune op Limited Edition blauw gemarmerd vinyl. H\u00e9t blackgaze meesterwerk met poster en extra's. Bestel nu en ontdek deze dromerige LP!","robots":{"index":"index","follow":"follow","max-snippet":"max-snippet:-1","max-image-preview":"max-image-preview:large","max-video-preview":"max-video-preview:-1"},"canonical":"https:\/\/demistrecords.nl\/de\/produkt\/alcest-ecailles-de-lune-multicolour-marble\/","og_locale":"de_DE","og_type":"article","og_title":"Alcest - \u00c9cailles De Lune (multicolour marble) limited edition multicolour marbled","og_description":"Koop Alcest - \u00c9cailles de Lune op Limited Edition blauw gemarmerd vinyl. H\u00e9t blackgaze meesterwerk met poster en extra's. Bestel nu en ontdek deze dromerige LP!","og_url":"https:\/\/demistrecords.nl\/de\/produkt\/alcest-ecailles-de-lune-multicolour-marble\/","og_site_name":"De Mist Records","article_publisher":"https:\/\/www.facebook.com\/demistrecordsnl","article_modified_time":"2026-03-03T20:49:52+00:00","og_image":[{"width":800,"height":800,"url":"https:\/\/demistrecords.nl\/wp-content\/uploads\/2026\/02\/alcest-ecailles-de-lune-multicolour-marble.jpg","type":"image\/jpeg"}],"twitter_card":"summary_large_image","twitter_site":"@deathroo1","twitter_misc":{"Gesch\u00e4tzte Lesezeit":"1\u00a0Minute"},"schema":{"@context":"https:\/\/schema.org","@graph":[{"@type":["WebPage","ItemPage"],"@id":"https:\/\/demistrecords.nl\/product\/alcest-ecailles-de-lune-multicolour-marble\/","url":"https:\/\/demistrecords.nl\/product\/alcest-ecailles-de-lune-multicolour-marble\/","name":"Alcest - \u00c9cailles De Lune (multicolour marble) limited edition multicolour marbled","isPartOf":{"@id":"https:\/\/demistrecords.nl\/#website"},"primaryImageOfPage":{"@id":"https:\/\/demistrecords.nl\/product\/alcest-ecailles-de-lune-multicolour-marble\/#primaryimage"},"image":{"@id":"https:\/\/demistrecords.nl\/product\/alcest-ecailles-de-lune-multicolour-marble\/#primaryimage"},"thumbnailUrl":"https:\/\/demistrecords.nl\/wp-content\/uploads\/2026\/02\/alcest-ecailles-de-lune-multicolour-marble.jpg","datePublished":"2026-02-25T11:30:47+00:00","dateModified":"2026-03-03T20:49:52+00:00","description":"Koop Alcest - \u00c9cailles de Lune op Limited Edition blauw gemarmerd vinyl. H\u00e9t blackgaze meesterwerk met poster en extra's. Bestel nu en ontdek deze dromerige LP!","breadcrumb":{"@id":"https:\/\/demistrecords.nl\/product\/alcest-ecailles-de-lune-multicolour-marble\/#breadcrumb"},"inLanguage":"de","potentialAction":[{"@type":"ReadAction","target":["https:\/\/demistrecords.nl\/product\/alcest-ecailles-de-lune-multicolour-marble\/"]}]},{"@type":"ImageObject","inLanguage":"de","@id":"https:\/\/demistrecords.nl\/product\/alcest-ecailles-de-lune-multicolour-marble\/#primaryimage","url":"https:\/\/demistrecords.nl\/wp-content\/uploads\/2026\/02\/alcest-ecailles-de-lune-multicolour-marble.jpg","contentUrl":"https:\/\/demistrecords.nl\/wp-content\/uploads\/2026\/02\/alcest-ecailles-de-lune-multicolour-marble.jpg","width":800,"height":800},{"@type":"BreadcrumbList","@id":"https:\/\/demistrecords.nl\/product\/alcest-ecailles-de-lune-multicolour-marble\/#breadcrumb","itemListElement":[{"@type":"ListItem","position":1,"name":"Home","item":"https:\/\/demistrecords.nl\/"},{"@type":"ListItem","position":2,"name":"Shop","item":"https:\/\/demistrecords.nl\/shop\/"},{"@type":"ListItem","position":3,"name":"Alcest &#8211; \u00c9cailles De Lune (multicolour marble)"}]},{"@type":"WebSite","@id":"https:\/\/demistrecords.nl\/#website","url":"https:\/\/demistrecords.nl\/","name":"De Mist Records","description":"Post-rock and related music","publisher":{"@id":"https:\/\/demistrecords.nl\/#organization"},"potentialAction":[{"@type":"SearchAction","target":{"@type":"EntryPoint","urlTemplate":"https:\/\/demistrecords.nl\/?s={search_term_string}"},"query-input":{"@type":"PropertyValueSpecification","valueRequired":true,"valueName":"search_term_string"}}],"inLanguage":"de"},{"@type":"Organization","@id":"https:\/\/demistrecords.nl\/#organization","name":"De Mist Records","url":"https:\/\/demistrecords.nl\/","logo":{"@type":"ImageObject","inLanguage":"de","@id":"https:\/\/demistrecords.nl\/#\/schema\/logo\/image\/","url":"https:\/\/demistrecords.nl\/wp-content\/uploads\/2020\/12\/logo-de-mist-records-rond.png","contentUrl":"https:\/\/demistrecords.nl\/wp-content\/uploads\/2020\/12\/logo-de-mist-records-rond.png","width":500,"height":500,"caption":"De Mist Records"},"image":{"@id":"https:\/\/demistrecords.nl\/#\/schema\/logo\/image\/"},"sameAs":["https:\/\/www.facebook.com\/demistrecordsnl","https:\/\/x.com\/deathroo1","https:\/\/www.instagram.com\/demist_records\/"]}]}},"_links":{"self":[{"href":"https:\/\/demistrecords.nl\/de\/wp-json\/wp\/v2\/product\/2360","targetHints":{"allow":["GET"]}}],"collection":[{"href":"https:\/\/demistrecords.nl\/de\/wp-json\/wp\/v2\/product"}],"about":[{"href":"https:\/\/demistrecords.nl\/de\/wp-json\/wp\/v2\/types\/product"}],"replies":[{"embeddable":true,"href":"https:\/\/demistrecords.nl\/de\/wp-json\/wp\/v2\/comments?post=2360"}],"wp:featuredmedia":[{"embeddable":true,"href":"https:\/\/demistrecords.nl\/de\/wp-json\/wp\/v2\/media\/2361"}],"wp:attachment":[{"href":"https:\/\/demistrecords.nl\/de\/wp-json\/wp\/v2\/media?parent=2360"}],"wp:term":[{"taxonomy":"product_brand","embeddable":true,"href":"https:\/\/demistrecords.nl\/de\/wp-json\/wp\/v2\/product_brand?post=2360"},{"taxonomy":"product_cat","embeddable":true,"href":"https:\/\/demistrecords.nl\/de\/wp-json\/wp\/v2\/product_cat?post=2360"},{"taxonomy":"product_tag","embeddable":true,"href":"https:\/\/demistrecords.nl\/de\/wp-json\/wp\/v2\/product_tag?post=2360"}],"curies":[{"name":"wp","href":"https:\/\/api.w.org\/{rel}","templated":true}]}}