{"id":2373,"date":"2026-03-03T17:24:17","date_gmt":"2026-03-03T16:24:17","guid":{"rendered":"https:\/\/demistrecords.nl\/?post_type=product&#038;p=2373"},"modified":"2026-03-27T19:55:03","modified_gmt":"2026-03-27T18:55:03","slug":"bruecken-years-that-answer","status":"publish","type":"product","link":"https:\/\/demistrecords.nl\/de\/produkt\/bruecken-years-that-answer\/","title":{"rendered":"BRUECKEN &#8211; Years That Answer"},"content":{"rendered":"<p>Mit ihrem dritten Studioalbum \"<strong>Years That Answer<\/strong>\" schl\u00e4gt <strong>BRUECKEN<\/strong> ein beeindruckendes neues Kapitel auf. Die Band untermauert damit ihren Status als eine der fesselndsten deutschen Post-Rock-Formationen der Gegenwart. In einem vielschichtigen Klangteppich verschmelzen sie Post-Rock, Shoegaze und Post-Hardcore mit atmosph\u00e4rischem Ambient. W\u00e4hrend ihr Vorg\u00e4nger \u201eInnere Unruhen\u201c den Grundstein legte, richtet dieses Album seinen Blick entschlossen in die Zukunft: Wie bewahrt man Hoffnung in einer Welt voller Klimakrise und politischer Unruhen?<br \/>\nDer von Zora Neale Hurston inspirierte Titel regt zum Nachdenken an, ohne fertige Antworten zu liefern. Musikalisch macht die Band mit dem Einstieg von Bernd Frikke (<a href=\"https:\/\/demistrecords.nl\/de\/produkt\/mmth-infinite-heights\/\">MMTH<\/a>) an den Synthesizern einen gro\u00dfen Schritt nach vorn und kreiert so eine frische elektronische Klangwelt. Auch der Gesang feiert ein \u00fcberraschendes Comeback: vom zur\u00fcckhaltenden Gesang auf \u201eperiapsis\u201c bis zum beeindruckenden Beitrag des Emder-Kneipenchors im letzten St\u00fcck. Das Ergebnis ist ein emotionales Meisterwerk, das zwischen brutalen Metal-Passagen und zerbrechlicher Stille changiert.<\/p>\n<p>Ein absolutes Muss f\u00fcr Fans atmosph\u00e4rischer, kraftvoller und vielschichtiger Musik, die Sie nie entt\u00e4uschen wird.<\/p>","protected":false},"excerpt":{"rendered":"<p>Limitierte Auflage von 300 Exemplaren. Kristallklares 180-Gramm-Vinyl, bedrucktes Cover mit stabiler Kartoneinlage und polylined Innenh\u00fclle.<\/p>\n<p><strong>BRUECKEN<\/strong> ist zur\u00fcck mit <strong>Years That Answer<\/strong>! Dieses dritte Album ist ein tiefgr\u00fcndiger Eintauchen in eine Welt der Kontraste. Freuen Sie sich auf eine fesselnde Mischung aus Post-Rock, Shoegaze und intensivem Post-Hardcore, die den Zeitgeist perfekt einf\u00e4ngt.<\/p>\n<p>Ein absolutes Muss f\u00fcr Fans atmosph\u00e4rischer, kraftvoller und vielschichtiger Musik, die Sie nie entt\u00e4uschen wird.<\/p>\n<p>F\u00fcr Fans von <a href=\"https:\/\/demistrecords.nl\/de\/produkt\/caspian-the-four-trees\/\">Caspian<\/a>, Long Distance Calling, PG.Lost, If These Trees Could Talk<\/p>","protected":false},"featured_media":2374,"comment_status":"closed","ping_status":"closed","template":"","meta":[],"product_brand":[],"product_cat":[21,15],"product_tag":[28,34,37],"class_list":{"0":"post-2373","1":"product","2":"type-product","3":"status-publish","4":"has-post-thumbnail","6":"product_cat-nieuw","7":"product_cat-vinyl-12-lp","8":"product_tag-post-rock","9":"product_tag-posthardcore","10":"product_tag-shoegaze","12":"first","13":"instock","14":"taxable","15":"shipping-taxable","16":"purchasable","17":"product-type-simple"},"yoast_head":"<!-- This site is optimized with the Yoast SEO plugin v27.3 - https:\/\/yoast.com\/product\/yoast-seo-wordpress\/ -->\n<title>BRUECKEN - Years That Answer<\/title>\n<meta name=\"description\" content=\"Gelimiteerde oplage van 300 stuks Crystal-clear 180 grams vinyl, &#039;inside-out&#039; bedrukte hoes, inclusief stevige kartonnen inlay &amp; gevoerde binnenhoes.  BRUECKEN is terug met Years That Answer! Dit derde album is een diepe duik in een wereld vol contrasten. Verwacht een meeslepende mix van post-rock, shoegaze en intense post-hardcore die de huidige tijdsgeest feilloos vangt.  Een absolute must-have voor liefhebbers van atmosferische, zware en gelaagde muziek die je niet meer loslaat.  Voor fans van Caspian, Long Distance Calling, PG.Lost, If These Trees Could Talk\" \/>\n<meta name=\"robots\" content=\"index, follow, max-snippet:-1, max-image-preview:large, max-video-preview:-1\" \/>\n<link rel=\"canonical\" href=\"https:\/\/demistrecords.nl\/de\/produkt\/bruecken-years-that-answer\/\" \/>\n<meta property=\"og:locale\" content=\"de_DE\" \/>\n<meta property=\"og:type\" content=\"article\" \/>\n<meta property=\"og:title\" content=\"BRUECKEN - Years That Answer\" \/>\n<meta property=\"og:description\" content=\"Gelimiteerde oplage van 300 stuks Crystal-clear 180 grams vinyl, &#039;inside-out&#039; bedrukte hoes, inclusief stevige kartonnen inlay &amp; gevoerde binnenhoes.  BRUECKEN is terug met Years That Answer! Dit derde album is een diepe duik in een wereld vol contrasten. Verwacht een meeslepende mix van post-rock, shoegaze en intense post-hardcore die de huidige tijdsgeest feilloos vangt.  Een absolute must-have voor liefhebbers van atmosferische, zware en gelaagde muziek die je niet meer loslaat.  Voor fans van Caspian, Long Distance Calling, PG.Lost, If These Trees Could Talk\" \/>\n<meta property=\"og:url\" content=\"https:\/\/demistrecords.nl\/de\/produkt\/bruecken-years-that-answer\/\" \/>\n<meta property=\"og:site_name\" content=\"De Mist Records\" \/>\n<meta property=\"article:publisher\" content=\"https:\/\/www.facebook.com\/demistrecordsnl\" \/>\n<meta property=\"article:modified_time\" content=\"2026-03-27T18:55:03+00:00\" \/>\n<meta property=\"og:image\" content=\"https:\/\/demistrecords.nl\/wp-content\/uploads\/2026\/03\/Bruecken-Years-that-answer.jpg\" \/>\n\t<meta property=\"og:image:width\" content=\"2120\" \/>\n\t<meta property=\"og:image:height\" content=\"2120\" \/>\n\t<meta property=\"og:image:type\" content=\"image\/jpeg\" \/>\n<meta name=\"twitter:card\" content=\"summary_large_image\" \/>\n<meta name=\"twitter:site\" content=\"@deathroo1\" \/>\n<meta name=\"twitter:label1\" content=\"Gesch\u00e4tzte Lesezeit\" \/>\n\t<meta name=\"twitter:data1\" content=\"2\u00a0Minuten\" \/>\n<script type=\"application\/ld+json\" class=\"yoast-schema-graph\">{\"@context\":\"https:\\\/\\\/schema.org\",\"@graph\":[{\"@type\":[\"WebPage\",\"ItemPage\"],\"@id\":\"https:\\\/\\\/demistrecords.nl\\\/product\\\/bruecken-years-that-answer\\\/\",\"url\":\"https:\\\/\\\/demistrecords.nl\\\/product\\\/bruecken-years-that-answer\\\/\",\"name\":\"BRUECKEN - Years That Answer\",\"isPartOf\":{\"@id\":\"https:\\\/\\\/demistrecords.nl\\\/#website\"},\"primaryImageOfPage\":{\"@id\":\"https:\\\/\\\/demistrecords.nl\\\/product\\\/bruecken-years-that-answer\\\/#primaryimage\"},\"image\":{\"@id\":\"https:\\\/\\\/demistrecords.nl\\\/product\\\/bruecken-years-that-answer\\\/#primaryimage\"},\"thumbnailUrl\":\"https:\\\/\\\/demistrecords.nl\\\/wp-content\\\/uploads\\\/2026\\\/03\\\/Bruecken-Years-that-answer.jpg\",\"datePublished\":\"2026-03-03T16:24:17+00:00\",\"dateModified\":\"2026-03-27T18:55:03+00:00\",\"description\":\"Gelimiteerde oplage van 300 stuks Crystal-clear 180 grams vinyl, 'inside-out' bedrukte hoes, inclusief stevige kartonnen inlay &amp; gevoerde binnenhoes. BRUECKEN is terug met Years That Answer! Dit derde album is een diepe duik in een wereld vol contrasten. Verwacht een meeslepende mix van post-rock, shoegaze en intense post-hardcore die de huidige tijdsgeest feilloos vangt. Een absolute must-have voor liefhebbers van atmosferische, zware en gelaagde muziek die je niet meer loslaat. Voor fans van Caspian, Long Distance Calling, PG.Lost, If These Trees Could Talk\",\"breadcrumb\":{\"@id\":\"https:\\\/\\\/demistrecords.nl\\\/product\\\/bruecken-years-that-answer\\\/#breadcrumb\"},\"inLanguage\":\"de\",\"potentialAction\":[{\"@type\":\"ReadAction\",\"target\":[\"https:\\\/\\\/demistrecords.nl\\\/product\\\/bruecken-years-that-answer\\\/\"]}]},{\"@type\":\"ImageObject\",\"inLanguage\":\"de\",\"@id\":\"https:\\\/\\\/demistrecords.nl\\\/product\\\/bruecken-years-that-answer\\\/#primaryimage\",\"url\":\"https:\\\/\\\/demistrecords.nl\\\/wp-content\\\/uploads\\\/2026\\\/03\\\/Bruecken-Years-that-answer.jpg\",\"contentUrl\":\"https:\\\/\\\/demistrecords.nl\\\/wp-content\\\/uploads\\\/2026\\\/03\\\/Bruecken-Years-that-answer.jpg\",\"width\":2120,\"height\":2120,\"caption\":\"Bruecken - Years that answer\"},{\"@type\":\"BreadcrumbList\",\"@id\":\"https:\\\/\\\/demistrecords.nl\\\/product\\\/bruecken-years-that-answer\\\/#breadcrumb\",\"itemListElement\":[{\"@type\":\"ListItem\",\"position\":1,\"name\":\"Home\",\"item\":\"https:\\\/\\\/demistrecords.nl\\\/\"},{\"@type\":\"ListItem\",\"position\":2,\"name\":\"Shop\",\"item\":\"https:\\\/\\\/demistrecords.nl\\\/shop\\\/\"},{\"@type\":\"ListItem\",\"position\":3,\"name\":\"BRUECKEN &#8211; Years That Answer\"}]},{\"@type\":\"WebSite\",\"@id\":\"https:\\\/\\\/demistrecords.nl\\\/#website\",\"url\":\"https:\\\/\\\/demistrecords.nl\\\/\",\"name\":\"De Mist Records\",\"description\":\"Post-rock and related music\",\"publisher\":{\"@id\":\"https:\\\/\\\/demistrecords.nl\\\/#organization\"},\"potentialAction\":[{\"@type\":\"SearchAction\",\"target\":{\"@type\":\"EntryPoint\",\"urlTemplate\":\"https:\\\/\\\/demistrecords.nl\\\/?s={search_term_string}\"},\"query-input\":{\"@type\":\"PropertyValueSpecification\",\"valueRequired\":true,\"valueName\":\"search_term_string\"}}],\"inLanguage\":\"de\"},{\"@type\":\"Organization\",\"@id\":\"https:\\\/\\\/demistrecords.nl\\\/#organization\",\"name\":\"De Mist Records\",\"url\":\"https:\\\/\\\/demistrecords.nl\\\/\",\"logo\":{\"@type\":\"ImageObject\",\"inLanguage\":\"de\",\"@id\":\"https:\\\/\\\/demistrecords.nl\\\/#\\\/schema\\\/logo\\\/image\\\/\",\"url\":\"https:\\\/\\\/demistrecords.nl\\\/wp-content\\\/uploads\\\/2020\\\/12\\\/logo-de-mist-records-rond.png\",\"contentUrl\":\"https:\\\/\\\/demistrecords.nl\\\/wp-content\\\/uploads\\\/2020\\\/12\\\/logo-de-mist-records-rond.png\",\"width\":500,\"height\":500,\"caption\":\"De Mist Records\"},\"image\":{\"@id\":\"https:\\\/\\\/demistrecords.nl\\\/#\\\/schema\\\/logo\\\/image\\\/\"},\"sameAs\":[\"https:\\\/\\\/www.facebook.com\\\/demistrecordsnl\",\"https:\\\/\\\/x.com\\\/deathroo1\",\"https:\\\/\\\/www.instagram.com\\\/demist_records\\\/\"]}]}<\/script>\n<!-- \/ Yoast SEO plugin. -->","yoast_head_json":{"title":"BRUECKEN - Years That Answer","description":"Gelimiteerde oplage van 300 stuks Crystal-clear 180 grams vinyl, 'inside-out' bedrukte hoes, inclusief stevige kartonnen inlay &amp; gevoerde binnenhoes.  BRUECKEN is terug met Years That Answer! Dit derde album is een diepe duik in een wereld vol contrasten. Verwacht een meeslepende mix van post-rock, shoegaze en intense post-hardcore die de huidige tijdsgeest feilloos vangt.  Een absolute must-have voor liefhebbers van atmosferische, zware en gelaagde muziek die je niet meer loslaat.  Voor fans van Caspian, Long Distance Calling, PG.Lost, If These Trees Could Talk","robots":{"index":"index","follow":"follow","max-snippet":"max-snippet:-1","max-image-preview":"max-image-preview:large","max-video-preview":"max-video-preview:-1"},"canonical":"https:\/\/demistrecords.nl\/de\/produkt\/bruecken-years-that-answer\/","og_locale":"de_DE","og_type":"article","og_title":"BRUECKEN - Years That Answer","og_description":"Gelimiteerde oplage van 300 stuks Crystal-clear 180 grams vinyl, 'inside-out' bedrukte hoes, inclusief stevige kartonnen inlay &amp; gevoerde binnenhoes.  BRUECKEN is terug met Years That Answer! Dit derde album is een diepe duik in een wereld vol contrasten. Verwacht een meeslepende mix van post-rock, shoegaze en intense post-hardcore die de huidige tijdsgeest feilloos vangt.  Een absolute must-have voor liefhebbers van atmosferische, zware en gelaagde muziek die je niet meer loslaat.  Voor fans van Caspian, Long Distance Calling, PG.Lost, If These Trees Could Talk","og_url":"https:\/\/demistrecords.nl\/de\/produkt\/bruecken-years-that-answer\/","og_site_name":"De Mist Records","article_publisher":"https:\/\/www.facebook.com\/demistrecordsnl","article_modified_time":"2026-03-27T18:55:03+00:00","og_image":[{"width":2120,"height":2120,"url":"https:\/\/demistrecords.nl\/wp-content\/uploads\/2026\/03\/Bruecken-Years-that-answer.jpg","type":"image\/jpeg"}],"twitter_card":"summary_large_image","twitter_site":"@deathroo1","twitter_misc":{"Gesch\u00e4tzte Lesezeit":"2\u00a0Minuten"},"schema":{"@context":"https:\/\/schema.org","@graph":[{"@type":["WebPage","ItemPage"],"@id":"https:\/\/demistrecords.nl\/product\/bruecken-years-that-answer\/","url":"https:\/\/demistrecords.nl\/product\/bruecken-years-that-answer\/","name":"BRUECKEN - Years That Answer","isPartOf":{"@id":"https:\/\/demistrecords.nl\/#website"},"primaryImageOfPage":{"@id":"https:\/\/demistrecords.nl\/product\/bruecken-years-that-answer\/#primaryimage"},"image":{"@id":"https:\/\/demistrecords.nl\/product\/bruecken-years-that-answer\/#primaryimage"},"thumbnailUrl":"https:\/\/demistrecords.nl\/wp-content\/uploads\/2026\/03\/Bruecken-Years-that-answer.jpg","datePublished":"2026-03-03T16:24:17+00:00","dateModified":"2026-03-27T18:55:03+00:00","description":"Gelimiteerde oplage van 300 stuks Crystal-clear 180 grams vinyl, 'inside-out' bedrukte hoes, inclusief stevige kartonnen inlay &amp; gevoerde binnenhoes. BRUECKEN is terug met Years That Answer! Dit derde album is een diepe duik in een wereld vol contrasten. Verwacht een meeslepende mix van post-rock, shoegaze en intense post-hardcore die de huidige tijdsgeest feilloos vangt. Een absolute must-have voor liefhebbers van atmosferische, zware en gelaagde muziek die je niet meer loslaat. Voor fans van Caspian, Long Distance Calling, PG.Lost, If These Trees Could Talk","breadcrumb":{"@id":"https:\/\/demistrecords.nl\/product\/bruecken-years-that-answer\/#breadcrumb"},"inLanguage":"de","potentialAction":[{"@type":"ReadAction","target":["https:\/\/demistrecords.nl\/product\/bruecken-years-that-answer\/"]}]},{"@type":"ImageObject","inLanguage":"de","@id":"https:\/\/demistrecords.nl\/product\/bruecken-years-that-answer\/#primaryimage","url":"https:\/\/demistrecords.nl\/wp-content\/uploads\/2026\/03\/Bruecken-Years-that-answer.jpg","contentUrl":"https:\/\/demistrecords.nl\/wp-content\/uploads\/2026\/03\/Bruecken-Years-that-answer.jpg","width":2120,"height":2120,"caption":"Bruecken - Years that answer"},{"@type":"BreadcrumbList","@id":"https:\/\/demistrecords.nl\/product\/bruecken-years-that-answer\/#breadcrumb","itemListElement":[{"@type":"ListItem","position":1,"name":"Home","item":"https:\/\/demistrecords.nl\/"},{"@type":"ListItem","position":2,"name":"Shop","item":"https:\/\/demistrecords.nl\/shop\/"},{"@type":"ListItem","position":3,"name":"BRUECKEN &#8211; Years That Answer"}]},{"@type":"WebSite","@id":"https:\/\/demistrecords.nl\/#website","url":"https:\/\/demistrecords.nl\/","name":"De Mist Records","description":"Post-rock and related music","publisher":{"@id":"https:\/\/demistrecords.nl\/#organization"},"potentialAction":[{"@type":"SearchAction","target":{"@type":"EntryPoint","urlTemplate":"https:\/\/demistrecords.nl\/?s={search_term_string}"},"query-input":{"@type":"PropertyValueSpecification","valueRequired":true,"valueName":"search_term_string"}}],"inLanguage":"de"},{"@type":"Organization","@id":"https:\/\/demistrecords.nl\/#organization","name":"De Mist Records","url":"https:\/\/demistrecords.nl\/","logo":{"@type":"ImageObject","inLanguage":"de","@id":"https:\/\/demistrecords.nl\/#\/schema\/logo\/image\/","url":"https:\/\/demistrecords.nl\/wp-content\/uploads\/2020\/12\/logo-de-mist-records-rond.png","contentUrl":"https:\/\/demistrecords.nl\/wp-content\/uploads\/2020\/12\/logo-de-mist-records-rond.png","width":500,"height":500,"caption":"De Mist Records"},"image":{"@id":"https:\/\/demistrecords.nl\/#\/schema\/logo\/image\/"},"sameAs":["https:\/\/www.facebook.com\/demistrecordsnl","https:\/\/x.com\/deathroo1","https:\/\/www.instagram.com\/demist_records\/"]}]}},"_links":{"self":[{"href":"https:\/\/demistrecords.nl\/de\/wp-json\/wp\/v2\/product\/2373","targetHints":{"allow":["GET"]}}],"collection":[{"href":"https:\/\/demistrecords.nl\/de\/wp-json\/wp\/v2\/product"}],"about":[{"href":"https:\/\/demistrecords.nl\/de\/wp-json\/wp\/v2\/types\/product"}],"replies":[{"embeddable":true,"href":"https:\/\/demistrecords.nl\/de\/wp-json\/wp\/v2\/comments?post=2373"}],"wp:featuredmedia":[{"embeddable":true,"href":"https:\/\/demistrecords.nl\/de\/wp-json\/wp\/v2\/media\/2374"}],"wp:attachment":[{"href":"https:\/\/demistrecords.nl\/de\/wp-json\/wp\/v2\/media?parent=2373"}],"wp:term":[{"taxonomy":"product_brand","embeddable":true,"href":"https:\/\/demistrecords.nl\/de\/wp-json\/wp\/v2\/product_brand?post=2373"},{"taxonomy":"product_cat","embeddable":true,"href":"https:\/\/demistrecords.nl\/de\/wp-json\/wp\/v2\/product_cat?post=2373"},{"taxonomy":"product_tag","embeddable":true,"href":"https:\/\/demistrecords.nl\/de\/wp-json\/wp\/v2\/product_tag?post=2373"}],"curies":[{"name":"wp","href":"https:\/\/api.w.org\/{rel}","templated":true}]}}