{"id":2381,"date":"2026-03-24T15:43:38","date_gmt":"2026-03-24T14:43:38","guid":{"rendered":"https:\/\/demistrecords.nl\/?post_type=product&#038;p=2381"},"modified":"2026-03-30T09:53:34","modified_gmt":"2026-03-30T07:53:34","slug":"turpentine-valley-veuel","status":"publish","type":"product","link":"https:\/\/demistrecords.nl\/de\/produkt\/turpentine-valley-veuel\/","title":{"rendered":"Turpentine Valley &#8211; Veuel"},"content":{"rendered":"<p>Zehn Jahre nach ihrer Gr\u00fcndung klingt Turpentine Valley d\u00fcsterer, reifer und entschlossener denn je. Auf ihrem dritten Album \u201eVeuel\u201c (2026) bleibt das Trio kompromisslos: Sie liefern instrumentalen Post-Metal, der m\u00fchelos zwischen wuchtiger, massiver H\u00e4rte und eindringlichen Melodien voller anhaltender Melancholie wechselt. Es ist Musik, die eine Geschichte erz\u00e4hlt, deren Interpretation aber ganz dem H\u00f6rer \u00fcberl\u00e4sst.<\/p>","protected":false},"excerpt":{"rendered":"<p>Erscheint in einem gatefold cover mit partiellen Glanzdetails und Einleger. Erh\u00e4ltlich in zwei Varianten:<\/p>\n<ul>\n<li>\n<div><strong>Pando ed<\/strong>. &#8211; Red-in-Black Faded Vortex<\/div>\n<\/li>\n<li>\n<div><strong>Dreft Ed<\/strong>. &#8211; Black Smoke w\/ Multicolour Blob<\/div>\n<\/li>\n<\/ul>","protected":false},"featured_media":2384,"comment_status":"closed","ping_status":"closed","template":"","meta":[],"product_brand":[],"product_cat":[21,15],"product_tag":[26,36],"class_list":{"0":"post-2381","1":"product","2":"type-product","3":"status-publish","4":"has-post-thumbnail","6":"product_cat-nieuw","7":"product_cat-vinyl-12-lp","8":"product_tag-post-metal","9":"product_tag-sludge","11":"first","12":"instock","13":"taxable","14":"shipping-taxable","15":"purchasable","16":"product-type-variable"},"bundled_by":[],"bundle_stock_status":"instock","bundle_stock_quantity":null,"bundle_virtual":false,"bundle_layout":"","bundle_add_to_cart_form_location":"","bundle_editable_in_cart":false,"bundle_sold_individually_context":"","bundle_item_grouping":"","bundle_min_size":"","bundle_max_size":"","bundle_price":[],"bundled_items":[],"bundle_sell_ids":[],"yoast_head":"<!-- This site is optimized with the Yoast SEO plugin v27.3 - https:\/\/yoast.com\/product\/yoast-seo-wordpress\/ -->\n<title>Turpentine Valley - Veuel<\/title>\n<meta name=\"description\" content=\"Wordt geleverd in een gatefold cover met glossy details en een inlegvel. Verkrijgbaar in twee varianten:    Pando ed. - Red-in-Black Faded Vortex   Dreft Ed. - Black Smoke w\/ Multicolour Blob\" \/>\n<meta name=\"robots\" content=\"index, follow, max-snippet:-1, max-image-preview:large, max-video-preview:-1\" \/>\n<link rel=\"canonical\" href=\"https:\/\/demistrecords.nl\/de\/produkt\/turpentine-valley-veuel\/\" \/>\n<meta property=\"og:locale\" content=\"de_DE\" \/>\n<meta property=\"og:type\" content=\"article\" \/>\n<meta property=\"og:title\" content=\"Turpentine Valley - Veuel\" \/>\n<meta property=\"og:description\" content=\"Wordt geleverd in een gatefold cover met glossy details en een inlegvel. Verkrijgbaar in twee varianten:    Pando ed. - Red-in-Black Faded Vortex   Dreft Ed. - Black Smoke w\/ Multicolour Blob\" \/>\n<meta property=\"og:url\" content=\"https:\/\/demistrecords.nl\/de\/produkt\/turpentine-valley-veuel\/\" \/>\n<meta property=\"og:site_name\" content=\"De Mist Records\" \/>\n<meta property=\"article:publisher\" content=\"https:\/\/www.facebook.com\/demistrecordsnl\" \/>\n<meta property=\"article:modified_time\" content=\"2026-03-30T07:53:34+00:00\" \/>\n<meta property=\"og:image\" content=\"https:\/\/demistrecords.nl\/wp-content\/uploads\/2026\/03\/Turpentine-Valley-Veuel-Pando.jpg\" \/>\n\t<meta property=\"og:image:width\" content=\"2120\" \/>\n\t<meta property=\"og:image:height\" content=\"2120\" \/>\n\t<meta property=\"og:image:type\" content=\"image\/jpeg\" \/>\n<meta name=\"twitter:card\" content=\"summary_large_image\" \/>\n<meta name=\"twitter:site\" content=\"@deathroo1\" \/>\n<meta name=\"twitter:label1\" content=\"Gesch\u00e4tzte Lesezeit\" \/>\n\t<meta name=\"twitter:data1\" content=\"1\u00a0Minute\" \/>\n<script type=\"application\/ld+json\" class=\"yoast-schema-graph\">{\"@context\":\"https:\\\/\\\/schema.org\",\"@graph\":[{\"@type\":[\"WebPage\",\"ItemPage\"],\"@id\":\"https:\\\/\\\/demistrecords.nl\\\/product\\\/turpentine-valley-veuel\\\/\",\"url\":\"https:\\\/\\\/demistrecords.nl\\\/product\\\/turpentine-valley-veuel\\\/\",\"name\":\"Turpentine Valley - Veuel\",\"isPartOf\":{\"@id\":\"https:\\\/\\\/demistrecords.nl\\\/#website\"},\"primaryImageOfPage\":{\"@id\":\"https:\\\/\\\/demistrecords.nl\\\/product\\\/turpentine-valley-veuel\\\/#primaryimage\"},\"image\":{\"@id\":\"https:\\\/\\\/demistrecords.nl\\\/product\\\/turpentine-valley-veuel\\\/#primaryimage\"},\"thumbnailUrl\":\"https:\\\/\\\/demistrecords.nl\\\/wp-content\\\/uploads\\\/2026\\\/03\\\/Turpentine-Valley-Veuel-Pando.jpg\",\"datePublished\":\"2026-03-24T14:43:38+00:00\",\"dateModified\":\"2026-03-30T07:53:34+00:00\",\"description\":\"Wordt geleverd in een gatefold cover met glossy details en een inlegvel. Verkrijgbaar in twee varianten: Pando ed. - Red-in-Black Faded Vortex Dreft Ed. - Black Smoke w\\\/ Multicolour Blob\",\"breadcrumb\":{\"@id\":\"https:\\\/\\\/demistrecords.nl\\\/product\\\/turpentine-valley-veuel\\\/#breadcrumb\"},\"inLanguage\":\"de\",\"potentialAction\":[{\"@type\":\"ReadAction\",\"target\":[\"https:\\\/\\\/demistrecords.nl\\\/product\\\/turpentine-valley-veuel\\\/\"]}]},{\"@type\":\"ImageObject\",\"inLanguage\":\"de\",\"@id\":\"https:\\\/\\\/demistrecords.nl\\\/product\\\/turpentine-valley-veuel\\\/#primaryimage\",\"url\":\"https:\\\/\\\/demistrecords.nl\\\/wp-content\\\/uploads\\\/2026\\\/03\\\/Turpentine-Valley-Veuel-Pando.jpg\",\"contentUrl\":\"https:\\\/\\\/demistrecords.nl\\\/wp-content\\\/uploads\\\/2026\\\/03\\\/Turpentine-Valley-Veuel-Pando.jpg\",\"width\":2120,\"height\":2120},{\"@type\":\"BreadcrumbList\",\"@id\":\"https:\\\/\\\/demistrecords.nl\\\/product\\\/turpentine-valley-veuel\\\/#breadcrumb\",\"itemListElement\":[{\"@type\":\"ListItem\",\"position\":1,\"name\":\"Home\",\"item\":\"https:\\\/\\\/demistrecords.nl\\\/\"},{\"@type\":\"ListItem\",\"position\":2,\"name\":\"Shop\",\"item\":\"https:\\\/\\\/demistrecords.nl\\\/shop\\\/\"},{\"@type\":\"ListItem\",\"position\":3,\"name\":\"Turpentine Valley &#8211; Veuel\"}]},{\"@type\":\"WebSite\",\"@id\":\"https:\\\/\\\/demistrecords.nl\\\/#website\",\"url\":\"https:\\\/\\\/demistrecords.nl\\\/\",\"name\":\"De Mist Records\",\"description\":\"Post-rock and related music\",\"publisher\":{\"@id\":\"https:\\\/\\\/demistrecords.nl\\\/#organization\"},\"potentialAction\":[{\"@type\":\"SearchAction\",\"target\":{\"@type\":\"EntryPoint\",\"urlTemplate\":\"https:\\\/\\\/demistrecords.nl\\\/?s={search_term_string}\"},\"query-input\":{\"@type\":\"PropertyValueSpecification\",\"valueRequired\":true,\"valueName\":\"search_term_string\"}}],\"inLanguage\":\"de\"},{\"@type\":\"Organization\",\"@id\":\"https:\\\/\\\/demistrecords.nl\\\/#organization\",\"name\":\"De Mist Records\",\"url\":\"https:\\\/\\\/demistrecords.nl\\\/\",\"logo\":{\"@type\":\"ImageObject\",\"inLanguage\":\"de\",\"@id\":\"https:\\\/\\\/demistrecords.nl\\\/#\\\/schema\\\/logo\\\/image\\\/\",\"url\":\"https:\\\/\\\/demistrecords.nl\\\/wp-content\\\/uploads\\\/2020\\\/12\\\/logo-de-mist-records-rond.png\",\"contentUrl\":\"https:\\\/\\\/demistrecords.nl\\\/wp-content\\\/uploads\\\/2020\\\/12\\\/logo-de-mist-records-rond.png\",\"width\":500,\"height\":500,\"caption\":\"De Mist Records\"},\"image\":{\"@id\":\"https:\\\/\\\/demistrecords.nl\\\/#\\\/schema\\\/logo\\\/image\\\/\"},\"sameAs\":[\"https:\\\/\\\/www.facebook.com\\\/demistrecordsnl\",\"https:\\\/\\\/x.com\\\/deathroo1\",\"https:\\\/\\\/www.instagram.com\\\/demist_records\\\/\"]}]}<\/script>\n<!-- \/ Yoast SEO plugin. -->","yoast_head_json":{"title":"Turpentine Valley - Veuel","description":"Wordt geleverd in een gatefold cover met glossy details en een inlegvel. Verkrijgbaar in twee varianten:    Pando ed. - Red-in-Black Faded Vortex   Dreft Ed. - Black Smoke w\/ Multicolour Blob","robots":{"index":"index","follow":"follow","max-snippet":"max-snippet:-1","max-image-preview":"max-image-preview:large","max-video-preview":"max-video-preview:-1"},"canonical":"https:\/\/demistrecords.nl\/de\/produkt\/turpentine-valley-veuel\/","og_locale":"de_DE","og_type":"article","og_title":"Turpentine Valley - Veuel","og_description":"Wordt geleverd in een gatefold cover met glossy details en een inlegvel. Verkrijgbaar in twee varianten:    Pando ed. - Red-in-Black Faded Vortex   Dreft Ed. - Black Smoke w\/ Multicolour Blob","og_url":"https:\/\/demistrecords.nl\/de\/produkt\/turpentine-valley-veuel\/","og_site_name":"De Mist Records","article_publisher":"https:\/\/www.facebook.com\/demistrecordsnl","article_modified_time":"2026-03-30T07:53:34+00:00","og_image":[{"width":2120,"height":2120,"url":"https:\/\/demistrecords.nl\/wp-content\/uploads\/2026\/03\/Turpentine-Valley-Veuel-Pando.jpg","type":"image\/jpeg"}],"twitter_card":"summary_large_image","twitter_site":"@deathroo1","twitter_misc":{"Gesch\u00e4tzte Lesezeit":"1\u00a0Minute"},"schema":{"@context":"https:\/\/schema.org","@graph":[{"@type":["WebPage","ItemPage"],"@id":"https:\/\/demistrecords.nl\/product\/turpentine-valley-veuel\/","url":"https:\/\/demistrecords.nl\/product\/turpentine-valley-veuel\/","name":"Turpentine Valley - Veuel","isPartOf":{"@id":"https:\/\/demistrecords.nl\/#website"},"primaryImageOfPage":{"@id":"https:\/\/demistrecords.nl\/product\/turpentine-valley-veuel\/#primaryimage"},"image":{"@id":"https:\/\/demistrecords.nl\/product\/turpentine-valley-veuel\/#primaryimage"},"thumbnailUrl":"https:\/\/demistrecords.nl\/wp-content\/uploads\/2026\/03\/Turpentine-Valley-Veuel-Pando.jpg","datePublished":"2026-03-24T14:43:38+00:00","dateModified":"2026-03-30T07:53:34+00:00","description":"Wordt geleverd in een gatefold cover met glossy details en een inlegvel. Verkrijgbaar in twee varianten: Pando ed. - Red-in-Black Faded Vortex Dreft Ed. - Black Smoke w\/ Multicolour Blob","breadcrumb":{"@id":"https:\/\/demistrecords.nl\/product\/turpentine-valley-veuel\/#breadcrumb"},"inLanguage":"de","potentialAction":[{"@type":"ReadAction","target":["https:\/\/demistrecords.nl\/product\/turpentine-valley-veuel\/"]}]},{"@type":"ImageObject","inLanguage":"de","@id":"https:\/\/demistrecords.nl\/product\/turpentine-valley-veuel\/#primaryimage","url":"https:\/\/demistrecords.nl\/wp-content\/uploads\/2026\/03\/Turpentine-Valley-Veuel-Pando.jpg","contentUrl":"https:\/\/demistrecords.nl\/wp-content\/uploads\/2026\/03\/Turpentine-Valley-Veuel-Pando.jpg","width":2120,"height":2120},{"@type":"BreadcrumbList","@id":"https:\/\/demistrecords.nl\/product\/turpentine-valley-veuel\/#breadcrumb","itemListElement":[{"@type":"ListItem","position":1,"name":"Home","item":"https:\/\/demistrecords.nl\/"},{"@type":"ListItem","position":2,"name":"Shop","item":"https:\/\/demistrecords.nl\/shop\/"},{"@type":"ListItem","position":3,"name":"Turpentine Valley &#8211; Veuel"}]},{"@type":"WebSite","@id":"https:\/\/demistrecords.nl\/#website","url":"https:\/\/demistrecords.nl\/","name":"De Mist Records","description":"Post-rock and related music","publisher":{"@id":"https:\/\/demistrecords.nl\/#organization"},"potentialAction":[{"@type":"SearchAction","target":{"@type":"EntryPoint","urlTemplate":"https:\/\/demistrecords.nl\/?s={search_term_string}"},"query-input":{"@type":"PropertyValueSpecification","valueRequired":true,"valueName":"search_term_string"}}],"inLanguage":"de"},{"@type":"Organization","@id":"https:\/\/demistrecords.nl\/#organization","name":"De Mist Records","url":"https:\/\/demistrecords.nl\/","logo":{"@type":"ImageObject","inLanguage":"de","@id":"https:\/\/demistrecords.nl\/#\/schema\/logo\/image\/","url":"https:\/\/demistrecords.nl\/wp-content\/uploads\/2020\/12\/logo-de-mist-records-rond.png","contentUrl":"https:\/\/demistrecords.nl\/wp-content\/uploads\/2020\/12\/logo-de-mist-records-rond.png","width":500,"height":500,"caption":"De Mist Records"},"image":{"@id":"https:\/\/demistrecords.nl\/#\/schema\/logo\/image\/"},"sameAs":["https:\/\/www.facebook.com\/demistrecordsnl","https:\/\/x.com\/deathroo1","https:\/\/www.instagram.com\/demist_records\/"]}]}},"_links":{"self":[{"href":"https:\/\/demistrecords.nl\/de\/wp-json\/wp\/v2\/product\/2381","targetHints":{"allow":["GET"]}}],"collection":[{"href":"https:\/\/demistrecords.nl\/de\/wp-json\/wp\/v2\/product"}],"about":[{"href":"https:\/\/demistrecords.nl\/de\/wp-json\/wp\/v2\/types\/product"}],"replies":[{"embeddable":true,"href":"https:\/\/demistrecords.nl\/de\/wp-json\/wp\/v2\/comments?post=2381"}],"wp:featuredmedia":[{"embeddable":true,"href":"https:\/\/demistrecords.nl\/de\/wp-json\/wp\/v2\/media\/2384"}],"wp:attachment":[{"href":"https:\/\/demistrecords.nl\/de\/wp-json\/wp\/v2\/media?parent=2381"}],"wp:term":[{"taxonomy":"product_brand","embeddable":true,"href":"https:\/\/demistrecords.nl\/de\/wp-json\/wp\/v2\/product_brand?post=2381"},{"taxonomy":"product_cat","embeddable":true,"href":"https:\/\/demistrecords.nl\/de\/wp-json\/wp\/v2\/product_cat?post=2381"},{"taxonomy":"product_tag","embeddable":true,"href":"https:\/\/demistrecords.nl\/de\/wp-json\/wp\/v2\/product_tag?post=2381"}],"curies":[{"name":"wp","href":"https:\/\/api.w.org\/{rel}","templated":true}]}}