{"id":2389,"date":"2026-03-24T16:21:35","date_gmt":"2026-03-24T15:21:35","guid":{"rendered":"https:\/\/demistrecords.nl\/?post_type=product&#038;p=2389"},"modified":"2026-03-24T16:23:24","modified_gmt":"2026-03-24T15:23:24","slug":"gavran-the-one-who-propels","status":"publish","type":"product","link":"https:\/\/demistrecords.nl\/de\/produkt\/gavran-the-one-who-propels\/","title":{"rendered":"Gavran &#8211; The One Who Propels"},"content":{"rendered":"<p>Nach einer ungewissen Zeit, gepr\u00e4gt von der schweren Erkrankung ihres Gitarristen, kehrt Gavran kraftvoller denn je zur\u00fcck. F\u00fcr \u201eThe One Who Propels\u201c tat sich die Band mit Marius Prins (Throwing Bricks) und Tim de Gieter (Doodseskader, ex-Amenra) zusammen. Das Ergebnis ist ein Album, das rohe Verletzlichkeit mit klanglicher Intensit\u00e4t vereint.<br \/>\nEine neue Klangdimension<br \/>\nMit dieser Ver\u00f6ffentlichung pr\u00e4sentiert Gavran auch ein neues Line-up. Durch Jamie Kobi\u0107s Wechsel zu Gitarre und Gesang sowie den Einstieg von Tinus Kardolus (Bass) und Roy Zwinkels (Schlagzeug) hat sich die Band zu einem Quartett entwickelt. Diese zus\u00e4tzliche Gitarrenebene erzeugt eine ungeahnte Tiefe; eine gewaltige Klangwand, in der Doom, Sludge, Shoegaze und Post-Rock nahtlos ineinanderflie\u00dfen.<br \/>\nThemen: Von Hoffnung zu Notwendigkeit<br \/>\nW\u00e4hrend Gavrans fr\u00fchere Werke nach Hoffnung suchten, geht \u201eThe One Who Propels\u201c tiefer. Das Album konzentriert sich auf den inneren Antrieb und die schiere Notwendigkeit, Ver\u00e4nderung zu erzwingen.<br \/>\n<em>\u201eGavran erm\u00f6glicht es uns, Leben und Tod direkt ins Auge zu blicken\u201c, sagt Jamie Kobi\u0107. \u201eEs bef\u00e4higt uns, Gef\u00fchle wie Verzweiflung, Trauer und Wut mit absoluter Aufmerksamkeit anzunehmen. Begleiten Sie uns auf dieser intensiven Reise in den zeitlosen Raum der inneren Stille.\u201c<\/em><\/p>\n<p>Hol dir den beeindruckenden Sound von Gavran nach Hause \u2013 mit dieser Deluxe-Vinyl-Edition von \u201eThe One Who Propels\u201c. Diese Ver\u00f6ffentlichung auf schwerem 180-Gramm-Vinyl ist ein Muss f\u00fcr Post-Metal-Fans und Sammler einzigartiger Kunstwerke.<\/p>\n<p>Spezifikationen &amp; Details:<br \/>\n\u2013 Limitierte Auflage: Weltweit nur 200 Exemplare (Erstauflage).<br \/>\n\u2013 Einzigartiges Vinyl: Mit den markanten Farbkombinationen \u201eSandy Tan to Black Fade\u201c und \u201eSandy Tan &amp; Black Double Vortex\u201c.<br \/>\n\u2013 Bonus-Track: Die D-Seite enth\u00e4lt den exklusiven Track \u201eNastavi\u201c (bekannt von der Split-EP \u201eOceans of Silence\u201c mit Svjetlost).<br \/>\n\u2013 Verpackung: Doppel-Vinyl in einer hochwertigen Single-H\u00fclle, inklusive doppelseitigem Einleger.<\/p>","protected":false},"excerpt":{"rendered":"<p>\u2013 Limitierte Auflage: Weltweit nur 200 Exemplare (Erstauflage).<br \/>\n\u2013 Einzigartiges Vinyl: Mit den markanten Farbkombinationen \u201eSandy Tan to Black Fade\u201c und \u201eSandy Tan &amp; Black Double Vortex\u201c.<br \/>\n\u2013 Bonus-Track: Die D-Seite enth\u00e4lt den exklusiven Track \u201eNastavi\u201c (bekannt von der Split-EP \u201eOceans of Silence\u201c mit Svjetlost).<br \/>\n\u2013 Verpackung: Doppel-Vinyl in einer hochwertigen Single-H\u00fclle, inklusive doppelseitigem Einleger.<\/p>","protected":false},"featured_media":2390,"comment_status":"closed","ping_status":"closed","template":"","meta":[],"product_brand":[],"product_cat":[21,16],"product_tag":[38,35,36],"class_list":{"0":"post-2389","1":"product","2":"type-product","3":"status-publish","4":"has-post-thumbnail","6":"product_cat-nieuw","7":"product_cat-vinyl-12-2xlp","8":"product_tag-doom","9":"product_tag-progrock","10":"product_tag-sludge","12":"first","13":"instock","14":"taxable","15":"shipping-taxable","16":"purchasable","17":"product-type-simple"},"bundled_by":[],"bundle_stock_status":"instock","bundle_stock_quantity":5,"bundle_virtual":false,"bundle_layout":"","bundle_add_to_cart_form_location":"","bundle_editable_in_cart":false,"bundle_sold_individually_context":"","bundle_item_grouping":"","bundle_min_size":"","bundle_max_size":"","bundle_price":[],"bundled_items":[],"bundle_sell_ids":[],"yoast_head":"<!-- This site is optimized with the Yoast SEO plugin v27.3 - https:\/\/yoast.com\/product\/yoast-seo-wordpress\/ -->\n<title>Gavran - The One Who Propels<\/title>\n<meta name=\"description\" content=\"Gelimiteerde Oplage: Slechts 200 exemplaren wereldwijd (eerste persing). Uniek Vinyl: Uitgevoerd in de opvallende kleurencombinaties Sandy Tan to Black Fade en Sandy Tan &amp; Black Double Vortex op 180 grams vinyl. Bonustrack: De D-kant bevat het exclusieve nummer &quot;Nastavi&quot; (bekend van de split-EP Oceans of Silence met Svjetlost). Packaging: Dubbel vinyl in een hoogwaardige enkele hoes, inclusief een dubbelzijdig inlegvel.\" \/>\n<meta name=\"robots\" content=\"index, follow, max-snippet:-1, max-image-preview:large, max-video-preview:-1\" \/>\n<link rel=\"canonical\" href=\"https:\/\/demistrecords.nl\/de\/produkt\/gavran-the-one-who-propels\/\" \/>\n<meta property=\"og:locale\" content=\"de_DE\" \/>\n<meta property=\"og:type\" content=\"article\" \/>\n<meta property=\"og:title\" content=\"Gavran - The One Who Propels\" \/>\n<meta property=\"og:description\" content=\"Gelimiteerde Oplage: Slechts 200 exemplaren wereldwijd (eerste persing). Uniek Vinyl: Uitgevoerd in de opvallende kleurencombinaties Sandy Tan to Black Fade en Sandy Tan &amp; Black Double Vortex op 180 grams vinyl. Bonustrack: De D-kant bevat het exclusieve nummer &quot;Nastavi&quot; (bekend van de split-EP Oceans of Silence met Svjetlost). Packaging: Dubbel vinyl in een hoogwaardige enkele hoes, inclusief een dubbelzijdig inlegvel.\" \/>\n<meta property=\"og:url\" content=\"https:\/\/demistrecords.nl\/de\/produkt\/gavran-the-one-who-propels\/\" \/>\n<meta property=\"og:site_name\" content=\"De Mist Records\" \/>\n<meta property=\"article:publisher\" content=\"https:\/\/www.facebook.com\/demistrecordsnl\" \/>\n<meta property=\"article:modified_time\" content=\"2026-03-24T15:23:24+00:00\" \/>\n<meta property=\"og:image\" content=\"https:\/\/demistrecords.nl\/wp-content\/uploads\/2026\/03\/Gavran-The-One-Who-Propels.jpg\" \/>\n\t<meta property=\"og:image:width\" content=\"2120\" \/>\n\t<meta property=\"og:image:height\" content=\"2120\" \/>\n\t<meta property=\"og:image:type\" content=\"image\/jpeg\" \/>\n<meta name=\"twitter:card\" content=\"summary_large_image\" \/>\n<meta name=\"twitter:site\" content=\"@deathroo1\" \/>\n<meta name=\"twitter:label1\" content=\"Gesch\u00e4tzte Lesezeit\" \/>\n\t<meta name=\"twitter:data1\" content=\"2\u00a0Minuten\" \/>\n<script type=\"application\/ld+json\" class=\"yoast-schema-graph\">{\"@context\":\"https:\\\/\\\/schema.org\",\"@graph\":[{\"@type\":[\"WebPage\",\"ItemPage\"],\"@id\":\"https:\\\/\\\/demistrecords.nl\\\/product\\\/gavran-the-one-who-propels\\\/\",\"url\":\"https:\\\/\\\/demistrecords.nl\\\/product\\\/gavran-the-one-who-propels\\\/\",\"name\":\"Gavran - The One Who Propels\",\"isPartOf\":{\"@id\":\"https:\\\/\\\/demistrecords.nl\\\/#website\"},\"primaryImageOfPage\":{\"@id\":\"https:\\\/\\\/demistrecords.nl\\\/product\\\/gavran-the-one-who-propels\\\/#primaryimage\"},\"image\":{\"@id\":\"https:\\\/\\\/demistrecords.nl\\\/product\\\/gavran-the-one-who-propels\\\/#primaryimage\"},\"thumbnailUrl\":\"https:\\\/\\\/demistrecords.nl\\\/wp-content\\\/uploads\\\/2026\\\/03\\\/Gavran-The-One-Who-Propels.jpg\",\"datePublished\":\"2026-03-24T15:21:35+00:00\",\"dateModified\":\"2026-03-24T15:23:24+00:00\",\"description\":\"Gelimiteerde Oplage: Slechts 200 exemplaren wereldwijd (eerste persing). Uniek Vinyl: Uitgevoerd in de opvallende kleurencombinaties Sandy Tan to Black Fade en Sandy Tan &amp; Black Double Vortex op 180 grams vinyl. Bonustrack: De D-kant bevat het exclusieve nummer \\\"Nastavi\\\" (bekend van de split-EP Oceans of Silence met Svjetlost). Packaging: Dubbel vinyl in een hoogwaardige enkele hoes, inclusief een dubbelzijdig inlegvel.\",\"breadcrumb\":{\"@id\":\"https:\\\/\\\/demistrecords.nl\\\/product\\\/gavran-the-one-who-propels\\\/#breadcrumb\"},\"inLanguage\":\"de\",\"potentialAction\":[{\"@type\":\"ReadAction\",\"target\":[\"https:\\\/\\\/demistrecords.nl\\\/product\\\/gavran-the-one-who-propels\\\/\"]}]},{\"@type\":\"ImageObject\",\"inLanguage\":\"de\",\"@id\":\"https:\\\/\\\/demistrecords.nl\\\/product\\\/gavran-the-one-who-propels\\\/#primaryimage\",\"url\":\"https:\\\/\\\/demistrecords.nl\\\/wp-content\\\/uploads\\\/2026\\\/03\\\/Gavran-The-One-Who-Propels.jpg\",\"contentUrl\":\"https:\\\/\\\/demistrecords.nl\\\/wp-content\\\/uploads\\\/2026\\\/03\\\/Gavran-The-One-Who-Propels.jpg\",\"width\":2120,\"height\":2120},{\"@type\":\"BreadcrumbList\",\"@id\":\"https:\\\/\\\/demistrecords.nl\\\/product\\\/gavran-the-one-who-propels\\\/#breadcrumb\",\"itemListElement\":[{\"@type\":\"ListItem\",\"position\":1,\"name\":\"Home\",\"item\":\"https:\\\/\\\/demistrecords.nl\\\/\"},{\"@type\":\"ListItem\",\"position\":2,\"name\":\"Shop\",\"item\":\"https:\\\/\\\/demistrecords.nl\\\/shop\\\/\"},{\"@type\":\"ListItem\",\"position\":3,\"name\":\"Gavran &#8211; The One Who Propels\"}]},{\"@type\":\"WebSite\",\"@id\":\"https:\\\/\\\/demistrecords.nl\\\/#website\",\"url\":\"https:\\\/\\\/demistrecords.nl\\\/\",\"name\":\"De Mist Records\",\"description\":\"Post-rock and related music\",\"publisher\":{\"@id\":\"https:\\\/\\\/demistrecords.nl\\\/#organization\"},\"potentialAction\":[{\"@type\":\"SearchAction\",\"target\":{\"@type\":\"EntryPoint\",\"urlTemplate\":\"https:\\\/\\\/demistrecords.nl\\\/?s={search_term_string}\"},\"query-input\":{\"@type\":\"PropertyValueSpecification\",\"valueRequired\":true,\"valueName\":\"search_term_string\"}}],\"inLanguage\":\"de\"},{\"@type\":\"Organization\",\"@id\":\"https:\\\/\\\/demistrecords.nl\\\/#organization\",\"name\":\"De Mist Records\",\"url\":\"https:\\\/\\\/demistrecords.nl\\\/\",\"logo\":{\"@type\":\"ImageObject\",\"inLanguage\":\"de\",\"@id\":\"https:\\\/\\\/demistrecords.nl\\\/#\\\/schema\\\/logo\\\/image\\\/\",\"url\":\"https:\\\/\\\/demistrecords.nl\\\/wp-content\\\/uploads\\\/2020\\\/12\\\/logo-de-mist-records-rond.png\",\"contentUrl\":\"https:\\\/\\\/demistrecords.nl\\\/wp-content\\\/uploads\\\/2020\\\/12\\\/logo-de-mist-records-rond.png\",\"width\":500,\"height\":500,\"caption\":\"De Mist Records\"},\"image\":{\"@id\":\"https:\\\/\\\/demistrecords.nl\\\/#\\\/schema\\\/logo\\\/image\\\/\"},\"sameAs\":[\"https:\\\/\\\/www.facebook.com\\\/demistrecordsnl\",\"https:\\\/\\\/x.com\\\/deathroo1\",\"https:\\\/\\\/www.instagram.com\\\/demist_records\\\/\"]}]}<\/script>\n<!-- \/ Yoast SEO plugin. -->","yoast_head_json":{"title":"Gavran - The One Who Propels","description":"Gelimiteerde Oplage: Slechts 200 exemplaren wereldwijd (eerste persing). Uniek Vinyl: Uitgevoerd in de opvallende kleurencombinaties Sandy Tan to Black Fade en Sandy Tan &amp; Black Double Vortex op 180 grams vinyl. Bonustrack: De D-kant bevat het exclusieve nummer \"Nastavi\" (bekend van de split-EP Oceans of Silence met Svjetlost). Packaging: Dubbel vinyl in een hoogwaardige enkele hoes, inclusief een dubbelzijdig inlegvel.","robots":{"index":"index","follow":"follow","max-snippet":"max-snippet:-1","max-image-preview":"max-image-preview:large","max-video-preview":"max-video-preview:-1"},"canonical":"https:\/\/demistrecords.nl\/de\/produkt\/gavran-the-one-who-propels\/","og_locale":"de_DE","og_type":"article","og_title":"Gavran - The One Who Propels","og_description":"Gelimiteerde Oplage: Slechts 200 exemplaren wereldwijd (eerste persing). Uniek Vinyl: Uitgevoerd in de opvallende kleurencombinaties Sandy Tan to Black Fade en Sandy Tan &amp; Black Double Vortex op 180 grams vinyl. Bonustrack: De D-kant bevat het exclusieve nummer \"Nastavi\" (bekend van de split-EP Oceans of Silence met Svjetlost). Packaging: Dubbel vinyl in een hoogwaardige enkele hoes, inclusief een dubbelzijdig inlegvel.","og_url":"https:\/\/demistrecords.nl\/de\/produkt\/gavran-the-one-who-propels\/","og_site_name":"De Mist Records","article_publisher":"https:\/\/www.facebook.com\/demistrecordsnl","article_modified_time":"2026-03-24T15:23:24+00:00","og_image":[{"width":2120,"height":2120,"url":"https:\/\/demistrecords.nl\/wp-content\/uploads\/2026\/03\/Gavran-The-One-Who-Propels.jpg","type":"image\/jpeg"}],"twitter_card":"summary_large_image","twitter_site":"@deathroo1","twitter_misc":{"Gesch\u00e4tzte Lesezeit":"2\u00a0Minuten"},"schema":{"@context":"https:\/\/schema.org","@graph":[{"@type":["WebPage","ItemPage"],"@id":"https:\/\/demistrecords.nl\/product\/gavran-the-one-who-propels\/","url":"https:\/\/demistrecords.nl\/product\/gavran-the-one-who-propels\/","name":"Gavran - The One Who Propels","isPartOf":{"@id":"https:\/\/demistrecords.nl\/#website"},"primaryImageOfPage":{"@id":"https:\/\/demistrecords.nl\/product\/gavran-the-one-who-propels\/#primaryimage"},"image":{"@id":"https:\/\/demistrecords.nl\/product\/gavran-the-one-who-propels\/#primaryimage"},"thumbnailUrl":"https:\/\/demistrecords.nl\/wp-content\/uploads\/2026\/03\/Gavran-The-One-Who-Propels.jpg","datePublished":"2026-03-24T15:21:35+00:00","dateModified":"2026-03-24T15:23:24+00:00","description":"Gelimiteerde Oplage: Slechts 200 exemplaren wereldwijd (eerste persing). Uniek Vinyl: Uitgevoerd in de opvallende kleurencombinaties Sandy Tan to Black Fade en Sandy Tan &amp; Black Double Vortex op 180 grams vinyl. Bonustrack: De D-kant bevat het exclusieve nummer \"Nastavi\" (bekend van de split-EP Oceans of Silence met Svjetlost). Packaging: Dubbel vinyl in een hoogwaardige enkele hoes, inclusief een dubbelzijdig inlegvel.","breadcrumb":{"@id":"https:\/\/demistrecords.nl\/product\/gavran-the-one-who-propels\/#breadcrumb"},"inLanguage":"de","potentialAction":[{"@type":"ReadAction","target":["https:\/\/demistrecords.nl\/product\/gavran-the-one-who-propels\/"]}]},{"@type":"ImageObject","inLanguage":"de","@id":"https:\/\/demistrecords.nl\/product\/gavran-the-one-who-propels\/#primaryimage","url":"https:\/\/demistrecords.nl\/wp-content\/uploads\/2026\/03\/Gavran-The-One-Who-Propels.jpg","contentUrl":"https:\/\/demistrecords.nl\/wp-content\/uploads\/2026\/03\/Gavran-The-One-Who-Propels.jpg","width":2120,"height":2120},{"@type":"BreadcrumbList","@id":"https:\/\/demistrecords.nl\/product\/gavran-the-one-who-propels\/#breadcrumb","itemListElement":[{"@type":"ListItem","position":1,"name":"Home","item":"https:\/\/demistrecords.nl\/"},{"@type":"ListItem","position":2,"name":"Shop","item":"https:\/\/demistrecords.nl\/shop\/"},{"@type":"ListItem","position":3,"name":"Gavran &#8211; The One Who Propels"}]},{"@type":"WebSite","@id":"https:\/\/demistrecords.nl\/#website","url":"https:\/\/demistrecords.nl\/","name":"De Mist Records","description":"Post-rock and related music","publisher":{"@id":"https:\/\/demistrecords.nl\/#organization"},"potentialAction":[{"@type":"SearchAction","target":{"@type":"EntryPoint","urlTemplate":"https:\/\/demistrecords.nl\/?s={search_term_string}"},"query-input":{"@type":"PropertyValueSpecification","valueRequired":true,"valueName":"search_term_string"}}],"inLanguage":"de"},{"@type":"Organization","@id":"https:\/\/demistrecords.nl\/#organization","name":"De Mist Records","url":"https:\/\/demistrecords.nl\/","logo":{"@type":"ImageObject","inLanguage":"de","@id":"https:\/\/demistrecords.nl\/#\/schema\/logo\/image\/","url":"https:\/\/demistrecords.nl\/wp-content\/uploads\/2020\/12\/logo-de-mist-records-rond.png","contentUrl":"https:\/\/demistrecords.nl\/wp-content\/uploads\/2020\/12\/logo-de-mist-records-rond.png","width":500,"height":500,"caption":"De Mist Records"},"image":{"@id":"https:\/\/demistrecords.nl\/#\/schema\/logo\/image\/"},"sameAs":["https:\/\/www.facebook.com\/demistrecordsnl","https:\/\/x.com\/deathroo1","https:\/\/www.instagram.com\/demist_records\/"]}]}},"_links":{"self":[{"href":"https:\/\/demistrecords.nl\/de\/wp-json\/wp\/v2\/product\/2389","targetHints":{"allow":["GET"]}}],"collection":[{"href":"https:\/\/demistrecords.nl\/de\/wp-json\/wp\/v2\/product"}],"about":[{"href":"https:\/\/demistrecords.nl\/de\/wp-json\/wp\/v2\/types\/product"}],"replies":[{"embeddable":true,"href":"https:\/\/demistrecords.nl\/de\/wp-json\/wp\/v2\/comments?post=2389"}],"wp:featuredmedia":[{"embeddable":true,"href":"https:\/\/demistrecords.nl\/de\/wp-json\/wp\/v2\/media\/2390"}],"wp:attachment":[{"href":"https:\/\/demistrecords.nl\/de\/wp-json\/wp\/v2\/media?parent=2389"}],"wp:term":[{"taxonomy":"product_brand","embeddable":true,"href":"https:\/\/demistrecords.nl\/de\/wp-json\/wp\/v2\/product_brand?post=2389"},{"taxonomy":"product_cat","embeddable":true,"href":"https:\/\/demistrecords.nl\/de\/wp-json\/wp\/v2\/product_cat?post=2389"},{"taxonomy":"product_tag","embeddable":true,"href":"https:\/\/demistrecords.nl\/de\/wp-json\/wp\/v2\/product_tag?post=2389"}],"curies":[{"name":"wp","href":"https:\/\/api.w.org\/{rel}","templated":true}]}}