{"id":2394,"date":"2026-03-24T17:24:06","date_gmt":"2026-03-24T16:24:06","guid":{"rendered":"https:\/\/demistrecords.nl\/?post_type=product&#038;p=2394"},"modified":"2026-03-24T17:42:38","modified_gmt":"2026-03-24T16:42:38","slug":"aufhebung-luchtbegrafenis","status":"publish","type":"product","link":"https:\/\/demistrecords.nl\/de\/produkt\/aufhebung-luchtbegrafenis\/","title":{"rendered":"Aufhebung &#8211; Luchtbegrafenis"},"content":{"rendered":"<p>Nach vier Jahren voller Songwriting, Tourneen und Besetzungswechseln meldet sich die belgische Post-Metal-Band AUFHEBUNG mit einem neuen Album zur\u00fcck.<br \/>\nMit \u201eLuchtbegrafenis\u201c (ver\u00f6ffentlicht \u00fcber dunk!records) schl\u00e4gt die Band eine neue, reifere Phase ihres Schaffens auf. Auf ihrem zweiten Album erkundet die Gruppe die Dualit\u00e4t von Leben und Tod, Wachstum und Verfall aus ritueller Perspektive. Die fl\u00fcchtige Verletzlichkeit des Daseins wird der Unausweichlichkeit des Endes gegen\u00fcbergestellt. In sechs vielschichtigen Tracks entwickeln sich die Themen von Massenkonsum und \u00d6kozid bis hin zu technologischer Dominanz und Religion.<br \/>\nDas Album ist gleichzeitig schonungslos und zerbrechlich. Es entsteht ein reichhaltiger Klangteppich aus Einfl\u00fcssen von Sludge, Doom, Post-Metal und Crust Punk, subtil erg\u00e4nzt durch Elemente osteurop\u00e4ischer klassischer Musik.<\/p>","protected":false},"excerpt":{"rendered":"<p>Das Album \u201eLuchtbegrafenis\u201c von Aufhebung erscheint in einer stabilen, rohen Papierh\u00fclle und in drei Varianten:<\/p>\n<p>A.P.Z.B. Edition \u2013 Mysterious Color \u2013 (limitierte Auflage von 50 Exemplaren)<br \/>\nZuurbegrafenis Editie &#8211; Acid Smoke<br \/>\nAfterlife Editie &#8211; White-in-Black Faded Vortex<\/p>","protected":false},"featured_media":2395,"comment_status":"closed","ping_status":"closed","template":"","meta":[],"product_brand":[],"product_cat":[21,15],"product_tag":[38,26,36],"class_list":{"0":"post-2394","1":"product","2":"type-product","3":"status-publish","4":"has-post-thumbnail","6":"product_cat-nieuw","7":"product_cat-vinyl-12-lp","8":"product_tag-doom","9":"product_tag-post-metal","10":"product_tag-sludge","12":"first","13":"instock","14":"taxable","15":"shipping-taxable","16":"purchasable","17":"product-type-variable"},"bundled_by":[],"bundle_stock_status":"instock","bundle_stock_quantity":null,"bundle_virtual":false,"bundle_layout":"","bundle_add_to_cart_form_location":"","bundle_editable_in_cart":false,"bundle_sold_individually_context":"","bundle_item_grouping":"","bundle_min_size":"","bundle_max_size":"","bundle_price":[],"bundled_items":[],"bundle_sell_ids":[],"yoast_head":"<!-- This site is optimized with the Yoast SEO plugin v27.3 - https:\/\/yoast.com\/product\/yoast-seo-wordpress\/ -->\n<title>Aufhebung - Luchtbegrafenis<\/title>\n<meta name=\"description\" content=\"Het album &quot;Luchtbegrafenis&quot; van Aufhebung wordt geleverd in een zwaargewicht, ruwe papieren hoes en in drie varianten:  A.P.Z.B. Editie - Mysterieuze kleur - (beperkte oplage van 50 exemplaren) Zuurbegrafenis Editie - Acid Smoke Afterlife Editie - White-in-Black Faded Vortex\" \/>\n<meta name=\"robots\" content=\"index, follow, max-snippet:-1, max-image-preview:large, max-video-preview:-1\" \/>\n<link rel=\"canonical\" href=\"https:\/\/demistrecords.nl\/de\/produkt\/aufhebung-luchtbegrafenis\/\" \/>\n<meta property=\"og:locale\" content=\"de_DE\" \/>\n<meta property=\"og:type\" content=\"article\" \/>\n<meta property=\"og:title\" content=\"Aufhebung - Luchtbegrafenis\" \/>\n<meta property=\"og:description\" content=\"Het album &quot;Luchtbegrafenis&quot; van Aufhebung wordt geleverd in een zwaargewicht, ruwe papieren hoes en in drie varianten:  A.P.Z.B. Editie - Mysterieuze kleur - (beperkte oplage van 50 exemplaren) Zuurbegrafenis Editie - Acid Smoke Afterlife Editie - White-in-Black Faded Vortex\" \/>\n<meta property=\"og:url\" content=\"https:\/\/demistrecords.nl\/de\/produkt\/aufhebung-luchtbegrafenis\/\" \/>\n<meta property=\"og:site_name\" content=\"De Mist Records\" \/>\n<meta property=\"article:publisher\" content=\"https:\/\/www.facebook.com\/demistrecordsnl\" \/>\n<meta property=\"article:modified_time\" content=\"2026-03-24T16:42:38+00:00\" \/>\n<meta property=\"og:image\" content=\"https:\/\/demistrecords.nl\/wp-content\/uploads\/2026\/03\/Aufhebung-Luchtbegrafenis-Acid-smoke.jpg\" \/>\n\t<meta property=\"og:image:width\" content=\"2120\" \/>\n\t<meta property=\"og:image:height\" content=\"2120\" \/>\n\t<meta property=\"og:image:type\" content=\"image\/jpeg\" \/>\n<meta name=\"twitter:card\" content=\"summary_large_image\" \/>\n<meta name=\"twitter:site\" content=\"@deathroo1\" \/>\n<meta name=\"twitter:label1\" content=\"Gesch\u00e4tzte Lesezeit\" \/>\n\t<meta name=\"twitter:data1\" content=\"1\u00a0Minute\" \/>\n<script type=\"application\/ld+json\" class=\"yoast-schema-graph\">{\"@context\":\"https:\\\/\\\/schema.org\",\"@graph\":[{\"@type\":[\"WebPage\",\"ItemPage\"],\"@id\":\"https:\\\/\\\/demistrecords.nl\\\/product\\\/aufhebung-luchtbegrafenis\\\/\",\"url\":\"https:\\\/\\\/demistrecords.nl\\\/product\\\/aufhebung-luchtbegrafenis\\\/\",\"name\":\"Aufhebung - Luchtbegrafenis\",\"isPartOf\":{\"@id\":\"https:\\\/\\\/demistrecords.nl\\\/#website\"},\"primaryImageOfPage\":{\"@id\":\"https:\\\/\\\/demistrecords.nl\\\/product\\\/aufhebung-luchtbegrafenis\\\/#primaryimage\"},\"image\":{\"@id\":\"https:\\\/\\\/demistrecords.nl\\\/product\\\/aufhebung-luchtbegrafenis\\\/#primaryimage\"},\"thumbnailUrl\":\"https:\\\/\\\/demistrecords.nl\\\/wp-content\\\/uploads\\\/2026\\\/03\\\/Aufhebung-Luchtbegrafenis-Acid-smoke.jpg\",\"datePublished\":\"2026-03-24T16:24:06+00:00\",\"dateModified\":\"2026-03-24T16:42:38+00:00\",\"description\":\"Het album \\\"Luchtbegrafenis\\\" van Aufhebung wordt geleverd in een zwaargewicht, ruwe papieren hoes en in drie varianten: A.P.Z.B. Editie - Mysterieuze kleur - (beperkte oplage van 50 exemplaren) Zuurbegrafenis Editie - Acid Smoke Afterlife Editie - White-in-Black Faded Vortex\",\"breadcrumb\":{\"@id\":\"https:\\\/\\\/demistrecords.nl\\\/product\\\/aufhebung-luchtbegrafenis\\\/#breadcrumb\"},\"inLanguage\":\"de\",\"potentialAction\":[{\"@type\":\"ReadAction\",\"target\":[\"https:\\\/\\\/demistrecords.nl\\\/product\\\/aufhebung-luchtbegrafenis\\\/\"]}]},{\"@type\":\"ImageObject\",\"inLanguage\":\"de\",\"@id\":\"https:\\\/\\\/demistrecords.nl\\\/product\\\/aufhebung-luchtbegrafenis\\\/#primaryimage\",\"url\":\"https:\\\/\\\/demistrecords.nl\\\/wp-content\\\/uploads\\\/2026\\\/03\\\/Aufhebung-Luchtbegrafenis-Acid-smoke.jpg\",\"contentUrl\":\"https:\\\/\\\/demistrecords.nl\\\/wp-content\\\/uploads\\\/2026\\\/03\\\/Aufhebung-Luchtbegrafenis-Acid-smoke.jpg\",\"width\":2120,\"height\":2120},{\"@type\":\"BreadcrumbList\",\"@id\":\"https:\\\/\\\/demistrecords.nl\\\/product\\\/aufhebung-luchtbegrafenis\\\/#breadcrumb\",\"itemListElement\":[{\"@type\":\"ListItem\",\"position\":1,\"name\":\"Home\",\"item\":\"https:\\\/\\\/demistrecords.nl\\\/\"},{\"@type\":\"ListItem\",\"position\":2,\"name\":\"Shop\",\"item\":\"https:\\\/\\\/demistrecords.nl\\\/shop\\\/\"},{\"@type\":\"ListItem\",\"position\":3,\"name\":\"Aufhebung &#8211; Luchtbegrafenis\"}]},{\"@type\":\"WebSite\",\"@id\":\"https:\\\/\\\/demistrecords.nl\\\/#website\",\"url\":\"https:\\\/\\\/demistrecords.nl\\\/\",\"name\":\"De Mist Records\",\"description\":\"Post-rock and related music\",\"publisher\":{\"@id\":\"https:\\\/\\\/demistrecords.nl\\\/#organization\"},\"potentialAction\":[{\"@type\":\"SearchAction\",\"target\":{\"@type\":\"EntryPoint\",\"urlTemplate\":\"https:\\\/\\\/demistrecords.nl\\\/?s={search_term_string}\"},\"query-input\":{\"@type\":\"PropertyValueSpecification\",\"valueRequired\":true,\"valueName\":\"search_term_string\"}}],\"inLanguage\":\"de\"},{\"@type\":\"Organization\",\"@id\":\"https:\\\/\\\/demistrecords.nl\\\/#organization\",\"name\":\"De Mist Records\",\"url\":\"https:\\\/\\\/demistrecords.nl\\\/\",\"logo\":{\"@type\":\"ImageObject\",\"inLanguage\":\"de\",\"@id\":\"https:\\\/\\\/demistrecords.nl\\\/#\\\/schema\\\/logo\\\/image\\\/\",\"url\":\"https:\\\/\\\/demistrecords.nl\\\/wp-content\\\/uploads\\\/2020\\\/12\\\/logo-de-mist-records-rond.png\",\"contentUrl\":\"https:\\\/\\\/demistrecords.nl\\\/wp-content\\\/uploads\\\/2020\\\/12\\\/logo-de-mist-records-rond.png\",\"width\":500,\"height\":500,\"caption\":\"De Mist Records\"},\"image\":{\"@id\":\"https:\\\/\\\/demistrecords.nl\\\/#\\\/schema\\\/logo\\\/image\\\/\"},\"sameAs\":[\"https:\\\/\\\/www.facebook.com\\\/demistrecordsnl\",\"https:\\\/\\\/x.com\\\/deathroo1\",\"https:\\\/\\\/www.instagram.com\\\/demist_records\\\/\"]}]}<\/script>\n<!-- \/ Yoast SEO plugin. -->","yoast_head_json":{"title":"Aufhebung - Luchtbegrafenis","description":"Het album \"Luchtbegrafenis\" van Aufhebung wordt geleverd in een zwaargewicht, ruwe papieren hoes en in drie varianten:  A.P.Z.B. Editie - Mysterieuze kleur - (beperkte oplage van 50 exemplaren) Zuurbegrafenis Editie - Acid Smoke Afterlife Editie - White-in-Black Faded Vortex","robots":{"index":"index","follow":"follow","max-snippet":"max-snippet:-1","max-image-preview":"max-image-preview:large","max-video-preview":"max-video-preview:-1"},"canonical":"https:\/\/demistrecords.nl\/de\/produkt\/aufhebung-luchtbegrafenis\/","og_locale":"de_DE","og_type":"article","og_title":"Aufhebung - Luchtbegrafenis","og_description":"Het album \"Luchtbegrafenis\" van Aufhebung wordt geleverd in een zwaargewicht, ruwe papieren hoes en in drie varianten:  A.P.Z.B. Editie - Mysterieuze kleur - (beperkte oplage van 50 exemplaren) Zuurbegrafenis Editie - Acid Smoke Afterlife Editie - White-in-Black Faded Vortex","og_url":"https:\/\/demistrecords.nl\/de\/produkt\/aufhebung-luchtbegrafenis\/","og_site_name":"De Mist Records","article_publisher":"https:\/\/www.facebook.com\/demistrecordsnl","article_modified_time":"2026-03-24T16:42:38+00:00","og_image":[{"width":2120,"height":2120,"url":"https:\/\/demistrecords.nl\/wp-content\/uploads\/2026\/03\/Aufhebung-Luchtbegrafenis-Acid-smoke.jpg","type":"image\/jpeg"}],"twitter_card":"summary_large_image","twitter_site":"@deathroo1","twitter_misc":{"Gesch\u00e4tzte Lesezeit":"1\u00a0Minute"},"schema":{"@context":"https:\/\/schema.org","@graph":[{"@type":["WebPage","ItemPage"],"@id":"https:\/\/demistrecords.nl\/product\/aufhebung-luchtbegrafenis\/","url":"https:\/\/demistrecords.nl\/product\/aufhebung-luchtbegrafenis\/","name":"Aufhebung - Luchtbegrafenis","isPartOf":{"@id":"https:\/\/demistrecords.nl\/#website"},"primaryImageOfPage":{"@id":"https:\/\/demistrecords.nl\/product\/aufhebung-luchtbegrafenis\/#primaryimage"},"image":{"@id":"https:\/\/demistrecords.nl\/product\/aufhebung-luchtbegrafenis\/#primaryimage"},"thumbnailUrl":"https:\/\/demistrecords.nl\/wp-content\/uploads\/2026\/03\/Aufhebung-Luchtbegrafenis-Acid-smoke.jpg","datePublished":"2026-03-24T16:24:06+00:00","dateModified":"2026-03-24T16:42:38+00:00","description":"Het album \"Luchtbegrafenis\" van Aufhebung wordt geleverd in een zwaargewicht, ruwe papieren hoes en in drie varianten: A.P.Z.B. Editie - Mysterieuze kleur - (beperkte oplage van 50 exemplaren) Zuurbegrafenis Editie - Acid Smoke Afterlife Editie - White-in-Black Faded Vortex","breadcrumb":{"@id":"https:\/\/demistrecords.nl\/product\/aufhebung-luchtbegrafenis\/#breadcrumb"},"inLanguage":"de","potentialAction":[{"@type":"ReadAction","target":["https:\/\/demistrecords.nl\/product\/aufhebung-luchtbegrafenis\/"]}]},{"@type":"ImageObject","inLanguage":"de","@id":"https:\/\/demistrecords.nl\/product\/aufhebung-luchtbegrafenis\/#primaryimage","url":"https:\/\/demistrecords.nl\/wp-content\/uploads\/2026\/03\/Aufhebung-Luchtbegrafenis-Acid-smoke.jpg","contentUrl":"https:\/\/demistrecords.nl\/wp-content\/uploads\/2026\/03\/Aufhebung-Luchtbegrafenis-Acid-smoke.jpg","width":2120,"height":2120},{"@type":"BreadcrumbList","@id":"https:\/\/demistrecords.nl\/product\/aufhebung-luchtbegrafenis\/#breadcrumb","itemListElement":[{"@type":"ListItem","position":1,"name":"Home","item":"https:\/\/demistrecords.nl\/"},{"@type":"ListItem","position":2,"name":"Shop","item":"https:\/\/demistrecords.nl\/shop\/"},{"@type":"ListItem","position":3,"name":"Aufhebung &#8211; Luchtbegrafenis"}]},{"@type":"WebSite","@id":"https:\/\/demistrecords.nl\/#website","url":"https:\/\/demistrecords.nl\/","name":"De Mist Records","description":"Post-rock and related music","publisher":{"@id":"https:\/\/demistrecords.nl\/#organization"},"potentialAction":[{"@type":"SearchAction","target":{"@type":"EntryPoint","urlTemplate":"https:\/\/demistrecords.nl\/?s={search_term_string}"},"query-input":{"@type":"PropertyValueSpecification","valueRequired":true,"valueName":"search_term_string"}}],"inLanguage":"de"},{"@type":"Organization","@id":"https:\/\/demistrecords.nl\/#organization","name":"De Mist Records","url":"https:\/\/demistrecords.nl\/","logo":{"@type":"ImageObject","inLanguage":"de","@id":"https:\/\/demistrecords.nl\/#\/schema\/logo\/image\/","url":"https:\/\/demistrecords.nl\/wp-content\/uploads\/2020\/12\/logo-de-mist-records-rond.png","contentUrl":"https:\/\/demistrecords.nl\/wp-content\/uploads\/2020\/12\/logo-de-mist-records-rond.png","width":500,"height":500,"caption":"De Mist Records"},"image":{"@id":"https:\/\/demistrecords.nl\/#\/schema\/logo\/image\/"},"sameAs":["https:\/\/www.facebook.com\/demistrecordsnl","https:\/\/x.com\/deathroo1","https:\/\/www.instagram.com\/demist_records\/"]}]}},"_links":{"self":[{"href":"https:\/\/demistrecords.nl\/de\/wp-json\/wp\/v2\/product\/2394","targetHints":{"allow":["GET"]}}],"collection":[{"href":"https:\/\/demistrecords.nl\/de\/wp-json\/wp\/v2\/product"}],"about":[{"href":"https:\/\/demistrecords.nl\/de\/wp-json\/wp\/v2\/types\/product"}],"replies":[{"embeddable":true,"href":"https:\/\/demistrecords.nl\/de\/wp-json\/wp\/v2\/comments?post=2394"}],"wp:featuredmedia":[{"embeddable":true,"href":"https:\/\/demistrecords.nl\/de\/wp-json\/wp\/v2\/media\/2395"}],"wp:attachment":[{"href":"https:\/\/demistrecords.nl\/de\/wp-json\/wp\/v2\/media?parent=2394"}],"wp:term":[{"taxonomy":"product_brand","embeddable":true,"href":"https:\/\/demistrecords.nl\/de\/wp-json\/wp\/v2\/product_brand?post=2394"},{"taxonomy":"product_cat","embeddable":true,"href":"https:\/\/demistrecords.nl\/de\/wp-json\/wp\/v2\/product_cat?post=2394"},{"taxonomy":"product_tag","embeddable":true,"href":"https:\/\/demistrecords.nl\/de\/wp-json\/wp\/v2\/product_tag?post=2394"}],"curies":[{"name":"wp","href":"https:\/\/api.w.org\/{rel}","templated":true}]}}