{"id":2422,"date":"2026-04-10T18:00:03","date_gmt":"2026-04-10T16:00:03","guid":{"rendered":"https:\/\/demistrecords.nl\/?post_type=product&#038;p=2422"},"modified":"2026-04-10T18:34:38","modified_gmt":"2026-04-10T16:34:38","slug":"sagor-som-leder-mot-slutet-iv","status":"publish","type":"product","link":"https:\/\/demistrecords.nl\/de\/produkt\/sagor-som-leder-mot-slutet-iv\/","title":{"rendered":"Sagor Som Leder Mot Slutet &#8211; IV"},"content":{"rendered":"<p>Die schwedischen Geschichtenerz\u00e4hler sind zur\u00fcck! Auf ihrem vierten Album \u201eIV\u201c kn\u00fcpfen Sagor Som Leder Mot Slutet nahtlos an \u201eIII\u201c an, doch die Band hat sich deutlich weiterentwickelt. Erwartet also keine Wiederholung des Vorg\u00e4ngers, sondern eine Band, die sich stetig weiterentwickelt, ohne ihren typischen Sound aufzugeben. Insgesamt ist \u201eIV\u201c d\u00fcsterer, fesselnder und noch aggressiver als seine beiden Vorg\u00e4nger.<br \/>\nDas er\u00f6ffnende Intro \u201eUrberg\u201c, gefolgt vom alles verschlingenden \u201eMagma\u201c, l\u00e4sst bereits erahnen, was den H\u00f6rer erwartet. Der darauffolgende zehnmin\u00fctige Track \u201eStr\u00e4van\u201c zieht einen von der ersten Sekunde an mit unb\u00e4ndigen thermischen Winden empor. Im Mittelteil g\u00f6nnt man sich einen Moment der Verschnaufpause, nur um dann wieder in Richtung der eisigen Berggipfel gezogen zu werden. Zur\u00fcck bleibt der atemberaubende Ausblick, gepaart mit dem unermesslich tiefen, zerkl\u00fcfteten Abgrund. Der cineastische Charakter der Band wird mit dem Einsatz von \u201eAska\u201c noch verst\u00e4rkt, denn auch hier gelingt es den Schweden, eine filmische Kulisse zu erschaffen, aus der die Bilder wie von Zauberhand vor den Augen des H\u00f6rers entstehen. Die beispiellosen und unerbittlichen Kr\u00e4fte der Erde werden musikalisch meisterhaft interpretiert. Der Track \u201eKarg\u201c k\u00f6nnte leicht eine Ode an die Doom-G\u00f6tter Black Sabbath sein, interpretiert im Stil von Sagor Som Leder Mot Slutet. Nach dem intensiven \u201eRot\u201c beschlie\u00dft die Band das Album mit \u201eDvala\u201c und g\u00f6nnt uns einen Moment der Ruhe. Aber nat\u00fcrlich haben wir das Album gleich nochmal angemacht, denn es ist unm\u00f6glich, diese Platte in einem Rutsch durchzuh\u00f6ren.<\/p>\n<p>Bitte beachten Sie: Dies ist eine Vorbestellung. Die Lieferung wird voraussichtlich im Mai 2026 erfolgen.<\/p>\n<p>Bitte beachten Sie, dass das Bild zu Illustrationszwecken ein Modell ist. Das gelieferte Album sieht etwas anders aus.<\/p>","protected":false},"excerpt":{"rendered":"<p>Das vierte Album der schwedischen Band Sagor Som Leder Mot Slutet ist d\u00fcsterer, intensiver und aggressiver als seine Vorg\u00e4nger. Als Thema w\u00e4hlte die Band die reinen, unberechenbaren und unerbittlichen Kr\u00e4fte der Erde sowie die majest\u00e4tische Erhabenheit und Unbesiegbarkeit der Berge. <\/p>\n<p>Das Album ist in 2 Versionen erh\u00e4ltlich*:<br \/>\nAska Edition &#8211; Milky smoke w\/ Black blob<br \/>\nDvala Edition &#8211; Milky smoke vortex w\/ Black\/Gold\/Copper splatter<\/p>\n<p>Bilder beider Versionen sind noch nicht verf\u00fcgbar.<\/p>","protected":false},"featured_media":2425,"comment_status":"closed","ping_status":"closed","template":"","meta":[],"product_brand":[],"product_cat":[21,24,20,15],"product_tag":[26,28],"class_list":{"0":"post-2422","1":"product","2":"type-product","3":"status-publish","4":"has-post-thumbnail","6":"product_cat-nieuw","7":"product_cat-pre-order","8":"product_cat-verwacht","9":"product_cat-vinyl-12-lp","10":"product_tag-post-metal","11":"product_tag-post-rock","13":"first","14":"instock","15":"taxable","16":"shipping-taxable","17":"purchasable","18":"product-type-variable"},"yoast_head":"<!-- This site is optimized with the Yoast SEO plugin v27.3 - https:\/\/yoast.com\/product\/yoast-seo-wordpress\/ -->\n<title>Sagor Som Leder Mot Slutet - IV<\/title>\n<meta name=\"description\" content=\"Het vierde album van Sagor Som Leder Mot Slutet uit Zweden is duisterder, donkerder en agressiever als zijn voorgangers. Als thema voor het album koos de band voor de pure, onberekenbare en onvergeeflijke krachten van de aarde, samen met de majesteitelijke grootheid en onoverwinnelijkheid van de bergen.   Het album is verkrijgbaar in 2 versies*: Aska Edition - Milky smoke w\/ Black blob Dvala Edition - Milky smoke vortex w\/ Black\/Gold\/Copper splatter  * Afbeeldingen van de beide versies zijn nog niet beschikbaar.\" \/>\n<meta name=\"robots\" content=\"index, follow, max-snippet:-1, max-image-preview:large, max-video-preview:-1\" \/>\n<link rel=\"canonical\" href=\"https:\/\/demistrecords.nl\/de\/produkt\/sagor-som-leder-mot-slutet-iv\/\" \/>\n<meta property=\"og:locale\" content=\"de_DE\" \/>\n<meta property=\"og:type\" content=\"article\" \/>\n<meta property=\"og:title\" content=\"Sagor Som Leder Mot Slutet - IV\" \/>\n<meta property=\"og:description\" content=\"Het vierde album van Sagor Som Leder Mot Slutet uit Zweden is duisterder, donkerder en agressiever als zijn voorgangers. Als thema voor het album koos de band voor de pure, onberekenbare en onvergeeflijke krachten van de aarde, samen met de majesteitelijke grootheid en onoverwinnelijkheid van de bergen.   Het album is verkrijgbaar in 2 versies*: Aska Edition - Milky smoke w\/ Black blob Dvala Edition - Milky smoke vortex w\/ Black\/Gold\/Copper splatter  * Afbeeldingen van de beide versies zijn nog niet beschikbaar.\" \/>\n<meta property=\"og:url\" content=\"https:\/\/demistrecords.nl\/de\/produkt\/sagor-som-leder-mot-slutet-iv\/\" \/>\n<meta property=\"og:site_name\" content=\"De Mist Records\" \/>\n<meta property=\"article:publisher\" content=\"https:\/\/www.facebook.com\/demistrecordsnl\" \/>\n<meta property=\"article:modified_time\" content=\"2026-04-10T16:34:38+00:00\" \/>\n<meta property=\"og:image\" content=\"https:\/\/demistrecords.nl\/wp-content\/uploads\/2026\/04\/Sagor-Som-Leder-Mot-Slutet-IV-front-cover.jpg\" \/>\n\t<meta property=\"og:image:width\" content=\"1200\" \/>\n\t<meta property=\"og:image:height\" content=\"1200\" \/>\n\t<meta property=\"og:image:type\" content=\"image\/jpeg\" \/>\n<meta name=\"twitter:card\" content=\"summary_large_image\" \/>\n<meta name=\"twitter:site\" content=\"@deathroo1\" \/>\n<meta name=\"twitter:label1\" content=\"Gesch\u00e4tzte Lesezeit\" \/>\n\t<meta name=\"twitter:data1\" content=\"2\u00a0Minuten\" \/>\n<script type=\"application\/ld+json\" class=\"yoast-schema-graph\">{\"@context\":\"https:\\\/\\\/schema.org\",\"@graph\":[{\"@type\":[\"WebPage\",\"ItemPage\"],\"@id\":\"https:\\\/\\\/demistrecords.nl\\\/product\\\/sagor-som-leder-mot-slutet-iv\\\/\",\"url\":\"https:\\\/\\\/demistrecords.nl\\\/product\\\/sagor-som-leder-mot-slutet-iv\\\/\",\"name\":\"Sagor Som Leder Mot Slutet - IV\",\"isPartOf\":{\"@id\":\"https:\\\/\\\/demistrecords.nl\\\/#website\"},\"primaryImageOfPage\":{\"@id\":\"https:\\\/\\\/demistrecords.nl\\\/product\\\/sagor-som-leder-mot-slutet-iv\\\/#primaryimage\"},\"image\":{\"@id\":\"https:\\\/\\\/demistrecords.nl\\\/product\\\/sagor-som-leder-mot-slutet-iv\\\/#primaryimage\"},\"thumbnailUrl\":\"https:\\\/\\\/demistrecords.nl\\\/wp-content\\\/uploads\\\/2026\\\/04\\\/Sagor-Som-Leder-Mot-Slutet-IV-front-cover.jpg\",\"datePublished\":\"2026-04-10T16:00:03+00:00\",\"dateModified\":\"2026-04-10T16:34:38+00:00\",\"description\":\"Het vierde album van Sagor Som Leder Mot Slutet uit Zweden is duisterder, donkerder en agressiever als zijn voorgangers. Als thema voor het album koos de band voor de pure, onberekenbare en onvergeeflijke krachten van de aarde, samen met de majesteitelijke grootheid en onoverwinnelijkheid van de bergen. Het album is verkrijgbaar in 2 versies*: Aska Edition - Milky smoke w\\\/ Black blob Dvala Edition - Milky smoke vortex w\\\/ Black\\\/Gold\\\/Copper splatter * Afbeeldingen van de beide versies zijn nog niet beschikbaar.\",\"breadcrumb\":{\"@id\":\"https:\\\/\\\/demistrecords.nl\\\/product\\\/sagor-som-leder-mot-slutet-iv\\\/#breadcrumb\"},\"inLanguage\":\"de\",\"potentialAction\":[{\"@type\":\"ReadAction\",\"target\":[\"https:\\\/\\\/demistrecords.nl\\\/product\\\/sagor-som-leder-mot-slutet-iv\\\/\"]}]},{\"@type\":\"ImageObject\",\"inLanguage\":\"de\",\"@id\":\"https:\\\/\\\/demistrecords.nl\\\/product\\\/sagor-som-leder-mot-slutet-iv\\\/#primaryimage\",\"url\":\"https:\\\/\\\/demistrecords.nl\\\/wp-content\\\/uploads\\\/2026\\\/04\\\/Sagor-Som-Leder-Mot-Slutet-IV-front-cover.jpg\",\"contentUrl\":\"https:\\\/\\\/demistrecords.nl\\\/wp-content\\\/uploads\\\/2026\\\/04\\\/Sagor-Som-Leder-Mot-Slutet-IV-front-cover.jpg\",\"width\":1200,\"height\":1200},{\"@type\":\"BreadcrumbList\",\"@id\":\"https:\\\/\\\/demistrecords.nl\\\/product\\\/sagor-som-leder-mot-slutet-iv\\\/#breadcrumb\",\"itemListElement\":[{\"@type\":\"ListItem\",\"position\":1,\"name\":\"Home\",\"item\":\"https:\\\/\\\/demistrecords.nl\\\/\"},{\"@type\":\"ListItem\",\"position\":2,\"name\":\"Shop\",\"item\":\"https:\\\/\\\/demistrecords.nl\\\/shop\\\/\"},{\"@type\":\"ListItem\",\"position\":3,\"name\":\"Sagor Som Leder Mot Slutet &#8211; IV\"}]},{\"@type\":\"WebSite\",\"@id\":\"https:\\\/\\\/demistrecords.nl\\\/#website\",\"url\":\"https:\\\/\\\/demistrecords.nl\\\/\",\"name\":\"De Mist Records\",\"description\":\"Post-rock and related music\",\"publisher\":{\"@id\":\"https:\\\/\\\/demistrecords.nl\\\/#organization\"},\"potentialAction\":[{\"@type\":\"SearchAction\",\"target\":{\"@type\":\"EntryPoint\",\"urlTemplate\":\"https:\\\/\\\/demistrecords.nl\\\/?s={search_term_string}\"},\"query-input\":{\"@type\":\"PropertyValueSpecification\",\"valueRequired\":true,\"valueName\":\"search_term_string\"}}],\"inLanguage\":\"de\"},{\"@type\":\"Organization\",\"@id\":\"https:\\\/\\\/demistrecords.nl\\\/#organization\",\"name\":\"De Mist Records\",\"url\":\"https:\\\/\\\/demistrecords.nl\\\/\",\"logo\":{\"@type\":\"ImageObject\",\"inLanguage\":\"de\",\"@id\":\"https:\\\/\\\/demistrecords.nl\\\/#\\\/schema\\\/logo\\\/image\\\/\",\"url\":\"https:\\\/\\\/demistrecords.nl\\\/wp-content\\\/uploads\\\/2020\\\/12\\\/logo-de-mist-records-rond.png\",\"contentUrl\":\"https:\\\/\\\/demistrecords.nl\\\/wp-content\\\/uploads\\\/2020\\\/12\\\/logo-de-mist-records-rond.png\",\"width\":500,\"height\":500,\"caption\":\"De Mist Records\"},\"image\":{\"@id\":\"https:\\\/\\\/demistrecords.nl\\\/#\\\/schema\\\/logo\\\/image\\\/\"},\"sameAs\":[\"https:\\\/\\\/www.facebook.com\\\/demistrecordsnl\",\"https:\\\/\\\/x.com\\\/deathroo1\",\"https:\\\/\\\/www.instagram.com\\\/demist_records\\\/\"]}]}<\/script>\n<!-- \/ Yoast SEO plugin. -->","yoast_head_json":{"title":"Sagor Som Leder Mot Slutet - IV","description":"Het vierde album van Sagor Som Leder Mot Slutet uit Zweden is duisterder, donkerder en agressiever als zijn voorgangers. Als thema voor het album koos de band voor de pure, onberekenbare en onvergeeflijke krachten van de aarde, samen met de majesteitelijke grootheid en onoverwinnelijkheid van de bergen.   Het album is verkrijgbaar in 2 versies*: Aska Edition - Milky smoke w\/ Black blob Dvala Edition - Milky smoke vortex w\/ Black\/Gold\/Copper splatter  * Afbeeldingen van de beide versies zijn nog niet beschikbaar.","robots":{"index":"index","follow":"follow","max-snippet":"max-snippet:-1","max-image-preview":"max-image-preview:large","max-video-preview":"max-video-preview:-1"},"canonical":"https:\/\/demistrecords.nl\/de\/produkt\/sagor-som-leder-mot-slutet-iv\/","og_locale":"de_DE","og_type":"article","og_title":"Sagor Som Leder Mot Slutet - IV","og_description":"Het vierde album van Sagor Som Leder Mot Slutet uit Zweden is duisterder, donkerder en agressiever als zijn voorgangers. Als thema voor het album koos de band voor de pure, onberekenbare en onvergeeflijke krachten van de aarde, samen met de majesteitelijke grootheid en onoverwinnelijkheid van de bergen.   Het album is verkrijgbaar in 2 versies*: Aska Edition - Milky smoke w\/ Black blob Dvala Edition - Milky smoke vortex w\/ Black\/Gold\/Copper splatter  * Afbeeldingen van de beide versies zijn nog niet beschikbaar.","og_url":"https:\/\/demistrecords.nl\/de\/produkt\/sagor-som-leder-mot-slutet-iv\/","og_site_name":"De Mist Records","article_publisher":"https:\/\/www.facebook.com\/demistrecordsnl","article_modified_time":"2026-04-10T16:34:38+00:00","og_image":[{"width":1200,"height":1200,"url":"https:\/\/demistrecords.nl\/wp-content\/uploads\/2026\/04\/Sagor-Som-Leder-Mot-Slutet-IV-front-cover.jpg","type":"image\/jpeg"}],"twitter_card":"summary_large_image","twitter_site":"@deathroo1","twitter_misc":{"Gesch\u00e4tzte Lesezeit":"2\u00a0Minuten"},"schema":{"@context":"https:\/\/schema.org","@graph":[{"@type":["WebPage","ItemPage"],"@id":"https:\/\/demistrecords.nl\/product\/sagor-som-leder-mot-slutet-iv\/","url":"https:\/\/demistrecords.nl\/product\/sagor-som-leder-mot-slutet-iv\/","name":"Sagor Som Leder Mot Slutet - IV","isPartOf":{"@id":"https:\/\/demistrecords.nl\/#website"},"primaryImageOfPage":{"@id":"https:\/\/demistrecords.nl\/product\/sagor-som-leder-mot-slutet-iv\/#primaryimage"},"image":{"@id":"https:\/\/demistrecords.nl\/product\/sagor-som-leder-mot-slutet-iv\/#primaryimage"},"thumbnailUrl":"https:\/\/demistrecords.nl\/wp-content\/uploads\/2026\/04\/Sagor-Som-Leder-Mot-Slutet-IV-front-cover.jpg","datePublished":"2026-04-10T16:00:03+00:00","dateModified":"2026-04-10T16:34:38+00:00","description":"Het vierde album van Sagor Som Leder Mot Slutet uit Zweden is duisterder, donkerder en agressiever als zijn voorgangers. Als thema voor het album koos de band voor de pure, onberekenbare en onvergeeflijke krachten van de aarde, samen met de majesteitelijke grootheid en onoverwinnelijkheid van de bergen. Het album is verkrijgbaar in 2 versies*: Aska Edition - Milky smoke w\/ Black blob Dvala Edition - Milky smoke vortex w\/ Black\/Gold\/Copper splatter * Afbeeldingen van de beide versies zijn nog niet beschikbaar.","breadcrumb":{"@id":"https:\/\/demistrecords.nl\/product\/sagor-som-leder-mot-slutet-iv\/#breadcrumb"},"inLanguage":"de","potentialAction":[{"@type":"ReadAction","target":["https:\/\/demistrecords.nl\/product\/sagor-som-leder-mot-slutet-iv\/"]}]},{"@type":"ImageObject","inLanguage":"de","@id":"https:\/\/demistrecords.nl\/product\/sagor-som-leder-mot-slutet-iv\/#primaryimage","url":"https:\/\/demistrecords.nl\/wp-content\/uploads\/2026\/04\/Sagor-Som-Leder-Mot-Slutet-IV-front-cover.jpg","contentUrl":"https:\/\/demistrecords.nl\/wp-content\/uploads\/2026\/04\/Sagor-Som-Leder-Mot-Slutet-IV-front-cover.jpg","width":1200,"height":1200},{"@type":"BreadcrumbList","@id":"https:\/\/demistrecords.nl\/product\/sagor-som-leder-mot-slutet-iv\/#breadcrumb","itemListElement":[{"@type":"ListItem","position":1,"name":"Home","item":"https:\/\/demistrecords.nl\/"},{"@type":"ListItem","position":2,"name":"Shop","item":"https:\/\/demistrecords.nl\/shop\/"},{"@type":"ListItem","position":3,"name":"Sagor Som Leder Mot Slutet &#8211; IV"}]},{"@type":"WebSite","@id":"https:\/\/demistrecords.nl\/#website","url":"https:\/\/demistrecords.nl\/","name":"De Mist Records","description":"Post-rock and related music","publisher":{"@id":"https:\/\/demistrecords.nl\/#organization"},"potentialAction":[{"@type":"SearchAction","target":{"@type":"EntryPoint","urlTemplate":"https:\/\/demistrecords.nl\/?s={search_term_string}"},"query-input":{"@type":"PropertyValueSpecification","valueRequired":true,"valueName":"search_term_string"}}],"inLanguage":"de"},{"@type":"Organization","@id":"https:\/\/demistrecords.nl\/#organization","name":"De Mist Records","url":"https:\/\/demistrecords.nl\/","logo":{"@type":"ImageObject","inLanguage":"de","@id":"https:\/\/demistrecords.nl\/#\/schema\/logo\/image\/","url":"https:\/\/demistrecords.nl\/wp-content\/uploads\/2020\/12\/logo-de-mist-records-rond.png","contentUrl":"https:\/\/demistrecords.nl\/wp-content\/uploads\/2020\/12\/logo-de-mist-records-rond.png","width":500,"height":500,"caption":"De Mist Records"},"image":{"@id":"https:\/\/demistrecords.nl\/#\/schema\/logo\/image\/"},"sameAs":["https:\/\/www.facebook.com\/demistrecordsnl","https:\/\/x.com\/deathroo1","https:\/\/www.instagram.com\/demist_records\/"]}]}},"_links":{"self":[{"href":"https:\/\/demistrecords.nl\/de\/wp-json\/wp\/v2\/product\/2422","targetHints":{"allow":["GET"]}}],"collection":[{"href":"https:\/\/demistrecords.nl\/de\/wp-json\/wp\/v2\/product"}],"about":[{"href":"https:\/\/demistrecords.nl\/de\/wp-json\/wp\/v2\/types\/product"}],"replies":[{"embeddable":true,"href":"https:\/\/demistrecords.nl\/de\/wp-json\/wp\/v2\/comments?post=2422"}],"wp:featuredmedia":[{"embeddable":true,"href":"https:\/\/demistrecords.nl\/de\/wp-json\/wp\/v2\/media\/2425"}],"wp:attachment":[{"href":"https:\/\/demistrecords.nl\/de\/wp-json\/wp\/v2\/media?parent=2422"}],"wp:term":[{"taxonomy":"product_brand","embeddable":true,"href":"https:\/\/demistrecords.nl\/de\/wp-json\/wp\/v2\/product_brand?post=2422"},{"taxonomy":"product_cat","embeddable":true,"href":"https:\/\/demistrecords.nl\/de\/wp-json\/wp\/v2\/product_cat?post=2422"},{"taxonomy":"product_tag","embeddable":true,"href":"https:\/\/demistrecords.nl\/de\/wp-json\/wp\/v2\/product_tag?post=2422"}],"curies":[{"name":"wp","href":"https:\/\/api.w.org\/{rel}","templated":true}]}}