{"id":2431,"date":"2026-04-10T18:00:59","date_gmt":"2026-04-10T16:00:59","guid":{"rendered":"https:\/\/demistrecords.nl\/?post_type=product&#038;p=2431"},"modified":"2026-04-10T17:58:28","modified_gmt":"2026-04-10T15:58:28","slug":"sagor-som-leder-mot-slutet-ii-re-release","status":"publish","type":"product","link":"https:\/\/demistrecords.nl\/de\/produkt\/sagor-som-leder-mot-slutet-ii-re-release\/","title":{"rendered":"Sagor Som Leder Mot Slutet &#8211; II (re-release)"},"content":{"rendered":"<p>Das Nachfolgealbum \u201eII\u201c handelt von der Erkundung der entlegensten Winkel und Tiefen der Welt. Inspiriert vom Meer, besticht es durch ebenso eindringliche wie wundersch\u00f6ne Violinenkl\u00e4nge, gespielt von Wojtek Mileros, Konzertmeister der Malm\u00f6er Oper. Das Album, gemischt und gemastert von Magnus Lindberg (Cult of Luna) und 2018 im legend\u00e4ren Studio Gr\u00f6ndahl aufgenommen, hat die Dynamik der melancholischen und zugleich wundersch\u00f6nen skandinavischen Klanglandschaft deutlich verst\u00e4rkt.<\/p>","protected":false},"excerpt":{"rendered":"<p>Blue Marble vinyl <\/p>\n<p>Augepasst! Dies ist eine Vorbestellung. Die Lieferung wird voraussichtlich Ende April 2026 erfolgen.<\/p>\n<p>Bitte beachten Sie, dass das Bild zu Illustrationszwecken ein Modell ist. Das gelieferte Album sieht etwas anders aus.<\/p>","protected":false},"featured_media":2432,"comment_status":"closed","ping_status":"closed","template":"","meta":[],"product_brand":[],"product_cat":[21,24,20,15],"product_tag":[26,28],"class_list":{"0":"post-2431","1":"product","2":"type-product","3":"status-publish","4":"has-post-thumbnail","6":"product_cat-nieuw","7":"product_cat-pre-order","8":"product_cat-verwacht","9":"product_cat-vinyl-12-lp","10":"product_tag-post-metal","11":"product_tag-post-rock","13":"first","14":"instock","15":"taxable","16":"shipping-taxable","17":"purchasable","18":"product-type-simple"},"yoast_head":"<!-- This site is optimized with the Yoast SEO plugin v27.3 - https:\/\/yoast.com\/product\/yoast-seo-wordpress\/ -->\n<title>Sagor Som Leder Mot Slutet - II (re-release)<\/title>\n<meta name=\"description\" content=\"Blue Marble vinyl   Let op! Dit is een pre-order. Levering wordt verwacht eind april 2026.  ** Let op, de afbeelding is een mockup ter illustratie, het geleverde album zal er iets anders uit zien\" \/>\n<meta name=\"robots\" content=\"index, follow, max-snippet:-1, max-image-preview:large, max-video-preview:-1\" \/>\n<link rel=\"canonical\" href=\"https:\/\/demistrecords.nl\/de\/produkt\/sagor-som-leder-mot-slutet-ii-re-release\/\" \/>\n<meta property=\"og:locale\" content=\"de_DE\" \/>\n<meta property=\"og:type\" content=\"article\" \/>\n<meta property=\"og:title\" content=\"Sagor Som Leder Mot Slutet - II (re-release)\" \/>\n<meta property=\"og:description\" content=\"Blue Marble vinyl   Let op! Dit is een pre-order. Levering wordt verwacht eind april 2026.  ** Let op, de afbeelding is een mockup ter illustratie, het geleverde album zal er iets anders uit zien\" \/>\n<meta property=\"og:url\" content=\"https:\/\/demistrecords.nl\/de\/produkt\/sagor-som-leder-mot-slutet-ii-re-release\/\" \/>\n<meta property=\"og:site_name\" content=\"De Mist Records\" \/>\n<meta property=\"article:publisher\" content=\"https:\/\/www.facebook.com\/demistrecordsnl\" \/>\n<meta property=\"og:image\" content=\"https:\/\/demistrecords.nl\/wp-content\/uploads\/2026\/04\/Sagor-Som-Leder-Mot-Slutet-II-rerelease.jpg\" \/>\n\t<meta property=\"og:image:width\" content=\"1200\" \/>\n\t<meta property=\"og:image:height\" content=\"1200\" \/>\n\t<meta property=\"og:image:type\" content=\"image\/jpeg\" \/>\n<meta name=\"twitter:card\" content=\"summary_large_image\" \/>\n<meta name=\"twitter:site\" content=\"@deathroo1\" \/>\n<meta name=\"twitter:label1\" content=\"Gesch\u00e4tzte Lesezeit\" \/>\n\t<meta name=\"twitter:data1\" content=\"1\u00a0Minute\" \/>\n<script type=\"application\/ld+json\" class=\"yoast-schema-graph\">{\"@context\":\"https:\\\/\\\/schema.org\",\"@graph\":[{\"@type\":[\"WebPage\",\"ItemPage\"],\"@id\":\"https:\\\/\\\/demistrecords.nl\\\/product\\\/sagor-som-leder-mot-slutet-ii-re-release\\\/\",\"url\":\"https:\\\/\\\/demistrecords.nl\\\/product\\\/sagor-som-leder-mot-slutet-ii-re-release\\\/\",\"name\":\"Sagor Som Leder Mot Slutet - II (re-release)\",\"isPartOf\":{\"@id\":\"https:\\\/\\\/demistrecords.nl\\\/#website\"},\"primaryImageOfPage\":{\"@id\":\"https:\\\/\\\/demistrecords.nl\\\/product\\\/sagor-som-leder-mot-slutet-ii-re-release\\\/#primaryimage\"},\"image\":{\"@id\":\"https:\\\/\\\/demistrecords.nl\\\/product\\\/sagor-som-leder-mot-slutet-ii-re-release\\\/#primaryimage\"},\"thumbnailUrl\":\"https:\\\/\\\/demistrecords.nl\\\/wp-content\\\/uploads\\\/2026\\\/04\\\/Sagor-Som-Leder-Mot-Slutet-II-rerelease.jpg\",\"datePublished\":\"2026-04-10T16:00:59+00:00\",\"description\":\"Blue Marble vinyl Let op! Dit is een pre-order. Levering wordt verwacht eind april 2026. ** Let op, de afbeelding is een mockup ter illustratie, het geleverde album zal er iets anders uit zien\",\"breadcrumb\":{\"@id\":\"https:\\\/\\\/demistrecords.nl\\\/product\\\/sagor-som-leder-mot-slutet-ii-re-release\\\/#breadcrumb\"},\"inLanguage\":\"de\",\"potentialAction\":[{\"@type\":\"ReadAction\",\"target\":[\"https:\\\/\\\/demistrecords.nl\\\/product\\\/sagor-som-leder-mot-slutet-ii-re-release\\\/\"]}]},{\"@type\":\"ImageObject\",\"inLanguage\":\"de\",\"@id\":\"https:\\\/\\\/demistrecords.nl\\\/product\\\/sagor-som-leder-mot-slutet-ii-re-release\\\/#primaryimage\",\"url\":\"https:\\\/\\\/demistrecords.nl\\\/wp-content\\\/uploads\\\/2026\\\/04\\\/Sagor-Som-Leder-Mot-Slutet-II-rerelease.jpg\",\"contentUrl\":\"https:\\\/\\\/demistrecords.nl\\\/wp-content\\\/uploads\\\/2026\\\/04\\\/Sagor-Som-Leder-Mot-Slutet-II-rerelease.jpg\",\"width\":1200,\"height\":1200},{\"@type\":\"BreadcrumbList\",\"@id\":\"https:\\\/\\\/demistrecords.nl\\\/product\\\/sagor-som-leder-mot-slutet-ii-re-release\\\/#breadcrumb\",\"itemListElement\":[{\"@type\":\"ListItem\",\"position\":1,\"name\":\"Home\",\"item\":\"https:\\\/\\\/demistrecords.nl\\\/\"},{\"@type\":\"ListItem\",\"position\":2,\"name\":\"Shop\",\"item\":\"https:\\\/\\\/demistrecords.nl\\\/shop\\\/\"},{\"@type\":\"ListItem\",\"position\":3,\"name\":\"Sagor Som Leder Mot Slutet &#8211; II (re-release)\"}]},{\"@type\":\"WebSite\",\"@id\":\"https:\\\/\\\/demistrecords.nl\\\/#website\",\"url\":\"https:\\\/\\\/demistrecords.nl\\\/\",\"name\":\"De Mist Records\",\"description\":\"Post-rock and related music\",\"publisher\":{\"@id\":\"https:\\\/\\\/demistrecords.nl\\\/#organization\"},\"potentialAction\":[{\"@type\":\"SearchAction\",\"target\":{\"@type\":\"EntryPoint\",\"urlTemplate\":\"https:\\\/\\\/demistrecords.nl\\\/?s={search_term_string}\"},\"query-input\":{\"@type\":\"PropertyValueSpecification\",\"valueRequired\":true,\"valueName\":\"search_term_string\"}}],\"inLanguage\":\"de\"},{\"@type\":\"Organization\",\"@id\":\"https:\\\/\\\/demistrecords.nl\\\/#organization\",\"name\":\"De Mist Records\",\"url\":\"https:\\\/\\\/demistrecords.nl\\\/\",\"logo\":{\"@type\":\"ImageObject\",\"inLanguage\":\"de\",\"@id\":\"https:\\\/\\\/demistrecords.nl\\\/#\\\/schema\\\/logo\\\/image\\\/\",\"url\":\"https:\\\/\\\/demistrecords.nl\\\/wp-content\\\/uploads\\\/2020\\\/12\\\/logo-de-mist-records-rond.png\",\"contentUrl\":\"https:\\\/\\\/demistrecords.nl\\\/wp-content\\\/uploads\\\/2020\\\/12\\\/logo-de-mist-records-rond.png\",\"width\":500,\"height\":500,\"caption\":\"De Mist Records\"},\"image\":{\"@id\":\"https:\\\/\\\/demistrecords.nl\\\/#\\\/schema\\\/logo\\\/image\\\/\"},\"sameAs\":[\"https:\\\/\\\/www.facebook.com\\\/demistrecordsnl\",\"https:\\\/\\\/x.com\\\/deathroo1\",\"https:\\\/\\\/www.instagram.com\\\/demist_records\\\/\"]}]}<\/script>\n<!-- \/ Yoast SEO plugin. -->","yoast_head_json":{"title":"Sagor Som Leder Mot Slutet - II (re-release)","description":"Blue Marble vinyl   Let op! Dit is een pre-order. Levering wordt verwacht eind april 2026.  ** Let op, de afbeelding is een mockup ter illustratie, het geleverde album zal er iets anders uit zien","robots":{"index":"index","follow":"follow","max-snippet":"max-snippet:-1","max-image-preview":"max-image-preview:large","max-video-preview":"max-video-preview:-1"},"canonical":"https:\/\/demistrecords.nl\/de\/produkt\/sagor-som-leder-mot-slutet-ii-re-release\/","og_locale":"de_DE","og_type":"article","og_title":"Sagor Som Leder Mot Slutet - II (re-release)","og_description":"Blue Marble vinyl   Let op! Dit is een pre-order. Levering wordt verwacht eind april 2026.  ** Let op, de afbeelding is een mockup ter illustratie, het geleverde album zal er iets anders uit zien","og_url":"https:\/\/demistrecords.nl\/de\/produkt\/sagor-som-leder-mot-slutet-ii-re-release\/","og_site_name":"De Mist Records","article_publisher":"https:\/\/www.facebook.com\/demistrecordsnl","og_image":[{"width":1200,"height":1200,"url":"https:\/\/demistrecords.nl\/wp-content\/uploads\/2026\/04\/Sagor-Som-Leder-Mot-Slutet-II-rerelease.jpg","type":"image\/jpeg"}],"twitter_card":"summary_large_image","twitter_site":"@deathroo1","twitter_misc":{"Gesch\u00e4tzte Lesezeit":"1\u00a0Minute"},"schema":{"@context":"https:\/\/schema.org","@graph":[{"@type":["WebPage","ItemPage"],"@id":"https:\/\/demistrecords.nl\/product\/sagor-som-leder-mot-slutet-ii-re-release\/","url":"https:\/\/demistrecords.nl\/product\/sagor-som-leder-mot-slutet-ii-re-release\/","name":"Sagor Som Leder Mot Slutet - II (re-release)","isPartOf":{"@id":"https:\/\/demistrecords.nl\/#website"},"primaryImageOfPage":{"@id":"https:\/\/demistrecords.nl\/product\/sagor-som-leder-mot-slutet-ii-re-release\/#primaryimage"},"image":{"@id":"https:\/\/demistrecords.nl\/product\/sagor-som-leder-mot-slutet-ii-re-release\/#primaryimage"},"thumbnailUrl":"https:\/\/demistrecords.nl\/wp-content\/uploads\/2026\/04\/Sagor-Som-Leder-Mot-Slutet-II-rerelease.jpg","datePublished":"2026-04-10T16:00:59+00:00","description":"Blue Marble vinyl Let op! Dit is een pre-order. Levering wordt verwacht eind april 2026. ** Let op, de afbeelding is een mockup ter illustratie, het geleverde album zal er iets anders uit zien","breadcrumb":{"@id":"https:\/\/demistrecords.nl\/product\/sagor-som-leder-mot-slutet-ii-re-release\/#breadcrumb"},"inLanguage":"de","potentialAction":[{"@type":"ReadAction","target":["https:\/\/demistrecords.nl\/product\/sagor-som-leder-mot-slutet-ii-re-release\/"]}]},{"@type":"ImageObject","inLanguage":"de","@id":"https:\/\/demistrecords.nl\/product\/sagor-som-leder-mot-slutet-ii-re-release\/#primaryimage","url":"https:\/\/demistrecords.nl\/wp-content\/uploads\/2026\/04\/Sagor-Som-Leder-Mot-Slutet-II-rerelease.jpg","contentUrl":"https:\/\/demistrecords.nl\/wp-content\/uploads\/2026\/04\/Sagor-Som-Leder-Mot-Slutet-II-rerelease.jpg","width":1200,"height":1200},{"@type":"BreadcrumbList","@id":"https:\/\/demistrecords.nl\/product\/sagor-som-leder-mot-slutet-ii-re-release\/#breadcrumb","itemListElement":[{"@type":"ListItem","position":1,"name":"Home","item":"https:\/\/demistrecords.nl\/"},{"@type":"ListItem","position":2,"name":"Shop","item":"https:\/\/demistrecords.nl\/shop\/"},{"@type":"ListItem","position":3,"name":"Sagor Som Leder Mot Slutet &#8211; II (re-release)"}]},{"@type":"WebSite","@id":"https:\/\/demistrecords.nl\/#website","url":"https:\/\/demistrecords.nl\/","name":"De Mist Records","description":"Post-rock and related music","publisher":{"@id":"https:\/\/demistrecords.nl\/#organization"},"potentialAction":[{"@type":"SearchAction","target":{"@type":"EntryPoint","urlTemplate":"https:\/\/demistrecords.nl\/?s={search_term_string}"},"query-input":{"@type":"PropertyValueSpecification","valueRequired":true,"valueName":"search_term_string"}}],"inLanguage":"de"},{"@type":"Organization","@id":"https:\/\/demistrecords.nl\/#organization","name":"De Mist Records","url":"https:\/\/demistrecords.nl\/","logo":{"@type":"ImageObject","inLanguage":"de","@id":"https:\/\/demistrecords.nl\/#\/schema\/logo\/image\/","url":"https:\/\/demistrecords.nl\/wp-content\/uploads\/2020\/12\/logo-de-mist-records-rond.png","contentUrl":"https:\/\/demistrecords.nl\/wp-content\/uploads\/2020\/12\/logo-de-mist-records-rond.png","width":500,"height":500,"caption":"De Mist Records"},"image":{"@id":"https:\/\/demistrecords.nl\/#\/schema\/logo\/image\/"},"sameAs":["https:\/\/www.facebook.com\/demistrecordsnl","https:\/\/x.com\/deathroo1","https:\/\/www.instagram.com\/demist_records\/"]}]}},"_links":{"self":[{"href":"https:\/\/demistrecords.nl\/de\/wp-json\/wp\/v2\/product\/2431","targetHints":{"allow":["GET"]}}],"collection":[{"href":"https:\/\/demistrecords.nl\/de\/wp-json\/wp\/v2\/product"}],"about":[{"href":"https:\/\/demistrecords.nl\/de\/wp-json\/wp\/v2\/types\/product"}],"replies":[{"embeddable":true,"href":"https:\/\/demistrecords.nl\/de\/wp-json\/wp\/v2\/comments?post=2431"}],"wp:featuredmedia":[{"embeddable":true,"href":"https:\/\/demistrecords.nl\/de\/wp-json\/wp\/v2\/media\/2432"}],"wp:attachment":[{"href":"https:\/\/demistrecords.nl\/de\/wp-json\/wp\/v2\/media?parent=2431"}],"wp:term":[{"taxonomy":"product_brand","embeddable":true,"href":"https:\/\/demistrecords.nl\/de\/wp-json\/wp\/v2\/product_brand?post=2431"},{"taxonomy":"product_cat","embeddable":true,"href":"https:\/\/demistrecords.nl\/de\/wp-json\/wp\/v2\/product_cat?post=2431"},{"taxonomy":"product_tag","embeddable":true,"href":"https:\/\/demistrecords.nl\/de\/wp-json\/wp\/v2\/product_tag?post=2431"}],"curies":[{"name":"wp","href":"https:\/\/api.w.org\/{rel}","templated":true}]}}