{"id":256,"date":"2020-12-27T16:45:52","date_gmt":"2020-12-27T15:45:52","guid":{"rendered":"https:\/\/demistrecords.nl\/?post_type=product&#038;p=256"},"modified":"2021-11-22T18:53:03","modified_gmt":"2021-11-22T17:53:03","slug":"alpha-du-centaure-paralysis","status":"publish","type":"product","link":"https:\/\/demistrecords.nl\/de\/produkt\/alpha-du-centaure-paralysis\/","title":{"rendered":"Alpha Du Centaure &#8211; Paralysis"},"content":{"rendered":"<p><iframe style=\"border: 0; width: 100%; height: 42px;\" src=\"https:\/\/bandcamp.com\/EmbeddedPlayer\/album=3629119823\/size=small\/bgcol=333333\/linkcol=0f91ff\/transparent=true\/\" seamless=\"\"><a href=\"https:\/\/alphaducentaure.bandcamp.com\/album\/paralysis\">Paralysis by Alpha du Centaure<\/a><\/iframe><\/p>","protected":false},"excerpt":{"rendered":"<p>Limitierte Auflage von 160 St\u00fcck weltweit.<\/p>\n<p>Fans der etwas h\u00e4rteren Musik sollten diese Ver\u00f6ffentlichung unbedingt \u00fcberpr\u00fcfen. Der Vierer aus Lyon zeigt eine feine Instrumentalmischung zwischen Post-Rock, Shoegaze und Black Metal auf Paralysis. Roh, Delikatesse und Melancholie gehen auf diesem Album Hand in Hand. Sehr empfehlenswert f\u00fcr diejenigen, die etwas mehr Tiefe in ihrer Musik suchen.<\/p>","protected":false},"featured_media":257,"comment_status":"closed","ping_status":"closed","template":"","meta":[],"product_brand":[],"product_cat":[15],"product_tag":[27,26],"class_list":{"0":"post-256","1":"product","2":"type-product","3":"status-publish","4":"has-post-thumbnail","6":"product_cat-vinyl-12-lp","7":"product_tag-post-black-metal","8":"product_tag-post-metal","10":"first","11":"outofstock","12":"taxable","13":"shipping-taxable","14":"purchasable","15":"product-type-simple"},"yoast_head":"<!-- This site is optimized with the Yoast SEO plugin v27.3 - https:\/\/yoast.com\/product\/yoast-seo-wordpress\/ -->\n<title>Alpha Du Centaure - Paralysis<\/title>\n<meta name=\"description\" content=\"Gelimiteerde oplage van 160 stuks wereldwijd.  Liefhebbers van het wat stevigere werk zouden deze release zeker moeten checken. Het viertal uit Lyon laat op Paralysis een fijne instrumentale mix horen tussen post-rock, shoegaze en black-metal. Rauw, fijnheid en melancholie gaan hand in hand op dit album. Een aanrader voor degene die iets meer diepgang zoekt in zijn muziek.\" \/>\n<meta name=\"robots\" content=\"index, follow, max-snippet:-1, max-image-preview:large, max-video-preview:-1\" \/>\n<link rel=\"canonical\" href=\"https:\/\/demistrecords.nl\/de\/produkt\/alpha-du-centaure-paralysis\/\" \/>\n<meta property=\"og:locale\" content=\"de_DE\" \/>\n<meta property=\"og:type\" content=\"article\" \/>\n<meta property=\"og:title\" content=\"Alpha Du Centaure - Paralysis\" \/>\n<meta property=\"og:description\" content=\"Gelimiteerde oplage van 160 stuks wereldwijd.  Liefhebbers van het wat stevigere werk zouden deze release zeker moeten checken. Het viertal uit Lyon laat op Paralysis een fijne instrumentale mix horen tussen post-rock, shoegaze en black-metal. Rauw, fijnheid en melancholie gaan hand in hand op dit album. Een aanrader voor degene die iets meer diepgang zoekt in zijn muziek.\" \/>\n<meta property=\"og:url\" content=\"https:\/\/demistrecords.nl\/de\/produkt\/alpha-du-centaure-paralysis\/\" \/>\n<meta property=\"og:site_name\" content=\"De Mist Records\" \/>\n<meta property=\"article:publisher\" content=\"https:\/\/www.facebook.com\/demistrecordsnl\" \/>\n<meta property=\"article:modified_time\" content=\"2021-11-22T17:53:03+00:00\" \/>\n<meta property=\"og:image\" content=\"https:\/\/demistrecords.nl\/wp-content\/uploads\/2020\/12\/Alpha-Du-Centaure-Paralysis.jpg\" \/>\n\t<meta property=\"og:image:width\" content=\"1944\" \/>\n\t<meta property=\"og:image:height\" content=\"1944\" \/>\n\t<meta property=\"og:image:type\" content=\"image\/jpeg\" \/>\n<meta name=\"twitter:card\" content=\"summary_large_image\" \/>\n<meta name=\"twitter:site\" content=\"@deathroo1\" \/>\n<script type=\"application\/ld+json\" class=\"yoast-schema-graph\">{\"@context\":\"https:\\\/\\\/schema.org\",\"@graph\":[{\"@type\":[\"WebPage\",\"ItemPage\"],\"@id\":\"https:\\\/\\\/demistrecords.nl\\\/product\\\/alpha-du-centaure-paralysis\\\/\",\"url\":\"https:\\\/\\\/demistrecords.nl\\\/product\\\/alpha-du-centaure-paralysis\\\/\",\"name\":\"Alpha Du Centaure - Paralysis\",\"isPartOf\":{\"@id\":\"https:\\\/\\\/demistrecords.nl\\\/#website\"},\"primaryImageOfPage\":{\"@id\":\"https:\\\/\\\/demistrecords.nl\\\/product\\\/alpha-du-centaure-paralysis\\\/#primaryimage\"},\"image\":{\"@id\":\"https:\\\/\\\/demistrecords.nl\\\/product\\\/alpha-du-centaure-paralysis\\\/#primaryimage\"},\"thumbnailUrl\":\"https:\\\/\\\/demistrecords.nl\\\/wp-content\\\/uploads\\\/2020\\\/12\\\/Alpha-Du-Centaure-Paralysis.jpg\",\"datePublished\":\"2020-12-27T15:45:52+00:00\",\"dateModified\":\"2021-11-22T17:53:03+00:00\",\"description\":\"Gelimiteerde oplage van 160 stuks wereldwijd. Liefhebbers van het wat stevigere werk zouden deze release zeker moeten checken. Het viertal uit Lyon laat op Paralysis een fijne instrumentale mix horen tussen post-rock, shoegaze en black-metal. Rauw, fijnheid en melancholie gaan hand in hand op dit album. Een aanrader voor degene die iets meer diepgang zoekt in zijn muziek.\",\"breadcrumb\":{\"@id\":\"https:\\\/\\\/demistrecords.nl\\\/product\\\/alpha-du-centaure-paralysis\\\/#breadcrumb\"},\"inLanguage\":\"de\",\"potentialAction\":[{\"@type\":\"ReadAction\",\"target\":[\"https:\\\/\\\/demistrecords.nl\\\/product\\\/alpha-du-centaure-paralysis\\\/\"]}]},{\"@type\":\"ImageObject\",\"inLanguage\":\"de\",\"@id\":\"https:\\\/\\\/demistrecords.nl\\\/product\\\/alpha-du-centaure-paralysis\\\/#primaryimage\",\"url\":\"https:\\\/\\\/demistrecords.nl\\\/wp-content\\\/uploads\\\/2020\\\/12\\\/Alpha-Du-Centaure-Paralysis.jpg\",\"contentUrl\":\"https:\\\/\\\/demistrecords.nl\\\/wp-content\\\/uploads\\\/2020\\\/12\\\/Alpha-Du-Centaure-Paralysis.jpg\",\"width\":1944,\"height\":1944},{\"@type\":\"BreadcrumbList\",\"@id\":\"https:\\\/\\\/demistrecords.nl\\\/product\\\/alpha-du-centaure-paralysis\\\/#breadcrumb\",\"itemListElement\":[{\"@type\":\"ListItem\",\"position\":1,\"name\":\"Home\",\"item\":\"https:\\\/\\\/demistrecords.nl\\\/\"},{\"@type\":\"ListItem\",\"position\":2,\"name\":\"Shop\",\"item\":\"https:\\\/\\\/demistrecords.nl\\\/shop\\\/\"},{\"@type\":\"ListItem\",\"position\":3,\"name\":\"Alpha Du Centaure &#8211; Paralysis\"}]},{\"@type\":\"WebSite\",\"@id\":\"https:\\\/\\\/demistrecords.nl\\\/#website\",\"url\":\"https:\\\/\\\/demistrecords.nl\\\/\",\"name\":\"De Mist Records\",\"description\":\"Post-rock and related music\",\"publisher\":{\"@id\":\"https:\\\/\\\/demistrecords.nl\\\/#organization\"},\"potentialAction\":[{\"@type\":\"SearchAction\",\"target\":{\"@type\":\"EntryPoint\",\"urlTemplate\":\"https:\\\/\\\/demistrecords.nl\\\/?s={search_term_string}\"},\"query-input\":{\"@type\":\"PropertyValueSpecification\",\"valueRequired\":true,\"valueName\":\"search_term_string\"}}],\"inLanguage\":\"de\"},{\"@type\":\"Organization\",\"@id\":\"https:\\\/\\\/demistrecords.nl\\\/#organization\",\"name\":\"De Mist Records\",\"url\":\"https:\\\/\\\/demistrecords.nl\\\/\",\"logo\":{\"@type\":\"ImageObject\",\"inLanguage\":\"de\",\"@id\":\"https:\\\/\\\/demistrecords.nl\\\/#\\\/schema\\\/logo\\\/image\\\/\",\"url\":\"https:\\\/\\\/demistrecords.nl\\\/wp-content\\\/uploads\\\/2020\\\/12\\\/logo-de-mist-records-rond.png\",\"contentUrl\":\"https:\\\/\\\/demistrecords.nl\\\/wp-content\\\/uploads\\\/2020\\\/12\\\/logo-de-mist-records-rond.png\",\"width\":500,\"height\":500,\"caption\":\"De Mist Records\"},\"image\":{\"@id\":\"https:\\\/\\\/demistrecords.nl\\\/#\\\/schema\\\/logo\\\/image\\\/\"},\"sameAs\":[\"https:\\\/\\\/www.facebook.com\\\/demistrecordsnl\",\"https:\\\/\\\/x.com\\\/deathroo1\",\"https:\\\/\\\/www.instagram.com\\\/demist_records\\\/\"]}]}<\/script>\n<!-- \/ Yoast SEO plugin. -->","yoast_head_json":{"title":"Alpha Du Centaure - Paralysis","description":"Gelimiteerde oplage van 160 stuks wereldwijd.  Liefhebbers van het wat stevigere werk zouden deze release zeker moeten checken. Het viertal uit Lyon laat op Paralysis een fijne instrumentale mix horen tussen post-rock, shoegaze en black-metal. Rauw, fijnheid en melancholie gaan hand in hand op dit album. Een aanrader voor degene die iets meer diepgang zoekt in zijn muziek.","robots":{"index":"index","follow":"follow","max-snippet":"max-snippet:-1","max-image-preview":"max-image-preview:large","max-video-preview":"max-video-preview:-1"},"canonical":"https:\/\/demistrecords.nl\/de\/produkt\/alpha-du-centaure-paralysis\/","og_locale":"de_DE","og_type":"article","og_title":"Alpha Du Centaure - Paralysis","og_description":"Gelimiteerde oplage van 160 stuks wereldwijd.  Liefhebbers van het wat stevigere werk zouden deze release zeker moeten checken. Het viertal uit Lyon laat op Paralysis een fijne instrumentale mix horen tussen post-rock, shoegaze en black-metal. Rauw, fijnheid en melancholie gaan hand in hand op dit album. Een aanrader voor degene die iets meer diepgang zoekt in zijn muziek.","og_url":"https:\/\/demistrecords.nl\/de\/produkt\/alpha-du-centaure-paralysis\/","og_site_name":"De Mist Records","article_publisher":"https:\/\/www.facebook.com\/demistrecordsnl","article_modified_time":"2021-11-22T17:53:03+00:00","og_image":[{"width":1944,"height":1944,"url":"https:\/\/demistrecords.nl\/wp-content\/uploads\/2020\/12\/Alpha-Du-Centaure-Paralysis.jpg","type":"image\/jpeg"}],"twitter_card":"summary_large_image","twitter_site":"@deathroo1","schema":{"@context":"https:\/\/schema.org","@graph":[{"@type":["WebPage","ItemPage"],"@id":"https:\/\/demistrecords.nl\/product\/alpha-du-centaure-paralysis\/","url":"https:\/\/demistrecords.nl\/product\/alpha-du-centaure-paralysis\/","name":"Alpha Du Centaure - Paralysis","isPartOf":{"@id":"https:\/\/demistrecords.nl\/#website"},"primaryImageOfPage":{"@id":"https:\/\/demistrecords.nl\/product\/alpha-du-centaure-paralysis\/#primaryimage"},"image":{"@id":"https:\/\/demistrecords.nl\/product\/alpha-du-centaure-paralysis\/#primaryimage"},"thumbnailUrl":"https:\/\/demistrecords.nl\/wp-content\/uploads\/2020\/12\/Alpha-Du-Centaure-Paralysis.jpg","datePublished":"2020-12-27T15:45:52+00:00","dateModified":"2021-11-22T17:53:03+00:00","description":"Gelimiteerde oplage van 160 stuks wereldwijd. Liefhebbers van het wat stevigere werk zouden deze release zeker moeten checken. Het viertal uit Lyon laat op Paralysis een fijne instrumentale mix horen tussen post-rock, shoegaze en black-metal. Rauw, fijnheid en melancholie gaan hand in hand op dit album. Een aanrader voor degene die iets meer diepgang zoekt in zijn muziek.","breadcrumb":{"@id":"https:\/\/demistrecords.nl\/product\/alpha-du-centaure-paralysis\/#breadcrumb"},"inLanguage":"de","potentialAction":[{"@type":"ReadAction","target":["https:\/\/demistrecords.nl\/product\/alpha-du-centaure-paralysis\/"]}]},{"@type":"ImageObject","inLanguage":"de","@id":"https:\/\/demistrecords.nl\/product\/alpha-du-centaure-paralysis\/#primaryimage","url":"https:\/\/demistrecords.nl\/wp-content\/uploads\/2020\/12\/Alpha-Du-Centaure-Paralysis.jpg","contentUrl":"https:\/\/demistrecords.nl\/wp-content\/uploads\/2020\/12\/Alpha-Du-Centaure-Paralysis.jpg","width":1944,"height":1944},{"@type":"BreadcrumbList","@id":"https:\/\/demistrecords.nl\/product\/alpha-du-centaure-paralysis\/#breadcrumb","itemListElement":[{"@type":"ListItem","position":1,"name":"Home","item":"https:\/\/demistrecords.nl\/"},{"@type":"ListItem","position":2,"name":"Shop","item":"https:\/\/demistrecords.nl\/shop\/"},{"@type":"ListItem","position":3,"name":"Alpha Du Centaure &#8211; Paralysis"}]},{"@type":"WebSite","@id":"https:\/\/demistrecords.nl\/#website","url":"https:\/\/demistrecords.nl\/","name":"De Mist Records","description":"Post-rock and related music","publisher":{"@id":"https:\/\/demistrecords.nl\/#organization"},"potentialAction":[{"@type":"SearchAction","target":{"@type":"EntryPoint","urlTemplate":"https:\/\/demistrecords.nl\/?s={search_term_string}"},"query-input":{"@type":"PropertyValueSpecification","valueRequired":true,"valueName":"search_term_string"}}],"inLanguage":"de"},{"@type":"Organization","@id":"https:\/\/demistrecords.nl\/#organization","name":"De Mist Records","url":"https:\/\/demistrecords.nl\/","logo":{"@type":"ImageObject","inLanguage":"de","@id":"https:\/\/demistrecords.nl\/#\/schema\/logo\/image\/","url":"https:\/\/demistrecords.nl\/wp-content\/uploads\/2020\/12\/logo-de-mist-records-rond.png","contentUrl":"https:\/\/demistrecords.nl\/wp-content\/uploads\/2020\/12\/logo-de-mist-records-rond.png","width":500,"height":500,"caption":"De Mist Records"},"image":{"@id":"https:\/\/demistrecords.nl\/#\/schema\/logo\/image\/"},"sameAs":["https:\/\/www.facebook.com\/demistrecordsnl","https:\/\/x.com\/deathroo1","https:\/\/www.instagram.com\/demist_records\/"]}]}},"_links":{"self":[{"href":"https:\/\/demistrecords.nl\/de\/wp-json\/wp\/v2\/product\/256","targetHints":{"allow":["GET"]}}],"collection":[{"href":"https:\/\/demistrecords.nl\/de\/wp-json\/wp\/v2\/product"}],"about":[{"href":"https:\/\/demistrecords.nl\/de\/wp-json\/wp\/v2\/types\/product"}],"replies":[{"embeddable":true,"href":"https:\/\/demistrecords.nl\/de\/wp-json\/wp\/v2\/comments?post=256"}],"wp:featuredmedia":[{"embeddable":true,"href":"https:\/\/demistrecords.nl\/de\/wp-json\/wp\/v2\/media\/257"}],"wp:attachment":[{"href":"https:\/\/demistrecords.nl\/de\/wp-json\/wp\/v2\/media?parent=256"}],"wp:term":[{"taxonomy":"product_brand","embeddable":true,"href":"https:\/\/demistrecords.nl\/de\/wp-json\/wp\/v2\/product_brand?post=256"},{"taxonomy":"product_cat","embeddable":true,"href":"https:\/\/demistrecords.nl\/de\/wp-json\/wp\/v2\/product_cat?post=256"},{"taxonomy":"product_tag","embeddable":true,"href":"https:\/\/demistrecords.nl\/de\/wp-json\/wp\/v2\/product_tag?post=256"}],"curies":[{"name":"wp","href":"https:\/\/api.w.org\/{rel}","templated":true}]}}