{"id":265,"date":"2020-12-29T15:52:24","date_gmt":"2020-12-29T14:52:24","guid":{"rendered":"https:\/\/demistrecords.nl\/?post_type=product&#038;p=265"},"modified":"2023-10-11T21:38:14","modified_gmt":"2023-10-11T19:38:14","slug":"leech-live-06-06-2020","status":"publish","type":"product","link":"https:\/\/demistrecords.nl\/de\/produkt\/leech-live-06-06-2020\/","title":{"rendered":"Leech &#8211; Live 06.06.2020"},"content":{"rendered":"<p><iframe style=\"border: 0; width: 100%; height: 42px;\" src=\"https:\/\/bandcamp.com\/EmbeddedPlayer\/album=4076791159\/size=small\/bgcol=333333\/linkcol=0f91ff\/transparent=true\/\" seamless=\"\"><a href=\"https:\/\/leechofficial.bandcamp.com\/album\/live-06062020\">Live 06.06.2020 by Leech<\/a><\/iframe><\/p>\n<p>&#8220;<em>spontan<\/em>.&#8221;<br \/>\nDieses Wort erkl\u00e4rt, warum diese Show passiert ist.<br \/>\nUnser Schlagzeuger war zu Hause und machte Abendessen, als seine sch\u00f6ne Frau ihm von den neuen Bestimmungen am 6. Juni 2020 erz\u00e4hlte. Ab diesem Datum durfte es wieder Shows mit 300 Leuten geben. Unser Schlagzeuger dachte: \"Wir m\u00fcssen an diesem Tag eine Show spielen!\"<br \/>\nMarco vom Sch\u00fc\u00fcr Club sagte, er habe die gleiche Idee. W\u00e4hrend der Sperrung dachte er mehrmals daran, dass Leech die erste Show ist, die er gerne moderieren w\u00fcrde. Und von dieser Nacht an kam einfach alles zusammen.<br \/>\nWir stellten eine zweist\u00fcndige Show zusammen und dachten: \"Warum nicht einen Live-Stream einer Live-Show mit einem echten Publikum machen?\"<br \/>\nAlle waren wirklich begeistert und sagten nur Ja. Sobald wir von den Schweizer Beh\u00f6rden mit den Sicherheitsbestimmungen \u201elos\u201c waren, konnten wir die Show ank\u00fcndigen, die nach drei Stunden ausverkauft war!<br \/>\nDie Leute wollten unbedingt wieder ein echtes Live-Konzert h\u00f6ren und sehen. Und wir wollten unbedingt wieder live spielen. Wir w\u00e4ren zu diesem Zeitpunkt in China auf Tour gewesen, aber wegen Covid19 waren wir es nicht.<br \/>\nDer Tag der Show war ziemlich normal. Laden, einrichten, Soundcheck - Business as usual. Aber als wir die B\u00fchne betraten, hatten wir das Gef\u00fchl, dass dies eine ganz besondere Nacht werden wird. Das Publikum war mehr als euphorisch und wir finden unsere Show ziemlich gut\u2026!<br \/>\nGenie\u00dfen Sie, bleiben Sie gesund und gl\u00fccklich und waschen Sie Ihre H\u00e4nde. Das wird diesen Rekord noch viel l\u00e4nger in guter Form halten!<br \/>\nLeech<\/p>","protected":false},"excerpt":{"rendered":"<p>Exklusiv f\u00fcr De Mist records:<br \/>\n3LP Deluxe Triple Vinyl, 180g, Black Vinyl, Gatefold<br \/>\nLimitierte handnummerierte Auflage von 500 St\u00fcck weltweit<br \/>\nInklusive (nicht medizinischer) Mundmaske mit Logo<\/p>\n<p>Live-Registrierung der einzigen Auff\u00fchrung dieser Schweizer Post-Rock-Band am 6. Juni 2020 f\u00fcr nur 300 Besucher. Dies war die Nacht, bevor die Schweiz wieder gesperrt wurde, also musste schnell etwas arrangiert werden. Alle Tickets waren in k\u00fcrzester Zeit ausverkauft und die Band spielte die Stars vom Himmel. Gl\u00fccklicherweise waren die Aufnahmen sehr gut, so dass die Band beschlossen hat, sie f\u00fcr dieses Live-Album zu verwenden.<\/p>\n<p>F\u00fcr Fans von Russian Circles, We Lost The Sea, Mogwai, Caspian, etc.<\/p>","protected":false},"featured_media":266,"comment_status":"closed","ping_status":"closed","template":"","meta":[],"product_brand":[],"product_cat":[23,33],"product_tag":[28],"class_list":{"0":"post-265","1":"product","2":"type-product","3":"status-publish","4":"has-post-thumbnail","6":"product_cat-exclusief","7":"product_cat-vinyl-12-3xlp","8":"product_tag-post-rock","10":"first","11":"outofstock","12":"taxable","13":"shipping-taxable","14":"purchasable","15":"product-type-simple"},"bundled_by":[],"bundle_stock_status":"outofstock","bundle_stock_quantity":0,"bundle_virtual":false,"bundle_layout":"","bundle_add_to_cart_form_location":"","bundle_editable_in_cart":false,"bundle_sold_individually_context":"","bundle_item_grouping":"","bundle_min_size":"","bundle_max_size":"","bundle_price":[],"bundled_items":[],"bundle_sell_ids":[],"yoast_head":"<!-- This site is optimized with the Yoast SEO plugin v27.4 - https:\/\/yoast.com\/product\/yoast-seo-wordpress\/ -->\n<title>Leech - Live 06.06.2020<\/title>\n<meta name=\"description\" content=\"Exclusief bij De Mist Records 3LP Deluxe Triple Vinyl, 180g, Black Vinyl, Gatefold Gelimiteerde met de hand genummerde oplage van 500 stuks wereldwijd Inclusief (niet medisch) mondmasker met logo  Live-registratie van het enige optreden dat deze Zwitserse post-rockband dit jaar gaf op 6 juni voor slechts 300 bezoekers. Dit was de avond voordat Zwitserland opnieuw in lockdown ging en dus moest er snel iets geregeld worden. Alle kaarten waren binnen mum van tijd uitverkocht en de band speelde de sterren van de hemel. Gelukkig zijn er uiterst goede opnamen van gemaakt, zo goed zelfs dat de band besloot het voor dit live-album te gaan gebruiken.  Voor fans van Russian Circles, We Lost The Sea, Mogwai, Caspian, etc.\" \/>\n<meta name=\"robots\" content=\"index, follow, max-snippet:-1, max-image-preview:large, max-video-preview:-1\" \/>\n<link rel=\"canonical\" href=\"https:\/\/demistrecords.nl\/de\/produkt\/leech-live-06-06-2020\/\" \/>\n<meta property=\"og:locale\" content=\"de_DE\" \/>\n<meta property=\"og:type\" content=\"article\" \/>\n<meta property=\"og:title\" content=\"Leech - Live 06.06.2020\" \/>\n<meta property=\"og:description\" content=\"Exclusief bij De Mist Records 3LP Deluxe Triple Vinyl, 180g, Black Vinyl, Gatefold Gelimiteerde met de hand genummerde oplage van 500 stuks wereldwijd Inclusief (niet medisch) mondmasker met logo  Live-registratie van het enige optreden dat deze Zwitserse post-rockband dit jaar gaf op 6 juni voor slechts 300 bezoekers. Dit was de avond voordat Zwitserland opnieuw in lockdown ging en dus moest er snel iets geregeld worden. Alle kaarten waren binnen mum van tijd uitverkocht en de band speelde de sterren van de hemel. Gelukkig zijn er uiterst goede opnamen van gemaakt, zo goed zelfs dat de band besloot het voor dit live-album te gaan gebruiken.  Voor fans van Russian Circles, We Lost The Sea, Mogwai, Caspian, etc.\" \/>\n<meta property=\"og:url\" content=\"https:\/\/demistrecords.nl\/de\/produkt\/leech-live-06-06-2020\/\" \/>\n<meta property=\"og:site_name\" content=\"De Mist Records\" \/>\n<meta property=\"article:publisher\" content=\"https:\/\/www.facebook.com\/demistrecordsnl\" \/>\n<meta property=\"article:modified_time\" content=\"2023-10-11T19:38:14+00:00\" \/>\n<meta property=\"og:image\" content=\"https:\/\/demistrecords.nl\/wp-content\/uploads\/2020\/12\/Leech-Live-06.06.2020-scaled.jpg\" \/>\n\t<meta property=\"og:image:width\" content=\"2560\" \/>\n\t<meta property=\"og:image:height\" content=\"2560\" \/>\n\t<meta property=\"og:image:type\" content=\"image\/jpeg\" \/>\n<meta name=\"twitter:card\" content=\"summary_large_image\" \/>\n<meta name=\"twitter:site\" content=\"@deathroo1\" \/>\n<meta name=\"twitter:label1\" content=\"Gesch\u00e4tzte Lesezeit\" \/>\n\t<meta name=\"twitter:data1\" content=\"1\u00a0Minute\" \/>\n<script type=\"application\/ld+json\" class=\"yoast-schema-graph\">{\"@context\":\"https:\\\/\\\/schema.org\",\"@graph\":[{\"@type\":[\"WebPage\",\"ItemPage\"],\"@id\":\"https:\\\/\\\/demistrecords.nl\\\/product\\\/leech-live-06-06-2020\\\/\",\"url\":\"https:\\\/\\\/demistrecords.nl\\\/product\\\/leech-live-06-06-2020\\\/\",\"name\":\"Leech - Live 06.06.2020\",\"isPartOf\":{\"@id\":\"https:\\\/\\\/demistrecords.nl\\\/#website\"},\"primaryImageOfPage\":{\"@id\":\"https:\\\/\\\/demistrecords.nl\\\/product\\\/leech-live-06-06-2020\\\/#primaryimage\"},\"image\":{\"@id\":\"https:\\\/\\\/demistrecords.nl\\\/product\\\/leech-live-06-06-2020\\\/#primaryimage\"},\"thumbnailUrl\":\"https:\\\/\\\/demistrecords.nl\\\/wp-content\\\/uploads\\\/2020\\\/12\\\/Leech-Live-06.06.2020-scaled.jpg\",\"datePublished\":\"2020-12-29T14:52:24+00:00\",\"dateModified\":\"2023-10-11T19:38:14+00:00\",\"description\":\"Exclusief bij De Mist Records 3LP Deluxe Triple Vinyl, 180g, Black Vinyl, Gatefold Gelimiteerde met de hand genummerde oplage van 500 stuks wereldwijd Inclusief (niet medisch) mondmasker met logo Live-registratie van het enige optreden dat deze Zwitserse post-rockband dit jaar gaf op 6 juni voor slechts 300 bezoekers. Dit was de avond voordat Zwitserland opnieuw in lockdown ging en dus moest er snel iets geregeld worden. Alle kaarten waren binnen mum van tijd uitverkocht en de band speelde de sterren van de hemel. Gelukkig zijn er uiterst goede opnamen van gemaakt, zo goed zelfs dat de band besloot het voor dit live-album te gaan gebruiken. Voor fans van Russian Circles, We Lost The Sea, Mogwai, Caspian, etc.\",\"breadcrumb\":{\"@id\":\"https:\\\/\\\/demistrecords.nl\\\/product\\\/leech-live-06-06-2020\\\/#breadcrumb\"},\"inLanguage\":\"de\",\"potentialAction\":[{\"@type\":\"ReadAction\",\"target\":[\"https:\\\/\\\/demistrecords.nl\\\/product\\\/leech-live-06-06-2020\\\/\"]}]},{\"@type\":\"ImageObject\",\"inLanguage\":\"de\",\"@id\":\"https:\\\/\\\/demistrecords.nl\\\/product\\\/leech-live-06-06-2020\\\/#primaryimage\",\"url\":\"https:\\\/\\\/demistrecords.nl\\\/wp-content\\\/uploads\\\/2020\\\/12\\\/Leech-Live-06.06.2020-scaled.jpg\",\"contentUrl\":\"https:\\\/\\\/demistrecords.nl\\\/wp-content\\\/uploads\\\/2020\\\/12\\\/Leech-Live-06.06.2020-scaled.jpg\",\"width\":2560,\"height\":2560},{\"@type\":\"BreadcrumbList\",\"@id\":\"https:\\\/\\\/demistrecords.nl\\\/product\\\/leech-live-06-06-2020\\\/#breadcrumb\",\"itemListElement\":[{\"@type\":\"ListItem\",\"position\":1,\"name\":\"Home\",\"item\":\"https:\\\/\\\/demistrecords.nl\\\/\"},{\"@type\":\"ListItem\",\"position\":2,\"name\":\"Shop\",\"item\":\"https:\\\/\\\/demistrecords.nl\\\/shop\\\/\"},{\"@type\":\"ListItem\",\"position\":3,\"name\":\"Leech &#8211; Live 06.06.2020\"}]},{\"@type\":\"WebSite\",\"@id\":\"https:\\\/\\\/demistrecords.nl\\\/#website\",\"url\":\"https:\\\/\\\/demistrecords.nl\\\/\",\"name\":\"De Mist Records\",\"description\":\"Post-rock and related music\",\"publisher\":{\"@id\":\"https:\\\/\\\/demistrecords.nl\\\/#organization\"},\"potentialAction\":[{\"@type\":\"SearchAction\",\"target\":{\"@type\":\"EntryPoint\",\"urlTemplate\":\"https:\\\/\\\/demistrecords.nl\\\/?s={search_term_string}\"},\"query-input\":{\"@type\":\"PropertyValueSpecification\",\"valueRequired\":true,\"valueName\":\"search_term_string\"}}],\"inLanguage\":\"de\"},{\"@type\":\"Organization\",\"@id\":\"https:\\\/\\\/demistrecords.nl\\\/#organization\",\"name\":\"De Mist Records\",\"url\":\"https:\\\/\\\/demistrecords.nl\\\/\",\"logo\":{\"@type\":\"ImageObject\",\"inLanguage\":\"de\",\"@id\":\"https:\\\/\\\/demistrecords.nl\\\/#\\\/schema\\\/logo\\\/image\\\/\",\"url\":\"https:\\\/\\\/demistrecords.nl\\\/wp-content\\\/uploads\\\/2020\\\/12\\\/logo-de-mist-records-rond.png\",\"contentUrl\":\"https:\\\/\\\/demistrecords.nl\\\/wp-content\\\/uploads\\\/2020\\\/12\\\/logo-de-mist-records-rond.png\",\"width\":500,\"height\":500,\"caption\":\"De Mist Records\"},\"image\":{\"@id\":\"https:\\\/\\\/demistrecords.nl\\\/#\\\/schema\\\/logo\\\/image\\\/\"},\"sameAs\":[\"https:\\\/\\\/www.facebook.com\\\/demistrecordsnl\",\"https:\\\/\\\/x.com\\\/deathroo1\",\"https:\\\/\\\/www.instagram.com\\\/demist_records\\\/\"]}]}<\/script>\n<!-- \/ Yoast SEO plugin. -->","yoast_head_json":{"title":"Leech - Live 06.06.2020","description":"Exclusief bij De Mist Records 3LP Deluxe Triple Vinyl, 180g, Black Vinyl, Gatefold Gelimiteerde met de hand genummerde oplage van 500 stuks wereldwijd Inclusief (niet medisch) mondmasker met logo  Live-registratie van het enige optreden dat deze Zwitserse post-rockband dit jaar gaf op 6 juni voor slechts 300 bezoekers. Dit was de avond voordat Zwitserland opnieuw in lockdown ging en dus moest er snel iets geregeld worden. Alle kaarten waren binnen mum van tijd uitverkocht en de band speelde de sterren van de hemel. Gelukkig zijn er uiterst goede opnamen van gemaakt, zo goed zelfs dat de band besloot het voor dit live-album te gaan gebruiken.  Voor fans van Russian Circles, We Lost The Sea, Mogwai, Caspian, etc.","robots":{"index":"index","follow":"follow","max-snippet":"max-snippet:-1","max-image-preview":"max-image-preview:large","max-video-preview":"max-video-preview:-1"},"canonical":"https:\/\/demistrecords.nl\/de\/produkt\/leech-live-06-06-2020\/","og_locale":"de_DE","og_type":"article","og_title":"Leech - Live 06.06.2020","og_description":"Exclusief bij De Mist Records 3LP Deluxe Triple Vinyl, 180g, Black Vinyl, Gatefold Gelimiteerde met de hand genummerde oplage van 500 stuks wereldwijd Inclusief (niet medisch) mondmasker met logo  Live-registratie van het enige optreden dat deze Zwitserse post-rockband dit jaar gaf op 6 juni voor slechts 300 bezoekers. Dit was de avond voordat Zwitserland opnieuw in lockdown ging en dus moest er snel iets geregeld worden. Alle kaarten waren binnen mum van tijd uitverkocht en de band speelde de sterren van de hemel. Gelukkig zijn er uiterst goede opnamen van gemaakt, zo goed zelfs dat de band besloot het voor dit live-album te gaan gebruiken.  Voor fans van Russian Circles, We Lost The Sea, Mogwai, Caspian, etc.","og_url":"https:\/\/demistrecords.nl\/de\/produkt\/leech-live-06-06-2020\/","og_site_name":"De Mist Records","article_publisher":"https:\/\/www.facebook.com\/demistrecordsnl","article_modified_time":"2023-10-11T19:38:14+00:00","og_image":[{"width":2560,"height":2560,"url":"https:\/\/demistrecords.nl\/wp-content\/uploads\/2020\/12\/Leech-Live-06.06.2020-scaled.jpg","type":"image\/jpeg"}],"twitter_card":"summary_large_image","twitter_site":"@deathroo1","twitter_misc":{"Gesch\u00e4tzte Lesezeit":"1\u00a0Minute"},"schema":{"@context":"https:\/\/schema.org","@graph":[{"@type":["WebPage","ItemPage"],"@id":"https:\/\/demistrecords.nl\/product\/leech-live-06-06-2020\/","url":"https:\/\/demistrecords.nl\/product\/leech-live-06-06-2020\/","name":"Leech - Live 06.06.2020","isPartOf":{"@id":"https:\/\/demistrecords.nl\/#website"},"primaryImageOfPage":{"@id":"https:\/\/demistrecords.nl\/product\/leech-live-06-06-2020\/#primaryimage"},"image":{"@id":"https:\/\/demistrecords.nl\/product\/leech-live-06-06-2020\/#primaryimage"},"thumbnailUrl":"https:\/\/demistrecords.nl\/wp-content\/uploads\/2020\/12\/Leech-Live-06.06.2020-scaled.jpg","datePublished":"2020-12-29T14:52:24+00:00","dateModified":"2023-10-11T19:38:14+00:00","description":"Exclusief bij De Mist Records 3LP Deluxe Triple Vinyl, 180g, Black Vinyl, Gatefold Gelimiteerde met de hand genummerde oplage van 500 stuks wereldwijd Inclusief (niet medisch) mondmasker met logo Live-registratie van het enige optreden dat deze Zwitserse post-rockband dit jaar gaf op 6 juni voor slechts 300 bezoekers. Dit was de avond voordat Zwitserland opnieuw in lockdown ging en dus moest er snel iets geregeld worden. Alle kaarten waren binnen mum van tijd uitverkocht en de band speelde de sterren van de hemel. Gelukkig zijn er uiterst goede opnamen van gemaakt, zo goed zelfs dat de band besloot het voor dit live-album te gaan gebruiken. Voor fans van Russian Circles, We Lost The Sea, Mogwai, Caspian, etc.","breadcrumb":{"@id":"https:\/\/demistrecords.nl\/product\/leech-live-06-06-2020\/#breadcrumb"},"inLanguage":"de","potentialAction":[{"@type":"ReadAction","target":["https:\/\/demistrecords.nl\/product\/leech-live-06-06-2020\/"]}]},{"@type":"ImageObject","inLanguage":"de","@id":"https:\/\/demistrecords.nl\/product\/leech-live-06-06-2020\/#primaryimage","url":"https:\/\/demistrecords.nl\/wp-content\/uploads\/2020\/12\/Leech-Live-06.06.2020-scaled.jpg","contentUrl":"https:\/\/demistrecords.nl\/wp-content\/uploads\/2020\/12\/Leech-Live-06.06.2020-scaled.jpg","width":2560,"height":2560},{"@type":"BreadcrumbList","@id":"https:\/\/demistrecords.nl\/product\/leech-live-06-06-2020\/#breadcrumb","itemListElement":[{"@type":"ListItem","position":1,"name":"Home","item":"https:\/\/demistrecords.nl\/"},{"@type":"ListItem","position":2,"name":"Shop","item":"https:\/\/demistrecords.nl\/shop\/"},{"@type":"ListItem","position":3,"name":"Leech &#8211; Live 06.06.2020"}]},{"@type":"WebSite","@id":"https:\/\/demistrecords.nl\/#website","url":"https:\/\/demistrecords.nl\/","name":"De Mist Records","description":"Post-rock and related music","publisher":{"@id":"https:\/\/demistrecords.nl\/#organization"},"potentialAction":[{"@type":"SearchAction","target":{"@type":"EntryPoint","urlTemplate":"https:\/\/demistrecords.nl\/?s={search_term_string}"},"query-input":{"@type":"PropertyValueSpecification","valueRequired":true,"valueName":"search_term_string"}}],"inLanguage":"de"},{"@type":"Organization","@id":"https:\/\/demistrecords.nl\/#organization","name":"De Mist Records","url":"https:\/\/demistrecords.nl\/","logo":{"@type":"ImageObject","inLanguage":"de","@id":"https:\/\/demistrecords.nl\/#\/schema\/logo\/image\/","url":"https:\/\/demistrecords.nl\/wp-content\/uploads\/2020\/12\/logo-de-mist-records-rond.png","contentUrl":"https:\/\/demistrecords.nl\/wp-content\/uploads\/2020\/12\/logo-de-mist-records-rond.png","width":500,"height":500,"caption":"De Mist Records"},"image":{"@id":"https:\/\/demistrecords.nl\/#\/schema\/logo\/image\/"},"sameAs":["https:\/\/www.facebook.com\/demistrecordsnl","https:\/\/x.com\/deathroo1","https:\/\/www.instagram.com\/demist_records\/"]}]}},"_links":{"self":[{"href":"https:\/\/demistrecords.nl\/de\/wp-json\/wp\/v2\/product\/265","targetHints":{"allow":["GET"]}}],"collection":[{"href":"https:\/\/demistrecords.nl\/de\/wp-json\/wp\/v2\/product"}],"about":[{"href":"https:\/\/demistrecords.nl\/de\/wp-json\/wp\/v2\/types\/product"}],"replies":[{"embeddable":true,"href":"https:\/\/demistrecords.nl\/de\/wp-json\/wp\/v2\/comments?post=265"}],"wp:featuredmedia":[{"embeddable":true,"href":"https:\/\/demistrecords.nl\/de\/wp-json\/wp\/v2\/media\/266"}],"wp:attachment":[{"href":"https:\/\/demistrecords.nl\/de\/wp-json\/wp\/v2\/media?parent=265"}],"wp:term":[{"taxonomy":"product_brand","embeddable":true,"href":"https:\/\/demistrecords.nl\/de\/wp-json\/wp\/v2\/product_brand?post=265"},{"taxonomy":"product_cat","embeddable":true,"href":"https:\/\/demistrecords.nl\/de\/wp-json\/wp\/v2\/product_cat?post=265"},{"taxonomy":"product_tag","embeddable":true,"href":"https:\/\/demistrecords.nl\/de\/wp-json\/wp\/v2\/product_tag?post=265"}],"curies":[{"name":"wp","href":"https:\/\/api.w.org\/{rel}","templated":true}]}}