{"id":280,"date":"2021-01-11T13:30:25","date_gmt":"2021-01-11T12:30:25","guid":{"rendered":"https:\/\/demistrecords.nl\/?post_type=product&#038;p=280"},"modified":"2022-03-21T20:44:18","modified_gmt":"2022-03-21T19:44:18","slug":"pg-lost-oscillate","status":"publish","type":"product","link":"https:\/\/demistrecords.nl\/de\/produkt\/pg-lost-oscillate\/","title":{"rendered":"PG.Lost &#8211; Oscillate"},"content":{"rendered":"<p><iframe style=\"border: 0; width: 100%; height: 42px;\" src=\"https:\/\/bandcamp.com\/EmbeddedPlayer\/album=3590631346\/size=small\/bgcol=333333\/linkcol=0f91ff\/transparent=true\/\" seamless=\"\"><a href=\"https:\/\/pglost.bandcamp.com\/album\/oscillate\">Oscillate by pg.lost<\/a><\/iframe><\/p>\n<p>Reine Emotionen, das ist die gr\u00f6\u00dfte F\u00e4higkeit von PG.LOST. Alben wie Oscillate nehmen uns mit auf eine Reise durch unsere eigenen Gedanken. Sie rufen Erinnerungen, W\u00fcnsche, Traurigkeit oder Gl\u00fcck hervor und dies erm\u00f6glicht es uns, uns mit der Musik zu verbinden. Dieses Album reibt sich hier und da am Post-Metal, trifft aber auch das andere Ende des Spektrums. Ein wunderbar abwechslungsreiches Album, das genau wie Versus die Qualit\u00e4t dieser Schweden noch einmal best\u00e4tigt.<\/p>","protected":false},"excerpt":{"rendered":"<p>Erh\u00e4ltlich in 2 Varianten (solange der Vorrat reicht):<\/p>\n<ul>\n<li>Colour-in-Colour mit Rauch (limitierte Auflage von 350 St\u00fcck)<\/li>\n<li>Wei\u00dfe Ausgabe<\/li>\n<\/ul>\n<p>Fans ihres Albums Versus wissen, wozu diese Schweden f\u00e4hig sind, auf Oscillate entt\u00e4uschen sie dieses Vertrauen sicherlich nicht. Eine echte Bereicherung f\u00fcr Ihren Plattenschrank!<\/p>","protected":false},"featured_media":286,"comment_status":"closed","ping_status":"closed","template":"","meta":[],"product_brand":[],"product_cat":[16],"product_tag":[28],"class_list":{"0":"post-280","1":"product","2":"type-product","3":"status-publish","4":"has-post-thumbnail","6":"product_cat-vinyl-12-2xlp","7":"product_tag-post-rock","9":"first","10":"outofstock","11":"sold-individually","12":"taxable","13":"shipping-taxable","14":"purchasable","15":"product-type-variable","16":"has-default-attributes"},"yoast_head":"<!-- This site is optimized with the Yoast SEO plugin v27.3 - https:\/\/yoast.com\/product\/yoast-seo-wordpress\/ -->\n<title>PG.Lost - Oscillate<\/title>\n<meta name=\"description\" content=\"Verkrijgbaar in 2 variaties (zolang de voorraad strekt):   Colour-in-colour with smoke (gelimiteerde oplage van 350 stuks)  White edition  Liefhebbers van hun album Versus weten waar deze Zweden toe in staat zijn, Op Oscillate stellen ze dat vertrouwen zeker niet teleur. Een echte aanwinst in jouw platenkast!\" \/>\n<meta name=\"robots\" content=\"index, follow, max-snippet:-1, max-image-preview:large, max-video-preview:-1\" \/>\n<link rel=\"canonical\" href=\"https:\/\/demistrecords.nl\/de\/produkt\/pg-lost-oscillate\/\" \/>\n<meta property=\"og:locale\" content=\"de_DE\" \/>\n<meta property=\"og:type\" content=\"article\" \/>\n<meta property=\"og:title\" content=\"PG.Lost - Oscillate\" \/>\n<meta property=\"og:description\" content=\"Verkrijgbaar in 2 variaties (zolang de voorraad strekt):   Colour-in-colour with smoke (gelimiteerde oplage van 350 stuks)  White edition  Liefhebbers van hun album Versus weten waar deze Zweden toe in staat zijn, Op Oscillate stellen ze dat vertrouwen zeker niet teleur. Een echte aanwinst in jouw platenkast!\" \/>\n<meta property=\"og:url\" content=\"https:\/\/demistrecords.nl\/de\/produkt\/pg-lost-oscillate\/\" \/>\n<meta property=\"og:site_name\" content=\"De Mist Records\" \/>\n<meta property=\"article:publisher\" content=\"https:\/\/www.facebook.com\/demistrecordsnl\" \/>\n<meta property=\"article:modified_time\" content=\"2022-03-21T19:44:18+00:00\" \/>\n<meta property=\"og:image\" content=\"https:\/\/demistrecords.nl\/wp-content\/uploads\/2021\/01\/pglost_oscillate_cicsmoke_vinyl_350.jpg\" \/>\n\t<meta property=\"og:image:width\" content=\"2400\" \/>\n\t<meta property=\"og:image:height\" content=\"2400\" \/>\n\t<meta property=\"og:image:type\" content=\"image\/jpeg\" \/>\n<meta name=\"twitter:card\" content=\"summary_large_image\" \/>\n<meta name=\"twitter:site\" content=\"@deathroo1\" \/>\n<script type=\"application\/ld+json\" class=\"yoast-schema-graph\">{\"@context\":\"https:\\\/\\\/schema.org\",\"@graph\":[{\"@type\":[\"WebPage\",\"ItemPage\"],\"@id\":\"https:\\\/\\\/demistrecords.nl\\\/product\\\/pg-lost-oscillate\\\/\",\"url\":\"https:\\\/\\\/demistrecords.nl\\\/product\\\/pg-lost-oscillate\\\/\",\"name\":\"PG.Lost - Oscillate\",\"isPartOf\":{\"@id\":\"https:\\\/\\\/demistrecords.nl\\\/#website\"},\"primaryImageOfPage\":{\"@id\":\"https:\\\/\\\/demistrecords.nl\\\/product\\\/pg-lost-oscillate\\\/#primaryimage\"},\"image\":{\"@id\":\"https:\\\/\\\/demistrecords.nl\\\/product\\\/pg-lost-oscillate\\\/#primaryimage\"},\"thumbnailUrl\":\"https:\\\/\\\/demistrecords.nl\\\/wp-content\\\/uploads\\\/2021\\\/01\\\/pglost_oscillate_cicsmoke_vinyl_350.jpg\",\"datePublished\":\"2021-01-11T12:30:25+00:00\",\"dateModified\":\"2022-03-21T19:44:18+00:00\",\"description\":\"Verkrijgbaar in 2 variaties (zolang de voorraad strekt): Colour-in-colour with smoke (gelimiteerde oplage van 350 stuks) White edition Liefhebbers van hun album Versus weten waar deze Zweden toe in staat zijn, Op Oscillate stellen ze dat vertrouwen zeker niet teleur. Een echte aanwinst in jouw platenkast!\",\"breadcrumb\":{\"@id\":\"https:\\\/\\\/demistrecords.nl\\\/product\\\/pg-lost-oscillate\\\/#breadcrumb\"},\"inLanguage\":\"de\",\"potentialAction\":[{\"@type\":\"ReadAction\",\"target\":[\"https:\\\/\\\/demistrecords.nl\\\/product\\\/pg-lost-oscillate\\\/\"]}]},{\"@type\":\"ImageObject\",\"inLanguage\":\"de\",\"@id\":\"https:\\\/\\\/demistrecords.nl\\\/product\\\/pg-lost-oscillate\\\/#primaryimage\",\"url\":\"https:\\\/\\\/demistrecords.nl\\\/wp-content\\\/uploads\\\/2021\\\/01\\\/pglost_oscillate_cicsmoke_vinyl_350.jpg\",\"contentUrl\":\"https:\\\/\\\/demistrecords.nl\\\/wp-content\\\/uploads\\\/2021\\\/01\\\/pglost_oscillate_cicsmoke_vinyl_350.jpg\",\"width\":2400,\"height\":2400},{\"@type\":\"BreadcrumbList\",\"@id\":\"https:\\\/\\\/demistrecords.nl\\\/product\\\/pg-lost-oscillate\\\/#breadcrumb\",\"itemListElement\":[{\"@type\":\"ListItem\",\"position\":1,\"name\":\"Home\",\"item\":\"https:\\\/\\\/demistrecords.nl\\\/\"},{\"@type\":\"ListItem\",\"position\":2,\"name\":\"Shop\",\"item\":\"https:\\\/\\\/demistrecords.nl\\\/shop\\\/\"},{\"@type\":\"ListItem\",\"position\":3,\"name\":\"PG.Lost &#8211; Oscillate\"}]},{\"@type\":\"WebSite\",\"@id\":\"https:\\\/\\\/demistrecords.nl\\\/#website\",\"url\":\"https:\\\/\\\/demistrecords.nl\\\/\",\"name\":\"De Mist Records\",\"description\":\"Post-rock and related music\",\"publisher\":{\"@id\":\"https:\\\/\\\/demistrecords.nl\\\/#organization\"},\"potentialAction\":[{\"@type\":\"SearchAction\",\"target\":{\"@type\":\"EntryPoint\",\"urlTemplate\":\"https:\\\/\\\/demistrecords.nl\\\/?s={search_term_string}\"},\"query-input\":{\"@type\":\"PropertyValueSpecification\",\"valueRequired\":true,\"valueName\":\"search_term_string\"}}],\"inLanguage\":\"de\"},{\"@type\":\"Organization\",\"@id\":\"https:\\\/\\\/demistrecords.nl\\\/#organization\",\"name\":\"De Mist Records\",\"url\":\"https:\\\/\\\/demistrecords.nl\\\/\",\"logo\":{\"@type\":\"ImageObject\",\"inLanguage\":\"de\",\"@id\":\"https:\\\/\\\/demistrecords.nl\\\/#\\\/schema\\\/logo\\\/image\\\/\",\"url\":\"https:\\\/\\\/demistrecords.nl\\\/wp-content\\\/uploads\\\/2020\\\/12\\\/logo-de-mist-records-rond.png\",\"contentUrl\":\"https:\\\/\\\/demistrecords.nl\\\/wp-content\\\/uploads\\\/2020\\\/12\\\/logo-de-mist-records-rond.png\",\"width\":500,\"height\":500,\"caption\":\"De Mist Records\"},\"image\":{\"@id\":\"https:\\\/\\\/demistrecords.nl\\\/#\\\/schema\\\/logo\\\/image\\\/\"},\"sameAs\":[\"https:\\\/\\\/www.facebook.com\\\/demistrecordsnl\",\"https:\\\/\\\/x.com\\\/deathroo1\",\"https:\\\/\\\/www.instagram.com\\\/demist_records\\\/\"]}]}<\/script>\n<!-- \/ Yoast SEO plugin. -->","yoast_head_json":{"title":"PG.Lost - Oscillate","description":"Verkrijgbaar in 2 variaties (zolang de voorraad strekt):   Colour-in-colour with smoke (gelimiteerde oplage van 350 stuks)  White edition  Liefhebbers van hun album Versus weten waar deze Zweden toe in staat zijn, Op Oscillate stellen ze dat vertrouwen zeker niet teleur. Een echte aanwinst in jouw platenkast!","robots":{"index":"index","follow":"follow","max-snippet":"max-snippet:-1","max-image-preview":"max-image-preview:large","max-video-preview":"max-video-preview:-1"},"canonical":"https:\/\/demistrecords.nl\/de\/produkt\/pg-lost-oscillate\/","og_locale":"de_DE","og_type":"article","og_title":"PG.Lost - Oscillate","og_description":"Verkrijgbaar in 2 variaties (zolang de voorraad strekt):   Colour-in-colour with smoke (gelimiteerde oplage van 350 stuks)  White edition  Liefhebbers van hun album Versus weten waar deze Zweden toe in staat zijn, Op Oscillate stellen ze dat vertrouwen zeker niet teleur. Een echte aanwinst in jouw platenkast!","og_url":"https:\/\/demistrecords.nl\/de\/produkt\/pg-lost-oscillate\/","og_site_name":"De Mist Records","article_publisher":"https:\/\/www.facebook.com\/demistrecordsnl","article_modified_time":"2022-03-21T19:44:18+00:00","og_image":[{"width":2400,"height":2400,"url":"https:\/\/demistrecords.nl\/wp-content\/uploads\/2021\/01\/pglost_oscillate_cicsmoke_vinyl_350.jpg","type":"image\/jpeg"}],"twitter_card":"summary_large_image","twitter_site":"@deathroo1","schema":{"@context":"https:\/\/schema.org","@graph":[{"@type":["WebPage","ItemPage"],"@id":"https:\/\/demistrecords.nl\/product\/pg-lost-oscillate\/","url":"https:\/\/demistrecords.nl\/product\/pg-lost-oscillate\/","name":"PG.Lost - Oscillate","isPartOf":{"@id":"https:\/\/demistrecords.nl\/#website"},"primaryImageOfPage":{"@id":"https:\/\/demistrecords.nl\/product\/pg-lost-oscillate\/#primaryimage"},"image":{"@id":"https:\/\/demistrecords.nl\/product\/pg-lost-oscillate\/#primaryimage"},"thumbnailUrl":"https:\/\/demistrecords.nl\/wp-content\/uploads\/2021\/01\/pglost_oscillate_cicsmoke_vinyl_350.jpg","datePublished":"2021-01-11T12:30:25+00:00","dateModified":"2022-03-21T19:44:18+00:00","description":"Verkrijgbaar in 2 variaties (zolang de voorraad strekt): Colour-in-colour with smoke (gelimiteerde oplage van 350 stuks) White edition Liefhebbers van hun album Versus weten waar deze Zweden toe in staat zijn, Op Oscillate stellen ze dat vertrouwen zeker niet teleur. Een echte aanwinst in jouw platenkast!","breadcrumb":{"@id":"https:\/\/demistrecords.nl\/product\/pg-lost-oscillate\/#breadcrumb"},"inLanguage":"de","potentialAction":[{"@type":"ReadAction","target":["https:\/\/demistrecords.nl\/product\/pg-lost-oscillate\/"]}]},{"@type":"ImageObject","inLanguage":"de","@id":"https:\/\/demistrecords.nl\/product\/pg-lost-oscillate\/#primaryimage","url":"https:\/\/demistrecords.nl\/wp-content\/uploads\/2021\/01\/pglost_oscillate_cicsmoke_vinyl_350.jpg","contentUrl":"https:\/\/demistrecords.nl\/wp-content\/uploads\/2021\/01\/pglost_oscillate_cicsmoke_vinyl_350.jpg","width":2400,"height":2400},{"@type":"BreadcrumbList","@id":"https:\/\/demistrecords.nl\/product\/pg-lost-oscillate\/#breadcrumb","itemListElement":[{"@type":"ListItem","position":1,"name":"Home","item":"https:\/\/demistrecords.nl\/"},{"@type":"ListItem","position":2,"name":"Shop","item":"https:\/\/demistrecords.nl\/shop\/"},{"@type":"ListItem","position":3,"name":"PG.Lost &#8211; Oscillate"}]},{"@type":"WebSite","@id":"https:\/\/demistrecords.nl\/#website","url":"https:\/\/demistrecords.nl\/","name":"De Mist Records","description":"Post-rock and related music","publisher":{"@id":"https:\/\/demistrecords.nl\/#organization"},"potentialAction":[{"@type":"SearchAction","target":{"@type":"EntryPoint","urlTemplate":"https:\/\/demistrecords.nl\/?s={search_term_string}"},"query-input":{"@type":"PropertyValueSpecification","valueRequired":true,"valueName":"search_term_string"}}],"inLanguage":"de"},{"@type":"Organization","@id":"https:\/\/demistrecords.nl\/#organization","name":"De Mist Records","url":"https:\/\/demistrecords.nl\/","logo":{"@type":"ImageObject","inLanguage":"de","@id":"https:\/\/demistrecords.nl\/#\/schema\/logo\/image\/","url":"https:\/\/demistrecords.nl\/wp-content\/uploads\/2020\/12\/logo-de-mist-records-rond.png","contentUrl":"https:\/\/demistrecords.nl\/wp-content\/uploads\/2020\/12\/logo-de-mist-records-rond.png","width":500,"height":500,"caption":"De Mist Records"},"image":{"@id":"https:\/\/demistrecords.nl\/#\/schema\/logo\/image\/"},"sameAs":["https:\/\/www.facebook.com\/demistrecordsnl","https:\/\/x.com\/deathroo1","https:\/\/www.instagram.com\/demist_records\/"]}]}},"_links":{"self":[{"href":"https:\/\/demistrecords.nl\/de\/wp-json\/wp\/v2\/product\/280","targetHints":{"allow":["GET"]}}],"collection":[{"href":"https:\/\/demistrecords.nl\/de\/wp-json\/wp\/v2\/product"}],"about":[{"href":"https:\/\/demistrecords.nl\/de\/wp-json\/wp\/v2\/types\/product"}],"replies":[{"embeddable":true,"href":"https:\/\/demistrecords.nl\/de\/wp-json\/wp\/v2\/comments?post=280"}],"wp:featuredmedia":[{"embeddable":true,"href":"https:\/\/demistrecords.nl\/de\/wp-json\/wp\/v2\/media\/286"}],"wp:attachment":[{"href":"https:\/\/demistrecords.nl\/de\/wp-json\/wp\/v2\/media?parent=280"}],"wp:term":[{"taxonomy":"product_brand","embeddable":true,"href":"https:\/\/demistrecords.nl\/de\/wp-json\/wp\/v2\/product_brand?post=280"},{"taxonomy":"product_cat","embeddable":true,"href":"https:\/\/demistrecords.nl\/de\/wp-json\/wp\/v2\/product_cat?post=280"},{"taxonomy":"product_tag","embeddable":true,"href":"https:\/\/demistrecords.nl\/de\/wp-json\/wp\/v2\/product_tag?post=280"}],"curies":[{"name":"wp","href":"https:\/\/api.w.org\/{rel}","templated":true}]}}