{"id":288,"date":"2021-01-05T15:39:35","date_gmt":"2021-01-05T14:39:35","guid":{"rendered":"https:\/\/demistrecords.nl\/?post_type=product&#038;p=288"},"modified":"2026-02-14T17:31:01","modified_gmt":"2026-02-14T16:31:01","slug":"the-shaking-sensations-how-are-we-to-flight-the-blight","status":"publish","type":"product","link":"https:\/\/demistrecords.nl\/de\/produkt\/the-shaking-sensations-how-are-we-to-flight-the-blight\/","title":{"rendered":"The Shaking Sensations &#8211; How Are We To Flight The Blight?"},"content":{"rendered":"<p><iframe style=\"border: 0; width: 100%; height: 42px;\" src=\"https:\/\/bandcamp.com\/EmbeddedPlayer\/album=1134552098\/size=small\/bgcol=333333\/linkcol=0f91ff\/transparent=true\/\" seamless=\"\"><a href=\"https:\/\/theshakingsensations.bandcamp.com\/album\/how-are-we-to-fight-the-blight\">How Are We to Fight the Blight? by The Shaking Sensations<\/a><\/iframe><\/p>\n<p>Diese 5-k\u00f6pfige d\u00e4nische Post-Rock-Band spielt mit zwei Schlagzeugern und das bietet nat\u00fcrlich zus\u00e4tzliche M\u00f6glichkeiten. Aber auch f\u00fcr Schwierigkeiten, denn die Band wollte den organischen Sound beibehalten und damit alles in einem Raum aufnehmen. Unter der Leitung von Produzent Anders Haaning hat das gut geklappt. Das Album wurde von niemand anderem als Magnus Lindberg von Cult Of Luna gemischt und gemastert, der zuvor auch f\u00fcr Alben von Russians Circles, Barrens, PG.Lost usw. verantwortlich war.\nEr stellte sicher, dass die leichteren und schwereren Teile in perfekter Harmonie miteinander sind.<\/p>","protected":false},"excerpt":{"rendered":"<p>Limitierte Auflage von nur 200 St\u00fcck weltweit auf Red Magenta Vinyl, solange der Vorrat reicht.<\/p>\n<p>Auch auf schwarzem Vinyl erh\u00e4ltlich<\/p>\n<p>F\u00fcr Fans von <a href=\"https:\/\/demistrecords.nl\/de\/?s=caspian&amp;post_type=product\">Caspian<\/a>, And So I Watch You From Afar, <a href=\"https:\/\/demistrecords.nl\/de\/?s=russian+circles&amp;post_type=product\">Russian Circles<\/a>, etc.<\/p>","protected":false},"featured_media":289,"comment_status":"closed","ping_status":"closed","template":"","meta":[],"product_brand":[],"product_cat":[22,16],"product_tag":[28],"class_list":{"0":"post-288","1":"product","2":"type-product","3":"status-publish","4":"has-post-thumbnail","6":"product_cat-sale","7":"product_cat-vinyl-12-2xlp","8":"product_tag-post-rock","10":"first","11":"outofstock","12":"sale","13":"taxable","14":"shipping-taxable","15":"purchasable","16":"product-type-variable","17":"has-default-attributes"},"yoast_head":"<!-- This site is optimized with the Yoast SEO plugin v27.3 - https:\/\/yoast.com\/product\/yoast-seo-wordpress\/ -->\n<title>The Shaking Sensations - How Are We To Flight The Blight?<\/title>\n<meta name=\"description\" content=\"Gelimiteerde oplage van slecht 200 stuks wereldwijd op Rood Magenta vinyl, leverbaar zolang de voorraad strekt.  Ook leverbaar op zwart vinyl.  Voor fans van Caspian, And So I Watch You From Afar, Russian Circles, etc.\" \/>\n<meta name=\"robots\" content=\"index, follow, max-snippet:-1, max-image-preview:large, max-video-preview:-1\" \/>\n<link rel=\"canonical\" href=\"https:\/\/demistrecords.nl\/de\/produkt\/the-shaking-sensations-how-are-we-to-flight-the-blight\/\" \/>\n<meta property=\"og:locale\" content=\"de_DE\" \/>\n<meta property=\"og:type\" content=\"article\" \/>\n<meta property=\"og:title\" content=\"The Shaking Sensations - How Are We To Flight The Blight?\" \/>\n<meta property=\"og:description\" content=\"Gelimiteerde oplage van slecht 200 stuks wereldwijd op Rood Magenta vinyl, leverbaar zolang de voorraad strekt.  Ook leverbaar op zwart vinyl.  Voor fans van Caspian, And So I Watch You From Afar, Russian Circles, etc.\" \/>\n<meta property=\"og:url\" content=\"https:\/\/demistrecords.nl\/de\/produkt\/the-shaking-sensations-how-are-we-to-flight-the-blight\/\" \/>\n<meta property=\"og:site_name\" content=\"De Mist Records\" \/>\n<meta property=\"article:publisher\" content=\"https:\/\/www.facebook.com\/demistrecordsnl\" \/>\n<meta property=\"article:modified_time\" content=\"2026-02-14T16:31:01+00:00\" \/>\n<meta property=\"og:image\" content=\"https:\/\/demistrecords.nl\/wp-content\/uploads\/2021\/01\/the_shaking_sensations_magenta_red_solid_vinyl.jpg\" \/>\n\t<meta property=\"og:image:width\" content=\"2400\" \/>\n\t<meta property=\"og:image:height\" content=\"2400\" \/>\n\t<meta property=\"og:image:type\" content=\"image\/jpeg\" \/>\n<meta name=\"twitter:card\" content=\"summary_large_image\" \/>\n<meta name=\"twitter:site\" content=\"@deathroo1\" \/>\n<meta name=\"twitter:label1\" content=\"Gesch\u00e4tzte Lesezeit\" \/>\n\t<meta name=\"twitter:data1\" content=\"1\u00a0Minute\" \/>\n<script type=\"application\/ld+json\" class=\"yoast-schema-graph\">{\"@context\":\"https:\\\/\\\/schema.org\",\"@graph\":[{\"@type\":[\"WebPage\",\"ItemPage\"],\"@id\":\"https:\\\/\\\/demistrecords.nl\\\/product\\\/the-shaking-sensations-how-are-we-to-flight-the-blight\\\/\",\"url\":\"https:\\\/\\\/demistrecords.nl\\\/product\\\/the-shaking-sensations-how-are-we-to-flight-the-blight\\\/\",\"name\":\"The Shaking Sensations - How Are We To Flight The Blight?\",\"isPartOf\":{\"@id\":\"https:\\\/\\\/demistrecords.nl\\\/#website\"},\"primaryImageOfPage\":{\"@id\":\"https:\\\/\\\/demistrecords.nl\\\/product\\\/the-shaking-sensations-how-are-we-to-flight-the-blight\\\/#primaryimage\"},\"image\":{\"@id\":\"https:\\\/\\\/demistrecords.nl\\\/product\\\/the-shaking-sensations-how-are-we-to-flight-the-blight\\\/#primaryimage\"},\"thumbnailUrl\":\"https:\\\/\\\/demistrecords.nl\\\/wp-content\\\/uploads\\\/2021\\\/01\\\/the_shaking_sensations_magenta_red_solid_vinyl.jpg\",\"datePublished\":\"2021-01-05T14:39:35+00:00\",\"dateModified\":\"2026-02-14T16:31:01+00:00\",\"description\":\"Gelimiteerde oplage van slecht 200 stuks wereldwijd op Rood Magenta vinyl, leverbaar zolang de voorraad strekt. Ook leverbaar op zwart vinyl. Voor fans van Caspian, And So I Watch You From Afar, Russian Circles, etc.\",\"breadcrumb\":{\"@id\":\"https:\\\/\\\/demistrecords.nl\\\/product\\\/the-shaking-sensations-how-are-we-to-flight-the-blight\\\/#breadcrumb\"},\"inLanguage\":\"de\",\"potentialAction\":[{\"@type\":\"ReadAction\",\"target\":[\"https:\\\/\\\/demistrecords.nl\\\/product\\\/the-shaking-sensations-how-are-we-to-flight-the-blight\\\/\"]}]},{\"@type\":\"ImageObject\",\"inLanguage\":\"de\",\"@id\":\"https:\\\/\\\/demistrecords.nl\\\/product\\\/the-shaking-sensations-how-are-we-to-flight-the-blight\\\/#primaryimage\",\"url\":\"https:\\\/\\\/demistrecords.nl\\\/wp-content\\\/uploads\\\/2021\\\/01\\\/the_shaking_sensations_magenta_red_solid_vinyl.jpg\",\"contentUrl\":\"https:\\\/\\\/demistrecords.nl\\\/wp-content\\\/uploads\\\/2021\\\/01\\\/the_shaking_sensations_magenta_red_solid_vinyl.jpg\",\"width\":2400,\"height\":2400},{\"@type\":\"BreadcrumbList\",\"@id\":\"https:\\\/\\\/demistrecords.nl\\\/product\\\/the-shaking-sensations-how-are-we-to-flight-the-blight\\\/#breadcrumb\",\"itemListElement\":[{\"@type\":\"ListItem\",\"position\":1,\"name\":\"Home\",\"item\":\"https:\\\/\\\/demistrecords.nl\\\/\"},{\"@type\":\"ListItem\",\"position\":2,\"name\":\"Shop\",\"item\":\"https:\\\/\\\/demistrecords.nl\\\/shop\\\/\"},{\"@type\":\"ListItem\",\"position\":3,\"name\":\"The Shaking Sensations &#8211; How Are We To Flight The Blight?\"}]},{\"@type\":\"WebSite\",\"@id\":\"https:\\\/\\\/demistrecords.nl\\\/#website\",\"url\":\"https:\\\/\\\/demistrecords.nl\\\/\",\"name\":\"De Mist Records\",\"description\":\"Post-rock and related music\",\"publisher\":{\"@id\":\"https:\\\/\\\/demistrecords.nl\\\/#organization\"},\"potentialAction\":[{\"@type\":\"SearchAction\",\"target\":{\"@type\":\"EntryPoint\",\"urlTemplate\":\"https:\\\/\\\/demistrecords.nl\\\/?s={search_term_string}\"},\"query-input\":{\"@type\":\"PropertyValueSpecification\",\"valueRequired\":true,\"valueName\":\"search_term_string\"}}],\"inLanguage\":\"de\"},{\"@type\":\"Organization\",\"@id\":\"https:\\\/\\\/demistrecords.nl\\\/#organization\",\"name\":\"De Mist Records\",\"url\":\"https:\\\/\\\/demistrecords.nl\\\/\",\"logo\":{\"@type\":\"ImageObject\",\"inLanguage\":\"de\",\"@id\":\"https:\\\/\\\/demistrecords.nl\\\/#\\\/schema\\\/logo\\\/image\\\/\",\"url\":\"https:\\\/\\\/demistrecords.nl\\\/wp-content\\\/uploads\\\/2020\\\/12\\\/logo-de-mist-records-rond.png\",\"contentUrl\":\"https:\\\/\\\/demistrecords.nl\\\/wp-content\\\/uploads\\\/2020\\\/12\\\/logo-de-mist-records-rond.png\",\"width\":500,\"height\":500,\"caption\":\"De Mist Records\"},\"image\":{\"@id\":\"https:\\\/\\\/demistrecords.nl\\\/#\\\/schema\\\/logo\\\/image\\\/\"},\"sameAs\":[\"https:\\\/\\\/www.facebook.com\\\/demistrecordsnl\",\"https:\\\/\\\/x.com\\\/deathroo1\",\"https:\\\/\\\/www.instagram.com\\\/demist_records\\\/\"]}]}<\/script>\n<!-- \/ Yoast SEO plugin. -->","yoast_head_json":{"title":"The Shaking Sensations - How Are We To Flight The Blight?","description":"Gelimiteerde oplage van slecht 200 stuks wereldwijd op Rood Magenta vinyl, leverbaar zolang de voorraad strekt.  Ook leverbaar op zwart vinyl.  Voor fans van Caspian, And So I Watch You From Afar, Russian Circles, etc.","robots":{"index":"index","follow":"follow","max-snippet":"max-snippet:-1","max-image-preview":"max-image-preview:large","max-video-preview":"max-video-preview:-1"},"canonical":"https:\/\/demistrecords.nl\/de\/produkt\/the-shaking-sensations-how-are-we-to-flight-the-blight\/","og_locale":"de_DE","og_type":"article","og_title":"The Shaking Sensations - How Are We To Flight The Blight?","og_description":"Gelimiteerde oplage van slecht 200 stuks wereldwijd op Rood Magenta vinyl, leverbaar zolang de voorraad strekt.  Ook leverbaar op zwart vinyl.  Voor fans van Caspian, And So I Watch You From Afar, Russian Circles, etc.","og_url":"https:\/\/demistrecords.nl\/de\/produkt\/the-shaking-sensations-how-are-we-to-flight-the-blight\/","og_site_name":"De Mist Records","article_publisher":"https:\/\/www.facebook.com\/demistrecordsnl","article_modified_time":"2026-02-14T16:31:01+00:00","og_image":[{"width":2400,"height":2400,"url":"https:\/\/demistrecords.nl\/wp-content\/uploads\/2021\/01\/the_shaking_sensations_magenta_red_solid_vinyl.jpg","type":"image\/jpeg"}],"twitter_card":"summary_large_image","twitter_site":"@deathroo1","twitter_misc":{"Gesch\u00e4tzte Lesezeit":"1\u00a0Minute"},"schema":{"@context":"https:\/\/schema.org","@graph":[{"@type":["WebPage","ItemPage"],"@id":"https:\/\/demistrecords.nl\/product\/the-shaking-sensations-how-are-we-to-flight-the-blight\/","url":"https:\/\/demistrecords.nl\/product\/the-shaking-sensations-how-are-we-to-flight-the-blight\/","name":"The Shaking Sensations - How Are We To Flight The Blight?","isPartOf":{"@id":"https:\/\/demistrecords.nl\/#website"},"primaryImageOfPage":{"@id":"https:\/\/demistrecords.nl\/product\/the-shaking-sensations-how-are-we-to-flight-the-blight\/#primaryimage"},"image":{"@id":"https:\/\/demistrecords.nl\/product\/the-shaking-sensations-how-are-we-to-flight-the-blight\/#primaryimage"},"thumbnailUrl":"https:\/\/demistrecords.nl\/wp-content\/uploads\/2021\/01\/the_shaking_sensations_magenta_red_solid_vinyl.jpg","datePublished":"2021-01-05T14:39:35+00:00","dateModified":"2026-02-14T16:31:01+00:00","description":"Gelimiteerde oplage van slecht 200 stuks wereldwijd op Rood Magenta vinyl, leverbaar zolang de voorraad strekt. Ook leverbaar op zwart vinyl. Voor fans van Caspian, And So I Watch You From Afar, Russian Circles, etc.","breadcrumb":{"@id":"https:\/\/demistrecords.nl\/product\/the-shaking-sensations-how-are-we-to-flight-the-blight\/#breadcrumb"},"inLanguage":"de","potentialAction":[{"@type":"ReadAction","target":["https:\/\/demistrecords.nl\/product\/the-shaking-sensations-how-are-we-to-flight-the-blight\/"]}]},{"@type":"ImageObject","inLanguage":"de","@id":"https:\/\/demistrecords.nl\/product\/the-shaking-sensations-how-are-we-to-flight-the-blight\/#primaryimage","url":"https:\/\/demistrecords.nl\/wp-content\/uploads\/2021\/01\/the_shaking_sensations_magenta_red_solid_vinyl.jpg","contentUrl":"https:\/\/demistrecords.nl\/wp-content\/uploads\/2021\/01\/the_shaking_sensations_magenta_red_solid_vinyl.jpg","width":2400,"height":2400},{"@type":"BreadcrumbList","@id":"https:\/\/demistrecords.nl\/product\/the-shaking-sensations-how-are-we-to-flight-the-blight\/#breadcrumb","itemListElement":[{"@type":"ListItem","position":1,"name":"Home","item":"https:\/\/demistrecords.nl\/"},{"@type":"ListItem","position":2,"name":"Shop","item":"https:\/\/demistrecords.nl\/shop\/"},{"@type":"ListItem","position":3,"name":"The Shaking Sensations &#8211; How Are We To Flight The Blight?"}]},{"@type":"WebSite","@id":"https:\/\/demistrecords.nl\/#website","url":"https:\/\/demistrecords.nl\/","name":"De Mist Records","description":"Post-rock and related music","publisher":{"@id":"https:\/\/demistrecords.nl\/#organization"},"potentialAction":[{"@type":"SearchAction","target":{"@type":"EntryPoint","urlTemplate":"https:\/\/demistrecords.nl\/?s={search_term_string}"},"query-input":{"@type":"PropertyValueSpecification","valueRequired":true,"valueName":"search_term_string"}}],"inLanguage":"de"},{"@type":"Organization","@id":"https:\/\/demistrecords.nl\/#organization","name":"De Mist Records","url":"https:\/\/demistrecords.nl\/","logo":{"@type":"ImageObject","inLanguage":"de","@id":"https:\/\/demistrecords.nl\/#\/schema\/logo\/image\/","url":"https:\/\/demistrecords.nl\/wp-content\/uploads\/2020\/12\/logo-de-mist-records-rond.png","contentUrl":"https:\/\/demistrecords.nl\/wp-content\/uploads\/2020\/12\/logo-de-mist-records-rond.png","width":500,"height":500,"caption":"De Mist Records"},"image":{"@id":"https:\/\/demistrecords.nl\/#\/schema\/logo\/image\/"},"sameAs":["https:\/\/www.facebook.com\/demistrecordsnl","https:\/\/x.com\/deathroo1","https:\/\/www.instagram.com\/demist_records\/"]}]}},"_links":{"self":[{"href":"https:\/\/demistrecords.nl\/de\/wp-json\/wp\/v2\/product\/288","targetHints":{"allow":["GET"]}}],"collection":[{"href":"https:\/\/demistrecords.nl\/de\/wp-json\/wp\/v2\/product"}],"about":[{"href":"https:\/\/demistrecords.nl\/de\/wp-json\/wp\/v2\/types\/product"}],"replies":[{"embeddable":true,"href":"https:\/\/demistrecords.nl\/de\/wp-json\/wp\/v2\/comments?post=288"}],"wp:featuredmedia":[{"embeddable":true,"href":"https:\/\/demistrecords.nl\/de\/wp-json\/wp\/v2\/media\/289"}],"wp:attachment":[{"href":"https:\/\/demistrecords.nl\/de\/wp-json\/wp\/v2\/media?parent=288"}],"wp:term":[{"taxonomy":"product_brand","embeddable":true,"href":"https:\/\/demistrecords.nl\/de\/wp-json\/wp\/v2\/product_brand?post=288"},{"taxonomy":"product_cat","embeddable":true,"href":"https:\/\/demistrecords.nl\/de\/wp-json\/wp\/v2\/product_cat?post=288"},{"taxonomy":"product_tag","embeddable":true,"href":"https:\/\/demistrecords.nl\/de\/wp-json\/wp\/v2\/product_tag?post=288"}],"curies":[{"name":"wp","href":"https:\/\/api.w.org\/{rel}","templated":true}]}}