{"id":290,"date":"2021-01-06T16:56:44","date_gmt":"2021-01-06T15:56:44","guid":{"rendered":"https:\/\/demistrecords.nl\/?post_type=product&#038;p=290"},"modified":"2021-12-04T14:57:28","modified_gmt":"2021-12-04T13:57:28","slug":"envy-the-fallen-crimson","status":"publish","type":"product","link":"https:\/\/demistrecords.nl\/de\/produkt\/envy-the-fallen-crimson\/","title":{"rendered":"envy &#8211; The Fallen Crimson"},"content":{"rendered":"<p><iframe style=\"border: 0; width: 100%; height: 42px;\" src=\"https:\/\/bandcamp.com\/EmbeddedPlayer\/album=4256625452\/size=small\/bgcol=333333\/linkcol=0f91ff\/license_id=820\/transparent=true\/\" seamless=\"\"><a href=\"https:\/\/envy.bandcamp.com\/album\/the-fallen-crimson\">The Fallen Crimson by Envy<\/a><\/iframe><\/p>","protected":false},"excerpt":{"rendered":"<p>Limitierte Auflage von 500 St\u00fcck in Smoke Vinyl<\/p>\n<p>Diese japanische Band gibt es seit 25 Jahren und envy kann zu Recht als einer der Champions des Post-Hardcore angesehen werden. Im Jahr 2015 erlebte die Band turbulente Zeiten, als einige Mitglieder die Band verlie\u00dfen. Mit der R\u00fcckkehr der S\u00e4ngerin \/ Mitbegr\u00fcnderin Tetsuya Fukagawa und der Ankunft von 3 neuen Bandmitgliedern kann man von \"envy 2.0\" sprechen. Nach einer ersten Single waren die Erwartungen hoch, aber die Band hat mit The Fallen Crimson sie mehr als erf\u00fcllt.<\/p>","protected":false},"featured_media":291,"comment_status":"closed","ping_status":"closed","template":"","meta":[],"product_brand":[],"product_cat":[16],"product_tag":[26,34],"class_list":{"0":"post-290","1":"product","2":"type-product","3":"status-publish","4":"has-post-thumbnail","6":"product_cat-vinyl-12-2xlp","7":"product_tag-post-metal","8":"product_tag-posthardcore","10":"first","11":"outofstock","12":"taxable","13":"shipping-taxable","14":"purchasable","15":"product-type-simple"},"yoast_head":"<!-- This site is optimized with the Yoast SEO plugin v27.3 - https:\/\/yoast.com\/product\/yoast-seo-wordpress\/ -->\n<title>envy - The Fallen Crimson<\/title>\n<meta name=\"description\" content=\"Gelimiteerde oplage van 500 stuks in Smoke vinyl  Al 25 jaar bestaat deze Japanse band al en envy mag dan ook met recht worden gezien als een van de voorvechters van de posthardcore. In 2015 maakte de band roerige tijden mee toen er een aantal leden uit de band stapten. Met de terugkeer van zanger\/mede-oprichter Tetsuya Fukagawa en de komst van 3 nieuwe bandleden kun je spreken van &#039;envy 2.0&#039;. Na een eerste single waren de verwachtingen hooggespannen, maar die heeft de band met The Fallen Crimson meer dan ingelost.\" \/>\n<meta name=\"robots\" content=\"index, follow, max-snippet:-1, max-image-preview:large, max-video-preview:-1\" \/>\n<link rel=\"canonical\" href=\"https:\/\/demistrecords.nl\/de\/produkt\/envy-the-fallen-crimson\/\" \/>\n<meta property=\"og:locale\" content=\"de_DE\" \/>\n<meta property=\"og:type\" content=\"article\" \/>\n<meta property=\"og:title\" content=\"envy - The Fallen Crimson\" \/>\n<meta property=\"og:description\" content=\"Gelimiteerde oplage van 500 stuks in Smoke vinyl  Al 25 jaar bestaat deze Japanse band al en envy mag dan ook met recht worden gezien als een van de voorvechters van de posthardcore. In 2015 maakte de band roerige tijden mee toen er een aantal leden uit de band stapten. Met de terugkeer van zanger\/mede-oprichter Tetsuya Fukagawa en de komst van 3 nieuwe bandleden kun je spreken van &#039;envy 2.0&#039;. Na een eerste single waren de verwachtingen hooggespannen, maar die heeft de band met The Fallen Crimson meer dan ingelost.\" \/>\n<meta property=\"og:url\" content=\"https:\/\/demistrecords.nl\/de\/produkt\/envy-the-fallen-crimson\/\" \/>\n<meta property=\"og:site_name\" content=\"De Mist Records\" \/>\n<meta property=\"article:publisher\" content=\"https:\/\/www.facebook.com\/demistrecordsnl\" \/>\n<meta property=\"article:modified_time\" content=\"2021-12-04T13:57:28+00:00\" \/>\n<meta property=\"og:image\" content=\"https:\/\/demistrecords.nl\/wp-content\/uploads\/2021\/01\/envy-the-fallen-crimson-2xlp.jpg\" \/>\n\t<meta property=\"og:image:width\" content=\"2400\" \/>\n\t<meta property=\"og:image:height\" content=\"2400\" \/>\n\t<meta property=\"og:image:type\" content=\"image\/jpeg\" \/>\n<meta name=\"twitter:card\" content=\"summary_large_image\" \/>\n<meta name=\"twitter:site\" content=\"@deathroo1\" \/>\n<script type=\"application\/ld+json\" class=\"yoast-schema-graph\">{\"@context\":\"https:\\\/\\\/schema.org\",\"@graph\":[{\"@type\":[\"WebPage\",\"ItemPage\"],\"@id\":\"https:\\\/\\\/demistrecords.nl\\\/product\\\/envy-the-fallen-crimson\\\/\",\"url\":\"https:\\\/\\\/demistrecords.nl\\\/product\\\/envy-the-fallen-crimson\\\/\",\"name\":\"envy - The Fallen Crimson\",\"isPartOf\":{\"@id\":\"https:\\\/\\\/demistrecords.nl\\\/#website\"},\"primaryImageOfPage\":{\"@id\":\"https:\\\/\\\/demistrecords.nl\\\/product\\\/envy-the-fallen-crimson\\\/#primaryimage\"},\"image\":{\"@id\":\"https:\\\/\\\/demistrecords.nl\\\/product\\\/envy-the-fallen-crimson\\\/#primaryimage\"},\"thumbnailUrl\":\"https:\\\/\\\/demistrecords.nl\\\/wp-content\\\/uploads\\\/2021\\\/01\\\/envy-the-fallen-crimson-2xlp.jpg\",\"datePublished\":\"2021-01-06T15:56:44+00:00\",\"dateModified\":\"2021-12-04T13:57:28+00:00\",\"description\":\"Gelimiteerde oplage van 500 stuks in Smoke vinyl Al 25 jaar bestaat deze Japanse band al en envy mag dan ook met recht worden gezien als een van de voorvechters van de posthardcore. In 2015 maakte de band roerige tijden mee toen er een aantal leden uit de band stapten. Met de terugkeer van zanger\\\/mede-oprichter Tetsuya Fukagawa en de komst van 3 nieuwe bandleden kun je spreken van 'envy 2.0'. Na een eerste single waren de verwachtingen hooggespannen, maar die heeft de band met The Fallen Crimson meer dan ingelost.\",\"breadcrumb\":{\"@id\":\"https:\\\/\\\/demistrecords.nl\\\/product\\\/envy-the-fallen-crimson\\\/#breadcrumb\"},\"inLanguage\":\"de\",\"potentialAction\":[{\"@type\":\"ReadAction\",\"target\":[\"https:\\\/\\\/demistrecords.nl\\\/product\\\/envy-the-fallen-crimson\\\/\"]}]},{\"@type\":\"ImageObject\",\"inLanguage\":\"de\",\"@id\":\"https:\\\/\\\/demistrecords.nl\\\/product\\\/envy-the-fallen-crimson\\\/#primaryimage\",\"url\":\"https:\\\/\\\/demistrecords.nl\\\/wp-content\\\/uploads\\\/2021\\\/01\\\/envy-the-fallen-crimson-2xlp.jpg\",\"contentUrl\":\"https:\\\/\\\/demistrecords.nl\\\/wp-content\\\/uploads\\\/2021\\\/01\\\/envy-the-fallen-crimson-2xlp.jpg\",\"width\":2400,\"height\":2400},{\"@type\":\"BreadcrumbList\",\"@id\":\"https:\\\/\\\/demistrecords.nl\\\/product\\\/envy-the-fallen-crimson\\\/#breadcrumb\",\"itemListElement\":[{\"@type\":\"ListItem\",\"position\":1,\"name\":\"Home\",\"item\":\"https:\\\/\\\/demistrecords.nl\\\/\"},{\"@type\":\"ListItem\",\"position\":2,\"name\":\"Shop\",\"item\":\"https:\\\/\\\/demistrecords.nl\\\/shop\\\/\"},{\"@type\":\"ListItem\",\"position\":3,\"name\":\"envy &#8211; The Fallen Crimson\"}]},{\"@type\":\"WebSite\",\"@id\":\"https:\\\/\\\/demistrecords.nl\\\/#website\",\"url\":\"https:\\\/\\\/demistrecords.nl\\\/\",\"name\":\"De Mist Records\",\"description\":\"Post-rock and related music\",\"publisher\":{\"@id\":\"https:\\\/\\\/demistrecords.nl\\\/#organization\"},\"potentialAction\":[{\"@type\":\"SearchAction\",\"target\":{\"@type\":\"EntryPoint\",\"urlTemplate\":\"https:\\\/\\\/demistrecords.nl\\\/?s={search_term_string}\"},\"query-input\":{\"@type\":\"PropertyValueSpecification\",\"valueRequired\":true,\"valueName\":\"search_term_string\"}}],\"inLanguage\":\"de\"},{\"@type\":\"Organization\",\"@id\":\"https:\\\/\\\/demistrecords.nl\\\/#organization\",\"name\":\"De Mist Records\",\"url\":\"https:\\\/\\\/demistrecords.nl\\\/\",\"logo\":{\"@type\":\"ImageObject\",\"inLanguage\":\"de\",\"@id\":\"https:\\\/\\\/demistrecords.nl\\\/#\\\/schema\\\/logo\\\/image\\\/\",\"url\":\"https:\\\/\\\/demistrecords.nl\\\/wp-content\\\/uploads\\\/2020\\\/12\\\/logo-de-mist-records-rond.png\",\"contentUrl\":\"https:\\\/\\\/demistrecords.nl\\\/wp-content\\\/uploads\\\/2020\\\/12\\\/logo-de-mist-records-rond.png\",\"width\":500,\"height\":500,\"caption\":\"De Mist Records\"},\"image\":{\"@id\":\"https:\\\/\\\/demistrecords.nl\\\/#\\\/schema\\\/logo\\\/image\\\/\"},\"sameAs\":[\"https:\\\/\\\/www.facebook.com\\\/demistrecordsnl\",\"https:\\\/\\\/x.com\\\/deathroo1\",\"https:\\\/\\\/www.instagram.com\\\/demist_records\\\/\"]}]}<\/script>\n<!-- \/ Yoast SEO plugin. -->","yoast_head_json":{"title":"envy - The Fallen Crimson","description":"Gelimiteerde oplage van 500 stuks in Smoke vinyl  Al 25 jaar bestaat deze Japanse band al en envy mag dan ook met recht worden gezien als een van de voorvechters van de posthardcore. In 2015 maakte de band roerige tijden mee toen er een aantal leden uit de band stapten. Met de terugkeer van zanger\/mede-oprichter Tetsuya Fukagawa en de komst van 3 nieuwe bandleden kun je spreken van 'envy 2.0'. Na een eerste single waren de verwachtingen hooggespannen, maar die heeft de band met The Fallen Crimson meer dan ingelost.","robots":{"index":"index","follow":"follow","max-snippet":"max-snippet:-1","max-image-preview":"max-image-preview:large","max-video-preview":"max-video-preview:-1"},"canonical":"https:\/\/demistrecords.nl\/de\/produkt\/envy-the-fallen-crimson\/","og_locale":"de_DE","og_type":"article","og_title":"envy - The Fallen Crimson","og_description":"Gelimiteerde oplage van 500 stuks in Smoke vinyl  Al 25 jaar bestaat deze Japanse band al en envy mag dan ook met recht worden gezien als een van de voorvechters van de posthardcore. In 2015 maakte de band roerige tijden mee toen er een aantal leden uit de band stapten. Met de terugkeer van zanger\/mede-oprichter Tetsuya Fukagawa en de komst van 3 nieuwe bandleden kun je spreken van 'envy 2.0'. Na een eerste single waren de verwachtingen hooggespannen, maar die heeft de band met The Fallen Crimson meer dan ingelost.","og_url":"https:\/\/demistrecords.nl\/de\/produkt\/envy-the-fallen-crimson\/","og_site_name":"De Mist Records","article_publisher":"https:\/\/www.facebook.com\/demistrecordsnl","article_modified_time":"2021-12-04T13:57:28+00:00","og_image":[{"width":2400,"height":2400,"url":"https:\/\/demistrecords.nl\/wp-content\/uploads\/2021\/01\/envy-the-fallen-crimson-2xlp.jpg","type":"image\/jpeg"}],"twitter_card":"summary_large_image","twitter_site":"@deathroo1","schema":{"@context":"https:\/\/schema.org","@graph":[{"@type":["WebPage","ItemPage"],"@id":"https:\/\/demistrecords.nl\/product\/envy-the-fallen-crimson\/","url":"https:\/\/demistrecords.nl\/product\/envy-the-fallen-crimson\/","name":"envy - The Fallen Crimson","isPartOf":{"@id":"https:\/\/demistrecords.nl\/#website"},"primaryImageOfPage":{"@id":"https:\/\/demistrecords.nl\/product\/envy-the-fallen-crimson\/#primaryimage"},"image":{"@id":"https:\/\/demistrecords.nl\/product\/envy-the-fallen-crimson\/#primaryimage"},"thumbnailUrl":"https:\/\/demistrecords.nl\/wp-content\/uploads\/2021\/01\/envy-the-fallen-crimson-2xlp.jpg","datePublished":"2021-01-06T15:56:44+00:00","dateModified":"2021-12-04T13:57:28+00:00","description":"Gelimiteerde oplage van 500 stuks in Smoke vinyl Al 25 jaar bestaat deze Japanse band al en envy mag dan ook met recht worden gezien als een van de voorvechters van de posthardcore. In 2015 maakte de band roerige tijden mee toen er een aantal leden uit de band stapten. Met de terugkeer van zanger\/mede-oprichter Tetsuya Fukagawa en de komst van 3 nieuwe bandleden kun je spreken van 'envy 2.0'. Na een eerste single waren de verwachtingen hooggespannen, maar die heeft de band met The Fallen Crimson meer dan ingelost.","breadcrumb":{"@id":"https:\/\/demistrecords.nl\/product\/envy-the-fallen-crimson\/#breadcrumb"},"inLanguage":"de","potentialAction":[{"@type":"ReadAction","target":["https:\/\/demistrecords.nl\/product\/envy-the-fallen-crimson\/"]}]},{"@type":"ImageObject","inLanguage":"de","@id":"https:\/\/demistrecords.nl\/product\/envy-the-fallen-crimson\/#primaryimage","url":"https:\/\/demistrecords.nl\/wp-content\/uploads\/2021\/01\/envy-the-fallen-crimson-2xlp.jpg","contentUrl":"https:\/\/demistrecords.nl\/wp-content\/uploads\/2021\/01\/envy-the-fallen-crimson-2xlp.jpg","width":2400,"height":2400},{"@type":"BreadcrumbList","@id":"https:\/\/demistrecords.nl\/product\/envy-the-fallen-crimson\/#breadcrumb","itemListElement":[{"@type":"ListItem","position":1,"name":"Home","item":"https:\/\/demistrecords.nl\/"},{"@type":"ListItem","position":2,"name":"Shop","item":"https:\/\/demistrecords.nl\/shop\/"},{"@type":"ListItem","position":3,"name":"envy &#8211; The Fallen Crimson"}]},{"@type":"WebSite","@id":"https:\/\/demistrecords.nl\/#website","url":"https:\/\/demistrecords.nl\/","name":"De Mist Records","description":"Post-rock and related music","publisher":{"@id":"https:\/\/demistrecords.nl\/#organization"},"potentialAction":[{"@type":"SearchAction","target":{"@type":"EntryPoint","urlTemplate":"https:\/\/demistrecords.nl\/?s={search_term_string}"},"query-input":{"@type":"PropertyValueSpecification","valueRequired":true,"valueName":"search_term_string"}}],"inLanguage":"de"},{"@type":"Organization","@id":"https:\/\/demistrecords.nl\/#organization","name":"De Mist Records","url":"https:\/\/demistrecords.nl\/","logo":{"@type":"ImageObject","inLanguage":"de","@id":"https:\/\/demistrecords.nl\/#\/schema\/logo\/image\/","url":"https:\/\/demistrecords.nl\/wp-content\/uploads\/2020\/12\/logo-de-mist-records-rond.png","contentUrl":"https:\/\/demistrecords.nl\/wp-content\/uploads\/2020\/12\/logo-de-mist-records-rond.png","width":500,"height":500,"caption":"De Mist Records"},"image":{"@id":"https:\/\/demistrecords.nl\/#\/schema\/logo\/image\/"},"sameAs":["https:\/\/www.facebook.com\/demistrecordsnl","https:\/\/x.com\/deathroo1","https:\/\/www.instagram.com\/demist_records\/"]}]}},"_links":{"self":[{"href":"https:\/\/demistrecords.nl\/de\/wp-json\/wp\/v2\/product\/290","targetHints":{"allow":["GET"]}}],"collection":[{"href":"https:\/\/demistrecords.nl\/de\/wp-json\/wp\/v2\/product"}],"about":[{"href":"https:\/\/demistrecords.nl\/de\/wp-json\/wp\/v2\/types\/product"}],"replies":[{"embeddable":true,"href":"https:\/\/demistrecords.nl\/de\/wp-json\/wp\/v2\/comments?post=290"}],"wp:featuredmedia":[{"embeddable":true,"href":"https:\/\/demistrecords.nl\/de\/wp-json\/wp\/v2\/media\/291"}],"wp:attachment":[{"href":"https:\/\/demistrecords.nl\/de\/wp-json\/wp\/v2\/media?parent=290"}],"wp:term":[{"taxonomy":"product_brand","embeddable":true,"href":"https:\/\/demistrecords.nl\/de\/wp-json\/wp\/v2\/product_brand?post=290"},{"taxonomy":"product_cat","embeddable":true,"href":"https:\/\/demistrecords.nl\/de\/wp-json\/wp\/v2\/product_cat?post=290"},{"taxonomy":"product_tag","embeddable":true,"href":"https:\/\/demistrecords.nl\/de\/wp-json\/wp\/v2\/product_tag?post=290"}],"curies":[{"name":"wp","href":"https:\/\/api.w.org\/{rel}","templated":true}]}}