{"id":294,"date":"2021-01-11T13:51:51","date_gmt":"2021-01-11T12:51:51","guid":{"rendered":"https:\/\/demistrecords.nl\/?post_type=product&#038;p=294"},"modified":"2024-03-18T13:26:29","modified_gmt":"2024-03-18T12:26:29","slug":"briqueville-quelle","status":"publish","type":"product","link":"https:\/\/demistrecords.nl\/de\/produkt\/briqueville-quelle\/","title":{"rendered":"Briqueville &#8211; Quelle"},"content":{"rendered":"<p><iframe style=\"border: 0; width: 100%; height: 42px;\" src=\"https:\/\/bandcamp.com\/EmbeddedPlayer\/album=1601115195\/size=small\/bgcol=333333\/linkcol=0f91ff\/transparent=true\/\" seamless=\"\"><a href=\"https:\/\/briqueville.bandcamp.com\/album\/quelle\">Quelle by B R I Q U E V I L L E<\/a><\/iframe><\/p>","protected":false},"excerpt":{"rendered":"<p>Dieses Album ist bereit f\u00fcr die zweite Auflage: Single Color Edition, limitierte Auflage von nur 200 St\u00fcck.<\/p>\n<p>B R I Q U E V I L L E sollte mit Leerzeichen zwischen den Buchstaben geschrieben werden. Diese fl\u00e4mische 5-teilige Formation ver\u00f6ffentlicht ihr drittes Album mit Quelle. Dank der Pandemie mussten die Bandmitglieder dieses Album getrennt voneinander ausarbeiten, aber das hat tats\u00e4chlich sehr gut geklappt. Infolgedessen erwiesen sich einige Passagen als mehr als urspr\u00fcnglich beabsichtigt, w\u00e4hrend andere St\u00fccke auf das Wesentliche reduziert wurden. Covid-19 hat also auch positive Auswirkungen. In diesem Fall entstand ein absolutes Meisterwerk.<\/p>","protected":false},"featured_media":295,"comment_status":"closed","ping_status":"closed","template":"","meta":[],"product_brand":[],"product_cat":[16],"product_tag":[26],"class_list":{"0":"post-294","1":"product","2":"type-product","3":"status-publish","4":"has-post-thumbnail","6":"product_cat-vinyl-12-2xlp","7":"product_tag-post-metal","9":"first","10":"outofstock","11":"taxable","12":"shipping-taxable","13":"purchasable","14":"product-type-simple"},"bundled_by":[],"bundle_stock_status":"outofstock","bundle_stock_quantity":0,"bundle_virtual":false,"bundle_layout":"","bundle_add_to_cart_form_location":"","bundle_editable_in_cart":false,"bundle_sold_individually_context":"","bundle_item_grouping":"","bundle_min_size":"","bundle_max_size":"","bundle_price":[],"bundled_items":[],"bundle_sell_ids":[],"yoast_head":"<!-- This site is optimized with the Yoast SEO plugin v27.4 - https:\/\/yoast.com\/product\/yoast-seo-wordpress\/ -->\n<title>Briqueville - Quelle<\/title>\n<meta name=\"description\" content=\"Dit album is toe aan de tweede persing: Single Colour Edition, gelimiteerde oplage van slechts 200 stuks.  B R I Q U E V I L L E hoor je te schrijven met spaties tussen de letters. Deze Vlaamse 5-mansformatie brengt met Quelle hun 3 album uit. Dankzij de pandemie moesten de bandleden dit album afzonderlijk van elkaar uitwerken, maar dat pakte eigenlijk bijzonder goed uit. Hierdoor pakten sommige passages pakten uit dan aanvankelijk bedoeld was, terwijl andere stukken juist werden teruggebracht tot enkel de essentie. Zo heeft Covid-19 dus ook zijn positieve effecten. Het leverde in dit geval een absoluut meesterwerk op.\" \/>\n<meta name=\"robots\" content=\"index, follow, max-snippet:-1, max-image-preview:large, max-video-preview:-1\" \/>\n<link rel=\"canonical\" href=\"https:\/\/demistrecords.nl\/de\/produkt\/briqueville-quelle\/\" \/>\n<meta property=\"og:locale\" content=\"de_DE\" \/>\n<meta property=\"og:type\" content=\"article\" \/>\n<meta property=\"og:title\" content=\"Briqueville - Quelle\" \/>\n<meta property=\"og:description\" content=\"Dit album is toe aan de tweede persing: Single Colour Edition, gelimiteerde oplage van slechts 200 stuks.  B R I Q U E V I L L E hoor je te schrijven met spaties tussen de letters. Deze Vlaamse 5-mansformatie brengt met Quelle hun 3 album uit. Dankzij de pandemie moesten de bandleden dit album afzonderlijk van elkaar uitwerken, maar dat pakte eigenlijk bijzonder goed uit. Hierdoor pakten sommige passages pakten uit dan aanvankelijk bedoeld was, terwijl andere stukken juist werden teruggebracht tot enkel de essentie. Zo heeft Covid-19 dus ook zijn positieve effecten. Het leverde in dit geval een absoluut meesterwerk op.\" \/>\n<meta property=\"og:url\" content=\"https:\/\/demistrecords.nl\/de\/produkt\/briqueville-quelle\/\" \/>\n<meta property=\"og:site_name\" content=\"De Mist Records\" \/>\n<meta property=\"article:publisher\" content=\"https:\/\/www.facebook.com\/demistrecordsnl\" \/>\n<meta property=\"article:modified_time\" content=\"2024-03-18T12:26:29+00:00\" \/>\n<meta property=\"og:image\" content=\"https:\/\/demistrecords.nl\/wp-content\/uploads\/2021\/01\/briqueville_quelle_singlecolour_vinyl.jpg\" \/>\n\t<meta property=\"og:image:width\" content=\"2400\" \/>\n\t<meta property=\"og:image:height\" content=\"2400\" \/>\n\t<meta property=\"og:image:type\" content=\"image\/jpeg\" \/>\n<meta name=\"twitter:card\" content=\"summary_large_image\" \/>\n<meta name=\"twitter:site\" content=\"@deathroo1\" \/>\n<script type=\"application\/ld+json\" class=\"yoast-schema-graph\">{\"@context\":\"https:\\\/\\\/schema.org\",\"@graph\":[{\"@type\":[\"WebPage\",\"ItemPage\"],\"@id\":\"https:\\\/\\\/demistrecords.nl\\\/product\\\/briqueville-quelle\\\/\",\"url\":\"https:\\\/\\\/demistrecords.nl\\\/product\\\/briqueville-quelle\\\/\",\"name\":\"Briqueville - Quelle\",\"isPartOf\":{\"@id\":\"https:\\\/\\\/demistrecords.nl\\\/#website\"},\"primaryImageOfPage\":{\"@id\":\"https:\\\/\\\/demistrecords.nl\\\/product\\\/briqueville-quelle\\\/#primaryimage\"},\"image\":{\"@id\":\"https:\\\/\\\/demistrecords.nl\\\/product\\\/briqueville-quelle\\\/#primaryimage\"},\"thumbnailUrl\":\"https:\\\/\\\/demistrecords.nl\\\/wp-content\\\/uploads\\\/2021\\\/01\\\/briqueville_quelle_singlecolour_vinyl.jpg\",\"datePublished\":\"2021-01-11T12:51:51+00:00\",\"dateModified\":\"2024-03-18T12:26:29+00:00\",\"description\":\"Dit album is toe aan de tweede persing: Single Colour Edition, gelimiteerde oplage van slechts 200 stuks. B R I Q U E V I L L E hoor je te schrijven met spaties tussen de letters. Deze Vlaamse 5-mansformatie brengt met Quelle hun 3 album uit. Dankzij de pandemie moesten de bandleden dit album afzonderlijk van elkaar uitwerken, maar dat pakte eigenlijk bijzonder goed uit. Hierdoor pakten sommige passages pakten uit dan aanvankelijk bedoeld was, terwijl andere stukken juist werden teruggebracht tot enkel de essentie. Zo heeft Covid-19 dus ook zijn positieve effecten. Het leverde in dit geval een absoluut meesterwerk op.\",\"breadcrumb\":{\"@id\":\"https:\\\/\\\/demistrecords.nl\\\/product\\\/briqueville-quelle\\\/#breadcrumb\"},\"inLanguage\":\"de\",\"potentialAction\":[{\"@type\":\"ReadAction\",\"target\":[\"https:\\\/\\\/demistrecords.nl\\\/product\\\/briqueville-quelle\\\/\"]}]},{\"@type\":\"ImageObject\",\"inLanguage\":\"de\",\"@id\":\"https:\\\/\\\/demistrecords.nl\\\/product\\\/briqueville-quelle\\\/#primaryimage\",\"url\":\"https:\\\/\\\/demistrecords.nl\\\/wp-content\\\/uploads\\\/2021\\\/01\\\/briqueville_quelle_singlecolour_vinyl.jpg\",\"contentUrl\":\"https:\\\/\\\/demistrecords.nl\\\/wp-content\\\/uploads\\\/2021\\\/01\\\/briqueville_quelle_singlecolour_vinyl.jpg\",\"width\":2400,\"height\":2400},{\"@type\":\"BreadcrumbList\",\"@id\":\"https:\\\/\\\/demistrecords.nl\\\/product\\\/briqueville-quelle\\\/#breadcrumb\",\"itemListElement\":[{\"@type\":\"ListItem\",\"position\":1,\"name\":\"Home\",\"item\":\"https:\\\/\\\/demistrecords.nl\\\/\"},{\"@type\":\"ListItem\",\"position\":2,\"name\":\"Shop\",\"item\":\"https:\\\/\\\/demistrecords.nl\\\/shop\\\/\"},{\"@type\":\"ListItem\",\"position\":3,\"name\":\"Briqueville &#8211; Quelle\"}]},{\"@type\":\"WebSite\",\"@id\":\"https:\\\/\\\/demistrecords.nl\\\/#website\",\"url\":\"https:\\\/\\\/demistrecords.nl\\\/\",\"name\":\"De Mist Records\",\"description\":\"Post-rock and related music\",\"publisher\":{\"@id\":\"https:\\\/\\\/demistrecords.nl\\\/#organization\"},\"potentialAction\":[{\"@type\":\"SearchAction\",\"target\":{\"@type\":\"EntryPoint\",\"urlTemplate\":\"https:\\\/\\\/demistrecords.nl\\\/?s={search_term_string}\"},\"query-input\":{\"@type\":\"PropertyValueSpecification\",\"valueRequired\":true,\"valueName\":\"search_term_string\"}}],\"inLanguage\":\"de\"},{\"@type\":\"Organization\",\"@id\":\"https:\\\/\\\/demistrecords.nl\\\/#organization\",\"name\":\"De Mist Records\",\"url\":\"https:\\\/\\\/demistrecords.nl\\\/\",\"logo\":{\"@type\":\"ImageObject\",\"inLanguage\":\"de\",\"@id\":\"https:\\\/\\\/demistrecords.nl\\\/#\\\/schema\\\/logo\\\/image\\\/\",\"url\":\"https:\\\/\\\/demistrecords.nl\\\/wp-content\\\/uploads\\\/2020\\\/12\\\/logo-de-mist-records-rond.png\",\"contentUrl\":\"https:\\\/\\\/demistrecords.nl\\\/wp-content\\\/uploads\\\/2020\\\/12\\\/logo-de-mist-records-rond.png\",\"width\":500,\"height\":500,\"caption\":\"De Mist Records\"},\"image\":{\"@id\":\"https:\\\/\\\/demistrecords.nl\\\/#\\\/schema\\\/logo\\\/image\\\/\"},\"sameAs\":[\"https:\\\/\\\/www.facebook.com\\\/demistrecordsnl\",\"https:\\\/\\\/x.com\\\/deathroo1\",\"https:\\\/\\\/www.instagram.com\\\/demist_records\\\/\"]}]}<\/script>\n<!-- \/ Yoast SEO plugin. -->","yoast_head_json":{"title":"Briqueville - Quelle","description":"Dit album is toe aan de tweede persing: Single Colour Edition, gelimiteerde oplage van slechts 200 stuks.  B R I Q U E V I L L E hoor je te schrijven met spaties tussen de letters. Deze Vlaamse 5-mansformatie brengt met Quelle hun 3 album uit. Dankzij de pandemie moesten de bandleden dit album afzonderlijk van elkaar uitwerken, maar dat pakte eigenlijk bijzonder goed uit. Hierdoor pakten sommige passages pakten uit dan aanvankelijk bedoeld was, terwijl andere stukken juist werden teruggebracht tot enkel de essentie. Zo heeft Covid-19 dus ook zijn positieve effecten. Het leverde in dit geval een absoluut meesterwerk op.","robots":{"index":"index","follow":"follow","max-snippet":"max-snippet:-1","max-image-preview":"max-image-preview:large","max-video-preview":"max-video-preview:-1"},"canonical":"https:\/\/demistrecords.nl\/de\/produkt\/briqueville-quelle\/","og_locale":"de_DE","og_type":"article","og_title":"Briqueville - Quelle","og_description":"Dit album is toe aan de tweede persing: Single Colour Edition, gelimiteerde oplage van slechts 200 stuks.  B R I Q U E V I L L E hoor je te schrijven met spaties tussen de letters. Deze Vlaamse 5-mansformatie brengt met Quelle hun 3 album uit. Dankzij de pandemie moesten de bandleden dit album afzonderlijk van elkaar uitwerken, maar dat pakte eigenlijk bijzonder goed uit. Hierdoor pakten sommige passages pakten uit dan aanvankelijk bedoeld was, terwijl andere stukken juist werden teruggebracht tot enkel de essentie. Zo heeft Covid-19 dus ook zijn positieve effecten. Het leverde in dit geval een absoluut meesterwerk op.","og_url":"https:\/\/demistrecords.nl\/de\/produkt\/briqueville-quelle\/","og_site_name":"De Mist Records","article_publisher":"https:\/\/www.facebook.com\/demistrecordsnl","article_modified_time":"2024-03-18T12:26:29+00:00","og_image":[{"width":2400,"height":2400,"url":"https:\/\/demistrecords.nl\/wp-content\/uploads\/2021\/01\/briqueville_quelle_singlecolour_vinyl.jpg","type":"image\/jpeg"}],"twitter_card":"summary_large_image","twitter_site":"@deathroo1","schema":{"@context":"https:\/\/schema.org","@graph":[{"@type":["WebPage","ItemPage"],"@id":"https:\/\/demistrecords.nl\/product\/briqueville-quelle\/","url":"https:\/\/demistrecords.nl\/product\/briqueville-quelle\/","name":"Briqueville - Quelle","isPartOf":{"@id":"https:\/\/demistrecords.nl\/#website"},"primaryImageOfPage":{"@id":"https:\/\/demistrecords.nl\/product\/briqueville-quelle\/#primaryimage"},"image":{"@id":"https:\/\/demistrecords.nl\/product\/briqueville-quelle\/#primaryimage"},"thumbnailUrl":"https:\/\/demistrecords.nl\/wp-content\/uploads\/2021\/01\/briqueville_quelle_singlecolour_vinyl.jpg","datePublished":"2021-01-11T12:51:51+00:00","dateModified":"2024-03-18T12:26:29+00:00","description":"Dit album is toe aan de tweede persing: Single Colour Edition, gelimiteerde oplage van slechts 200 stuks. B R I Q U E V I L L E hoor je te schrijven met spaties tussen de letters. Deze Vlaamse 5-mansformatie brengt met Quelle hun 3 album uit. Dankzij de pandemie moesten de bandleden dit album afzonderlijk van elkaar uitwerken, maar dat pakte eigenlijk bijzonder goed uit. Hierdoor pakten sommige passages pakten uit dan aanvankelijk bedoeld was, terwijl andere stukken juist werden teruggebracht tot enkel de essentie. Zo heeft Covid-19 dus ook zijn positieve effecten. Het leverde in dit geval een absoluut meesterwerk op.","breadcrumb":{"@id":"https:\/\/demistrecords.nl\/product\/briqueville-quelle\/#breadcrumb"},"inLanguage":"de","potentialAction":[{"@type":"ReadAction","target":["https:\/\/demistrecords.nl\/product\/briqueville-quelle\/"]}]},{"@type":"ImageObject","inLanguage":"de","@id":"https:\/\/demistrecords.nl\/product\/briqueville-quelle\/#primaryimage","url":"https:\/\/demistrecords.nl\/wp-content\/uploads\/2021\/01\/briqueville_quelle_singlecolour_vinyl.jpg","contentUrl":"https:\/\/demistrecords.nl\/wp-content\/uploads\/2021\/01\/briqueville_quelle_singlecolour_vinyl.jpg","width":2400,"height":2400},{"@type":"BreadcrumbList","@id":"https:\/\/demistrecords.nl\/product\/briqueville-quelle\/#breadcrumb","itemListElement":[{"@type":"ListItem","position":1,"name":"Home","item":"https:\/\/demistrecords.nl\/"},{"@type":"ListItem","position":2,"name":"Shop","item":"https:\/\/demistrecords.nl\/shop\/"},{"@type":"ListItem","position":3,"name":"Briqueville &#8211; Quelle"}]},{"@type":"WebSite","@id":"https:\/\/demistrecords.nl\/#website","url":"https:\/\/demistrecords.nl\/","name":"De Mist Records","description":"Post-rock and related music","publisher":{"@id":"https:\/\/demistrecords.nl\/#organization"},"potentialAction":[{"@type":"SearchAction","target":{"@type":"EntryPoint","urlTemplate":"https:\/\/demistrecords.nl\/?s={search_term_string}"},"query-input":{"@type":"PropertyValueSpecification","valueRequired":true,"valueName":"search_term_string"}}],"inLanguage":"de"},{"@type":"Organization","@id":"https:\/\/demistrecords.nl\/#organization","name":"De Mist Records","url":"https:\/\/demistrecords.nl\/","logo":{"@type":"ImageObject","inLanguage":"de","@id":"https:\/\/demistrecords.nl\/#\/schema\/logo\/image\/","url":"https:\/\/demistrecords.nl\/wp-content\/uploads\/2020\/12\/logo-de-mist-records-rond.png","contentUrl":"https:\/\/demistrecords.nl\/wp-content\/uploads\/2020\/12\/logo-de-mist-records-rond.png","width":500,"height":500,"caption":"De Mist Records"},"image":{"@id":"https:\/\/demistrecords.nl\/#\/schema\/logo\/image\/"},"sameAs":["https:\/\/www.facebook.com\/demistrecordsnl","https:\/\/x.com\/deathroo1","https:\/\/www.instagram.com\/demist_records\/"]}]}},"_links":{"self":[{"href":"https:\/\/demistrecords.nl\/de\/wp-json\/wp\/v2\/product\/294","targetHints":{"allow":["GET"]}}],"collection":[{"href":"https:\/\/demistrecords.nl\/de\/wp-json\/wp\/v2\/product"}],"about":[{"href":"https:\/\/demistrecords.nl\/de\/wp-json\/wp\/v2\/types\/product"}],"replies":[{"embeddable":true,"href":"https:\/\/demistrecords.nl\/de\/wp-json\/wp\/v2\/comments?post=294"}],"wp:featuredmedia":[{"embeddable":true,"href":"https:\/\/demistrecords.nl\/de\/wp-json\/wp\/v2\/media\/295"}],"wp:attachment":[{"href":"https:\/\/demistrecords.nl\/de\/wp-json\/wp\/v2\/media?parent=294"}],"wp:term":[{"taxonomy":"product_brand","embeddable":true,"href":"https:\/\/demistrecords.nl\/de\/wp-json\/wp\/v2\/product_brand?post=294"},{"taxonomy":"product_cat","embeddable":true,"href":"https:\/\/demistrecords.nl\/de\/wp-json\/wp\/v2\/product_cat?post=294"},{"taxonomy":"product_tag","embeddable":true,"href":"https:\/\/demistrecords.nl\/de\/wp-json\/wp\/v2\/product_tag?post=294"}],"curies":[{"name":"wp","href":"https:\/\/api.w.org\/{rel}","templated":true}]}}